{"id":14631,"date":"2024-09-24T09:01:12","date_gmt":"2024-09-24T09:01:12","guid":{"rendered":"https:\/\/www.elementvape.de\/?post_type=product&#038;p=14631"},"modified":"2024-10-09T07:16:31","modified_gmt":"2024-10-09T07:16:31","slug":"geniessen-sie-die-unwiderstehliche-mischung-aus-verschiedenen-beeren-mit-der-bang-blaze-20000-puffs-mixed-berries-einweg-e-zigarette","status":"publish","type":"product","link":"https:\/\/www.elementvape.de\/lt\/produkt\/geniessen-sie-die-unwiderstehliche-mischung-aus-verschiedenen-beeren-mit-der-bang-blaze-20000-puffs-mixed-berries-einweg-e-zigarette\/","title":{"rendered":"M\u0117gaukit\u0117s neatsparia vaisi\u0173 mi\u0161inio skoniu su BANG BLAZE 20000 PUFFS MI\u0160RI VAINIK\u0116LIAI vienkartine elektronine cigarete"},"content":{"rendered":"<p>Pasinerkite \u012f viliojant\u012f me\u0161k\u0173 pasaul\u012f su BANG BLAZE 20000 PUFFS MIXED BERRIES <strong><a href=\"https:\/\/www.elementvape.de\/lt\/c\/einweg-zigarette\/\" target=\"_blank\" rel=\"noopener\">Vienkartin\u0117 elektronin\u0117 cigaret\u0117<\/a><\/strong>\u00a0\u0160i i\u0161skirtin\u0117 elektronin\u0117 cigaret\u0117 si\u016blo jums nenugalim\u0105 \u012fvairi\u0173 uog\u0173 mi\u0161in\u012f, kuris kiekvien\u0105 \u012fkv\u0117pim\u0105 paver\u010dia vaisi\u0173 patirtimi. Idealiai tinka garintojams, m\u0117gstantiems uog\u0173 saldum\u0105 ir gaivum\u0105, \u0161is produktas puikiai tinka kasdieniam m\u0117gavimuisi.<\/p>\n<h3>Produkto apra\u0161ymas<\/h3>\n<p>BANG BLAZE 20000 PUFFS MIXED BERRIES yra ne tik paprasta vienkartin\u0117 elektronin\u0117 cigaret\u0117; tai \u0161vent\u0117 poj\u016b\u010diams. \u0160tai i\u0161skirtin\u0117s savyb\u0117s, kurios \u0161\u012f produkt\u0105 daro ypatingu:<\/p>\n<p>Su 20 000 \u012fkv\u0117pim\u0173 BANG BLAZE si\u016blo nepaprast\u0105 ilgaam\u017ei\u0161kum\u0105, tod\u0117l jums nereik\u0117s jaudintis d\u0117l da\u017eno papildymo ar keitimo.<\/p>\n<h4>\u012evair\u016bs uog\u0173 akcentai<\/h4>\n<p>MIXED BERRIES skonis sujungia harmoning\u0105 \u012fvairi\u0173 uog\u0173 mi\u0161in\u012f \u2013 nuo sulting\u0173 bra\u0161ki\u0173 iki sald\u017ei\u0173 avie\u010di\u0173 ir \u0161vie\u017ei\u0173 m\u0117lyni\u0173. Kiekvienas \u012fkv\u0117pimas atskleid\u017eia sald\u017eias ir \u0161iek tiek r\u016bg\u0161\u010dias \u0161i\u0173 skani\u0173 vaisi\u0173 natas ir si\u016blo neprilygstam\u0105 skon\u012f.<\/p>\n<h4>Gaivinantis v\u0117sumas<\/h4>\n<p>BANG BLAZE MIXED BERRIES yra sukurtas taip, kad suteikt\u0173 gaivinant\u012f garinimo potyr\u012f. V\u0117sios natos u\u017etikrina, kad kiekvienas \u012fkv\u0117pimas b\u016bt\u0173 malonus ir gaivinantis, idealiai tinka tiems, kurie ie\u0161ko gaivinan\u010dios garinimo patirties.<\/p>\n<p>BANG BLAZE yra su 1000 mAh \u012fkraunama baterija, kuri u\u017etikrina patikim\u0105 veikim\u0105. Type-C \u012fkrovimo jungtis leid\u017eia greitai ir patogiai \u012fkrauti, tod\u0117l visada b\u016bsite pasiruo\u0161\u0119 garinti.<\/p>\n<p>Su 26 ml E-skys\u010dio talpa, turite pakankamai atsarg\u0173 daugeliui atsipalaidavimo garinimo akimirk\u0173. \u0160is dosnus kiekis suma\u017eina poreik\u012f nuolat papildyti.<\/p>\n<h4>\u012evairios nikotino stiprumo galimyb\u0117s<\/h4>\n<p>BANG BLAZE yra \u012fvairi\u0173 nikotino stiprum\u0173: 2%, ir 5%. Tai leid\u017eia jums pritaikyti savo garinimo patirt\u012f pagal savo pageidavimus ir kontroliuoti nikotino suvartojim\u0105.<\/p>\n<p>Dvigubo tinklelio rit\u0117 su 1,0\u03a9 u\u017etikrina tolyg\u0173 garavim\u0105 ir intensyv\u0173 skonio i\u0161ry\u0161kinim\u0105. \u0160i technologija garantuoja, kad aromatai b\u016bt\u0173 optimaliai i\u0161ry\u0161kinti.<\/p>\n<p>Sveriantis tik 85 g, BANG BLAZE yra lengvas ir ne\u0161iojamas. D\u0117l aptakaus dizaino jis idealiai tinka kasdieniam naudojimui ir j\u012f lengva ne\u0161iotis ki\u0161en\u0117je ar kuprin\u0117je.<\/p>\n<p>Integruotas ekranas informuoja apie baterijos b\u016bkl\u0119 ir likusius \u012fkv\u0117pimus. Taip visada \u017einosite, kada reikia \u012fkrauti elektronin\u0119 cigaret\u0119 arba \u012fsigyti nauj\u0105.<\/p>\n<p>BANG BLAZE 20000 PUFFS MIXED BERRIES skonio patirtis yra tikras malonumas. \u012evairi\u0173 uog\u0173 derinys sukuria harmoning\u0105 ir subalansuot\u0105 skon\u012f, kuris kiekvien\u0105 \u012fkv\u0117pim\u0105 paver\u010dia malonumu. Vaisi\u0173 natos yra intensyvios, o v\u0117sus gaivumas puikiai u\u017ebaigia patirt\u012f.<\/p>\n<h3>BANG BLAZE privalumai<\/h3>\n<p>BANG BLAZE yra paruo\u0161tas naudoti i\u0161 karto ir nereikalauja sud\u0117tingo nustatymo. Tiesiog \u012fkv\u0117pkite ir m\u0117gaukit\u0117s \u2013 idealiai tinka tiems, kurie ie\u0161ko paprastos garinimo patirties. D\u0117l \u012fkraunamos baterijos ir didelio \u012fkv\u0117pim\u0173 skai\u010diaus BANG BLAZE yra ekologi\u0161kas pasirinkimas, palyginti su tradiciniais vienkartiniais produktais. D\u0117l \u012fvairi\u0173 nikotino stiprum\u0173 galite individualizuoti savo garinimo patirt\u012f ir pritaikyti j\u0105 pagal savo poreikius.<\/p>\n<h3>Tikslin\u0117 auditorija<\/h3>\n<p>BANG BLAZE 20000 PUFFS MIXED BERRIES yra skirtas:<\/p>\n<ul>\n<li>Vaisi\u0173 m\u0117g\u0117jams: idealiai tinka visiems, kurie ie\u0161ko vaisi\u0173 ir gaivinan\u010di\u0173 garinimo potyri\u0173.<\/li>\n<li>Vape entuziastams: Inovatyvi technologija ir skan\u016bs aromatai pritraukia patyrusius garintojus.<\/li>\n<li>Sveikatos s\u0105moningiems vartotojams: Pasirinkimas tarp skirting\u0173 nikotino stiprum\u0173 leid\u017eia geriau kontroliuoti nikotino suvartojim\u0105.<\/li>\n<\/ul>\n<h3>Rinkodaros strategija<\/h3>\n<p>Norint s\u0117kmingai parduoti BANG BLAZE 20000 PUFFS MIXED BERRIES, reik\u0117t\u0173 naudoti \u0161iuos kanalus:<\/p>\n<p>Socialin\u0117 \u017einiasklaida: k\u016brybingas turinys tokiose platformose kaip Instagram ir TikTok, pabr\u0117\u017eiantis skon\u012f ir patogum\u0105 naudoti. \u012etaking\u0173j\u0173 rinkodara: bendradarbiavimas su \u012ftakingais asmenimis <strong><a href=\"https:\/\/www.elementvape.de\/lt\/\" target=\"_blank\" rel=\"noopener\">garintojams, <\/a><\/strong>bendruomen\u0117je, siekiant autenti\u0161k\u0173 atsiliepim\u0173 ir auditorijos didinimo. Internetin\u0117 reklama: tikslin\u0117s reklamos kampanijos atitinkamose svetain\u0117se ir program\u0117l\u0117se, kurias naudoja tikslin\u0117 auditorija.<\/p>\n<p>BANG BLAZE 20000 PUFFS MIXED BERRIES vienkartin\u0117 elektronin\u0117 cigaret\u0117 si\u016blo neprilygstam\u0105 garinimo patirt\u012f su skaniu \u012fvairi\u0173 uog\u0173 mi\u0161iniu. Su savo \u012fsp\u016bdingu veikimu, patogiu naudojimu ir intensyviais aromatais, tai yra idealus pasirinkimas visiems, kurie nori m\u0117gautis garinimu pilnai. I\u0161bandykite BANG BLAZE ir leiskite sau b\u016bti su\u017eav\u0117ti \u0161ios vaisi\u0173 sensacijos!<\/p>","protected":false},"excerpt":{"rendered":"<p>Tauchen Sie ein in die verlockende Welt der B\u00e4ren mit der BANG BLAZE 20000 PUFFS MIXED BERRIES Einweg-E-Zigarette\u00a0Diese exquisite E-Zigarette bietet Ihnen die unwiderstehliche Mischung aus verschiedenen Beeren, die jeden Zug zu einem fruchtigen Erlebnis macht. Ideal f\u00fcr Dampfer, die die S\u00fc\u00dfe und Frische von Beeren lieben, ist dieses Produkt perfekt f\u00fcr den t\u00e4glichen Genuss. [&hellip;]<\/p>","protected":false},"featured_media":14616,"template":"","meta":{"inline_featured_image":false},"product_cat":[15,762,739,743,744,755,738,751],"product_tag":[710,725],"tiered_pricing_type":"fixed","tiered_pricing_fixed_rules":{"60":"6.83","110":"6.07","200":"5.31"},"tiered_pricing_percentage_rules":[],"tiered_pricing_minimum":1,"_administrator_tiered_pricing_type":"fixed","_administrator_tiered_pricing_fixed_rules":[],"_editor_tiered_pricing_type":"fixed","_editor_tiered_pricing_fixed_rules":[],"_author_tiered_pricing_type":"fixed","_author_tiered_pricing_fixed_rules":[],"_contributor_tiered_pricing_type":"fixed","_contributor_tiered_pricing_fixed_rules":[],"_subscriber_tiered_pricing_type":"fixed","_subscriber_tiered_pricing_fixed_rules":[],"_customer_tiered_pricing_type":"fixed","_customer_tiered_pricing_fixed_rules":[],"_shop_manager_tiered_pricing_type":"fixed","_shop_manager_tiered_pricing_fixed_rules":[],"_wpseo_manager_tiered_pricing_type":"fixed","_wpseo_manager_tiered_pricing_fixed_rules":[],"_wpseo_editor_tiered_pricing_type":"fixed","_wpseo_editor_tiered_pricing_fixed_rules":[],"_wholesale_customer_tiered_pricing_type":"fixed","_wholesale_customer_tiered_pricing_fixed_rules":[],"_marketer_tiered_pricing_type":"fixed","_marketer_tiered_pricing_fixed_rules":[],"_sales_manager_tiered_pricing_type":"fixed","_sales_manager_tiered_pricing_fixed_rules":[],"_sales_rep_tiered_pricing_type":"fixed","_sales_rep_tiered_pricing_fixed_rules":[],"yoast_head":"<!-- This site is optimized with the Yoast SEO plugin v23.3 - https:\/\/yoast.com\/wordpress\/plugins\/seo\/ -->\n<title>Genie\u00dfen Sie die unwiderstehliche Mischung aus verschiedenen Beeren mit der BANG BLAZE 20000 PUFFS MIXED BERRIES Einweg-E-Zigarette | ElementVape.de<\/title>\n<meta name=\"description\" content=\"Wir bieten Genie\u00dfen Sie die unwiderstehliche Mischung aus verschiedenen Beeren mit der BANG BLAZE 20000 PUFFS MIXED BERRIES Einweg-E-Zigarette , Elementvape.de akzeptieren Gro\u00df-und Einzelhandel Bestellungen.\" \/>\n<meta name=\"robots\" content=\"index, follow, max-snippet:-1, max-image-preview:large, max-video-preview:-1\" \/>\n<link rel=\"canonical\" href=\"https:\/\/www.elementvape.de\/lt\/produkt\/geniessen-sie-die-unwiderstehliche-mischung-aus-verschiedenen-beeren-mit-der-bang-blaze-20000-puffs-mixed-berries-einweg-e-zigarette\/\" \/>\n<meta property=\"og:locale\" content=\"lt_LT\" \/>\n<meta property=\"og:type\" content=\"article\" \/>\n<meta property=\"og:title\" content=\"Genie\u00dfen Sie die unwiderstehliche Mischung aus verschiedenen Beeren mit der BANG BLAZE 20000 PUFFS MIXED BERRIES Einweg-E-Zigarette | ElementVape.de\" \/>\n<meta property=\"og:description\" content=\"Wir bieten Genie\u00dfen Sie die unwiderstehliche Mischung aus verschiedenen Beeren mit der BANG BLAZE 20000 PUFFS MIXED BERRIES Einweg-E-Zigarette , Elementvape.de akzeptieren Gro\u00df-und Einzelhandel Bestellungen.\" \/>\n<meta property=\"og:url\" content=\"https:\/\/www.elementvape.de\/lt\/produkt\/geniessen-sie-die-unwiderstehliche-mischung-aus-verschiedenen-beeren-mit-der-bang-blaze-20000-puffs-mixed-berries-einweg-e-zigarette\/\" \/>\n<meta property=\"og:site_name\" content=\"ElementVape.de\" \/>\n<meta property=\"article:modified_time\" content=\"2024-10-09T07:16:31+00:00\" \/>\n<meta property=\"og:image\" content=\"https:\/\/www.elementvape.de\/wp-content\/uploads\/2024\/09\/MIXED-BERRIES.png\" \/>\n\t<meta property=\"og:image:width\" content=\"2000\" \/>\n\t<meta property=\"og:image:height\" content=\"1343\" \/>\n\t<meta property=\"og:image:type\" content=\"image\/png\" \/>\n<meta name=\"twitter:card\" content=\"summary_large_image\" \/>\n<meta name=\"twitter:label1\" content=\"Est. reading time\" \/>\n\t<meta name=\"twitter:data1\" content=\"4 minut\u0117s\" \/>\n<script type=\"application\/ld+json\" class=\"yoast-schema-graph\">{\"@context\":\"https:\/\/schema.org\",\"@graph\":[{\"@type\":\"WebPage\",\"@id\":\"https:\/\/www.elementvape.de\/ro\/produkt\/geniessen-sie-die-unwiderstehliche-mischung-aus-verschiedenen-beeren-mit-der-bang-blaze-20000-puffs-mixed-berries-einweg-e-zigarette\/\",\"url\":\"https:\/\/www.elementvape.de\/ro\/produkt\/geniessen-sie-die-unwiderstehliche-mischung-aus-verschiedenen-beeren-mit-der-bang-blaze-20000-puffs-mixed-berries-einweg-e-zigarette\/\",\"name\":\"Genie\u00dfen Sie die unwiderstehliche Mischung aus verschiedenen Beeren mit der BANG BLAZE 20000 PUFFS MIXED BERRIES Einweg-E-Zigarette | ElementVape.de\",\"isPartOf\":{\"@id\":\"https:\/\/www.elementvape.de\/#website\"},\"primaryImageOfPage\":{\"@id\":\"https:\/\/www.elementvape.de\/ro\/produkt\/geniessen-sie-die-unwiderstehliche-mischung-aus-verschiedenen-beeren-mit-der-bang-blaze-20000-puffs-mixed-berries-einweg-e-zigarette\/#primaryimage\"},\"image\":{\"@id\":\"https:\/\/www.elementvape.de\/ro\/produkt\/geniessen-sie-die-unwiderstehliche-mischung-aus-verschiedenen-beeren-mit-der-bang-blaze-20000-puffs-mixed-berries-einweg-e-zigarette\/#primaryimage\"},\"thumbnailUrl\":\"https:\/\/www.elementvape.de\/wp-content\/uploads\/2024\/09\/MIXED-BERRIES.png\",\"datePublished\":\"2024-09-24T09:01:12+00:00\",\"dateModified\":\"2024-10-09T07:16:31+00:00\",\"description\":\"Wir bieten Genie\u00dfen Sie die unwiderstehliche Mischung aus verschiedenen Beeren mit der BANG BLAZE 20000 PUFFS MIXED BERRIES Einweg-E-Zigarette , Elementvape.de akzeptieren Gro\u00df-und Einzelhandel Bestellungen.\",\"breadcrumb\":{\"@id\":\"https:\/\/www.elementvape.de\/ro\/produkt\/geniessen-sie-die-unwiderstehliche-mischung-aus-verschiedenen-beeren-mit-der-bang-blaze-20000-puffs-mixed-berries-einweg-e-zigarette\/#breadcrumb\"},\"inLanguage\":\"lt-LT\",\"potentialAction\":[{\"@type\":\"ReadAction\",\"target\":[\"https:\/\/www.elementvape.de\/ro\/produkt\/geniessen-sie-die-unwiderstehliche-mischung-aus-verschiedenen-beeren-mit-der-bang-blaze-20000-puffs-mixed-berries-einweg-e-zigarette\/\"]}]},{\"@type\":\"ImageObject\",\"inLanguage\":\"lt-LT\",\"@id\":\"https:\/\/www.elementvape.de\/ro\/produkt\/geniessen-sie-die-unwiderstehliche-mischung-aus-verschiedenen-beeren-mit-der-bang-blaze-20000-puffs-mixed-berries-einweg-e-zigarette\/#primaryimage\",\"url\":\"https:\/\/www.elementvape.de\/wp-content\/uploads\/2024\/09\/MIXED-BERRIES.png\",\"contentUrl\":\"https:\/\/www.elementvape.de\/wp-content\/uploads\/2024\/09\/MIXED-BERRIES.png\",\"width\":2000,\"height\":1343,\"caption\":\"MIXED BERRIES\"},{\"@type\":\"BreadcrumbList\",\"@id\":\"https:\/\/www.elementvape.de\/ro\/produkt\/geniessen-sie-die-unwiderstehliche-mischung-aus-verschiedenen-beeren-mit-der-bang-blaze-20000-puffs-mixed-berries-einweg-e-zigarette\/#breadcrumb\",\"itemListElement\":[{\"@type\":\"ListItem\",\"position\":1,\"name\":\"Home\",\"item\":\"https:\/\/www.elementvape.de\/\"},{\"@type\":\"ListItem\",\"position\":2,\"name\":\"Shop\",\"item\":\"https:\/\/www.elementvape.de\/shop\/\"},{\"@type\":\"ListItem\",\"position\":3,\"name\":\"Genie\u00dfen Sie die unwiderstehliche Mischung aus verschiedenen Beeren mit der BANG BLAZE 20000 PUFFS MIXED BERRIES Einweg-E-Zigarette\"}]},{\"@type\":\"WebSite\",\"@id\":\"https:\/\/www.elementvape.de\/#website\",\"url\":\"https:\/\/www.elementvape.de\/\",\"name\":\"ElementVape.de\",\"description\":\"\",\"publisher\":{\"@id\":\"https:\/\/www.elementvape.de\/#organization\"},\"potentialAction\":[{\"@type\":\"SearchAction\",\"target\":{\"@type\":\"EntryPoint\",\"urlTemplate\":\"https:\/\/www.elementvape.de\/?s={search_term_string}\"},\"query-input\":\"required name=search_term_string\"}],\"inLanguage\":\"lt-LT\"},{\"@type\":\"Organization\",\"@id\":\"https:\/\/www.elementvape.de\/#organization\",\"name\":\"ElementVape.DE\",\"url\":\"https:\/\/www.elementvape.de\/\",\"logo\":{\"@type\":\"ImageObject\",\"inLanguage\":\"lt-LT\",\"@id\":\"https:\/\/www.elementvape.de\/#\/schema\/logo\/image\/\",\"url\":\"https:\/\/www.elementvape.de\/wp-content\/uploads\/2024\/09\/cropped-1elementvape-3.png\",\"contentUrl\":\"https:\/\/www.elementvape.de\/wp-content\/uploads\/2024\/09\/cropped-1elementvape-3.png\",\"width\":285,\"height\":228,\"caption\":\"ElementVape.DE\"},\"image\":{\"@id\":\"https:\/\/www.elementvape.de\/#\/schema\/logo\/image\/\"}}]}<\/script>\n<!-- \/ Yoast SEO plugin. -->","yoast_head_json":{"title":"Genie\u00dfen Sie die unwiderstehliche Mischung aus verschiedenen Beeren mit der BANG BLAZE 20000 PUFFS MIXED BERRIES Einweg-E-Zigarette | ElementVape.de","description":"Wir bieten Genie\u00dfen Sie die unwiderstehliche Mischung aus verschiedenen Beeren mit der BANG BLAZE 20000 PUFFS MIXED BERRIES Einweg-E-Zigarette , Elementvape.de akzeptieren Gro\u00df-und Einzelhandel Bestellungen.","robots":{"index":"index","follow":"follow","max-snippet":"max-snippet:-1","max-image-preview":"max-image-preview:large","max-video-preview":"max-video-preview:-1"},"canonical":"https:\/\/www.elementvape.de\/lt\/produkt\/geniessen-sie-die-unwiderstehliche-mischung-aus-verschiedenen-beeren-mit-der-bang-blaze-20000-puffs-mixed-berries-einweg-e-zigarette\/","og_locale":"lt_LT","og_type":"article","og_title":"Genie\u00dfen Sie die unwiderstehliche Mischung aus verschiedenen Beeren mit der BANG BLAZE 20000 PUFFS MIXED BERRIES Einweg-E-Zigarette | ElementVape.de","og_description":"Wir bieten Genie\u00dfen Sie die unwiderstehliche Mischung aus verschiedenen Beeren mit der BANG BLAZE 20000 PUFFS MIXED BERRIES Einweg-E-Zigarette , Elementvape.de akzeptieren Gro\u00df-und Einzelhandel Bestellungen.","og_url":"https:\/\/www.elementvape.de\/lt\/produkt\/geniessen-sie-die-unwiderstehliche-mischung-aus-verschiedenen-beeren-mit-der-bang-blaze-20000-puffs-mixed-berries-einweg-e-zigarette\/","og_site_name":"ElementVape.de","article_modified_time":"2024-10-09T07:16:31+00:00","og_image":[{"width":2000,"height":1343,"url":"https:\/\/www.elementvape.de\/wp-content\/uploads\/2024\/09\/MIXED-BERRIES.png","type":"image\/png"}],"twitter_card":"summary_large_image","twitter_misc":{"Est. reading time":"4 minut\u0117s"},"schema":{"@context":"https:\/\/schema.org","@graph":[{"@type":"WebPage","@id":"https:\/\/www.elementvape.de\/ro\/produkt\/geniessen-sie-die-unwiderstehliche-mischung-aus-verschiedenen-beeren-mit-der-bang-blaze-20000-puffs-mixed-berries-einweg-e-zigarette\/","url":"https:\/\/www.elementvape.de\/ro\/produkt\/geniessen-sie-die-unwiderstehliche-mischung-aus-verschiedenen-beeren-mit-der-bang-blaze-20000-puffs-mixed-berries-einweg-e-zigarette\/","name":"Genie\u00dfen Sie die unwiderstehliche Mischung aus verschiedenen Beeren mit der BANG BLAZE 20000 PUFFS MIXED BERRIES Einweg-E-Zigarette | ElementVape.de","isPartOf":{"@id":"https:\/\/www.elementvape.de\/#website"},"primaryImageOfPage":{"@id":"https:\/\/www.elementvape.de\/ro\/produkt\/geniessen-sie-die-unwiderstehliche-mischung-aus-verschiedenen-beeren-mit-der-bang-blaze-20000-puffs-mixed-berries-einweg-e-zigarette\/#primaryimage"},"image":{"@id":"https:\/\/www.elementvape.de\/ro\/produkt\/geniessen-sie-die-unwiderstehliche-mischung-aus-verschiedenen-beeren-mit-der-bang-blaze-20000-puffs-mixed-berries-einweg-e-zigarette\/#primaryimage"},"thumbnailUrl":"https:\/\/www.elementvape.de\/wp-content\/uploads\/2024\/09\/MIXED-BERRIES.png","datePublished":"2024-09-24T09:01:12+00:00","dateModified":"2024-10-09T07:16:31+00:00","description":"Wir bieten Genie\u00dfen Sie die unwiderstehliche Mischung aus verschiedenen Beeren mit der BANG BLAZE 20000 PUFFS MIXED BERRIES Einweg-E-Zigarette , Elementvape.de akzeptieren Gro\u00df-und Einzelhandel Bestellungen.","breadcrumb":{"@id":"https:\/\/www.elementvape.de\/ro\/produkt\/geniessen-sie-die-unwiderstehliche-mischung-aus-verschiedenen-beeren-mit-der-bang-blaze-20000-puffs-mixed-berries-einweg-e-zigarette\/#breadcrumb"},"inLanguage":"lt-LT","potentialAction":[{"@type":"ReadAction","target":["https:\/\/www.elementvape.de\/ro\/produkt\/geniessen-sie-die-unwiderstehliche-mischung-aus-verschiedenen-beeren-mit-der-bang-blaze-20000-puffs-mixed-berries-einweg-e-zigarette\/"]}]},{"@type":"ImageObject","inLanguage":"lt-LT","@id":"https:\/\/www.elementvape.de\/ro\/produkt\/geniessen-sie-die-unwiderstehliche-mischung-aus-verschiedenen-beeren-mit-der-bang-blaze-20000-puffs-mixed-berries-einweg-e-zigarette\/#primaryimage","url":"https:\/\/www.elementvape.de\/wp-content\/uploads\/2024\/09\/MIXED-BERRIES.png","contentUrl":"https:\/\/www.elementvape.de\/wp-content\/uploads\/2024\/09\/MIXED-BERRIES.png","width":2000,"height":1343,"caption":"MIXED BERRIES"},{"@type":"BreadcrumbList","@id":"https:\/\/www.elementvape.de\/ro\/produkt\/geniessen-sie-die-unwiderstehliche-mischung-aus-verschiedenen-beeren-mit-der-bang-blaze-20000-puffs-mixed-berries-einweg-e-zigarette\/#breadcrumb","itemListElement":[{"@type":"ListItem","position":1,"name":"Home","item":"https:\/\/www.elementvape.de\/"},{"@type":"ListItem","position":2,"name":"Shop","item":"https:\/\/www.elementvape.de\/shop\/"},{"@type":"ListItem","position":3,"name":"Genie\u00dfen Sie die unwiderstehliche Mischung aus verschiedenen Beeren mit der BANG BLAZE 20000 PUFFS MIXED BERRIES Einweg-E-Zigarette"}]},{"@type":"WebSite","@id":"https:\/\/www.elementvape.de\/#website","url":"https:\/\/www.elementvape.de\/","name":"ElementVape.de","description":"","publisher":{"@id":"https:\/\/www.elementvape.de\/#organization"},"potentialAction":[{"@type":"SearchAction","target":{"@type":"EntryPoint","urlTemplate":"https:\/\/www.elementvape.de\/?s={search_term_string}"},"query-input":"required name=search_term_string"}],"inLanguage":"lt-LT"},{"@type":"Organization","@id":"https:\/\/www.elementvape.de\/#organization","name":"ElementVape.DE","url":"https:\/\/www.elementvape.de\/","logo":{"@type":"ImageObject","inLanguage":"lt-LT","@id":"https:\/\/www.elementvape.de\/#\/schema\/logo\/image\/","url":"https:\/\/www.elementvape.de\/wp-content\/uploads\/2024\/09\/cropped-1elementvape-3.png","contentUrl":"https:\/\/www.elementvape.de\/wp-content\/uploads\/2024\/09\/cropped-1elementvape-3.png","width":285,"height":228,"caption":"ElementVape.DE"},"image":{"@id":"https:\/\/www.elementvape.de\/#\/schema\/logo\/image\/"}}]}},"_links":{"self":[{"href":"https:\/\/www.elementvape.de\/lt\/wp-json\/wp\/v2\/product\/14631"}],"collection":[{"href":"https:\/\/www.elementvape.de\/lt\/wp-json\/wp\/v2\/product"}],"about":[{"href":"https:\/\/www.elementvape.de\/lt\/wp-json\/wp\/v2\/types\/product"}],"wp:featuredmedia":[{"embeddable":true,"href":"https:\/\/www.elementvape.de\/lt\/wp-json\/wp\/v2\/media\/14616"}],"wp:attachment":[{"href":"https:\/\/www.elementvape.de\/lt\/wp-json\/wp\/v2\/media?parent=14631"}],"wp:term":[{"taxonomy":"product_cat","embeddable":true,"href":"https:\/\/www.elementvape.de\/lt\/wp-json\/wp\/v2\/product_cat?post=14631"},{"taxonomy":"product_tag","embeddable":true,"href":"https:\/\/www.elementvape.de\/lt\/wp-json\/wp\/v2\/product_tag?post=14631"}],"curies":[{"name":"wp","href":"https:\/\/api.w.org\/{rel}","templated":true}]}}