{"id":14625,"date":"2024-09-24T08:38:21","date_gmt":"2024-09-24T08:38:21","guid":{"rendered":"https:\/\/www.elementvape.de\/?post_type=product&#038;p=14625"},"modified":"2024-10-09T07:20:41","modified_gmt":"2024-10-09T07:20:41","slug":"geniessen-sie-die-fruchtige-kuehle-der-bang-blaze-20000-puffs-strawberry-ice-einweg-e-zigarette-mit-20000-zuegen-purer-erdbeersensation","status":"publish","type":"product","link":"https:\/\/www.elementvape.de\/lt\/produkt\/geniessen-sie-die-fruchtige-kuehle-der-bang-blaze-20000-puffs-strawberry-ice-einweg-e-zigarette-mit-20000-zuegen-purer-erdbeersensation\/","title":{"rendered":"M\u0117gaukit\u0117s vaisiniu \u0161altumu su BANG BLAZE 20000 PUFFS STRAWBERRY ICE vienkartine elektronine cigarete su 20000 \u012fkv\u0117pim\u0173 grynos bra\u0161ki\u0173 poj\u016b\u010dio"},"content":{"rendered":"<p>M\u0117gaukit\u0117s vaisiniu gaivumu su vienkartine elektronine cigarete BANG BLAZE 20000 PUFFS STRAWBERRY ICE, kuri jums si\u016blo <strong><a href=\"https:\/\/www.elementvape.de\/lt\/p-tag\/groesser-oder-gleich-20000-zuege\/\" target=\"_blank\" rel=\"noopener\">20000 \u012fkv\u0117pim\u0173<\/a><\/strong> piln\u0105 grynos bra\u0161ki\u0173 sensacijos. \u0160i elektronin\u0117 cigaret\u0117 sujungia gaivinant\u012f v\u0117sum\u0105 su sald\u017eiu sulting\u0173 bra\u0161ki\u0173 skoniu ir u\u017etikrina nepakartojam\u0105 garinimo patirt\u012f, kuri su\u017eav\u0117s tiek naujokus, tiek patyrusius garintojus.<\/p>\n<p>BANG BLAZE 20000 PUFFS STRAWBERRY ICE yra ne tik malonumas poj\u016b\u010diams, bet ir \u0161iuolaikin\u0117s garinimo technologijos \u0161edevras. \u0160tai i\u0161skirtin\u0117s savyb\u0117s:<\/p>\n<h4>1. Auk\u0161tas \u012fkv\u0117pim\u0173 skai\u010dius<\/h4>\n<p>Su 20 000 \u012ftraukim\u0173, BANG BLAZE si\u016blo i\u0161skirtin\u012f tarnavimo laik\u0105, leid\u017eiant\u012f m\u0117gautis gard\u017eiais aromatais ilg\u0105 laik\u0105, be nuolatinio \u012fkrovimo ar papildymo.<\/p>\n<h4>2. Gaivinantis bra\u0161ki\u0173 skonis<\/h4>\n<p>\u0160vie\u017ei\u0173 bra\u0161ki\u0173 skonis, derinamas su gaivinan\u010dia ledine nata, sukuria gaivinant\u012f garinimo potyr\u012f, kuris yra ir saldus, ir v\u0117sinantis. Kiekvienas \u012ftraukimas atgaivina aromatus ir u\u017etikrina intensyv\u0173 skonio potyr\u012f.<\/p>\n<h4>3. \u012ekraunama baterija<\/h4>\n<p>\u012erengtas 1000 mAh \u012fkraunamas akumuliatorius, BANG BLAZE si\u016blo patikim\u0105 veikim\u0105. Type-C \u012fkrovimo jungtis u\u017etikrina greit\u0105 ir paprast\u0105 \u012fkrovim\u0105, tod\u0117l ma\u017eiau laiko praleisite laukdami ir daugiau laiko garindami.<\/p>\n<h4>4. Didel\u0117 elektroninio skys\u010dio talpa<\/h4>\n<p>Su 26 ml talpa galite m\u0117gautis didesniu kiekiu e-skys\u010dio, o tai rei\u0161kia, kad ma\u017eiau laiko praleisite pildydami. \u0160i funkcija ypa\u010d naudinga tiems, kurie daug garina.<\/p>\n<h4>5. Universalus N kiekis<\/h4>\n<p>BANG BLAZE yra \u012fvairaus N kiekio: 2% ir 5%. \u0160is lankstumas leid\u017eia jums pritaikyti savo garinimo patirt\u012f pagal savo pageidavimus.<\/p>\n<h4>6. Dvigubo tinklelio rit\u0117<\/h4>\n<p>Inovatyvi Dual Mesh Coil su 1,0\u03a9 u\u017etikrina tolyg\u0173 garinim\u0105 ir intensyv\u0173 skonio potyr\u012f. \u0160i technologija u\u017etikrina, kad sald\u017eios bra\u0161ki\u0173 natos puikiai atsiskleist\u0173.<\/p>\n<h4>7. Patogus dizainas<\/h4>\n<p>Svoris tik 85 g, BANG BLAZE yra lengva ir ne\u0161iojama. Jos plonas dizainas daro j\u0105 idealia kasdieniam naudojimui ir leid\u017eia patogiai j\u0105 ne\u0161iotis.<\/p>\n<h4>8. Ekrano rodymas<\/h4>\n<p>Integruotas ekrano indikatorius informuoja jus apie akumuliatoriaus b\u016bsen\u0105 ir likusius \u012ftraukimus. Taigi visada \u017einote, kada laikas \u012fkrauti arba \u012fsigyti nauj\u0105 <strong><a href=\"https:\/\/www.elementvape.de\/lt\/\" target=\"_blank\" rel=\"noopener\">Elektronin\u0117 cigaret\u0117<\/a><\/strong> \u012frengin\u012f.<\/p>\n<h3>Skoni\u0173 patirtis<\/h3>\n<p>BANG BLAZE 20000 PUFFS STRAWBERRY ICE skonio potyris yra malonumas visiems poj\u016b\u010diams. Saldus, sultingas bra\u0161ki\u0173 skonis, derinamas su v\u0117siu gaivumu, si\u016blo puik\u0173 balans\u0105 ir u\u017etikrina gaivinant\u012f garinimo potyr\u012f, kuris idealiai tinka bet kokiai progai.<\/p>\n<h3>BANG BLAZE privalumai<\/h3>\n<p>BANG BLAZE yra paruo\u0161tas naudoti i\u0161 karto ir nereikalauja jokio sud\u0117tingo nustatymo. Tiesiog \u012ftraukite ir m\u0117gaukit\u0117s \u2013 puikiai tinka visiems, kurie ie\u0161ko paprastos ir skanios garinimo patirties.<\/p>\n<p>Su \u012fkraunamu akumuliatoriumi ir dideliu \u012ftraukim\u0173 skai\u010diumi, BANG BLAZE yra ekologi\u0161kesnis pasirinkimas, palyginti su tradiciniais vienkartiniais produktais.<\/p>\n<p>D\u0117ka \u012fvairi\u0173 nikotino stiprum\u0173, galite individualiai pritaikyti savo garinimo patirt\u012f ir j\u0105 pritaikyti pagal savo poreikius.<\/p>\n<p>BANG BLAZE 20000 PUFFS STRAWBERRY ICE yra skirtas:<\/p>\n<ul>\n<li>Atsitiktiniams garintojams: idealiai tinka visiems, kurie ie\u0161ko gaivinan\u010dio ir vaisinio garinimo potyrio.<\/li>\n<li>Vape entuziastams: inovatyvi technologija ir gardus skonis patraukia patyrusius garintojus.<\/li>\n<li>Sveikatos s\u0105moningiems vartotojams: Pasirinkimas tarp skirting\u0173 nikotino stiprum\u0173 leid\u017eia geriau kontroliuoti nikotino suvartojim\u0105.<\/li>\n<\/ul>\n<p>Norint s\u0117kmingai parduoti BANG BLAZE 20000 PUFFS STRAWBERRY ICE, reik\u0117t\u0173 naudoti \u0161iuos kanalus:<\/p>\n<ul>\n<li>Socialin\u0117s medijos: K\u016brybiniai turiniai platformose kaip Instagram ir TikTok, kurie i\u0161ry\u0161kina skonio patirt\u012f ir naudotojo draugi\u0161kum\u0105.<\/li>\n<li>Influenceri\u0173 rinkodara: Bendradarbiavimas su \u012ftakotojais garinimo bendruomen\u0117je siekiant autenti\u0161k\u0173 \u012fvertinim\u0173 ir pasiekiamumo didinimo.<\/li>\n<li>Interneto reklama: Tikslios reklamos kampanijos aktualiuose tinklalapiuose ir program\u0117l\u0117se, kurias naudoja tikslin\u0117 auditorija.<\/li>\n<\/ul>","protected":false},"excerpt":{"rendered":"<p>Genie\u00dfen Sie die fruchtige K\u00fchle der BANG BLAZE 20000 PUFFS STRAWBERRY ICE Einweg-E-Zigarette, die Ihnen 20000 Z\u00fcge voller purer Erdbeersensation bietet. Diese E-Zigarette vereint erfrischende K\u00fchle mit dem s\u00fc\u00dfen Geschmack saftiger Erdbeeren und sorgt f\u00fcr ein unvergleichliches Dampferlebnis, das sowohl Neueinsteiger als auch erfahrene Dampfer begeistern wird. Die BANG BLAZE 20000 PUFFS STRAWBERRY ICE ist [&hellip;]<\/p>","protected":false},"featured_media":14618,"template":"","meta":{"inline_featured_image":false},"product_cat":[15,762,739,743,744,755,738,751],"product_tag":[710,725],"tiered_pricing_type":"fixed","tiered_pricing_fixed_rules":{"60":"6.83","110":"6.07","200":"5.31"},"tiered_pricing_percentage_rules":[],"tiered_pricing_minimum":1,"_administrator_tiered_pricing_type":"fixed","_administrator_tiered_pricing_fixed_rules":[],"_editor_tiered_pricing_type":"fixed","_editor_tiered_pricing_fixed_rules":[],"_author_tiered_pricing_type":"fixed","_author_tiered_pricing_fixed_rules":[],"_contributor_tiered_pricing_type":"fixed","_contributor_tiered_pricing_fixed_rules":[],"_subscriber_tiered_pricing_type":"fixed","_subscriber_tiered_pricing_fixed_rules":[],"_customer_tiered_pricing_type":"fixed","_customer_tiered_pricing_fixed_rules":[],"_shop_manager_tiered_pricing_type":"fixed","_shop_manager_tiered_pricing_fixed_rules":[],"_wpseo_manager_tiered_pricing_type":"fixed","_wpseo_manager_tiered_pricing_fixed_rules":[],"_wpseo_editor_tiered_pricing_type":"fixed","_wpseo_editor_tiered_pricing_fixed_rules":[],"_wholesale_customer_tiered_pricing_type":"fixed","_wholesale_customer_tiered_pricing_fixed_rules":[],"_marketer_tiered_pricing_type":"fixed","_marketer_tiered_pricing_fixed_rules":[],"_sales_manager_tiered_pricing_type":"fixed","_sales_manager_tiered_pricing_fixed_rules":[],"_sales_rep_tiered_pricing_type":"fixed","_sales_rep_tiered_pricing_fixed_rules":[],"yoast_head":"<!-- This site is optimized with the Yoast SEO plugin v23.3 - https:\/\/yoast.com\/wordpress\/plugins\/seo\/ -->\n<title>Genie\u00dfen Sie die fruchtige K\u00fchle der BANG BLAZE 20000 PUFFS STRAWBERRY ICE Einweg-E-Zigarette mit 20000 Z\u00fcgen purer Erdbeersensation | ElementVape.de<\/title>\n<meta name=\"description\" content=\"Wir bieten Genie\u00dfen Sie die fruchtige K\u00fchle der BANG BLAZE 20000 PUFFS STRAWBERRY ICE Einweg-E-Zigarette mit 20000 Z\u00fcgen purer Erdbeersensation , Elementvape.de akzeptieren Gro\u00df-und Einzelhandel Bestellungen.\" \/>\n<meta name=\"robots\" content=\"index, follow, max-snippet:-1, max-image-preview:large, max-video-preview:-1\" \/>\n<link rel=\"canonical\" href=\"https:\/\/www.elementvape.de\/lt\/produkt\/geniessen-sie-die-fruchtige-kuehle-der-bang-blaze-20000-puffs-strawberry-ice-einweg-e-zigarette-mit-20000-zuegen-purer-erdbeersensation\/\" \/>\n<meta property=\"og:locale\" content=\"lt_LT\" \/>\n<meta property=\"og:type\" content=\"article\" \/>\n<meta property=\"og:title\" content=\"Genie\u00dfen Sie die fruchtige K\u00fchle der BANG BLAZE 20000 PUFFS STRAWBERRY ICE Einweg-E-Zigarette mit 20000 Z\u00fcgen purer Erdbeersensation | ElementVape.de\" \/>\n<meta property=\"og:description\" content=\"Wir bieten Genie\u00dfen Sie die fruchtige K\u00fchle der BANG BLAZE 20000 PUFFS STRAWBERRY ICE Einweg-E-Zigarette mit 20000 Z\u00fcgen purer Erdbeersensation , Elementvape.de akzeptieren Gro\u00df-und Einzelhandel Bestellungen.\" \/>\n<meta property=\"og:url\" content=\"https:\/\/www.elementvape.de\/lt\/produkt\/geniessen-sie-die-fruchtige-kuehle-der-bang-blaze-20000-puffs-strawberry-ice-einweg-e-zigarette-mit-20000-zuegen-purer-erdbeersensation\/\" \/>\n<meta property=\"og:site_name\" content=\"ElementVape.de\" \/>\n<meta property=\"article:modified_time\" content=\"2024-10-09T07:20:41+00:00\" \/>\n<meta property=\"og:image\" content=\"https:\/\/www.elementvape.de\/wp-content\/uploads\/2024\/09\/STRAWBERRY-ICE-3.jpg\" \/>\n\t<meta property=\"og:image:width\" content=\"2000\" \/>\n\t<meta property=\"og:image:height\" content=\"1343\" \/>\n\t<meta property=\"og:image:type\" content=\"image\/jpeg\" \/>\n<meta name=\"twitter:card\" content=\"summary_large_image\" \/>\n<meta name=\"twitter:label1\" content=\"Est. reading time\" \/>\n\t<meta name=\"twitter:data1\" content=\"4 minut\u0117s\" \/>\n<script type=\"application\/ld+json\" class=\"yoast-schema-graph\">{\"@context\":\"https:\/\/schema.org\",\"@graph\":[{\"@type\":\"WebPage\",\"@id\":\"https:\/\/www.elementvape.de\/da\/produkt\/geniessen-sie-die-fruchtige-kuehle-der-bang-blaze-20000-puffs-strawberry-ice-einweg-e-zigarette-mit-20000-zuegen-purer-erdbeersensation\/\",\"url\":\"https:\/\/www.elementvape.de\/da\/produkt\/geniessen-sie-die-fruchtige-kuehle-der-bang-blaze-20000-puffs-strawberry-ice-einweg-e-zigarette-mit-20000-zuegen-purer-erdbeersensation\/\",\"name\":\"Genie\u00dfen Sie die fruchtige K\u00fchle der BANG BLAZE 20000 PUFFS STRAWBERRY ICE Einweg-E-Zigarette mit 20000 Z\u00fcgen purer Erdbeersensation | ElementVape.de\",\"isPartOf\":{\"@id\":\"https:\/\/www.elementvape.de\/#website\"},\"primaryImageOfPage\":{\"@id\":\"https:\/\/www.elementvape.de\/da\/produkt\/geniessen-sie-die-fruchtige-kuehle-der-bang-blaze-20000-puffs-strawberry-ice-einweg-e-zigarette-mit-20000-zuegen-purer-erdbeersensation\/#primaryimage\"},\"image\":{\"@id\":\"https:\/\/www.elementvape.de\/da\/produkt\/geniessen-sie-die-fruchtige-kuehle-der-bang-blaze-20000-puffs-strawberry-ice-einweg-e-zigarette-mit-20000-zuegen-purer-erdbeersensation\/#primaryimage\"},\"thumbnailUrl\":\"https:\/\/www.elementvape.de\/wp-content\/uploads\/2024\/09\/STRAWBERRY-ICE-3.jpg\",\"datePublished\":\"2024-09-24T08:38:21+00:00\",\"dateModified\":\"2024-10-09T07:20:41+00:00\",\"description\":\"Wir bieten Genie\u00dfen Sie die fruchtige K\u00fchle der BANG BLAZE 20000 PUFFS STRAWBERRY ICE Einweg-E-Zigarette mit 20000 Z\u00fcgen purer Erdbeersensation , Elementvape.de akzeptieren Gro\u00df-und Einzelhandel Bestellungen.\",\"breadcrumb\":{\"@id\":\"https:\/\/www.elementvape.de\/da\/produkt\/geniessen-sie-die-fruchtige-kuehle-der-bang-blaze-20000-puffs-strawberry-ice-einweg-e-zigarette-mit-20000-zuegen-purer-erdbeersensation\/#breadcrumb\"},\"inLanguage\":\"lt-LT\",\"potentialAction\":[{\"@type\":\"ReadAction\",\"target\":[\"https:\/\/www.elementvape.de\/da\/produkt\/geniessen-sie-die-fruchtige-kuehle-der-bang-blaze-20000-puffs-strawberry-ice-einweg-e-zigarette-mit-20000-zuegen-purer-erdbeersensation\/\"]}]},{\"@type\":\"ImageObject\",\"inLanguage\":\"lt-LT\",\"@id\":\"https:\/\/www.elementvape.de\/da\/produkt\/geniessen-sie-die-fruchtige-kuehle-der-bang-blaze-20000-puffs-strawberry-ice-einweg-e-zigarette-mit-20000-zuegen-purer-erdbeersensation\/#primaryimage\",\"url\":\"https:\/\/www.elementvape.de\/wp-content\/uploads\/2024\/09\/STRAWBERRY-ICE-3.jpg\",\"contentUrl\":\"https:\/\/www.elementvape.de\/wp-content\/uploads\/2024\/09\/STRAWBERRY-ICE-3.jpg\",\"width\":2000,\"height\":1343,\"caption\":\"STRAWBERRY ICE\"},{\"@type\":\"BreadcrumbList\",\"@id\":\"https:\/\/www.elementvape.de\/da\/produkt\/geniessen-sie-die-fruchtige-kuehle-der-bang-blaze-20000-puffs-strawberry-ice-einweg-e-zigarette-mit-20000-zuegen-purer-erdbeersensation\/#breadcrumb\",\"itemListElement\":[{\"@type\":\"ListItem\",\"position\":1,\"name\":\"Home\",\"item\":\"https:\/\/www.elementvape.de\/\"},{\"@type\":\"ListItem\",\"position\":2,\"name\":\"Shop\",\"item\":\"https:\/\/www.elementvape.de\/shop\/\"},{\"@type\":\"ListItem\",\"position\":3,\"name\":\"Genie\u00dfen Sie die fruchtige K\u00fchle der BANG BLAZE 20000 PUFFS STRAWBERRY ICE Einweg-E-Zigarette mit 20000 Z\u00fcgen purer Erdbeersensation\"}]},{\"@type\":\"WebSite\",\"@id\":\"https:\/\/www.elementvape.de\/#website\",\"url\":\"https:\/\/www.elementvape.de\/\",\"name\":\"ElementVape.de\",\"description\":\"\",\"publisher\":{\"@id\":\"https:\/\/www.elementvape.de\/#organization\"},\"potentialAction\":[{\"@type\":\"SearchAction\",\"target\":{\"@type\":\"EntryPoint\",\"urlTemplate\":\"https:\/\/www.elementvape.de\/?s={search_term_string}\"},\"query-input\":\"required name=search_term_string\"}],\"inLanguage\":\"lt-LT\"},{\"@type\":\"Organization\",\"@id\":\"https:\/\/www.elementvape.de\/#organization\",\"name\":\"ElementVape.DE\",\"url\":\"https:\/\/www.elementvape.de\/\",\"logo\":{\"@type\":\"ImageObject\",\"inLanguage\":\"lt-LT\",\"@id\":\"https:\/\/www.elementvape.de\/#\/schema\/logo\/image\/\",\"url\":\"https:\/\/www.elementvape.de\/wp-content\/uploads\/2024\/09\/cropped-1elementvape-3.png\",\"contentUrl\":\"https:\/\/www.elementvape.de\/wp-content\/uploads\/2024\/09\/cropped-1elementvape-3.png\",\"width\":285,\"height\":228,\"caption\":\"ElementVape.DE\"},\"image\":{\"@id\":\"https:\/\/www.elementvape.de\/#\/schema\/logo\/image\/\"}}]}<\/script>\n<!-- \/ Yoast SEO plugin. -->","yoast_head_json":{"title":"Genie\u00dfen Sie die fruchtige K\u00fchle der BANG BLAZE 20000 PUFFS STRAWBERRY ICE Einweg-E-Zigarette mit 20000 Z\u00fcgen purer Erdbeersensation | ElementVape.de","description":"Wir bieten Genie\u00dfen Sie die fruchtige K\u00fchle der BANG BLAZE 20000 PUFFS STRAWBERRY ICE Einweg-E-Zigarette mit 20000 Z\u00fcgen purer Erdbeersensation , Elementvape.de akzeptieren Gro\u00df-und Einzelhandel Bestellungen.","robots":{"index":"index","follow":"follow","max-snippet":"max-snippet:-1","max-image-preview":"max-image-preview:large","max-video-preview":"max-video-preview:-1"},"canonical":"https:\/\/www.elementvape.de\/lt\/produkt\/geniessen-sie-die-fruchtige-kuehle-der-bang-blaze-20000-puffs-strawberry-ice-einweg-e-zigarette-mit-20000-zuegen-purer-erdbeersensation\/","og_locale":"lt_LT","og_type":"article","og_title":"Genie\u00dfen Sie die fruchtige K\u00fchle der BANG BLAZE 20000 PUFFS STRAWBERRY ICE Einweg-E-Zigarette mit 20000 Z\u00fcgen purer Erdbeersensation | ElementVape.de","og_description":"Wir bieten Genie\u00dfen Sie die fruchtige K\u00fchle der BANG BLAZE 20000 PUFFS STRAWBERRY ICE Einweg-E-Zigarette mit 20000 Z\u00fcgen purer Erdbeersensation , Elementvape.de akzeptieren Gro\u00df-und Einzelhandel Bestellungen.","og_url":"https:\/\/www.elementvape.de\/lt\/produkt\/geniessen-sie-die-fruchtige-kuehle-der-bang-blaze-20000-puffs-strawberry-ice-einweg-e-zigarette-mit-20000-zuegen-purer-erdbeersensation\/","og_site_name":"ElementVape.de","article_modified_time":"2024-10-09T07:20:41+00:00","og_image":[{"width":2000,"height":1343,"url":"https:\/\/www.elementvape.de\/wp-content\/uploads\/2024\/09\/STRAWBERRY-ICE-3.jpg","type":"image\/jpeg"}],"twitter_card":"summary_large_image","twitter_misc":{"Est. reading time":"4 minut\u0117s"},"schema":{"@context":"https:\/\/schema.org","@graph":[{"@type":"WebPage","@id":"https:\/\/www.elementvape.de\/da\/produkt\/geniessen-sie-die-fruchtige-kuehle-der-bang-blaze-20000-puffs-strawberry-ice-einweg-e-zigarette-mit-20000-zuegen-purer-erdbeersensation\/","url":"https:\/\/www.elementvape.de\/da\/produkt\/geniessen-sie-die-fruchtige-kuehle-der-bang-blaze-20000-puffs-strawberry-ice-einweg-e-zigarette-mit-20000-zuegen-purer-erdbeersensation\/","name":"Genie\u00dfen Sie die fruchtige K\u00fchle der BANG BLAZE 20000 PUFFS STRAWBERRY ICE Einweg-E-Zigarette mit 20000 Z\u00fcgen purer Erdbeersensation | ElementVape.de","isPartOf":{"@id":"https:\/\/www.elementvape.de\/#website"},"primaryImageOfPage":{"@id":"https:\/\/www.elementvape.de\/da\/produkt\/geniessen-sie-die-fruchtige-kuehle-der-bang-blaze-20000-puffs-strawberry-ice-einweg-e-zigarette-mit-20000-zuegen-purer-erdbeersensation\/#primaryimage"},"image":{"@id":"https:\/\/www.elementvape.de\/da\/produkt\/geniessen-sie-die-fruchtige-kuehle-der-bang-blaze-20000-puffs-strawberry-ice-einweg-e-zigarette-mit-20000-zuegen-purer-erdbeersensation\/#primaryimage"},"thumbnailUrl":"https:\/\/www.elementvape.de\/wp-content\/uploads\/2024\/09\/STRAWBERRY-ICE-3.jpg","datePublished":"2024-09-24T08:38:21+00:00","dateModified":"2024-10-09T07:20:41+00:00","description":"Wir bieten Genie\u00dfen Sie die fruchtige K\u00fchle der BANG BLAZE 20000 PUFFS STRAWBERRY ICE Einweg-E-Zigarette mit 20000 Z\u00fcgen purer Erdbeersensation , Elementvape.de akzeptieren Gro\u00df-und Einzelhandel Bestellungen.","breadcrumb":{"@id":"https:\/\/www.elementvape.de\/da\/produkt\/geniessen-sie-die-fruchtige-kuehle-der-bang-blaze-20000-puffs-strawberry-ice-einweg-e-zigarette-mit-20000-zuegen-purer-erdbeersensation\/#breadcrumb"},"inLanguage":"lt-LT","potentialAction":[{"@type":"ReadAction","target":["https:\/\/www.elementvape.de\/da\/produkt\/geniessen-sie-die-fruchtige-kuehle-der-bang-blaze-20000-puffs-strawberry-ice-einweg-e-zigarette-mit-20000-zuegen-purer-erdbeersensation\/"]}]},{"@type":"ImageObject","inLanguage":"lt-LT","@id":"https:\/\/www.elementvape.de\/da\/produkt\/geniessen-sie-die-fruchtige-kuehle-der-bang-blaze-20000-puffs-strawberry-ice-einweg-e-zigarette-mit-20000-zuegen-purer-erdbeersensation\/#primaryimage","url":"https:\/\/www.elementvape.de\/wp-content\/uploads\/2024\/09\/STRAWBERRY-ICE-3.jpg","contentUrl":"https:\/\/www.elementvape.de\/wp-content\/uploads\/2024\/09\/STRAWBERRY-ICE-3.jpg","width":2000,"height":1343,"caption":"STRAWBERRY ICE"},{"@type":"BreadcrumbList","@id":"https:\/\/www.elementvape.de\/da\/produkt\/geniessen-sie-die-fruchtige-kuehle-der-bang-blaze-20000-puffs-strawberry-ice-einweg-e-zigarette-mit-20000-zuegen-purer-erdbeersensation\/#breadcrumb","itemListElement":[{"@type":"ListItem","position":1,"name":"Home","item":"https:\/\/www.elementvape.de\/"},{"@type":"ListItem","position":2,"name":"Shop","item":"https:\/\/www.elementvape.de\/shop\/"},{"@type":"ListItem","position":3,"name":"Genie\u00dfen Sie die fruchtige K\u00fchle der BANG BLAZE 20000 PUFFS STRAWBERRY ICE Einweg-E-Zigarette mit 20000 Z\u00fcgen purer Erdbeersensation"}]},{"@type":"WebSite","@id":"https:\/\/www.elementvape.de\/#website","url":"https:\/\/www.elementvape.de\/","name":"ElementVape.de","description":"","publisher":{"@id":"https:\/\/www.elementvape.de\/#organization"},"potentialAction":[{"@type":"SearchAction","target":{"@type":"EntryPoint","urlTemplate":"https:\/\/www.elementvape.de\/?s={search_term_string}"},"query-input":"required name=search_term_string"}],"inLanguage":"lt-LT"},{"@type":"Organization","@id":"https:\/\/www.elementvape.de\/#organization","name":"ElementVape.DE","url":"https:\/\/www.elementvape.de\/","logo":{"@type":"ImageObject","inLanguage":"lt-LT","@id":"https:\/\/www.elementvape.de\/#\/schema\/logo\/image\/","url":"https:\/\/www.elementvape.de\/wp-content\/uploads\/2024\/09\/cropped-1elementvape-3.png","contentUrl":"https:\/\/www.elementvape.de\/wp-content\/uploads\/2024\/09\/cropped-1elementvape-3.png","width":285,"height":228,"caption":"ElementVape.DE"},"image":{"@id":"https:\/\/www.elementvape.de\/#\/schema\/logo\/image\/"}}]}},"_links":{"self":[{"href":"https:\/\/www.elementvape.de\/lt\/wp-json\/wp\/v2\/product\/14625"}],"collection":[{"href":"https:\/\/www.elementvape.de\/lt\/wp-json\/wp\/v2\/product"}],"about":[{"href":"https:\/\/www.elementvape.de\/lt\/wp-json\/wp\/v2\/types\/product"}],"wp:featuredmedia":[{"embeddable":true,"href":"https:\/\/www.elementvape.de\/lt\/wp-json\/wp\/v2\/media\/14618"}],"wp:attachment":[{"href":"https:\/\/www.elementvape.de\/lt\/wp-json\/wp\/v2\/media?parent=14625"}],"wp:term":[{"taxonomy":"product_cat","embeddable":true,"href":"https:\/\/www.elementvape.de\/lt\/wp-json\/wp\/v2\/product_cat?post=14625"},{"taxonomy":"product_tag","embeddable":true,"href":"https:\/\/www.elementvape.de\/lt\/wp-json\/wp\/v2\/product_tag?post=14625"}],"curies":[{"name":"wp","href":"https:\/\/api.w.org\/{rel}","templated":true}]}}