{"id":14623,"date":"2024-09-24T08:27:39","date_gmt":"2024-09-24T08:27:39","guid":{"rendered":"https:\/\/www.elementvape.de\/?post_type=product&#038;p=14623"},"modified":"2024-10-09T07:22:46","modified_gmt":"2024-10-09T07:22:46","slug":"erleben-sie-die-koestliche-kombination-aus-blaubeeren-und-eisiger-frische-mit-der-bang-blaze-20000-puffs-blueberry-ice-einweg-e-zigarette","status":"publish","type":"product","link":"https:\/\/www.elementvape.de\/lt\/produkt\/erleben-sie-die-koestliche-kombination-aus-blaubeeren-und-eisiger-frische-mit-der-bang-blaze-20000-puffs-blueberry-ice-einweg-e-zigarette\/","title":{"rendered":"Patirkite skani\u0105 derinio i\u0161 m\u0117lyni\u0173 ir ledinio gaivumo su BANG BLAZE 20000 PUFFS BLUEBERRY ICE vienkartine elektronine cigarete"},"content":{"rendered":"<p>Patirkite skan\u0173 m\u0117lyni\u0173 ir ledin\u0117s gaivos derin\u012f su BANG BLAZE 20000 PUFFS BLUEBERRY ICE vienkartine elektronine cigarete. \u0160i i\u0161skirtin\u0117 <a href=\"https:\/\/www.elementvape.de\/lt\/\" target=\"_blank\" rel=\"noopener\">Elektronin\u0117 cigaret\u0117<\/a> jungia intensyv\u0173 skon\u012f su inovatyviomis technologijomis, kad suteikt\u0173 jums nepamir\u0161tam\u0105 garinimo patirt\u012f. Puikiai tinka visiems, kurie ie\u0161ko gaivios, vaisin\u0117s natos savo garinimo patirtyje.<\/p>\n<h3>Produkto apra\u0161ymas<\/h3>\n<p>BANG BLAZE 20000 PUFFS BLUEBERRY ICE sujungia geriausias elektronini\u0173 cigare\u010di\u0173 pasaulio savybes \u2013 pa\u017eangiausias technologijas, \u012fsp\u016bding\u0105 \u012fkv\u0117pimo kiek\u012f ir skan\u0173 aromat\u0105. \u010cia yra \u012fsp\u016bdingiausios savyb\u0117s:<\/p>\n<p>Su 20 000 \u012fkv\u0117pim\u0173, BANG BLAZE suteikia ilgalaik\u0119 garinimo patirt\u012f, leid\u017eian\u010di\u0105 m\u0117gautis m\u0117gstamu aromatu be da\u017en\u0173 papildym\u0173.<\/p>\n<p>Intensyvus m\u0117lyni\u0173 skonis, derinamas su ledine gaiva, sukuria i\u0161skirtin\u0119 garinimo patirt\u012f. Subalansuota mi\u0161inio sud\u0117tis si\u016blo sald\u0173, vaisin\u012f aromat\u0105, primenant\u012f \u0161iltas vasaros dienas ir tuo pa\u010diu gaiv\u0173 poj\u016bt\u012f.<\/p>\n<p>BANG BLAZE yra su 1000 mAh \u012fkraunamu akumuliatoriumi, u\u017etikrinan\u010diu patikim\u0105 veikim\u0105. Tipo-C \u012fkroviklis leid\u017eia greitai ir paprastai \u012fkrauti, kad gal\u0117tum\u0117te bet kada t\u0119sti savo garinimo patirt\u012f.<\/p>\n<p>Su 26 ml talpa, BANG BLAZE turi pakankamai elektroninio skys\u010dio, kad u\u017etikrint\u0173 ilgalaik\u012f naudojim\u0105. Tai suma\u017eina da\u017en\u0173 papildym\u0173 poreik\u012f ir leid\u017eia ilgiau garinti.<\/p>\n<p>BANG BLAZE yra prieinama su skirtingais nikotino stiprumais: 2% ir 5%. Tai suteikia lankstumo pritaikyti savo garinimo patirt\u012f pagal savo pageidavimus, nesvarbu, ar norite nikotino be, ar stipresnio poveikio.<\/p>\n<p>Dvigubo tinklelio rit\u0117 su 1,0\u03a9 u\u017etikrina tolyg\u0173 garinim\u0105 ir intensyv\u0173 skon\u012f. \u0160is dizainas leid\u017eia optimaliai i\u0161ry\u0161kinti m\u0117lyni\u0173 skon\u012f ir ledin\u0119 gaiv\u0105.<\/p>\n<p>Svoris tik 85 g, BANG BLAZE yra lengva ir ne\u0161iojama, tod\u0117l puikiai tinka kelion\u0117se. Ji lengvai telpa \u012f ki\u0161en\u0119 ir visada yra po ranka.<\/p>\n<p>Integruotas ekranas informuoja apie baterijos b\u016bkl\u0119 ir \u012fkv\u0117pim\u0173 skai\u010di\u0173. \u0160i funkcija leid\u017eia visada b\u016bti informuotam ir maksimaliai i\u0161naudoti savo elektronin\u0119 cigaret\u0119.<\/p>\n<h3>Skoni\u0173 patirtis<\/h3>\n<p>BANG BLAZE 20000 PUFFS BLUEBERRY ICE skonio patirtis yra tikras malonumas poj\u016b\u010diams. Sald\u016bs, sultingi m\u0117lyni\u0173 aromatai susilieja su gaivinan\u010dia \u0161altumu, paversdami kiekvien\u0105 \u012fkv\u0117pim\u0105 \u012fdomia patirtimi. Puikiai tinka bet kokiai progai \u2013 ar susitikimui su draugais, ar tiesiog po ilgos dienos atsipalaidavimui.<\/p>\n<h3>BANG BLAZE privalumai<\/h3>\n<p>BANG BLAZE yra i\u0161 karto paruo\u0161ta naudoti ir nereikalauja sud\u0117tingos paruo\u0161imo. Tiesiog \u012fkv\u0117pkite ir m\u0117gaukit\u0117s \u2013 idealiai tinka pradedantiesiems ir patyrusiems garintojams.<\/p>\n<p>D\u0117l \u012fkraunamo akumuliatoriaus ir didelio \u012fkv\u0117pim\u0173 skai\u010diaus, BANG BLAZE ma\u017eina atliek\u0173 kiek\u012f ir si\u016blo ekologi\u0161kesn\u0119 garinimo patirt\u012f.<\/p>\n<p>Su skirtingais nikotino stiprumais galite pritaikyti garinim\u0105 pagal savo poreikius. Taip BANG BLAZE yra puikus pasirinkimas vis\u0173 patirties lygi\u0173 garintojams.<\/p>\n<h4>Tikslin\u0117 auditorija<\/h4>\n<p>BANG BLAZE 20000 PUFFS BLUEBERRY ICE skirta:<\/p>\n<ul>\n<li>Atsitiktiniams garintojams: idealiai tinka visiems, kurie ie\u0161ko gaivinan\u010dio ir vaisinio garinimo potyrio.<\/li>\n<li>Vape entuziastams: inovatyvi technologija ir gardus skonis patraukia patyrusius garintojus.<\/li>\n<li>Sveikatos s\u0105moningiems vartotojams: Pasirinkimas tarp skirting\u0173 nikotino stiprum\u0173 leid\u017eia geriau kontroliuoti nikotino suvartojim\u0105.<\/li>\n<\/ul>\n<h4>Rinkodaros strategija<\/h4>\n<p>Norint s\u0117kmingai reklamuoti BANG BLAZE 20000 PUFFS BLUEBERRY ICE, reik\u0117t\u0173 naudoti \u0161iuos kanalus:<\/p>\n<ul>\n<li>Socialin\u0117s medijos: k\u016brybi\u0161kas ir patrauklus turinys platformose kaip Instagram ir TikTok, kuris i\u0161ry\u0161kina skonio patirt\u012f ir naudotojo draugi\u0161kum\u0105.<\/li>\n<li>Influenceri\u0173 rinkodara: Bendradarbiavimas su \u012ftakotojais vape bendruomen\u0117je, siekiant padidinti pasiekiamum\u0105 ir gauti autenti\u0161k\u0173 \u012fvertinim\u0173.<\/li>\n<li>Interneto reklama: Tikslios reklamos kampanijos aktualiuose tinklalapiuose ir program\u0117l\u0117se, kurias naudoja tikslin\u0117 auditorija.<\/li>\n<\/ul>\n<p>BANG BLAZE 20000 PUFFS BLUEBERRY ICE vienkartin\u0117 elektronin\u0117 cigaret\u0117 si\u016blo i\u0161skirtin\u0119 garinimo patirt\u012f su skaniomis m\u0117lyn\u0117mis ir gaivinan\u010dia \u0161altumu. Su savo \u012fsp\u016bdingu veikimu, patogiu valdymu ir intensyviu skoniu ji yra ideali pasirinkimas visiems, kurie nori m\u0117gautis garinimo privalumais pilna apimtimi. I\u0161bandykite BANG BLAZE ir leiskit\u0117s \u012f skani\u0105 derinio patirt\u012f!<\/p>","protected":false},"excerpt":{"rendered":"<p>Erleben Sie die k\u00f6stliche Kombination aus Blaubeeren und eisiger Frische mit der BANG BLAZE 20000 PUFFS BLUEBERRY ICE Einweg-E-Zigarette. Diese au\u00dfergew\u00f6hnliche E-Zigarette vereint intensiven Geschmack mit innovativer Technologie, um Ihnen ein unvergleichliches Dampferlebnis zu bieten. Perfekt f\u00fcr alle, die eine erfrischende, fruchtige Note in ihrem Dampferlebnis suchen. Produktbeschreibung Die BANG BLAZE 20000 PUFFS BLUEBERRY ICE [&hellip;]<\/p>","protected":false},"featured_media":14612,"template":"","meta":{"inline_featured_image":false},"product_cat":[15,762,739,743,744,755,738,751],"product_tag":[710,725],"tiered_pricing_type":"fixed","tiered_pricing_fixed_rules":{"60":"6.83","110":"6.07","200":"5.31"},"tiered_pricing_percentage_rules":[],"tiered_pricing_minimum":1,"_administrator_tiered_pricing_type":"fixed","_administrator_tiered_pricing_fixed_rules":[],"_editor_tiered_pricing_type":"fixed","_editor_tiered_pricing_fixed_rules":[],"_author_tiered_pricing_type":"fixed","_author_tiered_pricing_fixed_rules":[],"_contributor_tiered_pricing_type":"fixed","_contributor_tiered_pricing_fixed_rules":[],"_subscriber_tiered_pricing_type":"fixed","_subscriber_tiered_pricing_fixed_rules":[],"_customer_tiered_pricing_type":"fixed","_customer_tiered_pricing_fixed_rules":[],"_shop_manager_tiered_pricing_type":"fixed","_shop_manager_tiered_pricing_fixed_rules":[],"_wpseo_manager_tiered_pricing_type":"fixed","_wpseo_manager_tiered_pricing_fixed_rules":[],"_wpseo_editor_tiered_pricing_type":"fixed","_wpseo_editor_tiered_pricing_fixed_rules":[],"_wholesale_customer_tiered_pricing_type":"fixed","_wholesale_customer_tiered_pricing_fixed_rules":[],"_marketer_tiered_pricing_type":"fixed","_marketer_tiered_pricing_fixed_rules":[],"_sales_manager_tiered_pricing_type":"fixed","_sales_manager_tiered_pricing_fixed_rules":[],"_sales_rep_tiered_pricing_type":"fixed","_sales_rep_tiered_pricing_fixed_rules":[],"yoast_head":"<!-- This site is optimized with the Yoast SEO plugin v23.3 - https:\/\/yoast.com\/wordpress\/plugins\/seo\/ -->\n<title>Erleben Sie die k\u00f6stliche Kombination aus Blaubeeren und eisiger Frische mit der BANG BLAZE 20000 PUFFS BLUEBERRY ICE Einweg-E-Zigarette | ElementVape.de<\/title>\n<meta name=\"description\" content=\"Wir bieten Erleben Sie die k\u00f6stliche Kombination aus Blaubeeren und eisiger Frische mit der BANG BLAZE 20000 PUFFS BLUEBERRY ICE Einweg-E-Zigarette , Elementvape.de akzeptieren Gro\u00df-und Einzelhandel Bestellungen.\" \/>\n<meta name=\"robots\" content=\"index, follow, max-snippet:-1, max-image-preview:large, max-video-preview:-1\" \/>\n<link rel=\"canonical\" href=\"https:\/\/www.elementvape.de\/lt\/produkt\/erleben-sie-die-koestliche-kombination-aus-blaubeeren-und-eisiger-frische-mit-der-bang-blaze-20000-puffs-blueberry-ice-einweg-e-zigarette\/\" \/>\n<meta property=\"og:locale\" content=\"lt_LT\" \/>\n<meta property=\"og:type\" content=\"article\" \/>\n<meta property=\"og:title\" content=\"Erleben Sie die k\u00f6stliche Kombination aus Blaubeeren und eisiger Frische mit der BANG BLAZE 20000 PUFFS BLUEBERRY ICE Einweg-E-Zigarette | ElementVape.de\" \/>\n<meta property=\"og:description\" content=\"Wir bieten Erleben Sie die k\u00f6stliche Kombination aus Blaubeeren und eisiger Frische mit der BANG BLAZE 20000 PUFFS BLUEBERRY ICE Einweg-E-Zigarette , Elementvape.de akzeptieren Gro\u00df-und Einzelhandel Bestellungen.\" \/>\n<meta property=\"og:url\" content=\"https:\/\/www.elementvape.de\/lt\/produkt\/erleben-sie-die-koestliche-kombination-aus-blaubeeren-und-eisiger-frische-mit-der-bang-blaze-20000-puffs-blueberry-ice-einweg-e-zigarette\/\" \/>\n<meta property=\"og:site_name\" content=\"ElementVape.de\" \/>\n<meta property=\"article:modified_time\" content=\"2024-10-09T07:22:46+00:00\" \/>\n<meta property=\"og:image\" content=\"https:\/\/www.elementvape.de\/wp-content\/uploads\/2024\/09\/BLUEBERRY-ICE.png\" \/>\n\t<meta property=\"og:image:width\" content=\"2000\" \/>\n\t<meta property=\"og:image:height\" content=\"1343\" \/>\n\t<meta property=\"og:image:type\" content=\"image\/png\" \/>\n<meta name=\"twitter:card\" content=\"summary_large_image\" \/>\n<meta name=\"twitter:label1\" content=\"Est. reading time\" \/>\n\t<meta name=\"twitter:data1\" content=\"4 minut\u0117s\" \/>\n<script type=\"application\/ld+json\" class=\"yoast-schema-graph\">{\"@context\":\"https:\/\/schema.org\",\"@graph\":[{\"@type\":\"WebPage\",\"@id\":\"https:\/\/www.elementvape.de\/produkt\/erleben-sie-die-koestliche-kombination-aus-blaubeeren-und-eisiger-frische-mit-der-bang-blaze-20000-puffs-blueberry-ice-einweg-e-zigarette\/\",\"url\":\"https:\/\/www.elementvape.de\/produkt\/erleben-sie-die-koestliche-kombination-aus-blaubeeren-und-eisiger-frische-mit-der-bang-blaze-20000-puffs-blueberry-ice-einweg-e-zigarette\/\",\"name\":\"Erleben Sie die k\u00f6stliche Kombination aus Blaubeeren und eisiger Frische mit der BANG BLAZE 20000 PUFFS BLUEBERRY ICE Einweg-E-Zigarette | ElementVape.de\",\"isPartOf\":{\"@id\":\"https:\/\/www.elementvape.de\/#website\"},\"primaryImageOfPage\":{\"@id\":\"https:\/\/www.elementvape.de\/produkt\/erleben-sie-die-koestliche-kombination-aus-blaubeeren-und-eisiger-frische-mit-der-bang-blaze-20000-puffs-blueberry-ice-einweg-e-zigarette\/#primaryimage\"},\"image\":{\"@id\":\"https:\/\/www.elementvape.de\/produkt\/erleben-sie-die-koestliche-kombination-aus-blaubeeren-und-eisiger-frische-mit-der-bang-blaze-20000-puffs-blueberry-ice-einweg-e-zigarette\/#primaryimage\"},\"thumbnailUrl\":\"https:\/\/www.elementvape.de\/wp-content\/uploads\/2024\/09\/BLUEBERRY-ICE.png\",\"datePublished\":\"2024-09-24T08:27:39+00:00\",\"dateModified\":\"2024-10-09T07:22:46+00:00\",\"description\":\"Wir bieten Erleben Sie die k\u00f6stliche Kombination aus Blaubeeren und eisiger Frische mit der BANG BLAZE 20000 PUFFS BLUEBERRY ICE Einweg-E-Zigarette , Elementvape.de akzeptieren Gro\u00df-und Einzelhandel Bestellungen.\",\"breadcrumb\":{\"@id\":\"https:\/\/www.elementvape.de\/produkt\/erleben-sie-die-koestliche-kombination-aus-blaubeeren-und-eisiger-frische-mit-der-bang-blaze-20000-puffs-blueberry-ice-einweg-e-zigarette\/#breadcrumb\"},\"inLanguage\":\"lt-LT\",\"potentialAction\":[{\"@type\":\"ReadAction\",\"target\":[\"https:\/\/www.elementvape.de\/produkt\/erleben-sie-die-koestliche-kombination-aus-blaubeeren-und-eisiger-frische-mit-der-bang-blaze-20000-puffs-blueberry-ice-einweg-e-zigarette\/\"]}]},{\"@type\":\"ImageObject\",\"inLanguage\":\"lt-LT\",\"@id\":\"https:\/\/www.elementvape.de\/produkt\/erleben-sie-die-koestliche-kombination-aus-blaubeeren-und-eisiger-frische-mit-der-bang-blaze-20000-puffs-blueberry-ice-einweg-e-zigarette\/#primaryimage\",\"url\":\"https:\/\/www.elementvape.de\/wp-content\/uploads\/2024\/09\/BLUEBERRY-ICE.png\",\"contentUrl\":\"https:\/\/www.elementvape.de\/wp-content\/uploads\/2024\/09\/BLUEBERRY-ICE.png\",\"width\":2000,\"height\":1343,\"caption\":\"BLUEBERRY ICE\"},{\"@type\":\"BreadcrumbList\",\"@id\":\"https:\/\/www.elementvape.de\/produkt\/erleben-sie-die-koestliche-kombination-aus-blaubeeren-und-eisiger-frische-mit-der-bang-blaze-20000-puffs-blueberry-ice-einweg-e-zigarette\/#breadcrumb\",\"itemListElement\":[{\"@type\":\"ListItem\",\"position\":1,\"name\":\"Home\",\"item\":\"https:\/\/www.elementvape.de\/\"},{\"@type\":\"ListItem\",\"position\":2,\"name\":\"Shop\",\"item\":\"https:\/\/www.elementvape.de\/shop\/\"},{\"@type\":\"ListItem\",\"position\":3,\"name\":\"Erleben Sie die k\u00f6stliche Kombination aus Blaubeeren und eisiger Frische mit der BANG BLAZE 20000 PUFFS BLUEBERRY ICE Einweg-E-Zigarette\"}]},{\"@type\":\"WebSite\",\"@id\":\"https:\/\/www.elementvape.de\/#website\",\"url\":\"https:\/\/www.elementvape.de\/\",\"name\":\"ElementVape.de\",\"description\":\"\",\"publisher\":{\"@id\":\"https:\/\/www.elementvape.de\/#organization\"},\"potentialAction\":[{\"@type\":\"SearchAction\",\"target\":{\"@type\":\"EntryPoint\",\"urlTemplate\":\"https:\/\/www.elementvape.de\/?s={search_term_string}\"},\"query-input\":\"required name=search_term_string\"}],\"inLanguage\":\"lt-LT\"},{\"@type\":\"Organization\",\"@id\":\"https:\/\/www.elementvape.de\/#organization\",\"name\":\"ElementVape.DE\",\"url\":\"https:\/\/www.elementvape.de\/\",\"logo\":{\"@type\":\"ImageObject\",\"inLanguage\":\"lt-LT\",\"@id\":\"https:\/\/www.elementvape.de\/#\/schema\/logo\/image\/\",\"url\":\"https:\/\/www.elementvape.de\/wp-content\/uploads\/2024\/09\/cropped-1elementvape-3.png\",\"contentUrl\":\"https:\/\/www.elementvape.de\/wp-content\/uploads\/2024\/09\/cropped-1elementvape-3.png\",\"width\":285,\"height\":228,\"caption\":\"ElementVape.DE\"},\"image\":{\"@id\":\"https:\/\/www.elementvape.de\/#\/schema\/logo\/image\/\"}}]}<\/script>\n<!-- \/ Yoast SEO plugin. -->","yoast_head_json":{"title":"Erleben Sie die k\u00f6stliche Kombination aus Blaubeeren und eisiger Frische mit der BANG BLAZE 20000 PUFFS BLUEBERRY ICE Einweg-E-Zigarette | ElementVape.de","description":"Wir bieten Erleben Sie die k\u00f6stliche Kombination aus Blaubeeren und eisiger Frische mit der BANG BLAZE 20000 PUFFS BLUEBERRY ICE Einweg-E-Zigarette , Elementvape.de akzeptieren Gro\u00df-und Einzelhandel Bestellungen.","robots":{"index":"index","follow":"follow","max-snippet":"max-snippet:-1","max-image-preview":"max-image-preview:large","max-video-preview":"max-video-preview:-1"},"canonical":"https:\/\/www.elementvape.de\/lt\/produkt\/erleben-sie-die-koestliche-kombination-aus-blaubeeren-und-eisiger-frische-mit-der-bang-blaze-20000-puffs-blueberry-ice-einweg-e-zigarette\/","og_locale":"lt_LT","og_type":"article","og_title":"Erleben Sie die k\u00f6stliche Kombination aus Blaubeeren und eisiger Frische mit der BANG BLAZE 20000 PUFFS BLUEBERRY ICE Einweg-E-Zigarette | ElementVape.de","og_description":"Wir bieten Erleben Sie die k\u00f6stliche Kombination aus Blaubeeren und eisiger Frische mit der BANG BLAZE 20000 PUFFS BLUEBERRY ICE Einweg-E-Zigarette , Elementvape.de akzeptieren Gro\u00df-und Einzelhandel Bestellungen.","og_url":"https:\/\/www.elementvape.de\/lt\/produkt\/erleben-sie-die-koestliche-kombination-aus-blaubeeren-und-eisiger-frische-mit-der-bang-blaze-20000-puffs-blueberry-ice-einweg-e-zigarette\/","og_site_name":"ElementVape.de","article_modified_time":"2024-10-09T07:22:46+00:00","og_image":[{"width":2000,"height":1343,"url":"https:\/\/www.elementvape.de\/wp-content\/uploads\/2024\/09\/BLUEBERRY-ICE.png","type":"image\/png"}],"twitter_card":"summary_large_image","twitter_misc":{"Est. reading time":"4 minut\u0117s"},"schema":{"@context":"https:\/\/schema.org","@graph":[{"@type":"WebPage","@id":"https:\/\/www.elementvape.de\/produkt\/erleben-sie-die-koestliche-kombination-aus-blaubeeren-und-eisiger-frische-mit-der-bang-blaze-20000-puffs-blueberry-ice-einweg-e-zigarette\/","url":"https:\/\/www.elementvape.de\/produkt\/erleben-sie-die-koestliche-kombination-aus-blaubeeren-und-eisiger-frische-mit-der-bang-blaze-20000-puffs-blueberry-ice-einweg-e-zigarette\/","name":"Erleben Sie die k\u00f6stliche Kombination aus Blaubeeren und eisiger Frische mit der BANG BLAZE 20000 PUFFS BLUEBERRY ICE Einweg-E-Zigarette | ElementVape.de","isPartOf":{"@id":"https:\/\/www.elementvape.de\/#website"},"primaryImageOfPage":{"@id":"https:\/\/www.elementvape.de\/produkt\/erleben-sie-die-koestliche-kombination-aus-blaubeeren-und-eisiger-frische-mit-der-bang-blaze-20000-puffs-blueberry-ice-einweg-e-zigarette\/#primaryimage"},"image":{"@id":"https:\/\/www.elementvape.de\/produkt\/erleben-sie-die-koestliche-kombination-aus-blaubeeren-und-eisiger-frische-mit-der-bang-blaze-20000-puffs-blueberry-ice-einweg-e-zigarette\/#primaryimage"},"thumbnailUrl":"https:\/\/www.elementvape.de\/wp-content\/uploads\/2024\/09\/BLUEBERRY-ICE.png","datePublished":"2024-09-24T08:27:39+00:00","dateModified":"2024-10-09T07:22:46+00:00","description":"Wir bieten Erleben Sie die k\u00f6stliche Kombination aus Blaubeeren und eisiger Frische mit der BANG BLAZE 20000 PUFFS BLUEBERRY ICE Einweg-E-Zigarette , Elementvape.de akzeptieren Gro\u00df-und Einzelhandel Bestellungen.","breadcrumb":{"@id":"https:\/\/www.elementvape.de\/produkt\/erleben-sie-die-koestliche-kombination-aus-blaubeeren-und-eisiger-frische-mit-der-bang-blaze-20000-puffs-blueberry-ice-einweg-e-zigarette\/#breadcrumb"},"inLanguage":"lt-LT","potentialAction":[{"@type":"ReadAction","target":["https:\/\/www.elementvape.de\/produkt\/erleben-sie-die-koestliche-kombination-aus-blaubeeren-und-eisiger-frische-mit-der-bang-blaze-20000-puffs-blueberry-ice-einweg-e-zigarette\/"]}]},{"@type":"ImageObject","inLanguage":"lt-LT","@id":"https:\/\/www.elementvape.de\/produkt\/erleben-sie-die-koestliche-kombination-aus-blaubeeren-und-eisiger-frische-mit-der-bang-blaze-20000-puffs-blueberry-ice-einweg-e-zigarette\/#primaryimage","url":"https:\/\/www.elementvape.de\/wp-content\/uploads\/2024\/09\/BLUEBERRY-ICE.png","contentUrl":"https:\/\/www.elementvape.de\/wp-content\/uploads\/2024\/09\/BLUEBERRY-ICE.png","width":2000,"height":1343,"caption":"BLUEBERRY ICE"},{"@type":"BreadcrumbList","@id":"https:\/\/www.elementvape.de\/produkt\/erleben-sie-die-koestliche-kombination-aus-blaubeeren-und-eisiger-frische-mit-der-bang-blaze-20000-puffs-blueberry-ice-einweg-e-zigarette\/#breadcrumb","itemListElement":[{"@type":"ListItem","position":1,"name":"Home","item":"https:\/\/www.elementvape.de\/"},{"@type":"ListItem","position":2,"name":"Shop","item":"https:\/\/www.elementvape.de\/shop\/"},{"@type":"ListItem","position":3,"name":"Erleben Sie die k\u00f6stliche Kombination aus Blaubeeren und eisiger Frische mit der BANG BLAZE 20000 PUFFS BLUEBERRY ICE Einweg-E-Zigarette"}]},{"@type":"WebSite","@id":"https:\/\/www.elementvape.de\/#website","url":"https:\/\/www.elementvape.de\/","name":"ElementVape.de","description":"","publisher":{"@id":"https:\/\/www.elementvape.de\/#organization"},"potentialAction":[{"@type":"SearchAction","target":{"@type":"EntryPoint","urlTemplate":"https:\/\/www.elementvape.de\/?s={search_term_string}"},"query-input":"required name=search_term_string"}],"inLanguage":"lt-LT"},{"@type":"Organization","@id":"https:\/\/www.elementvape.de\/#organization","name":"ElementVape.DE","url":"https:\/\/www.elementvape.de\/","logo":{"@type":"ImageObject","inLanguage":"lt-LT","@id":"https:\/\/www.elementvape.de\/#\/schema\/logo\/image\/","url":"https:\/\/www.elementvape.de\/wp-content\/uploads\/2024\/09\/cropped-1elementvape-3.png","contentUrl":"https:\/\/www.elementvape.de\/wp-content\/uploads\/2024\/09\/cropped-1elementvape-3.png","width":285,"height":228,"caption":"ElementVape.DE"},"image":{"@id":"https:\/\/www.elementvape.de\/#\/schema\/logo\/image\/"}}]}},"_links":{"self":[{"href":"https:\/\/www.elementvape.de\/lt\/wp-json\/wp\/v2\/product\/14623"}],"collection":[{"href":"https:\/\/www.elementvape.de\/lt\/wp-json\/wp\/v2\/product"}],"about":[{"href":"https:\/\/www.elementvape.de\/lt\/wp-json\/wp\/v2\/types\/product"}],"wp:featuredmedia":[{"embeddable":true,"href":"https:\/\/www.elementvape.de\/lt\/wp-json\/wp\/v2\/media\/14612"}],"wp:attachment":[{"href":"https:\/\/www.elementvape.de\/lt\/wp-json\/wp\/v2\/media?parent=14623"}],"wp:term":[{"taxonomy":"product_cat","embeddable":true,"href":"https:\/\/www.elementvape.de\/lt\/wp-json\/wp\/v2\/product_cat?post=14623"},{"taxonomy":"product_tag","embeddable":true,"href":"https:\/\/www.elementvape.de\/lt\/wp-json\/wp\/v2\/product_tag?post=14623"}],"curies":[{"name":"wp","href":"https:\/\/api.w.org\/{rel}","templated":true}]}}