{"id":14573,"date":"2024-09-23T07:30:57","date_gmt":"2024-09-23T07:30:57","guid":{"rendered":"https:\/\/www.elementvape.de\/?post_type=product&#038;p=14573"},"modified":"2024-10-10T02:17:46","modified_gmt":"2024-10-10T02:17:46","slug":"mit-der-sex-on-the-beach-bang-15000-puffs-erleben-sie-den-perfekten-mix-aus-exotischen-fruechten-die-sie-an-einen-strandurlaub-erinnern","status":"publish","type":"product","link":"https:\/\/www.elementvape.de\/lt\/produkt\/mit-der-sex-on-the-beach-bang-15000-puffs-erleben-sie-den-perfekten-mix-aus-exotischen-fruechten-die-sie-an-einen-strandurlaub-erinnern\/","title":{"rendered":"Su Sex On The Beach Bang 15000 Puffs patirkite tobul\u0105 egzotini\u0173 vaisi\u0173 mi\u0161in\u012f, primenant\u012f papl\u016bdimio atostogas"},"content":{"rendered":"<p>Su Sex On The Beach Bang 15000 Puffs patirsite nepamir\u0161tam\u0105 garinimo patirt\u012f, kuri i\u0161 karto nukels jus \u012f atsipalaidavusios papl\u016bdimio atostogos mintyse. \u0160is vienkartinis podas yra daugiau nei tik dar vienas <strong><a href=\"https:\/\/www.elementvape.de\/lt\/c\/einweg-zigarette\/\" target=\"_blank\" rel=\"noopener\">Vienkartin\u0117 elektronin\u0117 cigaret\u0117<\/a><\/strong> \u2013 jis yra skonio sprogimas, kuris puikiai \u012fk\u016bnija populiar\u0173 kokteil\u012f \u201eSex on The Beach\u201c kaip elektroninio skys\u010dio form\u0105. Eksotini\u0173 vaisi\u0173 ir \u0161iek tiek saldumo derinys daro \u0161\u012f vape m\u0117gstamiausiu tiems, kurie trok\u0161ta tropinio ir gaivinan\u010dio aromato.<\/p>\n<h3>Eksoti\u0161kas skonio patyrimas<\/h3>\n<p>Pavadinimas \u201eSex On The Beach\u201c i\u0161 karto sukelia prisiminimus apie saul\u0117tas papl\u016bdimius, \u0161velnias bangas ir vaisinius kokteilius. Tik \u0161\u012f jausm\u0105 \u012fk\u016bnija Sex On The Beach Bang 15000 Puffs. Kiekvienu \u012fkv\u0117pimu m\u0117gaujat\u0117s egzoti\u0161ka sulting\u0173 vaisi\u0173 mi\u0161inio, kuris apgauna j\u016bs\u0173 poj\u016b\u010dius ir leid\u017eia jaustis tarsi b\u016btum\u0117te tropiniame rojuje.<\/p>\n<p>Skoni\u0173 natos \u201eSex On The Beach Bang 15000 Puffs\u201c primena to paties pavadinimo kokteilio pagrindines sudedam\u0105sias dalis: persikus, apelsinus, spanguoles ir \u0161iek tiek ananaso. \u0160ie aromatai yra taip subalansuoti, kad n\u0117 viena vaisi\u0173 nenuvert\u0117ja kita. Vietoj to, jie harmoningai dera tarpusavyje ir sukuria intensyv\u0173, gaivinant\u012f garinimo patirt\u012f.<\/p>\n<ul>\n<li>Persikas: saldus ir sultingas persik\u0173 skonis sudaro \u0161io vape pagrind\u0105. Persikai yra \u017einomi d\u0117l savo vasari\u0161ko saldumo ir suteikia aromatui \u0161velni\u0105, vaisin\u0119 baz\u0119.<\/li>\n<li>Apelsinas: gaivus apelsino atspalvis suteikia vape gaiv\u0173 citrusin\u012f skon\u012f. Jis subalansuoja kit\u0173 vaisi\u0173 saldum\u0105 ir sukuria energizuojant\u012f, \u0161var\u0173 poskon\u012f.<\/li>\n<li>Spanguol\u0117s: \u0161iek tiek kartus vaisius suteikia skoniui gil\u0173, daugiasluoksn\u012f matmen\u012f. Spanguol\u0117s \u012fne\u0161a subtili\u0105 r\u016bg\u0161tum\u0105, kuri daro garinimo patirt\u012f dar \u012fdomesn\u0119.<\/li>\n<li>Ananasas: \u0161iek tiek tropinio ananaso papildo aromat\u0105 ir sukuria egzoti\u0161k\u0105, \u0161iek tiek r\u016bg\u0161t\u0173 akcent\u0105, kuris tiesiogiai primena tropin\u012f papl\u016bdim\u012f.<\/li>\n<\/ul>\n<h4>Autenti\u0161kumas skonio<\/h4>\n<p>Yra daugyb\u0117 vape produkt\u0173, kurie siekia \u012fsivaizduoti sud\u0117tingas vaisi\u0173 mi\u0161inius, ta\u010diau Sex On The Beach Bang 15000 Puffs i\u0161siskiria autenti\u0161kumu. \u0160is podas si\u016blo tok\u012f nat\u016bral\u0173 ir intensyv\u0173 aromat\u0105, kad atrodo, tarsi m\u0117gautum\u0117t\u0117s tikru kokteiliu. Vaisi\u0173 nat\u0173 derinys yra taip gerai suderintas, kad apgauna poj\u016b\u010dius ir u\u017etikrina ilgalaik\u0119 skonio patirt\u012f.<\/p>\n<p>Sex On The Beach Bang 15000 Puffs yra ne tik malonumas gomuriui, bet ir techninis \u0161edevras, u\u017etikrinantis ilg\u0105 tarnavimo laik\u0105 ir nuosekli\u0105 gar\u0173 kokyb\u0119. \u010cia yra svarbiausios technin\u0117s specifikacijos:<\/p>\n<ul>\n<li>\u012ekv\u0117pim\u0173 skai\u010dius: iki 15 000 \u012fkv\u0117pim\u0173<\/li>\n<li>E-skys\u010dio talpa: 23 ml<\/li>\n<li>N-Gelio kiekis: 2% ir 5%<\/li>\n<li>Baterija: 650 mAh, \u012fkraunama<\/li>\n<li>\u012ekrovimo jungtis: Type-C<\/li>\n<li>Var\u017ea: 1,1 omo (Mesh Coil)<\/li>\n<\/ul>\n<p>\u0160ios technin\u0117s specifikacijos rodo, kad Sex On The Beach Bang 15000 Puffs ne tik \u012ftikinamai skonis, bet ir atsi\u017evelgia \u012f na\u0161um\u0105 bei ilgaam\u017ei\u0161kum\u0105, nesukeldamos kompromis\u0173.<\/p>\n<h4>15 000 \u012fkv\u0117pim\u0173 ilgalaikiam malonumui<\/h4>\n<p>Su iki <strong><a href=\"https:\/\/www.elementvape.de\/lt\/p-tag\/groesser-oder-gleich-15000-zuege\/\" target=\"_blank\" rel=\"noopener\">15000 \u012fkv\u0117pim\u0173<\/a><\/strong> \u0161i \u0161io modelio yra vienas i\u0161 ilgaam\u017ei\u0161kesni\u0173 vienkartini\u0173 vape rinkoje. Tai rei\u0161kia, kad gal\u0117site ilgai m\u0117gautis vaisiniu aromatu, nesir\u016bpindami, kad \u012frenginys greitai i\u0161sikraus. Nesvarbu, ar kasdieniam naudojimui, ar ypatingoms progoms \u2013 Sex On The Beach Bang ilgai i\u0161laiko savo gali\u0105 ir leid\u017eia nuolat patirti tropin\u012f skon\u012f.<\/p>\n<p>Vienas i\u0161 i\u0161skirtini\u0173 \u0161io \u012frenginio bruo\u017e\u0173 yra pakraunama 650 mAh baterija. Nors daugelis vienkartini\u0173 \u012frengini\u0173 po baterijos i\u0161naudojimo turi b\u016bti i\u0161metami, Sex On The Beach Bang si\u016blo galimyb\u0119 paprastai \u012fkrauti \u012frengin\u012f per modern\u0173 Type-C \u012fkrovimo jungt\u012f. Tai ne tik draugi\u0161kesn\u0117 aplinkai, bet ir leid\u017eia ilgiau naudotis \u012frenginiu prie\u0161 j\u012f pakei\u010diant.<\/p>\n<p>Type-C taip pat suteikia prana\u0161um\u0105 greitam ir efektyviam \u012fkrovimui, kas ypa\u010d patogu, jei esate kelyje ir norite greitai v\u0117l naudoti \u012frengin\u012f.<\/p>\n<h4>Tinklelio rit\u0117 intensyviam skoniui<\/h4>\n<p>Rezistencija 1,1 Ohmo ir naudojama tinklelio rit\u0117 u\u017etikrina, kad elektroninis skystis efektyviai garinamas ir skonis yra ypa\u010d intensyvus bei tolygus. Tinklelio rit\u0117s yra \u017einomos d\u0117l didesn\u0117s pavir\u0161iaus ploto, skirto garinti elektronin\u012f skyst\u012f, kas lemia sodresn\u012f skon\u012f ir tankesn\u012f gar\u0105. Su Sex On The Beach Bang 15000 Puffs tai rei\u0161kia, kad tropinis vaisi\u0173 mi\u0161inys kiekvienu \u012fkv\u0117pimu yra pilnai i\u0161ry\u0161kintas.<\/p>\n<h3>Vartotojo patirtis: \u0161iek tiek atostog\u0173 kiekvienu \u012fkv\u0117pimu<\/h3>\n<p>Sex On The Beach Bang 15000 \u012fkv\u0117pim\u0173 garinimas primena trump\u0105 pertrauk\u0117l\u0119 nuo kasdienyb\u0117s. Kiekvienas \u012fkv\u0117pimas mintimis nukelia \u012f saul\u0117t\u0105 papl\u016bdim\u012f, kur atsipalaiduojate po palm\u0117mis ir m\u0117gaujat\u0117s egzoti\u0161kais kokteiliais. Naudotojo patirtis \u012ftikina ne tik skoniu, bet ir techniniu apgalvojimu.<\/p>\n<p>Sex On The Beach Bang 15000 \u012fkv\u0117pim\u0173 yra ergonomi\u0161kai suprojektuotas ir patogiai telpa rankoje. D\u0117l savo aptakios formos ir kompakti\u0161ko dizaino jis yra idealus kompanionas keliaujant. Nesvarbu, ar keliaujate \u012f darb\u0105, susitinkate su draugais ar leid\u017eiate ram\u0173 vakar\u0105 namuose \u2013 \u0161is prietaisas telpa \u012f bet kuri\u0105 ki\u0161en\u0119 ir visada yra po ranka.<\/p>\n<h4>Ilgas tarnavimo laikas ir pastovi kokyb\u0117<\/h4>\n<p>D\u0117l auk\u0161tos kokyb\u0117s technologijos ir \u012fkraunamos baterijos Sex On The Beach Bang i\u0161lieka paruo\u0161tas naudojimui ilg\u0105 laik\u0105. Kitas privalumas yra tas, kad skonis nema\u017e\u0117ja net ir po keli\u0173 t\u016bkstan\u010di\u0173 \u012fkv\u0117pim\u0173. Pastovi gar\u0173 kokyb\u0117 u\u017etikrina, kad visada gal\u0117site m\u0117gautis pilnu aromatu, o skonis nepraranda intensyvumo.<\/p>\n<p>Sex On The Beach Bang 15000 \u012fkv\u0117pim\u0173 si\u016blo ne tik intensyv\u0173 skon\u012f, bet ir \u012fsp\u016bding\u0105 gar\u0173 gamyb\u0105. Tinklelio rit\u0117 u\u017etikrina, kad kiekvienu \u012fkv\u0117pimu susidarys tank\u016bs, aromatingi gar\u0173 debesys. Tai sustiprina garinimo patirt\u012f ir suteikia pasitenkinimo jausm\u0105 kiekvien\u0105 kart\u0105 \u012fkvepiant.<\/p>\n<h3>Tikslin\u0117 grup\u0117: Kam skirtas Sex On The Beach Bang 15000 \u012fkv\u0117pim\u0173?<\/h3>\n<p>Sex On The Beach Bang 15000 \u012fkv\u0117pim\u0173 yra skirtas pla\u010diai garintoj\u0173 grupei. Jis ypa\u010d tinka tiems, kurie m\u0117gsta vaisi\u0173 ir egzoti\u0161kus aromatus ir ie\u0161ko ilgalaik\u0117s, auk\u0161tos kokyb\u0117s garinimo patirties.<\/p>\n<p>Kas vertina atogr\u0105\u017e\u0173 vaisi\u0173 skon\u012f, pamils Sex On The Beach Bang. Persik\u0173, apelsin\u0173, spanguoli\u0173 ir ananas\u0173 derinys yra puikiai subalansuotas ir si\u016blo jaudinan\u010di\u0105 bei gaivinan\u010di\u0105 skonio patirt\u012f. Tiems, <strong><a href=\"https:\/\/www.elementvape.de\/lt\/\" target=\"_blank\" rel=\"noopener\">garintojams,<\/a><\/strong>, kurie ie\u0161ko intensyvaus ir autenti\u0161ko vaisi\u0173 mi\u0161inio, \u0161is produktas yra puikus pasirinkimas.<\/p>\n<p>Nesvarbu, ar kasdieniam naudojimui, ar ypatingoms akimirkoms \u2013 Sex On The Beach Bang yra universalus. Jis puikiai tinka kasdieniam gyvenimui, kai esate kelyje ir norite trumpai atsip\u016bsti, bet \u0161is garintuvas idealiai tinka ir ramiems vakarams ar draugi\u0161kiems susib\u016brimams.<\/p>\n<h3>Atogr\u0105\u017e\u0173 malonumas reikliems garintojams<\/h3>\n<p>Sex On The Beach Bang 15000 \u012fkv\u0117pim\u0173 yra daug daugiau nei tik dar vienas vienkartinis garintuvas. Jame dera geriausi egzoti\u0161ko kokteilio elementai su moderniausia garinimo technologija ir si\u016blo neprilygstam\u0105 skonio patirt\u012f. Nuo autenti\u0161ko vaisi\u0173 mi\u0161inio iki ilgaam\u017e\u0117s baterijos ir pa\u017eangios tinklelio rit\u0117s \u2013 \u0161is produktas nustato naujus standartus garinimo pasaulyje.<\/p>\n<p>Jei ie\u0161kote garintuvo, kuris \u012ftikint\u0173 tiek skoniu, tiek techni\u0161kai, Sex On The Beach Bang 15000 \u012fkv\u0117pim\u0173 yra puikus pasirinkimas. M\u0117gaukit\u0117s 15000 \u012fkv\u0117pim\u0173, kupin\u0173 atogr\u0105\u017e\u0173 aromat\u0173, ir leiskite sau kiekvienu \u012fkv\u0117pimu nukeliauti \u012f saul\u0117t\u0105 papl\u016bdim\u012f.<\/p>","protected":false},"excerpt":{"rendered":"<p>Mit der Sex On The Beach Bang 15000 Puffs erleben Sie ein unvergessliches Dampferlebnis, das Sie sofort in Gedanken an einen entspannten Strandurlaub versetzt. Diese Disposable Pod ist mehr als nur ein weiterer Einweg-E-Zigarette \u2013 sie ist eine Geschmacksexplosion, die den beliebten Cocktail &#8220;Sex on the Beach&#8221; in Form eines E-Liquids perfekt einf\u00e4ngt. Die Kombination [&hellip;]<\/p>","protected":false},"featured_media":14549,"template":"","meta":{"inline_featured_image":false},"product_cat":[15,769,739,743,744,755,738,751],"product_tag":[710,674],"tiered_pricing_type":"fixed","tiered_pricing_fixed_rules":{"60":"6.58","110":"5.85","200":"5.12"},"tiered_pricing_percentage_rules":[],"tiered_pricing_minimum":1,"_administrator_tiered_pricing_type":"fixed","_administrator_tiered_pricing_fixed_rules":[],"_editor_tiered_pricing_type":"fixed","_editor_tiered_pricing_fixed_rules":[],"_author_tiered_pricing_type":"fixed","_author_tiered_pricing_fixed_rules":[],"_contributor_tiered_pricing_type":"fixed","_contributor_tiered_pricing_fixed_rules":[],"_subscriber_tiered_pricing_type":"fixed","_subscriber_tiered_pricing_fixed_rules":[],"_customer_tiered_pricing_type":"fixed","_customer_tiered_pricing_fixed_rules":[],"_shop_manager_tiered_pricing_type":"fixed","_shop_manager_tiered_pricing_fixed_rules":[],"_wpseo_manager_tiered_pricing_type":"fixed","_wpseo_manager_tiered_pricing_fixed_rules":[],"_wpseo_editor_tiered_pricing_type":"fixed","_wpseo_editor_tiered_pricing_fixed_rules":[],"_wholesale_customer_tiered_pricing_type":"fixed","_wholesale_customer_tiered_pricing_fixed_rules":[],"_marketer_tiered_pricing_type":"fixed","_marketer_tiered_pricing_fixed_rules":[],"_sales_manager_tiered_pricing_type":"fixed","_sales_manager_tiered_pricing_fixed_rules":[],"_sales_rep_tiered_pricing_type":"fixed","_sales_rep_tiered_pricing_fixed_rules":[],"yoast_head":"<!-- This site is optimized with the Yoast SEO plugin v23.3 - https:\/\/yoast.com\/wordpress\/plugins\/seo\/ -->\n<title>Mit der Sex On The Beach Bang 15000 Puffs erleben Sie den perfekten Mix aus exotischen Fr\u00fcchten die Sie an einen Strandurlaub erinnern | ElementVape.de<\/title>\n<meta name=\"description\" content=\"Wir bieten Mit der Sex On The Beach Bang 15000 Puffs erleben Sie den perfekten Mix aus exotischen Fr\u00fcchten die Sie an einen Strandurlaub erinnern , Elementvape.de akzeptieren Gro\u00df-und Einzelhandel Bestellungen.\" \/>\n<meta name=\"robots\" content=\"index, follow, max-snippet:-1, max-image-preview:large, max-video-preview:-1\" \/>\n<link rel=\"canonical\" href=\"https:\/\/www.elementvape.de\/lt\/produkt\/mit-der-sex-on-the-beach-bang-15000-puffs-erleben-sie-den-perfekten-mix-aus-exotischen-fruechten-die-sie-an-einen-strandurlaub-erinnern\/\" \/>\n<meta property=\"og:locale\" content=\"lt_LT\" \/>\n<meta property=\"og:type\" content=\"article\" \/>\n<meta property=\"og:title\" content=\"Mit der Sex On The Beach Bang 15000 Puffs erleben Sie den perfekten Mix aus exotischen Fr\u00fcchten die Sie an einen Strandurlaub erinnern | ElementVape.de\" \/>\n<meta property=\"og:description\" content=\"Wir bieten Mit der Sex On The Beach Bang 15000 Puffs erleben Sie den perfekten Mix aus exotischen Fr\u00fcchten die Sie an einen Strandurlaub erinnern , Elementvape.de akzeptieren Gro\u00df-und Einzelhandel Bestellungen.\" \/>\n<meta property=\"og:url\" content=\"https:\/\/www.elementvape.de\/lt\/produkt\/mit-der-sex-on-the-beach-bang-15000-puffs-erleben-sie-den-perfekten-mix-aus-exotischen-fruechten-die-sie-an-einen-strandurlaub-erinnern\/\" \/>\n<meta property=\"og:site_name\" content=\"ElementVape.de\" \/>\n<meta property=\"article:modified_time\" content=\"2024-10-10T02:17:46+00:00\" \/>\n<meta property=\"og:image\" content=\"https:\/\/www.elementvape.de\/wp-content\/uploads\/2024\/09\/Sex-On-The-Beach.jpg\" \/>\n\t<meta property=\"og:image:width\" content=\"1681\" \/>\n\t<meta property=\"og:image:height\" content=\"1020\" \/>\n\t<meta property=\"og:image:type\" content=\"image\/jpeg\" \/>\n<meta name=\"twitter:card\" content=\"summary_large_image\" \/>\n<meta name=\"twitter:label1\" content=\"Est. reading time\" \/>\n\t<meta name=\"twitter:data1\" content=\"7 minut\u0117s\" \/>\n<script type=\"application\/ld+json\" class=\"yoast-schema-graph\">{\"@context\":\"https:\/\/schema.org\",\"@graph\":[{\"@type\":\"WebPage\",\"@id\":\"https:\/\/www.elementvape.de\/fr\/produkt\/mit-der-sex-on-the-beach-bang-15000-puffs-erleben-sie-den-perfekten-mix-aus-exotischen-fruechten-die-sie-an-einen-strandurlaub-erinnern\/\",\"url\":\"https:\/\/www.elementvape.de\/fr\/produkt\/mit-der-sex-on-the-beach-bang-15000-puffs-erleben-sie-den-perfekten-mix-aus-exotischen-fruechten-die-sie-an-einen-strandurlaub-erinnern\/\",\"name\":\"Mit der Sex On The Beach Bang 15000 Puffs erleben Sie den perfekten Mix aus exotischen Fr\u00fcchten die Sie an einen Strandurlaub erinnern | ElementVape.de\",\"isPartOf\":{\"@id\":\"https:\/\/www.elementvape.de\/#website\"},\"primaryImageOfPage\":{\"@id\":\"https:\/\/www.elementvape.de\/fr\/produkt\/mit-der-sex-on-the-beach-bang-15000-puffs-erleben-sie-den-perfekten-mix-aus-exotischen-fruechten-die-sie-an-einen-strandurlaub-erinnern\/#primaryimage\"},\"image\":{\"@id\":\"https:\/\/www.elementvape.de\/fr\/produkt\/mit-der-sex-on-the-beach-bang-15000-puffs-erleben-sie-den-perfekten-mix-aus-exotischen-fruechten-die-sie-an-einen-strandurlaub-erinnern\/#primaryimage\"},\"thumbnailUrl\":\"https:\/\/www.elementvape.de\/wp-content\/uploads\/2024\/09\/Sex-On-The-Beach.jpg\",\"datePublished\":\"2024-09-23T07:30:57+00:00\",\"dateModified\":\"2024-10-10T02:17:46+00:00\",\"description\":\"Wir bieten Mit der Sex On The Beach Bang 15000 Puffs erleben Sie den perfekten Mix aus exotischen Fr\u00fcchten die Sie an einen Strandurlaub erinnern , Elementvape.de akzeptieren Gro\u00df-und Einzelhandel Bestellungen.\",\"breadcrumb\":{\"@id\":\"https:\/\/www.elementvape.de\/fr\/produkt\/mit-der-sex-on-the-beach-bang-15000-puffs-erleben-sie-den-perfekten-mix-aus-exotischen-fruechten-die-sie-an-einen-strandurlaub-erinnern\/#breadcrumb\"},\"inLanguage\":\"lt-LT\",\"potentialAction\":[{\"@type\":\"ReadAction\",\"target\":[\"https:\/\/www.elementvape.de\/fr\/produkt\/mit-der-sex-on-the-beach-bang-15000-puffs-erleben-sie-den-perfekten-mix-aus-exotischen-fruechten-die-sie-an-einen-strandurlaub-erinnern\/\"]}]},{\"@type\":\"ImageObject\",\"inLanguage\":\"lt-LT\",\"@id\":\"https:\/\/www.elementvape.de\/fr\/produkt\/mit-der-sex-on-the-beach-bang-15000-puffs-erleben-sie-den-perfekten-mix-aus-exotischen-fruechten-die-sie-an-einen-strandurlaub-erinnern\/#primaryimage\",\"url\":\"https:\/\/www.elementvape.de\/wp-content\/uploads\/2024\/09\/Sex-On-The-Beach.jpg\",\"contentUrl\":\"https:\/\/www.elementvape.de\/wp-content\/uploads\/2024\/09\/Sex-On-The-Beach.jpg\",\"width\":1681,\"height\":1020,\"caption\":\"Sex On The Beach\"},{\"@type\":\"BreadcrumbList\",\"@id\":\"https:\/\/www.elementvape.de\/fr\/produkt\/mit-der-sex-on-the-beach-bang-15000-puffs-erleben-sie-den-perfekten-mix-aus-exotischen-fruechten-die-sie-an-einen-strandurlaub-erinnern\/#breadcrumb\",\"itemListElement\":[{\"@type\":\"ListItem\",\"position\":1,\"name\":\"Home\",\"item\":\"https:\/\/www.elementvape.de\/\"},{\"@type\":\"ListItem\",\"position\":2,\"name\":\"Shop\",\"item\":\"https:\/\/www.elementvape.de\/shop\/\"},{\"@type\":\"ListItem\",\"position\":3,\"name\":\"Mit der Sex On The Beach Bang 15000 Puffs erleben Sie den perfekten Mix aus exotischen Fr\u00fcchten die Sie an einen Strandurlaub erinnern\"}]},{\"@type\":\"WebSite\",\"@id\":\"https:\/\/www.elementvape.de\/#website\",\"url\":\"https:\/\/www.elementvape.de\/\",\"name\":\"ElementVape.de\",\"description\":\"\",\"publisher\":{\"@id\":\"https:\/\/www.elementvape.de\/#organization\"},\"potentialAction\":[{\"@type\":\"SearchAction\",\"target\":{\"@type\":\"EntryPoint\",\"urlTemplate\":\"https:\/\/www.elementvape.de\/?s={search_term_string}\"},\"query-input\":\"required name=search_term_string\"}],\"inLanguage\":\"lt-LT\"},{\"@type\":\"Organization\",\"@id\":\"https:\/\/www.elementvape.de\/#organization\",\"name\":\"ElementVape.DE\",\"url\":\"https:\/\/www.elementvape.de\/\",\"logo\":{\"@type\":\"ImageObject\",\"inLanguage\":\"lt-LT\",\"@id\":\"https:\/\/www.elementvape.de\/#\/schema\/logo\/image\/\",\"url\":\"https:\/\/www.elementvape.de\/wp-content\/uploads\/2024\/09\/cropped-1elementvape-3.png\",\"contentUrl\":\"https:\/\/www.elementvape.de\/wp-content\/uploads\/2024\/09\/cropped-1elementvape-3.png\",\"width\":285,\"height\":228,\"caption\":\"ElementVape.DE\"},\"image\":{\"@id\":\"https:\/\/www.elementvape.de\/#\/schema\/logo\/image\/\"}}]}<\/script>\n<!-- \/ Yoast SEO plugin. -->","yoast_head_json":{"title":"Mit der Sex On The Beach Bang 15000 Puffs erleben Sie den perfekten Mix aus exotischen Fr\u00fcchten die Sie an einen Strandurlaub erinnern | ElementVape.de","description":"Wir bieten Mit der Sex On The Beach Bang 15000 Puffs erleben Sie den perfekten Mix aus exotischen Fr\u00fcchten die Sie an einen Strandurlaub erinnern , Elementvape.de akzeptieren Gro\u00df-und Einzelhandel Bestellungen.","robots":{"index":"index","follow":"follow","max-snippet":"max-snippet:-1","max-image-preview":"max-image-preview:large","max-video-preview":"max-video-preview:-1"},"canonical":"https:\/\/www.elementvape.de\/lt\/produkt\/mit-der-sex-on-the-beach-bang-15000-puffs-erleben-sie-den-perfekten-mix-aus-exotischen-fruechten-die-sie-an-einen-strandurlaub-erinnern\/","og_locale":"lt_LT","og_type":"article","og_title":"Mit der Sex On The Beach Bang 15000 Puffs erleben Sie den perfekten Mix aus exotischen Fr\u00fcchten die Sie an einen Strandurlaub erinnern | ElementVape.de","og_description":"Wir bieten Mit der Sex On The Beach Bang 15000 Puffs erleben Sie den perfekten Mix aus exotischen Fr\u00fcchten die Sie an einen Strandurlaub erinnern , Elementvape.de akzeptieren Gro\u00df-und Einzelhandel Bestellungen.","og_url":"https:\/\/www.elementvape.de\/lt\/produkt\/mit-der-sex-on-the-beach-bang-15000-puffs-erleben-sie-den-perfekten-mix-aus-exotischen-fruechten-die-sie-an-einen-strandurlaub-erinnern\/","og_site_name":"ElementVape.de","article_modified_time":"2024-10-10T02:17:46+00:00","og_image":[{"width":1681,"height":1020,"url":"https:\/\/www.elementvape.de\/wp-content\/uploads\/2024\/09\/Sex-On-The-Beach.jpg","type":"image\/jpeg"}],"twitter_card":"summary_large_image","twitter_misc":{"Est. reading time":"7 minut\u0117s"},"schema":{"@context":"https:\/\/schema.org","@graph":[{"@type":"WebPage","@id":"https:\/\/www.elementvape.de\/fr\/produkt\/mit-der-sex-on-the-beach-bang-15000-puffs-erleben-sie-den-perfekten-mix-aus-exotischen-fruechten-die-sie-an-einen-strandurlaub-erinnern\/","url":"https:\/\/www.elementvape.de\/fr\/produkt\/mit-der-sex-on-the-beach-bang-15000-puffs-erleben-sie-den-perfekten-mix-aus-exotischen-fruechten-die-sie-an-einen-strandurlaub-erinnern\/","name":"Mit der Sex On The Beach Bang 15000 Puffs erleben Sie den perfekten Mix aus exotischen Fr\u00fcchten die Sie an einen Strandurlaub erinnern | ElementVape.de","isPartOf":{"@id":"https:\/\/www.elementvape.de\/#website"},"primaryImageOfPage":{"@id":"https:\/\/www.elementvape.de\/fr\/produkt\/mit-der-sex-on-the-beach-bang-15000-puffs-erleben-sie-den-perfekten-mix-aus-exotischen-fruechten-die-sie-an-einen-strandurlaub-erinnern\/#primaryimage"},"image":{"@id":"https:\/\/www.elementvape.de\/fr\/produkt\/mit-der-sex-on-the-beach-bang-15000-puffs-erleben-sie-den-perfekten-mix-aus-exotischen-fruechten-die-sie-an-einen-strandurlaub-erinnern\/#primaryimage"},"thumbnailUrl":"https:\/\/www.elementvape.de\/wp-content\/uploads\/2024\/09\/Sex-On-The-Beach.jpg","datePublished":"2024-09-23T07:30:57+00:00","dateModified":"2024-10-10T02:17:46+00:00","description":"Wir bieten Mit der Sex On The Beach Bang 15000 Puffs erleben Sie den perfekten Mix aus exotischen Fr\u00fcchten die Sie an einen Strandurlaub erinnern , Elementvape.de akzeptieren Gro\u00df-und Einzelhandel Bestellungen.","breadcrumb":{"@id":"https:\/\/www.elementvape.de\/fr\/produkt\/mit-der-sex-on-the-beach-bang-15000-puffs-erleben-sie-den-perfekten-mix-aus-exotischen-fruechten-die-sie-an-einen-strandurlaub-erinnern\/#breadcrumb"},"inLanguage":"lt-LT","potentialAction":[{"@type":"ReadAction","target":["https:\/\/www.elementvape.de\/fr\/produkt\/mit-der-sex-on-the-beach-bang-15000-puffs-erleben-sie-den-perfekten-mix-aus-exotischen-fruechten-die-sie-an-einen-strandurlaub-erinnern\/"]}]},{"@type":"ImageObject","inLanguage":"lt-LT","@id":"https:\/\/www.elementvape.de\/fr\/produkt\/mit-der-sex-on-the-beach-bang-15000-puffs-erleben-sie-den-perfekten-mix-aus-exotischen-fruechten-die-sie-an-einen-strandurlaub-erinnern\/#primaryimage","url":"https:\/\/www.elementvape.de\/wp-content\/uploads\/2024\/09\/Sex-On-The-Beach.jpg","contentUrl":"https:\/\/www.elementvape.de\/wp-content\/uploads\/2024\/09\/Sex-On-The-Beach.jpg","width":1681,"height":1020,"caption":"Sex On The Beach"},{"@type":"BreadcrumbList","@id":"https:\/\/www.elementvape.de\/fr\/produkt\/mit-der-sex-on-the-beach-bang-15000-puffs-erleben-sie-den-perfekten-mix-aus-exotischen-fruechten-die-sie-an-einen-strandurlaub-erinnern\/#breadcrumb","itemListElement":[{"@type":"ListItem","position":1,"name":"Home","item":"https:\/\/www.elementvape.de\/"},{"@type":"ListItem","position":2,"name":"Shop","item":"https:\/\/www.elementvape.de\/shop\/"},{"@type":"ListItem","position":3,"name":"Mit der Sex On The Beach Bang 15000 Puffs erleben Sie den perfekten Mix aus exotischen Fr\u00fcchten die Sie an einen Strandurlaub erinnern"}]},{"@type":"WebSite","@id":"https:\/\/www.elementvape.de\/#website","url":"https:\/\/www.elementvape.de\/","name":"ElementVape.de","description":"","publisher":{"@id":"https:\/\/www.elementvape.de\/#organization"},"potentialAction":[{"@type":"SearchAction","target":{"@type":"EntryPoint","urlTemplate":"https:\/\/www.elementvape.de\/?s={search_term_string}"},"query-input":"required name=search_term_string"}],"inLanguage":"lt-LT"},{"@type":"Organization","@id":"https:\/\/www.elementvape.de\/#organization","name":"ElementVape.DE","url":"https:\/\/www.elementvape.de\/","logo":{"@type":"ImageObject","inLanguage":"lt-LT","@id":"https:\/\/www.elementvape.de\/#\/schema\/logo\/image\/","url":"https:\/\/www.elementvape.de\/wp-content\/uploads\/2024\/09\/cropped-1elementvape-3.png","contentUrl":"https:\/\/www.elementvape.de\/wp-content\/uploads\/2024\/09\/cropped-1elementvape-3.png","width":285,"height":228,"caption":"ElementVape.DE"},"image":{"@id":"https:\/\/www.elementvape.de\/#\/schema\/logo\/image\/"}}]}},"_links":{"self":[{"href":"https:\/\/www.elementvape.de\/lt\/wp-json\/wp\/v2\/product\/14573"}],"collection":[{"href":"https:\/\/www.elementvape.de\/lt\/wp-json\/wp\/v2\/product"}],"about":[{"href":"https:\/\/www.elementvape.de\/lt\/wp-json\/wp\/v2\/types\/product"}],"wp:featuredmedia":[{"embeddable":true,"href":"https:\/\/www.elementvape.de\/lt\/wp-json\/wp\/v2\/media\/14549"}],"wp:attachment":[{"href":"https:\/\/www.elementvape.de\/lt\/wp-json\/wp\/v2\/media?parent=14573"}],"wp:term":[{"taxonomy":"product_cat","embeddable":true,"href":"https:\/\/www.elementvape.de\/lt\/wp-json\/wp\/v2\/product_cat?post=14573"},{"taxonomy":"product_tag","embeddable":true,"href":"https:\/\/www.elementvape.de\/lt\/wp-json\/wp\/v2\/product_tag?post=14573"}],"curies":[{"name":"wp","href":"https:\/\/api.w.org\/{rel}","templated":true}]}}