{"id":14565,"date":"2024-09-23T06:29:13","date_gmt":"2024-09-23T06:29:13","guid":{"rendered":"https:\/\/www.elementvape.de\/?post_type=product&#038;p=14565"},"modified":"2024-10-10T02:26:02","modified_gmt":"2024-10-10T02:26:02","slug":"erleben-sie-die-tropische-fusion-aus-saftigen-pfirsichen-und-suessen-mangos-mit-der-peach-mango-bang-15000-puffs-ein-wahrer-genuss-fuer-dampfer","status":"publish","type":"product","link":"https:\/\/www.elementvape.de\/lt\/produkt\/erleben-sie-die-tropische-fusion-aus-saftigen-pfirsichen-und-suessen-mangos-mit-der-peach-mango-bang-15000-puffs-ein-wahrer-genuss-fuer-dampfer\/","title":{"rendered":"Patirkite tropin\u012f derin\u012f i\u0161 sulting\u0173 persik\u0173 ir sald\u017ei\u0173 mang\u0173 su Peach Mango Bang 15000 Puffs \u2013 tikras d\u017eiaugsmas d\u016bm\u0173 m\u0117g\u0117jams"},"content":{"rendered":"<p>Sveiki atvyk\u0119 \u012f tropini\u0173 skoni\u0173 pasaul\u012f Peach Mango Bang 15000 Puffs! \u0160is inovatyvus \u012fkraunamas vienkartinis podas sujungia sulting\u0105 prinokusi\u0173 persik\u0173 saldum\u0105 su egzoti\u0161ku mang\u0173 aromatu, sukurdamas nepamir\u0161tam\u0105 skonio patirt\u012f. Idealiai tinka vaperiams, ie\u0161kantiems vaisinio malonumo, Peach Mango Pod \u017eada paversti kiekvien\u0105 \u012fkv\u0117pim\u0105 tikru poj\u016b\u010di\u0173 \u0161ventimu. Pasinerkite \u012f \u0161\u012f skan\u0173 gar\u0173 malonum\u0105 ir leiskit\u0117s \u012f persik\u0173 ir mang\u0173 derinio magij\u0105!<\/p>\n<h3>Technin\u0117s specifikacijos<\/h3>\n<p>Prie\u0161 pasineriant \u012f skonio patirt\u012f, pa\u017evelkime \u012f \u012fsp\u016bdingus techninius Peach Mango Bang Pod duomenis:<\/p>\n<ul>\n<li>Modelio numeris: Bang 15000 R\u016bkini\u0173 \u012ekraunamas Vienkartinis Pod<\/li>\n<li>E-liquido talpa: 23 ml<\/li>\n<li>N-Gelio kiekis: 2% ir 5%<\/li>\n<li>Baterija: 650 mAh<\/li>\n<li>R\u016bkini\u0173 skai\u010dius: 15 000<\/li>\n<li>\u012ekrovimo jungtis: Type-C<\/li>\n<li>Var\u017ea: 1,1 Ohmo<\/li>\n<\/ul>\n<p>Su 23 ml E-liquido talpa, Peach Mango <strong><a href=\"https:\/\/www.elementvape.de\/lt\/c\/pod\/\" target=\"_blank\" rel=\"noopener\">Podas<\/a><\/strong> u\u017etikrina pakankamai atsarg\u0173 ilgiems garinimo seansams. Su iki <strong><a href=\"https:\/\/www.elementvape.de\/lt\/p-tag\/groesser-oder-gleich-15000-zuege\/\" target=\"_blank\" rel=\"noopener\">15000 R\u016bkim\u0173<\/a><\/strong> galite tik\u0117tis valand\u0173 trunkan\u010dio malonumo. Galimyb\u0117 pasirinkti tarp 2% ir 5% N kiekio leid\u017eia individualiai pritaikyti, o Type-C \u012fkrovimo jungtis u\u017etikrina greit\u0105 ir patog\u0173 \u012fkrovim\u0105.<\/p>\n<h3>Skoni\u0173 patirtis<\/h3>\n<p>Skonio patirtis Peach Mango Bang Pod yra nepalyginama. Kiekvienas \u012fkv\u0117pimas atskleid\u017eia \u0161vie\u017ei\u0173, sulting\u0173 prinokusi\u0173 persik\u0173 saldum\u0105, kuris i\u0161 karto patraukia poj\u016b\u010dius. \u0160i vaisin\u0117 baz\u0117 papildoma egzoti\u0161ku mang\u0173 saldumu, pakelian\u010diu gar\u0173 patirt\u012f \u012f nauj\u0105 lyg\u012f.<\/p>\n<p>Persik\u0173 ir mang\u0173 derinys sukuria harmoning\u0105 jungt\u012f, kuri yra tiek intensyvi, tiek gaivi. Persik\u0173 saldumas puikiai susilieja su tropiniu mang\u0173 gaivumu, sukurdami skonio patirt\u012f, primenan\u010di\u0105 saul\u0117t\u0105 papl\u016bdimio dien\u0105.<\/p>\n<p>Nesvarbu, ar keliaujate atostog\u0173, ar tiesiog ie\u0161kote pertraukos nuo kasdienyb\u0117s, Peach Mango Pod atne\u0161a saul\u0117s ir papl\u016bdimio jausm\u0105 tiesiai pas jus. \u0160is vaisinis duetas yra idealus visiems, vertinantiems tropini\u0173 aromat\u0173 \u012fvairov\u0119.<\/p>\n<h3>Dizainas ir naudotojo patogumas<\/h3>\n<p>Peach Mango Bang Pod \u017eavi ne tik savo skoniu, bet ir eleganti\u0161ku bei patogiu dizainu. Kompakti\u0161ka forma patogiai telpa \u012f rank\u0105 ir lengvai transportuojama. Nesvarbu, ar esate kelyje, ar ilsit\u0117s namuose \u2013 \u0161is podas visada yra po ranka.<\/p>\n<h4>Ergonomika ir mobilumas<\/h4>\n<p>Siaura Peach Mango Pod konstrukcija u\u017etikrina, kad ji tilps \u012f bet kuri\u0105 ki\u0161en\u0119, tod\u0117l yra ideali vaperiams, kurie daug keliauja. Type-C \u012fkrovimo jungtis leid\u017eia greitai ir paprastai \u012fkrauti, suma\u017einant laukimo laik\u0105 ir leid\u017eiant daugiau laiko m\u0117gautis garinimu.<\/p>\n<h4>Paprasta naudoti<\/h4>\n<p>Didelis Peach Mango Bang Pod prana\u0161umas yra jos naudotojo draugi\u0161kumas. Jums nereikia sud\u0117ting\u0173 nustatym\u0173 ar sud\u0117ting\u0173 \u012frengini\u0173. Tiesiog i\u0161pakuokite, \u012fkraukite ir m\u0117gaukit\u0117s \u2013 taip paprasta!<\/p>\n<p>Peach Mango Bang Pod skirtas pla\u010diai auditorijai, ypa\u010d vaperiams, m\u0117gstantiems vaisinius ir egzoti\u0161kus aromatus. Persik\u0173 ir tropini\u0173 mang\u0173 derinys daro \u0161\u012f pod\u0105 idealiu pasirinkimu tiems, kurie ie\u0161ko intensyvaus ir gaivaus garavimo patirties.<\/p>\n<h4>Pradedantiesiems ir patyrusiems garintojams<\/h4>\n<p>Nesvarbu, ar esate pradedantysis, k\u0105 tik prad\u0117j\u0119s garinti, ar patyr\u0119s vaperis, norintis atrasti naujus skonius, Peach Mango Pod jus su\u017eav\u0117s. Paprastas naudojimas ir skanus skonio derinys daro j\u012f tobuliu pasirinkimu kiekvienam vaperiui.<\/p>\n<h3>Palyginimas su konkurentais<\/h3>\n<p>Palyginti su kitais rinkoje esan\u010diais produktais, Peach Mango Bang Pod si\u016blo unikal\u0173 skon\u012f ir didel\u012f p\u016btimo kiek\u012f. Daugelis konkurent\u0173 produkt\u0173 remiasi paprastais vaisi\u0173 aromatais, ta\u010diau Peach Mango Pod sujungia persik\u0173 ir mang\u0173 saldum\u0105 \u012f i\u0161skirtin\u0119 patirt\u012f.<\/p>\n<h4>Skonio ir na\u0161umo prana\u0161umas<\/h4>\n<p>Sald\u017ei\u0173 persik\u0173 ir egzoti\u0161k\u0173 mang\u0173 jungtis i\u0161skiria Peach Mango <strong><a href=\"https:\/\/www.elementvape.de\/lt\/c\/pod\/\" target=\"_blank\" rel=\"noopener\">Podas<\/a><\/strong> nuo kit\u0173 vape \u012frengini\u0173. Daugelis produkt\u0173 si\u016blo arba vaisin\u012f aromat\u0105, arba egzoti\u0161k\u0105 skon\u012f, ta\u010diau Peach Mango Pod sujungia abu, sukurdama nepamir\u0161tam\u0105 garavimo patirt\u012f.<\/p>\n<h3>Taikymo sritys<\/h3>\n<p>Peach Mango Bang Pod puikiai tinka \u012fvairioms progoms. Nesvarbu, ar ilsit\u0117s namuose, \u0161v\u0119site su draugais, ar leid\u017eiat\u0117s \u012f i\u0161vyk\u0105 \u012f gamt\u0105 \u2013 \u0161is podas yra tobulas kompanionas kiekvienam momentui.<\/p>\n<h4>Atpalaidavimas ir malonumas<\/h4>\n<p>Po ilgos dienos n\u0117ra nieko geriau nei atsipalaiduoti su vaisiniu ir gaiviu vape. Peach Mango Pod padeda jaustis energingai ir gaiviai, nesvarbu, kur beb\u016btum\u0117te. M\u0117gaukit\u0117s tropini\u0173 persik\u0173 ir mang\u0173 junginiu, kuris sukuria tikrai nepamir\u0161tam\u0105 garavimo patirt\u012f.<\/p>\n<p>\u201ePeach Mango Bang Pod\u201c yra puikus pasirinkimas garintojams, ie\u0161kantiems intensyvaus ir vaisi\u0173 skonio potyrio. Harmoningas saldaus persiko ir egzoti\u0161ko mango derinys kiekvien\u0105 \u012fkv\u0117pim\u0105 paver\u010dia malonumu, kurio nenor\u0117site praleisti. Leiskite sau susi\u017eav\u0117ti \u0161iuo unikaliu garinimo sprendimu ir patirkite atogr\u0105\u017e\u0173 sintez\u0119, kuri paver\u010dia garinim\u0105 tikru malonumu!<\/p>","protected":false},"excerpt":{"rendered":"<p>Willkommen in der tropischen Geschmackswelt der Peach Mango Bang 15000 Puffs! Diese innovative Rechargeable Disposable Pod vereint die saftige S\u00fc\u00dfe von reifen Pfirsichen mit dem exotischen Aroma von Mangos zu einer unvergleichlichen Geschmackserfahrung. Perfekt f\u00fcr Dampfer, die auf der Suche nach einem fruchtigen Genuss sind, verspricht die Peach Mango Pod, jeden Zug zu einem wahren [&hellip;]<\/p>","protected":false},"featured_media":14543,"template":"","meta":{"inline_featured_image":false},"product_cat":[15,769,739,743,744,755,738,751],"product_tag":[710,674],"tiered_pricing_type":"fixed","tiered_pricing_fixed_rules":{"60":"6.58","110":"5.85","200":"5.12"},"tiered_pricing_percentage_rules":[],"tiered_pricing_minimum":1,"_administrator_tiered_pricing_type":"fixed","_administrator_tiered_pricing_fixed_rules":[],"_editor_tiered_pricing_type":"fixed","_editor_tiered_pricing_fixed_rules":[],"_author_tiered_pricing_type":"fixed","_author_tiered_pricing_fixed_rules":[],"_contributor_tiered_pricing_type":"fixed","_contributor_tiered_pricing_fixed_rules":[],"_subscriber_tiered_pricing_type":"fixed","_subscriber_tiered_pricing_fixed_rules":[],"_customer_tiered_pricing_type":"fixed","_customer_tiered_pricing_fixed_rules":[],"_shop_manager_tiered_pricing_type":"fixed","_shop_manager_tiered_pricing_fixed_rules":[],"_wpseo_manager_tiered_pricing_type":"fixed","_wpseo_manager_tiered_pricing_fixed_rules":[],"_wpseo_editor_tiered_pricing_type":"fixed","_wpseo_editor_tiered_pricing_fixed_rules":[],"_wholesale_customer_tiered_pricing_type":"fixed","_wholesale_customer_tiered_pricing_fixed_rules":[],"_marketer_tiered_pricing_type":"fixed","_marketer_tiered_pricing_fixed_rules":[],"_sales_manager_tiered_pricing_type":"fixed","_sales_manager_tiered_pricing_fixed_rules":[],"_sales_rep_tiered_pricing_type":"fixed","_sales_rep_tiered_pricing_fixed_rules":[],"yoast_head":"<!-- This site is optimized with the Yoast SEO plugin v23.3 - https:\/\/yoast.com\/wordpress\/plugins\/seo\/ -->\n<title>Erleben Sie die tropische Fusion aus saftigen Pfirsichen und s\u00fc\u00dfen Mangos mit der Peach Mango Bang 15000 Puffs ein wahrer Genuss f\u00fcr Dampfer | ElementVape.de<\/title>\n<meta name=\"description\" content=\"Wir bieten Erleben Sie die tropische Fusion aus saftigen Pfirsichen und s\u00fc\u00dfen Mangos mit der Peach Mango Bang 15000 Puffs ein wahrer Genuss f\u00fcr Dampfer , Elementvape.de akzeptieren Gro\u00df-und Einzelhandel Bestellungen.\" \/>\n<meta name=\"robots\" content=\"index, follow, max-snippet:-1, max-image-preview:large, max-video-preview:-1\" \/>\n<link rel=\"canonical\" href=\"https:\/\/www.elementvape.de\/lt\/produkt\/erleben-sie-die-tropische-fusion-aus-saftigen-pfirsichen-und-suessen-mangos-mit-der-peach-mango-bang-15000-puffs-ein-wahrer-genuss-fuer-dampfer\/\" \/>\n<meta property=\"og:locale\" content=\"lt_LT\" \/>\n<meta property=\"og:type\" content=\"article\" \/>\n<meta property=\"og:title\" content=\"Erleben Sie die tropische Fusion aus saftigen Pfirsichen und s\u00fc\u00dfen Mangos mit der Peach Mango Bang 15000 Puffs ein wahrer Genuss f\u00fcr Dampfer | ElementVape.de\" \/>\n<meta property=\"og:description\" content=\"Wir bieten Erleben Sie die tropische Fusion aus saftigen Pfirsichen und s\u00fc\u00dfen Mangos mit der Peach Mango Bang 15000 Puffs ein wahrer Genuss f\u00fcr Dampfer , Elementvape.de akzeptieren Gro\u00df-und Einzelhandel Bestellungen.\" \/>\n<meta property=\"og:url\" content=\"https:\/\/www.elementvape.de\/lt\/produkt\/erleben-sie-die-tropische-fusion-aus-saftigen-pfirsichen-und-suessen-mangos-mit-der-peach-mango-bang-15000-puffs-ein-wahrer-genuss-fuer-dampfer\/\" \/>\n<meta property=\"og:site_name\" content=\"ElementVape.de\" \/>\n<meta property=\"article:modified_time\" content=\"2024-10-10T02:26:02+00:00\" \/>\n<meta property=\"og:image\" content=\"https:\/\/www.elementvape.de\/wp-content\/uploads\/2024\/09\/Peach-Mango-1.jpg\" \/>\n\t<meta property=\"og:image:width\" content=\"1681\" \/>\n\t<meta property=\"og:image:height\" content=\"1020\" \/>\n\t<meta property=\"og:image:type\" content=\"image\/jpeg\" \/>\n<meta name=\"twitter:card\" content=\"summary_large_image\" \/>\n<meta name=\"twitter:label1\" content=\"Est. reading time\" \/>\n\t<meta name=\"twitter:data1\" content=\"5 minut\u0117s\" \/>\n<script type=\"application\/ld+json\" class=\"yoast-schema-graph\">{\"@context\":\"https:\/\/schema.org\",\"@graph\":[{\"@type\":\"WebPage\",\"@id\":\"https:\/\/www.elementvape.de\/lt\/produkt\/erleben-sie-die-tropische-fusion-aus-saftigen-pfirsichen-und-suessen-mangos-mit-der-peach-mango-bang-15000-puffs-ein-wahrer-genuss-fuer-dampfer\/\",\"url\":\"https:\/\/www.elementvape.de\/lt\/produkt\/erleben-sie-die-tropische-fusion-aus-saftigen-pfirsichen-und-suessen-mangos-mit-der-peach-mango-bang-15000-puffs-ein-wahrer-genuss-fuer-dampfer\/\",\"name\":\"Erleben Sie die tropische Fusion aus saftigen Pfirsichen und s\u00fc\u00dfen Mangos mit der Peach Mango Bang 15000 Puffs ein wahrer Genuss f\u00fcr Dampfer | ElementVape.de\",\"isPartOf\":{\"@id\":\"https:\/\/www.elementvape.de\/#website\"},\"primaryImageOfPage\":{\"@id\":\"https:\/\/www.elementvape.de\/lt\/produkt\/erleben-sie-die-tropische-fusion-aus-saftigen-pfirsichen-und-suessen-mangos-mit-der-peach-mango-bang-15000-puffs-ein-wahrer-genuss-fuer-dampfer\/#primaryimage\"},\"image\":{\"@id\":\"https:\/\/www.elementvape.de\/lt\/produkt\/erleben-sie-die-tropische-fusion-aus-saftigen-pfirsichen-und-suessen-mangos-mit-der-peach-mango-bang-15000-puffs-ein-wahrer-genuss-fuer-dampfer\/#primaryimage\"},\"thumbnailUrl\":\"https:\/\/www.elementvape.de\/wp-content\/uploads\/2024\/09\/Peach-Mango-1.jpg\",\"datePublished\":\"2024-09-23T06:29:13+00:00\",\"dateModified\":\"2024-10-10T02:26:02+00:00\",\"description\":\"Wir bieten Erleben Sie die tropische Fusion aus saftigen Pfirsichen und s\u00fc\u00dfen Mangos mit der Peach Mango Bang 15000 Puffs ein wahrer Genuss f\u00fcr Dampfer , Elementvape.de akzeptieren Gro\u00df-und Einzelhandel Bestellungen.\",\"breadcrumb\":{\"@id\":\"https:\/\/www.elementvape.de\/lt\/produkt\/erleben-sie-die-tropische-fusion-aus-saftigen-pfirsichen-und-suessen-mangos-mit-der-peach-mango-bang-15000-puffs-ein-wahrer-genuss-fuer-dampfer\/#breadcrumb\"},\"inLanguage\":\"lt-LT\",\"potentialAction\":[{\"@type\":\"ReadAction\",\"target\":[\"https:\/\/www.elementvape.de\/lt\/produkt\/erleben-sie-die-tropische-fusion-aus-saftigen-pfirsichen-und-suessen-mangos-mit-der-peach-mango-bang-15000-puffs-ein-wahrer-genuss-fuer-dampfer\/\"]}]},{\"@type\":\"ImageObject\",\"inLanguage\":\"lt-LT\",\"@id\":\"https:\/\/www.elementvape.de\/lt\/produkt\/erleben-sie-die-tropische-fusion-aus-saftigen-pfirsichen-und-suessen-mangos-mit-der-peach-mango-bang-15000-puffs-ein-wahrer-genuss-fuer-dampfer\/#primaryimage\",\"url\":\"https:\/\/www.elementvape.de\/wp-content\/uploads\/2024\/09\/Peach-Mango-1.jpg\",\"contentUrl\":\"https:\/\/www.elementvape.de\/wp-content\/uploads\/2024\/09\/Peach-Mango-1.jpg\",\"width\":1681,\"height\":1020,\"caption\":\"Peach Mango\"},{\"@type\":\"BreadcrumbList\",\"@id\":\"https:\/\/www.elementvape.de\/lt\/produkt\/erleben-sie-die-tropische-fusion-aus-saftigen-pfirsichen-und-suessen-mangos-mit-der-peach-mango-bang-15000-puffs-ein-wahrer-genuss-fuer-dampfer\/#breadcrumb\",\"itemListElement\":[{\"@type\":\"ListItem\",\"position\":1,\"name\":\"Home\",\"item\":\"https:\/\/www.elementvape.de\/\"},{\"@type\":\"ListItem\",\"position\":2,\"name\":\"Shop\",\"item\":\"https:\/\/www.elementvape.de\/shop\/\"},{\"@type\":\"ListItem\",\"position\":3,\"name\":\"Erleben Sie die tropische Fusion aus saftigen Pfirsichen und s\u00fc\u00dfen Mangos mit der Peach Mango Bang 15000 Puffs ein wahrer Genuss f\u00fcr Dampfer\"}]},{\"@type\":\"WebSite\",\"@id\":\"https:\/\/www.elementvape.de\/#website\",\"url\":\"https:\/\/www.elementvape.de\/\",\"name\":\"ElementVape.de\",\"description\":\"\",\"publisher\":{\"@id\":\"https:\/\/www.elementvape.de\/#organization\"},\"potentialAction\":[{\"@type\":\"SearchAction\",\"target\":{\"@type\":\"EntryPoint\",\"urlTemplate\":\"https:\/\/www.elementvape.de\/?s={search_term_string}\"},\"query-input\":\"required name=search_term_string\"}],\"inLanguage\":\"lt-LT\"},{\"@type\":\"Organization\",\"@id\":\"https:\/\/www.elementvape.de\/#organization\",\"name\":\"ElementVape.DE\",\"url\":\"https:\/\/www.elementvape.de\/\",\"logo\":{\"@type\":\"ImageObject\",\"inLanguage\":\"lt-LT\",\"@id\":\"https:\/\/www.elementvape.de\/#\/schema\/logo\/image\/\",\"url\":\"https:\/\/www.elementvape.de\/wp-content\/uploads\/2024\/09\/cropped-1elementvape-3.png\",\"contentUrl\":\"https:\/\/www.elementvape.de\/wp-content\/uploads\/2024\/09\/cropped-1elementvape-3.png\",\"width\":285,\"height\":228,\"caption\":\"ElementVape.DE\"},\"image\":{\"@id\":\"https:\/\/www.elementvape.de\/#\/schema\/logo\/image\/\"}}]}<\/script>\n<!-- \/ Yoast SEO plugin. -->","yoast_head_json":{"title":"Erleben Sie die tropische Fusion aus saftigen Pfirsichen und s\u00fc\u00dfen Mangos mit der Peach Mango Bang 15000 Puffs ein wahrer Genuss f\u00fcr Dampfer | ElementVape.de","description":"Wir bieten Erleben Sie die tropische Fusion aus saftigen Pfirsichen und s\u00fc\u00dfen Mangos mit der Peach Mango Bang 15000 Puffs ein wahrer Genuss f\u00fcr Dampfer , Elementvape.de akzeptieren Gro\u00df-und Einzelhandel Bestellungen.","robots":{"index":"index","follow":"follow","max-snippet":"max-snippet:-1","max-image-preview":"max-image-preview:large","max-video-preview":"max-video-preview:-1"},"canonical":"https:\/\/www.elementvape.de\/lt\/produkt\/erleben-sie-die-tropische-fusion-aus-saftigen-pfirsichen-und-suessen-mangos-mit-der-peach-mango-bang-15000-puffs-ein-wahrer-genuss-fuer-dampfer\/","og_locale":"lt_LT","og_type":"article","og_title":"Erleben Sie die tropische Fusion aus saftigen Pfirsichen und s\u00fc\u00dfen Mangos mit der Peach Mango Bang 15000 Puffs ein wahrer Genuss f\u00fcr Dampfer | ElementVape.de","og_description":"Wir bieten Erleben Sie die tropische Fusion aus saftigen Pfirsichen und s\u00fc\u00dfen Mangos mit der Peach Mango Bang 15000 Puffs ein wahrer Genuss f\u00fcr Dampfer , Elementvape.de akzeptieren Gro\u00df-und Einzelhandel Bestellungen.","og_url":"https:\/\/www.elementvape.de\/lt\/produkt\/erleben-sie-die-tropische-fusion-aus-saftigen-pfirsichen-und-suessen-mangos-mit-der-peach-mango-bang-15000-puffs-ein-wahrer-genuss-fuer-dampfer\/","og_site_name":"ElementVape.de","article_modified_time":"2024-10-10T02:26:02+00:00","og_image":[{"width":1681,"height":1020,"url":"https:\/\/www.elementvape.de\/wp-content\/uploads\/2024\/09\/Peach-Mango-1.jpg","type":"image\/jpeg"}],"twitter_card":"summary_large_image","twitter_misc":{"Est. reading time":"5 minut\u0117s"},"schema":{"@context":"https:\/\/schema.org","@graph":[{"@type":"WebPage","@id":"https:\/\/www.elementvape.de\/lt\/produkt\/erleben-sie-die-tropische-fusion-aus-saftigen-pfirsichen-und-suessen-mangos-mit-der-peach-mango-bang-15000-puffs-ein-wahrer-genuss-fuer-dampfer\/","url":"https:\/\/www.elementvape.de\/lt\/produkt\/erleben-sie-die-tropische-fusion-aus-saftigen-pfirsichen-und-suessen-mangos-mit-der-peach-mango-bang-15000-puffs-ein-wahrer-genuss-fuer-dampfer\/","name":"Erleben Sie die tropische Fusion aus saftigen Pfirsichen und s\u00fc\u00dfen Mangos mit der Peach Mango Bang 15000 Puffs ein wahrer Genuss f\u00fcr Dampfer | ElementVape.de","isPartOf":{"@id":"https:\/\/www.elementvape.de\/#website"},"primaryImageOfPage":{"@id":"https:\/\/www.elementvape.de\/lt\/produkt\/erleben-sie-die-tropische-fusion-aus-saftigen-pfirsichen-und-suessen-mangos-mit-der-peach-mango-bang-15000-puffs-ein-wahrer-genuss-fuer-dampfer\/#primaryimage"},"image":{"@id":"https:\/\/www.elementvape.de\/lt\/produkt\/erleben-sie-die-tropische-fusion-aus-saftigen-pfirsichen-und-suessen-mangos-mit-der-peach-mango-bang-15000-puffs-ein-wahrer-genuss-fuer-dampfer\/#primaryimage"},"thumbnailUrl":"https:\/\/www.elementvape.de\/wp-content\/uploads\/2024\/09\/Peach-Mango-1.jpg","datePublished":"2024-09-23T06:29:13+00:00","dateModified":"2024-10-10T02:26:02+00:00","description":"Wir bieten Erleben Sie die tropische Fusion aus saftigen Pfirsichen und s\u00fc\u00dfen Mangos mit der Peach Mango Bang 15000 Puffs ein wahrer Genuss f\u00fcr Dampfer , Elementvape.de akzeptieren Gro\u00df-und Einzelhandel Bestellungen.","breadcrumb":{"@id":"https:\/\/www.elementvape.de\/lt\/produkt\/erleben-sie-die-tropische-fusion-aus-saftigen-pfirsichen-und-suessen-mangos-mit-der-peach-mango-bang-15000-puffs-ein-wahrer-genuss-fuer-dampfer\/#breadcrumb"},"inLanguage":"lt-LT","potentialAction":[{"@type":"ReadAction","target":["https:\/\/www.elementvape.de\/lt\/produkt\/erleben-sie-die-tropische-fusion-aus-saftigen-pfirsichen-und-suessen-mangos-mit-der-peach-mango-bang-15000-puffs-ein-wahrer-genuss-fuer-dampfer\/"]}]},{"@type":"ImageObject","inLanguage":"lt-LT","@id":"https:\/\/www.elementvape.de\/lt\/produkt\/erleben-sie-die-tropische-fusion-aus-saftigen-pfirsichen-und-suessen-mangos-mit-der-peach-mango-bang-15000-puffs-ein-wahrer-genuss-fuer-dampfer\/#primaryimage","url":"https:\/\/www.elementvape.de\/wp-content\/uploads\/2024\/09\/Peach-Mango-1.jpg","contentUrl":"https:\/\/www.elementvape.de\/wp-content\/uploads\/2024\/09\/Peach-Mango-1.jpg","width":1681,"height":1020,"caption":"Peach Mango"},{"@type":"BreadcrumbList","@id":"https:\/\/www.elementvape.de\/lt\/produkt\/erleben-sie-die-tropische-fusion-aus-saftigen-pfirsichen-und-suessen-mangos-mit-der-peach-mango-bang-15000-puffs-ein-wahrer-genuss-fuer-dampfer\/#breadcrumb","itemListElement":[{"@type":"ListItem","position":1,"name":"Home","item":"https:\/\/www.elementvape.de\/"},{"@type":"ListItem","position":2,"name":"Shop","item":"https:\/\/www.elementvape.de\/shop\/"},{"@type":"ListItem","position":3,"name":"Erleben Sie die tropische Fusion aus saftigen Pfirsichen und s\u00fc\u00dfen Mangos mit der Peach Mango Bang 15000 Puffs ein wahrer Genuss f\u00fcr Dampfer"}]},{"@type":"WebSite","@id":"https:\/\/www.elementvape.de\/#website","url":"https:\/\/www.elementvape.de\/","name":"ElementVape.de","description":"","publisher":{"@id":"https:\/\/www.elementvape.de\/#organization"},"potentialAction":[{"@type":"SearchAction","target":{"@type":"EntryPoint","urlTemplate":"https:\/\/www.elementvape.de\/?s={search_term_string}"},"query-input":"required name=search_term_string"}],"inLanguage":"lt-LT"},{"@type":"Organization","@id":"https:\/\/www.elementvape.de\/#organization","name":"ElementVape.DE","url":"https:\/\/www.elementvape.de\/","logo":{"@type":"ImageObject","inLanguage":"lt-LT","@id":"https:\/\/www.elementvape.de\/#\/schema\/logo\/image\/","url":"https:\/\/www.elementvape.de\/wp-content\/uploads\/2024\/09\/cropped-1elementvape-3.png","contentUrl":"https:\/\/www.elementvape.de\/wp-content\/uploads\/2024\/09\/cropped-1elementvape-3.png","width":285,"height":228,"caption":"ElementVape.DE"},"image":{"@id":"https:\/\/www.elementvape.de\/#\/schema\/logo\/image\/"}}]}},"_links":{"self":[{"href":"https:\/\/www.elementvape.de\/lt\/wp-json\/wp\/v2\/product\/14565"}],"collection":[{"href":"https:\/\/www.elementvape.de\/lt\/wp-json\/wp\/v2\/product"}],"about":[{"href":"https:\/\/www.elementvape.de\/lt\/wp-json\/wp\/v2\/types\/product"}],"wp:featuredmedia":[{"embeddable":true,"href":"https:\/\/www.elementvape.de\/lt\/wp-json\/wp\/v2\/media\/14543"}],"wp:attachment":[{"href":"https:\/\/www.elementvape.de\/lt\/wp-json\/wp\/v2\/media?parent=14565"}],"wp:term":[{"taxonomy":"product_cat","embeddable":true,"href":"https:\/\/www.elementvape.de\/lt\/wp-json\/wp\/v2\/product_cat?post=14565"},{"taxonomy":"product_tag","embeddable":true,"href":"https:\/\/www.elementvape.de\/lt\/wp-json\/wp\/v2\/product_tag?post=14565"}],"curies":[{"name":"wp","href":"https:\/\/api.w.org\/{rel}","templated":true}]}}