{"id":14564,"date":"2024-09-23T06:23:58","date_gmt":"2024-09-23T06:23:58","guid":{"rendered":"https:\/\/www.elementvape.de\/?post_type=product&#038;p=14564"},"modified":"2024-10-10T02:26:54","modified_gmt":"2024-10-10T02:26:54","slug":"die-peach-ice-bang-15000-puffs-rechargeable-disposable-pod-bietet-einen-intensiven-geschmack-der-die-suesse-von-pfirsich-mit-einer-erfrischenden-kaelte-kombiniert","status":"publish","type":"product","link":"https:\/\/www.elementvape.de\/lt\/produkt\/die-peach-ice-bang-15000-puffs-rechargeable-disposable-pod-bietet-einen-intensiven-geschmack-der-die-suesse-von-pfirsich-mit-einer-erfrischenden-kaelte-kombiniert\/","title":{"rendered":"Peach Ice Bang 15000 R\u016bkymai \u012fkraunamas vienkartinis podas si\u016blo intensyv\u0173 skon\u012f, kuris sujungia persik\u0173 saldum\u0105 su gaiviu \u0161al\u010diu"},"content":{"rendered":"<p>Dramblio garo pasaulyje yra beveik begalin\u0117 skoni\u0173 \u012fvairov\u0117, laukian\u010di\u0173 b\u016bti atrast\u0173. Tarp \u0161i\u0173 skoni\u0173 i\u0161siskiria Peach Ice Bang 15000 R\u016bkymo Pildomas I\u0161metamas Pod kaip tikras akcentas. \u0160i inovatyvi vape sprendimas jungia sald\u0173, sulting\u0105 persiko skon\u012f su gaivinan\u010diu \u0161altumo efektu, pakelian\u010diu r\u016bkymo patirt\u012f \u012f nauj\u0105 lyg\u012f. Nesvarbu, ar esate patyr\u0119s r\u016bkalius, ar naujokas, Peach Ice Pod si\u016blo nepamir\u0161tam\u0105 skonio patirt\u012f, kuri\u0105 nor\u0117site kartoti.<\/p>\n<h3>Peach Ice Bang 15000 R\u016bkymai \u012fkraunamas vienkartinis podas si\u016blo intensyv\u0173 skon\u012f, kuris sujungia persik\u0173 saldum\u0105 su gaiviu \u0161al\u010diu<\/h3>\n<p>Norint visi\u0161kai suprasti Peach Ice Bang Pod privalumus, svarbu atid\u017eiau pa\u017evelgti \u012f jos technines specifikacijas:<\/p>\n<ul>\n<li>Modelio numeris: Bang 15000 R\u016bkini\u0173 \u012ekraunamas Vienkartinis Pod<\/li>\n<li>E-liquido talpa: 23 ml<\/li>\n<li>N-Gelio kiekis: 2% ir 5%<\/li>\n<li>Baterija: 650 mAh<\/li>\n<li>R\u016bkini\u0173 skai\u010dius: 15 000<\/li>\n<li>\u012ekrovimo jungtis: Type-C<\/li>\n<li>Var\u017ea: 1,1 Ohmo<\/li>\n<\/ul>\n<p>\u0160ios specifikacijos daro Peach Ice Pod viena galingiausi\u0173 ir naudotojui draugi\u0161kiausi\u0173 galimybi\u0173 rinkoje. Su 23 ml E-liquido talpa, jums nereik\u0117s da\u017enai papildyti, o iki <strong><a href=\"https:\/\/www.elementvape.de\/lt\/p-tag\/groesser-oder-gleich-15000-zuege\/\" target=\"_blank\" rel=\"noopener\">15000 R\u016bkim\u0173<\/a><\/strong> garantuoja ilg\u0105 r\u016bkymo sesij\u0105. Galimyb\u0117 pasirinkti tarp 2% ir 5% nikotino leid\u017eia individualiai pritaikyti savo r\u016bkymo patirt\u012f, o Type-C \u012fkrovimo jungtis u\u017etikrina greit\u0105 ir paprast\u0105 \u012fkrovim\u0105.<\/p>\n<h3>Skoni\u0173 patirtis<\/h3>\n<p>Peach Ice Bang Pod esm\u0117 neabejotinai yra jos si\u016blomas skonio poj\u016btis. Kiekvienas \u012fkv\u0117pimas atskleid\u017eia sulting\u0105 persiko saldum\u0105, tarsi k\u0105 tik nuskint\u0105 i\u0161 med\u017eio. Skonis yra intensyvus, bet ne per daug \u2013 b\u016btent tinkamas saldumo lygis, d\u017eiuginantis gomur\u012f. \u0160\u012f vaisi\u0173 pagrind\u0105 papildo gaivinantis \u0161altumo efektas, paver\u010diantis kiekvien\u0105 \u012fkv\u0117pim\u0105 \u012f patirt\u012f.<\/p>\n<p>Saldus persiko ir gaivus \u0161altumas derinys yra ne tik gaivus, bet ir labai patenkinantis. Nesvarbu, ar m\u0117gaujat\u0117s kar\u0161ta vasaros diena, ar tiesiog ie\u0161kote atsipalaidavimo po ilgos dienos, Peach Ice Pod suteikia tobul\u0105 aromat\u0105, kuris tiek gaivina, tiek sukelia priklausomyb\u0119.<\/p>\n<h4>Vaisi\u0161kumas susitinka su gaivumu<\/h4>\n<p>Balansas tarp persiko vaisi\u0161kumo ir \u0161altumo yra \u012fsp\u016bdingas. Daugelis vape produkt\u0173 linksta b\u016bti arba per sald\u016bs, arba per \u0161alt\u016bs, ta\u010diau Peach Ice Pod \u0161i\u0105 pusiausvyr\u0105 valdo puikiai. Kiekvienas \u012fkv\u0117pimas yra harmoningas aromat\u0173 derinys, kuris ne tik skanus, bet ir malonus r\u016bkyti.<\/p>\n<p>\u0160altumas u\u017etikrina, kad saldus persiko skonis nesusilpn\u0117t\u0173 ir burnoje palikt\u0173 gaiv\u0173 poj\u016bt\u012f. Tai daro Peach Ice Pod idealiu pasirinkimu r\u016bkaliams, ie\u0161kantiems skonio patirties, kuri yra tiek vaisi\u0161ka, tiek gaivi.<\/p>\n<h3>Dizainas ir naudotojo patogumas<\/h3>\n<p>Be savo nuostabaus skonio, Peach Ice Bang Pod taip pat pasi\u017eymi patraukliu ir ergonomi\u0161ku dizainu. Plonas formos dizainas patogiai telpa rankoje ir lengvai transportuojamas, tod\u0117l yra idealus keliaujant. Ar ki\u0161en\u0117je, ar automobilyje, ar pas draugus \u2013 Peach Ice Pod lengvai telpa \u012f bet kuri\u0105 aplink\u0105.<\/p>\n<p>Peach Ice Pod dizainas buvo sukurtas atsi\u017evelgiant \u012f naudotoj\u0105. Jis ne tik stilingas, bet ir funkcionalus. Type-C \u012fkrovimo jungtis leid\u017eia greitai \u012fkrauti, kad j\u016bs\u0173 pod b\u016bt\u0173 paruo\u0161tas naudoti v\u0117l. Matymo langelis leid\u017eia steb\u0117ti E-liquido lyg\u012f bet kuriuo metu, kad gal\u0117tum\u0117te laiku papildyti ar \u012fkrauti.<\/p>\n<p>Kitas didelis Peach Ice Bang Pod privalumas yra jos naudotojo draugi\u0161kumas. Nereikia sud\u0117ting\u0173 nustatym\u0173. Tiesiog i\u0161imkite pod i\u0161 pakuot\u0117s, \u012fkraukite ir prad\u0117kite r\u016bkyti. Tai ypa\u010d patogu pradedantiesiems ir tiems, kurie ie\u0161ko paprasto malonumo.<\/p>\n<h3>Tikslin\u0117 auditorija<\/h3>\n<p>Peach Ice Bang Pod yra skirta pla\u010diai auditorijai, ypa\u010d r\u016bkaliams, m\u0117gstantiems vaisinius ir gaivinan\u010dius aromatus. Saldus persiko ir gaivus \u0161altumas derinys yra tobulas visiems, ie\u0161kantiems intensyvios r\u016bkomos patirties.<\/p>\n<h4>Pradedantiesiems ir patyrusiems garintojams<\/h4>\n<p>Nesvarbu, ar esate pradedantysis, k\u0105 tik prad\u0117j\u0119s r\u016bkyti, ar patyr\u0119s r\u016bkalius, ie\u0161kantis nauj\u0173 skoni\u0173, Peach Ice Pod jus su\u017eav\u0117s. Paprastas valdymas ir skanus skonio derinys daro j\u0105 idealiu pasirinkimu kiekvienam r\u016bkytojui.<\/p>\n<h3>Palyginimas su konkurentais<\/h3>\n<p>Palyginti su kitais rinkoje esan\u010diais produktais, Peach Ice Bang Pod si\u016blo unikal\u0173 skon\u012f ir didel\u012f r\u016bkim\u0173 skai\u010di\u0173. Daugelis konkurent\u0173 produkt\u0173 apsiriboja paprastais vaisi\u0173 aromatais, ta\u010diau Peach Ice Pod jungia vaisi\u0161kum\u0105 su gaivinan\u010diu \u0161altumo efektu.<\/p>\n<h4>Skonio ir na\u0161umo prana\u0161umas<\/h4>\n<p>Saldus persiko ir gaivus \u0161altumas i\u0161skiria Peach Ice <strong><a href=\"https:\/\/www.elementvape.de\/lt\/c\/pod\/\" target=\"_blank\" rel=\"noopener\">Podas<\/a><\/strong> i\u0161 daugelio kit\u0173 produkt\u0173. Daugelis vape si\u016blo arba vaisin\u012f skon\u012f, arba \u0161alt\u0105 efekt\u0105, ta\u010diau Peach Ice Pod sujungia abu aromatus \u012f i\u0161skirtin\u0119 patirt\u012f.<\/p>\n<h3>Taikymo sritys<\/h3>\n<p>Peach Ice Bang Pod tinka \u012fvairioms progoms ir aplinkoms. Nesvarbu, ar ilsit\u0117s namuose, \u0161v\u0119site su draugais, ar m\u0117gaujat\u0117s laisvalaikiu lauke \u2013 Peach Ice Pod visada yra skanus palydovas.<\/p>\n<h4>Atpalaidavimas ir malonumas<\/h4>\n<p>Po ilgos dienos n\u0117ra nieko geriau, kaip atsipalaiduoti su \u0161altu, vaisiniu <strong><a href=\"https:\/\/www.elementvape.de\/lt\/\" target=\"_blank\" rel=\"noopener\">garintuvas<\/a><\/strong> \u012fkrovimu. Peach Ice Pod u\u017etikrina, kad jausit\u0117s gaivus ir energingas, nesvarbu kur esate.<\/p>\n<p>Peach Ice Bang Pod yra tobulas pasirinkimas vaperiams, ie\u0161kantiems intensyvaus skonio patirties su gaiviu u\u017ekand\u017eiu. Harmoningas saldaus persiko ir \u0161alto gaivumo derinys paver\u010dia kiekvien\u0105 \u012fkv\u0117pim\u0105 malonumu, kurio nenor\u0117site praleisti. Leiskit\u0117s \u012f \u0161i\u0105 unikali\u0105 vape sprendim\u0105 ir m\u0117gaukit\u0117s skaniais Peach Ice Pod aromatais \u2013 laukia nepalyginamas gar\u0173 malonumas!<\/p>","protected":false},"excerpt":{"rendered":"<p>In der Welt des Dampfens gibt es eine schier unendliche Vielfalt an Geschmacksrichtungen, die darauf warten, entdeckt zu werden. Unter diesen Geschmacksrichtungen sticht die Peach Ice Bang 15000 Puffs Rechargeable Disposable Pod als wahres Highlight hervor. Diese innovative Vape-L\u00f6sung kombiniert die s\u00fc\u00dfe, saftige Note des Pfirsichs mit einem erfrischenden K\u00fchleffekt, der das Dampferlebnis auf ein [&hellip;]<\/p>","protected":false},"featured_media":14542,"template":"","meta":{"inline_featured_image":false},"product_cat":[15,769,739,743,744,755,738,751],"product_tag":[710,674],"tiered_pricing_type":"fixed","tiered_pricing_fixed_rules":{"60":"6.58","110":"5.85","200":"5.12"},"tiered_pricing_percentage_rules":[],"tiered_pricing_minimum":1,"_administrator_tiered_pricing_type":"fixed","_administrator_tiered_pricing_fixed_rules":[],"_editor_tiered_pricing_type":"fixed","_editor_tiered_pricing_fixed_rules":[],"_author_tiered_pricing_type":"fixed","_author_tiered_pricing_fixed_rules":[],"_contributor_tiered_pricing_type":"fixed","_contributor_tiered_pricing_fixed_rules":[],"_subscriber_tiered_pricing_type":"fixed","_subscriber_tiered_pricing_fixed_rules":[],"_customer_tiered_pricing_type":"fixed","_customer_tiered_pricing_fixed_rules":[],"_shop_manager_tiered_pricing_type":"fixed","_shop_manager_tiered_pricing_fixed_rules":[],"_wpseo_manager_tiered_pricing_type":"fixed","_wpseo_manager_tiered_pricing_fixed_rules":[],"_wpseo_editor_tiered_pricing_type":"fixed","_wpseo_editor_tiered_pricing_fixed_rules":[],"_wholesale_customer_tiered_pricing_type":"fixed","_wholesale_customer_tiered_pricing_fixed_rules":[],"_marketer_tiered_pricing_type":"fixed","_marketer_tiered_pricing_fixed_rules":[],"_sales_manager_tiered_pricing_type":"fixed","_sales_manager_tiered_pricing_fixed_rules":[],"_sales_rep_tiered_pricing_type":"fixed","_sales_rep_tiered_pricing_fixed_rules":[],"yoast_head":"<!-- This site is optimized with the Yoast SEO plugin v23.3 - https:\/\/yoast.com\/wordpress\/plugins\/seo\/ -->\n<title>Die Peach Ice Bang 15000 Puffs Rechargeable Disposable Pod bietet einen intensiven Geschmack der die S\u00fc\u00dfe von Pfirsich mit einer erfrischenden K\u00e4lte kombiniert | ElementVape.de<\/title>\n<meta name=\"description\" content=\"Wir bieten Die Peach Ice Bang 15000 Puffs Rechargeable Disposable Pod bietet einen intensiven Geschmack der die S\u00fc\u00dfe von Pfirsich mit einer erfrischenden K\u00e4lte kombiniert , Elementvape.de akzeptieren Gro\u00df-und Einzelhandel Bestellungen.\" \/>\n<meta name=\"robots\" content=\"index, follow, max-snippet:-1, max-image-preview:large, max-video-preview:-1\" \/>\n<link rel=\"canonical\" href=\"https:\/\/www.elementvape.de\/lt\/produkt\/die-peach-ice-bang-15000-puffs-rechargeable-disposable-pod-bietet-einen-intensiven-geschmack-der-die-suesse-von-pfirsich-mit-einer-erfrischenden-kaelte-kombiniert\/\" \/>\n<meta property=\"og:locale\" content=\"lt_LT\" \/>\n<meta property=\"og:type\" content=\"article\" \/>\n<meta property=\"og:title\" content=\"Die Peach Ice Bang 15000 Puffs Rechargeable Disposable Pod bietet einen intensiven Geschmack der die S\u00fc\u00dfe von Pfirsich mit einer erfrischenden K\u00e4lte kombiniert | ElementVape.de\" \/>\n<meta property=\"og:description\" content=\"Wir bieten Die Peach Ice Bang 15000 Puffs Rechargeable Disposable Pod bietet einen intensiven Geschmack der die S\u00fc\u00dfe von Pfirsich mit einer erfrischenden K\u00e4lte kombiniert , Elementvape.de akzeptieren Gro\u00df-und Einzelhandel Bestellungen.\" \/>\n<meta property=\"og:url\" content=\"https:\/\/www.elementvape.de\/lt\/produkt\/die-peach-ice-bang-15000-puffs-rechargeable-disposable-pod-bietet-einen-intensiven-geschmack-der-die-suesse-von-pfirsich-mit-einer-erfrischenden-kaelte-kombiniert\/\" \/>\n<meta property=\"og:site_name\" content=\"ElementVape.de\" \/>\n<meta property=\"article:modified_time\" content=\"2024-10-10T02:26:54+00:00\" \/>\n<meta property=\"og:image\" content=\"https:\/\/www.elementvape.de\/wp-content\/uploads\/2024\/09\/Peach-Ice-3.jpg\" \/>\n\t<meta property=\"og:image:width\" content=\"1681\" \/>\n\t<meta property=\"og:image:height\" content=\"1020\" \/>\n\t<meta property=\"og:image:type\" content=\"image\/jpeg\" \/>\n<meta name=\"twitter:card\" content=\"summary_large_image\" \/>\n<meta name=\"twitter:label1\" content=\"Est. reading time\" \/>\n\t<meta name=\"twitter:data1\" content=\"6 minut\u0117s\" \/>\n<script type=\"application\/ld+json\" class=\"yoast-schema-graph\">{\"@context\":\"https:\/\/schema.org\",\"@graph\":[{\"@type\":\"WebPage\",\"@id\":\"https:\/\/www.elementvape.de\/en\/produkt\/die-peach-ice-bang-15000-puffs-rechargeable-disposable-pod-bietet-einen-intensiven-geschmack-der-die-suesse-von-pfirsich-mit-einer-erfrischenden-kaelte-kombiniert\/\",\"url\":\"https:\/\/www.elementvape.de\/en\/produkt\/die-peach-ice-bang-15000-puffs-rechargeable-disposable-pod-bietet-einen-intensiven-geschmack-der-die-suesse-von-pfirsich-mit-einer-erfrischenden-kaelte-kombiniert\/\",\"name\":\"Die Peach Ice Bang 15000 Puffs Rechargeable Disposable Pod bietet einen intensiven Geschmack der die S\u00fc\u00dfe von Pfirsich mit einer erfrischenden K\u00e4lte kombiniert | ElementVape.de\",\"isPartOf\":{\"@id\":\"https:\/\/www.elementvape.de\/#website\"},\"primaryImageOfPage\":{\"@id\":\"https:\/\/www.elementvape.de\/en\/produkt\/die-peach-ice-bang-15000-puffs-rechargeable-disposable-pod-bietet-einen-intensiven-geschmack-der-die-suesse-von-pfirsich-mit-einer-erfrischenden-kaelte-kombiniert\/#primaryimage\"},\"image\":{\"@id\":\"https:\/\/www.elementvape.de\/en\/produkt\/die-peach-ice-bang-15000-puffs-rechargeable-disposable-pod-bietet-einen-intensiven-geschmack-der-die-suesse-von-pfirsich-mit-einer-erfrischenden-kaelte-kombiniert\/#primaryimage\"},\"thumbnailUrl\":\"https:\/\/www.elementvape.de\/wp-content\/uploads\/2024\/09\/Peach-Ice-3.jpg\",\"datePublished\":\"2024-09-23T06:23:58+00:00\",\"dateModified\":\"2024-10-10T02:26:54+00:00\",\"description\":\"Wir bieten Die Peach Ice Bang 15000 Puffs Rechargeable Disposable Pod bietet einen intensiven Geschmack der die S\u00fc\u00dfe von Pfirsich mit einer erfrischenden K\u00e4lte kombiniert , Elementvape.de akzeptieren Gro\u00df-und Einzelhandel Bestellungen.\",\"breadcrumb\":{\"@id\":\"https:\/\/www.elementvape.de\/en\/produkt\/die-peach-ice-bang-15000-puffs-rechargeable-disposable-pod-bietet-einen-intensiven-geschmack-der-die-suesse-von-pfirsich-mit-einer-erfrischenden-kaelte-kombiniert\/#breadcrumb\"},\"inLanguage\":\"lt-LT\",\"potentialAction\":[{\"@type\":\"ReadAction\",\"target\":[\"https:\/\/www.elementvape.de\/en\/produkt\/die-peach-ice-bang-15000-puffs-rechargeable-disposable-pod-bietet-einen-intensiven-geschmack-der-die-suesse-von-pfirsich-mit-einer-erfrischenden-kaelte-kombiniert\/\"]}]},{\"@type\":\"ImageObject\",\"inLanguage\":\"lt-LT\",\"@id\":\"https:\/\/www.elementvape.de\/en\/produkt\/die-peach-ice-bang-15000-puffs-rechargeable-disposable-pod-bietet-einen-intensiven-geschmack-der-die-suesse-von-pfirsich-mit-einer-erfrischenden-kaelte-kombiniert\/#primaryimage\",\"url\":\"https:\/\/www.elementvape.de\/wp-content\/uploads\/2024\/09\/Peach-Ice-3.jpg\",\"contentUrl\":\"https:\/\/www.elementvape.de\/wp-content\/uploads\/2024\/09\/Peach-Ice-3.jpg\",\"width\":1681,\"height\":1020,\"caption\":\"Peach Ice\"},{\"@type\":\"BreadcrumbList\",\"@id\":\"https:\/\/www.elementvape.de\/en\/produkt\/die-peach-ice-bang-15000-puffs-rechargeable-disposable-pod-bietet-einen-intensiven-geschmack-der-die-suesse-von-pfirsich-mit-einer-erfrischenden-kaelte-kombiniert\/#breadcrumb\",\"itemListElement\":[{\"@type\":\"ListItem\",\"position\":1,\"name\":\"Home\",\"item\":\"https:\/\/www.elementvape.de\/\"},{\"@type\":\"ListItem\",\"position\":2,\"name\":\"Shop\",\"item\":\"https:\/\/www.elementvape.de\/shop\/\"},{\"@type\":\"ListItem\",\"position\":3,\"name\":\"Die Peach Ice Bang 15000 Puffs Rechargeable Disposable Pod bietet einen intensiven Geschmack der die S\u00fc\u00dfe von Pfirsich mit einer erfrischenden K\u00e4lte kombiniert\"}]},{\"@type\":\"WebSite\",\"@id\":\"https:\/\/www.elementvape.de\/#website\",\"url\":\"https:\/\/www.elementvape.de\/\",\"name\":\"ElementVape.de\",\"description\":\"\",\"publisher\":{\"@id\":\"https:\/\/www.elementvape.de\/#organization\"},\"potentialAction\":[{\"@type\":\"SearchAction\",\"target\":{\"@type\":\"EntryPoint\",\"urlTemplate\":\"https:\/\/www.elementvape.de\/?s={search_term_string}\"},\"query-input\":\"required name=search_term_string\"}],\"inLanguage\":\"lt-LT\"},{\"@type\":\"Organization\",\"@id\":\"https:\/\/www.elementvape.de\/#organization\",\"name\":\"ElementVape.DE\",\"url\":\"https:\/\/www.elementvape.de\/\",\"logo\":{\"@type\":\"ImageObject\",\"inLanguage\":\"lt-LT\",\"@id\":\"https:\/\/www.elementvape.de\/#\/schema\/logo\/image\/\",\"url\":\"https:\/\/www.elementvape.de\/wp-content\/uploads\/2024\/09\/cropped-1elementvape-3.png\",\"contentUrl\":\"https:\/\/www.elementvape.de\/wp-content\/uploads\/2024\/09\/cropped-1elementvape-3.png\",\"width\":285,\"height\":228,\"caption\":\"ElementVape.DE\"},\"image\":{\"@id\":\"https:\/\/www.elementvape.de\/#\/schema\/logo\/image\/\"}}]}<\/script>\n<!-- \/ Yoast SEO plugin. -->","yoast_head_json":{"title":"Die Peach Ice Bang 15000 Puffs Rechargeable Disposable Pod bietet einen intensiven Geschmack der die S\u00fc\u00dfe von Pfirsich mit einer erfrischenden K\u00e4lte kombiniert | ElementVape.de","description":"Wir bieten Die Peach Ice Bang 15000 Puffs Rechargeable Disposable Pod bietet einen intensiven Geschmack der die S\u00fc\u00dfe von Pfirsich mit einer erfrischenden K\u00e4lte kombiniert , Elementvape.de akzeptieren Gro\u00df-und Einzelhandel Bestellungen.","robots":{"index":"index","follow":"follow","max-snippet":"max-snippet:-1","max-image-preview":"max-image-preview:large","max-video-preview":"max-video-preview:-1"},"canonical":"https:\/\/www.elementvape.de\/lt\/produkt\/die-peach-ice-bang-15000-puffs-rechargeable-disposable-pod-bietet-einen-intensiven-geschmack-der-die-suesse-von-pfirsich-mit-einer-erfrischenden-kaelte-kombiniert\/","og_locale":"lt_LT","og_type":"article","og_title":"Die Peach Ice Bang 15000 Puffs Rechargeable Disposable Pod bietet einen intensiven Geschmack der die S\u00fc\u00dfe von Pfirsich mit einer erfrischenden K\u00e4lte kombiniert | ElementVape.de","og_description":"Wir bieten Die Peach Ice Bang 15000 Puffs Rechargeable Disposable Pod bietet einen intensiven Geschmack der die S\u00fc\u00dfe von Pfirsich mit einer erfrischenden K\u00e4lte kombiniert , Elementvape.de akzeptieren Gro\u00df-und Einzelhandel Bestellungen.","og_url":"https:\/\/www.elementvape.de\/lt\/produkt\/die-peach-ice-bang-15000-puffs-rechargeable-disposable-pod-bietet-einen-intensiven-geschmack-der-die-suesse-von-pfirsich-mit-einer-erfrischenden-kaelte-kombiniert\/","og_site_name":"ElementVape.de","article_modified_time":"2024-10-10T02:26:54+00:00","og_image":[{"width":1681,"height":1020,"url":"https:\/\/www.elementvape.de\/wp-content\/uploads\/2024\/09\/Peach-Ice-3.jpg","type":"image\/jpeg"}],"twitter_card":"summary_large_image","twitter_misc":{"Est. reading time":"6 minut\u0117s"},"schema":{"@context":"https:\/\/schema.org","@graph":[{"@type":"WebPage","@id":"https:\/\/www.elementvape.de\/en\/produkt\/die-peach-ice-bang-15000-puffs-rechargeable-disposable-pod-bietet-einen-intensiven-geschmack-der-die-suesse-von-pfirsich-mit-einer-erfrischenden-kaelte-kombiniert\/","url":"https:\/\/www.elementvape.de\/en\/produkt\/die-peach-ice-bang-15000-puffs-rechargeable-disposable-pod-bietet-einen-intensiven-geschmack-der-die-suesse-von-pfirsich-mit-einer-erfrischenden-kaelte-kombiniert\/","name":"Die Peach Ice Bang 15000 Puffs Rechargeable Disposable Pod bietet einen intensiven Geschmack der die S\u00fc\u00dfe von Pfirsich mit einer erfrischenden K\u00e4lte kombiniert | ElementVape.de","isPartOf":{"@id":"https:\/\/www.elementvape.de\/#website"},"primaryImageOfPage":{"@id":"https:\/\/www.elementvape.de\/en\/produkt\/die-peach-ice-bang-15000-puffs-rechargeable-disposable-pod-bietet-einen-intensiven-geschmack-der-die-suesse-von-pfirsich-mit-einer-erfrischenden-kaelte-kombiniert\/#primaryimage"},"image":{"@id":"https:\/\/www.elementvape.de\/en\/produkt\/die-peach-ice-bang-15000-puffs-rechargeable-disposable-pod-bietet-einen-intensiven-geschmack-der-die-suesse-von-pfirsich-mit-einer-erfrischenden-kaelte-kombiniert\/#primaryimage"},"thumbnailUrl":"https:\/\/www.elementvape.de\/wp-content\/uploads\/2024\/09\/Peach-Ice-3.jpg","datePublished":"2024-09-23T06:23:58+00:00","dateModified":"2024-10-10T02:26:54+00:00","description":"Wir bieten Die Peach Ice Bang 15000 Puffs Rechargeable Disposable Pod bietet einen intensiven Geschmack der die S\u00fc\u00dfe von Pfirsich mit einer erfrischenden K\u00e4lte kombiniert , Elementvape.de akzeptieren Gro\u00df-und Einzelhandel Bestellungen.","breadcrumb":{"@id":"https:\/\/www.elementvape.de\/en\/produkt\/die-peach-ice-bang-15000-puffs-rechargeable-disposable-pod-bietet-einen-intensiven-geschmack-der-die-suesse-von-pfirsich-mit-einer-erfrischenden-kaelte-kombiniert\/#breadcrumb"},"inLanguage":"lt-LT","potentialAction":[{"@type":"ReadAction","target":["https:\/\/www.elementvape.de\/en\/produkt\/die-peach-ice-bang-15000-puffs-rechargeable-disposable-pod-bietet-einen-intensiven-geschmack-der-die-suesse-von-pfirsich-mit-einer-erfrischenden-kaelte-kombiniert\/"]}]},{"@type":"ImageObject","inLanguage":"lt-LT","@id":"https:\/\/www.elementvape.de\/en\/produkt\/die-peach-ice-bang-15000-puffs-rechargeable-disposable-pod-bietet-einen-intensiven-geschmack-der-die-suesse-von-pfirsich-mit-einer-erfrischenden-kaelte-kombiniert\/#primaryimage","url":"https:\/\/www.elementvape.de\/wp-content\/uploads\/2024\/09\/Peach-Ice-3.jpg","contentUrl":"https:\/\/www.elementvape.de\/wp-content\/uploads\/2024\/09\/Peach-Ice-3.jpg","width":1681,"height":1020,"caption":"Peach Ice"},{"@type":"BreadcrumbList","@id":"https:\/\/www.elementvape.de\/en\/produkt\/die-peach-ice-bang-15000-puffs-rechargeable-disposable-pod-bietet-einen-intensiven-geschmack-der-die-suesse-von-pfirsich-mit-einer-erfrischenden-kaelte-kombiniert\/#breadcrumb","itemListElement":[{"@type":"ListItem","position":1,"name":"Home","item":"https:\/\/www.elementvape.de\/"},{"@type":"ListItem","position":2,"name":"Shop","item":"https:\/\/www.elementvape.de\/shop\/"},{"@type":"ListItem","position":3,"name":"Die Peach Ice Bang 15000 Puffs Rechargeable Disposable Pod bietet einen intensiven Geschmack der die S\u00fc\u00dfe von Pfirsich mit einer erfrischenden K\u00e4lte kombiniert"}]},{"@type":"WebSite","@id":"https:\/\/www.elementvape.de\/#website","url":"https:\/\/www.elementvape.de\/","name":"ElementVape.de","description":"","publisher":{"@id":"https:\/\/www.elementvape.de\/#organization"},"potentialAction":[{"@type":"SearchAction","target":{"@type":"EntryPoint","urlTemplate":"https:\/\/www.elementvape.de\/?s={search_term_string}"},"query-input":"required name=search_term_string"}],"inLanguage":"lt-LT"},{"@type":"Organization","@id":"https:\/\/www.elementvape.de\/#organization","name":"ElementVape.DE","url":"https:\/\/www.elementvape.de\/","logo":{"@type":"ImageObject","inLanguage":"lt-LT","@id":"https:\/\/www.elementvape.de\/#\/schema\/logo\/image\/","url":"https:\/\/www.elementvape.de\/wp-content\/uploads\/2024\/09\/cropped-1elementvape-3.png","contentUrl":"https:\/\/www.elementvape.de\/wp-content\/uploads\/2024\/09\/cropped-1elementvape-3.png","width":285,"height":228,"caption":"ElementVape.DE"},"image":{"@id":"https:\/\/www.elementvape.de\/#\/schema\/logo\/image\/"}}]}},"_links":{"self":[{"href":"https:\/\/www.elementvape.de\/lt\/wp-json\/wp\/v2\/product\/14564"}],"collection":[{"href":"https:\/\/www.elementvape.de\/lt\/wp-json\/wp\/v2\/product"}],"about":[{"href":"https:\/\/www.elementvape.de\/lt\/wp-json\/wp\/v2\/types\/product"}],"wp:featuredmedia":[{"embeddable":true,"href":"https:\/\/www.elementvape.de\/lt\/wp-json\/wp\/v2\/media\/14542"}],"wp:attachment":[{"href":"https:\/\/www.elementvape.de\/lt\/wp-json\/wp\/v2\/media?parent=14564"}],"wp:term":[{"taxonomy":"product_cat","embeddable":true,"href":"https:\/\/www.elementvape.de\/lt\/wp-json\/wp\/v2\/product_cat?post=14564"},{"taxonomy":"product_tag","embeddable":true,"href":"https:\/\/www.elementvape.de\/lt\/wp-json\/wp\/v2\/product_tag?post=14564"}],"curies":[{"name":"wp","href":"https:\/\/api.w.org\/{rel}","templated":true}]}}