{"id":14559,"date":"2024-09-23T05:53:22","date_gmt":"2024-09-23T05:53:22","guid":{"rendered":"https:\/\/www.elementvape.de\/?post_type=product&#038;p=14559"},"modified":"2024-10-10T02:43:16","modified_gmt":"2024-10-10T02:43:16","slug":"die-love-66-bang-15000-puffs-pod-ist-die-perfekte-mischung-fuer-dampfer-die-die-liebe-zum-geschmack-und-zu-frischen-aromen-schaetzen","status":"publish","type":"product","link":"https:\/\/www.elementvape.de\/lt\/produkt\/die-love-66-bang-15000-puffs-pod-ist-die-perfekte-mischung-fuer-dampfer-die-die-liebe-zum-geschmack-und-zu-frischen-aromen-schaetzen\/","title":{"rendered":"Love 66 Bang 15000 Puffs Pod yra tobula mi\u0161inio garintojams, vertinantiems skonio ir \u0161vie\u017ei\u0173 aromat\u0173 meil\u0119"},"content":{"rendered":"<h2>Atraskite Love 66 Bang 15000 P\u016b\u010dk\u0173 Pod\u0105<\/h2>\n<p>Love 66 Bang 15000 P\u016b\u010dk\u0173 Podas yra ideali pasirinktis d\u016bmams, ie\u0161kantiems i\u0161skirtin\u0117s skonio ir gaivumo kombinacijos. Su savo unikaliu aromatu ir \u012fsp\u016bdinga p\u016bk\u0173 talpa, \u0161is podas suteikia visk\u0105, ko trok\u0161ta d\u016bm\u0173 entuziastas. \u0160iame straipsnyje ap\u017evelgsime \u0161io \u012fsp\u016bdingo podo privalumus ir ypatybes.<\/p>\n<h4>Skoni\u0173 patirtis<\/h4>\n<p>Love 66 Bang Podas i\u0161siskiria harmoning\u0173 \u0161vie\u017ei\u0173 aromat\u0173 mi\u0161iniu, kuris u\u017etikrina neprilygstam\u0105 d\u016bmavimo patirt\u012f.<\/p>\n<ol>\n<li>\u0160vie\u017ei aromatai: \u0160vie\u017ei\u0173 vaisi\u0173 skonis yra \u0161io podo \u0161irdis. Aromatai kruop\u0161\u010diai parinkti, kad suteikt\u0173 gaiv\u0173 ir malon\u0173 d\u016bmavim\u0105, kuris d\u017eiugina gomur\u012f.<\/li>\n<li>\u012evairov\u0117: Love 66 Podas si\u016blo plat\u0173 skoni\u0173 pasirinkim\u0105, tod\u0117l galite pasirinkti pagal nuotaik\u0105 ir prog\u0105. Ar tai b\u016bt\u0173 vaisi\u0161kas, saldus ar gaivinantis \u2013 \u010dia rasite tobul\u0105 mi\u0161in\u012f kiekvienam momentui.<\/li>\n<\/ol>\n<h4>Techniniai bruo\u017eai<\/h4>\n<p>Be skanaus skonio, Love 66 Bang Podas turi ir prakti\u0161k\u0173 technini\u0173 savybi\u0173:<\/p>\n<ul>\n<li>Didel\u0117 p\u016bk\u0173 talpa: Su <strong><a href=\"https:\/\/www.elementvape.de\/lt\/p-tag\/groesser-oder-gleich-15000-zuege\/\" target=\"_blank\" rel=\"noopener\">15000 \u012fkv\u0117pim\u0173<\/a><\/strong> \u0161is podas suteikia ilgalaik\u012f malonum\u0105 ir puikiai tinka kasdieniam naudojimui, nereikalaujant da\u017en\u0173 papildym\u0173.<\/li>\n<li>Galingas akumuliatorius: Integruotas akumuliatorius u\u017etikrina patikim\u0105 veikim\u0105, kad gal\u0117tum\u0117te d\u016bminti be r\u016bpes\u010di\u0173 net ilgomis dienomis.<\/li>\n<li>Paprasta naudoti: Love 66 <strong><a href=\"https:\/\/www.elementvape.de\/lt\/c\/pod\/\" target=\"_blank\" rel=\"noopener\">Podas<\/a><\/strong> yra patogus naudoti. Jums nereikia susidurti su sud\u0117tingais nustatymais \u2013 tiesiog traukite ir m\u0117gaukit\u0117s.<\/li>\n<li>N-Gelio kiekis: Podas yra prieinamas su \u012fvairiais N-Gelio kiekiais, leid\u017eian\u010diais pasirinkti jums tinkam\u0105 stiprum\u0105.<\/li>\n<\/ul>\n<h4>Puikus kompanionas kiekvienai progai<\/h4>\n<p>Love 66 Bang Podas puikiai tinka \u012fvairioms progoms:<\/p>\n<ol>\n<li>Poilsis namuose: M\u0117gaukit\u0117s po ilgos dienos skaniu aromatu ir palikite stres\u0105 u\u017e nugaros. \u0160is podas suteikia galimyb\u0119 atsipalaiduoti ir pails\u0117ti.<\/li>\n<li>Kelion\u0117se: Jo kompakti\u0161kas dizainas daro Love 66 Pod\u0105 idealiu kelion\u0117ms. Nesvarbu, ar keliaujate, ar i\u0161einate, jis telpa \u012f bet kuri\u0105 ki\u0161en\u0119 ir leid\u017eia m\u0117gautis vaisi\u0173 skoniu bet kuriuo metu.<\/li>\n<li>Bendruomen\u0117s renginiuose: Dalinkit\u0117s d\u016bmavimo d\u017eiaugsmu su draugais. \u012evair\u016bs aromatai yra ideali kompanija draugi\u0161kiems vakar\u0117liams ir sukuria ger\u0105 nuotaik\u0105.<\/li>\n<\/ol>\n<h4>Privalumai naudojant Love 66 Bang Pod\u0105<\/h4>\n<p>Love 66 Bang Podo naudojimas suteikia daugyb\u0119 privalum\u0173:<\/p>\n<ol>\n<li>Ma\u017eiau \u017ealingas nei r\u016bkymas: D\u016bmavimas laikomas sveikesne alternatyva tradiciniam r\u016bkymui. Podas turi nikotino drusk\u0105, kuri leid\u017eia \u0161velnesn\u012f \u012fkv\u0117pim\u0105 ir ma\u017eiau dirgina gerkl\u0119.<\/li>\n<li>\u012evair\u016bs skoniai: Meil\u0117 \u012fvairiems skoniams yra pagrindin\u0117 Love 66 Podo savyb\u0117. Eksperimentuokite su aromatais ir raskite savo m\u0117gstamiausi\u0105 mi\u0161in\u012f.<\/li>\n<li>Naudotojo draugi\u0161kumas: Paprasta naudoti \u0161is Pod yra idealus vis\u0173 patirties lygi\u0173 vapori\u0173 m\u0117g\u0117jams. J\u016bs galite prad\u0117ti naudotis i\u0161 karto, nesusitelkdami \u012f sud\u0117tingas instrukcijas.<\/li>\n<li>Stilingas dizainas: Love 66 Bang Pod n\u0117ra tik funkcionalus, bet ir madingas aksesuaras, kuris dera prie j\u016bs\u0173 stiliaus.<\/li>\n<\/ol>\n<p>Love 66 Bang 15000 Puffs Pod yra tobulas pasirinkimas <strong><a href=\"https:\/\/www.elementvape.de\/lt\/\" target=\"_blank\" rel=\"noopener\">garintojams,<\/a><\/strong>, kurie vertina \u0161vie\u017eius aromatus ir skonio \u012fvairov\u0119. D\u0117l didelio p\u016btimo kiekio, naudotojo draugi\u0161k\u0173 savybi\u0173 ir skanaus skonio ji si\u016blo nepalyginam\u0105 vapavimo patirt\u012f. Atraskite Love 66 Bang Pod pasaul\u012f ir m\u0117gaukit\u0117s kiekvienu \u012fkv\u0117pimu pilna \u0161irdimi<\/p>","protected":false},"excerpt":{"rendered":"<p>Entdecken Sie die Love 66 Bang 15000 Puffs Pod Die Love 66 Bang 15000 Puffs Pod ist die ideale Wahl f\u00fcr Dampfer, die eine exquisite Kombination aus Geschmack und Frische suchen. Mit ihrem einzigartigen Aroma und der beeindruckenden Puff-Kapazit\u00e4t bietet diese Pod alles, was das Herz eines Dampfers begehrt. In diesem Artikel beleuchten wir die [&hellip;]<\/p>","protected":false},"featured_media":14533,"template":"","meta":{"inline_featured_image":false},"product_cat":[15,769,739,743,744,755,738,751],"product_tag":[710,674],"tiered_pricing_type":"fixed","tiered_pricing_fixed_rules":{"60":"6.58","110":"5.85","200":"5.12"},"tiered_pricing_percentage_rules":[],"tiered_pricing_minimum":1,"_administrator_tiered_pricing_type":"fixed","_administrator_tiered_pricing_fixed_rules":[],"_editor_tiered_pricing_type":"fixed","_editor_tiered_pricing_fixed_rules":[],"_author_tiered_pricing_type":"fixed","_author_tiered_pricing_fixed_rules":[],"_contributor_tiered_pricing_type":"fixed","_contributor_tiered_pricing_fixed_rules":[],"_subscriber_tiered_pricing_type":"fixed","_subscriber_tiered_pricing_fixed_rules":[],"_customer_tiered_pricing_type":"fixed","_customer_tiered_pricing_fixed_rules":[],"_shop_manager_tiered_pricing_type":"fixed","_shop_manager_tiered_pricing_fixed_rules":[],"_wpseo_manager_tiered_pricing_type":"fixed","_wpseo_manager_tiered_pricing_fixed_rules":[],"_wpseo_editor_tiered_pricing_type":"fixed","_wpseo_editor_tiered_pricing_fixed_rules":[],"_wholesale_customer_tiered_pricing_type":"fixed","_wholesale_customer_tiered_pricing_fixed_rules":[],"_marketer_tiered_pricing_type":"fixed","_marketer_tiered_pricing_fixed_rules":[],"_sales_manager_tiered_pricing_type":"fixed","_sales_manager_tiered_pricing_fixed_rules":[],"_sales_rep_tiered_pricing_type":"fixed","_sales_rep_tiered_pricing_fixed_rules":[],"yoast_head":"<!-- This site is optimized with the Yoast SEO plugin v23.3 - https:\/\/yoast.com\/wordpress\/plugins\/seo\/ -->\n<title>Die Love 66 Bang 15000 Puffs Pod ist die perfekte Mischung f\u00fcr Dampfer die die Liebe zum Geschmack und zu frischen Aromen sch\u00e4tzen | ElementVape.de<\/title>\n<meta name=\"description\" content=\"Wir bieten Die Love 66 Bang 15000 Puffs Pod ist die perfekte Mischung f\u00fcr Dampfer die die Liebe zum Geschmack und zu frischen Aromen sch\u00e4tzen , Elementvape.de akzeptieren Gro\u00df-und Einzelhandel Bestellungen.\" \/>\n<meta name=\"robots\" content=\"index, follow, max-snippet:-1, max-image-preview:large, max-video-preview:-1\" \/>\n<link rel=\"canonical\" href=\"https:\/\/www.elementvape.de\/lt\/produkt\/die-love-66-bang-15000-puffs-pod-ist-die-perfekte-mischung-fuer-dampfer-die-die-liebe-zum-geschmack-und-zu-frischen-aromen-schaetzen\/\" \/>\n<meta property=\"og:locale\" content=\"lt_LT\" \/>\n<meta property=\"og:type\" content=\"article\" \/>\n<meta property=\"og:title\" content=\"Die Love 66 Bang 15000 Puffs Pod ist die perfekte Mischung f\u00fcr Dampfer die die Liebe zum Geschmack und zu frischen Aromen sch\u00e4tzen | ElementVape.de\" \/>\n<meta property=\"og:description\" content=\"Wir bieten Die Love 66 Bang 15000 Puffs Pod ist die perfekte Mischung f\u00fcr Dampfer die die Liebe zum Geschmack und zu frischen Aromen sch\u00e4tzen , Elementvape.de akzeptieren Gro\u00df-und Einzelhandel Bestellungen.\" \/>\n<meta property=\"og:url\" content=\"https:\/\/www.elementvape.de\/lt\/produkt\/die-love-66-bang-15000-puffs-pod-ist-die-perfekte-mischung-fuer-dampfer-die-die-liebe-zum-geschmack-und-zu-frischen-aromen-schaetzen\/\" \/>\n<meta property=\"og:site_name\" content=\"ElementVape.de\" \/>\n<meta property=\"article:modified_time\" content=\"2024-10-10T02:43:16+00:00\" \/>\n<meta property=\"og:image\" content=\"https:\/\/www.elementvape.de\/wp-content\/uploads\/2024\/09\/Love-66.jpg\" \/>\n\t<meta property=\"og:image:width\" content=\"1681\" \/>\n\t<meta property=\"og:image:height\" content=\"1020\" \/>\n\t<meta property=\"og:image:type\" content=\"image\/jpeg\" \/>\n<meta name=\"twitter:card\" content=\"summary_large_image\" \/>\n<meta name=\"twitter:label1\" content=\"Est. reading time\" \/>\n\t<meta name=\"twitter:data1\" content=\"4 minut\u0117s\" \/>\n<script type=\"application\/ld+json\" class=\"yoast-schema-graph\">{\"@context\":\"https:\/\/schema.org\",\"@graph\":[{\"@type\":\"WebPage\",\"@id\":\"https:\/\/www.elementvape.de\/produkt\/die-love-66-bang-15000-puffs-pod-ist-die-perfekte-mischung-fuer-dampfer-die-die-liebe-zum-geschmack-und-zu-frischen-aromen-schaetzen\/\",\"url\":\"https:\/\/www.elementvape.de\/produkt\/die-love-66-bang-15000-puffs-pod-ist-die-perfekte-mischung-fuer-dampfer-die-die-liebe-zum-geschmack-und-zu-frischen-aromen-schaetzen\/\",\"name\":\"Die Love 66 Bang 15000 Puffs Pod ist die perfekte Mischung f\u00fcr Dampfer die die Liebe zum Geschmack und zu frischen Aromen sch\u00e4tzen | ElementVape.de\",\"isPartOf\":{\"@id\":\"https:\/\/www.elementvape.de\/#website\"},\"primaryImageOfPage\":{\"@id\":\"https:\/\/www.elementvape.de\/produkt\/die-love-66-bang-15000-puffs-pod-ist-die-perfekte-mischung-fuer-dampfer-die-die-liebe-zum-geschmack-und-zu-frischen-aromen-schaetzen\/#primaryimage\"},\"image\":{\"@id\":\"https:\/\/www.elementvape.de\/produkt\/die-love-66-bang-15000-puffs-pod-ist-die-perfekte-mischung-fuer-dampfer-die-die-liebe-zum-geschmack-und-zu-frischen-aromen-schaetzen\/#primaryimage\"},\"thumbnailUrl\":\"https:\/\/www.elementvape.de\/wp-content\/uploads\/2024\/09\/Love-66.jpg\",\"datePublished\":\"2024-09-23T05:53:22+00:00\",\"dateModified\":\"2024-10-10T02:43:16+00:00\",\"description\":\"Wir bieten Die Love 66 Bang 15000 Puffs Pod ist die perfekte Mischung f\u00fcr Dampfer die die Liebe zum Geschmack und zu frischen Aromen sch\u00e4tzen , Elementvape.de akzeptieren Gro\u00df-und Einzelhandel Bestellungen.\",\"breadcrumb\":{\"@id\":\"https:\/\/www.elementvape.de\/produkt\/die-love-66-bang-15000-puffs-pod-ist-die-perfekte-mischung-fuer-dampfer-die-die-liebe-zum-geschmack-und-zu-frischen-aromen-schaetzen\/#breadcrumb\"},\"inLanguage\":\"lt-LT\",\"potentialAction\":[{\"@type\":\"ReadAction\",\"target\":[\"https:\/\/www.elementvape.de\/produkt\/die-love-66-bang-15000-puffs-pod-ist-die-perfekte-mischung-fuer-dampfer-die-die-liebe-zum-geschmack-und-zu-frischen-aromen-schaetzen\/\"]}]},{\"@type\":\"ImageObject\",\"inLanguage\":\"lt-LT\",\"@id\":\"https:\/\/www.elementvape.de\/produkt\/die-love-66-bang-15000-puffs-pod-ist-die-perfekte-mischung-fuer-dampfer-die-die-liebe-zum-geschmack-und-zu-frischen-aromen-schaetzen\/#primaryimage\",\"url\":\"https:\/\/www.elementvape.de\/wp-content\/uploads\/2024\/09\/Love-66.jpg\",\"contentUrl\":\"https:\/\/www.elementvape.de\/wp-content\/uploads\/2024\/09\/Love-66.jpg\",\"width\":1681,\"height\":1020,\"caption\":\"Love 66\"},{\"@type\":\"BreadcrumbList\",\"@id\":\"https:\/\/www.elementvape.de\/produkt\/die-love-66-bang-15000-puffs-pod-ist-die-perfekte-mischung-fuer-dampfer-die-die-liebe-zum-geschmack-und-zu-frischen-aromen-schaetzen\/#breadcrumb\",\"itemListElement\":[{\"@type\":\"ListItem\",\"position\":1,\"name\":\"Home\",\"item\":\"https:\/\/www.elementvape.de\/\"},{\"@type\":\"ListItem\",\"position\":2,\"name\":\"Shop\",\"item\":\"https:\/\/www.elementvape.de\/shop\/\"},{\"@type\":\"ListItem\",\"position\":3,\"name\":\"Die Love 66 Bang 15000 Puffs Pod ist die perfekte Mischung f\u00fcr Dampfer die die Liebe zum Geschmack und zu frischen Aromen sch\u00e4tzen\"}]},{\"@type\":\"WebSite\",\"@id\":\"https:\/\/www.elementvape.de\/#website\",\"url\":\"https:\/\/www.elementvape.de\/\",\"name\":\"ElementVape.de\",\"description\":\"\",\"publisher\":{\"@id\":\"https:\/\/www.elementvape.de\/#organization\"},\"potentialAction\":[{\"@type\":\"SearchAction\",\"target\":{\"@type\":\"EntryPoint\",\"urlTemplate\":\"https:\/\/www.elementvape.de\/?s={search_term_string}\"},\"query-input\":\"required name=search_term_string\"}],\"inLanguage\":\"lt-LT\"},{\"@type\":\"Organization\",\"@id\":\"https:\/\/www.elementvape.de\/#organization\",\"name\":\"ElementVape.DE\",\"url\":\"https:\/\/www.elementvape.de\/\",\"logo\":{\"@type\":\"ImageObject\",\"inLanguage\":\"lt-LT\",\"@id\":\"https:\/\/www.elementvape.de\/#\/schema\/logo\/image\/\",\"url\":\"https:\/\/www.elementvape.de\/wp-content\/uploads\/2024\/09\/cropped-1elementvape-3.png\",\"contentUrl\":\"https:\/\/www.elementvape.de\/wp-content\/uploads\/2024\/09\/cropped-1elementvape-3.png\",\"width\":285,\"height\":228,\"caption\":\"ElementVape.DE\"},\"image\":{\"@id\":\"https:\/\/www.elementvape.de\/#\/schema\/logo\/image\/\"}}]}<\/script>\n<!-- \/ Yoast SEO plugin. -->","yoast_head_json":{"title":"Die Love 66 Bang 15000 Puffs Pod ist die perfekte Mischung f\u00fcr Dampfer die die Liebe zum Geschmack und zu frischen Aromen sch\u00e4tzen | ElementVape.de","description":"Wir bieten Die Love 66 Bang 15000 Puffs Pod ist die perfekte Mischung f\u00fcr Dampfer die die Liebe zum Geschmack und zu frischen Aromen sch\u00e4tzen , Elementvape.de akzeptieren Gro\u00df-und Einzelhandel Bestellungen.","robots":{"index":"index","follow":"follow","max-snippet":"max-snippet:-1","max-image-preview":"max-image-preview:large","max-video-preview":"max-video-preview:-1"},"canonical":"https:\/\/www.elementvape.de\/lt\/produkt\/die-love-66-bang-15000-puffs-pod-ist-die-perfekte-mischung-fuer-dampfer-die-die-liebe-zum-geschmack-und-zu-frischen-aromen-schaetzen\/","og_locale":"lt_LT","og_type":"article","og_title":"Die Love 66 Bang 15000 Puffs Pod ist die perfekte Mischung f\u00fcr Dampfer die die Liebe zum Geschmack und zu frischen Aromen sch\u00e4tzen | ElementVape.de","og_description":"Wir bieten Die Love 66 Bang 15000 Puffs Pod ist die perfekte Mischung f\u00fcr Dampfer die die Liebe zum Geschmack und zu frischen Aromen sch\u00e4tzen , Elementvape.de akzeptieren Gro\u00df-und Einzelhandel Bestellungen.","og_url":"https:\/\/www.elementvape.de\/lt\/produkt\/die-love-66-bang-15000-puffs-pod-ist-die-perfekte-mischung-fuer-dampfer-die-die-liebe-zum-geschmack-und-zu-frischen-aromen-schaetzen\/","og_site_name":"ElementVape.de","article_modified_time":"2024-10-10T02:43:16+00:00","og_image":[{"width":1681,"height":1020,"url":"https:\/\/www.elementvape.de\/wp-content\/uploads\/2024\/09\/Love-66.jpg","type":"image\/jpeg"}],"twitter_card":"summary_large_image","twitter_misc":{"Est. reading time":"4 minut\u0117s"},"schema":{"@context":"https:\/\/schema.org","@graph":[{"@type":"WebPage","@id":"https:\/\/www.elementvape.de\/produkt\/die-love-66-bang-15000-puffs-pod-ist-die-perfekte-mischung-fuer-dampfer-die-die-liebe-zum-geschmack-und-zu-frischen-aromen-schaetzen\/","url":"https:\/\/www.elementvape.de\/produkt\/die-love-66-bang-15000-puffs-pod-ist-die-perfekte-mischung-fuer-dampfer-die-die-liebe-zum-geschmack-und-zu-frischen-aromen-schaetzen\/","name":"Die Love 66 Bang 15000 Puffs Pod ist die perfekte Mischung f\u00fcr Dampfer die die Liebe zum Geschmack und zu frischen Aromen sch\u00e4tzen | ElementVape.de","isPartOf":{"@id":"https:\/\/www.elementvape.de\/#website"},"primaryImageOfPage":{"@id":"https:\/\/www.elementvape.de\/produkt\/die-love-66-bang-15000-puffs-pod-ist-die-perfekte-mischung-fuer-dampfer-die-die-liebe-zum-geschmack-und-zu-frischen-aromen-schaetzen\/#primaryimage"},"image":{"@id":"https:\/\/www.elementvape.de\/produkt\/die-love-66-bang-15000-puffs-pod-ist-die-perfekte-mischung-fuer-dampfer-die-die-liebe-zum-geschmack-und-zu-frischen-aromen-schaetzen\/#primaryimage"},"thumbnailUrl":"https:\/\/www.elementvape.de\/wp-content\/uploads\/2024\/09\/Love-66.jpg","datePublished":"2024-09-23T05:53:22+00:00","dateModified":"2024-10-10T02:43:16+00:00","description":"Wir bieten Die Love 66 Bang 15000 Puffs Pod ist die perfekte Mischung f\u00fcr Dampfer die die Liebe zum Geschmack und zu frischen Aromen sch\u00e4tzen , Elementvape.de akzeptieren Gro\u00df-und Einzelhandel Bestellungen.","breadcrumb":{"@id":"https:\/\/www.elementvape.de\/produkt\/die-love-66-bang-15000-puffs-pod-ist-die-perfekte-mischung-fuer-dampfer-die-die-liebe-zum-geschmack-und-zu-frischen-aromen-schaetzen\/#breadcrumb"},"inLanguage":"lt-LT","potentialAction":[{"@type":"ReadAction","target":["https:\/\/www.elementvape.de\/produkt\/die-love-66-bang-15000-puffs-pod-ist-die-perfekte-mischung-fuer-dampfer-die-die-liebe-zum-geschmack-und-zu-frischen-aromen-schaetzen\/"]}]},{"@type":"ImageObject","inLanguage":"lt-LT","@id":"https:\/\/www.elementvape.de\/produkt\/die-love-66-bang-15000-puffs-pod-ist-die-perfekte-mischung-fuer-dampfer-die-die-liebe-zum-geschmack-und-zu-frischen-aromen-schaetzen\/#primaryimage","url":"https:\/\/www.elementvape.de\/wp-content\/uploads\/2024\/09\/Love-66.jpg","contentUrl":"https:\/\/www.elementvape.de\/wp-content\/uploads\/2024\/09\/Love-66.jpg","width":1681,"height":1020,"caption":"Love 66"},{"@type":"BreadcrumbList","@id":"https:\/\/www.elementvape.de\/produkt\/die-love-66-bang-15000-puffs-pod-ist-die-perfekte-mischung-fuer-dampfer-die-die-liebe-zum-geschmack-und-zu-frischen-aromen-schaetzen\/#breadcrumb","itemListElement":[{"@type":"ListItem","position":1,"name":"Home","item":"https:\/\/www.elementvape.de\/"},{"@type":"ListItem","position":2,"name":"Shop","item":"https:\/\/www.elementvape.de\/shop\/"},{"@type":"ListItem","position":3,"name":"Die Love 66 Bang 15000 Puffs Pod ist die perfekte Mischung f\u00fcr Dampfer die die Liebe zum Geschmack und zu frischen Aromen sch\u00e4tzen"}]},{"@type":"WebSite","@id":"https:\/\/www.elementvape.de\/#website","url":"https:\/\/www.elementvape.de\/","name":"ElementVape.de","description":"","publisher":{"@id":"https:\/\/www.elementvape.de\/#organization"},"potentialAction":[{"@type":"SearchAction","target":{"@type":"EntryPoint","urlTemplate":"https:\/\/www.elementvape.de\/?s={search_term_string}"},"query-input":"required name=search_term_string"}],"inLanguage":"lt-LT"},{"@type":"Organization","@id":"https:\/\/www.elementvape.de\/#organization","name":"ElementVape.DE","url":"https:\/\/www.elementvape.de\/","logo":{"@type":"ImageObject","inLanguage":"lt-LT","@id":"https:\/\/www.elementvape.de\/#\/schema\/logo\/image\/","url":"https:\/\/www.elementvape.de\/wp-content\/uploads\/2024\/09\/cropped-1elementvape-3.png","contentUrl":"https:\/\/www.elementvape.de\/wp-content\/uploads\/2024\/09\/cropped-1elementvape-3.png","width":285,"height":228,"caption":"ElementVape.DE"},"image":{"@id":"https:\/\/www.elementvape.de\/#\/schema\/logo\/image\/"}}]}},"_links":{"self":[{"href":"https:\/\/www.elementvape.de\/lt\/wp-json\/wp\/v2\/product\/14559"}],"collection":[{"href":"https:\/\/www.elementvape.de\/lt\/wp-json\/wp\/v2\/product"}],"about":[{"href":"https:\/\/www.elementvape.de\/lt\/wp-json\/wp\/v2\/types\/product"}],"wp:featuredmedia":[{"embeddable":true,"href":"https:\/\/www.elementvape.de\/lt\/wp-json\/wp\/v2\/media\/14533"}],"wp:attachment":[{"href":"https:\/\/www.elementvape.de\/lt\/wp-json\/wp\/v2\/media?parent=14559"}],"wp:term":[{"taxonomy":"product_cat","embeddable":true,"href":"https:\/\/www.elementvape.de\/lt\/wp-json\/wp\/v2\/product_cat?post=14559"},{"taxonomy":"product_tag","embeddable":true,"href":"https:\/\/www.elementvape.de\/lt\/wp-json\/wp\/v2\/product_tag?post=14559"}],"curies":[{"name":"wp","href":"https:\/\/api.w.org\/{rel}","templated":true}]}}