{"id":14528,"date":"2024-09-23T03:31:08","date_gmt":"2024-09-23T03:31:08","guid":{"rendered":"https:\/\/www.elementvape.de\/?post_type=product&#038;p=14528"},"modified":"2024-10-10T02:51:12","modified_gmt":"2024-10-10T02:51:12","slug":"geniessen-sie-20000-zuege-voller-fruchtiger-frische-mit-der-bang-tick-tock-blueberry-ice-ideal-fuer-dampfer-die-eine-kuehle-note-lieben","status":"publish","type":"product","link":"https:\/\/www.elementvape.de\/lt\/produkt\/geniessen-sie-20000-zuege-voller-fruchtiger-frische-mit-der-bang-tick-tock-blueberry-ice-ideal-fuer-dampfer-die-eine-kuehle-note-lieben\/","title":{"rendered":"M\u0117gaukit\u0117s 20000 \u012fkv\u0117pim\u0173 su vaisi\u0173 gaivumu su BANG Tick Tock Blueberry Ice, puikiai tinkan\u010diu garuotojams, m\u0117gstantiems \u0161alt\u0105 atspalv\u012f"},"content":{"rendered":"<h3>Atraskite BANG Tick Tock 20000 Puffs Blueberry Ice<\/h3>\n<p>BANG Tick Tock <strong><a href=\"https:\/\/www.elementvape.de\/lt\/p-tag\/groesser-oder-gleich-20000-zuege\/\" target=\"_blank\" rel=\"noopener\">20000 \u012ftraukim\u0173<\/a><\/strong> Blueberry Ice yra puikus kompanionas garintojams, ie\u0161kantiems gaivinan\u010dio vaisi\u0173 saldumo ir v\u0117sos derinio. Su kiekvienu \u012fkv\u0117pimu patirsite nuostabius sulting\u0173 m\u0117lyni\u0173 aromatus, papildytus ledine nata, kuri u\u017etikrina nepamir\u0161tam\u0105 garinimo patirt\u012f. \u0160iame straipsnyje i\u0161samiai ap\u017evelgsime \u0161io unikalaus produkto privalumus ir savybes.<\/p>\n<p>BANG Tick Tock Blueberry Ice \u017eavi skoniu, kuris patraukia poj\u016b\u010dius ir si\u016blo puik\u0173 saldumo ir v\u0117sos balans\u0105.<\/p>\n<ol>\n<li>Vaisi\u0173 saldumas: Dominuojantis \u0161vie\u017ei\u0173 m\u0117lyni\u0173 skonis suteikia nat\u016bralaus saldumo, kuris d\u017eiugina gomur\u012f. Sultingos, prinokusios uogos kiekvienam \u012fkv\u0117pimui suteikia malonaus vaisi\u0161kumo, tod\u0117l garinimas tampa malonumu.<\/li>\n<li>Ledinis gaivumas: V\u0117sinanti mentolio nata \u012fne\u0161a gaivinan\u010dio komponento, kuris puikiai papildo piln\u0105 m\u0117lyni\u0173 skon\u012f. \u0160is saldumo ir v\u0117sos derinys daro BANG Tick Tock Blueberry Ice ideal\u0173 produkt\u0105 kar\u0161toms vasaros dienoms arba tiesiog gaivinan\u010diam malonumui tarp j\u0173.<\/li>\n<\/ol>\n<p>Be skanaus skonio, BANG Tick Tock Blueberry Ice taip pat si\u016blo praktines technines savybes:<\/p>\n<ul>\n<li>Didel\u0117 \u012fkv\u0117pim\u0173 talpa: Su 20 000 \u012fkv\u0117pim\u0173 galite tik\u0117tis ilgalaik\u0117s garinimo patirties. \u0160i did\u017eiul\u0117 \u012fkv\u0117pim\u0173 talpa daro Blueberry Ice ideal\u0173 kasdieniam naudojimui, nereikalaujant da\u017enai pildyti.<\/li>\n<li>Galingas akumuliatorius: integruotas 650 mAh akumuliatorius u\u017etikrina, kad gal\u0117site ilgai m\u0117gautis. Nesvarbu, ar naudojate prietais\u0105 vis\u0105 dien\u0105, ar tik retkar\u010diais garinate, \u0161is akumuliatorius suteikia jums reikiam\u0105 gali\u0105.<\/li>\n<li>Greitas \u012fkrovimas: C tipo \u012fkrovimo jungtis leid\u017eia greitai ir patogiai \u012fkrauti. Taigi, greitai v\u0117l b\u016bsite pasiruo\u0161\u0119, kai j\u016bs\u0173 akumuliatorius i\u0161sikraus.<\/li>\n<li>Nikotino pasirinkimai: BANG Tick Tock Blueberry Ice yra su 2% ir 5% nikotino druska, leid\u017eian\u010dia jums pritaikyti nikotino stiprum\u0105 pagal savo individualius poreikius.<\/li>\n<\/ul>\n<h3>Puikus kompanionas kiekvienai progai<\/h3>\n<p>BANG Tick Tock Blueberry Ice puikiai tinka \u012fvairioms progoms:<\/p>\n<ol>\n<li>Atsipalaidavimas namuose: Po ilgos dienos Blueberry Ice garinimas gali b\u016bti sveikintinas poilsis. Pasim\u0117gaukite nuostabiu vaisi\u0173 ir v\u0117si\u0173 aromat\u0173 mi\u0161iniu ir m\u0117gaukit\u0117s ramyb\u0117s akimirka.<\/li>\n<li>Kelyje: D\u0117l kompakti\u0161ko dizaino BANG Tick Tock Blueberry Ice idealiai tinka kelion\u0117ms. Pasiimkite j\u012f su savimi \u012f keliones ar i\u0161vykas, kad gal\u0117tum\u0117te bet kada m\u0117gautis gaivinan\u010dia garinimo patirtimi.<\/li>\n<li>Linksmi renginiai: Pasidalinkite d\u017eiaugsmu <strong><a href=\"https:\/\/www.elementvape.de\/lt\/\" target=\"_blank\" rel=\"noopener\">Garinim\u0105<\/a><\/strong> su draugais ir kartu atraskite gaivinan\u010dius aromatus. BANG Tick Tock Blueberry Ice sukuria ger\u0105 nuotaik\u0105 ir paver\u010dia kiekvien\u0105 prog\u0105 ypatinga.<\/li>\n<\/ol>\n<p>Garindami su BANG Tick Tock Blueberry Ice, gausite daug privalum\u0173, d\u0117l kuri\u0173 tai yra puikus pasirinkimas:<\/p>\n<ol>\n<li>Ma\u017eiau kenksminga nei r\u016bkymas: Daugelis garintoj\u0173 renkasi garinim\u0105 kaip sveikesn\u0119 alternatyv\u0105 r\u016bkymui. BANG Tick Tock Blueberry Ice sud\u0117tyje yra nikotino druskos, kuri u\u017etikrina \u0161velnesn\u012f \u012fkv\u0117pim\u0105 ir ma\u017eiau dirgina gerkl\u0119.<\/li>\n<li>\u012evairios skonio r\u016b\u0161ys: Su pla\u010dia skonio palete \u2013 nuo vaisi\u0173 iki gaivinan\u010di\u0173 \u2013 BANG Tick Tock serija si\u016blo ka\u017ek\u0105 kiekvieno skoniui. Tai leid\u017eia personalizuot\u0105 garinimo patirt\u012f.<\/li>\n<li>Naudotojo draugi\u0161kumas: BANG Tick Tock produktai yra lengvai naudojami, tod\u0117l jie yra ideal\u016bs garintojams i\u0161 \u012fvairi\u0173 patirties lygi\u0173. Nereikia sud\u0117ting\u0173 nustatym\u0173; tiesiog traukite ir m\u0117gaukit\u0117s.<\/li>\n<li>Stilingas dizainas: Patrauklus BANG Tick Tock produkt\u0173 dizainas daro juos ne tik funkcionaliais, bet ir madingais aksesuarais, kurie atitinka j\u016bs\u0173 asmenin\u012f stili\u0173.<\/li>\n<\/ol>\n<p>BANG Tick Tock 20000 Puffs Blueberry Ice yra b\u016btinas produktas kiekvienam garintojui, ie\u0161kan\u010diam tobulo vaisi\u0173 saldumo ir v\u0117sos derinio. Su didele \u012fkv\u0117pim\u0173 talpa, patogiomis savyb\u0117mis ir skaniu skoniu jis si\u016blo nepamir\u0161tam\u0105 garinimo patirt\u012f. I\u0161bandykite BANG Tick Tock Blueberry Ice ir m\u0117gaukit\u0117s kiekvienu \u012fkv\u0117pimu!<\/p>","protected":false},"excerpt":{"rendered":"<p>Entdecken Sie die BANG Tick Tock 20000 Puffs Blueberry Ice Die BANG Tick Tock 20000 Puffs Blueberry Ice ist der perfekte Begleiter f\u00fcr Dampfer, die eine erfrischende Kombination aus fruchtiger S\u00fc\u00dfe und k\u00fchler Frische suchen. Mit jedem Zug erleben Sie die k\u00f6stlichen Aromen von saftigen Blaubeeren, erg\u00e4nzt durch eine eisige Note, die f\u00fcr ein unvergessliches [&hellip;]<\/p>","protected":false},"featured_media":14506,"template":"","meta":{"inline_featured_image":false},"product_cat":[15,762,739,743,744,755,738,751],"product_tag":[710,725],"tiered_pricing_type":"fixed","tiered_pricing_fixed_rules":{"60":"9.4","110":"8.35","200":"7.31"},"tiered_pricing_percentage_rules":[],"tiered_pricing_minimum":1,"_administrator_tiered_pricing_type":"fixed","_administrator_tiered_pricing_fixed_rules":[],"_editor_tiered_pricing_type":"fixed","_editor_tiered_pricing_fixed_rules":[],"_author_tiered_pricing_type":"fixed","_author_tiered_pricing_fixed_rules":[],"_contributor_tiered_pricing_type":"fixed","_contributor_tiered_pricing_fixed_rules":[],"_subscriber_tiered_pricing_type":"fixed","_subscriber_tiered_pricing_fixed_rules":[],"_customer_tiered_pricing_type":"fixed","_customer_tiered_pricing_fixed_rules":[],"_shop_manager_tiered_pricing_type":"fixed","_shop_manager_tiered_pricing_fixed_rules":[],"_wpseo_manager_tiered_pricing_type":"fixed","_wpseo_manager_tiered_pricing_fixed_rules":[],"_wpseo_editor_tiered_pricing_type":"fixed","_wpseo_editor_tiered_pricing_fixed_rules":[],"_wholesale_customer_tiered_pricing_type":"fixed","_wholesale_customer_tiered_pricing_fixed_rules":[],"_marketer_tiered_pricing_type":"fixed","_marketer_tiered_pricing_fixed_rules":[],"_sales_manager_tiered_pricing_type":"fixed","_sales_manager_tiered_pricing_fixed_rules":[],"_sales_rep_tiered_pricing_type":"fixed","_sales_rep_tiered_pricing_fixed_rules":[],"yoast_head":"<!-- This site is optimized with the Yoast SEO plugin v23.3 - https:\/\/yoast.com\/wordpress\/plugins\/seo\/ -->\n<title>Genie\u00dfen Sie 20000 Z\u00fcge voller fruchtiger Frische mit der BANG Tick Tock Blueberry Ice ideal f\u00fcr Dampfer die eine k\u00fchle Note lieben | ElementVape.de<\/title>\n<meta name=\"description\" content=\"Wir bieten Genie\u00dfen Sie 20000 Z\u00fcge voller fruchtiger Frische mit der BANG Tick Tock Blueberry Ice ideal f\u00fcr Dampfer die eine k\u00fchle Note lieben , Elementvape.de akzeptieren Gro\u00df-und Einzelhandel Bestellungen.\" \/>\n<meta name=\"robots\" content=\"index, follow, max-snippet:-1, max-image-preview:large, max-video-preview:-1\" \/>\n<link rel=\"canonical\" href=\"https:\/\/www.elementvape.de\/lt\/produkt\/geniessen-sie-20000-zuege-voller-fruchtiger-frische-mit-der-bang-tick-tock-blueberry-ice-ideal-fuer-dampfer-die-eine-kuehle-note-lieben\/\" \/>\n<meta property=\"og:locale\" content=\"lt_LT\" \/>\n<meta property=\"og:type\" content=\"article\" \/>\n<meta property=\"og:title\" content=\"Genie\u00dfen Sie 20000 Z\u00fcge voller fruchtiger Frische mit der BANG Tick Tock Blueberry Ice ideal f\u00fcr Dampfer die eine k\u00fchle Note lieben | ElementVape.de\" \/>\n<meta property=\"og:description\" content=\"Wir bieten Genie\u00dfen Sie 20000 Z\u00fcge voller fruchtiger Frische mit der BANG Tick Tock Blueberry Ice ideal f\u00fcr Dampfer die eine k\u00fchle Note lieben , Elementvape.de akzeptieren Gro\u00df-und Einzelhandel Bestellungen.\" \/>\n<meta property=\"og:url\" content=\"https:\/\/www.elementvape.de\/lt\/produkt\/geniessen-sie-20000-zuege-voller-fruchtiger-frische-mit-der-bang-tick-tock-blueberry-ice-ideal-fuer-dampfer-die-eine-kuehle-note-lieben\/\" \/>\n<meta property=\"og:site_name\" content=\"ElementVape.de\" \/>\n<meta property=\"article:modified_time\" content=\"2024-10-10T02:51:12+00:00\" \/>\n<meta property=\"og:image\" content=\"https:\/\/www.elementvape.de\/wp-content\/uploads\/2024\/09\/Blueberry-Ice-3-scaled.jpg\" \/>\n\t<meta property=\"og:image:width\" content=\"2560\" \/>\n\t<meta property=\"og:image:height\" content=\"1536\" \/>\n\t<meta property=\"og:image:type\" content=\"image\/jpeg\" \/>\n<meta name=\"twitter:card\" content=\"summary_large_image\" \/>\n<meta name=\"twitter:label1\" content=\"Est. reading time\" \/>\n\t<meta name=\"twitter:data1\" content=\"4 minut\u0117s\" \/>\n<script type=\"application\/ld+json\" class=\"yoast-schema-graph\">{\"@context\":\"https:\/\/schema.org\",\"@graph\":[{\"@type\":\"WebPage\",\"@id\":\"https:\/\/www.elementvape.de\/es\/produkt\/geniessen-sie-20000-zuege-voller-fruchtiger-frische-mit-der-bang-tick-tock-blueberry-ice-ideal-fuer-dampfer-die-eine-kuehle-note-lieben\/\",\"url\":\"https:\/\/www.elementvape.de\/es\/produkt\/geniessen-sie-20000-zuege-voller-fruchtiger-frische-mit-der-bang-tick-tock-blueberry-ice-ideal-fuer-dampfer-die-eine-kuehle-note-lieben\/\",\"name\":\"Genie\u00dfen Sie 20000 Z\u00fcge voller fruchtiger Frische mit der BANG Tick Tock Blueberry Ice ideal f\u00fcr Dampfer die eine k\u00fchle Note lieben | ElementVape.de\",\"isPartOf\":{\"@id\":\"https:\/\/www.elementvape.de\/#website\"},\"primaryImageOfPage\":{\"@id\":\"https:\/\/www.elementvape.de\/es\/produkt\/geniessen-sie-20000-zuege-voller-fruchtiger-frische-mit-der-bang-tick-tock-blueberry-ice-ideal-fuer-dampfer-die-eine-kuehle-note-lieben\/#primaryimage\"},\"image\":{\"@id\":\"https:\/\/www.elementvape.de\/es\/produkt\/geniessen-sie-20000-zuege-voller-fruchtiger-frische-mit-der-bang-tick-tock-blueberry-ice-ideal-fuer-dampfer-die-eine-kuehle-note-lieben\/#primaryimage\"},\"thumbnailUrl\":\"https:\/\/www.elementvape.de\/wp-content\/uploads\/2024\/09\/Blueberry-Ice-3-scaled.jpg\",\"datePublished\":\"2024-09-23T03:31:08+00:00\",\"dateModified\":\"2024-10-10T02:51:12+00:00\",\"description\":\"Wir bieten Genie\u00dfen Sie 20000 Z\u00fcge voller fruchtiger Frische mit der BANG Tick Tock Blueberry Ice ideal f\u00fcr Dampfer die eine k\u00fchle Note lieben , Elementvape.de akzeptieren Gro\u00df-und Einzelhandel Bestellungen.\",\"breadcrumb\":{\"@id\":\"https:\/\/www.elementvape.de\/es\/produkt\/geniessen-sie-20000-zuege-voller-fruchtiger-frische-mit-der-bang-tick-tock-blueberry-ice-ideal-fuer-dampfer-die-eine-kuehle-note-lieben\/#breadcrumb\"},\"inLanguage\":\"lt-LT\",\"potentialAction\":[{\"@type\":\"ReadAction\",\"target\":[\"https:\/\/www.elementvape.de\/es\/produkt\/geniessen-sie-20000-zuege-voller-fruchtiger-frische-mit-der-bang-tick-tock-blueberry-ice-ideal-fuer-dampfer-die-eine-kuehle-note-lieben\/\"]}]},{\"@type\":\"ImageObject\",\"inLanguage\":\"lt-LT\",\"@id\":\"https:\/\/www.elementvape.de\/es\/produkt\/geniessen-sie-20000-zuege-voller-fruchtiger-frische-mit-der-bang-tick-tock-blueberry-ice-ideal-fuer-dampfer-die-eine-kuehle-note-lieben\/#primaryimage\",\"url\":\"https:\/\/www.elementvape.de\/wp-content\/uploads\/2024\/09\/Blueberry-Ice-3-scaled.jpg\",\"contentUrl\":\"https:\/\/www.elementvape.de\/wp-content\/uploads\/2024\/09\/Blueberry-Ice-3-scaled.jpg\",\"width\":2560,\"height\":1536,\"caption\":\"Blueberry Ice\"},{\"@type\":\"BreadcrumbList\",\"@id\":\"https:\/\/www.elementvape.de\/es\/produkt\/geniessen-sie-20000-zuege-voller-fruchtiger-frische-mit-der-bang-tick-tock-blueberry-ice-ideal-fuer-dampfer-die-eine-kuehle-note-lieben\/#breadcrumb\",\"itemListElement\":[{\"@type\":\"ListItem\",\"position\":1,\"name\":\"Home\",\"item\":\"https:\/\/www.elementvape.de\/\"},{\"@type\":\"ListItem\",\"position\":2,\"name\":\"Shop\",\"item\":\"https:\/\/www.elementvape.de\/shop\/\"},{\"@type\":\"ListItem\",\"position\":3,\"name\":\"Genie\u00dfen Sie 20000 Z\u00fcge voller fruchtiger Frische mit der BANG Tick Tock Blueberry Ice ideal f\u00fcr Dampfer die eine k\u00fchle Note lieben\"}]},{\"@type\":\"WebSite\",\"@id\":\"https:\/\/www.elementvape.de\/#website\",\"url\":\"https:\/\/www.elementvape.de\/\",\"name\":\"ElementVape.de\",\"description\":\"\",\"publisher\":{\"@id\":\"https:\/\/www.elementvape.de\/#organization\"},\"potentialAction\":[{\"@type\":\"SearchAction\",\"target\":{\"@type\":\"EntryPoint\",\"urlTemplate\":\"https:\/\/www.elementvape.de\/?s={search_term_string}\"},\"query-input\":\"required name=search_term_string\"}],\"inLanguage\":\"lt-LT\"},{\"@type\":\"Organization\",\"@id\":\"https:\/\/www.elementvape.de\/#organization\",\"name\":\"ElementVape.DE\",\"url\":\"https:\/\/www.elementvape.de\/\",\"logo\":{\"@type\":\"ImageObject\",\"inLanguage\":\"lt-LT\",\"@id\":\"https:\/\/www.elementvape.de\/#\/schema\/logo\/image\/\",\"url\":\"https:\/\/www.elementvape.de\/wp-content\/uploads\/2024\/09\/cropped-1elementvape-3.png\",\"contentUrl\":\"https:\/\/www.elementvape.de\/wp-content\/uploads\/2024\/09\/cropped-1elementvape-3.png\",\"width\":285,\"height\":228,\"caption\":\"ElementVape.DE\"},\"image\":{\"@id\":\"https:\/\/www.elementvape.de\/#\/schema\/logo\/image\/\"}}]}<\/script>\n<!-- \/ Yoast SEO plugin. -->","yoast_head_json":{"title":"Genie\u00dfen Sie 20000 Z\u00fcge voller fruchtiger Frische mit der BANG Tick Tock Blueberry Ice ideal f\u00fcr Dampfer die eine k\u00fchle Note lieben | ElementVape.de","description":"Wir bieten Genie\u00dfen Sie 20000 Z\u00fcge voller fruchtiger Frische mit der BANG Tick Tock Blueberry Ice ideal f\u00fcr Dampfer die eine k\u00fchle Note lieben , Elementvape.de akzeptieren Gro\u00df-und Einzelhandel Bestellungen.","robots":{"index":"index","follow":"follow","max-snippet":"max-snippet:-1","max-image-preview":"max-image-preview:large","max-video-preview":"max-video-preview:-1"},"canonical":"https:\/\/www.elementvape.de\/lt\/produkt\/geniessen-sie-20000-zuege-voller-fruchtiger-frische-mit-der-bang-tick-tock-blueberry-ice-ideal-fuer-dampfer-die-eine-kuehle-note-lieben\/","og_locale":"lt_LT","og_type":"article","og_title":"Genie\u00dfen Sie 20000 Z\u00fcge voller fruchtiger Frische mit der BANG Tick Tock Blueberry Ice ideal f\u00fcr Dampfer die eine k\u00fchle Note lieben | ElementVape.de","og_description":"Wir bieten Genie\u00dfen Sie 20000 Z\u00fcge voller fruchtiger Frische mit der BANG Tick Tock Blueberry Ice ideal f\u00fcr Dampfer die eine k\u00fchle Note lieben , Elementvape.de akzeptieren Gro\u00df-und Einzelhandel Bestellungen.","og_url":"https:\/\/www.elementvape.de\/lt\/produkt\/geniessen-sie-20000-zuege-voller-fruchtiger-frische-mit-der-bang-tick-tock-blueberry-ice-ideal-fuer-dampfer-die-eine-kuehle-note-lieben\/","og_site_name":"ElementVape.de","article_modified_time":"2024-10-10T02:51:12+00:00","og_image":[{"width":2560,"height":1536,"url":"https:\/\/www.elementvape.de\/wp-content\/uploads\/2024\/09\/Blueberry-Ice-3-scaled.jpg","type":"image\/jpeg"}],"twitter_card":"summary_large_image","twitter_misc":{"Est. reading time":"4 minut\u0117s"},"schema":{"@context":"https:\/\/schema.org","@graph":[{"@type":"WebPage","@id":"https:\/\/www.elementvape.de\/es\/produkt\/geniessen-sie-20000-zuege-voller-fruchtiger-frische-mit-der-bang-tick-tock-blueberry-ice-ideal-fuer-dampfer-die-eine-kuehle-note-lieben\/","url":"https:\/\/www.elementvape.de\/es\/produkt\/geniessen-sie-20000-zuege-voller-fruchtiger-frische-mit-der-bang-tick-tock-blueberry-ice-ideal-fuer-dampfer-die-eine-kuehle-note-lieben\/","name":"Genie\u00dfen Sie 20000 Z\u00fcge voller fruchtiger Frische mit der BANG Tick Tock Blueberry Ice ideal f\u00fcr Dampfer die eine k\u00fchle Note lieben | ElementVape.de","isPartOf":{"@id":"https:\/\/www.elementvape.de\/#website"},"primaryImageOfPage":{"@id":"https:\/\/www.elementvape.de\/es\/produkt\/geniessen-sie-20000-zuege-voller-fruchtiger-frische-mit-der-bang-tick-tock-blueberry-ice-ideal-fuer-dampfer-die-eine-kuehle-note-lieben\/#primaryimage"},"image":{"@id":"https:\/\/www.elementvape.de\/es\/produkt\/geniessen-sie-20000-zuege-voller-fruchtiger-frische-mit-der-bang-tick-tock-blueberry-ice-ideal-fuer-dampfer-die-eine-kuehle-note-lieben\/#primaryimage"},"thumbnailUrl":"https:\/\/www.elementvape.de\/wp-content\/uploads\/2024\/09\/Blueberry-Ice-3-scaled.jpg","datePublished":"2024-09-23T03:31:08+00:00","dateModified":"2024-10-10T02:51:12+00:00","description":"Wir bieten Genie\u00dfen Sie 20000 Z\u00fcge voller fruchtiger Frische mit der BANG Tick Tock Blueberry Ice ideal f\u00fcr Dampfer die eine k\u00fchle Note lieben , Elementvape.de akzeptieren Gro\u00df-und Einzelhandel Bestellungen.","breadcrumb":{"@id":"https:\/\/www.elementvape.de\/es\/produkt\/geniessen-sie-20000-zuege-voller-fruchtiger-frische-mit-der-bang-tick-tock-blueberry-ice-ideal-fuer-dampfer-die-eine-kuehle-note-lieben\/#breadcrumb"},"inLanguage":"lt-LT","potentialAction":[{"@type":"ReadAction","target":["https:\/\/www.elementvape.de\/es\/produkt\/geniessen-sie-20000-zuege-voller-fruchtiger-frische-mit-der-bang-tick-tock-blueberry-ice-ideal-fuer-dampfer-die-eine-kuehle-note-lieben\/"]}]},{"@type":"ImageObject","inLanguage":"lt-LT","@id":"https:\/\/www.elementvape.de\/es\/produkt\/geniessen-sie-20000-zuege-voller-fruchtiger-frische-mit-der-bang-tick-tock-blueberry-ice-ideal-fuer-dampfer-die-eine-kuehle-note-lieben\/#primaryimage","url":"https:\/\/www.elementvape.de\/wp-content\/uploads\/2024\/09\/Blueberry-Ice-3-scaled.jpg","contentUrl":"https:\/\/www.elementvape.de\/wp-content\/uploads\/2024\/09\/Blueberry-Ice-3-scaled.jpg","width":2560,"height":1536,"caption":"Blueberry Ice"},{"@type":"BreadcrumbList","@id":"https:\/\/www.elementvape.de\/es\/produkt\/geniessen-sie-20000-zuege-voller-fruchtiger-frische-mit-der-bang-tick-tock-blueberry-ice-ideal-fuer-dampfer-die-eine-kuehle-note-lieben\/#breadcrumb","itemListElement":[{"@type":"ListItem","position":1,"name":"Home","item":"https:\/\/www.elementvape.de\/"},{"@type":"ListItem","position":2,"name":"Shop","item":"https:\/\/www.elementvape.de\/shop\/"},{"@type":"ListItem","position":3,"name":"Genie\u00dfen Sie 20000 Z\u00fcge voller fruchtiger Frische mit der BANG Tick Tock Blueberry Ice ideal f\u00fcr Dampfer die eine k\u00fchle Note lieben"}]},{"@type":"WebSite","@id":"https:\/\/www.elementvape.de\/#website","url":"https:\/\/www.elementvape.de\/","name":"ElementVape.de","description":"","publisher":{"@id":"https:\/\/www.elementvape.de\/#organization"},"potentialAction":[{"@type":"SearchAction","target":{"@type":"EntryPoint","urlTemplate":"https:\/\/www.elementvape.de\/?s={search_term_string}"},"query-input":"required name=search_term_string"}],"inLanguage":"lt-LT"},{"@type":"Organization","@id":"https:\/\/www.elementvape.de\/#organization","name":"ElementVape.DE","url":"https:\/\/www.elementvape.de\/","logo":{"@type":"ImageObject","inLanguage":"lt-LT","@id":"https:\/\/www.elementvape.de\/#\/schema\/logo\/image\/","url":"https:\/\/www.elementvape.de\/wp-content\/uploads\/2024\/09\/cropped-1elementvape-3.png","contentUrl":"https:\/\/www.elementvape.de\/wp-content\/uploads\/2024\/09\/cropped-1elementvape-3.png","width":285,"height":228,"caption":"ElementVape.DE"},"image":{"@id":"https:\/\/www.elementvape.de\/#\/schema\/logo\/image\/"}}]}},"_links":{"self":[{"href":"https:\/\/www.elementvape.de\/lt\/wp-json\/wp\/v2\/product\/14528"}],"collection":[{"href":"https:\/\/www.elementvape.de\/lt\/wp-json\/wp\/v2\/product"}],"about":[{"href":"https:\/\/www.elementvape.de\/lt\/wp-json\/wp\/v2\/types\/product"}],"wp:featuredmedia":[{"embeddable":true,"href":"https:\/\/www.elementvape.de\/lt\/wp-json\/wp\/v2\/media\/14506"}],"wp:attachment":[{"href":"https:\/\/www.elementvape.de\/lt\/wp-json\/wp\/v2\/media?parent=14528"}],"wp:term":[{"taxonomy":"product_cat","embeddable":true,"href":"https:\/\/www.elementvape.de\/lt\/wp-json\/wp\/v2\/product_cat?post=14528"},{"taxonomy":"product_tag","embeddable":true,"href":"https:\/\/www.elementvape.de\/lt\/wp-json\/wp\/v2\/product_tag?post=14528"}],"curies":[{"name":"wp","href":"https:\/\/api.w.org\/{rel}","templated":true}]}}