{"id":14527,"date":"2024-09-23T03:19:46","date_gmt":"2024-09-23T03:19:46","guid":{"rendered":"https:\/\/www.elementvape.de\/?post_type=product&#038;p=14527"},"modified":"2024-10-10T02:52:32","modified_gmt":"2024-10-10T02:52:32","slug":"mit-jedem-zug-der-bang-tick-tock-20000-puffs-strawberry-banana-erleben-sie-die-harmonische-fusion-von-saftigen-erdbeeren-und-reifen-bananen","status":"publish","type":"product","link":"https:\/\/www.elementvape.de\/lt\/produkt\/mit-jedem-zug-der-bang-tick-tock-20000-puffs-strawberry-banana-erleben-sie-die-harmonische-fusion-von-saftigen-erdbeeren-und-reifen-bananen\/","title":{"rendered":"Kiekvienu \u012fkv\u0117pimu su BANG Tick Tock 20000 Puffs Strawberry Banana patirkite sulting\u0173 bra\u0161ki\u0173 ir prinokusi\u0173 banan\u0173 harmonij\u0105"},"content":{"rendered":"<h3>Patirkite BANG Tick Tock 20000 R\u016bkal\u0173 Bra\u0161k\u0117 Banana<\/h3>\n<p>Kiekvienu \u012fkv\u0117pimu i\u0161 BANG Tick Tock 20000 R\u016bkal\u0173 Bra\u0161k\u0117 Banana \u012fsitraukiate \u012f harmoning\u0105 sulting\u0173 bra\u0161ki\u0173 ir prinokusi\u0173 banan\u0173 jungt\u012f. \u0160is i\u0161skirtinis garintuvo patirtis sujungia sald\u0173 vaisi\u0173 skon\u012f su kreminiu banano tekst\u016bra, sukurdama skonio profil\u012f, kuris yra tiek gaivus, tiek patenkinamas.<\/p>\n<h4>Skoni\u0173 patirtis<\/h4>\n<p>Bra\u0161k\u0117s suteikia gyv\u0105, sald\u0173 skon\u012f, primenant\u012f saul\u0117t\u0105 vasaros dien\u0105. J\u0173 nat\u016brali saldumas puikiai dera su banano aromatais, kurie yra \u017einomi d\u0117l savo kremin\u0117s ir turtingos tekst\u016bros. Kartu jie sudaro skonio patirt\u012f, kuri idealiai tinka kiekvienam garintojui, nesvarbu, ar esate patyr\u0119s vaperis, ar tik pradedate.<\/p>\n<p>\u0160i\u0173 dviej\u0173 vaisini\u0173 aromat\u0173 s\u0105veika sukelia maloni\u0105 skonio sprogim\u0105 kiekvienu \u012fkv\u0117pimu. Bra\u0161k\u0117 suteikia gaivumo, o bananas priduria \u0161veln\u0173, kremin\u012f atspalv\u012f, kuris paver\u010dia garinim\u0105 tikru malonumu.<\/p>\n<h4>Techniniai bruo\u017eai<\/h4>\n<p>BANG Tick Tock <strong><a href=\"https:\/\/www.elementvape.de\/lt\/p-tag\/groesser-oder-gleich-20000-zuege\/\" target=\"_blank\" rel=\"noopener\">20000 \u012ftraukim\u0173<\/a><\/strong> Strawberry Banana ne tik si\u016blo i\u0161skirtin\u0119 skonio patirt\u012f, bet ir pasi\u017eymi \u012fsp\u016bdingomis technin\u0117mis savyb\u0117mis:<\/p>\n<ul>\n<li>Didelis r\u016bkal\u0173 kiekis: su \u012fsp\u016bdingu 20 000 \u012fkv\u0117pim\u0173 skai\u010diumi \u0161is \u012frenginys yra puikus ilgesniam garinimui, nereikalaujant da\u017en\u0173 papildym\u0173.<\/li>\n<li>Galinga baterija: integruota 650mAh baterija u\u017etikrina ilg\u0105 naudojim\u0105, o Tipo-C \u012fkrovimo jungtis leid\u017eia greitai ir efektyviai \u012fkrauti.<\/li>\n<li>Skirtingi nikotino stiprumai: prieinama 2% ir 5% nikotino druska leid\u017eia pritaikyti garinimo patirt\u012f pagal savo asmeninius pageidavimus.<\/li>\n<\/ul>\n<h4>Puikus kompanionas kiekvienai progai<\/h4>\n<p>BANG Tick Tock Strawberry Banana yra ideali kompanion\u0117 \u012fvairioms progoms:<\/p>\n<ol>\n<li>Poilsis namuose: Leiskit\u0117s \u012f ilg\u0105 dien\u0105 su \u0161iuo skoniu, kuris ne tik mal\u0161ina gomur\u012f, bet ir suteikia gerov\u0117s jausm\u0105.<\/li>\n<li>Kelyje: D\u0117l kompakti\u0161ko dizaino galite lengvai pasiimti BANG Tick Tock su savimi. Nesvarbu, ar vaik\u0161tote, keliaujate ar pertraukoje, \u0161is produktas suteikia vaisi\u0173 gaivumo bet kuriuo metu, kai to norite.<\/li>\n<li>Bendraudami su draugais: Dalinkit\u0117s d\u017eiaugsmu <strong><a href=\"https:\/\/www.elementvape.de\/lt\/\" target=\"_blank\" rel=\"noopener\">Garinim\u0105<\/a><\/strong> su draugais ir m\u0117gaukit\u0117s harmoningos mi\u0161inio malonumu. Vaisi\u0173 aromatai sukuria ger\u0105 nuotaik\u0105 ir atsipalaidavusi\u0105 atmosfer\u0105.<\/li>\n<\/ol>\n<p>BANG Tick Tock 20000 R\u016bkal\u0173 Bra\u0161k\u0117 Banana yra nepakei\u010diamas produktas kiekvienam garintojui, m\u0117gstan\u010diam vaisinius aromatus. Su j\u0173 deriniu i\u0161siskirian\u010diu sultingomis bra\u0161k\u0117mis ir prinokusiais bananais, jis si\u016blo intensyvi\u0105 skonio patirt\u012f, kurios nenor\u0117site praleisti. Atraskite nauj\u0105 garinimo d\u017eiaugsm\u0105 ir leiskit\u0117s \u012f \u0161i\u0105 skani\u0105 jungt\u012f!<\/p>","protected":false},"excerpt":{"rendered":"<p>Erleben Sie die BANG Tick Tock 20000 Puffs Strawberry Banana Mit jedem Zug der BANG Tick Tock 20000 Puffs Strawberry Banana tauchen Sie ein in eine harmonische Fusion aus saftigen Erdbeeren und reifen Bananen. Dieses au\u00dfergew\u00f6hnliche Dampferlebnis vereint die s\u00fc\u00dfe Fruchtigkeit der Erdbeere mit der cremigen Textur der Banane, um ein Geschmacksprofil zu schaffen, das [&hellip;]<\/p>","protected":false},"featured_media":14511,"template":"","meta":{"inline_featured_image":false},"product_cat":[15,762,739,743,744,755,738,751],"product_tag":[710,725],"tiered_pricing_type":"fixed","tiered_pricing_fixed_rules":{"60":"9.4","110":"8.35","200":"7.31"},"tiered_pricing_percentage_rules":[],"tiered_pricing_minimum":1,"_administrator_tiered_pricing_type":"fixed","_administrator_tiered_pricing_fixed_rules":[],"_editor_tiered_pricing_type":"fixed","_editor_tiered_pricing_fixed_rules":[],"_author_tiered_pricing_type":"fixed","_author_tiered_pricing_fixed_rules":[],"_contributor_tiered_pricing_type":"fixed","_contributor_tiered_pricing_fixed_rules":[],"_subscriber_tiered_pricing_type":"fixed","_subscriber_tiered_pricing_fixed_rules":[],"_customer_tiered_pricing_type":"fixed","_customer_tiered_pricing_fixed_rules":[],"_shop_manager_tiered_pricing_type":"fixed","_shop_manager_tiered_pricing_fixed_rules":[],"_wpseo_manager_tiered_pricing_type":"fixed","_wpseo_manager_tiered_pricing_fixed_rules":[],"_wpseo_editor_tiered_pricing_type":"fixed","_wpseo_editor_tiered_pricing_fixed_rules":[],"_wholesale_customer_tiered_pricing_type":"fixed","_wholesale_customer_tiered_pricing_fixed_rules":[],"_marketer_tiered_pricing_type":"fixed","_marketer_tiered_pricing_fixed_rules":[],"_sales_manager_tiered_pricing_type":"fixed","_sales_manager_tiered_pricing_fixed_rules":[],"_sales_rep_tiered_pricing_type":"fixed","_sales_rep_tiered_pricing_fixed_rules":[],"yoast_head":"<!-- This site is optimized with the Yoast SEO plugin v23.3 - https:\/\/yoast.com\/wordpress\/plugins\/seo\/ -->\n<title>Mit jedem Zug der BANG Tick Tock 20000 Puffs Strawberry Banana erleben Sie die harmonische Fusion von saftigen Erdbeeren und reifen Bananen | ElementVape.de<\/title>\n<meta name=\"description\" content=\"Wir bieten Mit jedem Zug der BANG Tick Tock 20000 Puffs Strawberry Banana erleben Sie die harmonische Fusion von saftigen Erdbeeren und reifen Bananen , Elementvape.de akzeptieren Gro\u00df-und Einzelhandel Bestellungen.\" \/>\n<meta name=\"robots\" content=\"index, follow, max-snippet:-1, max-image-preview:large, max-video-preview:-1\" \/>\n<link rel=\"canonical\" href=\"https:\/\/www.elementvape.de\/lt\/produkt\/mit-jedem-zug-der-bang-tick-tock-20000-puffs-strawberry-banana-erleben-sie-die-harmonische-fusion-von-saftigen-erdbeeren-und-reifen-bananen\/\" \/>\n<meta property=\"og:locale\" content=\"lt_LT\" \/>\n<meta property=\"og:type\" content=\"article\" \/>\n<meta property=\"og:title\" content=\"Mit jedem Zug der BANG Tick Tock 20000 Puffs Strawberry Banana erleben Sie die harmonische Fusion von saftigen Erdbeeren und reifen Bananen | ElementVape.de\" \/>\n<meta property=\"og:description\" content=\"Wir bieten Mit jedem Zug der BANG Tick Tock 20000 Puffs Strawberry Banana erleben Sie die harmonische Fusion von saftigen Erdbeeren und reifen Bananen , Elementvape.de akzeptieren Gro\u00df-und Einzelhandel Bestellungen.\" \/>\n<meta property=\"og:url\" content=\"https:\/\/www.elementvape.de\/lt\/produkt\/mit-jedem-zug-der-bang-tick-tock-20000-puffs-strawberry-banana-erleben-sie-die-harmonische-fusion-von-saftigen-erdbeeren-und-reifen-bananen\/\" \/>\n<meta property=\"og:site_name\" content=\"ElementVape.de\" \/>\n<meta property=\"article:modified_time\" content=\"2024-10-10T02:52:32+00:00\" \/>\n<meta property=\"og:image\" content=\"https:\/\/www.elementvape.de\/wp-content\/uploads\/2024\/09\/Strawberry-Banana-3-scaled.jpg\" \/>\n\t<meta property=\"og:image:width\" content=\"2560\" \/>\n\t<meta property=\"og:image:height\" content=\"1536\" \/>\n\t<meta property=\"og:image:type\" content=\"image\/jpeg\" \/>\n<meta name=\"twitter:card\" content=\"summary_large_image\" \/>\n<meta name=\"twitter:label1\" content=\"Est. reading time\" \/>\n\t<meta name=\"twitter:data1\" content=\"3 minut\u0117s\" \/>\n<script type=\"application\/ld+json\" class=\"yoast-schema-graph\">{\"@context\":\"https:\/\/schema.org\",\"@graph\":[{\"@type\":\"WebPage\",\"@id\":\"https:\/\/www.elementvape.de\/produkt\/mit-jedem-zug-der-bang-tick-tock-20000-puffs-strawberry-banana-erleben-sie-die-harmonische-fusion-von-saftigen-erdbeeren-und-reifen-bananen\/\",\"url\":\"https:\/\/www.elementvape.de\/produkt\/mit-jedem-zug-der-bang-tick-tock-20000-puffs-strawberry-banana-erleben-sie-die-harmonische-fusion-von-saftigen-erdbeeren-und-reifen-bananen\/\",\"name\":\"Mit jedem Zug der BANG Tick Tock 20000 Puffs Strawberry Banana erleben Sie die harmonische Fusion von saftigen Erdbeeren und reifen Bananen | ElementVape.de\",\"isPartOf\":{\"@id\":\"https:\/\/www.elementvape.de\/#website\"},\"primaryImageOfPage\":{\"@id\":\"https:\/\/www.elementvape.de\/produkt\/mit-jedem-zug-der-bang-tick-tock-20000-puffs-strawberry-banana-erleben-sie-die-harmonische-fusion-von-saftigen-erdbeeren-und-reifen-bananen\/#primaryimage\"},\"image\":{\"@id\":\"https:\/\/www.elementvape.de\/produkt\/mit-jedem-zug-der-bang-tick-tock-20000-puffs-strawberry-banana-erleben-sie-die-harmonische-fusion-von-saftigen-erdbeeren-und-reifen-bananen\/#primaryimage\"},\"thumbnailUrl\":\"https:\/\/www.elementvape.de\/wp-content\/uploads\/2024\/09\/Strawberry-Banana-3-scaled.jpg\",\"datePublished\":\"2024-09-23T03:19:46+00:00\",\"dateModified\":\"2024-10-10T02:52:32+00:00\",\"description\":\"Wir bieten Mit jedem Zug der BANG Tick Tock 20000 Puffs Strawberry Banana erleben Sie die harmonische Fusion von saftigen Erdbeeren und reifen Bananen , Elementvape.de akzeptieren Gro\u00df-und Einzelhandel Bestellungen.\",\"breadcrumb\":{\"@id\":\"https:\/\/www.elementvape.de\/produkt\/mit-jedem-zug-der-bang-tick-tock-20000-puffs-strawberry-banana-erleben-sie-die-harmonische-fusion-von-saftigen-erdbeeren-und-reifen-bananen\/#breadcrumb\"},\"inLanguage\":\"lt-LT\",\"potentialAction\":[{\"@type\":\"ReadAction\",\"target\":[\"https:\/\/www.elementvape.de\/produkt\/mit-jedem-zug-der-bang-tick-tock-20000-puffs-strawberry-banana-erleben-sie-die-harmonische-fusion-von-saftigen-erdbeeren-und-reifen-bananen\/\"]}]},{\"@type\":\"ImageObject\",\"inLanguage\":\"lt-LT\",\"@id\":\"https:\/\/www.elementvape.de\/produkt\/mit-jedem-zug-der-bang-tick-tock-20000-puffs-strawberry-banana-erleben-sie-die-harmonische-fusion-von-saftigen-erdbeeren-und-reifen-bananen\/#primaryimage\",\"url\":\"https:\/\/www.elementvape.de\/wp-content\/uploads\/2024\/09\/Strawberry-Banana-3-scaled.jpg\",\"contentUrl\":\"https:\/\/www.elementvape.de\/wp-content\/uploads\/2024\/09\/Strawberry-Banana-3-scaled.jpg\",\"width\":2560,\"height\":1536,\"caption\":\"Strawberry Banana\"},{\"@type\":\"BreadcrumbList\",\"@id\":\"https:\/\/www.elementvape.de\/produkt\/mit-jedem-zug-der-bang-tick-tock-20000-puffs-strawberry-banana-erleben-sie-die-harmonische-fusion-von-saftigen-erdbeeren-und-reifen-bananen\/#breadcrumb\",\"itemListElement\":[{\"@type\":\"ListItem\",\"position\":1,\"name\":\"Home\",\"item\":\"https:\/\/www.elementvape.de\/\"},{\"@type\":\"ListItem\",\"position\":2,\"name\":\"Shop\",\"item\":\"https:\/\/www.elementvape.de\/shop\/\"},{\"@type\":\"ListItem\",\"position\":3,\"name\":\"Mit jedem Zug der BANG Tick Tock 20000 Puffs Strawberry Banana erleben Sie die harmonische Fusion von saftigen Erdbeeren und reifen Bananen\"}]},{\"@type\":\"WebSite\",\"@id\":\"https:\/\/www.elementvape.de\/#website\",\"url\":\"https:\/\/www.elementvape.de\/\",\"name\":\"ElementVape.de\",\"description\":\"\",\"publisher\":{\"@id\":\"https:\/\/www.elementvape.de\/#organization\"},\"potentialAction\":[{\"@type\":\"SearchAction\",\"target\":{\"@type\":\"EntryPoint\",\"urlTemplate\":\"https:\/\/www.elementvape.de\/?s={search_term_string}\"},\"query-input\":\"required name=search_term_string\"}],\"inLanguage\":\"lt-LT\"},{\"@type\":\"Organization\",\"@id\":\"https:\/\/www.elementvape.de\/#organization\",\"name\":\"ElementVape.DE\",\"url\":\"https:\/\/www.elementvape.de\/\",\"logo\":{\"@type\":\"ImageObject\",\"inLanguage\":\"lt-LT\",\"@id\":\"https:\/\/www.elementvape.de\/#\/schema\/logo\/image\/\",\"url\":\"https:\/\/www.elementvape.de\/wp-content\/uploads\/2024\/09\/cropped-1elementvape-3.png\",\"contentUrl\":\"https:\/\/www.elementvape.de\/wp-content\/uploads\/2024\/09\/cropped-1elementvape-3.png\",\"width\":285,\"height\":228,\"caption\":\"ElementVape.DE\"},\"image\":{\"@id\":\"https:\/\/www.elementvape.de\/#\/schema\/logo\/image\/\"}}]}<\/script>\n<!-- \/ Yoast SEO plugin. -->","yoast_head_json":{"title":"Mit jedem Zug der BANG Tick Tock 20000 Puffs Strawberry Banana erleben Sie die harmonische Fusion von saftigen Erdbeeren und reifen Bananen | ElementVape.de","description":"Wir bieten Mit jedem Zug der BANG Tick Tock 20000 Puffs Strawberry Banana erleben Sie die harmonische Fusion von saftigen Erdbeeren und reifen Bananen , Elementvape.de akzeptieren Gro\u00df-und Einzelhandel Bestellungen.","robots":{"index":"index","follow":"follow","max-snippet":"max-snippet:-1","max-image-preview":"max-image-preview:large","max-video-preview":"max-video-preview:-1"},"canonical":"https:\/\/www.elementvape.de\/lt\/produkt\/mit-jedem-zug-der-bang-tick-tock-20000-puffs-strawberry-banana-erleben-sie-die-harmonische-fusion-von-saftigen-erdbeeren-und-reifen-bananen\/","og_locale":"lt_LT","og_type":"article","og_title":"Mit jedem Zug der BANG Tick Tock 20000 Puffs Strawberry Banana erleben Sie die harmonische Fusion von saftigen Erdbeeren und reifen Bananen | ElementVape.de","og_description":"Wir bieten Mit jedem Zug der BANG Tick Tock 20000 Puffs Strawberry Banana erleben Sie die harmonische Fusion von saftigen Erdbeeren und reifen Bananen , Elementvape.de akzeptieren Gro\u00df-und Einzelhandel Bestellungen.","og_url":"https:\/\/www.elementvape.de\/lt\/produkt\/mit-jedem-zug-der-bang-tick-tock-20000-puffs-strawberry-banana-erleben-sie-die-harmonische-fusion-von-saftigen-erdbeeren-und-reifen-bananen\/","og_site_name":"ElementVape.de","article_modified_time":"2024-10-10T02:52:32+00:00","og_image":[{"width":2560,"height":1536,"url":"https:\/\/www.elementvape.de\/wp-content\/uploads\/2024\/09\/Strawberry-Banana-3-scaled.jpg","type":"image\/jpeg"}],"twitter_card":"summary_large_image","twitter_misc":{"Est. reading time":"3 minut\u0117s"},"schema":{"@context":"https:\/\/schema.org","@graph":[{"@type":"WebPage","@id":"https:\/\/www.elementvape.de\/produkt\/mit-jedem-zug-der-bang-tick-tock-20000-puffs-strawberry-banana-erleben-sie-die-harmonische-fusion-von-saftigen-erdbeeren-und-reifen-bananen\/","url":"https:\/\/www.elementvape.de\/produkt\/mit-jedem-zug-der-bang-tick-tock-20000-puffs-strawberry-banana-erleben-sie-die-harmonische-fusion-von-saftigen-erdbeeren-und-reifen-bananen\/","name":"Mit jedem Zug der BANG Tick Tock 20000 Puffs Strawberry Banana erleben Sie die harmonische Fusion von saftigen Erdbeeren und reifen Bananen | ElementVape.de","isPartOf":{"@id":"https:\/\/www.elementvape.de\/#website"},"primaryImageOfPage":{"@id":"https:\/\/www.elementvape.de\/produkt\/mit-jedem-zug-der-bang-tick-tock-20000-puffs-strawberry-banana-erleben-sie-die-harmonische-fusion-von-saftigen-erdbeeren-und-reifen-bananen\/#primaryimage"},"image":{"@id":"https:\/\/www.elementvape.de\/produkt\/mit-jedem-zug-der-bang-tick-tock-20000-puffs-strawberry-banana-erleben-sie-die-harmonische-fusion-von-saftigen-erdbeeren-und-reifen-bananen\/#primaryimage"},"thumbnailUrl":"https:\/\/www.elementvape.de\/wp-content\/uploads\/2024\/09\/Strawberry-Banana-3-scaled.jpg","datePublished":"2024-09-23T03:19:46+00:00","dateModified":"2024-10-10T02:52:32+00:00","description":"Wir bieten Mit jedem Zug der BANG Tick Tock 20000 Puffs Strawberry Banana erleben Sie die harmonische Fusion von saftigen Erdbeeren und reifen Bananen , Elementvape.de akzeptieren Gro\u00df-und Einzelhandel Bestellungen.","breadcrumb":{"@id":"https:\/\/www.elementvape.de\/produkt\/mit-jedem-zug-der-bang-tick-tock-20000-puffs-strawberry-banana-erleben-sie-die-harmonische-fusion-von-saftigen-erdbeeren-und-reifen-bananen\/#breadcrumb"},"inLanguage":"lt-LT","potentialAction":[{"@type":"ReadAction","target":["https:\/\/www.elementvape.de\/produkt\/mit-jedem-zug-der-bang-tick-tock-20000-puffs-strawberry-banana-erleben-sie-die-harmonische-fusion-von-saftigen-erdbeeren-und-reifen-bananen\/"]}]},{"@type":"ImageObject","inLanguage":"lt-LT","@id":"https:\/\/www.elementvape.de\/produkt\/mit-jedem-zug-der-bang-tick-tock-20000-puffs-strawberry-banana-erleben-sie-die-harmonische-fusion-von-saftigen-erdbeeren-und-reifen-bananen\/#primaryimage","url":"https:\/\/www.elementvape.de\/wp-content\/uploads\/2024\/09\/Strawberry-Banana-3-scaled.jpg","contentUrl":"https:\/\/www.elementvape.de\/wp-content\/uploads\/2024\/09\/Strawberry-Banana-3-scaled.jpg","width":2560,"height":1536,"caption":"Strawberry Banana"},{"@type":"BreadcrumbList","@id":"https:\/\/www.elementvape.de\/produkt\/mit-jedem-zug-der-bang-tick-tock-20000-puffs-strawberry-banana-erleben-sie-die-harmonische-fusion-von-saftigen-erdbeeren-und-reifen-bananen\/#breadcrumb","itemListElement":[{"@type":"ListItem","position":1,"name":"Home","item":"https:\/\/www.elementvape.de\/"},{"@type":"ListItem","position":2,"name":"Shop","item":"https:\/\/www.elementvape.de\/shop\/"},{"@type":"ListItem","position":3,"name":"Mit jedem Zug der BANG Tick Tock 20000 Puffs Strawberry Banana erleben Sie die harmonische Fusion von saftigen Erdbeeren und reifen Bananen"}]},{"@type":"WebSite","@id":"https:\/\/www.elementvape.de\/#website","url":"https:\/\/www.elementvape.de\/","name":"ElementVape.de","description":"","publisher":{"@id":"https:\/\/www.elementvape.de\/#organization"},"potentialAction":[{"@type":"SearchAction","target":{"@type":"EntryPoint","urlTemplate":"https:\/\/www.elementvape.de\/?s={search_term_string}"},"query-input":"required name=search_term_string"}],"inLanguage":"lt-LT"},{"@type":"Organization","@id":"https:\/\/www.elementvape.de\/#organization","name":"ElementVape.DE","url":"https:\/\/www.elementvape.de\/","logo":{"@type":"ImageObject","inLanguage":"lt-LT","@id":"https:\/\/www.elementvape.de\/#\/schema\/logo\/image\/","url":"https:\/\/www.elementvape.de\/wp-content\/uploads\/2024\/09\/cropped-1elementvape-3.png","contentUrl":"https:\/\/www.elementvape.de\/wp-content\/uploads\/2024\/09\/cropped-1elementvape-3.png","width":285,"height":228,"caption":"ElementVape.DE"},"image":{"@id":"https:\/\/www.elementvape.de\/#\/schema\/logo\/image\/"}}]}},"_links":{"self":[{"href":"https:\/\/www.elementvape.de\/lt\/wp-json\/wp\/v2\/product\/14527"}],"collection":[{"href":"https:\/\/www.elementvape.de\/lt\/wp-json\/wp\/v2\/product"}],"about":[{"href":"https:\/\/www.elementvape.de\/lt\/wp-json\/wp\/v2\/types\/product"}],"wp:featuredmedia":[{"embeddable":true,"href":"https:\/\/www.elementvape.de\/lt\/wp-json\/wp\/v2\/media\/14511"}],"wp:attachment":[{"href":"https:\/\/www.elementvape.de\/lt\/wp-json\/wp\/v2\/media?parent=14527"}],"wp:term":[{"taxonomy":"product_cat","embeddable":true,"href":"https:\/\/www.elementvape.de\/lt\/wp-json\/wp\/v2\/product_cat?post=14527"},{"taxonomy":"product_tag","embeddable":true,"href":"https:\/\/www.elementvape.de\/lt\/wp-json\/wp\/v2\/product_tag?post=14527"}],"curies":[{"name":"wp","href":"https:\/\/api.w.org\/{rel}","templated":true}]}}