{"id":14526,"date":"2024-09-23T03:19:23","date_gmt":"2024-09-23T03:19:23","guid":{"rendered":"https:\/\/www.elementvape.de\/?post_type=product&#038;p=14526"},"modified":"2024-10-10T02:53:26","modified_gmt":"2024-10-10T02:53:26","slug":"die-bang-tick-tock-20000-puffs-mixed-fruit-bietet-eine-koestliche-mischung-aus-verschiedenen-fruechten-fuer-ein-unvergleichliches-dampferlebnis-voller-genuss","status":"publish","type":"product","link":"https:\/\/www.elementvape.de\/lt\/produkt\/die-bang-tick-tock-20000-puffs-mixed-fruit-bietet-eine-koestliche-mischung-aus-verschiedenen-fruechten-fuer-ein-unvergleichliches-dampferlebnis-voller-genuss\/","title":{"rendered":"BANG Tick Tock 20000 Puffs Mixed Fruit si\u016blo skani\u0105 \u012fvairi\u0173 vaisi\u0173 mi\u0161in\u012f, u\u017etikrinant\u012f nepalyginam\u0105 garavimo malonum\u0105"},"content":{"rendered":"<h2>Atraskite BANG Tick Tock 20000 \u012fkv\u0117pim\u0173 \u201eMixed Fruit\u201c<\/h2>\n<p>BANG Tick Tock 20000 \u012fkv\u0117pim\u0173 \u201eMixed Fruit\u201c yra daugiau nei tik garintuvas \u2013 tai kvietimas \u012f nepamir\u0161tam\u0105 skonio patirt\u012f, kuri atgaivina poj\u016b\u010dius ir suteikia gaivumo jausm\u0105. Su gard\u017eiu \u012fvairi\u0173 vaisi\u0173 mi\u0161iniu, \u0161is produktas puikiai tinka garintojams, ie\u0161kantiems universalios ir vaisin\u0117s patirties. \u0160iame straipsnyje mes giliai pasinersime \u012f BANG Tick Tock \u201eMixed Fruit\u201c pasaul\u012f ir i\u0161nagrin\u0117sime, kas \u0161\u012f produkt\u0105 daro tok\u012f ypating\u0105.<\/p>\n<p>\u201eMixed Fruit\u201c variantas sujungia daugyb\u0117s vaisi\u0173 aromatus ir sukuria harmoning\u0105 skoni\u0173 simfonij\u0105. Kiekvienas \u012fkv\u0117pimas si\u016blo \u012fvairi\u0173 vaisini\u0173 nat\u0173 sprogim\u0105, kuris yra ir saldus, ir \u0161iek tiek r\u016bg\u0161tus. \u0160is derinys sukuria jaudinan\u010di\u0105 garinimo patirt\u012f, kuri kiekvienu \u012fkv\u0117pimu atskleid\u017eia naujus niuansus.<\/p>\n<ol>\n<li>Vaisi\u0173 \u012fvairov\u0117: kruop\u0161tus vaisi\u0173 pasirinkimas u\u017etikrina subalansuot\u0105 mi\u0161in\u012f, kuris palepina gomur\u012f. Galite patirti obuoli\u0173 gaivum\u0105, prinokusi\u0173 mang\u0173 saldum\u0105 ir uog\u0173 a\u0161trum\u0105. \u0160i \u012fvairov\u0117 daro <strong><a href=\"https:\/\/www.elementvape.de\/lt\/\" target=\"_blank\" rel=\"noopener\">Garinim\u0105<\/a><\/strong> ne tik malon\u0173, bet ir \u012fvair\u0173.<\/li>\n<li>Unikalus aromatas: BANG Tick Tock \u201eMixed Fruit\u201c aromatai puikiai suderinti. Vaisi\u0173 saldum\u0105 papildo lengvas gaivumas, kuris u\u017ebaigia garinimo patirt\u012f. Nesvarbu, ar esate sald\u017ei\u0173, ar labiau r\u016bg\u0161\u010di\u0173 skoni\u0173 gerb\u0117jas, \u0161is produktas si\u016blo ka\u017ek\u0105 kiekvienam.<\/li>\n<\/ol>\n<h3>Techniniai bruo\u017eai<\/h3>\n<p>Be puikaus skonio, BANG Tick Tock \u201eMixed Fruit\u201c taip pat si\u016blo praktines technines savybes, kurios daro garinim\u0105 dar malonesn\u012f.<\/p>\n<ul>\n<li>Didel\u0117 \u012fkv\u0117pim\u0173 talpa: su \u012fsp\u016bdingais 20 000 \u012fkv\u0117pim\u0173, BANG Tick Tock \u201eMixed Fruit\u201c puikiai tinka kasdieniam naudojimui. Galite tik\u0117tis ilgalaik\u0117s garinimo patirties, nesir\u016bpindami d\u0117l da\u017eno papildymo.<\/li>\n<li>Galingas akumuliatorius: integruotas 650 mAh akumuliatorius u\u017etikrina, kad gal\u0117site ilgai m\u0117gautis. Nesvarbu, ar naudojate prietais\u0105 vis\u0105 dien\u0105, ar tik retkar\u010diais garinate, \u0161is akumuliatorius suteikia jums reikiam\u0105 gali\u0105.<\/li>\n<li>Greitas \u012fkrovimas: C tipo \u012fkrovimo jungtis leid\u017eia greitai ir patogiai \u012fkrauti. Taigi, greitai v\u0117l b\u016bsite pasiruo\u0161\u0119, kai j\u016bs\u0173 akumuliatorius i\u0161sikraus.<\/li>\n<li>Nikotino pasirinkimai: BANG Tick Tock \u201eMixed Fruit\u201c yra prieinamas su 2% ir 5% nikotino druska, leid\u017eiant jums pritaikyti nikotino stiprum\u0105 pagal savo individualius poreikius. \u0160is lankstumas leid\u017eia lengvai rasti tobul\u0105 garinimo patirt\u012f sau.<\/li>\n<\/ul>\n<h3>Puikus kompanionas kiekvienai progai<\/h3>\n<p>BANG Tick Tock \u201eMixed Fruit\u201c tinka ne tik patyrusiems garintojams, bet ir naujokams. Tai idealus kompanionas \u012fvairioms progoms:<\/p>\n<ol>\n<li>Atsipalaidavimas namuose: po ilgos dienos BANG Tick Tock \u201eMixed Fruit\u201c garinimas gali b\u016bti sveikintinas poilsis. Palepinkite save gard\u017eiu vaisi\u0173 aromat\u0173 mi\u0161iniu ir m\u0117gaukit\u0117s ramyb\u0117s ir atsipalaidavimo akimirka.<\/li>\n<li>Keliaujant: d\u0117l kompakti\u0161ko ir ne\u0161iojamo dizaino BANG Tick Tock \u201eMixed Fruit\u201c puikiai tinka keliaujant. Pasiimkite j\u012f su savimi \u012f keliones ar i\u0161vykas, kad gal\u0117tum\u0117te bet kada m\u0117gautis vaisiniu gaivinimu.<\/li>\n<li>Draugi\u0161ki susib\u016brimai: ar tai b\u016bt\u0173 susitikimas su draugais, ar \u0161vent\u0117, BANG Tick Tock \u201eMixed Fruit\u201c sukuria ger\u0105 nuotaik\u0105. Pasidalinkite d\u017eiaugsmu garinant ir leiskite sau b\u016bti \u012fkv\u0117ptiems vaisini\u0173 aromat\u0173. \u0160is mi\u0161inys tikrai taps vakaro pokalbi\u0173 tema.<\/li>\n<li>Sportin\u0117 veikla: po sporto gaivinantis vaisi\u0173 skonis gali b\u016bti b\u016btent tai, ko jums reikia norint atsigauti. Jis si\u016blo malon\u0173 gaivinim\u0105, kuris numal\u0161ina j\u016bs\u0173 tro\u0161kul\u012f ir tuo pa\u010diu suteikia skonio patirt\u012f.<\/li>\n<\/ol>\n<h3>BANG garinimo privalumai<\/h3>\n<p>Garindami su BANG Tick Tock \u201eMixed Fruit\u201c galite m\u0117gautis daugybe privalum\u0173, kurie daro j\u012f puikiu pasirinkimu:<\/p>\n<ol>\n<li>Ma\u017eiau kenksmingas nei r\u016bkymas: daugelis garintoj\u0173 renkasi garinim\u0105 kaip sveikesn\u0119 alternatyv\u0105 r\u016bkymui. BANG Tick Tock \u201eMixed Fruit\u201c sud\u0117tyje yra nikotino druskos, kuri u\u017etikrina \u0161velnesn\u012f \u012fkv\u0117pim\u0105 ir ma\u017eiau dirgina gerkl\u0119.<\/li>\n<li>\u012evairios skonio r\u016b\u0161ys: Su pla\u010dia skonio palete \u2013 nuo vaisi\u0173 iki gaivinan\u010di\u0173 \u2013 BANG Tick Tock serija si\u016blo ka\u017ek\u0105 kiekvieno skoniui. Tai leid\u017eia personalizuot\u0105 garinimo patirt\u012f.<\/li>\n<li>Naudotojo draugi\u0161kumas: BANG Tick Tock produktai yra lengvai naudojami, tod\u0117l jie yra ideal\u016bs garintojams i\u0161 \u012fvairi\u0173 patirties lygi\u0173. Nereikia sud\u0117ting\u0173 nustatym\u0173; tiesiog traukite ir m\u0117gaukit\u0117s.<\/li>\n<li>Madingas ir stilingas: Patrauklus BANG Tick Tock produkt\u0173 dizainas ne tik yra funkcionalus, bet ir stilingas. Jie yra madingas aksesuaras, kuris dera prie j\u016bs\u0173 asmeninio stiliaus.<\/li>\n<\/ol>\n<p>BANG Tick Tock <strong><a href=\"https:\/\/www.elementvape.de\/lt\/p-tag\/groesser-oder-gleich-20000-zuege\/\" target=\"_blank\" rel=\"noopener\">20000 \u012ftraukim\u0173<\/a><\/strong> Mixed Fruit yra nepakei\u010diamas produktas kiekvienam, ie\u0161kan\u010diam vaisingo ir \u012fvairiapusio garinimo patirties. Su savo skania mi\u0161raine i\u0161 \u012fvairi\u0173 vaisi\u0173 ir puikiais techniniais parametrais jis si\u016blo tiek malonum\u0105, tiek naudotojo draugi\u0161kum\u0105. Nesvarbu, ar atsipalaiduojate vieni, ar esate kelion\u0117je, ar m\u0117gaujat\u0117s draug\u0173 kompanija \u2013 BANG Tick Tock Mixed Fruit yra tobulas palydovas.<\/p>\n<p>Leiskit\u0117s \u012f vaisi\u0173 aromat\u0173 \u012fvairov\u0117s pa\u017eint\u012f ir atraskite, kaip skanus gali b\u016bti garinimas. I\u0161bandykite BANG Tick Tock Mixed Fruit ir m\u0117gaukit\u0117s kiekvienu \u012fkv\u0117pimu!<\/p>","protected":false},"excerpt":{"rendered":"<p>Entdecken Sie die BANG Tick Tock 20000 Puffs Mixed Fruit Die BANG Tick Tock 20000 Puffs Mixed Fruit ist mehr als nur ein Vape \u2013 sie ist eine Einladung zu einem unvergesslichen Geschmackserlebnis, das die Sinne belebt und ein Gef\u00fchl der Frische vermittelt. Mit einer k\u00f6stlichen Mischung aus verschiedenen Fr\u00fcchten ist dieses Produkt perfekt f\u00fcr [&hellip;]<\/p>","protected":false},"featured_media":14509,"template":"","meta":{"inline_featured_image":false},"product_cat":[15,762,739,743,744,755,738,751],"product_tag":[710,725],"tiered_pricing_type":"fixed","tiered_pricing_fixed_rules":{"60":"9.4","110":"8.35","200":"7.31"},"tiered_pricing_percentage_rules":[],"tiered_pricing_minimum":1,"_administrator_tiered_pricing_type":"fixed","_administrator_tiered_pricing_fixed_rules":[],"_editor_tiered_pricing_type":"fixed","_editor_tiered_pricing_fixed_rules":[],"_author_tiered_pricing_type":"fixed","_author_tiered_pricing_fixed_rules":[],"_contributor_tiered_pricing_type":"fixed","_contributor_tiered_pricing_fixed_rules":[],"_subscriber_tiered_pricing_type":"fixed","_subscriber_tiered_pricing_fixed_rules":[],"_customer_tiered_pricing_type":"fixed","_customer_tiered_pricing_fixed_rules":[],"_shop_manager_tiered_pricing_type":"fixed","_shop_manager_tiered_pricing_fixed_rules":[],"_wpseo_manager_tiered_pricing_type":"fixed","_wpseo_manager_tiered_pricing_fixed_rules":[],"_wpseo_editor_tiered_pricing_type":"fixed","_wpseo_editor_tiered_pricing_fixed_rules":[],"_wholesale_customer_tiered_pricing_type":"fixed","_wholesale_customer_tiered_pricing_fixed_rules":[],"_marketer_tiered_pricing_type":"fixed","_marketer_tiered_pricing_fixed_rules":[],"_sales_manager_tiered_pricing_type":"fixed","_sales_manager_tiered_pricing_fixed_rules":[],"_sales_rep_tiered_pricing_type":"fixed","_sales_rep_tiered_pricing_fixed_rules":[],"yoast_head":"<!-- This site is optimized with the Yoast SEO plugin v23.3 - https:\/\/yoast.com\/wordpress\/plugins\/seo\/ -->\n<title>Die BANG Tick Tock 20000 Puffs Mixed Fruit bietet eine k\u00f6stliche Mischung aus verschiedenen Fr\u00fcchten f\u00fcr ein unvergleichliches Dampferlebnis voller Genuss | ElementVape.de<\/title>\n<meta name=\"description\" content=\"Wir bieten Die BANG Tick Tock 20000 Puffs Mixed Fruit bietet eine k\u00f6stliche Mischung aus verschiedenen Fr\u00fcchten f\u00fcr ein unvergleichliches Dampferlebnis voller Genuss , Elementvape.de akzeptieren Gro\u00df-und Einzelhandel Bestellungen.\" \/>\n<meta name=\"robots\" content=\"index, follow, max-snippet:-1, max-image-preview:large, max-video-preview:-1\" \/>\n<link rel=\"canonical\" href=\"https:\/\/www.elementvape.de\/lt\/produkt\/die-bang-tick-tock-20000-puffs-mixed-fruit-bietet-eine-koestliche-mischung-aus-verschiedenen-fruechten-fuer-ein-unvergleichliches-dampferlebnis-voller-genuss\/\" \/>\n<meta property=\"og:locale\" content=\"lt_LT\" \/>\n<meta property=\"og:type\" content=\"article\" \/>\n<meta property=\"og:title\" content=\"Die BANG Tick Tock 20000 Puffs Mixed Fruit bietet eine k\u00f6stliche Mischung aus verschiedenen Fr\u00fcchten f\u00fcr ein unvergleichliches Dampferlebnis voller Genuss | ElementVape.de\" \/>\n<meta property=\"og:description\" content=\"Wir bieten Die BANG Tick Tock 20000 Puffs Mixed Fruit bietet eine k\u00f6stliche Mischung aus verschiedenen Fr\u00fcchten f\u00fcr ein unvergleichliches Dampferlebnis voller Genuss , Elementvape.de akzeptieren Gro\u00df-und Einzelhandel Bestellungen.\" \/>\n<meta property=\"og:url\" content=\"https:\/\/www.elementvape.de\/lt\/produkt\/die-bang-tick-tock-20000-puffs-mixed-fruit-bietet-eine-koestliche-mischung-aus-verschiedenen-fruechten-fuer-ein-unvergleichliches-dampferlebnis-voller-genuss\/\" \/>\n<meta property=\"og:site_name\" content=\"ElementVape.de\" \/>\n<meta property=\"article:modified_time\" content=\"2024-10-10T02:53:26+00:00\" \/>\n<meta property=\"og:image\" content=\"https:\/\/www.elementvape.de\/wp-content\/uploads\/2024\/09\/Mix-Fruit-scaled.jpg\" \/>\n\t<meta property=\"og:image:width\" content=\"2560\" \/>\n\t<meta property=\"og:image:height\" content=\"1536\" \/>\n\t<meta property=\"og:image:type\" content=\"image\/jpeg\" \/>\n<meta name=\"twitter:card\" content=\"summary_large_image\" \/>\n<meta name=\"twitter:label1\" content=\"Est. reading time\" \/>\n\t<meta name=\"twitter:data1\" content=\"5 minut\u0117s\" \/>\n<script type=\"application\/ld+json\" class=\"yoast-schema-graph\">{\"@context\":\"https:\/\/schema.org\",\"@graph\":[{\"@type\":\"WebPage\",\"@id\":\"https:\/\/www.elementvape.de\/sv\/produkt\/die-bang-tick-tock-20000-puffs-mixed-fruit-bietet-eine-koestliche-mischung-aus-verschiedenen-fruechten-fuer-ein-unvergleichliches-dampferlebnis-voller-genuss\/\",\"url\":\"https:\/\/www.elementvape.de\/sv\/produkt\/die-bang-tick-tock-20000-puffs-mixed-fruit-bietet-eine-koestliche-mischung-aus-verschiedenen-fruechten-fuer-ein-unvergleichliches-dampferlebnis-voller-genuss\/\",\"name\":\"Die BANG Tick Tock 20000 Puffs Mixed Fruit bietet eine k\u00f6stliche Mischung aus verschiedenen Fr\u00fcchten f\u00fcr ein unvergleichliches Dampferlebnis voller Genuss | ElementVape.de\",\"isPartOf\":{\"@id\":\"https:\/\/www.elementvape.de\/#website\"},\"primaryImageOfPage\":{\"@id\":\"https:\/\/www.elementvape.de\/sv\/produkt\/die-bang-tick-tock-20000-puffs-mixed-fruit-bietet-eine-koestliche-mischung-aus-verschiedenen-fruechten-fuer-ein-unvergleichliches-dampferlebnis-voller-genuss\/#primaryimage\"},\"image\":{\"@id\":\"https:\/\/www.elementvape.de\/sv\/produkt\/die-bang-tick-tock-20000-puffs-mixed-fruit-bietet-eine-koestliche-mischung-aus-verschiedenen-fruechten-fuer-ein-unvergleichliches-dampferlebnis-voller-genuss\/#primaryimage\"},\"thumbnailUrl\":\"https:\/\/www.elementvape.de\/wp-content\/uploads\/2024\/09\/Mix-Fruit-scaled.jpg\",\"datePublished\":\"2024-09-23T03:19:23+00:00\",\"dateModified\":\"2024-10-10T02:53:26+00:00\",\"description\":\"Wir bieten Die BANG Tick Tock 20000 Puffs Mixed Fruit bietet eine k\u00f6stliche Mischung aus verschiedenen Fr\u00fcchten f\u00fcr ein unvergleichliches Dampferlebnis voller Genuss , Elementvape.de akzeptieren Gro\u00df-und Einzelhandel Bestellungen.\",\"breadcrumb\":{\"@id\":\"https:\/\/www.elementvape.de\/sv\/produkt\/die-bang-tick-tock-20000-puffs-mixed-fruit-bietet-eine-koestliche-mischung-aus-verschiedenen-fruechten-fuer-ein-unvergleichliches-dampferlebnis-voller-genuss\/#breadcrumb\"},\"inLanguage\":\"lt-LT\",\"potentialAction\":[{\"@type\":\"ReadAction\",\"target\":[\"https:\/\/www.elementvape.de\/sv\/produkt\/die-bang-tick-tock-20000-puffs-mixed-fruit-bietet-eine-koestliche-mischung-aus-verschiedenen-fruechten-fuer-ein-unvergleichliches-dampferlebnis-voller-genuss\/\"]}]},{\"@type\":\"ImageObject\",\"inLanguage\":\"lt-LT\",\"@id\":\"https:\/\/www.elementvape.de\/sv\/produkt\/die-bang-tick-tock-20000-puffs-mixed-fruit-bietet-eine-koestliche-mischung-aus-verschiedenen-fruechten-fuer-ein-unvergleichliches-dampferlebnis-voller-genuss\/#primaryimage\",\"url\":\"https:\/\/www.elementvape.de\/wp-content\/uploads\/2024\/09\/Mix-Fruit-scaled.jpg\",\"contentUrl\":\"https:\/\/www.elementvape.de\/wp-content\/uploads\/2024\/09\/Mix-Fruit-scaled.jpg\",\"width\":2560,\"height\":1536,\"caption\":\"Mix Fruit\"},{\"@type\":\"BreadcrumbList\",\"@id\":\"https:\/\/www.elementvape.de\/sv\/produkt\/die-bang-tick-tock-20000-puffs-mixed-fruit-bietet-eine-koestliche-mischung-aus-verschiedenen-fruechten-fuer-ein-unvergleichliches-dampferlebnis-voller-genuss\/#breadcrumb\",\"itemListElement\":[{\"@type\":\"ListItem\",\"position\":1,\"name\":\"Home\",\"item\":\"https:\/\/www.elementvape.de\/\"},{\"@type\":\"ListItem\",\"position\":2,\"name\":\"Shop\",\"item\":\"https:\/\/www.elementvape.de\/shop\/\"},{\"@type\":\"ListItem\",\"position\":3,\"name\":\"Die BANG Tick Tock 20000 Puffs Mixed Fruit bietet eine k\u00f6stliche Mischung aus verschiedenen Fr\u00fcchten f\u00fcr ein unvergleichliches Dampferlebnis voller Genuss\"}]},{\"@type\":\"WebSite\",\"@id\":\"https:\/\/www.elementvape.de\/#website\",\"url\":\"https:\/\/www.elementvape.de\/\",\"name\":\"ElementVape.de\",\"description\":\"\",\"publisher\":{\"@id\":\"https:\/\/www.elementvape.de\/#organization\"},\"potentialAction\":[{\"@type\":\"SearchAction\",\"target\":{\"@type\":\"EntryPoint\",\"urlTemplate\":\"https:\/\/www.elementvape.de\/?s={search_term_string}\"},\"query-input\":\"required name=search_term_string\"}],\"inLanguage\":\"lt-LT\"},{\"@type\":\"Organization\",\"@id\":\"https:\/\/www.elementvape.de\/#organization\",\"name\":\"ElementVape.DE\",\"url\":\"https:\/\/www.elementvape.de\/\",\"logo\":{\"@type\":\"ImageObject\",\"inLanguage\":\"lt-LT\",\"@id\":\"https:\/\/www.elementvape.de\/#\/schema\/logo\/image\/\",\"url\":\"https:\/\/www.elementvape.de\/wp-content\/uploads\/2024\/09\/cropped-1elementvape-3.png\",\"contentUrl\":\"https:\/\/www.elementvape.de\/wp-content\/uploads\/2024\/09\/cropped-1elementvape-3.png\",\"width\":285,\"height\":228,\"caption\":\"ElementVape.DE\"},\"image\":{\"@id\":\"https:\/\/www.elementvape.de\/#\/schema\/logo\/image\/\"}}]}<\/script>\n<!-- \/ Yoast SEO plugin. -->","yoast_head_json":{"title":"Die BANG Tick Tock 20000 Puffs Mixed Fruit bietet eine k\u00f6stliche Mischung aus verschiedenen Fr\u00fcchten f\u00fcr ein unvergleichliches Dampferlebnis voller Genuss | ElementVape.de","description":"Wir bieten Die BANG Tick Tock 20000 Puffs Mixed Fruit bietet eine k\u00f6stliche Mischung aus verschiedenen Fr\u00fcchten f\u00fcr ein unvergleichliches Dampferlebnis voller Genuss , Elementvape.de akzeptieren Gro\u00df-und Einzelhandel Bestellungen.","robots":{"index":"index","follow":"follow","max-snippet":"max-snippet:-1","max-image-preview":"max-image-preview:large","max-video-preview":"max-video-preview:-1"},"canonical":"https:\/\/www.elementvape.de\/lt\/produkt\/die-bang-tick-tock-20000-puffs-mixed-fruit-bietet-eine-koestliche-mischung-aus-verschiedenen-fruechten-fuer-ein-unvergleichliches-dampferlebnis-voller-genuss\/","og_locale":"lt_LT","og_type":"article","og_title":"Die BANG Tick Tock 20000 Puffs Mixed Fruit bietet eine k\u00f6stliche Mischung aus verschiedenen Fr\u00fcchten f\u00fcr ein unvergleichliches Dampferlebnis voller Genuss | ElementVape.de","og_description":"Wir bieten Die BANG Tick Tock 20000 Puffs Mixed Fruit bietet eine k\u00f6stliche Mischung aus verschiedenen Fr\u00fcchten f\u00fcr ein unvergleichliches Dampferlebnis voller Genuss , Elementvape.de akzeptieren Gro\u00df-und Einzelhandel Bestellungen.","og_url":"https:\/\/www.elementvape.de\/lt\/produkt\/die-bang-tick-tock-20000-puffs-mixed-fruit-bietet-eine-koestliche-mischung-aus-verschiedenen-fruechten-fuer-ein-unvergleichliches-dampferlebnis-voller-genuss\/","og_site_name":"ElementVape.de","article_modified_time":"2024-10-10T02:53:26+00:00","og_image":[{"width":2560,"height":1536,"url":"https:\/\/www.elementvape.de\/wp-content\/uploads\/2024\/09\/Mix-Fruit-scaled.jpg","type":"image\/jpeg"}],"twitter_card":"summary_large_image","twitter_misc":{"Est. reading time":"5 minut\u0117s"},"schema":{"@context":"https:\/\/schema.org","@graph":[{"@type":"WebPage","@id":"https:\/\/www.elementvape.de\/sv\/produkt\/die-bang-tick-tock-20000-puffs-mixed-fruit-bietet-eine-koestliche-mischung-aus-verschiedenen-fruechten-fuer-ein-unvergleichliches-dampferlebnis-voller-genuss\/","url":"https:\/\/www.elementvape.de\/sv\/produkt\/die-bang-tick-tock-20000-puffs-mixed-fruit-bietet-eine-koestliche-mischung-aus-verschiedenen-fruechten-fuer-ein-unvergleichliches-dampferlebnis-voller-genuss\/","name":"Die BANG Tick Tock 20000 Puffs Mixed Fruit bietet eine k\u00f6stliche Mischung aus verschiedenen Fr\u00fcchten f\u00fcr ein unvergleichliches Dampferlebnis voller Genuss | ElementVape.de","isPartOf":{"@id":"https:\/\/www.elementvape.de\/#website"},"primaryImageOfPage":{"@id":"https:\/\/www.elementvape.de\/sv\/produkt\/die-bang-tick-tock-20000-puffs-mixed-fruit-bietet-eine-koestliche-mischung-aus-verschiedenen-fruechten-fuer-ein-unvergleichliches-dampferlebnis-voller-genuss\/#primaryimage"},"image":{"@id":"https:\/\/www.elementvape.de\/sv\/produkt\/die-bang-tick-tock-20000-puffs-mixed-fruit-bietet-eine-koestliche-mischung-aus-verschiedenen-fruechten-fuer-ein-unvergleichliches-dampferlebnis-voller-genuss\/#primaryimage"},"thumbnailUrl":"https:\/\/www.elementvape.de\/wp-content\/uploads\/2024\/09\/Mix-Fruit-scaled.jpg","datePublished":"2024-09-23T03:19:23+00:00","dateModified":"2024-10-10T02:53:26+00:00","description":"Wir bieten Die BANG Tick Tock 20000 Puffs Mixed Fruit bietet eine k\u00f6stliche Mischung aus verschiedenen Fr\u00fcchten f\u00fcr ein unvergleichliches Dampferlebnis voller Genuss , Elementvape.de akzeptieren Gro\u00df-und Einzelhandel Bestellungen.","breadcrumb":{"@id":"https:\/\/www.elementvape.de\/sv\/produkt\/die-bang-tick-tock-20000-puffs-mixed-fruit-bietet-eine-koestliche-mischung-aus-verschiedenen-fruechten-fuer-ein-unvergleichliches-dampferlebnis-voller-genuss\/#breadcrumb"},"inLanguage":"lt-LT","potentialAction":[{"@type":"ReadAction","target":["https:\/\/www.elementvape.de\/sv\/produkt\/die-bang-tick-tock-20000-puffs-mixed-fruit-bietet-eine-koestliche-mischung-aus-verschiedenen-fruechten-fuer-ein-unvergleichliches-dampferlebnis-voller-genuss\/"]}]},{"@type":"ImageObject","inLanguage":"lt-LT","@id":"https:\/\/www.elementvape.de\/sv\/produkt\/die-bang-tick-tock-20000-puffs-mixed-fruit-bietet-eine-koestliche-mischung-aus-verschiedenen-fruechten-fuer-ein-unvergleichliches-dampferlebnis-voller-genuss\/#primaryimage","url":"https:\/\/www.elementvape.de\/wp-content\/uploads\/2024\/09\/Mix-Fruit-scaled.jpg","contentUrl":"https:\/\/www.elementvape.de\/wp-content\/uploads\/2024\/09\/Mix-Fruit-scaled.jpg","width":2560,"height":1536,"caption":"Mix Fruit"},{"@type":"BreadcrumbList","@id":"https:\/\/www.elementvape.de\/sv\/produkt\/die-bang-tick-tock-20000-puffs-mixed-fruit-bietet-eine-koestliche-mischung-aus-verschiedenen-fruechten-fuer-ein-unvergleichliches-dampferlebnis-voller-genuss\/#breadcrumb","itemListElement":[{"@type":"ListItem","position":1,"name":"Home","item":"https:\/\/www.elementvape.de\/"},{"@type":"ListItem","position":2,"name":"Shop","item":"https:\/\/www.elementvape.de\/shop\/"},{"@type":"ListItem","position":3,"name":"Die BANG Tick Tock 20000 Puffs Mixed Fruit bietet eine k\u00f6stliche Mischung aus verschiedenen Fr\u00fcchten f\u00fcr ein unvergleichliches Dampferlebnis voller Genuss"}]},{"@type":"WebSite","@id":"https:\/\/www.elementvape.de\/#website","url":"https:\/\/www.elementvape.de\/","name":"ElementVape.de","description":"","publisher":{"@id":"https:\/\/www.elementvape.de\/#organization"},"potentialAction":[{"@type":"SearchAction","target":{"@type":"EntryPoint","urlTemplate":"https:\/\/www.elementvape.de\/?s={search_term_string}"},"query-input":"required name=search_term_string"}],"inLanguage":"lt-LT"},{"@type":"Organization","@id":"https:\/\/www.elementvape.de\/#organization","name":"ElementVape.DE","url":"https:\/\/www.elementvape.de\/","logo":{"@type":"ImageObject","inLanguage":"lt-LT","@id":"https:\/\/www.elementvape.de\/#\/schema\/logo\/image\/","url":"https:\/\/www.elementvape.de\/wp-content\/uploads\/2024\/09\/cropped-1elementvape-3.png","contentUrl":"https:\/\/www.elementvape.de\/wp-content\/uploads\/2024\/09\/cropped-1elementvape-3.png","width":285,"height":228,"caption":"ElementVape.DE"},"image":{"@id":"https:\/\/www.elementvape.de\/#\/schema\/logo\/image\/"}}]}},"_links":{"self":[{"href":"https:\/\/www.elementvape.de\/lt\/wp-json\/wp\/v2\/product\/14526"}],"collection":[{"href":"https:\/\/www.elementvape.de\/lt\/wp-json\/wp\/v2\/product"}],"about":[{"href":"https:\/\/www.elementvape.de\/lt\/wp-json\/wp\/v2\/types\/product"}],"wp:featuredmedia":[{"embeddable":true,"href":"https:\/\/www.elementvape.de\/lt\/wp-json\/wp\/v2\/media\/14509"}],"wp:attachment":[{"href":"https:\/\/www.elementvape.de\/lt\/wp-json\/wp\/v2\/media?parent=14526"}],"wp:term":[{"taxonomy":"product_cat","embeddable":true,"href":"https:\/\/www.elementvape.de\/lt\/wp-json\/wp\/v2\/product_cat?post=14526"},{"taxonomy":"product_tag","embeddable":true,"href":"https:\/\/www.elementvape.de\/lt\/wp-json\/wp\/v2\/product_tag?post=14526"}],"curies":[{"name":"wp","href":"https:\/\/api.w.org\/{rel}","templated":true}]}}