{"id":14519,"date":"2024-09-23T02:37:29","date_gmt":"2024-09-23T02:37:29","guid":{"rendered":"https:\/\/www.elementvape.de\/?post_type=product&#038;p=14519"},"modified":"2024-10-10T02:57:56","modified_gmt":"2024-10-10T02:57:56","slug":"geniessen-sie-20000-zuege-voller-fruchtiger-erfrischung-mit-der-bang-tick-tock-strawberry-mango-die-ideale-kombination-aus-erdbeere-und-mango-fuer-den-sommer","status":"publish","type":"product","link":"https:\/\/www.elementvape.de\/lt\/produkt\/geniessen-sie-20000-zuege-voller-fruchtiger-erfrischung-mit-der-bang-tick-tock-strawberry-mango-die-ideale-kombination-aus-erdbeere-und-mango-fuer-den-sommer\/","title":{"rendered":"M\u0117gaukit\u0117s 20000 \u012fkv\u0117pim\u0173 su vaisi\u0173 gaivumu su BANG Tick Tock Strawberry Mango, idealiu bra\u0161k\u0117s ir mang\u0173 deriniu vasarai"},"content":{"rendered":"<h2>Po gaivinan\u010dios vaisi\u0173 galios: BANG Tick Tock 20000 P\u016btimai Bra\u0161k\u0117 Mango<\/h2>\n<p>D\u016bmavimo pasaulyje yra daugyb\u0117 skoni\u0173, ta\u010diau tik keli sugeba tobulai sujungti gaiv\u0173 \u0161vie\u017ei\u0173 vaisi\u0173 saldum\u0105 viename produkte. BANG Tick Tock <strong><a href=\"https:\/\/www.elementvape.de\/lt\/p-tag\/groesser-oder-gleich-20000-zuege\/\" target=\"_blank\" rel=\"noopener\">20000 \u012ftraukim\u0173<\/a><\/strong> Bra\u0161k\u0117 Mango yra b\u016btent tai \u2013 skani\u0173 sald\u017ei\u0173 bra\u0161ki\u0173 ir sultingos mango derinys, u\u017etikrinantis nepamir\u0161tam\u0105 d\u016bmavimo patirt\u012f. Su 20 000 p\u016btim\u0173 talpa, \u0161i \u012franga yra ideali tiems, kurie nori ilgai m\u0117gautis savo d\u016bmais. \u0160iame straipsnyje mes kvie\u010diame jus \u012f vaising\u0105 kelion\u0119, kuri pavers d\u016bmavim\u0105 \u012f malonum\u0105.<\/p>\n<h3>Skoni\u0173 patirties kelion\u0117<\/h3>\n<h3>Bra\u0161k\u0117: Saldus pasim\u0117gavimas<\/h3>\n<p>Bra\u0161k\u0117 yra viena i\u0161 populiariausi\u0173 vaisi\u0173 pasaulyje. Jos ry\u0161kiai raudona spalva ir delikati tekst\u016bra daro j\u0105 ne tik vizualiai patraukli\u0105, bet ir skoniniu po\u017ei\u016briu neatsiejam\u0105. Saldus, sultingas bra\u0161k\u0117s skonis da\u017enai siejamas su vaikyst\u0117s prisiminimais apie vasaros dienas, piknikus ir \u0161vie\u017eias bra\u0161ki\u0173 tortus. BANG Tick Tock Bra\u0161k\u0117 Mango savo pilnu saldumu d\u017eiugina kiekvienu \u012fkv\u0117pimu ir palieka jausm\u0105, kad esi patenkintas.<\/p>\n<h3>Mango: TROPINIS GAIVUMAS<\/h3>\n<p>Mango, da\u017enai vadinama \u201evaisi\u0173 karaliene\u201c, \u012fne\u0161a savo egzoti\u0161k\u0105 nat\u0105 \u012f mi\u0161in\u012f. U\u017eaugusi mango turi i\u0161skirtin\u012f skon\u012f, kuris yra saldus ir \u0161iek tiek r\u016bg\u0161tus. \u0160is tropinis vaisius u\u017etikrina gaiv\u0173 kontrast\u0105 prie bra\u0161k\u0117s saldum\u0105 ir pakelia vis\u0105 skonio patirt\u012f \u012f nauj\u0105 lyg\u012f. Kombinacija i\u0161 bra\u0161k\u0117s ir mangas ne tik yra gaivi, bet ir harmoningai subalansuota.<\/p>\n<h3>Tobula derinys<\/h3>\n<p>Tikroji BANG Tick Tock 20000 P\u016btimai Bra\u0161k\u0117 Mango magija slypi tobuloje \u0161i\u0173 dviej\u0173 skoni\u0173 pusiausvyroje. Kiekvienas \u012fkv\u0117pimas si\u016blo skonio patirt\u012f, primenan\u010di\u0105 saul\u0117t\u0105 vasaros dien\u0105. Tai tarsi s\u0117d\u0117jimas piknike lauke, apsuptam kvapni\u0173 bra\u0161ki\u0173 ir sulting\u0173 mang\u0173. \u0160is derinys yra idealus visiems, m\u0117gstantiems vaisinius aromatus ir ie\u0161kantiems gaivaus d\u016bmavimo malonumo.<\/p>\n<h3>Technin\u0117 rafinuotumas BANG Tick Tock privalumai<\/h3>\n<p>Didel\u0117 \u012ftraukim\u0173 talpa<\/p>\n<p>Su 20 000 p\u016btim\u0173, BANG Tick Tock si\u016blo \u012fsp\u016bding\u0105 ilgaam\u017ei\u0161kum\u0105, gerokai vir\u0161ijant\u012f daugelio pana\u0161i\u0173 produkt\u0173 trukm\u0119. \u0160i talpa rei\u0161kia, kad gal\u0117site m\u0117gautis savai\u010di\u0173, jei ne m\u0117nesi\u0173, be nuolatini\u0173 papildym\u0173 ar nauj\u0173 \u012frengini\u0173 pirkimo. \u0160i ilgaam\u017ei\u0161kumas daro BANG Tick Tock ne tik prakti\u0161k\u0105, bet ir ekonomi\u0161k\u0105.<\/p>\n<p>Nikotino stiprumo pasirinkimas<\/p>\n<p>Lankstumas naudojant BANG Tick Tock pasirei\u0161kia ir nikotino stiprumo pasirinkimu. Galite pasirinkti tarp 2% ir 5% nikotino druskos, kad sukurtum\u0117te jums tinkamiausi\u0105 d\u016bmavimo patirt\u012f. Nikotino druska leid\u017eia \u0161velnesn\u012f inhaliavim\u0105 ir greitesn\u012f nikotino \u012fsisavinim\u0105, kas ypa\u010d naudinga tiems, kurie nori naudoti d\u016bmavim\u0105 kaip alternatyv\u0105 tradicinei cigaretei.<\/p>\n<h3>Patogus dizainas<\/h3>\n<p>BANG Tick Tock dizainas ne tik patrauklus, bet ir funkcionalus. Su 650mAh akumuliatoriumi b\u016bsite puikiai pasiruo\u0161\u0119 ilgoms d\u016bmavimo sesijoms. Tipo-C \u012fkrovimo jungtis leid\u017eia greit\u0105 ir paprast\u0105 \u012fkrovim\u0105, tod\u0117l gal\u0117site per akimirk\u0105 paruo\u0161ti \u012frengin\u012f naudoti.<\/p>\n<p>Kompakti\u0161kas BANG Tick Tock dydis leid\u017eia lengvai ne\u0161iotis \u012frengin\u012f bet kur. Ar biure, ar sporto sal\u0117je, ar keliaujant \u2013 \u0161is vape \u012frenginys nesud\u0117tingai tilps \u012f bet kuri\u0105 ki\u0161en\u0119 ir visada bus po ranka, kai reik\u0117s vaisinio gaivumo.<\/p>\n<h3>Tvarumas ir efektyvumas<\/h3>\n<p>I\u0161tekli\u0173 tausojimas<\/p>\n<p>Da\u017enai nepastebimas aspektas \u2013 b\u016bti atsakingu u\u017e ekologij\u0105. BANG Tick Tock Bra\u0161k\u0117 Mango padeda ma\u017einti atliekas, nes d\u0117l didel\u0117s p\u016btim\u0173 talpos jums reiks ma\u017eiau da\u017enai nauj\u0173 \u012frengini\u0173 ar popieri\u0173. Ma\u017eesnis sunaudojimas rei\u0161kia ma\u017eiau atliek\u0173 ir teigiam\u0105 poveik\u012f aplinkai.<\/p>\n<p>Efektyvus naudojimas<\/p>\n<p>Nikotino druskos naudojimas ir pa\u017eangi garintuvo technologija u\u017etikrina, kad kiekvienas \u012fkv\u0117pimas b\u016bt\u0173 optimalus. Galite b\u016bti tikri, kad m\u0117gausit\u0117s pilnu aromatu ir nikotino stiprumu, nesibaimindami greito sunaudojimo. \u0160is efektyvumas yra naudingas ne tik j\u016bs\u0173 piniginei, bet ir aplinkai.<\/p>\n<h3>Be muit\u0173 ir tiesioginis pristatymas \u012f ES \u0161alis<\/h3>\n<p>Dar vienas prana\u0161umas perkant BANG Tick Tock 20000 P\u016btimai Bra\u0161k\u0117 Mango \u2013 nemokamas siuntimas \u012f daugum\u0105 ES \u0161ali\u0173. Tai rei\u0161kia, kad jums nereik\u0117s r\u016bpintis papildomomis i\u0161laidomis ar sud\u0117tingomis muitin\u0117mis proced\u016bromis. J\u016bs\u0173 u\u017esakymas tiesiai pristatomas \u012f j\u016bs\u0173 adres\u0105, be v\u0117lavim\u0173. Tai ypa\u010d naudinga d\u016bmytojams, gyvenantiems Lietuvoje, Lietuvi\u0161k\u0173 pardav\u0117j\u0173 lentynose ir kitose \u0161alyse.<\/p>\n<p>Greitas ir paprastas pristatymas<\/p>\n<p>D\u0117l tiesioginio siuntimo da\u017enai nereikia ilgo tarpinink\u0173 sand\u0117liavimo proceso tre\u010diosiose \u0161alyse. J\u016bs\u0173 BANG Tick Tock Bra\u0161k\u0117 Mango greitai ir patikimai pasieks jus, leid\u017eiant greitai m\u0117gautis vaisiniu aromatu. Tai daro d\u016bmavim\u0105 dar malonesn\u012f, nes galite pilnai atsiduoti savo skoni\u0173 patir\u010diai.<\/p>\n<p>Puikiai tinka vasarai<\/p>\n<p>BANG Tick Tock 20000 Puffs Bra\u0161k\u0117s Mango yra ideali vasaros pasirinkimas. J\u0173 vaisiniai aromatai puikiai tinka kar\u0161tomis dienomis, kai ie\u0161kote gaivumo. Nesvarbu, ar gulite papl\u016bdimyje, leid\u017eiate dien\u0105 lauke ar tiesiog atsipalaiduojate namuose \u2013 \u0161is vaisinis skonis suteiks jums jausm\u0105, tarsi b\u016btum\u0117te tropiniame kurorte.<\/p>\n<p>Ideali kompanion\u0117<\/p>\n<p>Vapingas BANG Tick Tock yra daugiau nei tik malonumas; tai patirtis. Kiekvienas \u012fkv\u0117pimas artina jus prie \u0161vie\u017ei\u0173 bra\u0161ki\u0173 ir mang\u0173 aromat\u0173, leid\u017eian\u010di\u0173 \u012fsitraukti \u012f pasaul\u012f piln\u0105 skoni\u0173. \u0160is derinys yra ne tik skirtas patyrusiems vaperiams, bet ir naujokams, norintiems i\u0161bandyti vaping\u0105.<\/p>\n<h3>Privalomas kiekvienam vaisi\u0173 m\u0117g\u0117jui<\/h3>\n<p>Apibendrinant galima pasakyti, kad BANG Tick Tock 20000 Puffs Bra\u0161k\u0117s Mango yra i\u0161skirtinis produktas, kurio netur\u0117t\u0173 tr\u016bkti jokio vapingo patirties. Su savo unikaliu sald\u017ei\u0173 bra\u0161ki\u0173 ir gaivi\u0173 mang\u0173 deriniu, dideliu p\u016btimo talpa, \u012fvairiomis nikotino stiprumo galimyb\u0117mis ir patogiu dizainu \u2013 jis yra tobulas kompanionas kiekvienam, m\u0117gstan\u010diam vaisinius skonius.<\/p>\n<p>M\u0117gaukit\u0117s kiekvienu \u012fkv\u0117pimu ir leiskit\u0117s \u012f BANG Tick Tock kokyb\u0117s ir skonio pa\u017ead\u0105. Pasiruo\u0161kite \u012fsitraukti \u012f vaisini\u0173 gaivum\u0173 pasaul\u012f ir patirkite, kaip vapingas gali tapti nepakartojamu malonumu.<\/p>\n<p>I\u0161bandykite BANG Tick Tock 20000 Puffs Bra\u0161k\u0117s Mango ir leiskit\u0117s \u012f j\u0173 skani\u0173 derini\u0173 nuotaik\u0105!<\/p>","protected":false},"excerpt":{"rendered":"<p>Erfrischende Fruchtpower: Die BANG Tick Tock 20000 Puffs Strawberry Mango In der Welt des Dampfens gibt es zahlreiche Geschmacksrichtungen, doch nur wenige schaffen es, die erfrischende S\u00fc\u00dfe von frischen Fr\u00fcchten perfekt in einem einzigen Produkt zu vereinen. Die BANG Tick Tock 20000 Puffs Strawberry Mango ist genau das \u2013 eine k\u00f6stliche Kombination aus s\u00fc\u00dfen Erdbeeren [&hellip;]<\/p>","protected":false},"featured_media":14513,"template":"","meta":{"inline_featured_image":false},"product_cat":[15,762,739,743,744,755,738,751],"product_tag":[710,725],"tiered_pricing_type":"fixed","tiered_pricing_fixed_rules":{"60":"9.4","110":"8.35","200":"7.31"},"tiered_pricing_percentage_rules":[],"tiered_pricing_minimum":1,"_administrator_tiered_pricing_type":"fixed","_administrator_tiered_pricing_fixed_rules":[],"_editor_tiered_pricing_type":"fixed","_editor_tiered_pricing_fixed_rules":[],"_author_tiered_pricing_type":"fixed","_author_tiered_pricing_fixed_rules":[],"_contributor_tiered_pricing_type":"fixed","_contributor_tiered_pricing_fixed_rules":[],"_subscriber_tiered_pricing_type":"fixed","_subscriber_tiered_pricing_fixed_rules":[],"_customer_tiered_pricing_type":"fixed","_customer_tiered_pricing_fixed_rules":[],"_shop_manager_tiered_pricing_type":"fixed","_shop_manager_tiered_pricing_fixed_rules":[],"_wpseo_manager_tiered_pricing_type":"fixed","_wpseo_manager_tiered_pricing_fixed_rules":[],"_wpseo_editor_tiered_pricing_type":"fixed","_wpseo_editor_tiered_pricing_fixed_rules":[],"_wholesale_customer_tiered_pricing_type":"fixed","_wholesale_customer_tiered_pricing_fixed_rules":[],"_marketer_tiered_pricing_type":"fixed","_marketer_tiered_pricing_fixed_rules":[],"_sales_manager_tiered_pricing_type":"fixed","_sales_manager_tiered_pricing_fixed_rules":[],"_sales_rep_tiered_pricing_type":"fixed","_sales_rep_tiered_pricing_fixed_rules":[],"yoast_head":"<!-- This site is optimized with the Yoast SEO plugin v23.3 - https:\/\/yoast.com\/wordpress\/plugins\/seo\/ -->\n<title>Genie\u00dfen Sie 20000 Z\u00fcge voller fruchtiger Erfrischung mit der BANG Tick Tock Strawberry Mango die ideale Kombination aus Erdbeere und Mango f\u00fcr den Sommer | ElementVape.de<\/title>\n<meta name=\"description\" content=\"Wir bieten Genie\u00dfen Sie 20000 Z\u00fcge voller fruchtiger Erfrischung mit der BANG Tick Tock Strawberry Mango die ideale Kombination aus Erdbeere und Mango f\u00fcr den Sommer , Elementvape.de akzeptieren Gro\u00df-und Einzelhandel Bestellungen.\" \/>\n<meta name=\"robots\" content=\"index, follow, max-snippet:-1, max-image-preview:large, max-video-preview:-1\" \/>\n<link rel=\"canonical\" href=\"https:\/\/www.elementvape.de\/lt\/produkt\/geniessen-sie-20000-zuege-voller-fruchtiger-erfrischung-mit-der-bang-tick-tock-strawberry-mango-die-ideale-kombination-aus-erdbeere-und-mango-fuer-den-sommer\/\" \/>\n<meta property=\"og:locale\" content=\"lt_LT\" \/>\n<meta property=\"og:type\" content=\"article\" \/>\n<meta property=\"og:title\" content=\"Genie\u00dfen Sie 20000 Z\u00fcge voller fruchtiger Erfrischung mit der BANG Tick Tock Strawberry Mango die ideale Kombination aus Erdbeere und Mango f\u00fcr den Sommer | ElementVape.de\" \/>\n<meta property=\"og:description\" content=\"Wir bieten Genie\u00dfen Sie 20000 Z\u00fcge voller fruchtiger Erfrischung mit der BANG Tick Tock Strawberry Mango die ideale Kombination aus Erdbeere und Mango f\u00fcr den Sommer , Elementvape.de akzeptieren Gro\u00df-und Einzelhandel Bestellungen.\" \/>\n<meta property=\"og:url\" content=\"https:\/\/www.elementvape.de\/lt\/produkt\/geniessen-sie-20000-zuege-voller-fruchtiger-erfrischung-mit-der-bang-tick-tock-strawberry-mango-die-ideale-kombination-aus-erdbeere-und-mango-fuer-den-sommer\/\" \/>\n<meta property=\"og:site_name\" content=\"ElementVape.de\" \/>\n<meta property=\"article:modified_time\" content=\"2024-10-10T02:57:56+00:00\" \/>\n<meta property=\"og:image\" content=\"https:\/\/www.elementvape.de\/wp-content\/uploads\/2024\/09\/Strawberry-Mango-6-scaled.jpg\" \/>\n\t<meta property=\"og:image:width\" content=\"2560\" \/>\n\t<meta property=\"og:image:height\" content=\"1536\" \/>\n\t<meta property=\"og:image:type\" content=\"image\/jpeg\" \/>\n<meta name=\"twitter:card\" content=\"summary_large_image\" \/>\n<meta name=\"twitter:label1\" content=\"Est. reading time\" \/>\n\t<meta name=\"twitter:data1\" content=\"6 minut\u0117s\" \/>\n<script type=\"application\/ld+json\" class=\"yoast-schema-graph\">{\"@context\":\"https:\/\/schema.org\",\"@graph\":[{\"@type\":\"WebPage\",\"@id\":\"https:\/\/www.elementvape.de\/da\/produkt\/geniessen-sie-20000-zuege-voller-fruchtiger-erfrischung-mit-der-bang-tick-tock-strawberry-mango-die-ideale-kombination-aus-erdbeere-und-mango-fuer-den-sommer\/\",\"url\":\"https:\/\/www.elementvape.de\/da\/produkt\/geniessen-sie-20000-zuege-voller-fruchtiger-erfrischung-mit-der-bang-tick-tock-strawberry-mango-die-ideale-kombination-aus-erdbeere-und-mango-fuer-den-sommer\/\",\"name\":\"Genie\u00dfen Sie 20000 Z\u00fcge voller fruchtiger Erfrischung mit der BANG Tick Tock Strawberry Mango die ideale Kombination aus Erdbeere und Mango f\u00fcr den Sommer | ElementVape.de\",\"isPartOf\":{\"@id\":\"https:\/\/www.elementvape.de\/#website\"},\"primaryImageOfPage\":{\"@id\":\"https:\/\/www.elementvape.de\/da\/produkt\/geniessen-sie-20000-zuege-voller-fruchtiger-erfrischung-mit-der-bang-tick-tock-strawberry-mango-die-ideale-kombination-aus-erdbeere-und-mango-fuer-den-sommer\/#primaryimage\"},\"image\":{\"@id\":\"https:\/\/www.elementvape.de\/da\/produkt\/geniessen-sie-20000-zuege-voller-fruchtiger-erfrischung-mit-der-bang-tick-tock-strawberry-mango-die-ideale-kombination-aus-erdbeere-und-mango-fuer-den-sommer\/#primaryimage\"},\"thumbnailUrl\":\"https:\/\/www.elementvape.de\/wp-content\/uploads\/2024\/09\/Strawberry-Mango-6-scaled.jpg\",\"datePublished\":\"2024-09-23T02:37:29+00:00\",\"dateModified\":\"2024-10-10T02:57:56+00:00\",\"description\":\"Wir bieten Genie\u00dfen Sie 20000 Z\u00fcge voller fruchtiger Erfrischung mit der BANG Tick Tock Strawberry Mango die ideale Kombination aus Erdbeere und Mango f\u00fcr den Sommer , Elementvape.de akzeptieren Gro\u00df-und Einzelhandel Bestellungen.\",\"breadcrumb\":{\"@id\":\"https:\/\/www.elementvape.de\/da\/produkt\/geniessen-sie-20000-zuege-voller-fruchtiger-erfrischung-mit-der-bang-tick-tock-strawberry-mango-die-ideale-kombination-aus-erdbeere-und-mango-fuer-den-sommer\/#breadcrumb\"},\"inLanguage\":\"lt-LT\",\"potentialAction\":[{\"@type\":\"ReadAction\",\"target\":[\"https:\/\/www.elementvape.de\/da\/produkt\/geniessen-sie-20000-zuege-voller-fruchtiger-erfrischung-mit-der-bang-tick-tock-strawberry-mango-die-ideale-kombination-aus-erdbeere-und-mango-fuer-den-sommer\/\"]}]},{\"@type\":\"ImageObject\",\"inLanguage\":\"lt-LT\",\"@id\":\"https:\/\/www.elementvape.de\/da\/produkt\/geniessen-sie-20000-zuege-voller-fruchtiger-erfrischung-mit-der-bang-tick-tock-strawberry-mango-die-ideale-kombination-aus-erdbeere-und-mango-fuer-den-sommer\/#primaryimage\",\"url\":\"https:\/\/www.elementvape.de\/wp-content\/uploads\/2024\/09\/Strawberry-Mango-6-scaled.jpg\",\"contentUrl\":\"https:\/\/www.elementvape.de\/wp-content\/uploads\/2024\/09\/Strawberry-Mango-6-scaled.jpg\",\"width\":2560,\"height\":1536,\"caption\":\"Strawberry Mango\"},{\"@type\":\"BreadcrumbList\",\"@id\":\"https:\/\/www.elementvape.de\/da\/produkt\/geniessen-sie-20000-zuege-voller-fruchtiger-erfrischung-mit-der-bang-tick-tock-strawberry-mango-die-ideale-kombination-aus-erdbeere-und-mango-fuer-den-sommer\/#breadcrumb\",\"itemListElement\":[{\"@type\":\"ListItem\",\"position\":1,\"name\":\"Home\",\"item\":\"https:\/\/www.elementvape.de\/\"},{\"@type\":\"ListItem\",\"position\":2,\"name\":\"Shop\",\"item\":\"https:\/\/www.elementvape.de\/shop\/\"},{\"@type\":\"ListItem\",\"position\":3,\"name\":\"Genie\u00dfen Sie 20000 Z\u00fcge voller fruchtiger Erfrischung mit der BANG Tick Tock Strawberry Mango die ideale Kombination aus Erdbeere und Mango f\u00fcr den Sommer\"}]},{\"@type\":\"WebSite\",\"@id\":\"https:\/\/www.elementvape.de\/#website\",\"url\":\"https:\/\/www.elementvape.de\/\",\"name\":\"ElementVape.de\",\"description\":\"\",\"publisher\":{\"@id\":\"https:\/\/www.elementvape.de\/#organization\"},\"potentialAction\":[{\"@type\":\"SearchAction\",\"target\":{\"@type\":\"EntryPoint\",\"urlTemplate\":\"https:\/\/www.elementvape.de\/?s={search_term_string}\"},\"query-input\":\"required name=search_term_string\"}],\"inLanguage\":\"lt-LT\"},{\"@type\":\"Organization\",\"@id\":\"https:\/\/www.elementvape.de\/#organization\",\"name\":\"ElementVape.DE\",\"url\":\"https:\/\/www.elementvape.de\/\",\"logo\":{\"@type\":\"ImageObject\",\"inLanguage\":\"lt-LT\",\"@id\":\"https:\/\/www.elementvape.de\/#\/schema\/logo\/image\/\",\"url\":\"https:\/\/www.elementvape.de\/wp-content\/uploads\/2024\/09\/cropped-1elementvape-3.png\",\"contentUrl\":\"https:\/\/www.elementvape.de\/wp-content\/uploads\/2024\/09\/cropped-1elementvape-3.png\",\"width\":285,\"height\":228,\"caption\":\"ElementVape.DE\"},\"image\":{\"@id\":\"https:\/\/www.elementvape.de\/#\/schema\/logo\/image\/\"}}]}<\/script>\n<!-- \/ Yoast SEO plugin. -->","yoast_head_json":{"title":"Genie\u00dfen Sie 20000 Z\u00fcge voller fruchtiger Erfrischung mit der BANG Tick Tock Strawberry Mango die ideale Kombination aus Erdbeere und Mango f\u00fcr den Sommer | ElementVape.de","description":"Wir bieten Genie\u00dfen Sie 20000 Z\u00fcge voller fruchtiger Erfrischung mit der BANG Tick Tock Strawberry Mango die ideale Kombination aus Erdbeere und Mango f\u00fcr den Sommer , Elementvape.de akzeptieren Gro\u00df-und Einzelhandel Bestellungen.","robots":{"index":"index","follow":"follow","max-snippet":"max-snippet:-1","max-image-preview":"max-image-preview:large","max-video-preview":"max-video-preview:-1"},"canonical":"https:\/\/www.elementvape.de\/lt\/produkt\/geniessen-sie-20000-zuege-voller-fruchtiger-erfrischung-mit-der-bang-tick-tock-strawberry-mango-die-ideale-kombination-aus-erdbeere-und-mango-fuer-den-sommer\/","og_locale":"lt_LT","og_type":"article","og_title":"Genie\u00dfen Sie 20000 Z\u00fcge voller fruchtiger Erfrischung mit der BANG Tick Tock Strawberry Mango die ideale Kombination aus Erdbeere und Mango f\u00fcr den Sommer | ElementVape.de","og_description":"Wir bieten Genie\u00dfen Sie 20000 Z\u00fcge voller fruchtiger Erfrischung mit der BANG Tick Tock Strawberry Mango die ideale Kombination aus Erdbeere und Mango f\u00fcr den Sommer , Elementvape.de akzeptieren Gro\u00df-und Einzelhandel Bestellungen.","og_url":"https:\/\/www.elementvape.de\/lt\/produkt\/geniessen-sie-20000-zuege-voller-fruchtiger-erfrischung-mit-der-bang-tick-tock-strawberry-mango-die-ideale-kombination-aus-erdbeere-und-mango-fuer-den-sommer\/","og_site_name":"ElementVape.de","article_modified_time":"2024-10-10T02:57:56+00:00","og_image":[{"width":2560,"height":1536,"url":"https:\/\/www.elementvape.de\/wp-content\/uploads\/2024\/09\/Strawberry-Mango-6-scaled.jpg","type":"image\/jpeg"}],"twitter_card":"summary_large_image","twitter_misc":{"Est. reading time":"6 minut\u0117s"},"schema":{"@context":"https:\/\/schema.org","@graph":[{"@type":"WebPage","@id":"https:\/\/www.elementvape.de\/da\/produkt\/geniessen-sie-20000-zuege-voller-fruchtiger-erfrischung-mit-der-bang-tick-tock-strawberry-mango-die-ideale-kombination-aus-erdbeere-und-mango-fuer-den-sommer\/","url":"https:\/\/www.elementvape.de\/da\/produkt\/geniessen-sie-20000-zuege-voller-fruchtiger-erfrischung-mit-der-bang-tick-tock-strawberry-mango-die-ideale-kombination-aus-erdbeere-und-mango-fuer-den-sommer\/","name":"Genie\u00dfen Sie 20000 Z\u00fcge voller fruchtiger Erfrischung mit der BANG Tick Tock Strawberry Mango die ideale Kombination aus Erdbeere und Mango f\u00fcr den Sommer | ElementVape.de","isPartOf":{"@id":"https:\/\/www.elementvape.de\/#website"},"primaryImageOfPage":{"@id":"https:\/\/www.elementvape.de\/da\/produkt\/geniessen-sie-20000-zuege-voller-fruchtiger-erfrischung-mit-der-bang-tick-tock-strawberry-mango-die-ideale-kombination-aus-erdbeere-und-mango-fuer-den-sommer\/#primaryimage"},"image":{"@id":"https:\/\/www.elementvape.de\/da\/produkt\/geniessen-sie-20000-zuege-voller-fruchtiger-erfrischung-mit-der-bang-tick-tock-strawberry-mango-die-ideale-kombination-aus-erdbeere-und-mango-fuer-den-sommer\/#primaryimage"},"thumbnailUrl":"https:\/\/www.elementvape.de\/wp-content\/uploads\/2024\/09\/Strawberry-Mango-6-scaled.jpg","datePublished":"2024-09-23T02:37:29+00:00","dateModified":"2024-10-10T02:57:56+00:00","description":"Wir bieten Genie\u00dfen Sie 20000 Z\u00fcge voller fruchtiger Erfrischung mit der BANG Tick Tock Strawberry Mango die ideale Kombination aus Erdbeere und Mango f\u00fcr den Sommer , Elementvape.de akzeptieren Gro\u00df-und Einzelhandel Bestellungen.","breadcrumb":{"@id":"https:\/\/www.elementvape.de\/da\/produkt\/geniessen-sie-20000-zuege-voller-fruchtiger-erfrischung-mit-der-bang-tick-tock-strawberry-mango-die-ideale-kombination-aus-erdbeere-und-mango-fuer-den-sommer\/#breadcrumb"},"inLanguage":"lt-LT","potentialAction":[{"@type":"ReadAction","target":["https:\/\/www.elementvape.de\/da\/produkt\/geniessen-sie-20000-zuege-voller-fruchtiger-erfrischung-mit-der-bang-tick-tock-strawberry-mango-die-ideale-kombination-aus-erdbeere-und-mango-fuer-den-sommer\/"]}]},{"@type":"ImageObject","inLanguage":"lt-LT","@id":"https:\/\/www.elementvape.de\/da\/produkt\/geniessen-sie-20000-zuege-voller-fruchtiger-erfrischung-mit-der-bang-tick-tock-strawberry-mango-die-ideale-kombination-aus-erdbeere-und-mango-fuer-den-sommer\/#primaryimage","url":"https:\/\/www.elementvape.de\/wp-content\/uploads\/2024\/09\/Strawberry-Mango-6-scaled.jpg","contentUrl":"https:\/\/www.elementvape.de\/wp-content\/uploads\/2024\/09\/Strawberry-Mango-6-scaled.jpg","width":2560,"height":1536,"caption":"Strawberry Mango"},{"@type":"BreadcrumbList","@id":"https:\/\/www.elementvape.de\/da\/produkt\/geniessen-sie-20000-zuege-voller-fruchtiger-erfrischung-mit-der-bang-tick-tock-strawberry-mango-die-ideale-kombination-aus-erdbeere-und-mango-fuer-den-sommer\/#breadcrumb","itemListElement":[{"@type":"ListItem","position":1,"name":"Home","item":"https:\/\/www.elementvape.de\/"},{"@type":"ListItem","position":2,"name":"Shop","item":"https:\/\/www.elementvape.de\/shop\/"},{"@type":"ListItem","position":3,"name":"Genie\u00dfen Sie 20000 Z\u00fcge voller fruchtiger Erfrischung mit der BANG Tick Tock Strawberry Mango die ideale Kombination aus Erdbeere und Mango f\u00fcr den Sommer"}]},{"@type":"WebSite","@id":"https:\/\/www.elementvape.de\/#website","url":"https:\/\/www.elementvape.de\/","name":"ElementVape.de","description":"","publisher":{"@id":"https:\/\/www.elementvape.de\/#organization"},"potentialAction":[{"@type":"SearchAction","target":{"@type":"EntryPoint","urlTemplate":"https:\/\/www.elementvape.de\/?s={search_term_string}"},"query-input":"required name=search_term_string"}],"inLanguage":"lt-LT"},{"@type":"Organization","@id":"https:\/\/www.elementvape.de\/#organization","name":"ElementVape.DE","url":"https:\/\/www.elementvape.de\/","logo":{"@type":"ImageObject","inLanguage":"lt-LT","@id":"https:\/\/www.elementvape.de\/#\/schema\/logo\/image\/","url":"https:\/\/www.elementvape.de\/wp-content\/uploads\/2024\/09\/cropped-1elementvape-3.png","contentUrl":"https:\/\/www.elementvape.de\/wp-content\/uploads\/2024\/09\/cropped-1elementvape-3.png","width":285,"height":228,"caption":"ElementVape.DE"},"image":{"@id":"https:\/\/www.elementvape.de\/#\/schema\/logo\/image\/"}}]}},"_links":{"self":[{"href":"https:\/\/www.elementvape.de\/lt\/wp-json\/wp\/v2\/product\/14519"}],"collection":[{"href":"https:\/\/www.elementvape.de\/lt\/wp-json\/wp\/v2\/product"}],"about":[{"href":"https:\/\/www.elementvape.de\/lt\/wp-json\/wp\/v2\/types\/product"}],"wp:featuredmedia":[{"embeddable":true,"href":"https:\/\/www.elementvape.de\/lt\/wp-json\/wp\/v2\/media\/14513"}],"wp:attachment":[{"href":"https:\/\/www.elementvape.de\/lt\/wp-json\/wp\/v2\/media?parent=14519"}],"wp:term":[{"taxonomy":"product_cat","embeddable":true,"href":"https:\/\/www.elementvape.de\/lt\/wp-json\/wp\/v2\/product_cat?post=14519"},{"taxonomy":"product_tag","embeddable":true,"href":"https:\/\/www.elementvape.de\/lt\/wp-json\/wp\/v2\/product_tag?post=14519"}],"curies":[{"name":"wp","href":"https:\/\/api.w.org\/{rel}","templated":true}]}}