{"id":14468,"date":"2024-09-21T06:05:23","date_gmt":"2024-09-21T06:05:23","guid":{"rendered":"https:\/\/www.elementvape.de\/?post_type=product&#038;p=14468"},"modified":"2024-10-24T02:34:44","modified_gmt":"2024-10-24T02:34:44","slug":"sour-apple-blueberry-bang-king-smart-screen-15000-puff-ein-unvergessliches-dampferlebnis-voller-frischer-aromen-die-fuer-maximale-zufriedenheit-sorgen","status":"publish","type":"product","link":"https:\/\/www.elementvape.de\/lt\/produkt\/sour-apple-blueberry-bang-king-smart-screen-15000-puff-ein-unvergessliches-dampferlebnis-voller-frischer-aromen-die-fuer-maximale-zufriedenheit-sorgen\/","title":{"rendered":"Sour Apple Blueberry Bang King Smart Screen 15000 P\u016b\u0161\u010di\u0173 Nepamir\u0161tamas garinimo potyris pilnas \u0161vie\u017ei\u0173 aromat\u0173, kurie u\u017etikrina maksimal\u0173 pasitenkinim\u0105"},"content":{"rendered":"<h2>R\u016bg\u0161tus obuolys m\u0117lyn\u0117 Bang King Smart Screen 15000 P\u016bp: Nepakartojama garinimo patirtis pilna \u0161vie\u017ei\u0173 aromat\u0173<\/h2>\n<p>R\u016bg\u0161tus obuolys m\u0117lyn\u0117 Bang King Smart Screen 15000 P\u016bp sujungia r\u016bg\u0161\u010dios obuoli\u0173 gaiv\u0105 su sald\u017eia m\u0117lyni\u0173 gilumu, kad suteikt\u0173 nepamir\u0161tam\u0105 garinimo patirt\u012f. Su inovatyvia Smart-Screen technologija ir apgalvotu dizainu \u0161is \u012frenginys yra puikus tiems, kurie <strong><a href=\"https:\/\/www.elementvape.de\/lt\/\" target=\"_blank\" rel=\"noopener\">garintojams,<\/a><\/strong>, kurie ie\u0161ko intensyvi\u0173 ir patenkinam\u0173 aromat\u0173. \u0160iame straipsnyje ap\u017evelgiame i\u0161skirtines \u0161io produkto savybes ir paai\u0161kiname, kod\u0117l jis yra ideali pasirinkimas kiekvienam garintojui.<\/p>\n<p>Pirmas r\u016bg\u0161taus obuolio m\u0117lyn\u0117s \u012fkv\u0117pimas i\u0161 karto atne\u0161a gyv\u0105 r\u016bg\u0161\u010di\u0173 obuoli\u0173 gaiv\u0105. Spinduliuojanti r\u016bg\u0161tis ir saldus obuoli\u0173 skonis sukuria gaiv\u0173 patirt\u012f, kuri atgaivina gomur\u012f. \u0160ie aromatai yra puikiai subalansuoti ir skatina nor\u0105 daugiau, nesukeldami per didelio \u012fsp\u016bd\u017eio.<\/p>\n<p>M\u0117lyn\u0117s prideda harmoning\u0105 saldum\u0105, puikiai papildydamos r\u016bg\u0161t\u0173 obuoli\u0173 skon\u012f. \u0160i kombinacija sukuria daugiasluoksn\u012f skonio patirt\u012f, kai kiekvienas \u012fkv\u0117pimas suteikia tiek gaivios r\u016bg\u0161ties, tiek saldaus m\u0117lyni\u0173 gilumo. Kartu \u0161ie aromatai sudaro skonio profil\u012f, kuris yra tiek gaivinantis, tiek patenkinantis.<\/p>\n<p>Kiekvienas r\u016bg\u0161taus obuolio m\u0117lyn\u0117s \u012fkv\u0117pimas yra kelion\u0117 per \u0161vie\u017ei\u0173 vaisi\u0173 sodus. Harmoningas r\u016bg\u0161\u010di\u0173 ir sald\u017ei\u0173 aromat\u0173 mi\u0161inys sukuria \u012fdomi\u0105 garinimo patirt\u012f, kuri yra ideali kasdieniam naudojimui. Nesvarbu, ar m\u0117gaujat\u0117s ramia akimirka sau, ar dalijat\u0117s su draugais, \u0161is \u012frenginys si\u016blo tobul\u0105 skonio kelion\u0119.<\/p>\n<hr \/>\n<h3>I\u0161manioji technologija: Smart-Screen funkcijos<\/h3>\n<h4>Pa\u017eangi Smart-Screen technologija<\/h4>\n<p>R\u016bg\u0161taus obuolio m\u0117lyn\u0117 Bang King yra apr\u016bpintas inovatyvia Smart-Screen technologija, leid\u017eian\u010dia tiksliai valdyti j\u016bs\u0173 garinimo patirt\u012f. Ekranas rodo svarbi\u0105 informacij\u0105, toki\u0105 kaip akumuliatoriaus lygis, p\u016bp\u0173 skai\u010dius ir nikotino suvartojimas. \u0160is skaidrumas u\u017etikrina, kad b\u016btum\u0117te visada informuotas.<\/p>\n<p>Naudotojui draugi\u0161ka Smart-Screen s\u0105saja leid\u017eia matyti vis\u0105 svarbi\u0105 informacij\u0105 vienu \u017evilgsniu. Tai leid\u017eia aktyviai valdyti ir pritaikyti savo garinimo patirt\u012f. Tai daro garinim\u0105 ne tik paprastesn\u012f, bet ir malonesn\u012f.<\/p>\n<p>Smart-Screen technologija suteikia galimyb\u0119 pritaikyti \u012fvairius nustatymus, kad gal\u0117tum\u0117te sukurti savo garinimo patirt\u012f pagal savo pageidavimus. Nesvarbu, ar norite padidinti nikotino stiprum\u0105, ar steb\u0117ti p\u016bp\u0173 skai\u010di\u0173, r\u016bg\u0161taus obuolio m\u0117lyn\u0117 Bang King suteikia jums kontrol\u0119, kurios jums reikia.<\/p>\n<hr \/>\n<h3>Technin\u0117s savyb\u0117s: Galingas ir efektyvus<\/h3>\n<h4>Auk\u0161tos kokyb\u0117s tinklelio rit\u0117<\/h4>\n<p>R\u016bg\u0161taus obuolio m\u0117lyn\u0117 yra apr\u016bpinta 1.0 Ohm tinklelio rit\u0117, u\u017etikrinan\u010dia tolyg\u0173 garavim\u0105 ir intensyv\u0173 skon\u012f. Tinklelio rit\u0117s yra \u017einomos d\u0117l didesn\u0117s pavir\u0161iaus ploto, leid\u017eian\u010dio geresn\u012f gar\u0173 gamyb\u0105 ir pilnesn\u012f aromat\u0105. Tai rei\u0161kia, kad kiekvienas \u012fkv\u0117pimas puikiai i\u0161ry\u0161kina r\u016bg\u0161\u010dios obuoli\u0173 ir m\u0117lyni\u0173 derinio skon\u012f.<\/p>\n<p>Su 25 ml E-liquido talpa r\u016bg\u0161taus obuolio m\u0117lyn\u0117 Bang King u\u017etikrina pakankamai atsarg\u0173 ilgiems garinimo seansams. Su 15 000 p\u016bp\u0173 galite b\u016bti tikri, kad turite pakankamai E-liquido intensyviam garinimui, nereik\u0117s da\u017enai papildyti. Tai ypa\u010d patogu keliaujant ar vakar\u0117liuose.<\/p>\n<p>R\u016bg\u0161taus obuolio m\u0117lyn\u0117 yra prieinama dviem nikotino stiprumais: 2% ir 5%. \u0160ios galimyb\u0117s suteikia jums laisv\u0119 pritaikyti savo garinimo patirt\u012f pagal savo pageidavimus. Nesvarbu, ar norite \u0161velnaus nikotino \u012fkrovimo, ar intensyvesn\u0117s patirties, r\u016bg\u0161taus obuolio m\u0117lyn\u0117 Bang King turi k\u0105 pasi\u016blyti kiekvienam.<\/p>\n<hr \/>\n<h3>Ergonomika ir naudotojo patogumas<\/h3>\n<h4>Ergonomi\u0161kas dizainas<\/h4>\n<p>R\u016bg\u0161taus obuolio m\u0117lyn\u0117 Bang King pasi\u017eymi plonu, ergonomi\u0161ku dizainu. Ji patogiai guli rankoje ir yra pakankamai lengva, kad gal\u0117tum\u0117te j\u0105 ne\u0161iotis bet kur. Nesvarbu, ar ji j\u016bs\u0173 rankin\u0117je, ar rankoje, \u012frenginys visada pasiruo\u0161\u0119s suteikti gaivi\u0105 garinimo patirt\u012f.<\/p>\n<p>R\u016bg\u0161taus obuolio m\u0117lyn\u0117s valdymas negali b\u016bti paprastesnis. Tiesiog traukite i\u0161 burnos antgali\u0173, ir \u012frenginys automati\u0161kai \u012fsijungia. Smart Screen atnaujina informacij\u0105 realiu laiku ir rodo vis\u0105 svarbi\u0105 informacij\u0105. Taip galite visi\u0161kai susikoncentruoti \u012f garinim\u0105, nesir\u016bpindami sud\u0117tingais nustatymais.<\/p>\n<p>Sour Apple Blueberry Bang King si\u016blo 15 000 \u012fkv\u0117pim\u0173, tai didelis naudojimo kiekis, kuris suma\u017eina aplinkos tar\u0161\u0105. Vietoj da\u017en\u0173 pirkim\u0173, vartotojai gali m\u0117gautis \u0161iuo \u012frenginiu be nuolatinio nauj\u0173 \u012frengini\u0173 pirkimo. Tai padeda suma\u017einti atliek\u0173 kiek\u012f ir r\u016bpintis aplinka.<\/p>\n<p>Kitas ekologi\u0161kas Sour Apple Blueberry aspektas yra \u012fkraunama 650mAh baterija. Vietoj to, kad po trumpalaikio naudojimo i\u0161mestum\u0117te \u012frengin\u012f, galite j\u012f paprastai \u012fkrauti. Tai ma\u017eina atliek\u0173 kiek\u012f ir prisideda prie tvaresnio vaping patirties.<\/p>\n<hr \/>\n<h3>Ilgalaikis veikimas: puikiai tinka kiekvienai dienai<\/h3>\n<p>Sour Apple Blueberry Bang King i\u0161manusis ekranas su 15 000 \u012fkv\u0117pim\u0173 yra ideali pasirinktis vartotojams, ie\u0161kantiems intensyvios ir ilgalaik\u0117s vaping patirties. Nesvarbu, ar esate namuose, keliaujate ar tiesiog norite trumpai pails\u0117ti, \u0161is \u012frenginys suteikia laisv\u0119 formuoti savo vaping patirt\u012f pagal savo norus.<\/p>\n<p>Derinant didel\u012f e-liquido kiek\u012f, galing\u0105 baterij\u0105 ir i\u0161man\u0173j\u012f ekran\u0105, turite visk\u0105, ko reikia nuolat teigiamai vaping patir\u010diai. Sour Apple Blueberry Bang King yra nepakei\u010diamas j\u016bs\u0173 kasdienio gyvenimo palydovas.<\/p>\n<p>Sour Apple Blueberry Bang King i\u0161manusis ekranas <strong><a href=\"https:\/\/www.elementvape.de\/lt\/p-tag\/groesser-oder-gleich-15000-zuege\/\" target=\"_blank\" rel=\"noopener\">15000 \u012fkv\u0117pim\u0173<\/a><\/strong> yra daugiau nei tik elektronin\u0117 cigaret\u0117 \u2013 tai patirtis. Su jaudinan\u010dia r\u016bg\u0161\u010di\u0173 obuoli\u0173 ir sald\u017ei\u0173 m\u0117lyni\u0173 mi\u0161inio bei pa\u017eangia technologija, \u0161is \u012frenginys suteikia visk\u0105, ko reikia intensyviai vaping patir\u010diai.<\/p>\n<p>Harmoninga r\u016bg\u0161\u010di\u0173 ir sald\u017ei\u0173 aromat\u0173 kombinacija bei i\u0161manusis ekranas daro Sour Apple Blueberry Bang King tobulia pasirinkimu vartotojams, vertinantiems skon\u012f, kokyb\u0119 ir patogum\u0105. Nesvarbu, ar esate patyr\u0119s vaping entuziastas, ar naujokas, \u0161is \u012frenginys suteiks nepamir\u0161tam\u0105 vaping patirt\u012f, kuri\u0105 nor\u0117site kartoti.<\/p>","protected":false},"excerpt":{"rendered":"<p>Sour Apple Blueberry Bang King Smart Screen 15000 Puff: Ein unvergleichliches Dampferlebnis voller frischer Aromen Die Sour Apple Blueberry Bang King Smart Screen 15000 Puff vereint die spritzige Frische von sauren \u00c4pfeln mit der s\u00fc\u00dfen Tiefe von Blaubeeren, um Ihnen ein unvergessliches Dampferlebnis zu bieten. Mit einer innovativen Smart-Screen-Technologie und einem durchdachten Design ist dieses [&hellip;]<\/p>","protected":false},"featured_media":14456,"template":"","meta":{"inline_featured_image":false},"product_cat":[15,758,766,750,737,736,749,752,756],"product_tag":[710,674],"tiered_pricing_type":"fixed","tiered_pricing_fixed_rules":{"60":"7.52","110":"6.68","200":"5.85"},"tiered_pricing_percentage_rules":[],"tiered_pricing_minimum":1,"_administrator_tiered_pricing_type":"fixed","_administrator_tiered_pricing_fixed_rules":[],"_editor_tiered_pricing_type":"fixed","_editor_tiered_pricing_fixed_rules":[],"_author_tiered_pricing_type":"fixed","_author_tiered_pricing_fixed_rules":[],"_contributor_tiered_pricing_type":"fixed","_contributor_tiered_pricing_fixed_rules":[],"_subscriber_tiered_pricing_type":"fixed","_subscriber_tiered_pricing_fixed_rules":[],"_customer_tiered_pricing_type":"fixed","_customer_tiered_pricing_fixed_rules":[],"_shop_manager_tiered_pricing_type":"fixed","_shop_manager_tiered_pricing_fixed_rules":[],"_wpseo_manager_tiered_pricing_type":"fixed","_wpseo_manager_tiered_pricing_fixed_rules":[],"_wpseo_editor_tiered_pricing_type":"fixed","_wpseo_editor_tiered_pricing_fixed_rules":[],"_wholesale_customer_tiered_pricing_type":"fixed","_wholesale_customer_tiered_pricing_fixed_rules":[],"_marketer_tiered_pricing_type":"fixed","_marketer_tiered_pricing_fixed_rules":[],"_sales_manager_tiered_pricing_type":"fixed","_sales_manager_tiered_pricing_fixed_rules":[],"_sales_rep_tiered_pricing_type":"fixed","_sales_rep_tiered_pricing_fixed_rules":[],"yoast_head":"<!-- This site is optimized with the Yoast SEO plugin v23.3 - https:\/\/yoast.com\/wordpress\/plugins\/seo\/ -->\n<title>Sour Apple Blueberry Bang King Smart Screen 15000 Puff Ein unvergessliches Dampferlebnis voller frischer Aromen die f\u00fcr maximale Zufriedenheit sorgen | ElementVape.de<\/title>\n<meta name=\"description\" content=\"Wir bieten Sour Apple Blueberry Bang King Smart Screen 15000 Puff Ein unvergessliches Dampferlebnis voller frischer Aromen die f\u00fcr maximale Zufriedenheit sorgen , Elementvape.de akzeptieren Gro\u00df-und Einzelhandel Bestellungen.\" \/>\n<meta name=\"robots\" content=\"index, follow, max-snippet:-1, max-image-preview:large, max-video-preview:-1\" \/>\n<link rel=\"canonical\" href=\"https:\/\/www.elementvape.de\/lt\/produkt\/sour-apple-blueberry-bang-king-smart-screen-15000-puff-ein-unvergessliches-dampferlebnis-voller-frischer-aromen-die-fuer-maximale-zufriedenheit-sorgen\/\" \/>\n<meta property=\"og:locale\" content=\"lt_LT\" \/>\n<meta property=\"og:type\" content=\"article\" \/>\n<meta property=\"og:title\" content=\"Sour Apple Blueberry Bang King Smart Screen 15000 Puff Ein unvergessliches Dampferlebnis voller frischer Aromen die f\u00fcr maximale Zufriedenheit sorgen | ElementVape.de\" \/>\n<meta property=\"og:description\" content=\"Wir bieten Sour Apple Blueberry Bang King Smart Screen 15000 Puff Ein unvergessliches Dampferlebnis voller frischer Aromen die f\u00fcr maximale Zufriedenheit sorgen , Elementvape.de akzeptieren Gro\u00df-und Einzelhandel Bestellungen.\" \/>\n<meta property=\"og:url\" content=\"https:\/\/www.elementvape.de\/lt\/produkt\/sour-apple-blueberry-bang-king-smart-screen-15000-puff-ein-unvergessliches-dampferlebnis-voller-frischer-aromen-die-fuer-maximale-zufriedenheit-sorgen\/\" \/>\n<meta property=\"og:site_name\" content=\"ElementVape.de\" \/>\n<meta property=\"article:modified_time\" content=\"2024-10-24T02:34:44+00:00\" \/>\n<meta property=\"og:image\" content=\"https:\/\/www.elementvape.de\/wp-content\/uploads\/2024\/09\/Sour-Apple-Blueberry-scaled.jpg\" \/>\n\t<meta property=\"og:image:width\" content=\"2560\" \/>\n\t<meta property=\"og:image:height\" content=\"1672\" \/>\n\t<meta property=\"og:image:type\" content=\"image\/jpeg\" \/>\n<meta name=\"twitter:card\" content=\"summary_large_image\" \/>\n<meta name=\"twitter:label1\" content=\"Est. reading time\" \/>\n\t<meta name=\"twitter:data1\" content=\"6 minut\u0117s\" \/>\n<script type=\"application\/ld+json\" class=\"yoast-schema-graph\">{\"@context\":\"https:\/\/schema.org\",\"@graph\":[{\"@type\":\"WebPage\",\"@id\":\"https:\/\/www.elementvape.de\/es\/produkt\/sour-apple-blueberry-bang-king-smart-screen-15000-puff-ein-unvergessliches-dampferlebnis-voller-frischer-aromen-die-fuer-maximale-zufriedenheit-sorgen\/\",\"url\":\"https:\/\/www.elementvape.de\/es\/produkt\/sour-apple-blueberry-bang-king-smart-screen-15000-puff-ein-unvergessliches-dampferlebnis-voller-frischer-aromen-die-fuer-maximale-zufriedenheit-sorgen\/\",\"name\":\"Sour Apple Blueberry Bang King Smart Screen 15000 Puff Ein unvergessliches Dampferlebnis voller frischer Aromen die f\u00fcr maximale Zufriedenheit sorgen | ElementVape.de\",\"isPartOf\":{\"@id\":\"https:\/\/www.elementvape.de\/#website\"},\"primaryImageOfPage\":{\"@id\":\"https:\/\/www.elementvape.de\/es\/produkt\/sour-apple-blueberry-bang-king-smart-screen-15000-puff-ein-unvergessliches-dampferlebnis-voller-frischer-aromen-die-fuer-maximale-zufriedenheit-sorgen\/#primaryimage\"},\"image\":{\"@id\":\"https:\/\/www.elementvape.de\/es\/produkt\/sour-apple-blueberry-bang-king-smart-screen-15000-puff-ein-unvergessliches-dampferlebnis-voller-frischer-aromen-die-fuer-maximale-zufriedenheit-sorgen\/#primaryimage\"},\"thumbnailUrl\":\"https:\/\/www.elementvape.de\/wp-content\/uploads\/2024\/09\/Sour-Apple-Blueberry-scaled.jpg\",\"datePublished\":\"2024-09-21T06:05:23+00:00\",\"dateModified\":\"2024-10-24T02:34:44+00:00\",\"description\":\"Wir bieten Sour Apple Blueberry Bang King Smart Screen 15000 Puff Ein unvergessliches Dampferlebnis voller frischer Aromen die f\u00fcr maximale Zufriedenheit sorgen , Elementvape.de akzeptieren Gro\u00df-und Einzelhandel Bestellungen.\",\"breadcrumb\":{\"@id\":\"https:\/\/www.elementvape.de\/es\/produkt\/sour-apple-blueberry-bang-king-smart-screen-15000-puff-ein-unvergessliches-dampferlebnis-voller-frischer-aromen-die-fuer-maximale-zufriedenheit-sorgen\/#breadcrumb\"},\"inLanguage\":\"lt-LT\",\"potentialAction\":[{\"@type\":\"ReadAction\",\"target\":[\"https:\/\/www.elementvape.de\/es\/produkt\/sour-apple-blueberry-bang-king-smart-screen-15000-puff-ein-unvergessliches-dampferlebnis-voller-frischer-aromen-die-fuer-maximale-zufriedenheit-sorgen\/\"]}]},{\"@type\":\"ImageObject\",\"inLanguage\":\"lt-LT\",\"@id\":\"https:\/\/www.elementvape.de\/es\/produkt\/sour-apple-blueberry-bang-king-smart-screen-15000-puff-ein-unvergessliches-dampferlebnis-voller-frischer-aromen-die-fuer-maximale-zufriedenheit-sorgen\/#primaryimage\",\"url\":\"https:\/\/www.elementvape.de\/wp-content\/uploads\/2024\/09\/Sour-Apple-Blueberry-scaled.jpg\",\"contentUrl\":\"https:\/\/www.elementvape.de\/wp-content\/uploads\/2024\/09\/Sour-Apple-Blueberry-scaled.jpg\",\"width\":2560,\"height\":1672,\"caption\":\"Sour Apple Blueberry\"},{\"@type\":\"BreadcrumbList\",\"@id\":\"https:\/\/www.elementvape.de\/es\/produkt\/sour-apple-blueberry-bang-king-smart-screen-15000-puff-ein-unvergessliches-dampferlebnis-voller-frischer-aromen-die-fuer-maximale-zufriedenheit-sorgen\/#breadcrumb\",\"itemListElement\":[{\"@type\":\"ListItem\",\"position\":1,\"name\":\"Home\",\"item\":\"https:\/\/www.elementvape.de\/\"},{\"@type\":\"ListItem\",\"position\":2,\"name\":\"Shop\",\"item\":\"https:\/\/www.elementvape.de\/shop\/\"},{\"@type\":\"ListItem\",\"position\":3,\"name\":\"Sour Apple Blueberry Bang King Smart Screen 15000 Puff Ein unvergessliches Dampferlebnis voller frischer Aromen die f\u00fcr maximale Zufriedenheit sorgen\"}]},{\"@type\":\"WebSite\",\"@id\":\"https:\/\/www.elementvape.de\/#website\",\"url\":\"https:\/\/www.elementvape.de\/\",\"name\":\"ElementVape.de\",\"description\":\"\",\"publisher\":{\"@id\":\"https:\/\/www.elementvape.de\/#organization\"},\"potentialAction\":[{\"@type\":\"SearchAction\",\"target\":{\"@type\":\"EntryPoint\",\"urlTemplate\":\"https:\/\/www.elementvape.de\/?s={search_term_string}\"},\"query-input\":\"required name=search_term_string\"}],\"inLanguage\":\"lt-LT\"},{\"@type\":\"Organization\",\"@id\":\"https:\/\/www.elementvape.de\/#organization\",\"name\":\"ElementVape.DE\",\"url\":\"https:\/\/www.elementvape.de\/\",\"logo\":{\"@type\":\"ImageObject\",\"inLanguage\":\"lt-LT\",\"@id\":\"https:\/\/www.elementvape.de\/#\/schema\/logo\/image\/\",\"url\":\"https:\/\/www.elementvape.de\/wp-content\/uploads\/2024\/09\/cropped-1elementvape-3.png\",\"contentUrl\":\"https:\/\/www.elementvape.de\/wp-content\/uploads\/2024\/09\/cropped-1elementvape-3.png\",\"width\":285,\"height\":228,\"caption\":\"ElementVape.DE\"},\"image\":{\"@id\":\"https:\/\/www.elementvape.de\/#\/schema\/logo\/image\/\"}}]}<\/script>\n<!-- \/ Yoast SEO plugin. -->","yoast_head_json":{"title":"Sour Apple Blueberry Bang King Smart Screen 15000 Puff Ein unvergessliches Dampferlebnis voller frischer Aromen die f\u00fcr maximale Zufriedenheit sorgen | ElementVape.de","description":"Wir bieten Sour Apple Blueberry Bang King Smart Screen 15000 Puff Ein unvergessliches Dampferlebnis voller frischer Aromen die f\u00fcr maximale Zufriedenheit sorgen , Elementvape.de akzeptieren Gro\u00df-und Einzelhandel Bestellungen.","robots":{"index":"index","follow":"follow","max-snippet":"max-snippet:-1","max-image-preview":"max-image-preview:large","max-video-preview":"max-video-preview:-1"},"canonical":"https:\/\/www.elementvape.de\/lt\/produkt\/sour-apple-blueberry-bang-king-smart-screen-15000-puff-ein-unvergessliches-dampferlebnis-voller-frischer-aromen-die-fuer-maximale-zufriedenheit-sorgen\/","og_locale":"lt_LT","og_type":"article","og_title":"Sour Apple Blueberry Bang King Smart Screen 15000 Puff Ein unvergessliches Dampferlebnis voller frischer Aromen die f\u00fcr maximale Zufriedenheit sorgen | ElementVape.de","og_description":"Wir bieten Sour Apple Blueberry Bang King Smart Screen 15000 Puff Ein unvergessliches Dampferlebnis voller frischer Aromen die f\u00fcr maximale Zufriedenheit sorgen , Elementvape.de akzeptieren Gro\u00df-und Einzelhandel Bestellungen.","og_url":"https:\/\/www.elementvape.de\/lt\/produkt\/sour-apple-blueberry-bang-king-smart-screen-15000-puff-ein-unvergessliches-dampferlebnis-voller-frischer-aromen-die-fuer-maximale-zufriedenheit-sorgen\/","og_site_name":"ElementVape.de","article_modified_time":"2024-10-24T02:34:44+00:00","og_image":[{"width":2560,"height":1672,"url":"https:\/\/www.elementvape.de\/wp-content\/uploads\/2024\/09\/Sour-Apple-Blueberry-scaled.jpg","type":"image\/jpeg"}],"twitter_card":"summary_large_image","twitter_misc":{"Est. reading time":"6 minut\u0117s"},"schema":{"@context":"https:\/\/schema.org","@graph":[{"@type":"WebPage","@id":"https:\/\/www.elementvape.de\/es\/produkt\/sour-apple-blueberry-bang-king-smart-screen-15000-puff-ein-unvergessliches-dampferlebnis-voller-frischer-aromen-die-fuer-maximale-zufriedenheit-sorgen\/","url":"https:\/\/www.elementvape.de\/es\/produkt\/sour-apple-blueberry-bang-king-smart-screen-15000-puff-ein-unvergessliches-dampferlebnis-voller-frischer-aromen-die-fuer-maximale-zufriedenheit-sorgen\/","name":"Sour Apple Blueberry Bang King Smart Screen 15000 Puff Ein unvergessliches Dampferlebnis voller frischer Aromen die f\u00fcr maximale Zufriedenheit sorgen | ElementVape.de","isPartOf":{"@id":"https:\/\/www.elementvape.de\/#website"},"primaryImageOfPage":{"@id":"https:\/\/www.elementvape.de\/es\/produkt\/sour-apple-blueberry-bang-king-smart-screen-15000-puff-ein-unvergessliches-dampferlebnis-voller-frischer-aromen-die-fuer-maximale-zufriedenheit-sorgen\/#primaryimage"},"image":{"@id":"https:\/\/www.elementvape.de\/es\/produkt\/sour-apple-blueberry-bang-king-smart-screen-15000-puff-ein-unvergessliches-dampferlebnis-voller-frischer-aromen-die-fuer-maximale-zufriedenheit-sorgen\/#primaryimage"},"thumbnailUrl":"https:\/\/www.elementvape.de\/wp-content\/uploads\/2024\/09\/Sour-Apple-Blueberry-scaled.jpg","datePublished":"2024-09-21T06:05:23+00:00","dateModified":"2024-10-24T02:34:44+00:00","description":"Wir bieten Sour Apple Blueberry Bang King Smart Screen 15000 Puff Ein unvergessliches Dampferlebnis voller frischer Aromen die f\u00fcr maximale Zufriedenheit sorgen , Elementvape.de akzeptieren Gro\u00df-und Einzelhandel Bestellungen.","breadcrumb":{"@id":"https:\/\/www.elementvape.de\/es\/produkt\/sour-apple-blueberry-bang-king-smart-screen-15000-puff-ein-unvergessliches-dampferlebnis-voller-frischer-aromen-die-fuer-maximale-zufriedenheit-sorgen\/#breadcrumb"},"inLanguage":"lt-LT","potentialAction":[{"@type":"ReadAction","target":["https:\/\/www.elementvape.de\/es\/produkt\/sour-apple-blueberry-bang-king-smart-screen-15000-puff-ein-unvergessliches-dampferlebnis-voller-frischer-aromen-die-fuer-maximale-zufriedenheit-sorgen\/"]}]},{"@type":"ImageObject","inLanguage":"lt-LT","@id":"https:\/\/www.elementvape.de\/es\/produkt\/sour-apple-blueberry-bang-king-smart-screen-15000-puff-ein-unvergessliches-dampferlebnis-voller-frischer-aromen-die-fuer-maximale-zufriedenheit-sorgen\/#primaryimage","url":"https:\/\/www.elementvape.de\/wp-content\/uploads\/2024\/09\/Sour-Apple-Blueberry-scaled.jpg","contentUrl":"https:\/\/www.elementvape.de\/wp-content\/uploads\/2024\/09\/Sour-Apple-Blueberry-scaled.jpg","width":2560,"height":1672,"caption":"Sour Apple Blueberry"},{"@type":"BreadcrumbList","@id":"https:\/\/www.elementvape.de\/es\/produkt\/sour-apple-blueberry-bang-king-smart-screen-15000-puff-ein-unvergessliches-dampferlebnis-voller-frischer-aromen-die-fuer-maximale-zufriedenheit-sorgen\/#breadcrumb","itemListElement":[{"@type":"ListItem","position":1,"name":"Home","item":"https:\/\/www.elementvape.de\/"},{"@type":"ListItem","position":2,"name":"Shop","item":"https:\/\/www.elementvape.de\/shop\/"},{"@type":"ListItem","position":3,"name":"Sour Apple Blueberry Bang King Smart Screen 15000 Puff Ein unvergessliches Dampferlebnis voller frischer Aromen die f\u00fcr maximale Zufriedenheit sorgen"}]},{"@type":"WebSite","@id":"https:\/\/www.elementvape.de\/#website","url":"https:\/\/www.elementvape.de\/","name":"ElementVape.de","description":"","publisher":{"@id":"https:\/\/www.elementvape.de\/#organization"},"potentialAction":[{"@type":"SearchAction","target":{"@type":"EntryPoint","urlTemplate":"https:\/\/www.elementvape.de\/?s={search_term_string}"},"query-input":"required name=search_term_string"}],"inLanguage":"lt-LT"},{"@type":"Organization","@id":"https:\/\/www.elementvape.de\/#organization","name":"ElementVape.DE","url":"https:\/\/www.elementvape.de\/","logo":{"@type":"ImageObject","inLanguage":"lt-LT","@id":"https:\/\/www.elementvape.de\/#\/schema\/logo\/image\/","url":"https:\/\/www.elementvape.de\/wp-content\/uploads\/2024\/09\/cropped-1elementvape-3.png","contentUrl":"https:\/\/www.elementvape.de\/wp-content\/uploads\/2024\/09\/cropped-1elementvape-3.png","width":285,"height":228,"caption":"ElementVape.DE"},"image":{"@id":"https:\/\/www.elementvape.de\/#\/schema\/logo\/image\/"}}]}},"_links":{"self":[{"href":"https:\/\/www.elementvape.de\/lt\/wp-json\/wp\/v2\/product\/14468"}],"collection":[{"href":"https:\/\/www.elementvape.de\/lt\/wp-json\/wp\/v2\/product"}],"about":[{"href":"https:\/\/www.elementvape.de\/lt\/wp-json\/wp\/v2\/types\/product"}],"wp:featuredmedia":[{"embeddable":true,"href":"https:\/\/www.elementvape.de\/lt\/wp-json\/wp\/v2\/media\/14456"}],"wp:attachment":[{"href":"https:\/\/www.elementvape.de\/lt\/wp-json\/wp\/v2\/media?parent=14468"}],"wp:term":[{"taxonomy":"product_cat","embeddable":true,"href":"https:\/\/www.elementvape.de\/lt\/wp-json\/wp\/v2\/product_cat?post=14468"},{"taxonomy":"product_tag","embeddable":true,"href":"https:\/\/www.elementvape.de\/lt\/wp-json\/wp\/v2\/product_tag?post=14468"}],"curies":[{"name":"wp","href":"https:\/\/api.w.org\/{rel}","templated":true}]}}