{"id":14435,"date":"2024-09-20T02:03:39","date_gmt":"2024-09-20T02:03:39","guid":{"rendered":"https:\/\/www.elementvape.de\/?post_type=product&#038;p=14435"},"modified":"2024-10-11T03:25:03","modified_gmt":"2024-10-11T03:25:03","slug":"die-watermelon-ice-bang-rocket-18000-puffs-sorgt-fuer-erfrischenden-dampfgenuss-mit-dem-perfekten-mix-aus-fruchtiger-wassermelone-und-eisiger-kuehle","status":"publish","type":"product","link":"https:\/\/www.elementvape.de\/lt\/produkt\/die-watermelon-ice-bang-rocket-18000-puffs-sorgt-fuer-erfrischenden-dampfgenuss-mit-dem-perfekten-mix-aus-fruchtiger-wassermelone-und-eisiger-kuehle\/","title":{"rendered":"Watermelon Ice Bang Rocket 18000 P\u016b\u0161\u010di\u0173 suteikia gaiv\u0173 gar\u0173 malonum\u0105 su tobulai mi\u0161riomis vaisi\u0173 arb\u016bzo ir ledinio gaivumo kombinacijomis"},"content":{"rendered":"<h2>Vynuogi\u0173 ledo Bang Raketa 18000 p\u016btim\u0173 \u2013 vaisin\u0117 gaiva susitinka su \u0161altu v\u0117sumu<\/h2>\n<p>Pasaulio vienkartini\u0173 elektronini\u0173 cigare\u010di\u0173 srityje Watermelon Ice Bang Rocket 18000 Puffs u\u017esitarnavo kaip vienas i\u0161 populiariausi\u0173 \u012frengini\u0173. \u0160is produktas si\u016blo nepalyginam\u0105 saldaus arb\u016bzo gaivumo ir ledinio mentolio \u0161alto poj\u016b\u010dio derin\u012f. D\u0117l r\u016bkytoj\u0173, ie\u0161kan\u010di\u0173 gaivinan\u010dio skonio patirties, \u0161i elektronin\u0117 cigaret\u0117 yra tobulas pasirinkimas. Su \u012fsp\u016bdinga 18000 \u012fkv\u0117pim\u0173 talpa ir daugybe technini\u0173 funkcij\u0173, \u012fskaitant reguliuojam\u0105 oro sraut\u0105 ir dvigubo tinklelio technologij\u0105, Watermelon Ice Bang Rocket \u017eada i\u0161skirtin\u012f na\u0161um\u0105 ir gaiv\u0173 malonum\u0105 kiekvieno \u012fkv\u0117pimo metu.<\/p>\n<h3>Vandensmeliono ir \u0161alto v\u0117sumo derinys<\/h3>\n<p>Pagrindinis Watermelon Ice Bang Rocket 18000 Puffs d\u0117mesys skiriamas jos unikaliam skoniui, kuris sujungia arb\u016bzo saldum\u0105 su gaivinan\u010diu mentolio \u0161altumu. \u0160is mi\u0161inys u\u017etikrina subalansuot\u0105 ir tuo pa\u010diu intensyv\u0173 skonio patirt\u012f, kuri yra vaisinga ir gaivi.<\/p>\n<p>Vandeni\u0173 meliono aromatai yra labai populiar\u016bs vaping produkt\u0173 srityje, ir tai ne be prie\u017easties. Jie si\u016blo nat\u016bral\u0173 saldum\u0105, kuris yra lengvas ir gaivus, nesukeliant jausmo per didelio saldumo. Watermelon Ice Bang Rocket puikiai u\u017efiksuoja vandeni\u0173 meliono aromat\u0105, suteikdama kiekvienam \u012fkv\u0117pimui sald\u0173, vaisi\u0161k\u0105 atspalv\u012f. \u0160i sultingumas daro \u012fkv\u0117pim\u0105 ne tik skonio akcentu, bet ir u\u017etikrina, kad skonis likt\u0173 lengvas ir malonus.<\/p>\n<p>Kas daro Watermelon Ice Bang Rocket ypatinga, yra mentolio pabaiga, kuri kiekvien\u0105 \u012fkv\u0117pim\u0105 suteikia gaivinan\u010dio \u0161al\u010dio efekt\u0105. Mentolas papildo arb\u016bzo saldum\u0105 ir sukuria tobul\u0105 pusiausvyr\u0105 tarp vaisi\u0173 ir gaivumo. \u0160i kombinacija u\u017etikrina, kad garinimas b\u016bt\u0173 idealiai tinkamas tiek kar\u0161tomis vasaros dienomis, tiek akimirkomis, kai norisi gaivinan\u010dio atgaivos poj\u016b\u010dio.<\/p>\n<h4>Tobulas pusiausvyra<\/h4>\n<p>Sald\u017eiosios arb\u016bzo ir \u0161alto v\u0117sinimo mi\u0161inys yra taip suderintas, kad n\u0117 viena i\u0161 dviej\u0173 skoni\u0173 nepastebimai u\u017ego\u017eia kit\u0105. Kiekvienas \u012fkv\u0117pimas prasideda sald\u017eia vaisi\u0173 nata ir baigiasi gaiviu mentolio dvelksmu, suteikian\u010diu intensyvi\u0105 ir subalansuot\u0105 skonio patirt\u012f. \u0160i kombinacija daro Watermelon Ice Bang Rocket 18000 Puffs idealiu pasirinkimu d\u016bm\u0173 m\u0117g\u0117jams, ie\u0161kantiems vaisi\u0161ko ir gaivinan\u010dio skonio, kuris n\u0117ra per sunkus ar per saldus.<\/p>\n<h3>Galia: Iki 18000 cikl\u0173 ilgalaikiam malonumui<\/h3>\n<p>Be sidabrinio skonio Watermelon Ice Bang Rocket 18000 Puffs taip pat pasi\u017eymi i\u0161skirtiniu na\u0161umu, kuris j\u0105 daro viena i\u0161 ilgaam\u017ei\u0161kiausi\u0173 vienkartini\u0173 elektronini\u0173 cigare\u010di\u0173 rinkoje. Su talpa nuo <strong><a href=\"https:\/\/www.elementvape.de\/lt\/p-tag\/vaep-18000-zuege\/\" target=\"_blank\" rel=\"noopener\">18000 \u012fkv\u0117pim\u0173<\/a><\/strong> \u0160is \u012frenginys leid\u017eia ilgalaik\u012f naudojim\u0105, nesukeliant vartotojui r\u016bpes\u010di\u0173 d\u0117l da\u017en\u0173 pakartotin\u0173 pirkim\u0173.<\/p>\n<p>Bang Rocket yra su galinga 650-mAh baterija, u\u017etikrinan\u010dia tolyg\u0173 ir nuolatin\u012f gar\u0173 gamyb\u0105. Nesvarbu, ar naudojate \u012frengin\u012f intensyviai ar tik retkar\u010diais, baterija pakankamai ilgai veikia, kad gal\u0117tum\u0117te naudoti \u012frengin\u012f ilgesn\u012f laik\u0105. Jei baterija i\u0161sikrauna, \u012frengin\u012f galima greitai ir paprastai \u012fkrauti per modern\u0173 tipo-C \u012fkrovimo jungt\u012f, kad v\u0117l gal\u0117tum\u0117te m\u0117gautis garinimu.<\/p>\n<h4>Dvigubo tinklelio technologija intensyvesniam garui ir skoniui<\/h4>\n<p>Esminis veiksnys, u\u017etikrinantis i\u0161skirtin\u0119 Watermelon Ice Bang Rocket 18000 Puffs garso patirt\u012f, yra dvigubo tinklelio technologijos naudojimas. Palyginti su \u012fprastomis rit\u0117mis, \u0161i technologija u\u017etikrina tolyg\u0173 E-skys\u010dio garinim\u0105, kas lemia ne tik tankesn\u012f gar\u0105, bet ir intensyvesn\u012f skon\u012f. Dvigubo tinklelio rit\u0117s u\u017etikrina, kad E-skystis b\u016bt\u0173 tolygiai \u012fkaitintas, tod\u0117l kiekvieno \u012fkv\u0117pimo metu aromatas i\u0161ry\u0161k\u0117ja pilnai.<\/p>\n<p>Watermelon Ice Bang Rocket 18000 Puffs buvo sukurtas taip, kad b\u016bt\u0173 lengva naudoti. Prietaisas yra vienkartinis modelis, kuris jau yra pripildytas, tod\u0117l naudotojai neturi galvoti apie E-liquido papildym\u0105. \u0160is naudotojui draugi\u0161kumas daro j\u012f idealiu prietaisu pradedantiesiems, ta\u010diau patyr\u0119 garintojai taip pat \u012fvertins paprast\u0105 valdym\u0105 ir pastovi\u0105 gali\u0105.<\/p>\n<h4>Reguliuojamas oro srautas individualiam garavimo patyrimui<\/h4>\n<p>Kitas \u201eWatermelon Ice Bang Rocket\u201c akcentas yra reguliuojamas oro srauto valdymas, leid\u017eiantis naudotojams pritaikyti traukos pasiprie\u0161inim\u0105 pagal savo pageidavimus. Tvirtesnis oro srautas u\u017etikrina tankesn\u012f gar\u0105 ir stipresn\u012f skon\u012f, o atviresnis oro srautas leid\u017eia lengvesnius \u012fkv\u0117pimus. \u0160i lankstumas daro \u012frengin\u012f tinkam\u0105 tiek naudotojams, kurie m\u0117gsta stipr\u0173 skon\u012f, tiek tiems, kurie ie\u0161ko lengvo ir malonaus garinimo patirties.<\/p>\n<p>Siekiant dar labiau pagerinti naudotojo patirt\u012f, Watermelon Ice Bang Rocket 18000 Puffs yra \u012frengtas LED ekranas, kuris informuoja apie baterijos b\u016bkl\u0119. \u0160i funkcija u\u017etikrina, kad naudotojas laiku b\u016bt\u0173 \u012fsp\u0117tas, kai reikia \u012fkrauti \u012frengin\u012f, kas padeda i\u0161vengti netik\u0117t\u0173 pertrauk\u0173 naudojantis vape'u.<\/p>\n<h3>Techniniai duomenys ap\u017evalgai:<\/h3>\n<ul>\n<li>Modelis: Watermelon Ice Bang Rocket 18000 R\u016bko<\/li>\n<li>Skonis: Arb\u016bzas ir mentolas<\/li>\n<li>P\u016btim\u0173 skai\u010dius: Iki 18000<\/li>\n<li>Oro srauto reguliavimas: Taip<\/li>\n<li>Baterijos talpa: 650 mAh<\/li>\n<li>E-skys\u010dio talpa: 28 ml<\/li>\n<li>Rit\u0117s technologija: Dual Mesh<\/li>\n<li>Nikotino stiprumas: 2 % \/ 5 %<\/li>\n<li>\u012ekrovimo jungtis: C tipo<\/li>\n<\/ul>\n<p>Vienkartini\u0173 elektronini\u0173 cigare\u010di\u0173 rinkoje Watermelon Ice Bang Rocket 18000 Puffs i\u0161siskiria savo unikaliu skoniu, na\u0161umu ir naudotojo draugi\u0161kumu. Prietaisas si\u016blo tobulai suderint\u0105 sald\u017eiosios arb\u016bzo ir gaivinan\u010dio mentolio mi\u0161in\u012f, tod\u0117l jis yra idealus vartotojams, ie\u0161kantiems gaivinan\u010dio ir tuo pa\u010diu intensyvaus aromato.<\/p>\n<h4>Unikalus skonio patyrimas<\/h4>\n<p>Watermelon Ice Bang Rocket skon\u012f i\u0161skiria tai, kas i\u0161 tikr\u0173j\u0173 daro \u0161\u012f \u012frengin\u012f ypatingu. Saldi arb\u016bzo gaivuma puikiai papildo mentolio ledinis \u0161altumas, sukuriant intensyv\u0173 ir subalansuot\u0105 skonio patirt\u012f kiekvienu \u012fkv\u0117pimu. \u0160i skonio pusiausvyra daro \u012frengin\u012f patraukl\u0173 tiek vaisi\u0173 m\u0117g\u0117jams, tiek tiems, kurie m\u0117gsta gaiv\u0173 \u012fkv\u0117pim\u0105.<\/p>\n<p>Su 18000 \u012fkv\u0117pim\u0173 Watermelon Ice Bang Rocket yra vienas galingiausi\u0173 vienkartini\u0173 \u012frengini\u0173 rinkoje. Didelis \u012fkv\u0117pim\u0173 skai\u010dius u\u017etikrina, kad \u012frenginys gal\u0117t\u0173 b\u016bti naudojamas savaites be poreikio keisti. Tai daro Watermelon Ice Bang Rocket ne tik patogiu, bet ir ekonomi\u0161kai efektyviu pasirinkimu vartotojams, ie\u0161kantiems ilgaam\u017eio ir galingo \u012frenginio.<\/p>\n<p>D\u0117ka reguliuojamo oro srauto ir galimyb\u0117s pasirinkti tarp 2 % ir 5 % nikotino drusk\u0173, Watermelon Ice Bang Rocket si\u016blo tinkam\u0105 nustatym\u0105 kiekvienam skoniui. Nesvarbu, ar m\u0117gstate intensyvesnius \u012fkv\u0117pimus ir tankesn\u012f gar\u0105, ar lengvesnius \u012fkv\u0117pimus, \u0161is \u012frenginys suteiks jums b\u016btent tok\u012f \u012fkv\u0117pimo patirt\u012f, kokios ie\u0161kote.<\/p>\n<h4>Patogumas ir naudotojo draugi\u0161kumas<\/h4>\n<p>Kitas Watermelon Ice Bang Rocket 18000 Puffs privalumas \u2013 jos naudotojo draugi\u0161kumas. Kadangi tai vienkartinis \u012frenginys, nereikia sud\u0117ting\u0173 nustatym\u0173 ar dali\u0173 keitimo. Prietaisas yra i\u0161kart paruo\u0161tas naudoti ir po naudojimo paprastai i\u0161metamas. \u0160is patogumas daro vaping\u0105 ypa\u010d paprastu ir maloniu, ypa\u010d pradedantiesiems.<\/p>\n<p><strong><a href=\"https:\/\/www.elementvape.de\/lt\/c\/einweg-zigarette\/\" target=\"_blank\" rel=\"noopener\">Vienkartin\u0117s elektronin\u0117s cigaret\u0117s<\/a><\/strong> Da\u017enai kritikuojamas d\u0117l neekologi\u0161kumo, ta\u010diau Watermelon Ice Bang Rocket 18000 Puffs \u017eengia kitokiu keliu. D\u0117l itin didelio \u012fkv\u0117pim\u0173 skai\u010diaus ir ilgos naudojimo trukm\u0117s jis re\u010diau turi b\u016bti i\u0161metamas nei \u012fprastos vienkartin\u0117s elektronin\u0117s cigaret\u0117s su ma\u017eesne talpa. Tai rei\u0161kia, kad poveikis aplinkai yra \u017eymiai ma\u017eesnis nei kit\u0173 vienkartini\u0173 \u012frengini\u0173.<\/p>\n<p>Watermelon Ice Bang Rocket 18000 Puffs si\u016blo geriausi\u0105 i\u0161 abiej\u0173 pasauli\u0173: vaisi\u0173 skonio arb\u016bzo ir ledinio mentolio gaivumo, kartu su i\u0161skirtiniu na\u0161umu ir naudotojo draugi\u0161kumu. Su iki 18000 \u012fkv\u0117pim\u0173, galinga baterija, inovatyvia dvigubo tinklelio technologija ir reguliuojamu oro srautu, \u0161is \u012frenginys yra ideali pasirinktis vartotojams, ie\u0161kantiems ilgalaikio, gaivinan\u010dio ir intensyvaus skonio patirties. Nesvarbu, ar tai kasdienis naudojimas, ar ypatingos akimirkos \u2013 Watermelon Ice Bang Rocket 18000 Puffs tikrai pateisins kiekvieno vapingo poreikius.<\/p>","protected":false},"excerpt":{"rendered":"<p>Watermelon Ice Bang Rocket 18000 Puffs \u2013 Fruchtige Frische trifft eisige K\u00fchle In der Welt der Einweg-E-Zigaretten hat sich die Watermelon Ice Bang Rocket 18000 Puffs einen festen Platz als eines der beliebtesten Ger\u00e4te gesichert. Dieses Produkt bietet eine unvergleichliche Kombination aus der s\u00fc\u00dfen Frische von Wassermelone und der eisigen K\u00fchle von Menthol. F\u00fcr Dampfer, [&hellip;]<\/p>","protected":false},"featured_media":14433,"template":"","meta":{"inline_featured_image":false},"product_cat":[15,763,750,737,736,749,752,756,744,755,738,751],"product_tag":[710,765],"tiered_pricing_type":"fixed","tiered_pricing_fixed_rules":{"60":"8.54","110":"7.59","200":"6.64"},"tiered_pricing_percentage_rules":[],"tiered_pricing_minimum":1,"_administrator_tiered_pricing_type":"fixed","_administrator_tiered_pricing_fixed_rules":[],"_editor_tiered_pricing_type":"fixed","_editor_tiered_pricing_fixed_rules":[],"_author_tiered_pricing_type":"fixed","_author_tiered_pricing_fixed_rules":[],"_contributor_tiered_pricing_type":"fixed","_contributor_tiered_pricing_fixed_rules":[],"_subscriber_tiered_pricing_type":"fixed","_subscriber_tiered_pricing_fixed_rules":[],"_customer_tiered_pricing_type":"fixed","_customer_tiered_pricing_fixed_rules":[],"_shop_manager_tiered_pricing_type":"fixed","_shop_manager_tiered_pricing_fixed_rules":[],"_wpseo_manager_tiered_pricing_type":"fixed","_wpseo_manager_tiered_pricing_fixed_rules":[],"_wpseo_editor_tiered_pricing_type":"fixed","_wpseo_editor_tiered_pricing_fixed_rules":[],"_wholesale_customer_tiered_pricing_type":"fixed","_wholesale_customer_tiered_pricing_fixed_rules":[],"_marketer_tiered_pricing_type":"fixed","_marketer_tiered_pricing_fixed_rules":[],"_sales_manager_tiered_pricing_type":"fixed","_sales_manager_tiered_pricing_fixed_rules":[],"_sales_rep_tiered_pricing_type":"fixed","_sales_rep_tiered_pricing_fixed_rules":[],"yoast_head":"<!-- This site is optimized with the Yoast SEO plugin v23.3 - https:\/\/yoast.com\/wordpress\/plugins\/seo\/ -->\n<title>Die Watermelon Ice Bang Rocket 18000 Puffs sorgt f\u00fcr erfrischenden Dampfgenuss mit dem perfekten Mix aus fruchtiger Wassermelone und eisiger K\u00fchle | ElementVape.de<\/title>\n<meta name=\"description\" content=\"Wir bieten Die Watermelon Ice Bang Rocket 18000 Puffs sorgt f\u00fcr erfrischenden Dampfgenuss mit dem perfekten Mix aus fruchtiger Wassermelone und eisiger K\u00fchle , Elementvape.de akzeptieren Gro\u00df-und Einzelhandel Bestellungen.\" \/>\n<meta name=\"robots\" content=\"index, follow, max-snippet:-1, max-image-preview:large, max-video-preview:-1\" \/>\n<link rel=\"canonical\" href=\"https:\/\/www.elementvape.de\/lt\/produkt\/die-watermelon-ice-bang-rocket-18000-puffs-sorgt-fuer-erfrischenden-dampfgenuss-mit-dem-perfekten-mix-aus-fruchtiger-wassermelone-und-eisiger-kuehle\/\" \/>\n<meta property=\"og:locale\" content=\"lt_LT\" \/>\n<meta property=\"og:type\" content=\"article\" \/>\n<meta property=\"og:title\" content=\"Die Watermelon Ice Bang Rocket 18000 Puffs sorgt f\u00fcr erfrischenden Dampfgenuss mit dem perfekten Mix aus fruchtiger Wassermelone und eisiger K\u00fchle | ElementVape.de\" \/>\n<meta property=\"og:description\" content=\"Wir bieten Die Watermelon Ice Bang Rocket 18000 Puffs sorgt f\u00fcr erfrischenden Dampfgenuss mit dem perfekten Mix aus fruchtiger Wassermelone und eisiger K\u00fchle , Elementvape.de akzeptieren Gro\u00df-und Einzelhandel Bestellungen.\" \/>\n<meta property=\"og:url\" content=\"https:\/\/www.elementvape.de\/lt\/produkt\/die-watermelon-ice-bang-rocket-18000-puffs-sorgt-fuer-erfrischenden-dampfgenuss-mit-dem-perfekten-mix-aus-fruchtiger-wassermelone-und-eisiger-kuehle\/\" \/>\n<meta property=\"og:site_name\" content=\"ElementVape.de\" \/>\n<meta property=\"article:modified_time\" content=\"2024-10-11T03:25:03+00:00\" \/>\n<meta property=\"og:image\" content=\"https:\/\/www.elementvape.de\/wp-content\/uploads\/2024\/09\/Watermelon-Ice-5.jpg\" \/>\n\t<meta property=\"og:image:width\" content=\"1280\" \/>\n\t<meta property=\"og:image:height\" content=\"907\" \/>\n\t<meta property=\"og:image:type\" content=\"image\/jpeg\" \/>\n<meta name=\"twitter:card\" content=\"summary_large_image\" \/>\n<meta name=\"twitter:label1\" content=\"Est. reading time\" \/>\n\t<meta name=\"twitter:data1\" content=\"7 minut\u0117s\" \/>\n<script type=\"application\/ld+json\" class=\"yoast-schema-graph\">{\"@context\":\"https:\/\/schema.org\",\"@graph\":[{\"@type\":\"WebPage\",\"@id\":\"https:\/\/www.elementvape.de\/produkt\/die-watermelon-ice-bang-rocket-18000-puffs-sorgt-fuer-erfrischenden-dampfgenuss-mit-dem-perfekten-mix-aus-fruchtiger-wassermelone-und-eisiger-kuehle\/\",\"url\":\"https:\/\/www.elementvape.de\/produkt\/die-watermelon-ice-bang-rocket-18000-puffs-sorgt-fuer-erfrischenden-dampfgenuss-mit-dem-perfekten-mix-aus-fruchtiger-wassermelone-und-eisiger-kuehle\/\",\"name\":\"Die Watermelon Ice Bang Rocket 18000 Puffs sorgt f\u00fcr erfrischenden Dampfgenuss mit dem perfekten Mix aus fruchtiger Wassermelone und eisiger K\u00fchle | ElementVape.de\",\"isPartOf\":{\"@id\":\"https:\/\/www.elementvape.de\/#website\"},\"primaryImageOfPage\":{\"@id\":\"https:\/\/www.elementvape.de\/produkt\/die-watermelon-ice-bang-rocket-18000-puffs-sorgt-fuer-erfrischenden-dampfgenuss-mit-dem-perfekten-mix-aus-fruchtiger-wassermelone-und-eisiger-kuehle\/#primaryimage\"},\"image\":{\"@id\":\"https:\/\/www.elementvape.de\/produkt\/die-watermelon-ice-bang-rocket-18000-puffs-sorgt-fuer-erfrischenden-dampfgenuss-mit-dem-perfekten-mix-aus-fruchtiger-wassermelone-und-eisiger-kuehle\/#primaryimage\"},\"thumbnailUrl\":\"https:\/\/www.elementvape.de\/wp-content\/uploads\/2024\/09\/Watermelon-Ice-5.jpg\",\"datePublished\":\"2024-09-20T02:03:39+00:00\",\"dateModified\":\"2024-10-11T03:25:03+00:00\",\"description\":\"Wir bieten Die Watermelon Ice Bang Rocket 18000 Puffs sorgt f\u00fcr erfrischenden Dampfgenuss mit dem perfekten Mix aus fruchtiger Wassermelone und eisiger K\u00fchle , Elementvape.de akzeptieren Gro\u00df-und Einzelhandel Bestellungen.\",\"breadcrumb\":{\"@id\":\"https:\/\/www.elementvape.de\/produkt\/die-watermelon-ice-bang-rocket-18000-puffs-sorgt-fuer-erfrischenden-dampfgenuss-mit-dem-perfekten-mix-aus-fruchtiger-wassermelone-und-eisiger-kuehle\/#breadcrumb\"},\"inLanguage\":\"lt-LT\",\"potentialAction\":[{\"@type\":\"ReadAction\",\"target\":[\"https:\/\/www.elementvape.de\/produkt\/die-watermelon-ice-bang-rocket-18000-puffs-sorgt-fuer-erfrischenden-dampfgenuss-mit-dem-perfekten-mix-aus-fruchtiger-wassermelone-und-eisiger-kuehle\/\"]}]},{\"@type\":\"ImageObject\",\"inLanguage\":\"lt-LT\",\"@id\":\"https:\/\/www.elementvape.de\/produkt\/die-watermelon-ice-bang-rocket-18000-puffs-sorgt-fuer-erfrischenden-dampfgenuss-mit-dem-perfekten-mix-aus-fruchtiger-wassermelone-und-eisiger-kuehle\/#primaryimage\",\"url\":\"https:\/\/www.elementvape.de\/wp-content\/uploads\/2024\/09\/Watermelon-Ice-5.jpg\",\"contentUrl\":\"https:\/\/www.elementvape.de\/wp-content\/uploads\/2024\/09\/Watermelon-Ice-5.jpg\",\"width\":1280,\"height\":907,\"caption\":\"Watermelon Ice\"},{\"@type\":\"BreadcrumbList\",\"@id\":\"https:\/\/www.elementvape.de\/produkt\/die-watermelon-ice-bang-rocket-18000-puffs-sorgt-fuer-erfrischenden-dampfgenuss-mit-dem-perfekten-mix-aus-fruchtiger-wassermelone-und-eisiger-kuehle\/#breadcrumb\",\"itemListElement\":[{\"@type\":\"ListItem\",\"position\":1,\"name\":\"Home\",\"item\":\"https:\/\/www.elementvape.de\/\"},{\"@type\":\"ListItem\",\"position\":2,\"name\":\"Shop\",\"item\":\"https:\/\/www.elementvape.de\/shop\/\"},{\"@type\":\"ListItem\",\"position\":3,\"name\":\"Die Watermelon Ice Bang Rocket 18000 Puffs sorgt f\u00fcr erfrischenden Dampfgenuss mit dem perfekten Mix aus fruchtiger Wassermelone und eisiger K\u00fchle\"}]},{\"@type\":\"WebSite\",\"@id\":\"https:\/\/www.elementvape.de\/#website\",\"url\":\"https:\/\/www.elementvape.de\/\",\"name\":\"ElementVape.de\",\"description\":\"\",\"publisher\":{\"@id\":\"https:\/\/www.elementvape.de\/#organization\"},\"potentialAction\":[{\"@type\":\"SearchAction\",\"target\":{\"@type\":\"EntryPoint\",\"urlTemplate\":\"https:\/\/www.elementvape.de\/?s={search_term_string}\"},\"query-input\":\"required name=search_term_string\"}],\"inLanguage\":\"lt-LT\"},{\"@type\":\"Organization\",\"@id\":\"https:\/\/www.elementvape.de\/#organization\",\"name\":\"ElementVape.DE\",\"url\":\"https:\/\/www.elementvape.de\/\",\"logo\":{\"@type\":\"ImageObject\",\"inLanguage\":\"lt-LT\",\"@id\":\"https:\/\/www.elementvape.de\/#\/schema\/logo\/image\/\",\"url\":\"https:\/\/www.elementvape.de\/wp-content\/uploads\/2024\/09\/cropped-1elementvape-3.png\",\"contentUrl\":\"https:\/\/www.elementvape.de\/wp-content\/uploads\/2024\/09\/cropped-1elementvape-3.png\",\"width\":285,\"height\":228,\"caption\":\"ElementVape.DE\"},\"image\":{\"@id\":\"https:\/\/www.elementvape.de\/#\/schema\/logo\/image\/\"}}]}<\/script>\n<!-- \/ Yoast SEO plugin. -->","yoast_head_json":{"title":"Die Watermelon Ice Bang Rocket 18000 Puffs sorgt f\u00fcr erfrischenden Dampfgenuss mit dem perfekten Mix aus fruchtiger Wassermelone und eisiger K\u00fchle | ElementVape.de","description":"Wir bieten Die Watermelon Ice Bang Rocket 18000 Puffs sorgt f\u00fcr erfrischenden Dampfgenuss mit dem perfekten Mix aus fruchtiger Wassermelone und eisiger K\u00fchle , Elementvape.de akzeptieren Gro\u00df-und Einzelhandel Bestellungen.","robots":{"index":"index","follow":"follow","max-snippet":"max-snippet:-1","max-image-preview":"max-image-preview:large","max-video-preview":"max-video-preview:-1"},"canonical":"https:\/\/www.elementvape.de\/lt\/produkt\/die-watermelon-ice-bang-rocket-18000-puffs-sorgt-fuer-erfrischenden-dampfgenuss-mit-dem-perfekten-mix-aus-fruchtiger-wassermelone-und-eisiger-kuehle\/","og_locale":"lt_LT","og_type":"article","og_title":"Die Watermelon Ice Bang Rocket 18000 Puffs sorgt f\u00fcr erfrischenden Dampfgenuss mit dem perfekten Mix aus fruchtiger Wassermelone und eisiger K\u00fchle | ElementVape.de","og_description":"Wir bieten Die Watermelon Ice Bang Rocket 18000 Puffs sorgt f\u00fcr erfrischenden Dampfgenuss mit dem perfekten Mix aus fruchtiger Wassermelone und eisiger K\u00fchle , Elementvape.de akzeptieren Gro\u00df-und Einzelhandel Bestellungen.","og_url":"https:\/\/www.elementvape.de\/lt\/produkt\/die-watermelon-ice-bang-rocket-18000-puffs-sorgt-fuer-erfrischenden-dampfgenuss-mit-dem-perfekten-mix-aus-fruchtiger-wassermelone-und-eisiger-kuehle\/","og_site_name":"ElementVape.de","article_modified_time":"2024-10-11T03:25:03+00:00","og_image":[{"width":1280,"height":907,"url":"https:\/\/www.elementvape.de\/wp-content\/uploads\/2024\/09\/Watermelon-Ice-5.jpg","type":"image\/jpeg"}],"twitter_card":"summary_large_image","twitter_misc":{"Est. reading time":"7 minut\u0117s"},"schema":{"@context":"https:\/\/schema.org","@graph":[{"@type":"WebPage","@id":"https:\/\/www.elementvape.de\/produkt\/die-watermelon-ice-bang-rocket-18000-puffs-sorgt-fuer-erfrischenden-dampfgenuss-mit-dem-perfekten-mix-aus-fruchtiger-wassermelone-und-eisiger-kuehle\/","url":"https:\/\/www.elementvape.de\/produkt\/die-watermelon-ice-bang-rocket-18000-puffs-sorgt-fuer-erfrischenden-dampfgenuss-mit-dem-perfekten-mix-aus-fruchtiger-wassermelone-und-eisiger-kuehle\/","name":"Die Watermelon Ice Bang Rocket 18000 Puffs sorgt f\u00fcr erfrischenden Dampfgenuss mit dem perfekten Mix aus fruchtiger Wassermelone und eisiger K\u00fchle | ElementVape.de","isPartOf":{"@id":"https:\/\/www.elementvape.de\/#website"},"primaryImageOfPage":{"@id":"https:\/\/www.elementvape.de\/produkt\/die-watermelon-ice-bang-rocket-18000-puffs-sorgt-fuer-erfrischenden-dampfgenuss-mit-dem-perfekten-mix-aus-fruchtiger-wassermelone-und-eisiger-kuehle\/#primaryimage"},"image":{"@id":"https:\/\/www.elementvape.de\/produkt\/die-watermelon-ice-bang-rocket-18000-puffs-sorgt-fuer-erfrischenden-dampfgenuss-mit-dem-perfekten-mix-aus-fruchtiger-wassermelone-und-eisiger-kuehle\/#primaryimage"},"thumbnailUrl":"https:\/\/www.elementvape.de\/wp-content\/uploads\/2024\/09\/Watermelon-Ice-5.jpg","datePublished":"2024-09-20T02:03:39+00:00","dateModified":"2024-10-11T03:25:03+00:00","description":"Wir bieten Die Watermelon Ice Bang Rocket 18000 Puffs sorgt f\u00fcr erfrischenden Dampfgenuss mit dem perfekten Mix aus fruchtiger Wassermelone und eisiger K\u00fchle , Elementvape.de akzeptieren Gro\u00df-und Einzelhandel Bestellungen.","breadcrumb":{"@id":"https:\/\/www.elementvape.de\/produkt\/die-watermelon-ice-bang-rocket-18000-puffs-sorgt-fuer-erfrischenden-dampfgenuss-mit-dem-perfekten-mix-aus-fruchtiger-wassermelone-und-eisiger-kuehle\/#breadcrumb"},"inLanguage":"lt-LT","potentialAction":[{"@type":"ReadAction","target":["https:\/\/www.elementvape.de\/produkt\/die-watermelon-ice-bang-rocket-18000-puffs-sorgt-fuer-erfrischenden-dampfgenuss-mit-dem-perfekten-mix-aus-fruchtiger-wassermelone-und-eisiger-kuehle\/"]}]},{"@type":"ImageObject","inLanguage":"lt-LT","@id":"https:\/\/www.elementvape.de\/produkt\/die-watermelon-ice-bang-rocket-18000-puffs-sorgt-fuer-erfrischenden-dampfgenuss-mit-dem-perfekten-mix-aus-fruchtiger-wassermelone-und-eisiger-kuehle\/#primaryimage","url":"https:\/\/www.elementvape.de\/wp-content\/uploads\/2024\/09\/Watermelon-Ice-5.jpg","contentUrl":"https:\/\/www.elementvape.de\/wp-content\/uploads\/2024\/09\/Watermelon-Ice-5.jpg","width":1280,"height":907,"caption":"Watermelon Ice"},{"@type":"BreadcrumbList","@id":"https:\/\/www.elementvape.de\/produkt\/die-watermelon-ice-bang-rocket-18000-puffs-sorgt-fuer-erfrischenden-dampfgenuss-mit-dem-perfekten-mix-aus-fruchtiger-wassermelone-und-eisiger-kuehle\/#breadcrumb","itemListElement":[{"@type":"ListItem","position":1,"name":"Home","item":"https:\/\/www.elementvape.de\/"},{"@type":"ListItem","position":2,"name":"Shop","item":"https:\/\/www.elementvape.de\/shop\/"},{"@type":"ListItem","position":3,"name":"Die Watermelon Ice Bang Rocket 18000 Puffs sorgt f\u00fcr erfrischenden Dampfgenuss mit dem perfekten Mix aus fruchtiger Wassermelone und eisiger K\u00fchle"}]},{"@type":"WebSite","@id":"https:\/\/www.elementvape.de\/#website","url":"https:\/\/www.elementvape.de\/","name":"ElementVape.de","description":"","publisher":{"@id":"https:\/\/www.elementvape.de\/#organization"},"potentialAction":[{"@type":"SearchAction","target":{"@type":"EntryPoint","urlTemplate":"https:\/\/www.elementvape.de\/?s={search_term_string}"},"query-input":"required name=search_term_string"}],"inLanguage":"lt-LT"},{"@type":"Organization","@id":"https:\/\/www.elementvape.de\/#organization","name":"ElementVape.DE","url":"https:\/\/www.elementvape.de\/","logo":{"@type":"ImageObject","inLanguage":"lt-LT","@id":"https:\/\/www.elementvape.de\/#\/schema\/logo\/image\/","url":"https:\/\/www.elementvape.de\/wp-content\/uploads\/2024\/09\/cropped-1elementvape-3.png","contentUrl":"https:\/\/www.elementvape.de\/wp-content\/uploads\/2024\/09\/cropped-1elementvape-3.png","width":285,"height":228,"caption":"ElementVape.DE"},"image":{"@id":"https:\/\/www.elementvape.de\/#\/schema\/logo\/image\/"}}]}},"_links":{"self":[{"href":"https:\/\/www.elementvape.de\/lt\/wp-json\/wp\/v2\/product\/14435"}],"collection":[{"href":"https:\/\/www.elementvape.de\/lt\/wp-json\/wp\/v2\/product"}],"about":[{"href":"https:\/\/www.elementvape.de\/lt\/wp-json\/wp\/v2\/types\/product"}],"wp:featuredmedia":[{"embeddable":true,"href":"https:\/\/www.elementvape.de\/lt\/wp-json\/wp\/v2\/media\/14433"}],"wp:attachment":[{"href":"https:\/\/www.elementvape.de\/lt\/wp-json\/wp\/v2\/media?parent=14435"}],"wp:term":[{"taxonomy":"product_cat","embeddable":true,"href":"https:\/\/www.elementvape.de\/lt\/wp-json\/wp\/v2\/product_cat?post=14435"},{"taxonomy":"product_tag","embeddable":true,"href":"https:\/\/www.elementvape.de\/lt\/wp-json\/wp\/v2\/product_tag?post=14435"}],"curies":[{"name":"wp","href":"https:\/\/api.w.org\/{rel}","templated":true}]}}