{"id":14382,"date":"2024-09-18T06:48:45","date_gmt":"2024-09-18T06:48:45","guid":{"rendered":"https:\/\/www.elementvape.de\/?post_type=product&#038;p=14382"},"modified":"2024-10-11T03:46:46","modified_gmt":"2024-10-11T03:46:46","slug":"die-bang-20000puff-einweg-e-zigarette-mit-blueberry-ice-bietet-ihnen-maximalen-dampfgenuss-und-eisig-fruchtigen-geschmack-perfekt-fuer-unterwegs","status":"publish","type":"product","link":"https:\/\/www.elementvape.de\/lt\/produkt\/die-bang-20000puff-einweg-e-zigarette-mit-blueberry-ice-bietet-ihnen-maximalen-dampfgenuss-und-eisig-fruchtigen-geschmack-perfekt-fuer-unterwegs\/","title":{"rendered":"Bang 20000Puff Vienkartin\u0117 Elektronin\u0117 Cigaret\u0117 su BLUEBERRY ICE suteikia maksimal\u0173 garo malonum\u0105 ir ledin\u012f vaisi\u0173 skon\u012f, puikiai tinkant\u012f keliaujant"},"content":{"rendered":"<p>Nor\u0117dami sukurti 2000 \u017eod\u017ei\u0173 straipsn\u012f, galime i\u0161samiau panagrin\u0117ti tem\u0105, paai\u0161kindami \u012fvairius vienkartin\u0117s elektronin\u0117s cigaret\u0117s \u201eBang 20000Puff Dual Mesh\u201c aspektus. Tai apima, pavyzd\u017eiui, i\u0161sam\u0173 dizaino, technologijos, garinimo patirties, vienkartini\u0173 elektronini\u0173 cigare\u010di\u0173 privalum\u0173 apra\u0161ym\u0105, taip pat i\u0161samesn\u012f funkcij\u0173, susijusi\u0173 su konkre\u010diu naudojimu ir tiksline grupe, paai\u0161kinim\u0105. Dabar straipsn\u012f suskirstysiu \u012f skyrius ir palaipsniui i\u0161pl\u0117tosiu detales.<\/p>\n<h2><strong>Bang 20000Puff Dual Mesh BLUEBERRY ICE: maksimalus na\u0161umas u\u017etikrinant auk\u0161\u010diausi\u0105 garinimo malonum\u0105<\/strong><\/h2>\n<p>Vienkartin\u0117 elektronin\u0117 cigaret\u0117 \u201eBang 20000Puff\u201c su BLUEBERRY ICE skoniu si\u016blo puiki\u0105 funkcionalumo ir malonumo simbioz\u0119. \u012esp\u016bdinga talpa iki 20 000 \u012ftraukim\u0173 ir galinga dvigubo tinklelio kaitinimo element\u0173 sistema u\u017etikrina auk\u0161\u010diausio lygio skon\u012f ir technines savybes. \u0160iame straipsnyje i\u0161samiai aptarsime \u0161io novatori\u0161ko produkto savybes, technologij\u0105 ir vartotojo patirt\u012f.<\/p>\n<h3>Kuo \u201eBang 20000Puff\u201c yra unikalus?<\/h3>\n<p>Elektronini\u0173 cigare\u010di\u0173 pramon\u0117 pastaraisiais metais spar\u010diai vyst\u0117si, o vienkartiniai \u012frenginiai, tokie kaip \u201eBang 20000Puff\u201c, yra \u0161ios inovacijos prie\u0161akyje. Vienkartin\u0117s elektronin\u0117s cigaret\u0117s si\u016blo prakti\u0161k\u0105, patog\u0173 sprendim\u0105 visiems, norintiems garinti, nesivarginant d\u0117l sud\u0117ting\u0173 nustatym\u0173 ir pried\u0173. \u201eBang 20000Puff\u201c i\u0161siskiria \u0161iame rinkos segmente, nes sujungia i\u0161skirtin\u012f na\u0161um\u0105, ilg\u0105 naudojim\u0105 ir puik\u0173 skon\u012f viename kompakti\u0161kame \u012frenginyje.<\/p>\n<p>Su \u012ftraukim\u0173 limitu iki 20 000, \u201eBang 20000Puff\u201c gerokai vir\u0161ija vidutines vienkartines elektronines cigaretes ir u\u017etikrina, kad vartotojai ilg\u0105 laik\u0105 gal\u0117s m\u0117gautis vienu \u012frenginiu, kol j\u012f reik\u0117s pakeisti. Tai ne tik taupo pinigus, bet ir suma\u017eina pastov\u0173 \u012frengini\u0173 pirkimo varg\u0105.<\/p>\n<h3>Dizainas ir ergonomika<\/h3>\n<p>Svarbus kiekvienos elektronin\u0117s cigaret\u0117s aspektas yra dizainas, o \u201eBang 20000Puff\u201c \u0161iuo at\u017evilgiu nenuvilia. Kompakti\u0161kas dydis \u2013 28 x 56 x 130 mm ir svoris tik 90 g \u2013 \u0161is \u012frenginys yra pakankamai lengvas, kad patogiai tilpt\u0173 rankoje, ir pakankamai kompakti\u0161kas, kad lengvai tilpt\u0173 \u012f ki\u0161en\u0119 ar krep\u0161\u012f.<\/p>\n<p>Minimalistinis ir eleganti\u0161kas \u012frenginio dizainas patrauklus pla\u010diai auditorijai. D\u0117l lygaus pavir\u0161iaus ir suapvalint\u0173 kra\u0161t\u0173 j\u012f patogu laikyti rankoje ir lengva naudoti net vartotojams, turintiems ma\u017eai patirties su<strong><a href=\"https:\/\/www.elementvape.de\/lt\/\" target=\"_blank\" rel=\"noopener\"> elektronini\u0173 cigare\u010di\u0173<\/a><\/strong> \u012frenginiais. \u012erengin\u012f lengva \u012fjungti ir nereikia sud\u0117ting\u0173 nustatym\u0173, tod\u0117l jis ypa\u010d patrauklus pradedantiesiems.<\/p>\n<p>Kitas prakti\u0161kas dizaino bruo\u017eas yra LED ekranas. \u0160is ekranas informuoja vartotoj\u0105 apie akumuliatoriaus \u012fkrovos lyg\u012f ir pateikia vaizdin\u012f gr\u012f\u017etam\u0105j\u012f ry\u0161\u012f naudojimo metu, tod\u0117l lengva steb\u0117ti \u012frenginio \u012fkrovos b\u016bsen\u0105. Tai suma\u017eina rizik\u0105, kad \u012frenginys staiga i\u0161sikraus, kai jo labiausiai reikia.<\/p>\n<h3>Tinklelio kaitinimo elementas: technologija intensyviam skoniui<\/h3>\n<p>Viena i\u0161 i\u0161skirtini\u0173 technini\u0173 \u201eBang 20000Puff\u201c savybi\u0173 yra dvigubo tinklelio kaitinimo elemento technologija. Kaitinimo elemento var\u017ea yra 1,1 omo, o tai kartu su tinklelio dizainu suteikia didesn\u012f pavir\u0161i\u0173 ir taip tolygiai \u0161ildo garus. Tai lemia geresn\u012f skonio vystym\u0105si ir tankius garus, kurie patraukl\u016bs tiek naujiems vartotojams, tiek patyrusiems garintojams.<\/p>\n<p>Tinklelio kaitinimo elementai tampa vis populiaresni, nes jie leid\u017eia tolygiau \u0161ildyti skyst\u012f, palyginti su tradiciniais kaitinimo elementais. Rezultatas yra ne tik intensyvesnis skonis, bet ir ilgesnis kaitinimo elemento tarnavimo laikas, nes jis yra ma\u017eiau jautrus kar\u0161tiems ta\u0161kams ir netolygiam nusid\u0117v\u0117jimui. \u201eBang 20000Puff\u201c dvigubo tinklelio technologija u\u017etikrina optimal\u0173 gar\u0173 gamyb\u0105 ir pastov\u0173 skon\u012f, kuris i\u0161lieka vienodai intensyvus nuo pirmo iki paskutinio \u012ftraukimo.<\/p>\n<h3>E-skys\u010dio talpa ir nikotino stiprumas<\/h3>\n<p>Su 28 ml e-skys\u010dio talpa \u201eBang 20000Puff\u201c nustato naujus standartus <strong><a href=\"https:\/\/www.elementvape.de\/lt\/c\/einweg-zigarette\/\" target=\"_blank\" rel=\"noopener\">Vienkartin\u0117s elektronin\u0117s cigaret\u0117s<\/a><\/strong>srityje. \u0160is didelis u\u017epildymo kiekis u\u017etikrina, kad \u012frenginyje per vis\u0105 jo tarnavimo laik\u0105 bus pakankamai skys\u010dio, kad b\u016bt\u0173 galima atlikti visus 20 000 \u012ftraukim\u0173 be papildymo. \u0160i talpa ypa\u010d naudinga garintojams, kurie da\u017enai naudoja savo \u012frenginius ir nenori nuolat pirkti nauj\u0173 elektronini\u0173 cigare\u010di\u0173.<\/p>\n<p>\u201eBang 20000Puff\u201c yra dviej\u0173 stiprum\u0173 nikotino: 2 % ir 5 %. \u0160is pasirinkimas leid\u017eia vartotojams pasirinkti savo pageidavimus, atsi\u017evelgiant \u012f tai, ar jie nori stipresnio, ar \u0161velnesnio nikotino sm\u016bgio. 2 % variantas puikiai tinka atsitiktiniams garintojams arba tiems, kurie nori suma\u017einti nikotino vartojim\u0105, o 5 % variantas suteikia stipr\u0173 sm\u016bg\u012f patyrusiems vartotojams.<\/p>\n<p>Nikotino druskos, naudojamos \u0161iame \u012frenginyje, yra \u017einomos d\u0117l to, kad sujungia \u0161veln\u0173 \u012ftraukim\u0105 su greitu nikotino sm\u016bgiu. Nikotino druskos tampa vis populiaresn\u0117s, nes jos yra ma\u017eiau a\u0161trios nei laisvos baz\u0117s ir suteikia labiau patenkinam\u0105 patirt\u012f tiems, kurie neseniai per\u0117jo nuo r\u016bkymo prie garinimo.<\/p>\n<h3>Akumuliatorius ir \u012fkrovimo funkcija<\/h3>\n<p>Viena i\u0161 lemiam\u0173 \u201eBang 20000Puff\u201c savybi\u0173 yra \u012fkraunamas 650 mAh akumuliatorius. Nors daugelis vienkartini\u0173 elektronini\u0173 cigare\u010di\u0173 si\u016blo tik ribot\u0105 akumuliatoriaus veikimo laik\u0105 ir jas reikia i\u0161mesti po i\u0161sikrovimo, \u201eBang 20000Puff\u201c orientuojasi \u012f \u012fkraunamum\u0105. Tai u\u017etikrina, kad vartotojai gal\u0117s i\u0161naudoti visus 20 000 \u012ftraukim\u0173, nei\u0161mesdami \u012frenginio anks\u010diau laiko, o tai yra ekonomi\u0161kiau ir ekologi\u0161kiau.<\/p>\n<p>Typ-C \u012fkrovimo jungtis leid\u017eia greitai ir efektyviai \u012fkrauti \u012frengin\u012f. Typ-C vis da\u017eniau tampa standartiniu daugeliui mobili\u0173j\u0173 \u012frengini\u0173 ir si\u016blo prana\u0161um\u0105, kad \u012fkrovimas \u017eymiai pagreit\u0117ja lyginant su senesniais jungtimis. Vartotojai gali \u012fkrauti \u012frengin\u012f per nakt\u012f arba darbo metu ir v\u0117l naudoti j\u012f akimirksniu.<\/p>\n<p>Pakartotin\u0117s \u012fkrovimo galimyb\u0117s tema vienkartiniuose \u012frenginiuose yra svarbus \u017eingsnis link tvaresnio E-cigaret\u0117s naudojimo. Tai suma\u017eina atliek\u0173 kiek\u012f, kuris susidaro da\u017enai i\u0161metant \u012frenginius, ir tuo pa\u010diu yra patogi sprendimas vartotojams, kurie nori naudoti savo E-cigaret\u0119 ilg\u0105 laik\u0105.<\/p>\n<h3>Skonio profilis: BLUEBERRY ICE<\/h3>\n<p>Kitas Bang 20000Puff akcentas yra skonio profilis BLUEBERRY ICE. \u0160is skonis jungia nat\u016bral\u0173 saldum\u0105 ir r\u016bg\u0161tum\u0105 i\u0161 sulting\u0173 m\u0117lyni\u0173 su gaivinan\u010dia, ledine nata. Rezultatas yra v\u0117sinantis, vaisinis malonumas, kuris puikiai tinka kar\u0161tomis dienomis arba norint m\u0117gautis gaiviu \u012fkv\u0117pimu.<\/p>\n<p>Vaisi\u0173 ir gaivumo derinys tapo vienu i\u0161 populiariausi\u0173 skonio profil\u0173 E-cigaret\u0117s rinkoje. BLUEBERRY ICE yra puikus pasirinkimas tiems, kurie ie\u0161ko ai\u0161kaus, saldaus skonio, kuris n\u0117ra per daug intensyvus, bet vis tiek prideda gaivumo komponent\u0105. \u201cIce\u201d efektas u\u017etikrina \u0161velni\u0105, bet pastebim\u0105 v\u0117s\u0105 i\u0161kv\u0117pimo metu, papildydamas d\u016bmavimo patirt\u012f ir palikdamas ilgalaik\u012f, malon\u0173 poskon\u012f.<\/p>\n<h3>Tikslo grup\u0117 ir naudojimo scenarijai<\/h3>\n<p>Bang 20000Puff yra skirta pla\u010diai vartotoj\u0173 grupei, nuo pradedan\u010di\u0173j\u0173 iki patyrusi\u0173 naudotoj\u0173. D\u0117l paprastos naudotojo s\u0105sajos ir draugi\u0161ko dizaino ji yra ypa\u010d patraukli tiems, kurie k\u0105 tik prad\u0117jo d\u016bminti arba ie\u0161ko paprasto sprendimo. Vienkartin\u0117s E-cigaret\u0117s, tokios kaip Bang 20000Puff, taip pat yra puikus pasirinkimas atsitiktiniams d\u016bmotojams, kurie nesiekia brangi\u0173 \u012frengini\u0173 ar pried\u0173 pirkimo.<\/p>\n<p>Be to, \u012frenginys yra puikiai tinkamas kelion\u0117ms. Nesvarbu, ar keliaujate, ar i\u0161vykstate, ar tiesiog kasdien\u0117je veikloje \u2013 Bang 20000Puff yra kompakti\u0161kas, lengvas ir si\u016blo ilg\u0105 naudojimo laik\u0105 be poreikio r\u016bpintis papildymu ar sud\u0117tinga prie\u017ei\u016bra. \u012ekraunamas akumuliatorius ir didel\u0117 E-liquido talpa daro j\u012f patogiu pasirinkimu visiems, kurie ie\u0161ko patikimos E-cigaret\u0117s, kuri visada yra pasiruo\u0161usi naudoti.<\/p>\n<p>\u0160is i\u0161samus straipsnis ne tik parodo Bang 20000Puff privalumus, bet ir suteikia gil\u0173 \u012f\u017evalg\u0105 \u012f technologij\u0105 ir malonum\u0105, kurie daro \u0161\u012f produkt\u0105 ypatingu.<\/p>","protected":false},"excerpt":{"rendered":"<p>Um einen 2000-W\u00f6rter-Artikel zu erstellen, k\u00f6nnen wir das Thema detaillierter betrachten, indem wir verschiedene Aspekte der Bang 20000Puff Dual Mesh Einweg-E-Zigarette erl\u00e4utern. Dazu geh\u00f6ren zum Beispiel eine umfassende Beschreibung des Designs, der Technik, der Dampferfahrung, der Vorteile von Einweg-E-Zigaretten sowie eine tiefergehende Erkl\u00e4rung der Funktionen, die den spezifischen Gebrauch und die Zielgruppe betreffen. Ich werde [&hellip;]<\/p>","protected":false},"featured_media":14383,"template":"","meta":{"inline_featured_image":false},"product_cat":[15,762,78,750,737,736,749,752,756],"product_tag":[710,725],"tiered_pricing_type":"fixed","tiered_pricing_fixed_rules":{"60":"8.03","110":"7.14","200":"6.24"},"tiered_pricing_percentage_rules":[],"tiered_pricing_minimum":1,"_administrator_tiered_pricing_type":"fixed","_administrator_tiered_pricing_fixed_rules":[],"_editor_tiered_pricing_type":"fixed","_editor_tiered_pricing_fixed_rules":[],"_author_tiered_pricing_type":"fixed","_author_tiered_pricing_fixed_rules":[],"_contributor_tiered_pricing_type":"fixed","_contributor_tiered_pricing_fixed_rules":[],"_subscriber_tiered_pricing_type":"fixed","_subscriber_tiered_pricing_fixed_rules":[],"_customer_tiered_pricing_type":"fixed","_customer_tiered_pricing_fixed_rules":[],"_shop_manager_tiered_pricing_type":"fixed","_shop_manager_tiered_pricing_fixed_rules":[],"_wpseo_manager_tiered_pricing_type":"fixed","_wpseo_manager_tiered_pricing_fixed_rules":[],"_wpseo_editor_tiered_pricing_type":"fixed","_wpseo_editor_tiered_pricing_fixed_rules":[],"_wholesale_customer_tiered_pricing_type":"fixed","_wholesale_customer_tiered_pricing_fixed_rules":[],"_marketer_tiered_pricing_type":"fixed","_marketer_tiered_pricing_fixed_rules":[],"_sales_manager_tiered_pricing_type":"fixed","_sales_manager_tiered_pricing_fixed_rules":[],"_sales_rep_tiered_pricing_type":"fixed","_sales_rep_tiered_pricing_fixed_rules":[],"yoast_head":"<!-- This site is optimized with the Yoast SEO plugin v23.3 - https:\/\/yoast.com\/wordpress\/plugins\/seo\/ -->\n<title>Die Bang 20000Puff Einweg-E-Zigarette mit BLUEBERRY ICE bietet Ihnen maximalen Dampfgenuss und eisig fruchtigen Geschmack perfekt f\u00fcr unterwegs | ElementVape.de<\/title>\n<meta name=\"description\" content=\"Wir bieten Die Bang 20000Puff Einweg-E-Zigarette mit BLUEBERRY ICE bietet Ihnen maximalen Dampfgenuss und eisig fruchtigen Geschmack perfekt f\u00fcr unterwegs , Elementvape.de akzeptieren Gro\u00df-und Einzelhandel Bestellungen.\" \/>\n<meta name=\"robots\" content=\"index, follow, max-snippet:-1, max-image-preview:large, max-video-preview:-1\" \/>\n<link rel=\"canonical\" href=\"https:\/\/www.elementvape.de\/lt\/produkt\/die-bang-20000puff-einweg-e-zigarette-mit-blueberry-ice-bietet-ihnen-maximalen-dampfgenuss-und-eisig-fruchtigen-geschmack-perfekt-fuer-unterwegs\/\" \/>\n<meta property=\"og:locale\" content=\"lt_LT\" \/>\n<meta property=\"og:type\" content=\"article\" \/>\n<meta property=\"og:title\" content=\"Die Bang 20000Puff Einweg-E-Zigarette mit BLUEBERRY ICE bietet Ihnen maximalen Dampfgenuss und eisig fruchtigen Geschmack perfekt f\u00fcr unterwegs | ElementVape.de\" \/>\n<meta property=\"og:description\" content=\"Wir bieten Die Bang 20000Puff Einweg-E-Zigarette mit BLUEBERRY ICE bietet Ihnen maximalen Dampfgenuss und eisig fruchtigen Geschmack perfekt f\u00fcr unterwegs , Elementvape.de akzeptieren Gro\u00df-und Einzelhandel Bestellungen.\" \/>\n<meta property=\"og:url\" content=\"https:\/\/www.elementvape.de\/lt\/produkt\/die-bang-20000puff-einweg-e-zigarette-mit-blueberry-ice-bietet-ihnen-maximalen-dampfgenuss-und-eisig-fruchtigen-geschmack-perfekt-fuer-unterwegs\/\" \/>\n<meta property=\"og:site_name\" content=\"ElementVape.de\" \/>\n<meta property=\"article:modified_time\" content=\"2024-10-11T03:46:46+00:00\" \/>\n<meta property=\"og:image\" content=\"https:\/\/www.elementvape.de\/wp-content\/uploads\/2024\/09\/BLUEBERRY-ICE-2.jpg\" \/>\n\t<meta property=\"og:image:width\" content=\"1655\" \/>\n\t<meta property=\"og:image:height\" content=\"1025\" \/>\n\t<meta property=\"og:image:type\" content=\"image\/jpeg\" \/>\n<meta name=\"twitter:card\" content=\"summary_large_image\" \/>\n<meta name=\"twitter:label1\" content=\"Est. reading time\" \/>\n\t<meta name=\"twitter:data1\" content=\"7 minut\u0117s\" \/>\n<script type=\"application\/ld+json\" class=\"yoast-schema-graph\">{\"@context\":\"https:\/\/schema.org\",\"@graph\":[{\"@type\":\"WebPage\",\"@id\":\"https:\/\/www.elementvape.de\/pt\/produkt\/die-bang-20000puff-einweg-e-zigarette-mit-blueberry-ice-bietet-ihnen-maximalen-dampfgenuss-und-eisig-fruchtigen-geschmack-perfekt-fuer-unterwegs\/\",\"url\":\"https:\/\/www.elementvape.de\/pt\/produkt\/die-bang-20000puff-einweg-e-zigarette-mit-blueberry-ice-bietet-ihnen-maximalen-dampfgenuss-und-eisig-fruchtigen-geschmack-perfekt-fuer-unterwegs\/\",\"name\":\"Die Bang 20000Puff Einweg-E-Zigarette mit BLUEBERRY ICE bietet Ihnen maximalen Dampfgenuss und eisig fruchtigen Geschmack perfekt f\u00fcr unterwegs | ElementVape.de\",\"isPartOf\":{\"@id\":\"https:\/\/www.elementvape.de\/#website\"},\"primaryImageOfPage\":{\"@id\":\"https:\/\/www.elementvape.de\/pt\/produkt\/die-bang-20000puff-einweg-e-zigarette-mit-blueberry-ice-bietet-ihnen-maximalen-dampfgenuss-und-eisig-fruchtigen-geschmack-perfekt-fuer-unterwegs\/#primaryimage\"},\"image\":{\"@id\":\"https:\/\/www.elementvape.de\/pt\/produkt\/die-bang-20000puff-einweg-e-zigarette-mit-blueberry-ice-bietet-ihnen-maximalen-dampfgenuss-und-eisig-fruchtigen-geschmack-perfekt-fuer-unterwegs\/#primaryimage\"},\"thumbnailUrl\":\"https:\/\/www.elementvape.de\/wp-content\/uploads\/2024\/09\/BLUEBERRY-ICE-2.jpg\",\"datePublished\":\"2024-09-18T06:48:45+00:00\",\"dateModified\":\"2024-10-11T03:46:46+00:00\",\"description\":\"Wir bieten Die Bang 20000Puff Einweg-E-Zigarette mit BLUEBERRY ICE bietet Ihnen maximalen Dampfgenuss und eisig fruchtigen Geschmack perfekt f\u00fcr unterwegs , Elementvape.de akzeptieren Gro\u00df-und Einzelhandel Bestellungen.\",\"breadcrumb\":{\"@id\":\"https:\/\/www.elementvape.de\/pt\/produkt\/die-bang-20000puff-einweg-e-zigarette-mit-blueberry-ice-bietet-ihnen-maximalen-dampfgenuss-und-eisig-fruchtigen-geschmack-perfekt-fuer-unterwegs\/#breadcrumb\"},\"inLanguage\":\"lt-LT\",\"potentialAction\":[{\"@type\":\"ReadAction\",\"target\":[\"https:\/\/www.elementvape.de\/pt\/produkt\/die-bang-20000puff-einweg-e-zigarette-mit-blueberry-ice-bietet-ihnen-maximalen-dampfgenuss-und-eisig-fruchtigen-geschmack-perfekt-fuer-unterwegs\/\"]}]},{\"@type\":\"ImageObject\",\"inLanguage\":\"lt-LT\",\"@id\":\"https:\/\/www.elementvape.de\/pt\/produkt\/die-bang-20000puff-einweg-e-zigarette-mit-blueberry-ice-bietet-ihnen-maximalen-dampfgenuss-und-eisig-fruchtigen-geschmack-perfekt-fuer-unterwegs\/#primaryimage\",\"url\":\"https:\/\/www.elementvape.de\/wp-content\/uploads\/2024\/09\/BLUEBERRY-ICE-2.jpg\",\"contentUrl\":\"https:\/\/www.elementvape.de\/wp-content\/uploads\/2024\/09\/BLUEBERRY-ICE-2.jpg\",\"width\":1655,\"height\":1025,\"caption\":\"BLUEBERRY ICE\"},{\"@type\":\"BreadcrumbList\",\"@id\":\"https:\/\/www.elementvape.de\/pt\/produkt\/die-bang-20000puff-einweg-e-zigarette-mit-blueberry-ice-bietet-ihnen-maximalen-dampfgenuss-und-eisig-fruchtigen-geschmack-perfekt-fuer-unterwegs\/#breadcrumb\",\"itemListElement\":[{\"@type\":\"ListItem\",\"position\":1,\"name\":\"Home\",\"item\":\"https:\/\/www.elementvape.de\/\"},{\"@type\":\"ListItem\",\"position\":2,\"name\":\"Shop\",\"item\":\"https:\/\/www.elementvape.de\/shop\/\"},{\"@type\":\"ListItem\",\"position\":3,\"name\":\"Die Bang 20000Puff Einweg-E-Zigarette mit BLUEBERRY ICE bietet Ihnen maximalen Dampfgenuss und eisig fruchtigen Geschmack perfekt f\u00fcr unterwegs\"}]},{\"@type\":\"WebSite\",\"@id\":\"https:\/\/www.elementvape.de\/#website\",\"url\":\"https:\/\/www.elementvape.de\/\",\"name\":\"ElementVape.de\",\"description\":\"\",\"publisher\":{\"@id\":\"https:\/\/www.elementvape.de\/#organization\"},\"potentialAction\":[{\"@type\":\"SearchAction\",\"target\":{\"@type\":\"EntryPoint\",\"urlTemplate\":\"https:\/\/www.elementvape.de\/?s={search_term_string}\"},\"query-input\":\"required name=search_term_string\"}],\"inLanguage\":\"lt-LT\"},{\"@type\":\"Organization\",\"@id\":\"https:\/\/www.elementvape.de\/#organization\",\"name\":\"ElementVape.DE\",\"url\":\"https:\/\/www.elementvape.de\/\",\"logo\":{\"@type\":\"ImageObject\",\"inLanguage\":\"lt-LT\",\"@id\":\"https:\/\/www.elementvape.de\/#\/schema\/logo\/image\/\",\"url\":\"https:\/\/www.elementvape.de\/wp-content\/uploads\/2024\/09\/cropped-1elementvape-3.png\",\"contentUrl\":\"https:\/\/www.elementvape.de\/wp-content\/uploads\/2024\/09\/cropped-1elementvape-3.png\",\"width\":285,\"height\":228,\"caption\":\"ElementVape.DE\"},\"image\":{\"@id\":\"https:\/\/www.elementvape.de\/#\/schema\/logo\/image\/\"}}]}<\/script>\n<!-- \/ Yoast SEO plugin. -->","yoast_head_json":{"title":"Die Bang 20000Puff Einweg-E-Zigarette mit BLUEBERRY ICE bietet Ihnen maximalen Dampfgenuss und eisig fruchtigen Geschmack perfekt f\u00fcr unterwegs | ElementVape.de","description":"Wir bieten Die Bang 20000Puff Einweg-E-Zigarette mit BLUEBERRY ICE bietet Ihnen maximalen Dampfgenuss und eisig fruchtigen Geschmack perfekt f\u00fcr unterwegs , Elementvape.de akzeptieren Gro\u00df-und Einzelhandel Bestellungen.","robots":{"index":"index","follow":"follow","max-snippet":"max-snippet:-1","max-image-preview":"max-image-preview:large","max-video-preview":"max-video-preview:-1"},"canonical":"https:\/\/www.elementvape.de\/lt\/produkt\/die-bang-20000puff-einweg-e-zigarette-mit-blueberry-ice-bietet-ihnen-maximalen-dampfgenuss-und-eisig-fruchtigen-geschmack-perfekt-fuer-unterwegs\/","og_locale":"lt_LT","og_type":"article","og_title":"Die Bang 20000Puff Einweg-E-Zigarette mit BLUEBERRY ICE bietet Ihnen maximalen Dampfgenuss und eisig fruchtigen Geschmack perfekt f\u00fcr unterwegs | ElementVape.de","og_description":"Wir bieten Die Bang 20000Puff Einweg-E-Zigarette mit BLUEBERRY ICE bietet Ihnen maximalen Dampfgenuss und eisig fruchtigen Geschmack perfekt f\u00fcr unterwegs , Elementvape.de akzeptieren Gro\u00df-und Einzelhandel Bestellungen.","og_url":"https:\/\/www.elementvape.de\/lt\/produkt\/die-bang-20000puff-einweg-e-zigarette-mit-blueberry-ice-bietet-ihnen-maximalen-dampfgenuss-und-eisig-fruchtigen-geschmack-perfekt-fuer-unterwegs\/","og_site_name":"ElementVape.de","article_modified_time":"2024-10-11T03:46:46+00:00","og_image":[{"width":1655,"height":1025,"url":"https:\/\/www.elementvape.de\/wp-content\/uploads\/2024\/09\/BLUEBERRY-ICE-2.jpg","type":"image\/jpeg"}],"twitter_card":"summary_large_image","twitter_misc":{"Est. reading time":"7 minut\u0117s"},"schema":{"@context":"https:\/\/schema.org","@graph":[{"@type":"WebPage","@id":"https:\/\/www.elementvape.de\/pt\/produkt\/die-bang-20000puff-einweg-e-zigarette-mit-blueberry-ice-bietet-ihnen-maximalen-dampfgenuss-und-eisig-fruchtigen-geschmack-perfekt-fuer-unterwegs\/","url":"https:\/\/www.elementvape.de\/pt\/produkt\/die-bang-20000puff-einweg-e-zigarette-mit-blueberry-ice-bietet-ihnen-maximalen-dampfgenuss-und-eisig-fruchtigen-geschmack-perfekt-fuer-unterwegs\/","name":"Die Bang 20000Puff Einweg-E-Zigarette mit BLUEBERRY ICE bietet Ihnen maximalen Dampfgenuss und eisig fruchtigen Geschmack perfekt f\u00fcr unterwegs | ElementVape.de","isPartOf":{"@id":"https:\/\/www.elementvape.de\/#website"},"primaryImageOfPage":{"@id":"https:\/\/www.elementvape.de\/pt\/produkt\/die-bang-20000puff-einweg-e-zigarette-mit-blueberry-ice-bietet-ihnen-maximalen-dampfgenuss-und-eisig-fruchtigen-geschmack-perfekt-fuer-unterwegs\/#primaryimage"},"image":{"@id":"https:\/\/www.elementvape.de\/pt\/produkt\/die-bang-20000puff-einweg-e-zigarette-mit-blueberry-ice-bietet-ihnen-maximalen-dampfgenuss-und-eisig-fruchtigen-geschmack-perfekt-fuer-unterwegs\/#primaryimage"},"thumbnailUrl":"https:\/\/www.elementvape.de\/wp-content\/uploads\/2024\/09\/BLUEBERRY-ICE-2.jpg","datePublished":"2024-09-18T06:48:45+00:00","dateModified":"2024-10-11T03:46:46+00:00","description":"Wir bieten Die Bang 20000Puff Einweg-E-Zigarette mit BLUEBERRY ICE bietet Ihnen maximalen Dampfgenuss und eisig fruchtigen Geschmack perfekt f\u00fcr unterwegs , Elementvape.de akzeptieren Gro\u00df-und Einzelhandel Bestellungen.","breadcrumb":{"@id":"https:\/\/www.elementvape.de\/pt\/produkt\/die-bang-20000puff-einweg-e-zigarette-mit-blueberry-ice-bietet-ihnen-maximalen-dampfgenuss-und-eisig-fruchtigen-geschmack-perfekt-fuer-unterwegs\/#breadcrumb"},"inLanguage":"lt-LT","potentialAction":[{"@type":"ReadAction","target":["https:\/\/www.elementvape.de\/pt\/produkt\/die-bang-20000puff-einweg-e-zigarette-mit-blueberry-ice-bietet-ihnen-maximalen-dampfgenuss-und-eisig-fruchtigen-geschmack-perfekt-fuer-unterwegs\/"]}]},{"@type":"ImageObject","inLanguage":"lt-LT","@id":"https:\/\/www.elementvape.de\/pt\/produkt\/die-bang-20000puff-einweg-e-zigarette-mit-blueberry-ice-bietet-ihnen-maximalen-dampfgenuss-und-eisig-fruchtigen-geschmack-perfekt-fuer-unterwegs\/#primaryimage","url":"https:\/\/www.elementvape.de\/wp-content\/uploads\/2024\/09\/BLUEBERRY-ICE-2.jpg","contentUrl":"https:\/\/www.elementvape.de\/wp-content\/uploads\/2024\/09\/BLUEBERRY-ICE-2.jpg","width":1655,"height":1025,"caption":"BLUEBERRY ICE"},{"@type":"BreadcrumbList","@id":"https:\/\/www.elementvape.de\/pt\/produkt\/die-bang-20000puff-einweg-e-zigarette-mit-blueberry-ice-bietet-ihnen-maximalen-dampfgenuss-und-eisig-fruchtigen-geschmack-perfekt-fuer-unterwegs\/#breadcrumb","itemListElement":[{"@type":"ListItem","position":1,"name":"Home","item":"https:\/\/www.elementvape.de\/"},{"@type":"ListItem","position":2,"name":"Shop","item":"https:\/\/www.elementvape.de\/shop\/"},{"@type":"ListItem","position":3,"name":"Die Bang 20000Puff Einweg-E-Zigarette mit BLUEBERRY ICE bietet Ihnen maximalen Dampfgenuss und eisig fruchtigen Geschmack perfekt f\u00fcr unterwegs"}]},{"@type":"WebSite","@id":"https:\/\/www.elementvape.de\/#website","url":"https:\/\/www.elementvape.de\/","name":"ElementVape.de","description":"","publisher":{"@id":"https:\/\/www.elementvape.de\/#organization"},"potentialAction":[{"@type":"SearchAction","target":{"@type":"EntryPoint","urlTemplate":"https:\/\/www.elementvape.de\/?s={search_term_string}"},"query-input":"required name=search_term_string"}],"inLanguage":"lt-LT"},{"@type":"Organization","@id":"https:\/\/www.elementvape.de\/#organization","name":"ElementVape.DE","url":"https:\/\/www.elementvape.de\/","logo":{"@type":"ImageObject","inLanguage":"lt-LT","@id":"https:\/\/www.elementvape.de\/#\/schema\/logo\/image\/","url":"https:\/\/www.elementvape.de\/wp-content\/uploads\/2024\/09\/cropped-1elementvape-3.png","contentUrl":"https:\/\/www.elementvape.de\/wp-content\/uploads\/2024\/09\/cropped-1elementvape-3.png","width":285,"height":228,"caption":"ElementVape.DE"},"image":{"@id":"https:\/\/www.elementvape.de\/#\/schema\/logo\/image\/"}}]}},"_links":{"self":[{"href":"https:\/\/www.elementvape.de\/lt\/wp-json\/wp\/v2\/product\/14382"}],"collection":[{"href":"https:\/\/www.elementvape.de\/lt\/wp-json\/wp\/v2\/product"}],"about":[{"href":"https:\/\/www.elementvape.de\/lt\/wp-json\/wp\/v2\/types\/product"}],"wp:featuredmedia":[{"embeddable":true,"href":"https:\/\/www.elementvape.de\/lt\/wp-json\/wp\/v2\/media\/14383"}],"wp:attachment":[{"href":"https:\/\/www.elementvape.de\/lt\/wp-json\/wp\/v2\/media?parent=14382"}],"wp:term":[{"taxonomy":"product_cat","embeddable":true,"href":"https:\/\/www.elementvape.de\/lt\/wp-json\/wp\/v2\/product_cat?post=14382"},{"taxonomy":"product_tag","embeddable":true,"href":"https:\/\/www.elementvape.de\/lt\/wp-json\/wp\/v2\/product_tag?post=14382"}],"curies":[{"name":"wp","href":"https:\/\/api.w.org\/{rel}","templated":true}]}}