{"id":14366,"date":"2024-09-17T07:33:29","date_gmt":"2024-09-17T07:33:29","guid":{"rendered":"https:\/\/www.elementvape.de\/?post_type=product&#038;p=14366"},"modified":"2024-10-09T08:11:58","modified_gmt":"2024-10-09T08:11:58","slug":"bang-36000-puffs-einweg-e-zigarette-der-perfekte-mix-aus-blueberry-raspberry-und-innovativem-mesh-coil-fuer-fruchtig-intensive-36000-zuege","status":"publish","type":"product","link":"https:\/\/www.elementvape.de\/lt\/produkt\/bang-36000-puffs-einweg-e-zigarette-der-perfekte-mix-aus-blueberry-raspberry-und-innovativem-mesh-coil-fuer-fruchtig-intensive-36000-zuege\/","title":{"rendered":"Bang 36000 \u012ftraukim\u0173 vienkartin\u0117 elektronin\u0117 cigaret\u0117. Puikus m\u0117lyni\u0173, avie\u010di\u0173 mi\u0161inys ir novatori\u0161ka tinklelio rit\u0117 vaisi\u0161kai intensyviems 36000 \u012ftraukim\u0173"},"content":{"rendered":"<p>Gaivus m\u0117lyni\u0173 ir avie\u010di\u0173 mi\u0161inys puikiai tinka visiems, ie\u0161kantiems sodraus, gaivinan\u010dio garinimo potyrio:<\/p>\n<ul>\n<li>M\u0117lyn\u0117s: Sald\u017eios, sultingos m\u0117lyn\u0117s suteikia \u0161veln\u0173, \u0161iek tiek sald\u0173 skon\u012f, kuris kiekvienam \u012fkv\u0117pimui suteikia malon\u0173 gilum\u0105.<\/li>\n<li>Aviet\u0117s: Aviet\u0117s prideda r\u016bg\u0161\u010di\u0105 nat\u0105, kuri sustiprina vaisi\u0173 skon\u012f ir suteikia gaivinant\u012f kontrast\u0105 m\u0117lyni\u0173 saldumui.<\/li>\n<\/ul>\n<p>\u0160is harmoningas sald\u017ei\u0173 ir r\u016bg\u0161\u010di\u0173 uog\u0173 derinys paver\u010dia \u201eBang\u201c vienkartin\u0119 elektronin\u0119 cigaret\u0119 su m\u0117lyni\u0173 ir avie\u010di\u0173 aromatu idealiu pasirinkimu garintojams, ie\u0161kantiems intensyvaus, vaisinio ir kartu gaivinan\u010dio skonio.<\/p>\n<p>Su \u012fsp\u016bdinga 36 000 \u012fkv\u0117pim\u0173 talpa, \u201eBang\u201c <strong><a href=\"https:\/\/www.elementvape.de\/lt\/c\/einweg-zigarette\/\" target=\"_blank\" rel=\"noopener\">Vienkartin\u0117 elektronin\u0117 cigaret\u0117<\/a><\/strong> si\u016blo ypa\u010d ilg\u0105 tarnavimo laik\u0105. \u0160is did\u017eiulis \u012fkv\u0117pim\u0173 skai\u010dius daro \u012frengin\u012f ideal\u0173 garintojams, ie\u0161kantiems ilgalaikio ir prie\u017ei\u016bros nereikalaujan\u010dio sprendimo. Nereikia papildyti e-skys\u010dio ir nereikia keisti kaitikli\u0173 \u2013 tiesiog intensyvus garinimas, kiek tik norite.<\/p>\n<h3>\u201eMesh Coil\u201c \u2013 intensyvus skonis ir tank\u016bs gar\u0173 debesys<\/h3>\n<p>\u201eMesh Coil\u201c technologija yra viena did\u017eiausi\u0173 inovacij\u0173 <strong><a href=\"https:\/\/www.elementvape.de\/lt\/\" target=\"_blank\" rel=\"noopener\">elektronini\u0173 cigare\u010di\u0173 <\/a><\/strong>pasaulyje ir u\u017etikrina, kad skonis i\u0161likt\u0173 ai\u0161kus ir intensyvus kiekvien\u0105 kart\u0105 \u012ftraukus. D\u0117l didesnio kaitinimo pavir\u0161iaus \u201eMesh Coil\u201c tolygiau ir grei\u010diau \u012fkaitina e-skyst\u012f, o tai pagerina tiek skon\u012f, tiek gar\u0173 gamyb\u0105. \u201eMesh Coil\u201c privalumai:<\/p>\n<ul>\n<li>Greitas ir tolygus \u012fkaitinimas: Tai leid\u017eia nuolat palaikyti auk\u0161t\u0105 skonio kokyb\u0119 kiekvien\u0105 kart\u0105 \u012ftraukus, tod\u0117l vaisinis m\u0117lyni\u0173 ir avie\u010di\u0173 aromatas visada i\u0161lieka \u0161vie\u017eias ir intensyvus.<\/li>\n<li>Didesnis skonio gylis: D\u0117l tolygaus \u0161ilumos paskirstymo puikiai atsiskleid\u017eia sald\u017eios ir r\u016bg\u0161\u010dios uog\u0173 natos.<\/li>\n<li>Tank\u016bs gar\u0173 debesys: \u201eMesh Coil\u201c taip pat gamina didesnius ir tankesnius gar\u0173 debesis, kurie daro garinimo patirt\u012f dar intensyvesn\u0119.<\/li>\n<\/ul>\n<p>Nors \u201eBang 36.000 Puffs\u201c yra skirtas ilgam tarnavimo laikui, C tipo \u012fkrovimo lizdas u\u017etikrina, kad prireikus \u012frengin\u012f b\u016bt\u0173 galima greitai ir lengvai \u012fkrauti. Taigi jums nereik\u0117s jaudintis, kad garinant i\u0161sikraus akumuliatorius. C tipo jungtis leid\u017eia \u012fkrauti grei\u010diau ir efektyviau, tod\u0117l galite be pertrauk\u0173 i\u0161naudoti vis\u0105 elektronin\u0117s cigaret\u0117s talp\u0105.<\/p>\n<p>\u201eBang 36.000 Puffs\u201c vienkartin\u0117 elektronin\u0117 cigaret\u0117 su m\u0117lyni\u0173 ir avie\u010di\u0173 aromatu si\u016blo neprilygstam\u0105 garinimo patirt\u012f, kuri \u017eavi puikiu sald\u017ei\u0173 ir \u0161iek tiek r\u016bg\u0161\u010di\u0173 uog\u0173 aromat\u0173 balansu. D\u0117l pa\u017eangios \u201eMesh Coil\u201c technologijos skonis i\u0161lieka intensyvus ir ai\u0161kus kiekvien\u0105 kart\u0105 \u012ftraukus, o tank\u016bs gar\u0173 debesys vizualiai pagerina patirt\u012f. Su ilgu tarnavimo laiku <strong><a href=\"https:\/\/www.elementvape.de\/lt\/p-tag\/vaep-36000-zuege\/\" target=\"_blank\" rel=\"noopener\">36000 \u012fkv\u0117pim\u0173<\/a><\/strong> ir prakti\u0161ka C tipo \u012fkrovimo jungtimi, \u0161i elektronin\u0117 cigaret\u0117 yra puikus pasirinkimas garintojams, norintiems sujungti intensyv\u0173 vaisi\u0173 skon\u012f ir maksimal\u0173 komfort\u0105 viename \u012frenginyje.<\/p>","protected":false},"excerpt":{"rendered":"<p>Der fruchtige Mix aus Blaubeeren und Himbeeren ist perfekt f\u00fcr alle, die ein vollmundiges, erfrischendes Dampferlebnis suchen: Blueberry: Die s\u00fc\u00dfen, saftigen Blaubeeren sorgen f\u00fcr eine weiche, leicht s\u00fc\u00dfe Geschmacksbasis, die jedem Zug eine angenehme Tiefe verleiht. Raspberry: Die Himbeeren f\u00fcgen eine s\u00e4uerliche Note hinzu, die den fruchtigen Geschmack intensiviert und einen erfrischenden Kontrast zur S\u00fc\u00dfe [&hellip;]<\/p>","protected":false},"featured_media":14352,"template":"","meta":{"inline_featured_image":false},"product_cat":[15,760,78,750,737,736,749,752,756],"product_tag":[710,761],"tiered_pricing_type":"fixed","tiered_pricing_fixed_rules":{"60":"9.4","110":"8.35","200":"7.31"},"tiered_pricing_percentage_rules":[],"tiered_pricing_minimum":1,"_administrator_tiered_pricing_type":"fixed","_administrator_tiered_pricing_fixed_rules":[],"_editor_tiered_pricing_type":"fixed","_editor_tiered_pricing_fixed_rules":[],"_author_tiered_pricing_type":"fixed","_author_tiered_pricing_fixed_rules":[],"_contributor_tiered_pricing_type":"fixed","_contributor_tiered_pricing_fixed_rules":[],"_subscriber_tiered_pricing_type":"fixed","_subscriber_tiered_pricing_fixed_rules":[],"_customer_tiered_pricing_type":"fixed","_customer_tiered_pricing_fixed_rules":[],"_shop_manager_tiered_pricing_type":"fixed","_shop_manager_tiered_pricing_fixed_rules":[],"_wpseo_manager_tiered_pricing_type":"fixed","_wpseo_manager_tiered_pricing_fixed_rules":[],"_wpseo_editor_tiered_pricing_type":"fixed","_wpseo_editor_tiered_pricing_fixed_rules":[],"_wholesale_customer_tiered_pricing_type":"fixed","_wholesale_customer_tiered_pricing_fixed_rules":[],"_marketer_tiered_pricing_type":"fixed","_marketer_tiered_pricing_fixed_rules":[],"_sales_manager_tiered_pricing_type":"fixed","_sales_manager_tiered_pricing_fixed_rules":[],"_sales_rep_tiered_pricing_type":"fixed","_sales_rep_tiered_pricing_fixed_rules":[],"yoast_head":"<!-- This site is optimized with the Yoast SEO plugin v23.3 - https:\/\/yoast.com\/wordpress\/plugins\/seo\/ -->\n<title>Bang 36000 Puffs Einweg-E-Zigarette Der perfekte Mix aus Blueberry Raspberry und innovativem Mesh Coil f\u00fcr fruchtig intensive 36000 Z\u00fcge | ElementVape.de<\/title>\n<meta name=\"description\" content=\"Wir bieten Bang 36000 Puffs Einweg-E-Zigarette Der perfekte Mix aus Blueberry Raspberry und innovativem Mesh Coil f\u00fcr fruchtig intensive 36000 Z\u00fcge , Elementvape.de akzeptieren Gro\u00df-und Einzelhandel Bestellungen.\" \/>\n<meta name=\"robots\" content=\"index, follow, max-snippet:-1, max-image-preview:large, max-video-preview:-1\" \/>\n<link rel=\"canonical\" href=\"https:\/\/www.elementvape.de\/lt\/produkt\/bang-36000-puffs-einweg-e-zigarette-der-perfekte-mix-aus-blueberry-raspberry-und-innovativem-mesh-coil-fuer-fruchtig-intensive-36000-zuege\/\" \/>\n<meta property=\"og:locale\" content=\"lt_LT\" \/>\n<meta property=\"og:type\" content=\"article\" \/>\n<meta property=\"og:title\" content=\"Bang 36000 Puffs Einweg-E-Zigarette Der perfekte Mix aus Blueberry Raspberry und innovativem Mesh Coil f\u00fcr fruchtig intensive 36000 Z\u00fcge | ElementVape.de\" \/>\n<meta property=\"og:description\" content=\"Wir bieten Bang 36000 Puffs Einweg-E-Zigarette Der perfekte Mix aus Blueberry Raspberry und innovativem Mesh Coil f\u00fcr fruchtig intensive 36000 Z\u00fcge , Elementvape.de akzeptieren Gro\u00df-und Einzelhandel Bestellungen.\" \/>\n<meta property=\"og:url\" content=\"https:\/\/www.elementvape.de\/lt\/produkt\/bang-36000-puffs-einweg-e-zigarette-der-perfekte-mix-aus-blueberry-raspberry-und-innovativem-mesh-coil-fuer-fruchtig-intensive-36000-zuege\/\" \/>\n<meta property=\"og:site_name\" content=\"ElementVape.de\" \/>\n<meta property=\"article:modified_time\" content=\"2024-10-09T08:11:58+00:00\" \/>\n<meta property=\"og:image\" content=\"https:\/\/www.elementvape.de\/wp-content\/uploads\/2024\/09\/BLUEBERRY-RASPRERRY-scaled.jpg\" \/>\n\t<meta property=\"og:image:width\" content=\"2560\" \/>\n\t<meta property=\"og:image:height\" content=\"2249\" \/>\n\t<meta property=\"og:image:type\" content=\"image\/jpeg\" \/>\n<meta name=\"twitter:card\" content=\"summary_large_image\" \/>\n<meta name=\"twitter:label1\" content=\"Est. reading time\" \/>\n\t<meta name=\"twitter:data1\" content=\"3 minut\u0117s\" \/>\n<script type=\"application\/ld+json\" class=\"yoast-schema-graph\">{\"@context\":\"https:\/\/schema.org\",\"@graph\":[{\"@type\":\"WebPage\",\"@id\":\"https:\/\/www.elementvape.de\/en\/produkt\/bang-36000-puffs-einweg-e-zigarette-der-perfekte-mix-aus-blueberry-raspberry-und-innovativem-mesh-coil-fuer-fruchtig-intensive-36000-zuege\/\",\"url\":\"https:\/\/www.elementvape.de\/en\/produkt\/bang-36000-puffs-einweg-e-zigarette-der-perfekte-mix-aus-blueberry-raspberry-und-innovativem-mesh-coil-fuer-fruchtig-intensive-36000-zuege\/\",\"name\":\"Bang 36000 Puffs Einweg-E-Zigarette Der perfekte Mix aus Blueberry Raspberry und innovativem Mesh Coil f\u00fcr fruchtig intensive 36000 Z\u00fcge | ElementVape.de\",\"isPartOf\":{\"@id\":\"https:\/\/www.elementvape.de\/#website\"},\"primaryImageOfPage\":{\"@id\":\"https:\/\/www.elementvape.de\/en\/produkt\/bang-36000-puffs-einweg-e-zigarette-der-perfekte-mix-aus-blueberry-raspberry-und-innovativem-mesh-coil-fuer-fruchtig-intensive-36000-zuege\/#primaryimage\"},\"image\":{\"@id\":\"https:\/\/www.elementvape.de\/en\/produkt\/bang-36000-puffs-einweg-e-zigarette-der-perfekte-mix-aus-blueberry-raspberry-und-innovativem-mesh-coil-fuer-fruchtig-intensive-36000-zuege\/#primaryimage\"},\"thumbnailUrl\":\"https:\/\/www.elementvape.de\/wp-content\/uploads\/2024\/09\/BLUEBERRY-RASPRERRY-scaled.jpg\",\"datePublished\":\"2024-09-17T07:33:29+00:00\",\"dateModified\":\"2024-10-09T08:11:58+00:00\",\"description\":\"Wir bieten Bang 36000 Puffs Einweg-E-Zigarette Der perfekte Mix aus Blueberry Raspberry und innovativem Mesh Coil f\u00fcr fruchtig intensive 36000 Z\u00fcge , Elementvape.de akzeptieren Gro\u00df-und Einzelhandel Bestellungen.\",\"breadcrumb\":{\"@id\":\"https:\/\/www.elementvape.de\/en\/produkt\/bang-36000-puffs-einweg-e-zigarette-der-perfekte-mix-aus-blueberry-raspberry-und-innovativem-mesh-coil-fuer-fruchtig-intensive-36000-zuege\/#breadcrumb\"},\"inLanguage\":\"lt-LT\",\"potentialAction\":[{\"@type\":\"ReadAction\",\"target\":[\"https:\/\/www.elementvape.de\/en\/produkt\/bang-36000-puffs-einweg-e-zigarette-der-perfekte-mix-aus-blueberry-raspberry-und-innovativem-mesh-coil-fuer-fruchtig-intensive-36000-zuege\/\"]}]},{\"@type\":\"ImageObject\",\"inLanguage\":\"lt-LT\",\"@id\":\"https:\/\/www.elementvape.de\/en\/produkt\/bang-36000-puffs-einweg-e-zigarette-der-perfekte-mix-aus-blueberry-raspberry-und-innovativem-mesh-coil-fuer-fruchtig-intensive-36000-zuege\/#primaryimage\",\"url\":\"https:\/\/www.elementvape.de\/wp-content\/uploads\/2024\/09\/BLUEBERRY-RASPRERRY-scaled.jpg\",\"contentUrl\":\"https:\/\/www.elementvape.de\/wp-content\/uploads\/2024\/09\/BLUEBERRY-RASPRERRY-scaled.jpg\",\"width\":2560,\"height\":2249,\"caption\":\"BLUEBERRY RASPRERRY\"},{\"@type\":\"BreadcrumbList\",\"@id\":\"https:\/\/www.elementvape.de\/en\/produkt\/bang-36000-puffs-einweg-e-zigarette-der-perfekte-mix-aus-blueberry-raspberry-und-innovativem-mesh-coil-fuer-fruchtig-intensive-36000-zuege\/#breadcrumb\",\"itemListElement\":[{\"@type\":\"ListItem\",\"position\":1,\"name\":\"Home\",\"item\":\"https:\/\/www.elementvape.de\/\"},{\"@type\":\"ListItem\",\"position\":2,\"name\":\"Shop\",\"item\":\"https:\/\/www.elementvape.de\/shop\/\"},{\"@type\":\"ListItem\",\"position\":3,\"name\":\"Bang 36000 Puffs Einweg-E-Zigarette Der perfekte Mix aus Blueberry Raspberry und innovativem Mesh Coil f\u00fcr fruchtig intensive 36000 Z\u00fcge\"}]},{\"@type\":\"WebSite\",\"@id\":\"https:\/\/www.elementvape.de\/#website\",\"url\":\"https:\/\/www.elementvape.de\/\",\"name\":\"ElementVape.de\",\"description\":\"\",\"publisher\":{\"@id\":\"https:\/\/www.elementvape.de\/#organization\"},\"potentialAction\":[{\"@type\":\"SearchAction\",\"target\":{\"@type\":\"EntryPoint\",\"urlTemplate\":\"https:\/\/www.elementvape.de\/?s={search_term_string}\"},\"query-input\":\"required name=search_term_string\"}],\"inLanguage\":\"lt-LT\"},{\"@type\":\"Organization\",\"@id\":\"https:\/\/www.elementvape.de\/#organization\",\"name\":\"ElementVape.DE\",\"url\":\"https:\/\/www.elementvape.de\/\",\"logo\":{\"@type\":\"ImageObject\",\"inLanguage\":\"lt-LT\",\"@id\":\"https:\/\/www.elementvape.de\/#\/schema\/logo\/image\/\",\"url\":\"https:\/\/www.elementvape.de\/wp-content\/uploads\/2024\/09\/cropped-1elementvape-3.png\",\"contentUrl\":\"https:\/\/www.elementvape.de\/wp-content\/uploads\/2024\/09\/cropped-1elementvape-3.png\",\"width\":285,\"height\":228,\"caption\":\"ElementVape.DE\"},\"image\":{\"@id\":\"https:\/\/www.elementvape.de\/#\/schema\/logo\/image\/\"}}]}<\/script>\n<!-- \/ Yoast SEO plugin. -->","yoast_head_json":{"title":"Bang 36000 Puffs Einweg-E-Zigarette Der perfekte Mix aus Blueberry Raspberry und innovativem Mesh Coil f\u00fcr fruchtig intensive 36000 Z\u00fcge | ElementVape.de","description":"Wir bieten Bang 36000 Puffs Einweg-E-Zigarette Der perfekte Mix aus Blueberry Raspberry und innovativem Mesh Coil f\u00fcr fruchtig intensive 36000 Z\u00fcge , Elementvape.de akzeptieren Gro\u00df-und Einzelhandel Bestellungen.","robots":{"index":"index","follow":"follow","max-snippet":"max-snippet:-1","max-image-preview":"max-image-preview:large","max-video-preview":"max-video-preview:-1"},"canonical":"https:\/\/www.elementvape.de\/lt\/produkt\/bang-36000-puffs-einweg-e-zigarette-der-perfekte-mix-aus-blueberry-raspberry-und-innovativem-mesh-coil-fuer-fruchtig-intensive-36000-zuege\/","og_locale":"lt_LT","og_type":"article","og_title":"Bang 36000 Puffs Einweg-E-Zigarette Der perfekte Mix aus Blueberry Raspberry und innovativem Mesh Coil f\u00fcr fruchtig intensive 36000 Z\u00fcge | ElementVape.de","og_description":"Wir bieten Bang 36000 Puffs Einweg-E-Zigarette Der perfekte Mix aus Blueberry Raspberry und innovativem Mesh Coil f\u00fcr fruchtig intensive 36000 Z\u00fcge , Elementvape.de akzeptieren Gro\u00df-und Einzelhandel Bestellungen.","og_url":"https:\/\/www.elementvape.de\/lt\/produkt\/bang-36000-puffs-einweg-e-zigarette-der-perfekte-mix-aus-blueberry-raspberry-und-innovativem-mesh-coil-fuer-fruchtig-intensive-36000-zuege\/","og_site_name":"ElementVape.de","article_modified_time":"2024-10-09T08:11:58+00:00","og_image":[{"width":2560,"height":2249,"url":"https:\/\/www.elementvape.de\/wp-content\/uploads\/2024\/09\/BLUEBERRY-RASPRERRY-scaled.jpg","type":"image\/jpeg"}],"twitter_card":"summary_large_image","twitter_misc":{"Est. reading time":"3 minut\u0117s"},"schema":{"@context":"https:\/\/schema.org","@graph":[{"@type":"WebPage","@id":"https:\/\/www.elementvape.de\/en\/produkt\/bang-36000-puffs-einweg-e-zigarette-der-perfekte-mix-aus-blueberry-raspberry-und-innovativem-mesh-coil-fuer-fruchtig-intensive-36000-zuege\/","url":"https:\/\/www.elementvape.de\/en\/produkt\/bang-36000-puffs-einweg-e-zigarette-der-perfekte-mix-aus-blueberry-raspberry-und-innovativem-mesh-coil-fuer-fruchtig-intensive-36000-zuege\/","name":"Bang 36000 Puffs Einweg-E-Zigarette Der perfekte Mix aus Blueberry Raspberry und innovativem Mesh Coil f\u00fcr fruchtig intensive 36000 Z\u00fcge | ElementVape.de","isPartOf":{"@id":"https:\/\/www.elementvape.de\/#website"},"primaryImageOfPage":{"@id":"https:\/\/www.elementvape.de\/en\/produkt\/bang-36000-puffs-einweg-e-zigarette-der-perfekte-mix-aus-blueberry-raspberry-und-innovativem-mesh-coil-fuer-fruchtig-intensive-36000-zuege\/#primaryimage"},"image":{"@id":"https:\/\/www.elementvape.de\/en\/produkt\/bang-36000-puffs-einweg-e-zigarette-der-perfekte-mix-aus-blueberry-raspberry-und-innovativem-mesh-coil-fuer-fruchtig-intensive-36000-zuege\/#primaryimage"},"thumbnailUrl":"https:\/\/www.elementvape.de\/wp-content\/uploads\/2024\/09\/BLUEBERRY-RASPRERRY-scaled.jpg","datePublished":"2024-09-17T07:33:29+00:00","dateModified":"2024-10-09T08:11:58+00:00","description":"Wir bieten Bang 36000 Puffs Einweg-E-Zigarette Der perfekte Mix aus Blueberry Raspberry und innovativem Mesh Coil f\u00fcr fruchtig intensive 36000 Z\u00fcge , Elementvape.de akzeptieren Gro\u00df-und Einzelhandel Bestellungen.","breadcrumb":{"@id":"https:\/\/www.elementvape.de\/en\/produkt\/bang-36000-puffs-einweg-e-zigarette-der-perfekte-mix-aus-blueberry-raspberry-und-innovativem-mesh-coil-fuer-fruchtig-intensive-36000-zuege\/#breadcrumb"},"inLanguage":"lt-LT","potentialAction":[{"@type":"ReadAction","target":["https:\/\/www.elementvape.de\/en\/produkt\/bang-36000-puffs-einweg-e-zigarette-der-perfekte-mix-aus-blueberry-raspberry-und-innovativem-mesh-coil-fuer-fruchtig-intensive-36000-zuege\/"]}]},{"@type":"ImageObject","inLanguage":"lt-LT","@id":"https:\/\/www.elementvape.de\/en\/produkt\/bang-36000-puffs-einweg-e-zigarette-der-perfekte-mix-aus-blueberry-raspberry-und-innovativem-mesh-coil-fuer-fruchtig-intensive-36000-zuege\/#primaryimage","url":"https:\/\/www.elementvape.de\/wp-content\/uploads\/2024\/09\/BLUEBERRY-RASPRERRY-scaled.jpg","contentUrl":"https:\/\/www.elementvape.de\/wp-content\/uploads\/2024\/09\/BLUEBERRY-RASPRERRY-scaled.jpg","width":2560,"height":2249,"caption":"BLUEBERRY RASPRERRY"},{"@type":"BreadcrumbList","@id":"https:\/\/www.elementvape.de\/en\/produkt\/bang-36000-puffs-einweg-e-zigarette-der-perfekte-mix-aus-blueberry-raspberry-und-innovativem-mesh-coil-fuer-fruchtig-intensive-36000-zuege\/#breadcrumb","itemListElement":[{"@type":"ListItem","position":1,"name":"Home","item":"https:\/\/www.elementvape.de\/"},{"@type":"ListItem","position":2,"name":"Shop","item":"https:\/\/www.elementvape.de\/shop\/"},{"@type":"ListItem","position":3,"name":"Bang 36000 Puffs Einweg-E-Zigarette Der perfekte Mix aus Blueberry Raspberry und innovativem Mesh Coil f\u00fcr fruchtig intensive 36000 Z\u00fcge"}]},{"@type":"WebSite","@id":"https:\/\/www.elementvape.de\/#website","url":"https:\/\/www.elementvape.de\/","name":"ElementVape.de","description":"","publisher":{"@id":"https:\/\/www.elementvape.de\/#organization"},"potentialAction":[{"@type":"SearchAction","target":{"@type":"EntryPoint","urlTemplate":"https:\/\/www.elementvape.de\/?s={search_term_string}"},"query-input":"required name=search_term_string"}],"inLanguage":"lt-LT"},{"@type":"Organization","@id":"https:\/\/www.elementvape.de\/#organization","name":"ElementVape.DE","url":"https:\/\/www.elementvape.de\/","logo":{"@type":"ImageObject","inLanguage":"lt-LT","@id":"https:\/\/www.elementvape.de\/#\/schema\/logo\/image\/","url":"https:\/\/www.elementvape.de\/wp-content\/uploads\/2024\/09\/cropped-1elementvape-3.png","contentUrl":"https:\/\/www.elementvape.de\/wp-content\/uploads\/2024\/09\/cropped-1elementvape-3.png","width":285,"height":228,"caption":"ElementVape.DE"},"image":{"@id":"https:\/\/www.elementvape.de\/#\/schema\/logo\/image\/"}}]}},"_links":{"self":[{"href":"https:\/\/www.elementvape.de\/lt\/wp-json\/wp\/v2\/product\/14366"}],"collection":[{"href":"https:\/\/www.elementvape.de\/lt\/wp-json\/wp\/v2\/product"}],"about":[{"href":"https:\/\/www.elementvape.de\/lt\/wp-json\/wp\/v2\/types\/product"}],"wp:featuredmedia":[{"embeddable":true,"href":"https:\/\/www.elementvape.de\/lt\/wp-json\/wp\/v2\/media\/14352"}],"wp:attachment":[{"href":"https:\/\/www.elementvape.de\/lt\/wp-json\/wp\/v2\/media?parent=14366"}],"wp:term":[{"taxonomy":"product_cat","embeddable":true,"href":"https:\/\/www.elementvape.de\/lt\/wp-json\/wp\/v2\/product_cat?post=14366"},{"taxonomy":"product_tag","embeddable":true,"href":"https:\/\/www.elementvape.de\/lt\/wp-json\/wp\/v2\/product_tag?post=14366"}],"curies":[{"name":"wp","href":"https:\/\/api.w.org\/{rel}","templated":true}]}}