{"id":14239,"date":"2024-09-09T08:44:48","date_gmt":"2024-09-09T08:44:48","guid":{"rendered":"https:\/\/www.elementvape.de\/?post_type=product&#038;p=14239"},"modified":"2024-12-04T02:46:42","modified_gmt":"2024-12-04T02:46:42","slug":"die-bang-xxl-raspberry-watermelon-liefert-fruchtigen-himbeere-wassermelone-geschmack-fuer-ein-unvergleichliches-dampferlebnis-mit-bis-zu-15000-zuegen","status":"publish","type":"product","link":"https:\/\/www.elementvape.de\/lt\/produkt\/die-bang-xxl-raspberry-watermelon-liefert-fruchtigen-himbeere-wassermelone-geschmack-fuer-ein-unvergleichliches-dampferlebnis-mit-bis-zu-15000-zuegen\/","title":{"rendered":"BANG XXL Raspberry Watermelon suteikia vaisin\u012f avie\u010di\u0173 ir arb\u016bzo skon\u012f unikaliam d\u016bm\u0173 malonumui su iki 15000 \u012fkv\u0117pim\u0173"},"content":{"rendered":"<h2>BANG XXL Raspberry Watermelon produkto pristatymas<\/h2>\n<p>BANG XXL Raspberry Watermelon sujungia sultingus vaisi\u0173 aromatus i\u0161 bra\u0161ki\u0173 ir gaivios arb\u016bzo skonio, si\u016blydama nepalyginam\u0105 skonio patirt\u012f. Sukurtas iki 15 000 \u012fkv\u0117pim\u0173, \u0161i vienkartin\u0117 elektronin\u0117 cigaret\u0117 yra puikus pasirinkimas vapotojams, ie\u0161kantiems vaisi\u0173 ir gaivumo skonio, kuris juos lyd\u0117s ilg\u0105 laik\u0105.<\/p>\n<p>Idealiai tinka Duty-Free rinkai Lietuvoje, BANG XXL Raspberry Watermelon pasi\u017eymi i\u0161skirtiniu naudotojo draugi\u0161kumu ir ilga tarnavimo trukme.<\/p>\n<table>\n<thead>\n<tr>\n<th>Savyb\u0117<\/th>\n<th>Duomenys<\/th>\n<\/tr>\n<\/thead>\n<tbody>\n<tr>\n<td>Modelio numeris<\/td>\n<td>BANG XXL Raspberry Watermelon<\/td>\n<\/tr>\n<tr>\n<td>\u012ekv\u0117pimo talpa<\/td>\n<td>15 000 \u012fkv\u0117pim\u0173<\/td>\n<\/tr>\n<tr>\n<td>Skonis<\/td>\n<td>Bra\u0161k\u0117 ir arb\u016bzas<\/td>\n<\/tr>\n<tr>\n<td>E-liquido talpa<\/td>\n<td>25 ml<\/td>\n<\/tr>\n<tr>\n<td>Nikotino kiekis<\/td>\n<td>2% arba 5%<\/td>\n<\/tr>\n<tr>\n<td>Baterija<\/td>\n<td>600 mAh<\/td>\n<\/tr>\n<tr>\n<td>Var\u017ea<\/td>\n<td>0.6 Ohm<\/td>\n<\/tr>\n<tr>\n<td>\u012ekrovimo jungtis<\/td>\n<td>Type-C<\/td>\n<\/tr>\n<tr>\n<td>Svoris<\/td>\n<td>90 g<\/td>\n<\/tr>\n<\/tbody>\n<\/table>\n<h3>Skonio patirtis: bra\u0161k\u0117 ir arb\u016bzas<\/h3>\n<p>BANG XXL Raspberry Watermelon skonis yra skanus derinys i\u0161 sald\u017ei\u0173 ir \u0161iek tiek r\u016bg\u0161\u010di\u0173 bra\u0161ki\u0173 atspalvi\u0173 bei gaivaus, sultingo arb\u016bzo skonio. \u0160i mi\u0161inio suteikia gaiv\u0173 ir energing\u0105 vapavimo patirt\u012f, kiekvienu \u012fkv\u0117pimu suteikdama gaivumo ir vaisi\u0161kumo.<\/p>\n<h3>Ilgalaikis vapavimas<\/h3>\n<p>Tur\u0117dama 15 000 \u012fkv\u0117pim\u0173 talp\u0105, BANG XXL Raspberry Watermelon pasi\u017eymi i\u0161skirtiniu ilgaam\u017ei\u0161kumu, kas ypa\u010d patrauklu da\u017enai keliaujantiems vapotojams ar pirk\u0117jams Lietuvoje. Nereikia papildyti ar \u012fkrauti \u2013 viskas yra kompakti\u0161kame, naudotojui patogiame pakete.<\/p>\n<table>\n<thead>\n<tr>\n<th>Savyb\u0117<\/th>\n<th>Duomenys<\/th>\n<\/tr>\n<\/thead>\n<tbody>\n<tr>\n<td>\u012ekv\u0117pimo talpa<\/td>\n<td>15000 \u012fkv\u0117pim\u0173<\/td>\n<\/tr>\n<tr>\n<td>E-liquido talpa<\/td>\n<td>25 ml<\/td>\n<\/tr>\n<tr>\n<td>Baterija<\/td>\n<td>600 mAh<\/td>\n<\/tr>\n<\/tbody>\n<\/table>\n<h3>Dizainas ir naudotojo patogumas<\/h3>\n<p>Kompakti\u0161kas ir lengvas BANG XXL Raspberry Watermelon dizainas yra idealus kelion\u0117ms. Svoris tik 90 gram\u0173 ir matmenys 28 x 56 x 130 mm leid\u017eia lengvai \u012fsid\u0117ti \u012f bet kuri\u0105 ki\u0161en\u0119. 600 mAh akumuliatorius u\u017etikrina pakankamai energijos visam \u012frenginio tarnavimo laikui, o Type-C \u012fkrovimo jungtis leid\u017eia greitai ir paprastai \u012fkrauti.<\/p>\n<p>Triangular Lung Inhalation technologija u\u017etikrina ypa\u010d maloni\u0105 ir tolyg\u0173 vapavimo patirt\u012f, i\u0161ry\u0161kindama skonio komponentus.<\/p>\n<table>\n<thead>\n<tr>\n<th>Savyb\u0117<\/th>\n<th>Duomenys<\/th>\n<\/tr>\n<\/thead>\n<tbody>\n<tr>\n<td>Baterija<\/td>\n<td>600 mAh<\/td>\n<\/tr>\n<tr>\n<td>\u012ekrovimo jungtis<\/td>\n<td>Type-C<\/td>\n<\/tr>\n<tr>\n<td>Var\u017ea<\/td>\n<td>0.6 Ohm<\/td>\n<\/tr>\n<\/tbody>\n<\/table>\n<h3>BANG XXL Raspberry Watermelon privalumai<\/h3>\n<ul>\n<li>Ilgalaikis garinimas: Su 15 000 \u012fkv\u0117pim\u0173 BANG XXL Raspberry Watermelon si\u016blo i\u0161skirtinai ilg\u0105 naudojimo laik\u0105.<\/li>\n<li>Atgaivinantis skonis: Avie\u010di\u0173 ir arb\u016bzo mi\u0161inys u\u017etikrina sald\u0173, vaisi\u0161k\u0105 ir gaiv\u0173 garinimo patirt\u012f.<\/li>\n<li>Vartotojui draugi\u0161kas dizainas: N\u0117ra sud\u0117tingo valdymo, n\u0117ra prie\u017ei\u016bros \u2013 tiesiog garinkite ir m\u0117gaukit\u0117s.<\/li>\n<li>Kompakti\u0161kas dydis: Idealiai tinka keliaujant, lengvai telpa \u012f bet kuri\u0105 ki\u0161en\u0119 ir yra puikus kelion\u0117ms.<\/li>\n<\/ul>\n<p>BANG XXL Raspberry Watermelon daugiausia skirta Duty-Free klientams, ie\u0161kantiems auk\u0161tos kokyb\u0117s, ilgaam\u017eio garinimo patirties. Su \u0161vie\u017eiu skoniu ir dideliu \u012fkv\u0117pim\u0173 skai\u010diumi ji yra ideali tiek pradedantiesiems, tiek patyrusiems garintojams.<\/p>\n<table>\n<thead>\n<tr>\n<th>Sritis<\/th>\n<th>Duomenys<\/th>\n<\/tr>\n<\/thead>\n<tbody>\n<tr>\n<td>Be muitin\u0117s parduotuv\u0117s<\/td>\n<td>Puikiai tinka keliautojams, ie\u0161kantiems auk\u0161tos kokyb\u0117s produkto.<\/td>\n<\/tr>\n<tr>\n<td>Ma\u017emenin\u0117 prekyba<\/td>\n<td>Puikus ma\u017emenin\u0117s prekybos produktas, kuris yra paklausus d\u0117l savo unikaliojo skonio ir ilgaam\u017ei\u0161kumo.<\/td>\n<\/tr>\n<tr>\n<td>Reklamin\u0117s akcijos<\/td>\n<td>Idealiai tinka promocijoms d\u0117l patrauklaus skonio ir didelio \u012fkv\u0117pim\u0173 skai\u010diaus.<\/td>\n<\/tr>\n<\/tbody>\n<\/table>\n<p>BANG XXL Raspberry Watermelon si\u016blo unikali\u0105 garinimo patirt\u012f su vaisi\u0161ku avie\u010di\u0173 ir arb\u016bzo deriniu, kartu su iki 15 000 \u012fkv\u0117pim\u0173 ilgalaikiu malonumu. Jo kompakti\u0161kas dizainas ir paprastas valdymas daro j\u012f idealiu pasirinkimu Duty-Free rinkoje ir visiems, ie\u0161kantiems auk\u0161tos kokyb\u0117s, vartotojui draugi\u0161ko produkto.<\/p>","protected":false},"excerpt":{"rendered":"<p>BANG XXL Raspberry Watermelon Produktvorstellung Die BANG XXL Raspberry Watermelon vereint die saftigen Aromen von fruchtiger Himbeere und erfrischender Wassermelone und bietet damit ein unvergleichliches Geschmackserlebnis. Entwickelt, um bis zu 15.000 Z\u00fcge zu liefern, ist diese Einweg-E-Zigarette die perfekte Wahl f\u00fcr Dampfer, die nach einem fruchtig-erfrischenden Geschmack suchen, der sie \u00fcber einen langen Zeitraum begleitet. [&hellip;]<\/p>","protected":false},"featured_media":14240,"template":"","meta":{"inline_featured_image":false},"product_cat":[15,731,78,735,746,741,733,750,737,736,749,752,756,744,755,738,751],"product_tag":[710,674],"tiered_pricing_type":"percentage","tiered_pricing_fixed_rules":{"60":"10","110":"20","200":"30"},"tiered_pricing_percentage_rules":[],"tiered_pricing_minimum":1,"_administrator_tiered_pricing_type":"fixed","_administrator_tiered_pricing_fixed_rules":[],"_editor_tiered_pricing_type":"fixed","_editor_tiered_pricing_fixed_rules":[],"_author_tiered_pricing_type":"fixed","_author_tiered_pricing_fixed_rules":[],"_contributor_tiered_pricing_type":"fixed","_contributor_tiered_pricing_fixed_rules":[],"_subscriber_tiered_pricing_type":"fixed","_subscriber_tiered_pricing_fixed_rules":[],"_customer_tiered_pricing_type":"fixed","_customer_tiered_pricing_fixed_rules":[],"_shop_manager_tiered_pricing_type":"fixed","_shop_manager_tiered_pricing_fixed_rules":[],"_wpseo_manager_tiered_pricing_type":"fixed","_wpseo_manager_tiered_pricing_fixed_rules":[],"_wpseo_editor_tiered_pricing_type":"fixed","_wpseo_editor_tiered_pricing_fixed_rules":[],"_wholesale_customer_tiered_pricing_type":"fixed","_wholesale_customer_tiered_pricing_fixed_rules":[],"_marketer_tiered_pricing_type":"fixed","_marketer_tiered_pricing_fixed_rules":[],"_sales_manager_tiered_pricing_type":"fixed","_sales_manager_tiered_pricing_fixed_rules":[],"_sales_rep_tiered_pricing_type":"fixed","_sales_rep_tiered_pricing_fixed_rules":[],"yoast_head":"<!-- This site is optimized with the Yoast SEO plugin v23.3 - https:\/\/yoast.com\/wordpress\/plugins\/seo\/ -->\n<title>Die BANG XXL Raspberry Watermelon liefert fruchtigen Himbeere-Wassermelone-Geschmack f\u00fcr ein unvergleichliches Dampferlebnis mit bis zu 15000 Z\u00fcgen | ElementVape.de<\/title>\n<meta name=\"description\" content=\"Wir bieten Die BANG XXL Raspberry Watermelon liefert fruchtigen Himbeere-Wassermelone-Geschmack f\u00fcr ein unvergleichliches Dampferlebnis mit bis zu 15000 Z\u00fcgen , Elementvape.de akzeptieren Gro\u00df-und Einzelhandel Bestellungen.\" \/>\n<meta name=\"robots\" content=\"index, follow, max-snippet:-1, max-image-preview:large, max-video-preview:-1\" \/>\n<link rel=\"canonical\" href=\"https:\/\/www.elementvape.de\/lt\/produkt\/die-bang-xxl-raspberry-watermelon-liefert-fruchtigen-himbeere-wassermelone-geschmack-fuer-ein-unvergleichliches-dampferlebnis-mit-bis-zu-15000-zuegen\/\" \/>\n<meta property=\"og:locale\" content=\"lt_LT\" \/>\n<meta property=\"og:type\" content=\"article\" \/>\n<meta property=\"og:title\" content=\"Die BANG XXL Raspberry Watermelon liefert fruchtigen Himbeere-Wassermelone-Geschmack f\u00fcr ein unvergleichliches Dampferlebnis mit bis zu 15000 Z\u00fcgen | ElementVape.de\" \/>\n<meta property=\"og:description\" content=\"Wir bieten Die BANG XXL Raspberry Watermelon liefert fruchtigen Himbeere-Wassermelone-Geschmack f\u00fcr ein unvergleichliches Dampferlebnis mit bis zu 15000 Z\u00fcgen , Elementvape.de akzeptieren Gro\u00df-und Einzelhandel Bestellungen.\" \/>\n<meta property=\"og:url\" content=\"https:\/\/www.elementvape.de\/lt\/produkt\/die-bang-xxl-raspberry-watermelon-liefert-fruchtigen-himbeere-wassermelone-geschmack-fuer-ein-unvergleichliches-dampferlebnis-mit-bis-zu-15000-zuegen\/\" \/>\n<meta property=\"og:site_name\" content=\"ElementVape.de\" \/>\n<meta property=\"article:modified_time\" content=\"2024-12-04T02:46:42+00:00\" \/>\n<meta property=\"og:image\" content=\"https:\/\/www.elementvape.de\/wp-content\/uploads\/2024\/09\/Raspberry-Watermelon-1.jpg\" \/>\n\t<meta property=\"og:image:width\" content=\"1713\" \/>\n\t<meta property=\"og:image:height\" content=\"1537\" \/>\n\t<meta property=\"og:image:type\" content=\"image\/jpeg\" \/>\n<meta name=\"twitter:card\" content=\"summary_large_image\" \/>\n<meta name=\"twitter:label1\" content=\"Est. reading time\" \/>\n\t<meta name=\"twitter:data1\" content=\"3 minut\u0117s\" \/>\n<script type=\"application\/ld+json\" class=\"yoast-schema-graph\">{\"@context\":\"https:\/\/schema.org\",\"@graph\":[{\"@type\":\"WebPage\",\"@id\":\"https:\/\/www.elementvape.de\/nl\/produkt\/die-bang-xxl-raspberry-watermelon-liefert-fruchtigen-himbeere-wassermelone-geschmack-fuer-ein-unvergleichliches-dampferlebnis-mit-bis-zu-15000-zuegen\/\",\"url\":\"https:\/\/www.elementvape.de\/nl\/produkt\/die-bang-xxl-raspberry-watermelon-liefert-fruchtigen-himbeere-wassermelone-geschmack-fuer-ein-unvergleichliches-dampferlebnis-mit-bis-zu-15000-zuegen\/\",\"name\":\"Die BANG XXL Raspberry Watermelon liefert fruchtigen Himbeere-Wassermelone-Geschmack f\u00fcr ein unvergleichliches Dampferlebnis mit bis zu 15000 Z\u00fcgen | ElementVape.de\",\"isPartOf\":{\"@id\":\"https:\/\/www.elementvape.de\/#website\"},\"primaryImageOfPage\":{\"@id\":\"https:\/\/www.elementvape.de\/nl\/produkt\/die-bang-xxl-raspberry-watermelon-liefert-fruchtigen-himbeere-wassermelone-geschmack-fuer-ein-unvergleichliches-dampferlebnis-mit-bis-zu-15000-zuegen\/#primaryimage\"},\"image\":{\"@id\":\"https:\/\/www.elementvape.de\/nl\/produkt\/die-bang-xxl-raspberry-watermelon-liefert-fruchtigen-himbeere-wassermelone-geschmack-fuer-ein-unvergleichliches-dampferlebnis-mit-bis-zu-15000-zuegen\/#primaryimage\"},\"thumbnailUrl\":\"https:\/\/www.elementvape.de\/wp-content\/uploads\/2024\/09\/Raspberry-Watermelon-1.jpg\",\"datePublished\":\"2024-09-09T08:44:48+00:00\",\"dateModified\":\"2024-12-04T02:46:42+00:00\",\"description\":\"Wir bieten Die BANG XXL Raspberry Watermelon liefert fruchtigen Himbeere-Wassermelone-Geschmack f\u00fcr ein unvergleichliches Dampferlebnis mit bis zu 15000 Z\u00fcgen , Elementvape.de akzeptieren Gro\u00df-und Einzelhandel Bestellungen.\",\"breadcrumb\":{\"@id\":\"https:\/\/www.elementvape.de\/nl\/produkt\/die-bang-xxl-raspberry-watermelon-liefert-fruchtigen-himbeere-wassermelone-geschmack-fuer-ein-unvergleichliches-dampferlebnis-mit-bis-zu-15000-zuegen\/#breadcrumb\"},\"inLanguage\":\"lt-LT\",\"potentialAction\":[{\"@type\":\"ReadAction\",\"target\":[\"https:\/\/www.elementvape.de\/nl\/produkt\/die-bang-xxl-raspberry-watermelon-liefert-fruchtigen-himbeere-wassermelone-geschmack-fuer-ein-unvergleichliches-dampferlebnis-mit-bis-zu-15000-zuegen\/\"]}]},{\"@type\":\"ImageObject\",\"inLanguage\":\"lt-LT\",\"@id\":\"https:\/\/www.elementvape.de\/nl\/produkt\/die-bang-xxl-raspberry-watermelon-liefert-fruchtigen-himbeere-wassermelone-geschmack-fuer-ein-unvergleichliches-dampferlebnis-mit-bis-zu-15000-zuegen\/#primaryimage\",\"url\":\"https:\/\/www.elementvape.de\/wp-content\/uploads\/2024\/09\/Raspberry-Watermelon-1.jpg\",\"contentUrl\":\"https:\/\/www.elementvape.de\/wp-content\/uploads\/2024\/09\/Raspberry-Watermelon-1.jpg\",\"width\":1713,\"height\":1537,\"caption\":\"Raspberry Watermelon\"},{\"@type\":\"BreadcrumbList\",\"@id\":\"https:\/\/www.elementvape.de\/nl\/produkt\/die-bang-xxl-raspberry-watermelon-liefert-fruchtigen-himbeere-wassermelone-geschmack-fuer-ein-unvergleichliches-dampferlebnis-mit-bis-zu-15000-zuegen\/#breadcrumb\",\"itemListElement\":[{\"@type\":\"ListItem\",\"position\":1,\"name\":\"Home\",\"item\":\"https:\/\/www.elementvape.de\/\"},{\"@type\":\"ListItem\",\"position\":2,\"name\":\"Shop\",\"item\":\"https:\/\/www.elementvape.de\/shop\/\"},{\"@type\":\"ListItem\",\"position\":3,\"name\":\"Die BANG XXL Raspberry Watermelon liefert fruchtigen Himbeere-Wassermelone-Geschmack f\u00fcr ein unvergleichliches Dampferlebnis mit bis zu 15000 Z\u00fcgen\"}]},{\"@type\":\"WebSite\",\"@id\":\"https:\/\/www.elementvape.de\/#website\",\"url\":\"https:\/\/www.elementvape.de\/\",\"name\":\"ElementVape.de\",\"description\":\"\",\"publisher\":{\"@id\":\"https:\/\/www.elementvape.de\/#organization\"},\"potentialAction\":[{\"@type\":\"SearchAction\",\"target\":{\"@type\":\"EntryPoint\",\"urlTemplate\":\"https:\/\/www.elementvape.de\/?s={search_term_string}\"},\"query-input\":\"required name=search_term_string\"}],\"inLanguage\":\"lt-LT\"},{\"@type\":\"Organization\",\"@id\":\"https:\/\/www.elementvape.de\/#organization\",\"name\":\"ElementVape.DE\",\"url\":\"https:\/\/www.elementvape.de\/\",\"logo\":{\"@type\":\"ImageObject\",\"inLanguage\":\"lt-LT\",\"@id\":\"https:\/\/www.elementvape.de\/#\/schema\/logo\/image\/\",\"url\":\"https:\/\/www.elementvape.de\/wp-content\/uploads\/2024\/09\/cropped-1elementvape-3.png\",\"contentUrl\":\"https:\/\/www.elementvape.de\/wp-content\/uploads\/2024\/09\/cropped-1elementvape-3.png\",\"width\":285,\"height\":228,\"caption\":\"ElementVape.DE\"},\"image\":{\"@id\":\"https:\/\/www.elementvape.de\/#\/schema\/logo\/image\/\"}}]}<\/script>\n<!-- \/ Yoast SEO plugin. -->","yoast_head_json":{"title":"Die BANG XXL Raspberry Watermelon liefert fruchtigen Himbeere-Wassermelone-Geschmack f\u00fcr ein unvergleichliches Dampferlebnis mit bis zu 15000 Z\u00fcgen | ElementVape.de","description":"Wir bieten Die BANG XXL Raspberry Watermelon liefert fruchtigen Himbeere-Wassermelone-Geschmack f\u00fcr ein unvergleichliches Dampferlebnis mit bis zu 15000 Z\u00fcgen , Elementvape.de akzeptieren Gro\u00df-und Einzelhandel Bestellungen.","robots":{"index":"index","follow":"follow","max-snippet":"max-snippet:-1","max-image-preview":"max-image-preview:large","max-video-preview":"max-video-preview:-1"},"canonical":"https:\/\/www.elementvape.de\/lt\/produkt\/die-bang-xxl-raspberry-watermelon-liefert-fruchtigen-himbeere-wassermelone-geschmack-fuer-ein-unvergleichliches-dampferlebnis-mit-bis-zu-15000-zuegen\/","og_locale":"lt_LT","og_type":"article","og_title":"Die BANG XXL Raspberry Watermelon liefert fruchtigen Himbeere-Wassermelone-Geschmack f\u00fcr ein unvergleichliches Dampferlebnis mit bis zu 15000 Z\u00fcgen | ElementVape.de","og_description":"Wir bieten Die BANG XXL Raspberry Watermelon liefert fruchtigen Himbeere-Wassermelone-Geschmack f\u00fcr ein unvergleichliches Dampferlebnis mit bis zu 15000 Z\u00fcgen , Elementvape.de akzeptieren Gro\u00df-und Einzelhandel Bestellungen.","og_url":"https:\/\/www.elementvape.de\/lt\/produkt\/die-bang-xxl-raspberry-watermelon-liefert-fruchtigen-himbeere-wassermelone-geschmack-fuer-ein-unvergleichliches-dampferlebnis-mit-bis-zu-15000-zuegen\/","og_site_name":"ElementVape.de","article_modified_time":"2024-12-04T02:46:42+00:00","og_image":[{"width":1713,"height":1537,"url":"https:\/\/www.elementvape.de\/wp-content\/uploads\/2024\/09\/Raspberry-Watermelon-1.jpg","type":"image\/jpeg"}],"twitter_card":"summary_large_image","twitter_misc":{"Est. reading time":"3 minut\u0117s"},"schema":{"@context":"https:\/\/schema.org","@graph":[{"@type":"WebPage","@id":"https:\/\/www.elementvape.de\/nl\/produkt\/die-bang-xxl-raspberry-watermelon-liefert-fruchtigen-himbeere-wassermelone-geschmack-fuer-ein-unvergleichliches-dampferlebnis-mit-bis-zu-15000-zuegen\/","url":"https:\/\/www.elementvape.de\/nl\/produkt\/die-bang-xxl-raspberry-watermelon-liefert-fruchtigen-himbeere-wassermelone-geschmack-fuer-ein-unvergleichliches-dampferlebnis-mit-bis-zu-15000-zuegen\/","name":"Die BANG XXL Raspberry Watermelon liefert fruchtigen Himbeere-Wassermelone-Geschmack f\u00fcr ein unvergleichliches Dampferlebnis mit bis zu 15000 Z\u00fcgen | ElementVape.de","isPartOf":{"@id":"https:\/\/www.elementvape.de\/#website"},"primaryImageOfPage":{"@id":"https:\/\/www.elementvape.de\/nl\/produkt\/die-bang-xxl-raspberry-watermelon-liefert-fruchtigen-himbeere-wassermelone-geschmack-fuer-ein-unvergleichliches-dampferlebnis-mit-bis-zu-15000-zuegen\/#primaryimage"},"image":{"@id":"https:\/\/www.elementvape.de\/nl\/produkt\/die-bang-xxl-raspberry-watermelon-liefert-fruchtigen-himbeere-wassermelone-geschmack-fuer-ein-unvergleichliches-dampferlebnis-mit-bis-zu-15000-zuegen\/#primaryimage"},"thumbnailUrl":"https:\/\/www.elementvape.de\/wp-content\/uploads\/2024\/09\/Raspberry-Watermelon-1.jpg","datePublished":"2024-09-09T08:44:48+00:00","dateModified":"2024-12-04T02:46:42+00:00","description":"Wir bieten Die BANG XXL Raspberry Watermelon liefert fruchtigen Himbeere-Wassermelone-Geschmack f\u00fcr ein unvergleichliches Dampferlebnis mit bis zu 15000 Z\u00fcgen , Elementvape.de akzeptieren Gro\u00df-und Einzelhandel Bestellungen.","breadcrumb":{"@id":"https:\/\/www.elementvape.de\/nl\/produkt\/die-bang-xxl-raspberry-watermelon-liefert-fruchtigen-himbeere-wassermelone-geschmack-fuer-ein-unvergleichliches-dampferlebnis-mit-bis-zu-15000-zuegen\/#breadcrumb"},"inLanguage":"lt-LT","potentialAction":[{"@type":"ReadAction","target":["https:\/\/www.elementvape.de\/nl\/produkt\/die-bang-xxl-raspberry-watermelon-liefert-fruchtigen-himbeere-wassermelone-geschmack-fuer-ein-unvergleichliches-dampferlebnis-mit-bis-zu-15000-zuegen\/"]}]},{"@type":"ImageObject","inLanguage":"lt-LT","@id":"https:\/\/www.elementvape.de\/nl\/produkt\/die-bang-xxl-raspberry-watermelon-liefert-fruchtigen-himbeere-wassermelone-geschmack-fuer-ein-unvergleichliches-dampferlebnis-mit-bis-zu-15000-zuegen\/#primaryimage","url":"https:\/\/www.elementvape.de\/wp-content\/uploads\/2024\/09\/Raspberry-Watermelon-1.jpg","contentUrl":"https:\/\/www.elementvape.de\/wp-content\/uploads\/2024\/09\/Raspberry-Watermelon-1.jpg","width":1713,"height":1537,"caption":"Raspberry Watermelon"},{"@type":"BreadcrumbList","@id":"https:\/\/www.elementvape.de\/nl\/produkt\/die-bang-xxl-raspberry-watermelon-liefert-fruchtigen-himbeere-wassermelone-geschmack-fuer-ein-unvergleichliches-dampferlebnis-mit-bis-zu-15000-zuegen\/#breadcrumb","itemListElement":[{"@type":"ListItem","position":1,"name":"Home","item":"https:\/\/www.elementvape.de\/"},{"@type":"ListItem","position":2,"name":"Shop","item":"https:\/\/www.elementvape.de\/shop\/"},{"@type":"ListItem","position":3,"name":"Die BANG XXL Raspberry Watermelon liefert fruchtigen Himbeere-Wassermelone-Geschmack f\u00fcr ein unvergleichliches Dampferlebnis mit bis zu 15000 Z\u00fcgen"}]},{"@type":"WebSite","@id":"https:\/\/www.elementvape.de\/#website","url":"https:\/\/www.elementvape.de\/","name":"ElementVape.de","description":"","publisher":{"@id":"https:\/\/www.elementvape.de\/#organization"},"potentialAction":[{"@type":"SearchAction","target":{"@type":"EntryPoint","urlTemplate":"https:\/\/www.elementvape.de\/?s={search_term_string}"},"query-input":"required name=search_term_string"}],"inLanguage":"lt-LT"},{"@type":"Organization","@id":"https:\/\/www.elementvape.de\/#organization","name":"ElementVape.DE","url":"https:\/\/www.elementvape.de\/","logo":{"@type":"ImageObject","inLanguage":"lt-LT","@id":"https:\/\/www.elementvape.de\/#\/schema\/logo\/image\/","url":"https:\/\/www.elementvape.de\/wp-content\/uploads\/2024\/09\/cropped-1elementvape-3.png","contentUrl":"https:\/\/www.elementvape.de\/wp-content\/uploads\/2024\/09\/cropped-1elementvape-3.png","width":285,"height":228,"caption":"ElementVape.DE"},"image":{"@id":"https:\/\/www.elementvape.de\/#\/schema\/logo\/image\/"}}]}},"_links":{"self":[{"href":"https:\/\/www.elementvape.de\/lt\/wp-json\/wp\/v2\/product\/14239"}],"collection":[{"href":"https:\/\/www.elementvape.de\/lt\/wp-json\/wp\/v2\/product"}],"about":[{"href":"https:\/\/www.elementvape.de\/lt\/wp-json\/wp\/v2\/types\/product"}],"wp:featuredmedia":[{"embeddable":true,"href":"https:\/\/www.elementvape.de\/lt\/wp-json\/wp\/v2\/media\/14240"}],"wp:attachment":[{"href":"https:\/\/www.elementvape.de\/lt\/wp-json\/wp\/v2\/media?parent=14239"}],"wp:term":[{"taxonomy":"product_cat","embeddable":true,"href":"https:\/\/www.elementvape.de\/lt\/wp-json\/wp\/v2\/product_cat?post=14239"},{"taxonomy":"product_tag","embeddable":true,"href":"https:\/\/www.elementvape.de\/lt\/wp-json\/wp\/v2\/product_tag?post=14239"}],"curies":[{"name":"wp","href":"https:\/\/api.w.org\/{rel}","templated":true}]}}