{"id":14094,"date":"2024-08-31T10:03:49","date_gmt":"2024-08-31T10:03:49","guid":{"rendered":"https:\/\/www.elementvape.de\/?post_type=product&#038;p=14094"},"modified":"2024-10-15T03:11:55","modified_gmt":"2024-10-15T03:11:55","slug":"sichern-sie-sich-die-zollfreie-waspe-15000-puffs-strawberry-watermelon-e-zigarette-zu-unschlagbaren-grosshandelspreisen","status":"publish","type":"product","link":"https:\/\/www.elementvape.de\/lt\/produkt\/sichern-sie-sich-die-zollfreie-waspe-15000-puffs-strawberry-watermelon-e-zigarette-zu-unschlagbaren-grosshandelspreisen\/","title":{"rendered":"U\u017esitikrinkite WASPE 15000 PUFFS bra\u0161ki\u0173 arb\u016bzo elektronin\u0119 cigaret\u0119 be muito u\u017e neprilygstam\u0105 didmenin\u0119 kain\u0105"},"content":{"rendered":"<h2><strong>Patirkite garinimo ateit\u012f su WASPE 15000 PUFFS Bra\u0161k\u0117s Arb\u016bzas E-cigaret\u0117 \u2013 j\u016bs\u0173 galimyb\u0117 gauti neprilygstamas didmenines kainas!<\/strong><\/h2>\n<p>Sveiki atvyk\u0119 \u012f nauj\u0105 garinimo epoch\u0105! Jei ie\u0161kote produkto, kuris \u012ftikina tiek savo kokybe, tiek patrauklumu, tuomet WASPE 15000 PUFFS Bra\u0161ki\u0173 Arb\u016bzas yra tinkamas pasirinkimas. <strong><a href=\"https:\/\/www.elementvape.de\/lt\/\" target=\"_blank\" rel=\"noopener\">Elektronin\u0117 cigaret\u0117<\/a><\/strong> Tai b\u016btent tai, ko jums reikia. \u0160i pa\u017eangi elektronin\u0117 cigaret\u0117 sujungia pa\u017eangi\u0105 technologij\u0105, eleganti\u0161k\u0105 dizain\u0105 ir neprilygstam\u0105 skon\u012f viename ne\u012fveikiamame rinkinyje. Pa\u017evelkime kartu i\u0161samiai \u012f \u0161\u012f i\u0161skirtin\u012f produkt\u0105 ir su\u017einokime, kod\u0117l jis yra tobulas pasirinkimas j\u016bs\u0173 verslui.<\/p>\n<h3><strong>Prana\u0161us skonio \u012fvairov\u0117 ir kokyb\u0117<\/strong><\/h3>\n<p>WASPE 15000 PUFFS Bra\u0161ki\u0173 Arb\u016bzo E-sigarete si\u016blo neprilygstam\u0105 skonio patirt\u012f, kuri i\u0161siskiria i\u0161skirtine bra\u0161ki\u0173 ir arb\u016bzo kombinacija. Vaisi\u0173 skon\u012f i\u0161siskiria sultingos bra\u0161k\u0117s, susitinkant su gaivinan\u010dia arb\u016bzo saldumu, ir sukuria gar\u0173 patirt\u012f, kuri nuolat d\u017eiugins j\u016bs\u0173 klientus. \u0160i harmoningai vaisi\u0173 aromat\u0173 mi\u0161inys ne tik sukuria maloni\u0105 burnos poj\u016bt\u012f, bet ir paver\u010dia r\u016bkym\u0105 tikru malonumu.<\/p>\n<p>D\u0117ka kruop\u0161taus auk\u0161tos kokyb\u0117s ingredient\u0173 pasirinkimo ir tiksli\u0173 gamybos proces\u0173, WASPE E-sigarete u\u017etikrina nuolatin\u012f skon\u012f vis\u0105 produkto gyvavimo laik\u0105. Kiekvienas \u012fkv\u0117pimas suteikia tobul\u0105 skon\u012f, neprarandant intensyvumo, tod\u0117l \u0161i E-sigarete yra ypa\u010d patraukli klientams, vertinantiems kokyb\u0119.<\/p>\n<h3><strong>\u012esp\u016bdinga talpa ilgalaikiam malonumui<\/strong><\/h3>\n<p>I\u0161skirtinis WASPE 15000 PUFFS E-cigaret\u0117s bruo\u017eas yra jos didelis talpumas. Su \u012fsp\u016bdingais 15 000 \u012fkv\u0117pim\u0173 \u0161i modelis si\u016blo ne\u012fprastai ilg\u0105 naudojim\u0105, kuris su\u017eav\u0117s j\u016bs\u0173 klientus. Daugiau nei 22 ml E-skys\u010dio kiekis u\u017etikrina, kad garinimas gal\u0117s trukti ilg\u0105 laik\u0105 be da\u017en\u0173 papildym\u0173. Tai daro WASPE 15000 PUFFS puikia pasirinkimu klientams, ie\u0161kantiems ilgalaikio sprendimo ir nenorintiems nuolat papildyti ar pirkti pakeitimus.<\/p>\n<p>D\u0117l didel\u0117s E-skys\u010dio talpos ir ilgo \u012fkv\u0117pimo skai\u010diaus \u0161is modelis yra idealus daug d\u016bmijan\u010di\u0173 ir klient\u0173, kurie m\u0117gsta b\u016bti kelyje. Galite b\u016bti tikri, kad j\u016bs\u0173 klientai visada tur\u0117s patikim\u0105 ir ilgaam\u017e\u012f produkt\u0105 su WASPE E-cigarette.<\/p>\n<h3><strong>Pritaikomos nikotino stiprumo parinktys individualiems poreikiams<\/strong><\/h3>\n<p>WASPE 15000 PUFFS Bra\u0161ki\u0173 Arb\u016bzo E-cigaret\u0117 yra prieinama su skirtingu N turiniu: 2% ir 5%. \u0160i \u012fvairov\u0117 leid\u017eia j\u016bs\u0173 klientams tiksliai pritaikyti N turin\u012f pagal j\u0173 individualius poreikius ir pageidavimus. Nesvarbu, ar jie renkasi nikotino neturin\u010di\u0105 variant\u0105, ar stipresn\u012f nikotino kiek\u012f turin\u010di\u0105 versij\u0105 \u2013 WASPE E-cigaret\u0117 si\u016blo tinkam\u0105 pasirinkim\u0105 kiekvieno skoniui ir pageidavimui.<\/p>\n<p>\u0160i lankstumas yra ypa\u010d svarbus rinkoje, kuri vis labiau reikalauja personalizuot\u0173 produkt\u0173. Galimyb\u0117 pasi\u016blyti \u012fvairi\u0173 nikotino stiprum\u0173 u\u017etikrina, kad gal\u0117site pasiekti pla\u010di\u0105 auditorij\u0105, turin\u010di\u0105 skirtingus reikalavimus savo garinimo malonumui.<\/p>\n<h3><strong>Pa\u017eangi technologija geresnei gar\u0173 patir\u010diai<\/strong><\/h3>\n<p>WASPE 15000 PUFFS n\u0117ra tik i\u0161skirtinis skoniu ir talpa, bet ir technologiniu po\u017ei\u016briu naujausias. Elektronin\u0117 cigaret\u0117 yra su \u012fkraunamu akumuliatoriumi, kuris \u012fkraunamas per Type-C jungt\u012f. Su 650 mAh talpa \u0161is akumuliatorius u\u017etikrina patikim\u0105 ir ilgalaik\u012f veikim\u0105, tod\u0117l j\u016bs\u0173 klientai netur\u0117s jaudintis d\u0117l da\u017en\u0173 \u012fkrovim\u0173.<\/p>\n<p>Beides, WASPE E-cigaret\u0117, si\u016blo patog\u0173 ekran\u0105, kuris rodo tiek akumuliatoriaus b\u016bsen\u0105, tiek likus\u012f E-liquid kiek\u012f. \u0160i funkcija u\u017etikrina, kad j\u016bs\u0173 klientai visada b\u016bt\u0173 informuoti apie savo E-cigaret\u0117s b\u016bkl\u0119 ir gal\u0117t\u0173 laiku imtis veiksm\u0173, kai reikia \u012fkrauti akumuliatori\u0173 arba papildyti E-liquid.<\/p>\n<h3><strong>\u012evairios skonio galimyb\u0117s kiekvieno skonio poreikiams<\/strong><\/h3>\n<p>Be sidabrin\u0117s m\u0117gstamos bra\u0161ki\u0173 arb\u016bzo versijos, WASPE 15000 PUFFS si\u016blo i\u0161 viso 10 skirting\u0173 skoni\u0173. \u0160i \u012fvairov\u0117 u\u017etikrina, kad kiekvienas rast\u0173 k\u0105 nors sau. Nuo vaisini\u0173 aromat\u0173 iki klasikini\u0173 tabako skoni\u0173 \u2013 j\u016bs\u0173 klientai \u012fvertins pasirinkimo galimybes ir nuolat nor\u0117s i\u0161bandyti naujus skonius.<\/p>\n<p>Didelis skoni\u0173 pasirinkimas leid\u017eia lengvai pritraukti \u012fvairias klient\u0173 grupes ir padidinti pardavimus. Klientai, m\u0117gstantys eksperimentuoti ir atrasti naujus skonio potyrius, ypa\u010d \u012fvertins plat\u0173 galim\u0173 pasirinkim\u0173 asortiment\u0105, kur\u012f si\u016blo WASPE 15000 PUFFS.<\/p>\n<h3><strong>Kompakti\u0161kas ir eleganti\u0161kas dizainas<\/strong><\/h3>\n<p>WASPE 15000 PUFFS E-cigaret\u0117 ne tik \u012ftikina savo vidin\u0117mis savyb\u0117mis, bet ir patraukliu dizainu. Su matmenimis 35 * 56 * 120 mm ir svoriu tik 110 g ji yra kompakti\u0161ka ir lengva, tod\u0117l lengvai telpa \u012f bet kuri\u0105 ki\u0161en\u0119. Plonas ir eleganti\u0161kas dizainas daro \u0161i\u0105 elektronin\u0119 cigaret\u0119 stilingu aksesuaru kasdieniam naudojimui.<\/p>\n<p>Ergonomi\u0161kas dizainas u\u017etikrina patog\u0173 sukibim\u0105 ir lengv\u0105 valdym\u0105, kad j\u016bs\u0173 klientai gal\u0117t\u0173 m\u0117gautis r\u016bkomu garu pilna \u0161irdimi. Auk\u0161tos kokyb\u0117s apdirbimas ir modernus i\u0161vaizda padeda, kad WASPE E-cigaret\u0117 b\u016bt\u0173 tiek funkcionali, tiek esteti\u0161ka.<\/p>\n<h3><strong>J\u016bs\u0173 galimyb\u0117 gauti didmenines kainas \u2013 dabar imkit\u0117s veiksm\u0173<\/strong><\/h3>\n<p>Kaip didmenininkas turite galimyb\u0119 \u012fsigyti WASPE 15000 PUFFS Bra\u0161ki\u0173 arb\u016bzo E-cigaret\u0119 u\u017e neprilygstamas kainas. Tai ne tik puiki galimyb\u0117 papildyti savo asortiment\u0105 pirmos klas\u0117s produktu, bet ir pasinaudoti patraukliomis didmenin\u0117mis nuolaidomis.<\/p>\n<p>\u012etraukdami \u0161\u012f auk\u0161tos kokyb\u0117s produkt\u0105 \u012f savo pasi\u016blym\u0105, galite i\u0161siskirti i\u0161 konkurent\u0173 ir pasi\u016blyti savo klientams unikal\u0173 gar\u0173 patirt\u012f. Puikus skonio, pa\u017eangios technologijos ir stilingo dizaino derinys daro WASPE 15000 PUFFS pasirinkimu, kuris yra pirmos klas\u0117s j\u016bs\u0173 verslui.<\/p>\n<h3><strong>Privalumai j\u016bs\u0173 verslui<\/strong><\/h3>\n<p>Pirkdami WASPE 15000 PUFFS E-cigaret\u0119 u\u017e didmenin\u0119 kain\u0105, gausite daugyb\u0119 privalum\u0173:<\/p>\n<ul>\n<li><strong>Padid\u0117jusi klient\u0173 lojalumas:<\/strong> Naudodami auk\u0161tos kokyb\u0117s produkt\u0105 kaip WASPE 15000 PUFFS, galite padidinti klient\u0173 pasitenkinim\u0105 ir lojalum\u0105.<\/li>\n<li><strong>Pardavim\u0173 augimas:<\/strong> Derinys didel\u0117s talpos, pirmos klas\u0117s skonio ir lanks\u010di\u0173 nikotino stiprum\u0173 \u017eenkliai padidins j\u016bs\u0173 pardavimus.<\/li>\n<li><strong>Konkurencinis prana\u0161umas:<\/strong> Si\u016blydami inovatyv\u0173 ir pa\u017eang\u0173 technologij\u0173 produkt\u0105, \u012fgyjate ai\u0161k\u0173 konkurencin\u012f prana\u0161um\u0105 rinkoje.<\/li>\n<li><strong>Pelningumas:<\/strong> D\u0117l patraukli\u0173 didmenini\u0173 kain\u0173 turite galimyb\u0119 maksimaliai padidinti pelno mar\u017eas ir tuo pa\u010diu pasi\u016blyti konkurencingas kainas.<\/li>\n<\/ul>\n<h3><strong>Klient\u0173 atsiliepimai ir s\u0117km\u0117s istorijos<\/strong><\/h3>\n<p>WASPE 15000 PUFFS Bra\u0161ki\u0173 arb\u016bzo E-cigaret\u0117 jau sulauk\u0117 daugyb\u0117s teigiam\u0173 klient\u0173 \u012fvertinim\u0173. Vartotojai ypa\u010d giria ilgalaik\u012f veikim\u0105, skonio \u012fvairov\u0119 ir patog\u0173 naudojim\u0105. \u0160ie teigiami atsiliepimai pabr\u0117\u017eia produkto auk\u0161t\u0105 kokyb\u0119 ir patvirtina klient\u0173 pasitenkinim\u0105.<\/p>\n<p>Vartotoj\u0173 atsiliepimai rodo, kad WASPE 15000 PUFFS tapo j\u0173 asortimento bestseleriu ir \u017eymiai padidino klient\u0173 lojalum\u0105 bei pardavimus. Produktas pasirod\u0117 es\u0105s labai s\u0117kmingas ir yra ai\u0161kus m\u0117gstamiausias tarp gar\u0173 m\u0117g\u0117j\u0173, vertinan\u010di\u0173 kokyb\u0119 ir skon\u012f.<\/p>\n<h3><strong>Dabar \u012fsigykite WASPE 15000 PUFFS!<\/strong><\/h3>\n<p>WASPE 15000 PUFFS Bra\u0161ki\u0173 arb\u016bzo E-cigaret\u0117 si\u016blo visk\u0105, ko galite tik\u0117tis i\u0161 auk\u0161\u010diausios kokyb\u0117s gar\u0173 patirties: puik\u0173 skon\u012f, didel\u0119 talp\u0105, pa\u017eangi\u0105 technologij\u0105 ir eleganti\u0161k\u0105 dizain\u0105. Kaip didmenininkas turite unikali\u0105 galimyb\u0119 \u012fsigyti \u0161\u012f i\u0161skirtin\u012f produkt\u0105 u\u017e neprilygstamas kainas ir pasinaudoti daugybe jo privalum\u0173.<\/p>\n<p>Pasinaudokite \u0161ia galimybe papildyti savo asortiment\u0105 auk\u0161\u010diausios kokyb\u0117s produktu ir pasi\u016blyti savo klientams nepamir\u0161tam\u0105 gar\u0173 patirt\u012f. Susisiekite su mumis jau \u0161iandien, kad \u012fsigytum\u0117te WASPE 15000 PUFFS Bra\u0161ki\u0173 arb\u016bzo E-cigaret\u0119 ir pasinaudotum\u0117te i\u0161skirtin\u0117mis didmenin\u0117mis nuolaidomis. Nepraleiskite progos pakelti savo versl\u0105 \u012f kit\u0105 lyg\u012f ir pasi\u016blyti savo klientams geriausi\u0105 i\u0161 gar\u0173 pasaulio. <strong><a href=\"https:\/\/www.elementvape.de\/lt\/\" target=\"_blank\" rel=\"noopener\">garinimo<\/a><\/strong> si\u016blyti!<\/p>","protected":false},"excerpt":{"rendered":"<p>Erleben Sie die Zukunft des Dampfens mit der WASPE 15000 PUFFS Strawberry Watermelon E-Zigarette \u2013 Ihre Chance auf unschlagbare Gro\u00dfhandelspreise! Willkommen in der neuen \u00c4ra des Dampfens! Wenn Sie auf der Suche nach einem Produkt sind, das sowohl durch seine Qualit\u00e4t als auch durch seine Attraktivit\u00e4t \u00fcberzeugt, dann ist die WASPE 15000 PUFFS Strawberry Watermelon [&hellip;]<\/p>","protected":false},"featured_media":14095,"template":"","meta":{"inline_featured_image":false},"product_cat":[15,78,735,746,741,733,750,737,736,749,752,756,744,755,738,751,727],"product_tag":[710,674],"tiered_pricing_type":"fixed","tiered_pricing_fixed_rules":[],"tiered_pricing_percentage_rules":[],"tiered_pricing_minimum":1,"_administrator_tiered_pricing_type":"fixed","_administrator_tiered_pricing_fixed_rules":[],"_editor_tiered_pricing_type":"fixed","_editor_tiered_pricing_fixed_rules":[],"_author_tiered_pricing_type":"fixed","_author_tiered_pricing_fixed_rules":[],"_contributor_tiered_pricing_type":"fixed","_contributor_tiered_pricing_fixed_rules":[],"_subscriber_tiered_pricing_type":"fixed","_subscriber_tiered_pricing_fixed_rules":[],"_customer_tiered_pricing_type":"fixed","_customer_tiered_pricing_fixed_rules":[],"_shop_manager_tiered_pricing_type":"fixed","_shop_manager_tiered_pricing_fixed_rules":[],"_wpseo_manager_tiered_pricing_type":"fixed","_wpseo_manager_tiered_pricing_fixed_rules":[],"_wpseo_editor_tiered_pricing_type":"fixed","_wpseo_editor_tiered_pricing_fixed_rules":[],"_wholesale_customer_tiered_pricing_type":"fixed","_wholesale_customer_tiered_pricing_fixed_rules":[],"_marketer_tiered_pricing_type":"fixed","_marketer_tiered_pricing_fixed_rules":[],"_sales_manager_tiered_pricing_type":"fixed","_sales_manager_tiered_pricing_fixed_rules":[],"_sales_rep_tiered_pricing_type":"fixed","_sales_rep_tiered_pricing_fixed_rules":[],"yoast_head":"<!-- This site is optimized with the Yoast SEO plugin v23.3 - https:\/\/yoast.com\/wordpress\/plugins\/seo\/ -->\n<title>Sichern Sie sich die zollfreie WASPE 15000 PUFFS Strawberry Watermelon E-Zigarette zu unschlagbaren Gro\u00dfhandelspreisen | ElementVape.de<\/title>\n<meta name=\"description\" content=\"Wir bieten Sichern Sie sich die zollfreie WASPE 15000 PUFFS Strawberry Watermelon E-Zigarette zu unschlagbaren Gro\u00dfhandelspreisen , Elementvape.de akzeptieren Gro\u00df-und Einzelhandel Bestellungen.\" \/>\n<meta name=\"robots\" content=\"index, follow, max-snippet:-1, max-image-preview:large, max-video-preview:-1\" \/>\n<link rel=\"canonical\" href=\"https:\/\/www.elementvape.de\/lt\/produkt\/sichern-sie-sich-die-zollfreie-waspe-15000-puffs-strawberry-watermelon-e-zigarette-zu-unschlagbaren-grosshandelspreisen\/\" \/>\n<meta property=\"og:locale\" content=\"lt_LT\" \/>\n<meta property=\"og:type\" content=\"article\" \/>\n<meta property=\"og:title\" content=\"Sichern Sie sich die zollfreie WASPE 15000 PUFFS Strawberry Watermelon E-Zigarette zu unschlagbaren Gro\u00dfhandelspreisen | ElementVape.de\" \/>\n<meta property=\"og:description\" content=\"Wir bieten Sichern Sie sich die zollfreie WASPE 15000 PUFFS Strawberry Watermelon E-Zigarette zu unschlagbaren Gro\u00dfhandelspreisen , Elementvape.de akzeptieren Gro\u00df-und Einzelhandel Bestellungen.\" \/>\n<meta property=\"og:url\" content=\"https:\/\/www.elementvape.de\/lt\/produkt\/sichern-sie-sich-die-zollfreie-waspe-15000-puffs-strawberry-watermelon-e-zigarette-zu-unschlagbaren-grosshandelspreisen\/\" \/>\n<meta property=\"og:site_name\" content=\"ElementVape.de\" \/>\n<meta property=\"article:modified_time\" content=\"2024-10-15T03:11:55+00:00\" \/>\n<meta property=\"og:image\" content=\"https:\/\/www.elementvape.de\/wp-content\/uploads\/2024\/08\/strawberry-watermelon-3.jpg\" \/>\n\t<meta property=\"og:image:width\" content=\"2000\" \/>\n\t<meta property=\"og:image:height\" content=\"2000\" \/>\n\t<meta property=\"og:image:type\" content=\"image\/jpeg\" \/>\n<meta name=\"twitter:card\" content=\"summary_large_image\" \/>\n<meta name=\"twitter:label1\" content=\"Est. reading time\" \/>\n\t<meta name=\"twitter:data1\" content=\"7 minut\u0117s\" \/>\n<script type=\"application\/ld+json\" class=\"yoast-schema-graph\">{\"@context\":\"https:\/\/schema.org\",\"@graph\":[{\"@type\":\"WebPage\",\"@id\":\"https:\/\/www.elementvape.de\/en\/produkt\/sichern-sie-sich-die-zollfreie-waspe-15000-puffs-strawberry-watermelon-e-zigarette-zu-unschlagbaren-grosshandelspreisen\/\",\"url\":\"https:\/\/www.elementvape.de\/en\/produkt\/sichern-sie-sich-die-zollfreie-waspe-15000-puffs-strawberry-watermelon-e-zigarette-zu-unschlagbaren-grosshandelspreisen\/\",\"name\":\"Sichern Sie sich die zollfreie WASPE 15000 PUFFS Strawberry Watermelon E-Zigarette zu unschlagbaren Gro\u00dfhandelspreisen | ElementVape.de\",\"isPartOf\":{\"@id\":\"https:\/\/www.elementvape.de\/#website\"},\"primaryImageOfPage\":{\"@id\":\"https:\/\/www.elementvape.de\/en\/produkt\/sichern-sie-sich-die-zollfreie-waspe-15000-puffs-strawberry-watermelon-e-zigarette-zu-unschlagbaren-grosshandelspreisen\/#primaryimage\"},\"image\":{\"@id\":\"https:\/\/www.elementvape.de\/en\/produkt\/sichern-sie-sich-die-zollfreie-waspe-15000-puffs-strawberry-watermelon-e-zigarette-zu-unschlagbaren-grosshandelspreisen\/#primaryimage\"},\"thumbnailUrl\":\"https:\/\/www.elementvape.de\/wp-content\/uploads\/2024\/08\/strawberry-watermelon-3.jpg\",\"datePublished\":\"2024-08-31T10:03:49+00:00\",\"dateModified\":\"2024-10-15T03:11:55+00:00\",\"description\":\"Wir bieten Sichern Sie sich die zollfreie WASPE 15000 PUFFS Strawberry Watermelon E-Zigarette zu unschlagbaren Gro\u00dfhandelspreisen , Elementvape.de akzeptieren Gro\u00df-und Einzelhandel Bestellungen.\",\"breadcrumb\":{\"@id\":\"https:\/\/www.elementvape.de\/en\/produkt\/sichern-sie-sich-die-zollfreie-waspe-15000-puffs-strawberry-watermelon-e-zigarette-zu-unschlagbaren-grosshandelspreisen\/#breadcrumb\"},\"inLanguage\":\"lt-LT\",\"potentialAction\":[{\"@type\":\"ReadAction\",\"target\":[\"https:\/\/www.elementvape.de\/en\/produkt\/sichern-sie-sich-die-zollfreie-waspe-15000-puffs-strawberry-watermelon-e-zigarette-zu-unschlagbaren-grosshandelspreisen\/\"]}]},{\"@type\":\"ImageObject\",\"inLanguage\":\"lt-LT\",\"@id\":\"https:\/\/www.elementvape.de\/en\/produkt\/sichern-sie-sich-die-zollfreie-waspe-15000-puffs-strawberry-watermelon-e-zigarette-zu-unschlagbaren-grosshandelspreisen\/#primaryimage\",\"url\":\"https:\/\/www.elementvape.de\/wp-content\/uploads\/2024\/08\/strawberry-watermelon-3.jpg\",\"contentUrl\":\"https:\/\/www.elementvape.de\/wp-content\/uploads\/2024\/08\/strawberry-watermelon-3.jpg\",\"width\":2000,\"height\":2000,\"caption\":\"strawberry-watermelon\"},{\"@type\":\"BreadcrumbList\",\"@id\":\"https:\/\/www.elementvape.de\/en\/produkt\/sichern-sie-sich-die-zollfreie-waspe-15000-puffs-strawberry-watermelon-e-zigarette-zu-unschlagbaren-grosshandelspreisen\/#breadcrumb\",\"itemListElement\":[{\"@type\":\"ListItem\",\"position\":1,\"name\":\"Home\",\"item\":\"https:\/\/www.elementvape.de\/\"},{\"@type\":\"ListItem\",\"position\":2,\"name\":\"Shop\",\"item\":\"https:\/\/www.elementvape.de\/shop\/\"},{\"@type\":\"ListItem\",\"position\":3,\"name\":\"Sichern Sie sich die zollfreie WASPE 15000 PUFFS Strawberry Watermelon E-Zigarette zu unschlagbaren Gro\u00dfhandelspreisen\"}]},{\"@type\":\"WebSite\",\"@id\":\"https:\/\/www.elementvape.de\/#website\",\"url\":\"https:\/\/www.elementvape.de\/\",\"name\":\"ElementVape.de\",\"description\":\"\",\"publisher\":{\"@id\":\"https:\/\/www.elementvape.de\/#organization\"},\"potentialAction\":[{\"@type\":\"SearchAction\",\"target\":{\"@type\":\"EntryPoint\",\"urlTemplate\":\"https:\/\/www.elementvape.de\/?s={search_term_string}\"},\"query-input\":\"required name=search_term_string\"}],\"inLanguage\":\"lt-LT\"},{\"@type\":\"Organization\",\"@id\":\"https:\/\/www.elementvape.de\/#organization\",\"name\":\"ElementVape.DE\",\"url\":\"https:\/\/www.elementvape.de\/\",\"logo\":{\"@type\":\"ImageObject\",\"inLanguage\":\"lt-LT\",\"@id\":\"https:\/\/www.elementvape.de\/#\/schema\/logo\/image\/\",\"url\":\"https:\/\/www.elementvape.de\/wp-content\/uploads\/2024\/09\/cropped-1elementvape-3.png\",\"contentUrl\":\"https:\/\/www.elementvape.de\/wp-content\/uploads\/2024\/09\/cropped-1elementvape-3.png\",\"width\":285,\"height\":228,\"caption\":\"ElementVape.DE\"},\"image\":{\"@id\":\"https:\/\/www.elementvape.de\/#\/schema\/logo\/image\/\"}}]}<\/script>\n<!-- \/ Yoast SEO plugin. -->","yoast_head_json":{"title":"Sichern Sie sich die zollfreie WASPE 15000 PUFFS Strawberry Watermelon E-Zigarette zu unschlagbaren Gro\u00dfhandelspreisen | ElementVape.de","description":"Wir bieten Sichern Sie sich die zollfreie WASPE 15000 PUFFS Strawberry Watermelon E-Zigarette zu unschlagbaren Gro\u00dfhandelspreisen , Elementvape.de akzeptieren Gro\u00df-und Einzelhandel Bestellungen.","robots":{"index":"index","follow":"follow","max-snippet":"max-snippet:-1","max-image-preview":"max-image-preview:large","max-video-preview":"max-video-preview:-1"},"canonical":"https:\/\/www.elementvape.de\/lt\/produkt\/sichern-sie-sich-die-zollfreie-waspe-15000-puffs-strawberry-watermelon-e-zigarette-zu-unschlagbaren-grosshandelspreisen\/","og_locale":"lt_LT","og_type":"article","og_title":"Sichern Sie sich die zollfreie WASPE 15000 PUFFS Strawberry Watermelon E-Zigarette zu unschlagbaren Gro\u00dfhandelspreisen | ElementVape.de","og_description":"Wir bieten Sichern Sie sich die zollfreie WASPE 15000 PUFFS Strawberry Watermelon E-Zigarette zu unschlagbaren Gro\u00dfhandelspreisen , Elementvape.de akzeptieren Gro\u00df-und Einzelhandel Bestellungen.","og_url":"https:\/\/www.elementvape.de\/lt\/produkt\/sichern-sie-sich-die-zollfreie-waspe-15000-puffs-strawberry-watermelon-e-zigarette-zu-unschlagbaren-grosshandelspreisen\/","og_site_name":"ElementVape.de","article_modified_time":"2024-10-15T03:11:55+00:00","og_image":[{"width":2000,"height":2000,"url":"https:\/\/www.elementvape.de\/wp-content\/uploads\/2024\/08\/strawberry-watermelon-3.jpg","type":"image\/jpeg"}],"twitter_card":"summary_large_image","twitter_misc":{"Est. reading time":"7 minut\u0117s"},"schema":{"@context":"https:\/\/schema.org","@graph":[{"@type":"WebPage","@id":"https:\/\/www.elementvape.de\/en\/produkt\/sichern-sie-sich-die-zollfreie-waspe-15000-puffs-strawberry-watermelon-e-zigarette-zu-unschlagbaren-grosshandelspreisen\/","url":"https:\/\/www.elementvape.de\/en\/produkt\/sichern-sie-sich-die-zollfreie-waspe-15000-puffs-strawberry-watermelon-e-zigarette-zu-unschlagbaren-grosshandelspreisen\/","name":"Sichern Sie sich die zollfreie WASPE 15000 PUFFS Strawberry Watermelon E-Zigarette zu unschlagbaren Gro\u00dfhandelspreisen | ElementVape.de","isPartOf":{"@id":"https:\/\/www.elementvape.de\/#website"},"primaryImageOfPage":{"@id":"https:\/\/www.elementvape.de\/en\/produkt\/sichern-sie-sich-die-zollfreie-waspe-15000-puffs-strawberry-watermelon-e-zigarette-zu-unschlagbaren-grosshandelspreisen\/#primaryimage"},"image":{"@id":"https:\/\/www.elementvape.de\/en\/produkt\/sichern-sie-sich-die-zollfreie-waspe-15000-puffs-strawberry-watermelon-e-zigarette-zu-unschlagbaren-grosshandelspreisen\/#primaryimage"},"thumbnailUrl":"https:\/\/www.elementvape.de\/wp-content\/uploads\/2024\/08\/strawberry-watermelon-3.jpg","datePublished":"2024-08-31T10:03:49+00:00","dateModified":"2024-10-15T03:11:55+00:00","description":"Wir bieten Sichern Sie sich die zollfreie WASPE 15000 PUFFS Strawberry Watermelon E-Zigarette zu unschlagbaren Gro\u00dfhandelspreisen , Elementvape.de akzeptieren Gro\u00df-und Einzelhandel Bestellungen.","breadcrumb":{"@id":"https:\/\/www.elementvape.de\/en\/produkt\/sichern-sie-sich-die-zollfreie-waspe-15000-puffs-strawberry-watermelon-e-zigarette-zu-unschlagbaren-grosshandelspreisen\/#breadcrumb"},"inLanguage":"lt-LT","potentialAction":[{"@type":"ReadAction","target":["https:\/\/www.elementvape.de\/en\/produkt\/sichern-sie-sich-die-zollfreie-waspe-15000-puffs-strawberry-watermelon-e-zigarette-zu-unschlagbaren-grosshandelspreisen\/"]}]},{"@type":"ImageObject","inLanguage":"lt-LT","@id":"https:\/\/www.elementvape.de\/en\/produkt\/sichern-sie-sich-die-zollfreie-waspe-15000-puffs-strawberry-watermelon-e-zigarette-zu-unschlagbaren-grosshandelspreisen\/#primaryimage","url":"https:\/\/www.elementvape.de\/wp-content\/uploads\/2024\/08\/strawberry-watermelon-3.jpg","contentUrl":"https:\/\/www.elementvape.de\/wp-content\/uploads\/2024\/08\/strawberry-watermelon-3.jpg","width":2000,"height":2000,"caption":"strawberry-watermelon"},{"@type":"BreadcrumbList","@id":"https:\/\/www.elementvape.de\/en\/produkt\/sichern-sie-sich-die-zollfreie-waspe-15000-puffs-strawberry-watermelon-e-zigarette-zu-unschlagbaren-grosshandelspreisen\/#breadcrumb","itemListElement":[{"@type":"ListItem","position":1,"name":"Home","item":"https:\/\/www.elementvape.de\/"},{"@type":"ListItem","position":2,"name":"Shop","item":"https:\/\/www.elementvape.de\/shop\/"},{"@type":"ListItem","position":3,"name":"Sichern Sie sich die zollfreie WASPE 15000 PUFFS Strawberry Watermelon E-Zigarette zu unschlagbaren Gro\u00dfhandelspreisen"}]},{"@type":"WebSite","@id":"https:\/\/www.elementvape.de\/#website","url":"https:\/\/www.elementvape.de\/","name":"ElementVape.de","description":"","publisher":{"@id":"https:\/\/www.elementvape.de\/#organization"},"potentialAction":[{"@type":"SearchAction","target":{"@type":"EntryPoint","urlTemplate":"https:\/\/www.elementvape.de\/?s={search_term_string}"},"query-input":"required name=search_term_string"}],"inLanguage":"lt-LT"},{"@type":"Organization","@id":"https:\/\/www.elementvape.de\/#organization","name":"ElementVape.DE","url":"https:\/\/www.elementvape.de\/","logo":{"@type":"ImageObject","inLanguage":"lt-LT","@id":"https:\/\/www.elementvape.de\/#\/schema\/logo\/image\/","url":"https:\/\/www.elementvape.de\/wp-content\/uploads\/2024\/09\/cropped-1elementvape-3.png","contentUrl":"https:\/\/www.elementvape.de\/wp-content\/uploads\/2024\/09\/cropped-1elementvape-3.png","width":285,"height":228,"caption":"ElementVape.DE"},"image":{"@id":"https:\/\/www.elementvape.de\/#\/schema\/logo\/image\/"}}]}},"_links":{"self":[{"href":"https:\/\/www.elementvape.de\/lt\/wp-json\/wp\/v2\/product\/14094"}],"collection":[{"href":"https:\/\/www.elementvape.de\/lt\/wp-json\/wp\/v2\/product"}],"about":[{"href":"https:\/\/www.elementvape.de\/lt\/wp-json\/wp\/v2\/types\/product"}],"wp:featuredmedia":[{"embeddable":true,"href":"https:\/\/www.elementvape.de\/lt\/wp-json\/wp\/v2\/media\/14095"}],"wp:attachment":[{"href":"https:\/\/www.elementvape.de\/lt\/wp-json\/wp\/v2\/media?parent=14094"}],"wp:term":[{"taxonomy":"product_cat","embeddable":true,"href":"https:\/\/www.elementvape.de\/lt\/wp-json\/wp\/v2\/product_cat?post=14094"},{"taxonomy":"product_tag","embeddable":true,"href":"https:\/\/www.elementvape.de\/lt\/wp-json\/wp\/v2\/product_tag?post=14094"}],"curies":[{"name":"wp","href":"https:\/\/api.w.org\/{rel}","templated":true}]}}