{"id":14071,"date":"2024-08-31T03:48:55","date_gmt":"2024-08-31T03:48:55","guid":{"rendered":"https:\/\/www.elementvape.de\/?post_type=product&#038;p=14071"},"modified":"2024-10-15T03:15:05","modified_gmt":"2024-10-15T03:15:05","slug":"zollfreie-frische-waspe-8000-puffs-strawberry-ice-e-zigarette-jetzt-zum-besten-grosshandelspreis-fuer-ultimativen-erdbeergenuss","status":"publish","type":"product","link":"https:\/\/www.elementvape.de\/lt\/produkt\/zollfreie-frische-waspe-8000-puffs-strawberry-ice-e-zigarette-jetzt-zum-besten-grosshandelspreis-fuer-ultimativen-erdbeergenuss\/","title":{"rendered":"Be muitin\u0117s \u0161vie\u017eumo WASPE 8000 PUFFS Bra\u0161ki\u0173 ledas E-cigaret\u0117, dabar geriausia didmenin\u0117 kaina galutiniam bra\u0161ki\u0173 malonumui"},"content":{"rendered":"<p>WASPE 8000 PUFFS Bra\u0161ki\u0173 ledas E-sigarete pristato sald\u0173 ir sulting\u0105 prinokusi\u0173 bra\u0161ki\u0173 skon\u012f su gaivinan\u010dia ledinio skonio nata tiesiai pas jus. Didmenin\u0117ms \u012fmon\u0117ms, norin\u010dioms pasi\u016blyti savo klientams neprilygstam\u0105 garinimo patirt\u012f, \u0161i modelis sujungia pirmos klas\u0117s skon\u012f, auk\u0161t\u0105 gali\u0105 ir patrauklias kainas. Patirkite tobul\u0105 saldaus bra\u0161ki\u0173 malonumo ir gaivios \u0161altosios gaivos balans\u0105, visk\u0105 be muit\u0173 ir ne\u012ftik\u0117tinomis didmenin\u0117mis kainomis.<\/p>\n<h3>Bra\u0161ki\u0173 ledas Saldus bra\u0161ki\u0173 malonumas su \u0161iek tiek gaivos<\/h3>\n<p>WASPE 8000 PUFFS Bra\u0161ki\u0173 ledas E-sigarete i\u0161skirtinis bruo\u017eas yra neabejotinai jos vaisinis bra\u0161ki\u0173 aromatas. Kiekvienas \u012fkv\u0117pimas atskleid\u017eia nat\u016bral\u0173 \u0161vie\u017ei\u0173 bra\u0161ki\u0173 saldum\u0105 ir vaisingum\u0105, tobulai papildyt\u0105 gaivinan\u010dia ledinio skonio nata, kuri suteikia gaiv\u0173 u\u017ebaigim\u0105. \u0160is aromatas yra idealus garintojams, m\u0117gstantiems vaisinius skonius ir vertinantiems gaivinan\u010di\u0105 komponent\u0119.<\/p>\n<p>Bra\u0161ki\u0173 ledas skonis yra tobulai subalansuotas, tod\u0117l bra\u0161ki\u0173 natos n\u0117ra per stiprios, o maloniai lengvos ir gaivios. \u0160i kombinacija daro \u0161i\u0105 elektronin\u0119 cigaret\u0119 m\u0117gstamiausia kasdieniam naudojimui, ypa\u010d \u0161iltomis dienomis, kai norisi \u0161alto, vaisinio aromato.<\/p>\n<p>Su \u012fsp\u016bdinga 8000 \u012fkv\u0117pim\u0173 talpa, WASPE Bra\u0161ki\u0173 ledas E-sigarete si\u016blo nepaprastai ilg\u0105 naudojimo laik\u0105, u\u017etikrinant nuolatin\u0119 garinimo patirt\u012f. Didel\u0117 16 ml E-liquido talpa u\u017etikrina, kad skanus bra\u0161ki\u0173 skonis i\u0161likt\u0173 viso naudojimo metu, neprarandant intensyvumo.<\/p>\n<p>\u0160i didel\u0117 p\u016btimo talpa yra ypa\u010d naudinga didmenininkams, nes jie gali pasi\u016blyti savo klientams ilgalaik\u012f ir patikim\u0105 produkt\u0105. Auk\u0161tos talpos ir puikaus skonio derinys daro WASPE 8000 PUFFS Bra\u0161ki\u0173 ledas puikia pasirinkimu tiems, kurie ie\u0161ko intensyvios ir ilgalaik\u0117s garinimo patirties.<\/p>\n<h3>Moderni technologija optimaliam malonumui<\/h3>\n<p>WASPE 8000 PUFFS Bra\u0161ki\u0173 ledas E-sigarete yra su pa\u017eangia 0,8\u03a9 tinklinio rit\u0117s technologija, leid\u017eian\u010dia vienodai \u0161ildyti E-liquido. \u0160i technologija u\u017etikrina optimal\u0173 skonio i\u0161siskyrim\u0105 ir garantuoja, kad bra\u0161ki\u0173 aromatas kiekvienu \u012fkv\u0117pimu bus pilnai i\u0161ry\u0161kintas.<\/p>\n<p>D\u0117l Type-C \u012fkrovimo jungties 650mAh akumuliatorius gali b\u016bti greitai ir efektyviai \u012fkrautas, tod\u0117l elektronin\u0117 cigaret\u0117 visada yra paruo\u0161ta naudoti. \u0160ios technin\u0117s savyb\u0117s, kartu su patogiu valdymu, daro WASPE 8000 PUFFS Bra\u0161ki\u0173 ledas puikia pasirinkimu tiek patyrusiems garintojams, tiek pradedantiesiems.<\/p>\n<h3>Patrauklios didmenin\u0117s kainos ir muitin\u0117s nemokamas pristatymas<\/h3>\n<p>Didmenininkams WASPE 8000 PUFFS Bra\u0161ki\u0173 ledas E-sigarete si\u016blo reik\u0161ming\u0105 ekonomin\u0119 naud\u0105. Muit\u0173 nemokamas pristatymas suma\u017eina pirkimo i\u0161laidas ir leid\u017eia pasi\u016blyti produkt\u0105 konkurencingomis kainomis. \u0160ios kain\u0173 naudos didina pelno mar\u017eas ir daro \u0161i\u0105 elektronin\u0119 cigaret\u0119 patrauklia pasirinkimu kiekvienam prekybininkui.<\/p>\n<p>Patrauklios didmenin\u0117s kainos leid\u017eia prekybininkams lengvai papildyti savo atsargas u\u017e prieinam\u0105 kain\u0105, tuo pa\u010diu si\u016blant auk\u0161tos kokyb\u0117s produkt\u0105. Puikus skonio patirties, ilgaam\u017ei\u0161kumo ir ekonomini\u0173 prana\u0161um\u0173 derinys daro WASPE 8000 PUFFS Bra\u0161ki\u0173 ledas pelninga investicija didmeninei prekybai.<\/p>\n<h3>Galutinis bra\u0161ki\u0173 malonumas kiekvienu aspektu<\/h3>\n<p>WASPE 8000 PUFFS Bra\u0161ki\u0173 ledas E-sigarete si\u016blo unikali\u0105 garinimo patirt\u012f, kuri i\u0161siskiria sald\u017eia bra\u0161ki\u0173 vaisi\u0161kumu ir gaivinan\u010dia ledinio gaivos nata. Su savo dideliu p\u016btimo talpa, pa\u017eangia technologija ir patogiu valdymu ji nustato naujus malonumo ir patogumo standartus.<\/p>\n<p>Didmenininkams \u0161is produktas ne tik suteikia puiki\u0105 galimyb\u0119 pasi\u016blyti savo klientams ka\u017ek\u0105 ypatingo, bet ir reik\u0161ming\u0105 ekonomin\u0119 naud\u0105 per muit\u0173 nemokam\u0105 pristatym\u0105 ir patrauklias didmenines kainas. Pasinaudokite dabar WASPE 8000 PUFFS Bra\u0161ki\u0173 ledas ir patirkite galutin\u012f bra\u0161ki\u0173 malonum\u0105 \u2013 sau arba kaip pelning\u0105 papildym\u0105 savo verslui.<\/p>","protected":false},"excerpt":{"rendered":"<p>Die WASPE 8000 PUFFS Strawberry Ice E-Zigarette bringt den s\u00fc\u00dfen und saftigen Geschmack reifer Erdbeeren mit einer erfrischenden Eisnote direkt zu Ihnen. F\u00fcr Gro\u00dfh\u00e4ndler, die ihren Kunden ein unvergleichliches Dampferlebnis bieten m\u00f6chten, kombiniert dieses Modell erstklassigen Geschmack, hohe Leistung und attraktive Preise. Erleben Sie die perfekte Balance zwischen s\u00fc\u00dfem Erdbeergenuss und k\u00fchler Frische, alles zollfrei [&hellip;]<\/p>","protected":false},"featured_media":14072,"template":"","meta":{"inline_featured_image":false},"product_cat":[15,78,735,746,741,733,750,737,736,749,752,756,744,755,738,751,727],"product_tag":[710,683],"tiered_pricing_type":"fixed","tiered_pricing_fixed_rules":[],"tiered_pricing_percentage_rules":[],"tiered_pricing_minimum":1,"_administrator_tiered_pricing_type":"fixed","_administrator_tiered_pricing_fixed_rules":[],"_editor_tiered_pricing_type":"fixed","_editor_tiered_pricing_fixed_rules":[],"_author_tiered_pricing_type":"fixed","_author_tiered_pricing_fixed_rules":[],"_contributor_tiered_pricing_type":"fixed","_contributor_tiered_pricing_fixed_rules":[],"_subscriber_tiered_pricing_type":"fixed","_subscriber_tiered_pricing_fixed_rules":[],"_customer_tiered_pricing_type":"fixed","_customer_tiered_pricing_fixed_rules":[],"_shop_manager_tiered_pricing_type":"fixed","_shop_manager_tiered_pricing_fixed_rules":[],"_wpseo_manager_tiered_pricing_type":"fixed","_wpseo_manager_tiered_pricing_fixed_rules":[],"_wpseo_editor_tiered_pricing_type":"fixed","_wpseo_editor_tiered_pricing_fixed_rules":[],"_wholesale_customer_tiered_pricing_type":"fixed","_wholesale_customer_tiered_pricing_fixed_rules":[],"_marketer_tiered_pricing_type":"fixed","_marketer_tiered_pricing_fixed_rules":[],"_sales_manager_tiered_pricing_type":"fixed","_sales_manager_tiered_pricing_fixed_rules":[],"_sales_rep_tiered_pricing_type":"fixed","_sales_rep_tiered_pricing_fixed_rules":[],"yoast_head":"<!-- This site is optimized with the Yoast SEO plugin v23.3 - https:\/\/yoast.com\/wordpress\/plugins\/seo\/ -->\n<title>Zollfreie Frische WASPE 8000 PUFFS Strawberry Ice E-Zigarette, jetzt zum besten Gro\u00dfhandelspreis f\u00fcr ultimativen Erdbeergenuss | ElementVape.de<\/title>\n<meta name=\"description\" content=\"Wir bieten Zollfreie Frische WASPE 8000 PUFFS Strawberry Ice E-Zigarette, jetzt zum besten Gro\u00dfhandelspreis f\u00fcr ultimativen Erdbeergenuss , Elementvape.de akzeptieren Gro\u00df-und Einzelhandel Bestellungen.\" \/>\n<meta name=\"robots\" content=\"index, follow, max-snippet:-1, max-image-preview:large, max-video-preview:-1\" \/>\n<link rel=\"canonical\" href=\"https:\/\/www.elementvape.de\/lt\/produkt\/zollfreie-frische-waspe-8000-puffs-strawberry-ice-e-zigarette-jetzt-zum-besten-grosshandelspreis-fuer-ultimativen-erdbeergenuss\/\" \/>\n<meta property=\"og:locale\" content=\"lt_LT\" \/>\n<meta property=\"og:type\" content=\"article\" \/>\n<meta property=\"og:title\" content=\"Zollfreie Frische WASPE 8000 PUFFS Strawberry Ice E-Zigarette, jetzt zum besten Gro\u00dfhandelspreis f\u00fcr ultimativen Erdbeergenuss | ElementVape.de\" \/>\n<meta property=\"og:description\" content=\"Wir bieten Zollfreie Frische WASPE 8000 PUFFS Strawberry Ice E-Zigarette, jetzt zum besten Gro\u00dfhandelspreis f\u00fcr ultimativen Erdbeergenuss , Elementvape.de akzeptieren Gro\u00df-und Einzelhandel Bestellungen.\" \/>\n<meta property=\"og:url\" content=\"https:\/\/www.elementvape.de\/lt\/produkt\/zollfreie-frische-waspe-8000-puffs-strawberry-ice-e-zigarette-jetzt-zum-besten-grosshandelspreis-fuer-ultimativen-erdbeergenuss\/\" \/>\n<meta property=\"og:site_name\" content=\"ElementVape.de\" \/>\n<meta property=\"article:modified_time\" content=\"2024-10-15T03:15:05+00:00\" \/>\n<meta property=\"og:image\" content=\"https:\/\/www.elementvape.de\/wp-content\/uploads\/2024\/08\/STRAWBERRY-ICE.jpg\" \/>\n\t<meta property=\"og:image:width\" content=\"800\" \/>\n\t<meta property=\"og:image:height\" content=\"800\" \/>\n\t<meta property=\"og:image:type\" content=\"image\/jpeg\" \/>\n<meta name=\"twitter:card\" content=\"summary_large_image\" \/>\n<meta name=\"twitter:label1\" content=\"Est. reading time\" \/>\n\t<meta name=\"twitter:data1\" content=\"4 minut\u0117s\" \/>\n<script type=\"application\/ld+json\" class=\"yoast-schema-graph\">{\"@context\":\"https:\/\/schema.org\",\"@graph\":[{\"@type\":\"WebPage\",\"@id\":\"https:\/\/www.elementvape.de\/produkt\/zollfreie-frische-waspe-8000-puffs-strawberry-ice-e-zigarette-jetzt-zum-besten-grosshandelspreis-fuer-ultimativen-erdbeergenuss\/\",\"url\":\"https:\/\/www.elementvape.de\/produkt\/zollfreie-frische-waspe-8000-puffs-strawberry-ice-e-zigarette-jetzt-zum-besten-grosshandelspreis-fuer-ultimativen-erdbeergenuss\/\",\"name\":\"Zollfreie Frische WASPE 8000 PUFFS Strawberry Ice E-Zigarette, jetzt zum besten Gro\u00dfhandelspreis f\u00fcr ultimativen Erdbeergenuss | ElementVape.de\",\"isPartOf\":{\"@id\":\"https:\/\/www.elementvape.de\/#website\"},\"primaryImageOfPage\":{\"@id\":\"https:\/\/www.elementvape.de\/produkt\/zollfreie-frische-waspe-8000-puffs-strawberry-ice-e-zigarette-jetzt-zum-besten-grosshandelspreis-fuer-ultimativen-erdbeergenuss\/#primaryimage\"},\"image\":{\"@id\":\"https:\/\/www.elementvape.de\/produkt\/zollfreie-frische-waspe-8000-puffs-strawberry-ice-e-zigarette-jetzt-zum-besten-grosshandelspreis-fuer-ultimativen-erdbeergenuss\/#primaryimage\"},\"thumbnailUrl\":\"https:\/\/www.elementvape.de\/wp-content\/uploads\/2024\/08\/STRAWBERRY-ICE.jpg\",\"datePublished\":\"2024-08-31T03:48:55+00:00\",\"dateModified\":\"2024-10-15T03:15:05+00:00\",\"description\":\"Wir bieten Zollfreie Frische WASPE 8000 PUFFS Strawberry Ice E-Zigarette, jetzt zum besten Gro\u00dfhandelspreis f\u00fcr ultimativen Erdbeergenuss , Elementvape.de akzeptieren Gro\u00df-und Einzelhandel Bestellungen.\",\"breadcrumb\":{\"@id\":\"https:\/\/www.elementvape.de\/produkt\/zollfreie-frische-waspe-8000-puffs-strawberry-ice-e-zigarette-jetzt-zum-besten-grosshandelspreis-fuer-ultimativen-erdbeergenuss\/#breadcrumb\"},\"inLanguage\":\"lt-LT\",\"potentialAction\":[{\"@type\":\"ReadAction\",\"target\":[\"https:\/\/www.elementvape.de\/produkt\/zollfreie-frische-waspe-8000-puffs-strawberry-ice-e-zigarette-jetzt-zum-besten-grosshandelspreis-fuer-ultimativen-erdbeergenuss\/\"]}]},{\"@type\":\"ImageObject\",\"inLanguage\":\"lt-LT\",\"@id\":\"https:\/\/www.elementvape.de\/produkt\/zollfreie-frische-waspe-8000-puffs-strawberry-ice-e-zigarette-jetzt-zum-besten-grosshandelspreis-fuer-ultimativen-erdbeergenuss\/#primaryimage\",\"url\":\"https:\/\/www.elementvape.de\/wp-content\/uploads\/2024\/08\/STRAWBERRY-ICE.jpg\",\"contentUrl\":\"https:\/\/www.elementvape.de\/wp-content\/uploads\/2024\/08\/STRAWBERRY-ICE.jpg\",\"width\":800,\"height\":800,\"caption\":\"STRAWBERRY ICE\"},{\"@type\":\"BreadcrumbList\",\"@id\":\"https:\/\/www.elementvape.de\/produkt\/zollfreie-frische-waspe-8000-puffs-strawberry-ice-e-zigarette-jetzt-zum-besten-grosshandelspreis-fuer-ultimativen-erdbeergenuss\/#breadcrumb\",\"itemListElement\":[{\"@type\":\"ListItem\",\"position\":1,\"name\":\"Home\",\"item\":\"https:\/\/www.elementvape.de\/\"},{\"@type\":\"ListItem\",\"position\":2,\"name\":\"Shop\",\"item\":\"https:\/\/www.elementvape.de\/shop\/\"},{\"@type\":\"ListItem\",\"position\":3,\"name\":\"Zollfreie Frische WASPE 8000 PUFFS Strawberry Ice E-Zigarette, jetzt zum besten Gro\u00dfhandelspreis f\u00fcr ultimativen Erdbeergenuss\"}]},{\"@type\":\"WebSite\",\"@id\":\"https:\/\/www.elementvape.de\/#website\",\"url\":\"https:\/\/www.elementvape.de\/\",\"name\":\"ElementVape.de\",\"description\":\"\",\"publisher\":{\"@id\":\"https:\/\/www.elementvape.de\/#organization\"},\"potentialAction\":[{\"@type\":\"SearchAction\",\"target\":{\"@type\":\"EntryPoint\",\"urlTemplate\":\"https:\/\/www.elementvape.de\/?s={search_term_string}\"},\"query-input\":\"required name=search_term_string\"}],\"inLanguage\":\"lt-LT\"},{\"@type\":\"Organization\",\"@id\":\"https:\/\/www.elementvape.de\/#organization\",\"name\":\"ElementVape.DE\",\"url\":\"https:\/\/www.elementvape.de\/\",\"logo\":{\"@type\":\"ImageObject\",\"inLanguage\":\"lt-LT\",\"@id\":\"https:\/\/www.elementvape.de\/#\/schema\/logo\/image\/\",\"url\":\"https:\/\/www.elementvape.de\/wp-content\/uploads\/2024\/09\/cropped-1elementvape-3.png\",\"contentUrl\":\"https:\/\/www.elementvape.de\/wp-content\/uploads\/2024\/09\/cropped-1elementvape-3.png\",\"width\":285,\"height\":228,\"caption\":\"ElementVape.DE\"},\"image\":{\"@id\":\"https:\/\/www.elementvape.de\/#\/schema\/logo\/image\/\"}}]}<\/script>\n<!-- \/ Yoast SEO plugin. -->","yoast_head_json":{"title":"Zollfreie Frische WASPE 8000 PUFFS Strawberry Ice E-Zigarette, jetzt zum besten Gro\u00dfhandelspreis f\u00fcr ultimativen Erdbeergenuss | ElementVape.de","description":"Wir bieten Zollfreie Frische WASPE 8000 PUFFS Strawberry Ice E-Zigarette, jetzt zum besten Gro\u00dfhandelspreis f\u00fcr ultimativen Erdbeergenuss , Elementvape.de akzeptieren Gro\u00df-und Einzelhandel Bestellungen.","robots":{"index":"index","follow":"follow","max-snippet":"max-snippet:-1","max-image-preview":"max-image-preview:large","max-video-preview":"max-video-preview:-1"},"canonical":"https:\/\/www.elementvape.de\/lt\/produkt\/zollfreie-frische-waspe-8000-puffs-strawberry-ice-e-zigarette-jetzt-zum-besten-grosshandelspreis-fuer-ultimativen-erdbeergenuss\/","og_locale":"lt_LT","og_type":"article","og_title":"Zollfreie Frische WASPE 8000 PUFFS Strawberry Ice E-Zigarette, jetzt zum besten Gro\u00dfhandelspreis f\u00fcr ultimativen Erdbeergenuss | ElementVape.de","og_description":"Wir bieten Zollfreie Frische WASPE 8000 PUFFS Strawberry Ice E-Zigarette, jetzt zum besten Gro\u00dfhandelspreis f\u00fcr ultimativen Erdbeergenuss , Elementvape.de akzeptieren Gro\u00df-und Einzelhandel Bestellungen.","og_url":"https:\/\/www.elementvape.de\/lt\/produkt\/zollfreie-frische-waspe-8000-puffs-strawberry-ice-e-zigarette-jetzt-zum-besten-grosshandelspreis-fuer-ultimativen-erdbeergenuss\/","og_site_name":"ElementVape.de","article_modified_time":"2024-10-15T03:15:05+00:00","og_image":[{"width":800,"height":800,"url":"https:\/\/www.elementvape.de\/wp-content\/uploads\/2024\/08\/STRAWBERRY-ICE.jpg","type":"image\/jpeg"}],"twitter_card":"summary_large_image","twitter_misc":{"Est. reading time":"4 minut\u0117s"},"schema":{"@context":"https:\/\/schema.org","@graph":[{"@type":"WebPage","@id":"https:\/\/www.elementvape.de\/produkt\/zollfreie-frische-waspe-8000-puffs-strawberry-ice-e-zigarette-jetzt-zum-besten-grosshandelspreis-fuer-ultimativen-erdbeergenuss\/","url":"https:\/\/www.elementvape.de\/produkt\/zollfreie-frische-waspe-8000-puffs-strawberry-ice-e-zigarette-jetzt-zum-besten-grosshandelspreis-fuer-ultimativen-erdbeergenuss\/","name":"Zollfreie Frische WASPE 8000 PUFFS Strawberry Ice E-Zigarette, jetzt zum besten Gro\u00dfhandelspreis f\u00fcr ultimativen Erdbeergenuss | ElementVape.de","isPartOf":{"@id":"https:\/\/www.elementvape.de\/#website"},"primaryImageOfPage":{"@id":"https:\/\/www.elementvape.de\/produkt\/zollfreie-frische-waspe-8000-puffs-strawberry-ice-e-zigarette-jetzt-zum-besten-grosshandelspreis-fuer-ultimativen-erdbeergenuss\/#primaryimage"},"image":{"@id":"https:\/\/www.elementvape.de\/produkt\/zollfreie-frische-waspe-8000-puffs-strawberry-ice-e-zigarette-jetzt-zum-besten-grosshandelspreis-fuer-ultimativen-erdbeergenuss\/#primaryimage"},"thumbnailUrl":"https:\/\/www.elementvape.de\/wp-content\/uploads\/2024\/08\/STRAWBERRY-ICE.jpg","datePublished":"2024-08-31T03:48:55+00:00","dateModified":"2024-10-15T03:15:05+00:00","description":"Wir bieten Zollfreie Frische WASPE 8000 PUFFS Strawberry Ice E-Zigarette, jetzt zum besten Gro\u00dfhandelspreis f\u00fcr ultimativen Erdbeergenuss , Elementvape.de akzeptieren Gro\u00df-und Einzelhandel Bestellungen.","breadcrumb":{"@id":"https:\/\/www.elementvape.de\/produkt\/zollfreie-frische-waspe-8000-puffs-strawberry-ice-e-zigarette-jetzt-zum-besten-grosshandelspreis-fuer-ultimativen-erdbeergenuss\/#breadcrumb"},"inLanguage":"lt-LT","potentialAction":[{"@type":"ReadAction","target":["https:\/\/www.elementvape.de\/produkt\/zollfreie-frische-waspe-8000-puffs-strawberry-ice-e-zigarette-jetzt-zum-besten-grosshandelspreis-fuer-ultimativen-erdbeergenuss\/"]}]},{"@type":"ImageObject","inLanguage":"lt-LT","@id":"https:\/\/www.elementvape.de\/produkt\/zollfreie-frische-waspe-8000-puffs-strawberry-ice-e-zigarette-jetzt-zum-besten-grosshandelspreis-fuer-ultimativen-erdbeergenuss\/#primaryimage","url":"https:\/\/www.elementvape.de\/wp-content\/uploads\/2024\/08\/STRAWBERRY-ICE.jpg","contentUrl":"https:\/\/www.elementvape.de\/wp-content\/uploads\/2024\/08\/STRAWBERRY-ICE.jpg","width":800,"height":800,"caption":"STRAWBERRY ICE"},{"@type":"BreadcrumbList","@id":"https:\/\/www.elementvape.de\/produkt\/zollfreie-frische-waspe-8000-puffs-strawberry-ice-e-zigarette-jetzt-zum-besten-grosshandelspreis-fuer-ultimativen-erdbeergenuss\/#breadcrumb","itemListElement":[{"@type":"ListItem","position":1,"name":"Home","item":"https:\/\/www.elementvape.de\/"},{"@type":"ListItem","position":2,"name":"Shop","item":"https:\/\/www.elementvape.de\/shop\/"},{"@type":"ListItem","position":3,"name":"Zollfreie Frische WASPE 8000 PUFFS Strawberry Ice E-Zigarette, jetzt zum besten Gro\u00dfhandelspreis f\u00fcr ultimativen Erdbeergenuss"}]},{"@type":"WebSite","@id":"https:\/\/www.elementvape.de\/#website","url":"https:\/\/www.elementvape.de\/","name":"ElementVape.de","description":"","publisher":{"@id":"https:\/\/www.elementvape.de\/#organization"},"potentialAction":[{"@type":"SearchAction","target":{"@type":"EntryPoint","urlTemplate":"https:\/\/www.elementvape.de\/?s={search_term_string}"},"query-input":"required name=search_term_string"}],"inLanguage":"lt-LT"},{"@type":"Organization","@id":"https:\/\/www.elementvape.de\/#organization","name":"ElementVape.DE","url":"https:\/\/www.elementvape.de\/","logo":{"@type":"ImageObject","inLanguage":"lt-LT","@id":"https:\/\/www.elementvape.de\/#\/schema\/logo\/image\/","url":"https:\/\/www.elementvape.de\/wp-content\/uploads\/2024\/09\/cropped-1elementvape-3.png","contentUrl":"https:\/\/www.elementvape.de\/wp-content\/uploads\/2024\/09\/cropped-1elementvape-3.png","width":285,"height":228,"caption":"ElementVape.DE"},"image":{"@id":"https:\/\/www.elementvape.de\/#\/schema\/logo\/image\/"}}]}},"_links":{"self":[{"href":"https:\/\/www.elementvape.de\/lt\/wp-json\/wp\/v2\/product\/14071"}],"collection":[{"href":"https:\/\/www.elementvape.de\/lt\/wp-json\/wp\/v2\/product"}],"about":[{"href":"https:\/\/www.elementvape.de\/lt\/wp-json\/wp\/v2\/types\/product"}],"wp:featuredmedia":[{"embeddable":true,"href":"https:\/\/www.elementvape.de\/lt\/wp-json\/wp\/v2\/media\/14072"}],"wp:attachment":[{"href":"https:\/\/www.elementvape.de\/lt\/wp-json\/wp\/v2\/media?parent=14071"}],"wp:term":[{"taxonomy":"product_cat","embeddable":true,"href":"https:\/\/www.elementvape.de\/lt\/wp-json\/wp\/v2\/product_cat?post=14071"},{"taxonomy":"product_tag","embeddable":true,"href":"https:\/\/www.elementvape.de\/lt\/wp-json\/wp\/v2\/product_tag?post=14071"}],"curies":[{"name":"wp","href":"https:\/\/api.w.org\/{rel}","templated":true}]}}