{"id":14041,"date":"2024-08-28T02:12:20","date_gmt":"2024-08-28T02:12:20","guid":{"rendered":"https:\/\/www.elementvape.de\/?post_type=product&#038;p=14041"},"modified":"2024-10-15T03:28:45","modified_gmt":"2024-10-15T03:28:45","slug":"mixed-berries-waspe-5000-puffs-e-zigarette-jetzt-zollfrei-erhaeltlich-und-zu-grosshandelspreisen-eine-perfekte-mischung-aus-verschiedenen-beerenfruechten","status":"publish","type":"product","link":"https:\/\/www.elementvape.de\/lt\/produkt\/mixed-berries-waspe-5000-puffs-e-zigarette-jetzt-zollfrei-erhaeltlich-und-zu-grosshandelspreisen-eine-perfekte-mischung-aus-verschiedenen-beerenfruechten\/","title":{"rendered":"Mi\u0161rios uogos WASPE 5000 PUFFS E-cigaret\u0117 Dabar be muito ir didmenin\u0117mis kainomis \u2013 Tobula \u012fvairi\u0173 uog\u0173 mi\u0161inys"},"content":{"rendered":"<p>Mi\u0161rios uogos WASPE 5000 PUFFS E-R\u016bkalius \u2013 Dabar be muito ir didmenin\u0117mis kainomis \u2013 Tobula \u012fvairi\u0173 uog\u0173 mi\u0161inys<\/p>\n<p>Visiems vaising\u0173 gar\u0173 m\u0117g\u0117jams pristatome Mi\u0161rios uogos WASPE 5000 PUFFS E-R\u016bkali\u0173 kaip tikr\u0105 akcent\u0105. \u0160is elektroninis r\u016bkalius si\u016blo kruop\u0161\u010diai suderint\u0105 \u012fvairi\u0173 uog\u0173 mi\u0161in\u012f, kuris kiekvien\u0105 \u012fkv\u0117pim\u0105 paver\u010dia vaisiniu malonumu. Ir geriausia: \u0161\u012f auk\u0161tos kokyb\u0117s produkt\u0105 dabar galite \u012fsigyti be muito ir didmenin\u0117mis kainomis.<\/p>\n<h2>Kod\u0117l Mi\u0161rios uogos WASPE 5000 PUFFS E-R\u016bkalius yra b\u016btinas vaisi\u0173 m\u0117g\u0117jams<\/h2>\n<ol>\n<li>Vaisi\u0173 \u012fvairov\u0117s skonio patirtis: Mi\u0161rios uogos WASPE 5000 PUFFS E-R\u016bkalius sujungia sald\u017ei\u0173 ir r\u016bg\u0161\u010di\u0173 uog\u0173 intensyv\u0173 skon\u012f \u012f tobulai suderint\u0105 mi\u0161in\u012f. Nuo bra\u0161ki\u0173 iki avie\u010di\u0173 ir m\u0117lyni\u0173 \u2013 kiekvienas \u012fkv\u0117pimas suteikia vaisi\u0173 spektr\u0105, kuris \u017eadina poj\u016b\u010dius.<\/li>\n<li>5000 \u012fkv\u0117pim\u0173 ilgalaikiam malonumui: D\u0117l didel\u0117s 13 ml elektroninio skys\u010dio talpos ir galingos 650 mAh baterijos \u0161is <strong><a href=\"https:\/\/www.elementvape.de\/lt\/\" target=\"_blank\" rel=\"noopener\">Elektronin\u0117 cigaret\u0117<\/a><\/strong> si\u016blo iki 5000 \u012fkv\u0117pim\u0173. Taip gal\u0117site ilgai m\u0117gautis skoniu i\u0161 vaisi\u0173 mi\u0161inio, nereik\u0117s da\u017enai papildyti ar \u012fkrauti.<\/li>\n<li>Kompakti\u0161kas ir eleganti\u0161kas dizainas: Mi\u0161rios uogos WASPE 5000 PUFFS E-R\u016bkalius ne tik skoniu, bet ir i\u0161vaizda \u012fsp\u016bdinga. Su savo lieknu ir lengvu dizainu jis lengvai transportuojamas ir patogiai laikomas rankoje \u2013 idealiai tinkamas keliaujant.<\/li>\n<li>Vartotojui draugi\u0161kas valdymas: \u0160is elektroninis r\u016bkalius yra paprastas ir nesud\u0117tingas naudoti. Jums nereikia joki\u0173 mygtuk\u0173 ar nustatym\u0173 \u2013 tiesiog \u012fkv\u0117pkite i\u0161 burnos \u017eiedo, ir aromatinis garas i\u0161 karto i\u0161siskleis. Tai idealiai tinka pradedantiesiems ir patyrusiems gar\u0173 m\u0117g\u0117jams.<\/li>\n<li>Be muito ir didmenin\u0117mis kainomis: Pasinaudokite galimybe \u012fsigyti Mi\u0161rios uogos WASPE 5000 PUFFS E-R\u016bkali\u0173 be muito ir pasinaudoti ne\u012ftik\u0117tinomis didmenin\u0117mis kainomis. \u0160i pasi\u016blymas suteikia jums auk\u0161\u010diausios kokyb\u0117s produkt\u0105 u\u017e ne\u012fveikiam\u0105 kain\u0105.<\/li>\n<\/ol>\n<p>Mi\u0161rios uogos WASPE 5000 PUFFS E-R\u016bkalius yra ideali pasirinktis visiems, kurie m\u0117gsta \u0161vie\u017ei\u0173 uog\u0173 skon\u012f ir nori j\u012f patirti elektroniniame r\u016bkaliuje. Su iki 5000 \u012fkv\u0117pim\u0173, eleganti\u0161ku dizainu ir paprastu valdymu jis si\u016blo vaisin\u012f gar\u0173 malonum\u0105, kuris ilgai i\u0161lieka. Pasinaudokite galimybe ir \u012fsigykite \u0161\u012f pirmosios klas\u0117s produkt\u0105 u\u017e ne\u012fkainojam\u0105 kain\u0105, pasinaudodami be muito ir didmenin\u0117mis kainomis. Patirkite vaisi\u0173 \u012fvairov\u0119 su Mi\u0161rios uogos WASPE 5000 PUFFS E-R\u016bkaliu \u2013 malonumas, kuris jus su\u017eav\u0117s!<\/p>","protected":false},"excerpt":{"rendered":"<p>Mixed Berries WASPE 5000 PUFFS E-Zigarette \u2013 Jetzt zollfrei erh\u00e4ltlich und zu Gro\u00dfhandelspreisen \u2013 Eine perfekte Mischung aus verschiedenen Beerenfr\u00fcchten F\u00fcr alle Liebhaber fruchtiger Dampferlebnisse pr\u00e4sentiert sich die Mixed Berries WASPE 5000 PUFFS E-Zigarette als ein absolutes Highlight. Diese E-Zigarette bietet eine sorgf\u00e4ltig abgestimmte Mischung aus verschiedenen Beerenfr\u00fcchten, die jeden Zug zu einem fruchtigen Vergn\u00fcgen [&hellip;]<\/p>","protected":false},"featured_media":14042,"template":"","meta":{"inline_featured_image":false},"product_cat":[15,78,735,746,741,733,744,755,738,751,726],"product_tag":[710,678],"tiered_pricing_type":"fixed","tiered_pricing_fixed_rules":[],"tiered_pricing_percentage_rules":[],"tiered_pricing_minimum":1,"_administrator_tiered_pricing_type":"fixed","_administrator_tiered_pricing_fixed_rules":[],"_editor_tiered_pricing_type":"fixed","_editor_tiered_pricing_fixed_rules":[],"_author_tiered_pricing_type":"fixed","_author_tiered_pricing_fixed_rules":[],"_contributor_tiered_pricing_type":"fixed","_contributor_tiered_pricing_fixed_rules":[],"_subscriber_tiered_pricing_type":"fixed","_subscriber_tiered_pricing_fixed_rules":[],"_customer_tiered_pricing_type":"fixed","_customer_tiered_pricing_fixed_rules":[],"_shop_manager_tiered_pricing_type":"fixed","_shop_manager_tiered_pricing_fixed_rules":[],"_wpseo_manager_tiered_pricing_type":"fixed","_wpseo_manager_tiered_pricing_fixed_rules":[],"_wpseo_editor_tiered_pricing_type":"fixed","_wpseo_editor_tiered_pricing_fixed_rules":[],"_wholesale_customer_tiered_pricing_type":"fixed","_wholesale_customer_tiered_pricing_fixed_rules":[],"_marketer_tiered_pricing_type":"fixed","_marketer_tiered_pricing_fixed_rules":[],"_sales_manager_tiered_pricing_type":"fixed","_sales_manager_tiered_pricing_fixed_rules":[],"_sales_rep_tiered_pricing_type":"fixed","_sales_rep_tiered_pricing_fixed_rules":[],"yoast_head":"<!-- This site is optimized with the Yoast SEO plugin v23.3 - https:\/\/yoast.com\/wordpress\/plugins\/seo\/ -->\n<title>Mixed Berries WASPE 5000 PUFFS E-Zigarette Jetzt zollfrei erh\u00e4ltlich und zu Gro\u00dfhandelspreisen Eine perfekte Mischung aus verschiedenen Beerenfr\u00fcchten | ElementVape.de<\/title>\n<meta name=\"description\" content=\"Wir bieten Mixed Berries WASPE 5000 PUFFS E-Zigarette Jetzt zollfrei erh\u00e4ltlich und zu Gro\u00dfhandelspreisen Eine perfekte Mischung aus verschiedenen Beerenfr\u00fcchten , Elementvape.de akzeptieren Gro\u00df-und Einzelhandel Bestellungen.\" \/>\n<meta name=\"robots\" content=\"index, follow, max-snippet:-1, max-image-preview:large, max-video-preview:-1\" \/>\n<link rel=\"canonical\" href=\"https:\/\/www.elementvape.de\/lt\/produkt\/mixed-berries-waspe-5000-puffs-e-zigarette-jetzt-zollfrei-erhaeltlich-und-zu-grosshandelspreisen-eine-perfekte-mischung-aus-verschiedenen-beerenfruechten\/\" \/>\n<meta property=\"og:locale\" content=\"lt_LT\" \/>\n<meta property=\"og:type\" content=\"article\" \/>\n<meta property=\"og:title\" content=\"Mixed Berries WASPE 5000 PUFFS E-Zigarette Jetzt zollfrei erh\u00e4ltlich und zu Gro\u00dfhandelspreisen Eine perfekte Mischung aus verschiedenen Beerenfr\u00fcchten | ElementVape.de\" \/>\n<meta property=\"og:description\" content=\"Wir bieten Mixed Berries WASPE 5000 PUFFS E-Zigarette Jetzt zollfrei erh\u00e4ltlich und zu Gro\u00dfhandelspreisen Eine perfekte Mischung aus verschiedenen Beerenfr\u00fcchten , Elementvape.de akzeptieren Gro\u00df-und Einzelhandel Bestellungen.\" \/>\n<meta property=\"og:url\" content=\"https:\/\/www.elementvape.de\/lt\/produkt\/mixed-berries-waspe-5000-puffs-e-zigarette-jetzt-zollfrei-erhaeltlich-und-zu-grosshandelspreisen-eine-perfekte-mischung-aus-verschiedenen-beerenfruechten\/\" \/>\n<meta property=\"og:site_name\" content=\"ElementVape.de\" \/>\n<meta property=\"article:modified_time\" content=\"2024-10-15T03:28:45+00:00\" \/>\n<meta property=\"og:image\" content=\"https:\/\/www.elementvape.de\/wp-content\/uploads\/2024\/08\/Mixed-Berries.webp\" \/>\n\t<meta property=\"og:image:width\" content=\"400\" \/>\n\t<meta property=\"og:image:height\" content=\"400\" \/>\n\t<meta property=\"og:image:type\" content=\"image\/webp\" \/>\n<meta name=\"twitter:card\" content=\"summary_large_image\" \/>\n<meta name=\"twitter:label1\" content=\"Est. reading time\" \/>\n\t<meta name=\"twitter:data1\" content=\"3 minut\u0117s\" \/>\n<script type=\"application\/ld+json\" class=\"yoast-schema-graph\">{\"@context\":\"https:\/\/schema.org\",\"@graph\":[{\"@type\":\"WebPage\",\"@id\":\"https:\/\/www.elementvape.de\/produkt\/mixed-berries-waspe-5000-puffs-e-zigarette-jetzt-zollfrei-erhaeltlich-und-zu-grosshandelspreisen-eine-perfekte-mischung-aus-verschiedenen-beerenfruechten\/\",\"url\":\"https:\/\/www.elementvape.de\/produkt\/mixed-berries-waspe-5000-puffs-e-zigarette-jetzt-zollfrei-erhaeltlich-und-zu-grosshandelspreisen-eine-perfekte-mischung-aus-verschiedenen-beerenfruechten\/\",\"name\":\"Mixed Berries WASPE 5000 PUFFS E-Zigarette Jetzt zollfrei erh\u00e4ltlich und zu Gro\u00dfhandelspreisen Eine perfekte Mischung aus verschiedenen Beerenfr\u00fcchten | ElementVape.de\",\"isPartOf\":{\"@id\":\"https:\/\/www.elementvape.de\/#website\"},\"primaryImageOfPage\":{\"@id\":\"https:\/\/www.elementvape.de\/produkt\/mixed-berries-waspe-5000-puffs-e-zigarette-jetzt-zollfrei-erhaeltlich-und-zu-grosshandelspreisen-eine-perfekte-mischung-aus-verschiedenen-beerenfruechten\/#primaryimage\"},\"image\":{\"@id\":\"https:\/\/www.elementvape.de\/produkt\/mixed-berries-waspe-5000-puffs-e-zigarette-jetzt-zollfrei-erhaeltlich-und-zu-grosshandelspreisen-eine-perfekte-mischung-aus-verschiedenen-beerenfruechten\/#primaryimage\"},\"thumbnailUrl\":\"https:\/\/www.elementvape.de\/wp-content\/uploads\/2024\/08\/Mixed-Berries.webp\",\"datePublished\":\"2024-08-28T02:12:20+00:00\",\"dateModified\":\"2024-10-15T03:28:45+00:00\",\"description\":\"Wir bieten Mixed Berries WASPE 5000 PUFFS E-Zigarette Jetzt zollfrei erh\u00e4ltlich und zu Gro\u00dfhandelspreisen Eine perfekte Mischung aus verschiedenen Beerenfr\u00fcchten , Elementvape.de akzeptieren Gro\u00df-und Einzelhandel Bestellungen.\",\"breadcrumb\":{\"@id\":\"https:\/\/www.elementvape.de\/produkt\/mixed-berries-waspe-5000-puffs-e-zigarette-jetzt-zollfrei-erhaeltlich-und-zu-grosshandelspreisen-eine-perfekte-mischung-aus-verschiedenen-beerenfruechten\/#breadcrumb\"},\"inLanguage\":\"lt-LT\",\"potentialAction\":[{\"@type\":\"ReadAction\",\"target\":[\"https:\/\/www.elementvape.de\/produkt\/mixed-berries-waspe-5000-puffs-e-zigarette-jetzt-zollfrei-erhaeltlich-und-zu-grosshandelspreisen-eine-perfekte-mischung-aus-verschiedenen-beerenfruechten\/\"]}]},{\"@type\":\"ImageObject\",\"inLanguage\":\"lt-LT\",\"@id\":\"https:\/\/www.elementvape.de\/produkt\/mixed-berries-waspe-5000-puffs-e-zigarette-jetzt-zollfrei-erhaeltlich-und-zu-grosshandelspreisen-eine-perfekte-mischung-aus-verschiedenen-beerenfruechten\/#primaryimage\",\"url\":\"https:\/\/www.elementvape.de\/wp-content\/uploads\/2024\/08\/Mixed-Berries.webp\",\"contentUrl\":\"https:\/\/www.elementvape.de\/wp-content\/uploads\/2024\/08\/Mixed-Berries.webp\",\"width\":400,\"height\":400,\"caption\":\"Mixed Berries\"},{\"@type\":\"BreadcrumbList\",\"@id\":\"https:\/\/www.elementvape.de\/produkt\/mixed-berries-waspe-5000-puffs-e-zigarette-jetzt-zollfrei-erhaeltlich-und-zu-grosshandelspreisen-eine-perfekte-mischung-aus-verschiedenen-beerenfruechten\/#breadcrumb\",\"itemListElement\":[{\"@type\":\"ListItem\",\"position\":1,\"name\":\"Home\",\"item\":\"https:\/\/www.elementvape.de\/\"},{\"@type\":\"ListItem\",\"position\":2,\"name\":\"Shop\",\"item\":\"https:\/\/www.elementvape.de\/shop\/\"},{\"@type\":\"ListItem\",\"position\":3,\"name\":\"Mixed Berries WASPE 5000 PUFFS E-Zigarette Jetzt zollfrei erh\u00e4ltlich und zu Gro\u00dfhandelspreisen Eine perfekte Mischung aus verschiedenen Beerenfr\u00fcchten\"}]},{\"@type\":\"WebSite\",\"@id\":\"https:\/\/www.elementvape.de\/#website\",\"url\":\"https:\/\/www.elementvape.de\/\",\"name\":\"ElementVape.de\",\"description\":\"\",\"publisher\":{\"@id\":\"https:\/\/www.elementvape.de\/#organization\"},\"potentialAction\":[{\"@type\":\"SearchAction\",\"target\":{\"@type\":\"EntryPoint\",\"urlTemplate\":\"https:\/\/www.elementvape.de\/?s={search_term_string}\"},\"query-input\":\"required name=search_term_string\"}],\"inLanguage\":\"lt-LT\"},{\"@type\":\"Organization\",\"@id\":\"https:\/\/www.elementvape.de\/#organization\",\"name\":\"ElementVape.DE\",\"url\":\"https:\/\/www.elementvape.de\/\",\"logo\":{\"@type\":\"ImageObject\",\"inLanguage\":\"lt-LT\",\"@id\":\"https:\/\/www.elementvape.de\/#\/schema\/logo\/image\/\",\"url\":\"https:\/\/www.elementvape.de\/wp-content\/uploads\/2024\/09\/cropped-1elementvape-3.png\",\"contentUrl\":\"https:\/\/www.elementvape.de\/wp-content\/uploads\/2024\/09\/cropped-1elementvape-3.png\",\"width\":285,\"height\":228,\"caption\":\"ElementVape.DE\"},\"image\":{\"@id\":\"https:\/\/www.elementvape.de\/#\/schema\/logo\/image\/\"}}]}<\/script>\n<!-- \/ Yoast SEO plugin. -->","yoast_head_json":{"title":"Mixed Berries WASPE 5000 PUFFS E-Zigarette Jetzt zollfrei erh\u00e4ltlich und zu Gro\u00dfhandelspreisen Eine perfekte Mischung aus verschiedenen Beerenfr\u00fcchten | ElementVape.de","description":"Wir bieten Mixed Berries WASPE 5000 PUFFS E-Zigarette Jetzt zollfrei erh\u00e4ltlich und zu Gro\u00dfhandelspreisen Eine perfekte Mischung aus verschiedenen Beerenfr\u00fcchten , Elementvape.de akzeptieren Gro\u00df-und Einzelhandel Bestellungen.","robots":{"index":"index","follow":"follow","max-snippet":"max-snippet:-1","max-image-preview":"max-image-preview:large","max-video-preview":"max-video-preview:-1"},"canonical":"https:\/\/www.elementvape.de\/lt\/produkt\/mixed-berries-waspe-5000-puffs-e-zigarette-jetzt-zollfrei-erhaeltlich-und-zu-grosshandelspreisen-eine-perfekte-mischung-aus-verschiedenen-beerenfruechten\/","og_locale":"lt_LT","og_type":"article","og_title":"Mixed Berries WASPE 5000 PUFFS E-Zigarette Jetzt zollfrei erh\u00e4ltlich und zu Gro\u00dfhandelspreisen Eine perfekte Mischung aus verschiedenen Beerenfr\u00fcchten | ElementVape.de","og_description":"Wir bieten Mixed Berries WASPE 5000 PUFFS E-Zigarette Jetzt zollfrei erh\u00e4ltlich und zu Gro\u00dfhandelspreisen Eine perfekte Mischung aus verschiedenen Beerenfr\u00fcchten , Elementvape.de akzeptieren Gro\u00df-und Einzelhandel Bestellungen.","og_url":"https:\/\/www.elementvape.de\/lt\/produkt\/mixed-berries-waspe-5000-puffs-e-zigarette-jetzt-zollfrei-erhaeltlich-und-zu-grosshandelspreisen-eine-perfekte-mischung-aus-verschiedenen-beerenfruechten\/","og_site_name":"ElementVape.de","article_modified_time":"2024-10-15T03:28:45+00:00","og_image":[{"width":400,"height":400,"url":"https:\/\/www.elementvape.de\/wp-content\/uploads\/2024\/08\/Mixed-Berries.webp","type":"image\/webp"}],"twitter_card":"summary_large_image","twitter_misc":{"Est. reading time":"3 minut\u0117s"},"schema":{"@context":"https:\/\/schema.org","@graph":[{"@type":"WebPage","@id":"https:\/\/www.elementvape.de\/produkt\/mixed-berries-waspe-5000-puffs-e-zigarette-jetzt-zollfrei-erhaeltlich-und-zu-grosshandelspreisen-eine-perfekte-mischung-aus-verschiedenen-beerenfruechten\/","url":"https:\/\/www.elementvape.de\/produkt\/mixed-berries-waspe-5000-puffs-e-zigarette-jetzt-zollfrei-erhaeltlich-und-zu-grosshandelspreisen-eine-perfekte-mischung-aus-verschiedenen-beerenfruechten\/","name":"Mixed Berries WASPE 5000 PUFFS E-Zigarette Jetzt zollfrei erh\u00e4ltlich und zu Gro\u00dfhandelspreisen Eine perfekte Mischung aus verschiedenen Beerenfr\u00fcchten | ElementVape.de","isPartOf":{"@id":"https:\/\/www.elementvape.de\/#website"},"primaryImageOfPage":{"@id":"https:\/\/www.elementvape.de\/produkt\/mixed-berries-waspe-5000-puffs-e-zigarette-jetzt-zollfrei-erhaeltlich-und-zu-grosshandelspreisen-eine-perfekte-mischung-aus-verschiedenen-beerenfruechten\/#primaryimage"},"image":{"@id":"https:\/\/www.elementvape.de\/produkt\/mixed-berries-waspe-5000-puffs-e-zigarette-jetzt-zollfrei-erhaeltlich-und-zu-grosshandelspreisen-eine-perfekte-mischung-aus-verschiedenen-beerenfruechten\/#primaryimage"},"thumbnailUrl":"https:\/\/www.elementvape.de\/wp-content\/uploads\/2024\/08\/Mixed-Berries.webp","datePublished":"2024-08-28T02:12:20+00:00","dateModified":"2024-10-15T03:28:45+00:00","description":"Wir bieten Mixed Berries WASPE 5000 PUFFS E-Zigarette Jetzt zollfrei erh\u00e4ltlich und zu Gro\u00dfhandelspreisen Eine perfekte Mischung aus verschiedenen Beerenfr\u00fcchten , Elementvape.de akzeptieren Gro\u00df-und Einzelhandel Bestellungen.","breadcrumb":{"@id":"https:\/\/www.elementvape.de\/produkt\/mixed-berries-waspe-5000-puffs-e-zigarette-jetzt-zollfrei-erhaeltlich-und-zu-grosshandelspreisen-eine-perfekte-mischung-aus-verschiedenen-beerenfruechten\/#breadcrumb"},"inLanguage":"lt-LT","potentialAction":[{"@type":"ReadAction","target":["https:\/\/www.elementvape.de\/produkt\/mixed-berries-waspe-5000-puffs-e-zigarette-jetzt-zollfrei-erhaeltlich-und-zu-grosshandelspreisen-eine-perfekte-mischung-aus-verschiedenen-beerenfruechten\/"]}]},{"@type":"ImageObject","inLanguage":"lt-LT","@id":"https:\/\/www.elementvape.de\/produkt\/mixed-berries-waspe-5000-puffs-e-zigarette-jetzt-zollfrei-erhaeltlich-und-zu-grosshandelspreisen-eine-perfekte-mischung-aus-verschiedenen-beerenfruechten\/#primaryimage","url":"https:\/\/www.elementvape.de\/wp-content\/uploads\/2024\/08\/Mixed-Berries.webp","contentUrl":"https:\/\/www.elementvape.de\/wp-content\/uploads\/2024\/08\/Mixed-Berries.webp","width":400,"height":400,"caption":"Mixed Berries"},{"@type":"BreadcrumbList","@id":"https:\/\/www.elementvape.de\/produkt\/mixed-berries-waspe-5000-puffs-e-zigarette-jetzt-zollfrei-erhaeltlich-und-zu-grosshandelspreisen-eine-perfekte-mischung-aus-verschiedenen-beerenfruechten\/#breadcrumb","itemListElement":[{"@type":"ListItem","position":1,"name":"Home","item":"https:\/\/www.elementvape.de\/"},{"@type":"ListItem","position":2,"name":"Shop","item":"https:\/\/www.elementvape.de\/shop\/"},{"@type":"ListItem","position":3,"name":"Mixed Berries WASPE 5000 PUFFS E-Zigarette Jetzt zollfrei erh\u00e4ltlich und zu Gro\u00dfhandelspreisen Eine perfekte Mischung aus verschiedenen Beerenfr\u00fcchten"}]},{"@type":"WebSite","@id":"https:\/\/www.elementvape.de\/#website","url":"https:\/\/www.elementvape.de\/","name":"ElementVape.de","description":"","publisher":{"@id":"https:\/\/www.elementvape.de\/#organization"},"potentialAction":[{"@type":"SearchAction","target":{"@type":"EntryPoint","urlTemplate":"https:\/\/www.elementvape.de\/?s={search_term_string}"},"query-input":"required name=search_term_string"}],"inLanguage":"lt-LT"},{"@type":"Organization","@id":"https:\/\/www.elementvape.de\/#organization","name":"ElementVape.DE","url":"https:\/\/www.elementvape.de\/","logo":{"@type":"ImageObject","inLanguage":"lt-LT","@id":"https:\/\/www.elementvape.de\/#\/schema\/logo\/image\/","url":"https:\/\/www.elementvape.de\/wp-content\/uploads\/2024\/09\/cropped-1elementvape-3.png","contentUrl":"https:\/\/www.elementvape.de\/wp-content\/uploads\/2024\/09\/cropped-1elementvape-3.png","width":285,"height":228,"caption":"ElementVape.DE"},"image":{"@id":"https:\/\/www.elementvape.de\/#\/schema\/logo\/image\/"}}]}},"_links":{"self":[{"href":"https:\/\/www.elementvape.de\/lt\/wp-json\/wp\/v2\/product\/14041"}],"collection":[{"href":"https:\/\/www.elementvape.de\/lt\/wp-json\/wp\/v2\/product"}],"about":[{"href":"https:\/\/www.elementvape.de\/lt\/wp-json\/wp\/v2\/types\/product"}],"wp:featuredmedia":[{"embeddable":true,"href":"https:\/\/www.elementvape.de\/lt\/wp-json\/wp\/v2\/media\/14042"}],"wp:attachment":[{"href":"https:\/\/www.elementvape.de\/lt\/wp-json\/wp\/v2\/media?parent=14041"}],"wp:term":[{"taxonomy":"product_cat","embeddable":true,"href":"https:\/\/www.elementvape.de\/lt\/wp-json\/wp\/v2\/product_cat?post=14041"},{"taxonomy":"product_tag","embeddable":true,"href":"https:\/\/www.elementvape.de\/lt\/wp-json\/wp\/v2\/product_tag?post=14041"}],"curies":[{"name":"wp","href":"https:\/\/api.w.org\/{rel}","templated":true}]}}