{"id":13986,"date":"2024-08-23T06:56:59","date_gmt":"2024-08-23T06:56:59","guid":{"rendered":"https:\/\/www.elementvape.de\/?post_type=product&#038;p=13986"},"modified":"2024-12-12T06:33:52","modified_gmt":"2024-12-12T06:33:52","slug":"waspe-12000-e-zigarette-zollfrei-20-ml-mixed-berries-12000-zuege-650-mah-akku-typ-c","status":"publish","type":"product","link":"https:\/\/www.elementvape.de\/lt\/produkt\/waspe-12000-e-zigarette-zollfrei-20-ml-mixed-berries-12000-zuege-650-mah-akku-typ-c\/","title":{"rendered":"WASPE 12000 E-sigarete be muito 20 ml MI\u0160RI UOGOS 12000 p\u016btim\u0173 650 mAh akumuliatorius Tipo-C"},"content":{"rendered":"<div class=\"flex max-w-full flex-col flex-grow\">\n<div class=\"min-h-[20px] text-message flex w-full flex-col items-end gap-2 break-words [.text-message+&amp;]:mt-5 overflow-x-auto whitespace-pre-wrap\" dir=\"auto\" data-message-author-role=\"assistant\" data-message-id=\"7b6e934b-b350-4256-a023-4ee4cf9def9b\">\n<div class=\"flex w-full flex-col gap-1 empty:hidden first:pt-[3px]\">\n<div class=\"markdown prose w-full break-words dark:prose-invert light\">\n<p>WASPE-12000 E-cigaret\u0117 si\u016blo intensyv\u0173 garinimo patirt\u012f, kuri\u0105 i\u0161skiria skanus ir \u012fvairus MI\u0160RI\u0172 UOG\u0172 aromatas. \u0160i be muit\u0173 elektronin\u0117 cigaret\u0117 sujungia pa\u017eangiausi\u0105 technologij\u0105 su turtingu, vaisiniu skoniu ir yra ideali tiems, kurie vertina <strong><a href=\"https:\/\/www.elementvape.de\/lt\/\" target=\"_blank\" rel=\"noopener\">garintojams,<\/a><\/strong>, kurie m\u0117gsta mi\u0161r\u0173 \u012fvairi\u0173 uog\u0173 aromat\u0173 derin\u012f. D\u0117l didelio \u012fkv\u0117pim\u0173 skai\u010diaus ir dosnios E-liquido talpos, WASPE-12000 yra puikus pasirinkimas visiems, ie\u0161kantiems ilgalaik\u0117s ir patenkinamos garinimo patirties.<\/p>\n<h2>MI\u0160RI UOGOS: Vaisi\u0173 simfonija<\/h2>\n<p>MI\u0160RI\u0172 UOG\u0172 skonis jungia sald\u017eius, sultingus \u012fvairi\u0173 uog\u0173, toki\u0173 kaip bra\u0161k\u0117s, aviet\u0117s, m\u0117lyn\u0117s ir serbentai, aromatus. \u0160i mi\u0161rain\u0117 u\u017etikrina subalansuot\u0105 ir daugiasluoksn\u012f skonio patirt\u012f, kuri sujungia sald\u017eius ir \u0161iek tiek r\u016bg\u0161tinius atspalvius. Kiekvienas \u012fkv\u0117pimas suteikia vaisi\u0173 aromat\u0173 sprogim\u0105, kurie harmoningai susilieja ir sukuria gyv\u0105, gaiv\u0173 garinimo malonum\u0105.<\/p>\n<p>D\u0117l dosnios 20 ml E-liquido talpos ir 12 000 \u012fkv\u0117pim\u0173, WASPE-12000 E-cigaret\u0117 suteikia nuolatin\u0119 intensyvi\u0105 skonio patirt\u012f. Uog\u0173 mi\u0161inys i\u0161lieka pastovus nuo pirmo iki paskutinio \u012fkv\u0117pimo ir u\u017etikrina ilgalaik\u012f malonum\u0105 daugel\u012f dien\u0173.<\/p>\n<p>Techniniai duomenys ir naudotojo patogumasWASPE-12000 E-cigaret\u0117 yra \u017einoma ne tik d\u0117l puikaus skonio, bet ir d\u0117l savo auk\u0161\u010diausios technin\u0117s \u012frangos. Svarbiausios technin\u0117s specifikacijos pateiktos lentel\u0117je:<\/p>\n<table>\n<thead>\n<tr>\n<th><strong>Savyb\u0117<\/strong><\/th>\n<th><strong>Duomenys<\/strong><\/th>\n<\/tr>\n<\/thead>\n<tbody>\n<tr>\n<td>Modelis<\/td>\n<td>WASPE-12000<\/td>\n<\/tr>\n<tr>\n<td>Skonio kryptis<\/td>\n<td>MI\u0160RI UOGOS<\/td>\n<\/tr>\n<tr>\n<td>Med\u017eiaga<\/td>\n<td>Aliuminio lydinys, PCGT<\/td>\n<\/tr>\n<tr>\n<td>N-Gelio kiekis<\/td>\n<td>2%, 5%<\/td>\n<\/tr>\n<tr>\n<td>Vyniojimo var\u017ea<\/td>\n<td>1,0\u03a9<\/td>\n<\/tr>\n<tr>\n<td>\u012ejungimai<\/td>\n<td>12.000 \u012fjungim\u0173<\/td>\n<\/tr>\n<tr>\n<td>E-liquido talpa<\/td>\n<td>20 ml<\/td>\n<\/tr>\n<tr>\n<td>Baterijos talpa<\/td>\n<td>650 mAh<\/td>\n<\/tr>\n<tr>\n<td>Galia diapazonas<\/td>\n<td>7-12V<\/td>\n<\/tr>\n<tr>\n<td>\u012ekraunamas<\/td>\n<td>Ja<\/td>\n<\/tr>\n<tr>\n<td>\u012ekrovimo jungtis<\/td>\n<td>Tipo-C<\/td>\n<\/tr>\n<tr>\n<td>Neto svoris<\/td>\n<td>96 g<\/td>\n<\/tr>\n<tr>\n<td>Produkto dydis<\/td>\n<td>32*36*116mm<\/td>\n<\/tr>\n<\/tbody>\n<\/table>\n<p>Su 650 mAh akumuliatoriumi ir moderniu Tipo-C \u012fkrovimo jungtimi, WASPE-12000 pasi\u017eymi puikia akumuliatoriaus veikimo trukme ir paprastu, greitu \u012fkrovimu. Kompakti\u0161kas dydis ir lengvas svoris daro \u0161i\u0105 elektronin\u0119 cigaret\u0119 idealia kasdieniam naudojimui, o tvirta aliuminio lydinio konstrukcija u\u017etikrina ilgaam\u017ei\u0161kum\u0105.<\/p>\n<h3>Be muit\u0173 prieinamumas: privalumas vartotojams<\/h3>\n<p>Be muit\u0173 prieinamumas leid\u017eia WASPE-12000 E-cigaret\u0119 padaryti ypa\u010d patrauklia pasirinkimu Lietuvos rinkoje. Tai leid\u017eia vartotojams \u012fsigyti auk\u0161tos kokyb\u0117s produkt\u0105 u\u017e palankesn\u0119 kain\u0105, nesuma\u017einant kokyb\u0117s. Pardav\u0117jams tai suteikia galimyb\u0119 \u012ftraukti trok\u0161tam\u0105 ir konkurencing\u0105 produkt\u0105 \u012f savo asortiment\u0105.<\/p>\n<p>Su intensyviu MI\u0160RI\u0172 UOG\u0172 skoniu ir auk\u0161\u010diausios kokyb\u0117s technine \u012franga, WASPE-12000 E-cigaret\u0117 yra ideali tiems, kurie ie\u0161ko ilgalaik\u0117s ir vaisingos garinimo patirties. \u0160i elektronin\u0117 cigaret\u0117 sujungia puik\u0173 skon\u012f su pirmaujan\u010dia funkcionalumu, tod\u0117l ji i\u0161siskiria rinkoje.<\/p>\n<\/div>\n<\/div>\n<\/div>\n<\/div>","protected":false},"excerpt":{"rendered":"<p>Die WASPE-12000 E-Zigarette bietet ein intensives Dampferlebnis, das durch das k\u00f6stliche und vielseitige Aroma von MIXED BERRIES besticht. Diese zollfreie E-Zigarette vereint modernste Technik mit einem reichen, fruchtigen Geschmack und ist ideal f\u00fcr Dampfer, die eine Mischung aus verschiedenen Beerenaromen sch\u00e4tzen. Mit einer hohen Anzahl von Z\u00fcgen und einer gro\u00dfz\u00fcgigen E-Liquid-Kapazit\u00e4t ist die WASPE-12000 die [&hellip;]<\/p>","protected":false},"featured_media":13987,"template":"","meta":{"inline_featured_image":false},"product_cat":[15,78,735,746,741,733,744,755,738,751,732,722],"product_tag":[710,673],"tiered_pricing_type":"fixed","tiered_pricing_fixed_rules":{"110":"6.83","200":"6.07","500":"5.31"},"tiered_pricing_percentage_rules":[],"tiered_pricing_minimum":1,"_administrator_tiered_pricing_type":"fixed","_administrator_tiered_pricing_fixed_rules":[],"_editor_tiered_pricing_type":"fixed","_editor_tiered_pricing_fixed_rules":[],"_author_tiered_pricing_type":"fixed","_author_tiered_pricing_fixed_rules":[],"_contributor_tiered_pricing_type":"fixed","_contributor_tiered_pricing_fixed_rules":[],"_subscriber_tiered_pricing_type":"fixed","_subscriber_tiered_pricing_fixed_rules":[],"_customer_tiered_pricing_type":"fixed","_customer_tiered_pricing_fixed_rules":[],"_shop_manager_tiered_pricing_type":"fixed","_shop_manager_tiered_pricing_fixed_rules":[],"_wpseo_manager_tiered_pricing_type":"fixed","_wpseo_manager_tiered_pricing_fixed_rules":[],"_wpseo_editor_tiered_pricing_type":"fixed","_wpseo_editor_tiered_pricing_fixed_rules":[],"_wholesale_customer_tiered_pricing_type":"fixed","_wholesale_customer_tiered_pricing_fixed_rules":[],"_marketer_tiered_pricing_type":"fixed","_marketer_tiered_pricing_fixed_rules":[],"_sales_manager_tiered_pricing_type":"fixed","_sales_manager_tiered_pricing_fixed_rules":[],"_sales_rep_tiered_pricing_type":"fixed","_sales_rep_tiered_pricing_fixed_rules":[],"yoast_head":"<!-- This site is optimized with the Yoast SEO plugin v23.3 - https:\/\/yoast.com\/wordpress\/plugins\/seo\/ -->\n<title>WASPE 12000 E-Zigarette Zollfrei 20 ml MIXED BERRIES 12000 Z\u00fcge 650 mAh Akku Typ-C | ElementVape.de<\/title>\n<meta name=\"description\" content=\"Wir bieten WASPE 12000 E-Zigarette Zollfrei 20 ml MIXED BERRIES 12000 Z\u00fcge 650 mAh Akku Typ-C , Elementvape.de akzeptieren Gro\u00df-und Einzelhandel Bestellungen.\" \/>\n<meta name=\"robots\" content=\"index, follow, max-snippet:-1, max-image-preview:large, max-video-preview:-1\" \/>\n<link rel=\"canonical\" href=\"https:\/\/www.elementvape.de\/lt\/produkt\/waspe-12000-e-zigarette-zollfrei-20-ml-mixed-berries-12000-zuege-650-mah-akku-typ-c\/\" \/>\n<meta property=\"og:locale\" content=\"lt_LT\" \/>\n<meta property=\"og:type\" content=\"article\" \/>\n<meta property=\"og:title\" content=\"WASPE 12000 E-Zigarette Zollfrei 20 ml MIXED BERRIES 12000 Z\u00fcge 650 mAh Akku Typ-C | ElementVape.de\" \/>\n<meta property=\"og:description\" content=\"Wir bieten WASPE 12000 E-Zigarette Zollfrei 20 ml MIXED BERRIES 12000 Z\u00fcge 650 mAh Akku Typ-C , Elementvape.de akzeptieren Gro\u00df-und Einzelhandel Bestellungen.\" \/>\n<meta property=\"og:url\" content=\"https:\/\/www.elementvape.de\/lt\/produkt\/waspe-12000-e-zigarette-zollfrei-20-ml-mixed-berries-12000-zuege-650-mah-akku-typ-c\/\" \/>\n<meta property=\"og:site_name\" content=\"ElementVape.de\" \/>\n<meta property=\"article:modified_time\" content=\"2024-12-12T06:33:52+00:00\" \/>\n<meta property=\"og:image\" content=\"https:\/\/www.elementvape.de\/wp-content\/uploads\/2024\/08\/MMIXED-BERRIES.jpg\" \/>\n\t<meta property=\"og:image:width\" content=\"2500\" \/>\n\t<meta property=\"og:image:height\" content=\"1500\" \/>\n\t<meta property=\"og:image:type\" content=\"image\/jpeg\" \/>\n<meta name=\"twitter:card\" content=\"summary_large_image\" \/>\n<meta name=\"twitter:label1\" content=\"Est. reading time\" \/>\n\t<meta name=\"twitter:data1\" content=\"3 minut\u0117s\" \/>\n<script type=\"application\/ld+json\" class=\"yoast-schema-graph\">{\"@context\":\"https:\/\/schema.org\",\"@graph\":[{\"@type\":\"WebPage\",\"@id\":\"https:\/\/www.elementvape.de\/it\/produkt\/waspe-12000-e-zigarette-zollfrei-20-ml-mixed-berries-12000-zuege-650-mah-akku-typ-c\/\",\"url\":\"https:\/\/www.elementvape.de\/it\/produkt\/waspe-12000-e-zigarette-zollfrei-20-ml-mixed-berries-12000-zuege-650-mah-akku-typ-c\/\",\"name\":\"WASPE 12000 E-Zigarette Zollfrei 20 ml MIXED BERRIES 12000 Z\u00fcge 650 mAh Akku Typ-C | ElementVape.de\",\"isPartOf\":{\"@id\":\"https:\/\/www.elementvape.de\/#website\"},\"primaryImageOfPage\":{\"@id\":\"https:\/\/www.elementvape.de\/it\/produkt\/waspe-12000-e-zigarette-zollfrei-20-ml-mixed-berries-12000-zuege-650-mah-akku-typ-c\/#primaryimage\"},\"image\":{\"@id\":\"https:\/\/www.elementvape.de\/it\/produkt\/waspe-12000-e-zigarette-zollfrei-20-ml-mixed-berries-12000-zuege-650-mah-akku-typ-c\/#primaryimage\"},\"thumbnailUrl\":\"https:\/\/www.elementvape.de\/wp-content\/uploads\/2024\/08\/MMIXED-BERRIES.jpg\",\"datePublished\":\"2024-08-23T06:56:59+00:00\",\"dateModified\":\"2024-12-12T06:33:52+00:00\",\"description\":\"Wir bieten WASPE 12000 E-Zigarette Zollfrei 20 ml MIXED BERRIES 12000 Z\u00fcge 650 mAh Akku Typ-C , Elementvape.de akzeptieren Gro\u00df-und Einzelhandel Bestellungen.\",\"breadcrumb\":{\"@id\":\"https:\/\/www.elementvape.de\/it\/produkt\/waspe-12000-e-zigarette-zollfrei-20-ml-mixed-berries-12000-zuege-650-mah-akku-typ-c\/#breadcrumb\"},\"inLanguage\":\"lt-LT\",\"potentialAction\":[{\"@type\":\"ReadAction\",\"target\":[\"https:\/\/www.elementvape.de\/it\/produkt\/waspe-12000-e-zigarette-zollfrei-20-ml-mixed-berries-12000-zuege-650-mah-akku-typ-c\/\"]}]},{\"@type\":\"ImageObject\",\"inLanguage\":\"lt-LT\",\"@id\":\"https:\/\/www.elementvape.de\/it\/produkt\/waspe-12000-e-zigarette-zollfrei-20-ml-mixed-berries-12000-zuege-650-mah-akku-typ-c\/#primaryimage\",\"url\":\"https:\/\/www.elementvape.de\/wp-content\/uploads\/2024\/08\/MMIXED-BERRIES.jpg\",\"contentUrl\":\"https:\/\/www.elementvape.de\/wp-content\/uploads\/2024\/08\/MMIXED-BERRIES.jpg\",\"width\":2500,\"height\":1500,\"caption\":\"MMIXED BERRIES\"},{\"@type\":\"BreadcrumbList\",\"@id\":\"https:\/\/www.elementvape.de\/it\/produkt\/waspe-12000-e-zigarette-zollfrei-20-ml-mixed-berries-12000-zuege-650-mah-akku-typ-c\/#breadcrumb\",\"itemListElement\":[{\"@type\":\"ListItem\",\"position\":1,\"name\":\"Home\",\"item\":\"https:\/\/www.elementvape.de\/\"},{\"@type\":\"ListItem\",\"position\":2,\"name\":\"Shop\",\"item\":\"https:\/\/www.elementvape.de\/shop\/\"},{\"@type\":\"ListItem\",\"position\":3,\"name\":\"WASPE 12000 E-Zigarette Zollfrei 20 ml MIXED BERRIES 12000 Z\u00fcge 650 mAh Akku Typ-C\"}]},{\"@type\":\"WebSite\",\"@id\":\"https:\/\/www.elementvape.de\/#website\",\"url\":\"https:\/\/www.elementvape.de\/\",\"name\":\"ElementVape.de\",\"description\":\"\",\"publisher\":{\"@id\":\"https:\/\/www.elementvape.de\/#organization\"},\"potentialAction\":[{\"@type\":\"SearchAction\",\"target\":{\"@type\":\"EntryPoint\",\"urlTemplate\":\"https:\/\/www.elementvape.de\/?s={search_term_string}\"},\"query-input\":\"required name=search_term_string\"}],\"inLanguage\":\"lt-LT\"},{\"@type\":\"Organization\",\"@id\":\"https:\/\/www.elementvape.de\/#organization\",\"name\":\"ElementVape.DE\",\"url\":\"https:\/\/www.elementvape.de\/\",\"logo\":{\"@type\":\"ImageObject\",\"inLanguage\":\"lt-LT\",\"@id\":\"https:\/\/www.elementvape.de\/#\/schema\/logo\/image\/\",\"url\":\"https:\/\/www.elementvape.de\/wp-content\/uploads\/2024\/09\/cropped-1elementvape-3.png\",\"contentUrl\":\"https:\/\/www.elementvape.de\/wp-content\/uploads\/2024\/09\/cropped-1elementvape-3.png\",\"width\":285,\"height\":228,\"caption\":\"ElementVape.DE\"},\"image\":{\"@id\":\"https:\/\/www.elementvape.de\/#\/schema\/logo\/image\/\"}}]}<\/script>\n<!-- \/ Yoast SEO plugin. -->","yoast_head_json":{"title":"WASPE 12000 E-Zigarette Zollfrei 20 ml MIXED BERRIES 12000 Z\u00fcge 650 mAh Akku Typ-C | ElementVape.de","description":"Wir bieten WASPE 12000 E-Zigarette Zollfrei 20 ml MIXED BERRIES 12000 Z\u00fcge 650 mAh Akku Typ-C , Elementvape.de akzeptieren Gro\u00df-und Einzelhandel Bestellungen.","robots":{"index":"index","follow":"follow","max-snippet":"max-snippet:-1","max-image-preview":"max-image-preview:large","max-video-preview":"max-video-preview:-1"},"canonical":"https:\/\/www.elementvape.de\/lt\/produkt\/waspe-12000-e-zigarette-zollfrei-20-ml-mixed-berries-12000-zuege-650-mah-akku-typ-c\/","og_locale":"lt_LT","og_type":"article","og_title":"WASPE 12000 E-Zigarette Zollfrei 20 ml MIXED BERRIES 12000 Z\u00fcge 650 mAh Akku Typ-C | ElementVape.de","og_description":"Wir bieten WASPE 12000 E-Zigarette Zollfrei 20 ml MIXED BERRIES 12000 Z\u00fcge 650 mAh Akku Typ-C , Elementvape.de akzeptieren Gro\u00df-und Einzelhandel Bestellungen.","og_url":"https:\/\/www.elementvape.de\/lt\/produkt\/waspe-12000-e-zigarette-zollfrei-20-ml-mixed-berries-12000-zuege-650-mah-akku-typ-c\/","og_site_name":"ElementVape.de","article_modified_time":"2024-12-12T06:33:52+00:00","og_image":[{"width":2500,"height":1500,"url":"https:\/\/www.elementvape.de\/wp-content\/uploads\/2024\/08\/MMIXED-BERRIES.jpg","type":"image\/jpeg"}],"twitter_card":"summary_large_image","twitter_misc":{"Est. reading time":"3 minut\u0117s"},"schema":{"@context":"https:\/\/schema.org","@graph":[{"@type":"WebPage","@id":"https:\/\/www.elementvape.de\/it\/produkt\/waspe-12000-e-zigarette-zollfrei-20-ml-mixed-berries-12000-zuege-650-mah-akku-typ-c\/","url":"https:\/\/www.elementvape.de\/it\/produkt\/waspe-12000-e-zigarette-zollfrei-20-ml-mixed-berries-12000-zuege-650-mah-akku-typ-c\/","name":"WASPE 12000 E-Zigarette Zollfrei 20 ml MIXED BERRIES 12000 Z\u00fcge 650 mAh Akku Typ-C | ElementVape.de","isPartOf":{"@id":"https:\/\/www.elementvape.de\/#website"},"primaryImageOfPage":{"@id":"https:\/\/www.elementvape.de\/it\/produkt\/waspe-12000-e-zigarette-zollfrei-20-ml-mixed-berries-12000-zuege-650-mah-akku-typ-c\/#primaryimage"},"image":{"@id":"https:\/\/www.elementvape.de\/it\/produkt\/waspe-12000-e-zigarette-zollfrei-20-ml-mixed-berries-12000-zuege-650-mah-akku-typ-c\/#primaryimage"},"thumbnailUrl":"https:\/\/www.elementvape.de\/wp-content\/uploads\/2024\/08\/MMIXED-BERRIES.jpg","datePublished":"2024-08-23T06:56:59+00:00","dateModified":"2024-12-12T06:33:52+00:00","description":"Wir bieten WASPE 12000 E-Zigarette Zollfrei 20 ml MIXED BERRIES 12000 Z\u00fcge 650 mAh Akku Typ-C , Elementvape.de akzeptieren Gro\u00df-und Einzelhandel Bestellungen.","breadcrumb":{"@id":"https:\/\/www.elementvape.de\/it\/produkt\/waspe-12000-e-zigarette-zollfrei-20-ml-mixed-berries-12000-zuege-650-mah-akku-typ-c\/#breadcrumb"},"inLanguage":"lt-LT","potentialAction":[{"@type":"ReadAction","target":["https:\/\/www.elementvape.de\/it\/produkt\/waspe-12000-e-zigarette-zollfrei-20-ml-mixed-berries-12000-zuege-650-mah-akku-typ-c\/"]}]},{"@type":"ImageObject","inLanguage":"lt-LT","@id":"https:\/\/www.elementvape.de\/it\/produkt\/waspe-12000-e-zigarette-zollfrei-20-ml-mixed-berries-12000-zuege-650-mah-akku-typ-c\/#primaryimage","url":"https:\/\/www.elementvape.de\/wp-content\/uploads\/2024\/08\/MMIXED-BERRIES.jpg","contentUrl":"https:\/\/www.elementvape.de\/wp-content\/uploads\/2024\/08\/MMIXED-BERRIES.jpg","width":2500,"height":1500,"caption":"MMIXED BERRIES"},{"@type":"BreadcrumbList","@id":"https:\/\/www.elementvape.de\/it\/produkt\/waspe-12000-e-zigarette-zollfrei-20-ml-mixed-berries-12000-zuege-650-mah-akku-typ-c\/#breadcrumb","itemListElement":[{"@type":"ListItem","position":1,"name":"Home","item":"https:\/\/www.elementvape.de\/"},{"@type":"ListItem","position":2,"name":"Shop","item":"https:\/\/www.elementvape.de\/shop\/"},{"@type":"ListItem","position":3,"name":"WASPE 12000 E-Zigarette Zollfrei 20 ml MIXED BERRIES 12000 Z\u00fcge 650 mAh Akku Typ-C"}]},{"@type":"WebSite","@id":"https:\/\/www.elementvape.de\/#website","url":"https:\/\/www.elementvape.de\/","name":"ElementVape.de","description":"","publisher":{"@id":"https:\/\/www.elementvape.de\/#organization"},"potentialAction":[{"@type":"SearchAction","target":{"@type":"EntryPoint","urlTemplate":"https:\/\/www.elementvape.de\/?s={search_term_string}"},"query-input":"required name=search_term_string"}],"inLanguage":"lt-LT"},{"@type":"Organization","@id":"https:\/\/www.elementvape.de\/#organization","name":"ElementVape.DE","url":"https:\/\/www.elementvape.de\/","logo":{"@type":"ImageObject","inLanguage":"lt-LT","@id":"https:\/\/www.elementvape.de\/#\/schema\/logo\/image\/","url":"https:\/\/www.elementvape.de\/wp-content\/uploads\/2024\/09\/cropped-1elementvape-3.png","contentUrl":"https:\/\/www.elementvape.de\/wp-content\/uploads\/2024\/09\/cropped-1elementvape-3.png","width":285,"height":228,"caption":"ElementVape.DE"},"image":{"@id":"https:\/\/www.elementvape.de\/#\/schema\/logo\/image\/"}}]}},"_links":{"self":[{"href":"https:\/\/www.elementvape.de\/lt\/wp-json\/wp\/v2\/product\/13986"}],"collection":[{"href":"https:\/\/www.elementvape.de\/lt\/wp-json\/wp\/v2\/product"}],"about":[{"href":"https:\/\/www.elementvape.de\/lt\/wp-json\/wp\/v2\/types\/product"}],"wp:featuredmedia":[{"embeddable":true,"href":"https:\/\/www.elementvape.de\/lt\/wp-json\/wp\/v2\/media\/13987"}],"wp:attachment":[{"href":"https:\/\/www.elementvape.de\/lt\/wp-json\/wp\/v2\/media?parent=13986"}],"wp:term":[{"taxonomy":"product_cat","embeddable":true,"href":"https:\/\/www.elementvape.de\/lt\/wp-json\/wp\/v2\/product_cat?post=13986"},{"taxonomy":"product_tag","embeddable":true,"href":"https:\/\/www.elementvape.de\/lt\/wp-json\/wp\/v2\/product_tag?post=13986"}],"curies":[{"name":"wp","href":"https:\/\/api.w.org\/{rel}","templated":true}]}}