{"id":13978,"date":"2024-08-23T06:20:01","date_gmt":"2024-08-23T06:20:01","guid":{"rendered":"https:\/\/www.elementvape.de\/?post_type=product&#038;p=13978"},"modified":"2024-12-12T06:33:54","modified_gmt":"2024-12-12T06:33:54","slug":"zollfreie-e-zigarette-mit-watermelon-ice-12000-zuegen-und-20-ml-kapazitaet-fuer-langanhaltenden-genuss-waspe-12000-puffs-digital-box","status":"publish","type":"product","link":"https:\/\/www.elementvape.de\/lt\/produkt\/zollfreie-e-zigarette-mit-watermelon-ice-12000-zuegen-und-20-ml-kapazitaet-fuer-langanhaltenden-genuss-waspe-12000-puffs-digital-box\/","title":{"rendered":"Be muit\u0173 elektronin\u0117 cigaret\u0117 su WATERMELON ICE 12000 \u012fkv\u0117pim\u0173 ir 20 ml talpa ilgalaikiam malonumui WASPE 12000 PUFFS skaitmenin\u0117 d\u0117\u017eut\u0117"},"content":{"rendered":"<h3>WASPE-12000 E-cigaret\u0117: Ilgalaikis malonumas su WATERMELON ICE<\/h3>\n<p>WASPE-12000 E-cigaret\u0117 si\u016blo i\u0161skirtin\u0119 garinimo patirt\u012f, kuri\u0105 papildo gaivinantis WATERMELON ICE skonis. \u0160i bemuit\u0117 e-cigaret\u0117 sujungia moderniausias technologijas su intensyviu, ilgai i\u0161liekan\u010diu aromatu, sukurtu specialiai garintojams, kurie vertina tiek skon\u012f, tiek kokyb\u0119.<\/p>\n<h4>WATERMELON ICE: \u0160vie\u017eumas ir saldumas tobulai<\/h4>\n<p>WATERMELON ICE skonis yra puikus prinokusi\u0173 arb\u016bz\u0173 nat\u016bralaus saldumo ir v\u0117sios, gaivinan\u010dios ledo natos mi\u0161inys. \u012ekvepiant atsiskleid\u017eia sultingas arb\u016bzo saldumas, kur\u012f i\u0161kart papildo v\u0117sus gaivumas, sukuriantis gaivinant\u012f ir kartu malon\u0173 garinimo malonum\u0105. D\u0117l \u0161io derinio WATERMELON ICE yra idealus aromatas kar\u0161toms dienoms arba bet kada, kai norisi gaivaus skonio.<\/p>\n<p>D\u0117l didel\u0117s 20 ml e-skys\u010dio talpos ir 12 000 \u012ftraukim\u0173, WASPE-12000 si\u016blo nuosekl\u0173 ir ilgalaik\u012f skonio potyr\u012f. Skonis i\u0161lieka intensyvus ir nepakit\u0119s vis\u0105 naudojimo laik\u0105, tod\u0117l tai <strong><a href=\"https:\/\/www.elementvape.de\/lt\/\" target=\"_blank\" rel=\"noopener\">Elektronin\u0117 cigaret\u0117<\/a><\/strong> yra puikus pasirinkimas kasdieniam garinimui.<\/p>\n<h3>Techniniai duomenys ir patogumas naudoti<\/h3>\n<p>WASPE-12000 E-cigaret\u0117 sujungia kokyb\u0119 ir patogum\u0105 naudoti \u012f vien\u0105 kompakti\u0161k\u0105, bet galing\u0105 \u012frengin\u012f. \u0160tai svarbiausios \u0161io modelio technin\u0117s specifikacijos:<\/p>\n<table>\n<thead>\n<tr>\n<th><strong>Savyb\u0117<\/strong><\/th>\n<th><strong>Duomenys<\/strong><\/th>\n<\/tr>\n<\/thead>\n<tbody>\n<tr>\n<td>Modelis<\/td>\n<td>WASPE-12000<\/td>\n<\/tr>\n<tr>\n<td>Skonio kryptis<\/td>\n<td>VANDENS MELIONO LEDAS<\/td>\n<\/tr>\n<tr>\n<td>Med\u017eiaga<\/td>\n<td>Aliuminio lydinys, PCGT<\/td>\n<\/tr>\n<tr>\n<td>N-Gelio kiekis<\/td>\n<td>2%, 5%<\/td>\n<\/tr>\n<tr>\n<td>Vyniojimo var\u017ea<\/td>\n<td>1,0\u03a9<\/td>\n<\/tr>\n<tr>\n<td>\u012ejungimai<\/td>\n<td>12.000 \u012fjungim\u0173<\/td>\n<\/tr>\n<tr>\n<td>E-liquido talpa<\/td>\n<td>20 ml<\/td>\n<\/tr>\n<tr>\n<td>Baterijos talpa<\/td>\n<td>650 mAh<\/td>\n<\/tr>\n<tr>\n<td>Galia diapazonas<\/td>\n<td>7-12V<\/td>\n<\/tr>\n<tr>\n<td>\u012ekraunamas<\/td>\n<td>Ja<\/td>\n<\/tr>\n<tr>\n<td>\u012ekrovimo jungtis<\/td>\n<td>Tipo-C<\/td>\n<\/tr>\n<tr>\n<td>Neto svoris<\/td>\n<td>96 g<\/td>\n<\/tr>\n<tr>\n<td>Produkto dydis<\/td>\n<td>32*36*116mm<\/td>\n<\/tr>\n<\/tbody>\n<\/table>\n<p>Technin\u0117 WASPE-12000 \u012franga u\u017etikrina paprast\u0105 naudojim\u0105 ir ilg\u0105 naudojimo tr<\/p>\n<p>ukm\u0119. \u012ekraunama 650 mAh baterija ir moderni Typ-C \u012fkrovimo jungtis daro \u012frengin\u012f ypa\u010d patog\u0173 naudoti. Kompakti\u0161ka konstrukcija ir nedidelis svoris u\u017etikrina, kad e-cigaret\u0119 b\u016bt\u0173 galima patogiai transportuoti ir naudoti bet kuriuo metu.<\/p>\n<p><img loading=\"lazy\" decoding=\"async\" class=\"wp-image-13982 aligncenter\" src=\"https:\/\/www.elementvape.de\/wp-content\/uploads\/2024\/08\/2-300x300.jpg\" alt=\"2\" width=\"492\" height=\"492\" srcset=\"https:\/\/www.elementvape.de\/wp-content\/uploads\/2024\/08\/2-300x300.jpg 300w, https:\/\/www.elementvape.de\/wp-content\/uploads\/2024\/08\/2-150x150.jpg 150w, https:\/\/www.elementvape.de\/wp-content\/uploads\/2024\/08\/2-768x768.jpg 768w, https:\/\/www.elementvape.de\/wp-content\/uploads\/2024\/08\/2-600x600.jpg 600w, https:\/\/www.elementvape.de\/wp-content\/uploads\/2024\/08\/2-100x100.jpg 100w, https:\/\/www.elementvape.de\/wp-content\/uploads\/2024\/08\/2-50x50.jpg 50w, https:\/\/www.elementvape.de\/wp-content\/uploads\/2024\/08\/2.jpg 980w\" sizes=\"(max-width: 492px) 100vw, 492px\" \/><\/p>\n<h4>Bemuite galimyb\u0117: patrauklus pasi\u016blymas vartotojams<\/h4>\n<p>Ypatingas WASPE-12000 E-cigaret\u0117s prana\u0161umas yra jos be muito prieinamumas Lietuvoje. Tai ne tik auk\u0161tos kokyb\u0117s, bet ir patraukli kainos galimyb\u0117 vartotojams, ie\u0161kantiems pirmaujan\u010dio garinimo patirties, nesukeliant dideli\u0173 i\u0161laid\u0173. Pardav\u0117jai taip pat gali naudotis galimybe pasi\u016blyti \u0161\u012f konkurencing\u0105 produkt\u0105, kuris pritraukia pla\u010di\u0105 tikslin\u0119 auditorij\u0105.<\/p>\n<p>WASPE-12000 E-cigaret\u0117 sujungia gaiv\u0173 WATERMELON ICE skon\u012f su pa\u017eangia technika ir patrauklia kainodara, tod\u0117l ji yra puikus pasirinkimas garintojams Lietuvoje. Nesvarbu, ar tai kasdienis malonumas, ar ypatingi momentai, WASPE-12000 atitinka visas \u0161iuolaikin\u0117s ir ilgaam\u017e\u0117s elektronin\u0117s cigaret\u0117s reikalavimus.<\/p>","protected":false},"excerpt":{"rendered":"<p>WASPE-12000 E-Zigarette: Langanhaltender Genuss mit WATERMELON ICE Die WASPE-12000 E-Zigarette bietet ein herausragendes Dampferlebnis, das durch den erfrischenden Geschmack von WATERMELON ICE abgerundet wird. Diese zollfreie E-Zigarette kombiniert modernste Technologie mit einem intensiven, langanhaltenden Aroma, das speziell f\u00fcr Dampfer entwickelt wurde, die sowohl auf Geschmack als auch auf Qualit\u00e4t Wert legen. WATERMELON ICE: Frische und [&hellip;]<\/p>","protected":false},"featured_media":13979,"template":"","meta":{"inline_featured_image":false},"product_cat":[15,78,735,746,741,733,744,755,738,751,732,723],"product_tag":[710,673],"tiered_pricing_type":"fixed","tiered_pricing_fixed_rules":{"110":"6.83","200":"6.07","500":"5.31"},"tiered_pricing_percentage_rules":[],"tiered_pricing_minimum":1,"_administrator_tiered_pricing_type":"fixed","_administrator_tiered_pricing_fixed_rules":[],"_editor_tiered_pricing_type":"fixed","_editor_tiered_pricing_fixed_rules":[],"_author_tiered_pricing_type":"fixed","_author_tiered_pricing_fixed_rules":[],"_contributor_tiered_pricing_type":"fixed","_contributor_tiered_pricing_fixed_rules":[],"_subscriber_tiered_pricing_type":"fixed","_subscriber_tiered_pricing_fixed_rules":[],"_customer_tiered_pricing_type":"fixed","_customer_tiered_pricing_fixed_rules":[],"_shop_manager_tiered_pricing_type":"fixed","_shop_manager_tiered_pricing_fixed_rules":[],"_wpseo_manager_tiered_pricing_type":"fixed","_wpseo_manager_tiered_pricing_fixed_rules":[],"_wpseo_editor_tiered_pricing_type":"fixed","_wpseo_editor_tiered_pricing_fixed_rules":[],"_wholesale_customer_tiered_pricing_type":"fixed","_wholesale_customer_tiered_pricing_fixed_rules":[],"_marketer_tiered_pricing_type":"fixed","_marketer_tiered_pricing_fixed_rules":[],"_sales_manager_tiered_pricing_type":"fixed","_sales_manager_tiered_pricing_fixed_rules":[],"_sales_rep_tiered_pricing_type":"fixed","_sales_rep_tiered_pricing_fixed_rules":[],"yoast_head":"<!-- This site is optimized with the Yoast SEO plugin v23.3 - https:\/\/yoast.com\/wordpress\/plugins\/seo\/ -->\n<title>Zollfreie E-Zigarette mit WATERMELON ICE 12000 Z\u00fcgen und 20 ml Kapazit\u00e4t f\u00fcr langanhaltenden Genuss WASPE 12000 PUFFS Digital Box | ElementVape.de<\/title>\n<meta name=\"description\" content=\"Wir bieten Zollfreie E-Zigarette mit WATERMELON ICE 12000 Z\u00fcgen und 20 ml Kapazit\u00e4t f\u00fcr langanhaltenden Genuss WASPE 12000 PUFFS Digital Box , Elementvape.de akzeptieren Gro\u00df-und Einzelhandel Bestellungen.\" \/>\n<meta name=\"robots\" content=\"index, follow, max-snippet:-1, max-image-preview:large, max-video-preview:-1\" \/>\n<link rel=\"canonical\" href=\"https:\/\/www.elementvape.de\/lt\/produkt\/zollfreie-e-zigarette-mit-watermelon-ice-12000-zuegen-und-20-ml-kapazitaet-fuer-langanhaltenden-genuss-waspe-12000-puffs-digital-box\/\" \/>\n<meta property=\"og:locale\" content=\"lt_LT\" \/>\n<meta property=\"og:type\" content=\"article\" \/>\n<meta property=\"og:title\" content=\"Zollfreie E-Zigarette mit WATERMELON ICE 12000 Z\u00fcgen und 20 ml Kapazit\u00e4t f\u00fcr langanhaltenden Genuss WASPE 12000 PUFFS Digital Box | ElementVape.de\" \/>\n<meta property=\"og:description\" content=\"Wir bieten Zollfreie E-Zigarette mit WATERMELON ICE 12000 Z\u00fcgen und 20 ml Kapazit\u00e4t f\u00fcr langanhaltenden Genuss WASPE 12000 PUFFS Digital Box , Elementvape.de akzeptieren Gro\u00df-und Einzelhandel Bestellungen.\" \/>\n<meta property=\"og:url\" content=\"https:\/\/www.elementvape.de\/lt\/produkt\/zollfreie-e-zigarette-mit-watermelon-ice-12000-zuegen-und-20-ml-kapazitaet-fuer-langanhaltenden-genuss-waspe-12000-puffs-digital-box\/\" \/>\n<meta property=\"og:site_name\" content=\"ElementVape.de\" \/>\n<meta property=\"article:modified_time\" content=\"2024-12-12T06:33:54+00:00\" \/>\n<meta property=\"og:image\" content=\"https:\/\/www.elementvape.de\/wp-content\/uploads\/2024\/08\/WATERMELON-ICE-1.jpg\" \/>\n\t<meta property=\"og:image:width\" content=\"2500\" \/>\n\t<meta property=\"og:image:height\" content=\"1500\" \/>\n\t<meta property=\"og:image:type\" content=\"image\/jpeg\" \/>\n<meta name=\"twitter:card\" content=\"summary_large_image\" \/>\n<meta name=\"twitter:label1\" content=\"Est. reading time\" \/>\n\t<meta name=\"twitter:data1\" content=\"3 minut\u0117s\" \/>\n<script type=\"application\/ld+json\" class=\"yoast-schema-graph\">{\"@context\":\"https:\/\/schema.org\",\"@graph\":[{\"@type\":\"WebPage\",\"@id\":\"https:\/\/www.elementvape.de\/sk\/produkt\/zollfreie-e-zigarette-mit-watermelon-ice-12000-zuegen-und-20-ml-kapazitaet-fuer-langanhaltenden-genuss-waspe-12000-puffs-digital-box\/\",\"url\":\"https:\/\/www.elementvape.de\/sk\/produkt\/zollfreie-e-zigarette-mit-watermelon-ice-12000-zuegen-und-20-ml-kapazitaet-fuer-langanhaltenden-genuss-waspe-12000-puffs-digital-box\/\",\"name\":\"Zollfreie E-Zigarette mit WATERMELON ICE 12000 Z\u00fcgen und 20 ml Kapazit\u00e4t f\u00fcr langanhaltenden Genuss WASPE 12000 PUFFS Digital Box | ElementVape.de\",\"isPartOf\":{\"@id\":\"https:\/\/www.elementvape.de\/#website\"},\"primaryImageOfPage\":{\"@id\":\"https:\/\/www.elementvape.de\/sk\/produkt\/zollfreie-e-zigarette-mit-watermelon-ice-12000-zuegen-und-20-ml-kapazitaet-fuer-langanhaltenden-genuss-waspe-12000-puffs-digital-box\/#primaryimage\"},\"image\":{\"@id\":\"https:\/\/www.elementvape.de\/sk\/produkt\/zollfreie-e-zigarette-mit-watermelon-ice-12000-zuegen-und-20-ml-kapazitaet-fuer-langanhaltenden-genuss-waspe-12000-puffs-digital-box\/#primaryimage\"},\"thumbnailUrl\":\"https:\/\/www.elementvape.de\/wp-content\/uploads\/2024\/08\/WATERMELON-ICE-1.jpg\",\"datePublished\":\"2024-08-23T06:20:01+00:00\",\"dateModified\":\"2024-12-12T06:33:54+00:00\",\"description\":\"Wir bieten Zollfreie E-Zigarette mit WATERMELON ICE 12000 Z\u00fcgen und 20 ml Kapazit\u00e4t f\u00fcr langanhaltenden Genuss WASPE 12000 PUFFS Digital Box , Elementvape.de akzeptieren Gro\u00df-und Einzelhandel Bestellungen.\",\"breadcrumb\":{\"@id\":\"https:\/\/www.elementvape.de\/sk\/produkt\/zollfreie-e-zigarette-mit-watermelon-ice-12000-zuegen-und-20-ml-kapazitaet-fuer-langanhaltenden-genuss-waspe-12000-puffs-digital-box\/#breadcrumb\"},\"inLanguage\":\"lt-LT\",\"potentialAction\":[{\"@type\":\"ReadAction\",\"target\":[\"https:\/\/www.elementvape.de\/sk\/produkt\/zollfreie-e-zigarette-mit-watermelon-ice-12000-zuegen-und-20-ml-kapazitaet-fuer-langanhaltenden-genuss-waspe-12000-puffs-digital-box\/\"]}]},{\"@type\":\"ImageObject\",\"inLanguage\":\"lt-LT\",\"@id\":\"https:\/\/www.elementvape.de\/sk\/produkt\/zollfreie-e-zigarette-mit-watermelon-ice-12000-zuegen-und-20-ml-kapazitaet-fuer-langanhaltenden-genuss-waspe-12000-puffs-digital-box\/#primaryimage\",\"url\":\"https:\/\/www.elementvape.de\/wp-content\/uploads\/2024\/08\/WATERMELON-ICE-1.jpg\",\"contentUrl\":\"https:\/\/www.elementvape.de\/wp-content\/uploads\/2024\/08\/WATERMELON-ICE-1.jpg\",\"width\":2500,\"height\":1500,\"caption\":\"WATERMELON ICE\"},{\"@type\":\"BreadcrumbList\",\"@id\":\"https:\/\/www.elementvape.de\/sk\/produkt\/zollfreie-e-zigarette-mit-watermelon-ice-12000-zuegen-und-20-ml-kapazitaet-fuer-langanhaltenden-genuss-waspe-12000-puffs-digital-box\/#breadcrumb\",\"itemListElement\":[{\"@type\":\"ListItem\",\"position\":1,\"name\":\"Home\",\"item\":\"https:\/\/www.elementvape.de\/\"},{\"@type\":\"ListItem\",\"position\":2,\"name\":\"Shop\",\"item\":\"https:\/\/www.elementvape.de\/shop\/\"},{\"@type\":\"ListItem\",\"position\":3,\"name\":\"Zollfreie E-Zigarette mit WATERMELON ICE 12000 Z\u00fcgen und 20 ml Kapazit\u00e4t f\u00fcr langanhaltenden Genuss WASPE 12000 PUFFS Digital Box\"}]},{\"@type\":\"WebSite\",\"@id\":\"https:\/\/www.elementvape.de\/#website\",\"url\":\"https:\/\/www.elementvape.de\/\",\"name\":\"ElementVape.de\",\"description\":\"\",\"publisher\":{\"@id\":\"https:\/\/www.elementvape.de\/#organization\"},\"potentialAction\":[{\"@type\":\"SearchAction\",\"target\":{\"@type\":\"EntryPoint\",\"urlTemplate\":\"https:\/\/www.elementvape.de\/?s={search_term_string}\"},\"query-input\":\"required name=search_term_string\"}],\"inLanguage\":\"lt-LT\"},{\"@type\":\"Organization\",\"@id\":\"https:\/\/www.elementvape.de\/#organization\",\"name\":\"ElementVape.DE\",\"url\":\"https:\/\/www.elementvape.de\/\",\"logo\":{\"@type\":\"ImageObject\",\"inLanguage\":\"lt-LT\",\"@id\":\"https:\/\/www.elementvape.de\/#\/schema\/logo\/image\/\",\"url\":\"https:\/\/www.elementvape.de\/wp-content\/uploads\/2024\/09\/cropped-1elementvape-3.png\",\"contentUrl\":\"https:\/\/www.elementvape.de\/wp-content\/uploads\/2024\/09\/cropped-1elementvape-3.png\",\"width\":285,\"height\":228,\"caption\":\"ElementVape.DE\"},\"image\":{\"@id\":\"https:\/\/www.elementvape.de\/#\/schema\/logo\/image\/\"}}]}<\/script>\n<!-- \/ Yoast SEO plugin. -->","yoast_head_json":{"title":"Zollfreie E-Zigarette mit WATERMELON ICE 12000 Z\u00fcgen und 20 ml Kapazit\u00e4t f\u00fcr langanhaltenden Genuss WASPE 12000 PUFFS Digital Box | ElementVape.de","description":"Wir bieten Zollfreie E-Zigarette mit WATERMELON ICE 12000 Z\u00fcgen und 20 ml Kapazit\u00e4t f\u00fcr langanhaltenden Genuss WASPE 12000 PUFFS Digital Box , Elementvape.de akzeptieren Gro\u00df-und Einzelhandel Bestellungen.","robots":{"index":"index","follow":"follow","max-snippet":"max-snippet:-1","max-image-preview":"max-image-preview:large","max-video-preview":"max-video-preview:-1"},"canonical":"https:\/\/www.elementvape.de\/lt\/produkt\/zollfreie-e-zigarette-mit-watermelon-ice-12000-zuegen-und-20-ml-kapazitaet-fuer-langanhaltenden-genuss-waspe-12000-puffs-digital-box\/","og_locale":"lt_LT","og_type":"article","og_title":"Zollfreie E-Zigarette mit WATERMELON ICE 12000 Z\u00fcgen und 20 ml Kapazit\u00e4t f\u00fcr langanhaltenden Genuss WASPE 12000 PUFFS Digital Box | ElementVape.de","og_description":"Wir bieten Zollfreie E-Zigarette mit WATERMELON ICE 12000 Z\u00fcgen und 20 ml Kapazit\u00e4t f\u00fcr langanhaltenden Genuss WASPE 12000 PUFFS Digital Box , Elementvape.de akzeptieren Gro\u00df-und Einzelhandel Bestellungen.","og_url":"https:\/\/www.elementvape.de\/lt\/produkt\/zollfreie-e-zigarette-mit-watermelon-ice-12000-zuegen-und-20-ml-kapazitaet-fuer-langanhaltenden-genuss-waspe-12000-puffs-digital-box\/","og_site_name":"ElementVape.de","article_modified_time":"2024-12-12T06:33:54+00:00","og_image":[{"width":2500,"height":1500,"url":"https:\/\/www.elementvape.de\/wp-content\/uploads\/2024\/08\/WATERMELON-ICE-1.jpg","type":"image\/jpeg"}],"twitter_card":"summary_large_image","twitter_misc":{"Est. reading time":"3 minut\u0117s"},"schema":{"@context":"https:\/\/schema.org","@graph":[{"@type":"WebPage","@id":"https:\/\/www.elementvape.de\/sk\/produkt\/zollfreie-e-zigarette-mit-watermelon-ice-12000-zuegen-und-20-ml-kapazitaet-fuer-langanhaltenden-genuss-waspe-12000-puffs-digital-box\/","url":"https:\/\/www.elementvape.de\/sk\/produkt\/zollfreie-e-zigarette-mit-watermelon-ice-12000-zuegen-und-20-ml-kapazitaet-fuer-langanhaltenden-genuss-waspe-12000-puffs-digital-box\/","name":"Zollfreie E-Zigarette mit WATERMELON ICE 12000 Z\u00fcgen und 20 ml Kapazit\u00e4t f\u00fcr langanhaltenden Genuss WASPE 12000 PUFFS Digital Box | ElementVape.de","isPartOf":{"@id":"https:\/\/www.elementvape.de\/#website"},"primaryImageOfPage":{"@id":"https:\/\/www.elementvape.de\/sk\/produkt\/zollfreie-e-zigarette-mit-watermelon-ice-12000-zuegen-und-20-ml-kapazitaet-fuer-langanhaltenden-genuss-waspe-12000-puffs-digital-box\/#primaryimage"},"image":{"@id":"https:\/\/www.elementvape.de\/sk\/produkt\/zollfreie-e-zigarette-mit-watermelon-ice-12000-zuegen-und-20-ml-kapazitaet-fuer-langanhaltenden-genuss-waspe-12000-puffs-digital-box\/#primaryimage"},"thumbnailUrl":"https:\/\/www.elementvape.de\/wp-content\/uploads\/2024\/08\/WATERMELON-ICE-1.jpg","datePublished":"2024-08-23T06:20:01+00:00","dateModified":"2024-12-12T06:33:54+00:00","description":"Wir bieten Zollfreie E-Zigarette mit WATERMELON ICE 12000 Z\u00fcgen und 20 ml Kapazit\u00e4t f\u00fcr langanhaltenden Genuss WASPE 12000 PUFFS Digital Box , Elementvape.de akzeptieren Gro\u00df-und Einzelhandel Bestellungen.","breadcrumb":{"@id":"https:\/\/www.elementvape.de\/sk\/produkt\/zollfreie-e-zigarette-mit-watermelon-ice-12000-zuegen-und-20-ml-kapazitaet-fuer-langanhaltenden-genuss-waspe-12000-puffs-digital-box\/#breadcrumb"},"inLanguage":"lt-LT","potentialAction":[{"@type":"ReadAction","target":["https:\/\/www.elementvape.de\/sk\/produkt\/zollfreie-e-zigarette-mit-watermelon-ice-12000-zuegen-und-20-ml-kapazitaet-fuer-langanhaltenden-genuss-waspe-12000-puffs-digital-box\/"]}]},{"@type":"ImageObject","inLanguage":"lt-LT","@id":"https:\/\/www.elementvape.de\/sk\/produkt\/zollfreie-e-zigarette-mit-watermelon-ice-12000-zuegen-und-20-ml-kapazitaet-fuer-langanhaltenden-genuss-waspe-12000-puffs-digital-box\/#primaryimage","url":"https:\/\/www.elementvape.de\/wp-content\/uploads\/2024\/08\/WATERMELON-ICE-1.jpg","contentUrl":"https:\/\/www.elementvape.de\/wp-content\/uploads\/2024\/08\/WATERMELON-ICE-1.jpg","width":2500,"height":1500,"caption":"WATERMELON ICE"},{"@type":"BreadcrumbList","@id":"https:\/\/www.elementvape.de\/sk\/produkt\/zollfreie-e-zigarette-mit-watermelon-ice-12000-zuegen-und-20-ml-kapazitaet-fuer-langanhaltenden-genuss-waspe-12000-puffs-digital-box\/#breadcrumb","itemListElement":[{"@type":"ListItem","position":1,"name":"Home","item":"https:\/\/www.elementvape.de\/"},{"@type":"ListItem","position":2,"name":"Shop","item":"https:\/\/www.elementvape.de\/shop\/"},{"@type":"ListItem","position":3,"name":"Zollfreie E-Zigarette mit WATERMELON ICE 12000 Z\u00fcgen und 20 ml Kapazit\u00e4t f\u00fcr langanhaltenden Genuss WASPE 12000 PUFFS Digital Box"}]},{"@type":"WebSite","@id":"https:\/\/www.elementvape.de\/#website","url":"https:\/\/www.elementvape.de\/","name":"ElementVape.de","description":"","publisher":{"@id":"https:\/\/www.elementvape.de\/#organization"},"potentialAction":[{"@type":"SearchAction","target":{"@type":"EntryPoint","urlTemplate":"https:\/\/www.elementvape.de\/?s={search_term_string}"},"query-input":"required name=search_term_string"}],"inLanguage":"lt-LT"},{"@type":"Organization","@id":"https:\/\/www.elementvape.de\/#organization","name":"ElementVape.DE","url":"https:\/\/www.elementvape.de\/","logo":{"@type":"ImageObject","inLanguage":"lt-LT","@id":"https:\/\/www.elementvape.de\/#\/schema\/logo\/image\/","url":"https:\/\/www.elementvape.de\/wp-content\/uploads\/2024\/09\/cropped-1elementvape-3.png","contentUrl":"https:\/\/www.elementvape.de\/wp-content\/uploads\/2024\/09\/cropped-1elementvape-3.png","width":285,"height":228,"caption":"ElementVape.DE"},"image":{"@id":"https:\/\/www.elementvape.de\/#\/schema\/logo\/image\/"}}]}},"_links":{"self":[{"href":"https:\/\/www.elementvape.de\/lt\/wp-json\/wp\/v2\/product\/13978"}],"collection":[{"href":"https:\/\/www.elementvape.de\/lt\/wp-json\/wp\/v2\/product"}],"about":[{"href":"https:\/\/www.elementvape.de\/lt\/wp-json\/wp\/v2\/types\/product"}],"wp:featuredmedia":[{"embeddable":true,"href":"https:\/\/www.elementvape.de\/lt\/wp-json\/wp\/v2\/media\/13979"}],"wp:attachment":[{"href":"https:\/\/www.elementvape.de\/lt\/wp-json\/wp\/v2\/media?parent=13978"}],"wp:term":[{"taxonomy":"product_cat","embeddable":true,"href":"https:\/\/www.elementvape.de\/lt\/wp-json\/wp\/v2\/product_cat?post=13978"},{"taxonomy":"product_tag","embeddable":true,"href":"https:\/\/www.elementvape.de\/lt\/wp-json\/wp\/v2\/product_tag?post=13978"}],"curies":[{"name":"wp","href":"https:\/\/api.w.org\/{rel}","templated":true}]}}