{"id":13959,"date":"2024-08-22T08:30:14","date_gmt":"2024-08-22T08:30:14","guid":{"rendered":"https:\/\/www.elementvape.de\/?post_type=product&#038;p=13959"},"modified":"2024-12-12T06:33:59","modified_gmt":"2024-12-12T06:33:59","slug":"fruchtige-vielfalt-im-grosshandel-strawberry-mango-e-zigaretten-erstklassige-qualitaet-die-den-perfekten-mix-aus-erdbeeren-und-mango-vereint-waspe-15000-puffs","status":"publish","type":"product","link":"https:\/\/www.elementvape.de\/lt\/produkt\/fruchtige-vielfalt-im-grosshandel-strawberry-mango-e-zigaretten-erstklassige-qualitaet-die-den-perfekten-mix-aus-erdbeeren-und-mango-vereint-waspe-15000-puffs\/","title":{"rendered":"Vaisi\u0173 \u012fvairov\u0117 didmenin\u0117se Strawberry Mango E-cigaret\u0117se \u2013 auk\u0161\u010diausia kokyb\u0117, kuri sujungia tobul\u0105 bra\u0161ki\u0173 ir mang\u0173 mi\u0161in\u012f WASPE 15000 PUFFS"},"content":{"rendered":"<p>Vienkartin\u0117 elektronin\u0117 cigaret\u0117 WASPE 15000 PUFFS si\u016blo i\u0161skirtin\u012f skon\u012f su bra\u0161ki\u0173 ir mango aromatu, kuris sujungia tobul\u0105 sulting\u0173 bra\u0161ki\u0173 ir atogr\u0105\u017e\u0173 mang\u0173 derin\u012f. \u0160is aromatas sujungia sald\u0173 prinokusi\u0173 bra\u0161ki\u0173 vaisi\u0173 skon\u012f su intensyviu mango skoniu, sukuriant nepamir\u0161tam\u0105 garinimo patirt\u012f. Kiekvienas \u012fkv\u0117pimas atskleid\u017eia harmoning\u0105 bra\u0161ki\u0173 gaivumo ir egzoti\u0161ko mango saldumo pusiausvyr\u0105, kurie kartu suteikia ypa\u010d gaivinant\u012f ir patenkinant\u012f skon\u012f.<\/p>\n<p>D\u0117l pa\u017eangios WASPE 15000 PUFFS tinklelio rit\u0117s technologijos bra\u0161ki\u0173 ir mango aromatas atsiskleid\u017eia optimaliai. Tolygus e-skys\u010dio kaitinimas u\u017etikrina, kad kiekvien\u0105 \u012fkv\u0117pim\u0105 gal\u0117site m\u0117gautis visu vaisi\u0173 aromat\u0173 intensyvumu, o tai <strong><a href=\"https:\/\/www.elementvape.de\/lt\/\" target=\"_blank\" rel=\"noopener\">Garinim\u0105<\/a><\/strong> paver\u010dia tikru malonumu.<\/p>\n<h2><strong>Auk\u0161\u010diausios kokyb\u0117s didmeninei prekybai<\/strong><\/h2>\n<p>Didmenininkams WASPE 15000 PUFFS su bra\u0161ki\u0173 ir mango aromatu yra auk\u0161\u010diausios klas\u0117s produktas, pasi\u017eymintis auk\u0161ta kokybe ir i\u0161skirtiniu na\u0161umu. Su \u012fsp\u016bdinga talpa iki 15 000 \u012fkv\u0117pim\u0173 ir dideliu 22 ml e-skys\u010dio rezervuaru, \u0161is modelis si\u016blo ilgalaik\u012f garinim\u0105 be da\u017eno papildymo ar \u012frenginio keitimo. D\u0117l \u0161i\u0173 savybi\u0173 WASPE yra idealus pasi\u016blymas didmenininkams, norintiems savo klientams pasi\u016blyti patikim\u0105 ir auk\u0161tos kokyb\u0117s produkt\u0105.<\/p>\n<p>Auk\u0161tos kokyb\u0117s apdirbimo, didel\u0117s \u012fkv\u0117pim\u0173 talpos ir unikalaus bra\u0161ki\u0173 ir mango aromato derinys suteikia j\u016bs\u0173 klientams visapusi\u0161k\u0105 garinimo patirt\u012f, kuri \u012ftikina tiek funkcionalumu, tiek skoniu. D\u0117l \u0161i\u0173 privalum\u0173 WASPE 15000 PUFFS yra patrauklus produktas didmeninei prekybai, kur\u012f lengva parduoti ir kuris suteiks j\u016bs\u0173 klientams daug d\u017eiaugsmo.<\/p>\n<h3><strong>WASPE 15000 PUFFS privalumai didmeninei prekybai<\/strong><\/h3>\n<p>WASPE 15000 PUFFS si\u016blo didmenininkams daug privalum\u0173, kurie daro j\u012f patraukliu pasi\u016blymu rinkoje. Su bra\u0161ki\u0173 ir mango aromatu produktas si\u016blo ne tik skonio akcent\u0105, bet ir i\u0161skirtin\u0119 \u012fkv\u0117pim\u0173 talp\u0105, kuri j\u012f i\u0161skiria i\u0161 kit\u0173 <strong><a href=\"https:\/\/www.elementvape.de\/lt\/c\/einweg-zigarette\/\" target=\"_blank\" rel=\"noopener\">Vienkartin\u0117s elektronin\u0117s cigaret\u0117s<\/a><\/strong> produkt\u0173. Modelyje \u012fmontuotas galingas 850 mAh akumuliatorius, kur\u012f galima patogiai \u012fkrauti per moderni\u0105 Type-C jungt\u012f, o patogus LCD ekranas nuolat informuoja apie \u012fkrovos lyg\u012f ir e-skys\u010dio kiek\u012f.<\/p>\n<p>D\u0117l \u0161i\u0173 funkcij\u0173 WASPE 15000 PUFFS yra patogus ir prakti\u0161kas pasirinkimas j\u016bs\u0173 klientams. Jums, kaip didmenininkui, tai rei\u0161kia, kad galite pasi\u016blyti produkt\u0105, kuris \u012ftikina tiek kokybe, tiek na\u0161umu ir padeda jums i\u0161siskirti konkurencin\u0117je kovoje. Puikus bra\u0161ki\u0173 ir mango derinys papildo galingas WASPE 15000 PUFFS funkcijas ir u\u017etikrina optimali\u0105 garinimo patirt\u012f, kuri\u0105 j\u016bs\u0173 klientai \u012fvertins.<\/p>\n<p><img loading=\"lazy\" decoding=\"async\" class=\"size-medium wp-image-13962\" src=\"https:\/\/www.elementvape.de\/wp-content\/uploads\/2024\/08\/03-1-300x169.jpg\" alt=\"03\" width=\"300\" height=\"169\" srcset=\"https:\/\/www.elementvape.de\/wp-content\/uploads\/2024\/08\/03-1-300x169.jpg 300w, https:\/\/www.elementvape.de\/wp-content\/uploads\/2024\/08\/03-1-1024x576.jpg 1024w, https:\/\/www.elementvape.de\/wp-content\/uploads\/2024\/08\/03-1-768x432.jpg 768w, https:\/\/www.elementvape.de\/wp-content\/uploads\/2024\/08\/03-1-1536x864.jpg 1536w, https:\/\/www.elementvape.de\/wp-content\/uploads\/2024\/08\/03-1-1000x565.jpg 1000w, https:\/\/www.elementvape.de\/wp-content\/uploads\/2024\/08\/03-1-600x338.jpg 600w, https:\/\/www.elementvape.de\/wp-content\/uploads\/2024\/08\/03-1.jpg 2000w\" sizes=\"(max-width: 300px) 100vw, 300px\" \/><\/p>\n<p><img loading=\"lazy\" decoding=\"async\" class=\"size-medium wp-image-13961\" src=\"https:\/\/www.elementvape.de\/wp-content\/uploads\/2024\/08\/02-1-300x141.jpg\" alt=\"02\" width=\"300\" height=\"141\" srcset=\"https:\/\/www.elementvape.de\/wp-content\/uploads\/2024\/08\/02-1-300x141.jpg 300w, https:\/\/www.elementvape.de\/wp-content\/uploads\/2024\/08\/02-1-1024x480.jpg 1024w, https:\/\/www.elementvape.de\/wp-content\/uploads\/2024\/08\/02-1-768x360.jpg 768w, https:\/\/www.elementvape.de\/wp-content\/uploads\/2024\/08\/02-1-1536x720.jpg 1536w, https:\/\/www.elementvape.de\/wp-content\/uploads\/2024\/08\/02-1-600x281.jpg 600w, https:\/\/www.elementvape.de\/wp-content\/uploads\/2024\/08\/02-1.jpg 2000w\" sizes=\"(max-width: 300px) 100vw, 300px\" \/><\/p>","protected":false},"excerpt":{"rendered":"<p>Die WASPE 15000 PUFFS Disposable Electronic Zigarette bietet ein herausragendes Geschmackserlebnis mit dem Strawberry Mango Aroma, das den perfekten Mix aus saftigen Erdbeeren und tropischen Mangos vereint. Dieses Aroma kombiniert die s\u00fc\u00dfe Fruchtigkeit von reifen Erdbeeren mit dem intensiven Geschmack der Mango, um ein unvergessliches Dampferlebnis zu schaffen. Jeder Zug offenbart die harmonische Balance zwischen [&hellip;]<\/p>","protected":false},"featured_media":13960,"template":"","meta":{"inline_featured_image":false},"product_cat":[15,78,735,746,741,733,744,755,738,751,732,723],"product_tag":[710,674],"tiered_pricing_type":"fixed","tiered_pricing_fixed_rules":{"110":"7.91","200":"7.03","500":"6.15"},"tiered_pricing_percentage_rules":[],"tiered_pricing_minimum":1,"_administrator_tiered_pricing_type":"fixed","_administrator_tiered_pricing_fixed_rules":[],"_editor_tiered_pricing_type":"fixed","_editor_tiered_pricing_fixed_rules":[],"_author_tiered_pricing_type":"fixed","_author_tiered_pricing_fixed_rules":[],"_contributor_tiered_pricing_type":"fixed","_contributor_tiered_pricing_fixed_rules":[],"_subscriber_tiered_pricing_type":"fixed","_subscriber_tiered_pricing_fixed_rules":[],"_customer_tiered_pricing_type":"fixed","_customer_tiered_pricing_fixed_rules":[],"_shop_manager_tiered_pricing_type":"fixed","_shop_manager_tiered_pricing_fixed_rules":[],"_wpseo_manager_tiered_pricing_type":"fixed","_wpseo_manager_tiered_pricing_fixed_rules":[],"_wpseo_editor_tiered_pricing_type":"fixed","_wpseo_editor_tiered_pricing_fixed_rules":[],"_wholesale_customer_tiered_pricing_type":"fixed","_wholesale_customer_tiered_pricing_fixed_rules":[],"_marketer_tiered_pricing_type":"fixed","_marketer_tiered_pricing_fixed_rules":[],"_sales_manager_tiered_pricing_type":"fixed","_sales_manager_tiered_pricing_fixed_rules":[],"_sales_rep_tiered_pricing_type":"fixed","_sales_rep_tiered_pricing_fixed_rules":[],"yoast_head":"<!-- This site is optimized with the Yoast SEO plugin v23.3 - https:\/\/yoast.com\/wordpress\/plugins\/seo\/ -->\n<title>Fruchtige Vielfalt im Gro\u00dfhandel Strawberry Mango E-Zigaretten \u2013 erstklassige Qualit\u00e4t die den perfekten Mix aus Erdbeeren und Mango vereint WASPE 15000 PUFFS | ElementVape.de<\/title>\n<meta name=\"description\" content=\"Wir bieten Fruchtige Vielfalt im Gro\u00dfhandel Strawberry Mango E-Zigaretten \u2013 erstklassige Qualit\u00e4t die den perfekten Mix aus Erdbeeren und Mango vereint WASPE 15000 PUFFS , Elementvape.de akzeptieren Gro\u00df-und Einzelhandel Bestellungen.\" \/>\n<meta name=\"robots\" content=\"index, follow, max-snippet:-1, max-image-preview:large, max-video-preview:-1\" \/>\n<link rel=\"canonical\" href=\"https:\/\/www.elementvape.de\/lt\/produkt\/fruchtige-vielfalt-im-grosshandel-strawberry-mango-e-zigaretten-erstklassige-qualitaet-die-den-perfekten-mix-aus-erdbeeren-und-mango-vereint-waspe-15000-puffs\/\" \/>\n<meta property=\"og:locale\" content=\"lt_LT\" \/>\n<meta property=\"og:type\" content=\"article\" \/>\n<meta property=\"og:title\" content=\"Fruchtige Vielfalt im Gro\u00dfhandel Strawberry Mango E-Zigaretten \u2013 erstklassige Qualit\u00e4t die den perfekten Mix aus Erdbeeren und Mango vereint WASPE 15000 PUFFS | ElementVape.de\" \/>\n<meta property=\"og:description\" content=\"Wir bieten Fruchtige Vielfalt im Gro\u00dfhandel Strawberry Mango E-Zigaretten \u2013 erstklassige Qualit\u00e4t die den perfekten Mix aus Erdbeeren und Mango vereint WASPE 15000 PUFFS , Elementvape.de akzeptieren Gro\u00df-und Einzelhandel Bestellungen.\" \/>\n<meta property=\"og:url\" content=\"https:\/\/www.elementvape.de\/lt\/produkt\/fruchtige-vielfalt-im-grosshandel-strawberry-mango-e-zigaretten-erstklassige-qualitaet-die-den-perfekten-mix-aus-erdbeeren-und-mango-vereint-waspe-15000-puffs\/\" \/>\n<meta property=\"og:site_name\" content=\"ElementVape.de\" \/>\n<meta property=\"article:modified_time\" content=\"2024-12-12T06:33:59+00:00\" \/>\n<meta property=\"og:image\" content=\"https:\/\/www.elementvape.de\/wp-content\/uploads\/2024\/08\/Strawberry-Mango-1.jpg\" \/>\n\t<meta property=\"og:image:width\" content=\"1920\" \/>\n\t<meta property=\"og:image:height\" content=\"1536\" \/>\n\t<meta property=\"og:image:type\" content=\"image\/jpeg\" \/>\n<meta name=\"twitter:card\" content=\"summary_large_image\" \/>\n<meta name=\"twitter:label1\" content=\"Est. reading time\" \/>\n\t<meta name=\"twitter:data1\" content=\"3 minut\u0117s\" \/>\n<script type=\"application\/ld+json\" class=\"yoast-schema-graph\">{\"@context\":\"https:\/\/schema.org\",\"@graph\":[{\"@type\":\"WebPage\",\"@id\":\"https:\/\/www.elementvape.de\/lt\/produkt\/fruchtige-vielfalt-im-grosshandel-strawberry-mango-e-zigaretten-erstklassige-qualitaet-die-den-perfekten-mix-aus-erdbeeren-und-mango-vereint-waspe-15000-puffs\/\",\"url\":\"https:\/\/www.elementvape.de\/lt\/produkt\/fruchtige-vielfalt-im-grosshandel-strawberry-mango-e-zigaretten-erstklassige-qualitaet-die-den-perfekten-mix-aus-erdbeeren-und-mango-vereint-waspe-15000-puffs\/\",\"name\":\"Fruchtige Vielfalt im Gro\u00dfhandel Strawberry Mango E-Zigaretten \u2013 erstklassige Qualit\u00e4t die den perfekten Mix aus Erdbeeren und Mango vereint WASPE 15000 PUFFS | ElementVape.de\",\"isPartOf\":{\"@id\":\"https:\/\/www.elementvape.de\/#website\"},\"primaryImageOfPage\":{\"@id\":\"https:\/\/www.elementvape.de\/lt\/produkt\/fruchtige-vielfalt-im-grosshandel-strawberry-mango-e-zigaretten-erstklassige-qualitaet-die-den-perfekten-mix-aus-erdbeeren-und-mango-vereint-waspe-15000-puffs\/#primaryimage\"},\"image\":{\"@id\":\"https:\/\/www.elementvape.de\/lt\/produkt\/fruchtige-vielfalt-im-grosshandel-strawberry-mango-e-zigaretten-erstklassige-qualitaet-die-den-perfekten-mix-aus-erdbeeren-und-mango-vereint-waspe-15000-puffs\/#primaryimage\"},\"thumbnailUrl\":\"https:\/\/www.elementvape.de\/wp-content\/uploads\/2024\/08\/Strawberry-Mango-1.jpg\",\"datePublished\":\"2024-08-22T08:30:14+00:00\",\"dateModified\":\"2024-12-12T06:33:59+00:00\",\"description\":\"Wir bieten Fruchtige Vielfalt im Gro\u00dfhandel Strawberry Mango E-Zigaretten \u2013 erstklassige Qualit\u00e4t die den perfekten Mix aus Erdbeeren und Mango vereint WASPE 15000 PUFFS , Elementvape.de akzeptieren Gro\u00df-und Einzelhandel Bestellungen.\",\"breadcrumb\":{\"@id\":\"https:\/\/www.elementvape.de\/lt\/produkt\/fruchtige-vielfalt-im-grosshandel-strawberry-mango-e-zigaretten-erstklassige-qualitaet-die-den-perfekten-mix-aus-erdbeeren-und-mango-vereint-waspe-15000-puffs\/#breadcrumb\"},\"inLanguage\":\"lt-LT\",\"potentialAction\":[{\"@type\":\"ReadAction\",\"target\":[\"https:\/\/www.elementvape.de\/lt\/produkt\/fruchtige-vielfalt-im-grosshandel-strawberry-mango-e-zigaretten-erstklassige-qualitaet-die-den-perfekten-mix-aus-erdbeeren-und-mango-vereint-waspe-15000-puffs\/\"]}]},{\"@type\":\"ImageObject\",\"inLanguage\":\"lt-LT\",\"@id\":\"https:\/\/www.elementvape.de\/lt\/produkt\/fruchtige-vielfalt-im-grosshandel-strawberry-mango-e-zigaretten-erstklassige-qualitaet-die-den-perfekten-mix-aus-erdbeeren-und-mango-vereint-waspe-15000-puffs\/#primaryimage\",\"url\":\"https:\/\/www.elementvape.de\/wp-content\/uploads\/2024\/08\/Strawberry-Mango-1.jpg\",\"contentUrl\":\"https:\/\/www.elementvape.de\/wp-content\/uploads\/2024\/08\/Strawberry-Mango-1.jpg\",\"width\":1920,\"height\":1536,\"caption\":\"Strawberry Mango\"},{\"@type\":\"BreadcrumbList\",\"@id\":\"https:\/\/www.elementvape.de\/lt\/produkt\/fruchtige-vielfalt-im-grosshandel-strawberry-mango-e-zigaretten-erstklassige-qualitaet-die-den-perfekten-mix-aus-erdbeeren-und-mango-vereint-waspe-15000-puffs\/#breadcrumb\",\"itemListElement\":[{\"@type\":\"ListItem\",\"position\":1,\"name\":\"Home\",\"item\":\"https:\/\/www.elementvape.de\/\"},{\"@type\":\"ListItem\",\"position\":2,\"name\":\"Shop\",\"item\":\"https:\/\/www.elementvape.de\/shop\/\"},{\"@type\":\"ListItem\",\"position\":3,\"name\":\"Fruchtige Vielfalt im Gro\u00dfhandel Strawberry Mango E-Zigaretten \u2013 erstklassige Qualit\u00e4t die den perfekten Mix aus Erdbeeren und Mango vereint WASPE 15000 PUFFS\"}]},{\"@type\":\"WebSite\",\"@id\":\"https:\/\/www.elementvape.de\/#website\",\"url\":\"https:\/\/www.elementvape.de\/\",\"name\":\"ElementVape.de\",\"description\":\"\",\"publisher\":{\"@id\":\"https:\/\/www.elementvape.de\/#organization\"},\"potentialAction\":[{\"@type\":\"SearchAction\",\"target\":{\"@type\":\"EntryPoint\",\"urlTemplate\":\"https:\/\/www.elementvape.de\/?s={search_term_string}\"},\"query-input\":\"required name=search_term_string\"}],\"inLanguage\":\"lt-LT\"},{\"@type\":\"Organization\",\"@id\":\"https:\/\/www.elementvape.de\/#organization\",\"name\":\"ElementVape.DE\",\"url\":\"https:\/\/www.elementvape.de\/\",\"logo\":{\"@type\":\"ImageObject\",\"inLanguage\":\"lt-LT\",\"@id\":\"https:\/\/www.elementvape.de\/#\/schema\/logo\/image\/\",\"url\":\"https:\/\/www.elementvape.de\/wp-content\/uploads\/2024\/09\/cropped-1elementvape-3.png\",\"contentUrl\":\"https:\/\/www.elementvape.de\/wp-content\/uploads\/2024\/09\/cropped-1elementvape-3.png\",\"width\":285,\"height\":228,\"caption\":\"ElementVape.DE\"},\"image\":{\"@id\":\"https:\/\/www.elementvape.de\/#\/schema\/logo\/image\/\"}}]}<\/script>\n<!-- \/ Yoast SEO plugin. -->","yoast_head_json":{"title":"Fruchtige Vielfalt im Gro\u00dfhandel Strawberry Mango E-Zigaretten \u2013 erstklassige Qualit\u00e4t die den perfekten Mix aus Erdbeeren und Mango vereint WASPE 15000 PUFFS | ElementVape.de","description":"Wir bieten Fruchtige Vielfalt im Gro\u00dfhandel Strawberry Mango E-Zigaretten \u2013 erstklassige Qualit\u00e4t die den perfekten Mix aus Erdbeeren und Mango vereint WASPE 15000 PUFFS , Elementvape.de akzeptieren Gro\u00df-und Einzelhandel Bestellungen.","robots":{"index":"index","follow":"follow","max-snippet":"max-snippet:-1","max-image-preview":"max-image-preview:large","max-video-preview":"max-video-preview:-1"},"canonical":"https:\/\/www.elementvape.de\/lt\/produkt\/fruchtige-vielfalt-im-grosshandel-strawberry-mango-e-zigaretten-erstklassige-qualitaet-die-den-perfekten-mix-aus-erdbeeren-und-mango-vereint-waspe-15000-puffs\/","og_locale":"lt_LT","og_type":"article","og_title":"Fruchtige Vielfalt im Gro\u00dfhandel Strawberry Mango E-Zigaretten \u2013 erstklassige Qualit\u00e4t die den perfekten Mix aus Erdbeeren und Mango vereint WASPE 15000 PUFFS | ElementVape.de","og_description":"Wir bieten Fruchtige Vielfalt im Gro\u00dfhandel Strawberry Mango E-Zigaretten \u2013 erstklassige Qualit\u00e4t die den perfekten Mix aus Erdbeeren und Mango vereint WASPE 15000 PUFFS , Elementvape.de akzeptieren Gro\u00df-und Einzelhandel Bestellungen.","og_url":"https:\/\/www.elementvape.de\/lt\/produkt\/fruchtige-vielfalt-im-grosshandel-strawberry-mango-e-zigaretten-erstklassige-qualitaet-die-den-perfekten-mix-aus-erdbeeren-und-mango-vereint-waspe-15000-puffs\/","og_site_name":"ElementVape.de","article_modified_time":"2024-12-12T06:33:59+00:00","og_image":[{"width":1920,"height":1536,"url":"https:\/\/www.elementvape.de\/wp-content\/uploads\/2024\/08\/Strawberry-Mango-1.jpg","type":"image\/jpeg"}],"twitter_card":"summary_large_image","twitter_misc":{"Est. reading time":"3 minut\u0117s"},"schema":{"@context":"https:\/\/schema.org","@graph":[{"@type":"WebPage","@id":"https:\/\/www.elementvape.de\/lt\/produkt\/fruchtige-vielfalt-im-grosshandel-strawberry-mango-e-zigaretten-erstklassige-qualitaet-die-den-perfekten-mix-aus-erdbeeren-und-mango-vereint-waspe-15000-puffs\/","url":"https:\/\/www.elementvape.de\/lt\/produkt\/fruchtige-vielfalt-im-grosshandel-strawberry-mango-e-zigaretten-erstklassige-qualitaet-die-den-perfekten-mix-aus-erdbeeren-und-mango-vereint-waspe-15000-puffs\/","name":"Fruchtige Vielfalt im Gro\u00dfhandel Strawberry Mango E-Zigaretten \u2013 erstklassige Qualit\u00e4t die den perfekten Mix aus Erdbeeren und Mango vereint WASPE 15000 PUFFS | ElementVape.de","isPartOf":{"@id":"https:\/\/www.elementvape.de\/#website"},"primaryImageOfPage":{"@id":"https:\/\/www.elementvape.de\/lt\/produkt\/fruchtige-vielfalt-im-grosshandel-strawberry-mango-e-zigaretten-erstklassige-qualitaet-die-den-perfekten-mix-aus-erdbeeren-und-mango-vereint-waspe-15000-puffs\/#primaryimage"},"image":{"@id":"https:\/\/www.elementvape.de\/lt\/produkt\/fruchtige-vielfalt-im-grosshandel-strawberry-mango-e-zigaretten-erstklassige-qualitaet-die-den-perfekten-mix-aus-erdbeeren-und-mango-vereint-waspe-15000-puffs\/#primaryimage"},"thumbnailUrl":"https:\/\/www.elementvape.de\/wp-content\/uploads\/2024\/08\/Strawberry-Mango-1.jpg","datePublished":"2024-08-22T08:30:14+00:00","dateModified":"2024-12-12T06:33:59+00:00","description":"Wir bieten Fruchtige Vielfalt im Gro\u00dfhandel Strawberry Mango E-Zigaretten \u2013 erstklassige Qualit\u00e4t die den perfekten Mix aus Erdbeeren und Mango vereint WASPE 15000 PUFFS , Elementvape.de akzeptieren Gro\u00df-und Einzelhandel Bestellungen.","breadcrumb":{"@id":"https:\/\/www.elementvape.de\/lt\/produkt\/fruchtige-vielfalt-im-grosshandel-strawberry-mango-e-zigaretten-erstklassige-qualitaet-die-den-perfekten-mix-aus-erdbeeren-und-mango-vereint-waspe-15000-puffs\/#breadcrumb"},"inLanguage":"lt-LT","potentialAction":[{"@type":"ReadAction","target":["https:\/\/www.elementvape.de\/lt\/produkt\/fruchtige-vielfalt-im-grosshandel-strawberry-mango-e-zigaretten-erstklassige-qualitaet-die-den-perfekten-mix-aus-erdbeeren-und-mango-vereint-waspe-15000-puffs\/"]}]},{"@type":"ImageObject","inLanguage":"lt-LT","@id":"https:\/\/www.elementvape.de\/lt\/produkt\/fruchtige-vielfalt-im-grosshandel-strawberry-mango-e-zigaretten-erstklassige-qualitaet-die-den-perfekten-mix-aus-erdbeeren-und-mango-vereint-waspe-15000-puffs\/#primaryimage","url":"https:\/\/www.elementvape.de\/wp-content\/uploads\/2024\/08\/Strawberry-Mango-1.jpg","contentUrl":"https:\/\/www.elementvape.de\/wp-content\/uploads\/2024\/08\/Strawberry-Mango-1.jpg","width":1920,"height":1536,"caption":"Strawberry Mango"},{"@type":"BreadcrumbList","@id":"https:\/\/www.elementvape.de\/lt\/produkt\/fruchtige-vielfalt-im-grosshandel-strawberry-mango-e-zigaretten-erstklassige-qualitaet-die-den-perfekten-mix-aus-erdbeeren-und-mango-vereint-waspe-15000-puffs\/#breadcrumb","itemListElement":[{"@type":"ListItem","position":1,"name":"Home","item":"https:\/\/www.elementvape.de\/"},{"@type":"ListItem","position":2,"name":"Shop","item":"https:\/\/www.elementvape.de\/shop\/"},{"@type":"ListItem","position":3,"name":"Fruchtige Vielfalt im Gro\u00dfhandel Strawberry Mango E-Zigaretten \u2013 erstklassige Qualit\u00e4t die den perfekten Mix aus Erdbeeren und Mango vereint WASPE 15000 PUFFS"}]},{"@type":"WebSite","@id":"https:\/\/www.elementvape.de\/#website","url":"https:\/\/www.elementvape.de\/","name":"ElementVape.de","description":"","publisher":{"@id":"https:\/\/www.elementvape.de\/#organization"},"potentialAction":[{"@type":"SearchAction","target":{"@type":"EntryPoint","urlTemplate":"https:\/\/www.elementvape.de\/?s={search_term_string}"},"query-input":"required name=search_term_string"}],"inLanguage":"lt-LT"},{"@type":"Organization","@id":"https:\/\/www.elementvape.de\/#organization","name":"ElementVape.DE","url":"https:\/\/www.elementvape.de\/","logo":{"@type":"ImageObject","inLanguage":"lt-LT","@id":"https:\/\/www.elementvape.de\/#\/schema\/logo\/image\/","url":"https:\/\/www.elementvape.de\/wp-content\/uploads\/2024\/09\/cropped-1elementvape-3.png","contentUrl":"https:\/\/www.elementvape.de\/wp-content\/uploads\/2024\/09\/cropped-1elementvape-3.png","width":285,"height":228,"caption":"ElementVape.DE"},"image":{"@id":"https:\/\/www.elementvape.de\/#\/schema\/logo\/image\/"}}]}},"_links":{"self":[{"href":"https:\/\/www.elementvape.de\/lt\/wp-json\/wp\/v2\/product\/13959"}],"collection":[{"href":"https:\/\/www.elementvape.de\/lt\/wp-json\/wp\/v2\/product"}],"about":[{"href":"https:\/\/www.elementvape.de\/lt\/wp-json\/wp\/v2\/types\/product"}],"wp:featuredmedia":[{"embeddable":true,"href":"https:\/\/www.elementvape.de\/lt\/wp-json\/wp\/v2\/media\/13960"}],"wp:attachment":[{"href":"https:\/\/www.elementvape.de\/lt\/wp-json\/wp\/v2\/media?parent=13959"}],"wp:term":[{"taxonomy":"product_cat","embeddable":true,"href":"https:\/\/www.elementvape.de\/lt\/wp-json\/wp\/v2\/product_cat?post=13959"},{"taxonomy":"product_tag","embeddable":true,"href":"https:\/\/www.elementvape.de\/lt\/wp-json\/wp\/v2\/product_tag?post=13959"}],"curies":[{"name":"wp","href":"https:\/\/api.w.org\/{rel}","templated":true}]}}