{"id":13956,"date":"2024-08-22T08:21:22","date_gmt":"2024-08-22T08:21:22","guid":{"rendered":"https:\/\/www.elementvape.de\/?post_type=product&#038;p=13956"},"modified":"2024-12-12T06:34:00","modified_gmt":"2024-12-12T06:34:00","slug":"erstklassige-blueberry-ice-e-zigaretten-jetzt-zollfrei-im-grosshandel-erhaeltlich-der-perfekte-mix-aus-saftigen-blaubeeren-und-kuehler-frische-waspe-15000-puffs","status":"publish","type":"product","link":"https:\/\/www.elementvape.de\/lt\/produkt\/erstklassige-blueberry-ice-e-zigaretten-jetzt-zollfrei-im-grosshandel-erhaeltlich-der-perfekte-mix-aus-saftigen-blaubeeren-und-kuehler-frische-waspe-15000-puffs\/","title":{"rendered":"Pirmo lygio Blueberry Ice E-cigaret\u0117s Dabar be muito didmenin\u0117 prekyba prieinama, tobulas mi\u0161inys i\u0161 sulting\u0173 m\u0117lyni\u0173 ir gaivios \u0161vie\u017eumo WASPE 15000 PUFFS"},"content":{"rendered":"<h3><strong>Pirm klas\u0117s m\u0117lyni\u0173 led\u0173 aromatas nepamir\u0161tamam malonumui<\/strong><\/h3>\n<p>WASPE 15000 PUFFS vienkartinis <strong><a href=\"https:\/\/www.elementvape.de\/lt\/\" target=\"_blank\" rel=\"noopener\">Elektronin\u0117 cigaret\u0117<\/a><\/strong> suteikia jums galimyb\u0119 patirti pirm klas\u0117s m\u0117lyni\u0173 led\u0173 aromat\u0105, kuris yra \u017einomas d\u0117l savo tobulos sald\u017ei\u0173j\u0173 m\u0117lyni\u0173 ir gaivios \u0161altumo mi\u0161inio. \u0160is aromatas sujungia sald\u0173, vaisin\u012f m\u0117lyni\u0173 skon\u012f su \u0161altu, mentolio pana\u0161iu pabaiga, si\u016blydamas ypa\u010d gaiv\u0173 garinimo patirt\u012f. Kiekvienas \u012fkv\u0117pimas atskleid\u017eia gyv\u0105 m\u0117lyni\u0173 vaisi\u0161kum\u0105, o \u0161altas tonas suteikia energing\u0105 gaivum\u0105.<\/p>\n<p>Intensyvi\u0173 m\u0117lyni\u0173 aromat\u0173 ir gaivios \u0161altumo kombinacija daro m\u0117lyni\u0173 led\u0105 populiariu skoniu garintojams, ie\u0161kantiems vaisinio ir tuo pa\u010diu gaivaus potyrio. WASPE 15000 PUFFS puikiai i\u0161ry\u0161kina \u0161i\u0105 skonio kombinacij\u0105 d\u0117l pa\u017eangios tinklin\u0117s rit\u0117s technologijos, leid\u017eian\u010dios m\u0117gautis intensyviu skoniu kiekvien\u0105 kart\u0105.<\/p>\n<h3><strong>Dabar be muito didmenin\u0117 prekyba<\/strong><\/h3>\n<p>Didmenininkams WASPE 15000 PUFFS su m\u0117lyni\u0173 led\u0173 aromatu si\u016blo patraukli\u0105 galimyb\u0119, kuri dabar yra be muito. Tai leid\u017eia jums pasi\u016blyti \u0161\u012f auk\u0161tos kokyb\u0117s produkt\u0105 be papildom\u0173 importo mokes\u010di\u0173, maksimaliai padidindama j\u016bs\u0173 pelno mar\u017e\u0105 ir leid\u017eiant jums pasi\u016blyti konkurencingas kainas. Be muit\u0173 prieinamumas ypa\u010d naudinga, norint u\u017esisakyti didesnius kiekius ir platinti produkt\u0105 didesniais kiekiais.<\/p>\n<p>Derindami be muit\u0173 import\u0105 ir didel\u012f paklaus\u0105 unikaliems skonio deriniams, tokiems kaip m\u0117lyni\u0173 ledas, kaip didmenininkai, j\u016bs galite pasinaudoti patraukliu pasi\u016blymu, kuris pad\u0117s i\u0161siskirti rinkoje. WASPE 15000 PUFFS si\u016blo ilgalaik\u012f naudojim\u0105 ir didel\u012f p\u016btimo kiek\u012f, tod\u0117l tai yra vertingas produktas j\u016bs\u0173 klientams.<\/p>\n<h3><strong>WASPE 15000 PUFFS privalumai didmeninei prekybai<\/strong><\/h3>\n<p>WASPE 15000 PUFFS sujungia visas \u0161iuolaikinio vienkartinio garintuvo privalumus ir yra ypa\u010d tinkamas didmeninei prekybai. Su iki 15 000 \u012fkv\u0117pim\u0173 talpa ir 22 ml elektroninio skys\u010dio rezervuaru, \u0161is modelis u\u017etikrina ilgalaik\u012f garinim\u0105 be da\u017en\u0173 papildym\u0173 ar keitimo. Integruota tinklin\u0117s rit\u0117s technologija u\u017etikrina puiki\u0105 gar\u0173 gamyb\u0105 ir intensyv\u0173 skon\u012f, o Type-C jungtis leid\u017eia greitai ir patogiai \u012fkrauti.<\/p>\n<p>Tai rei\u0161kia, kad didmenininkai gali pasi\u016blyti savo klientams auk\u0161tos kokyb\u0117s produkt\u0105, kuris \u012ftikinamai veikia tiek funkcionalumu, tiek skoniu. Galimyb\u0117 \u012fsigyti produkt\u0105 be muito dar labiau stiprina \u0161\u012f prana\u0161um\u0105, leid\u017eiant pasi\u016blyti konkurencingas kainas ir didinti pelningum\u0105. M\u0117lyni\u0173 led\u0173 aromatas puikiai papildo WASPE 15000 PUFFS ir u\u017etikrina puiki\u0105 garinimo patirt\u012f, kuri\u0105 vertins j\u016bs\u0173 klientai.<\/p>\n<p><img loading=\"lazy\" decoding=\"async\" class=\"size-medium wp-image-13957\" src=\"https:\/\/www.elementvape.de\/wp-content\/uploads\/2024\/08\/01-1-300x187.jpg\" alt=\"01\" width=\"300\" height=\"187\" srcset=\"https:\/\/www.elementvape.de\/wp-content\/uploads\/2024\/08\/01-1-300x187.jpg 300w, https:\/\/www.elementvape.de\/wp-content\/uploads\/2024\/08\/01-1-1024x640.jpg 1024w, https:\/\/www.elementvape.de\/wp-content\/uploads\/2024\/08\/01-1-768x480.jpg 768w, https:\/\/www.elementvape.de\/wp-content\/uploads\/2024\/08\/01-1-1536x960.jpg 1536w, https:\/\/www.elementvape.de\/wp-content\/uploads\/2024\/08\/01-1-2048x1280.jpg 2048w, https:\/\/www.elementvape.de\/wp-content\/uploads\/2024\/08\/01-1-600x375.jpg 600w\" sizes=\"(max-width: 300px) 100vw, 300px\" \/><\/p>","protected":false},"excerpt":{"rendered":"<p>Erstklassiges Blueberry Ice Aroma f\u00fcr unvergesslichen Genuss Die WASPE 15000 PUFFS Disposable Electronic Zigarette bietet Ihnen die M\u00f6glichkeit, das erstklassige Blueberry Ice Aroma zu erleben, das f\u00fcr seine perfekte Mischung aus saftigen Blaubeeren und erfrischender K\u00fchle bekannt ist. Dieses Aroma vereint die s\u00fc\u00dfe, fruchtige Note von Blaubeeren mit einem k\u00fchlen, mentholartigen Finish, das ein besonders [&hellip;]<\/p>","protected":false},"featured_media":13958,"template":"","meta":{"inline_featured_image":false},"product_cat":[15,78,735,746,741,733,744,755,738,751,732,723],"product_tag":[710,674],"tiered_pricing_type":"fixed","tiered_pricing_fixed_rules":{"110":"7.91","200":"7.03","500":"6.15"},"tiered_pricing_percentage_rules":[],"tiered_pricing_minimum":1,"_administrator_tiered_pricing_type":"fixed","_administrator_tiered_pricing_fixed_rules":[],"_editor_tiered_pricing_type":"fixed","_editor_tiered_pricing_fixed_rules":[],"_author_tiered_pricing_type":"fixed","_author_tiered_pricing_fixed_rules":[],"_contributor_tiered_pricing_type":"fixed","_contributor_tiered_pricing_fixed_rules":[],"_subscriber_tiered_pricing_type":"fixed","_subscriber_tiered_pricing_fixed_rules":[],"_customer_tiered_pricing_type":"fixed","_customer_tiered_pricing_fixed_rules":[],"_shop_manager_tiered_pricing_type":"fixed","_shop_manager_tiered_pricing_fixed_rules":[],"_wpseo_manager_tiered_pricing_type":"fixed","_wpseo_manager_tiered_pricing_fixed_rules":[],"_wpseo_editor_tiered_pricing_type":"fixed","_wpseo_editor_tiered_pricing_fixed_rules":[],"_wholesale_customer_tiered_pricing_type":"fixed","_wholesale_customer_tiered_pricing_fixed_rules":[],"_marketer_tiered_pricing_type":"fixed","_marketer_tiered_pricing_fixed_rules":[],"_sales_manager_tiered_pricing_type":"fixed","_sales_manager_tiered_pricing_fixed_rules":[],"_sales_rep_tiered_pricing_type":"fixed","_sales_rep_tiered_pricing_fixed_rules":[],"yoast_head":"<!-- This site is optimized with the Yoast SEO plugin v23.3 - https:\/\/yoast.com\/wordpress\/plugins\/seo\/ -->\n<title>Erstklassige Blueberry Ice E-Zigaretten Jetzt zollfrei im Gro\u00dfhandel erh\u00e4ltlich der perfekte Mix aus saftigen Blaubeeren und k\u00fchler Frische WASPE 15000 PUFFS | ElementVape.de<\/title>\n<meta name=\"description\" content=\"Wir bieten Erstklassige Blueberry Ice E-Zigaretten Jetzt zollfrei im Gro\u00dfhandel erh\u00e4ltlich der perfekte Mix aus saftigen Blaubeeren und k\u00fchler Frische WASPE 15000 PUFFS , Elementvape.de akzeptieren Gro\u00df-und Einzelhandel Bestellungen.\" \/>\n<meta name=\"robots\" content=\"index, follow, max-snippet:-1, max-image-preview:large, max-video-preview:-1\" \/>\n<link rel=\"canonical\" href=\"https:\/\/www.elementvape.de\/lt\/produkt\/erstklassige-blueberry-ice-e-zigaretten-jetzt-zollfrei-im-grosshandel-erhaeltlich-der-perfekte-mix-aus-saftigen-blaubeeren-und-kuehler-frische-waspe-15000-puffs\/\" \/>\n<meta property=\"og:locale\" content=\"lt_LT\" \/>\n<meta property=\"og:type\" content=\"article\" \/>\n<meta property=\"og:title\" content=\"Erstklassige Blueberry Ice E-Zigaretten Jetzt zollfrei im Gro\u00dfhandel erh\u00e4ltlich der perfekte Mix aus saftigen Blaubeeren und k\u00fchler Frische WASPE 15000 PUFFS | ElementVape.de\" \/>\n<meta property=\"og:description\" content=\"Wir bieten Erstklassige Blueberry Ice E-Zigaretten Jetzt zollfrei im Gro\u00dfhandel erh\u00e4ltlich der perfekte Mix aus saftigen Blaubeeren und k\u00fchler Frische WASPE 15000 PUFFS , Elementvape.de akzeptieren Gro\u00df-und Einzelhandel Bestellungen.\" \/>\n<meta property=\"og:url\" content=\"https:\/\/www.elementvape.de\/lt\/produkt\/erstklassige-blueberry-ice-e-zigaretten-jetzt-zollfrei-im-grosshandel-erhaeltlich-der-perfekte-mix-aus-saftigen-blaubeeren-und-kuehler-frische-waspe-15000-puffs\/\" \/>\n<meta property=\"og:site_name\" content=\"ElementVape.de\" \/>\n<meta property=\"article:modified_time\" content=\"2024-12-12T06:34:00+00:00\" \/>\n<meta property=\"og:image\" content=\"https:\/\/www.elementvape.de\/wp-content\/uploads\/2024\/08\/Blueberry-lce.jpg\" \/>\n\t<meta property=\"og:image:width\" content=\"1920\" \/>\n\t<meta property=\"og:image:height\" content=\"1536\" \/>\n\t<meta property=\"og:image:type\" content=\"image\/jpeg\" \/>\n<meta name=\"twitter:card\" content=\"summary_large_image\" \/>\n<meta name=\"twitter:label1\" content=\"Est. reading time\" \/>\n\t<meta name=\"twitter:data1\" content=\"3 minut\u0117s\" \/>\n<script type=\"application\/ld+json\" class=\"yoast-schema-graph\">{\"@context\":\"https:\/\/schema.org\",\"@graph\":[{\"@type\":\"WebPage\",\"@id\":\"https:\/\/www.elementvape.de\/produkt\/erstklassige-blueberry-ice-e-zigaretten-jetzt-zollfrei-im-grosshandel-erhaeltlich-der-perfekte-mix-aus-saftigen-blaubeeren-und-kuehler-frische-waspe-15000-puffs\/\",\"url\":\"https:\/\/www.elementvape.de\/produkt\/erstklassige-blueberry-ice-e-zigaretten-jetzt-zollfrei-im-grosshandel-erhaeltlich-der-perfekte-mix-aus-saftigen-blaubeeren-und-kuehler-frische-waspe-15000-puffs\/\",\"name\":\"Erstklassige Blueberry Ice E-Zigaretten Jetzt zollfrei im Gro\u00dfhandel erh\u00e4ltlich der perfekte Mix aus saftigen Blaubeeren und k\u00fchler Frische WASPE 15000 PUFFS | ElementVape.de\",\"isPartOf\":{\"@id\":\"https:\/\/www.elementvape.de\/#website\"},\"primaryImageOfPage\":{\"@id\":\"https:\/\/www.elementvape.de\/produkt\/erstklassige-blueberry-ice-e-zigaretten-jetzt-zollfrei-im-grosshandel-erhaeltlich-der-perfekte-mix-aus-saftigen-blaubeeren-und-kuehler-frische-waspe-15000-puffs\/#primaryimage\"},\"image\":{\"@id\":\"https:\/\/www.elementvape.de\/produkt\/erstklassige-blueberry-ice-e-zigaretten-jetzt-zollfrei-im-grosshandel-erhaeltlich-der-perfekte-mix-aus-saftigen-blaubeeren-und-kuehler-frische-waspe-15000-puffs\/#primaryimage\"},\"thumbnailUrl\":\"https:\/\/www.elementvape.de\/wp-content\/uploads\/2024\/08\/Blueberry-lce.jpg\",\"datePublished\":\"2024-08-22T08:21:22+00:00\",\"dateModified\":\"2024-12-12T06:34:00+00:00\",\"description\":\"Wir bieten Erstklassige Blueberry Ice E-Zigaretten Jetzt zollfrei im Gro\u00dfhandel erh\u00e4ltlich der perfekte Mix aus saftigen Blaubeeren und k\u00fchler Frische WASPE 15000 PUFFS , Elementvape.de akzeptieren Gro\u00df-und Einzelhandel Bestellungen.\",\"breadcrumb\":{\"@id\":\"https:\/\/www.elementvape.de\/produkt\/erstklassige-blueberry-ice-e-zigaretten-jetzt-zollfrei-im-grosshandel-erhaeltlich-der-perfekte-mix-aus-saftigen-blaubeeren-und-kuehler-frische-waspe-15000-puffs\/#breadcrumb\"},\"inLanguage\":\"lt-LT\",\"potentialAction\":[{\"@type\":\"ReadAction\",\"target\":[\"https:\/\/www.elementvape.de\/produkt\/erstklassige-blueberry-ice-e-zigaretten-jetzt-zollfrei-im-grosshandel-erhaeltlich-der-perfekte-mix-aus-saftigen-blaubeeren-und-kuehler-frische-waspe-15000-puffs\/\"]}]},{\"@type\":\"ImageObject\",\"inLanguage\":\"lt-LT\",\"@id\":\"https:\/\/www.elementvape.de\/produkt\/erstklassige-blueberry-ice-e-zigaretten-jetzt-zollfrei-im-grosshandel-erhaeltlich-der-perfekte-mix-aus-saftigen-blaubeeren-und-kuehler-frische-waspe-15000-puffs\/#primaryimage\",\"url\":\"https:\/\/www.elementvape.de\/wp-content\/uploads\/2024\/08\/Blueberry-lce.jpg\",\"contentUrl\":\"https:\/\/www.elementvape.de\/wp-content\/uploads\/2024\/08\/Blueberry-lce.jpg\",\"width\":1920,\"height\":1536,\"caption\":\"Blueberry lce\"},{\"@type\":\"BreadcrumbList\",\"@id\":\"https:\/\/www.elementvape.de\/produkt\/erstklassige-blueberry-ice-e-zigaretten-jetzt-zollfrei-im-grosshandel-erhaeltlich-der-perfekte-mix-aus-saftigen-blaubeeren-und-kuehler-frische-waspe-15000-puffs\/#breadcrumb\",\"itemListElement\":[{\"@type\":\"ListItem\",\"position\":1,\"name\":\"Home\",\"item\":\"https:\/\/www.elementvape.de\/\"},{\"@type\":\"ListItem\",\"position\":2,\"name\":\"Shop\",\"item\":\"https:\/\/www.elementvape.de\/shop\/\"},{\"@type\":\"ListItem\",\"position\":3,\"name\":\"Erstklassige Blueberry Ice E-Zigaretten Jetzt zollfrei im Gro\u00dfhandel erh\u00e4ltlich der perfekte Mix aus saftigen Blaubeeren und k\u00fchler Frische WASPE 15000 PUFFS\"}]},{\"@type\":\"WebSite\",\"@id\":\"https:\/\/www.elementvape.de\/#website\",\"url\":\"https:\/\/www.elementvape.de\/\",\"name\":\"ElementVape.de\",\"description\":\"\",\"publisher\":{\"@id\":\"https:\/\/www.elementvape.de\/#organization\"},\"potentialAction\":[{\"@type\":\"SearchAction\",\"target\":{\"@type\":\"EntryPoint\",\"urlTemplate\":\"https:\/\/www.elementvape.de\/?s={search_term_string}\"},\"query-input\":\"required name=search_term_string\"}],\"inLanguage\":\"lt-LT\"},{\"@type\":\"Organization\",\"@id\":\"https:\/\/www.elementvape.de\/#organization\",\"name\":\"ElementVape.DE\",\"url\":\"https:\/\/www.elementvape.de\/\",\"logo\":{\"@type\":\"ImageObject\",\"inLanguage\":\"lt-LT\",\"@id\":\"https:\/\/www.elementvape.de\/#\/schema\/logo\/image\/\",\"url\":\"https:\/\/www.elementvape.de\/wp-content\/uploads\/2024\/09\/cropped-1elementvape-3.png\",\"contentUrl\":\"https:\/\/www.elementvape.de\/wp-content\/uploads\/2024\/09\/cropped-1elementvape-3.png\",\"width\":285,\"height\":228,\"caption\":\"ElementVape.DE\"},\"image\":{\"@id\":\"https:\/\/www.elementvape.de\/#\/schema\/logo\/image\/\"}}]}<\/script>\n<!-- \/ Yoast SEO plugin. -->","yoast_head_json":{"title":"Erstklassige Blueberry Ice E-Zigaretten Jetzt zollfrei im Gro\u00dfhandel erh\u00e4ltlich der perfekte Mix aus saftigen Blaubeeren und k\u00fchler Frische WASPE 15000 PUFFS | ElementVape.de","description":"Wir bieten Erstklassige Blueberry Ice E-Zigaretten Jetzt zollfrei im Gro\u00dfhandel erh\u00e4ltlich der perfekte Mix aus saftigen Blaubeeren und k\u00fchler Frische WASPE 15000 PUFFS , Elementvape.de akzeptieren Gro\u00df-und Einzelhandel Bestellungen.","robots":{"index":"index","follow":"follow","max-snippet":"max-snippet:-1","max-image-preview":"max-image-preview:large","max-video-preview":"max-video-preview:-1"},"canonical":"https:\/\/www.elementvape.de\/lt\/produkt\/erstklassige-blueberry-ice-e-zigaretten-jetzt-zollfrei-im-grosshandel-erhaeltlich-der-perfekte-mix-aus-saftigen-blaubeeren-und-kuehler-frische-waspe-15000-puffs\/","og_locale":"lt_LT","og_type":"article","og_title":"Erstklassige Blueberry Ice E-Zigaretten Jetzt zollfrei im Gro\u00dfhandel erh\u00e4ltlich der perfekte Mix aus saftigen Blaubeeren und k\u00fchler Frische WASPE 15000 PUFFS | ElementVape.de","og_description":"Wir bieten Erstklassige Blueberry Ice E-Zigaretten Jetzt zollfrei im Gro\u00dfhandel erh\u00e4ltlich der perfekte Mix aus saftigen Blaubeeren und k\u00fchler Frische WASPE 15000 PUFFS , Elementvape.de akzeptieren Gro\u00df-und Einzelhandel Bestellungen.","og_url":"https:\/\/www.elementvape.de\/lt\/produkt\/erstklassige-blueberry-ice-e-zigaretten-jetzt-zollfrei-im-grosshandel-erhaeltlich-der-perfekte-mix-aus-saftigen-blaubeeren-und-kuehler-frische-waspe-15000-puffs\/","og_site_name":"ElementVape.de","article_modified_time":"2024-12-12T06:34:00+00:00","og_image":[{"width":1920,"height":1536,"url":"https:\/\/www.elementvape.de\/wp-content\/uploads\/2024\/08\/Blueberry-lce.jpg","type":"image\/jpeg"}],"twitter_card":"summary_large_image","twitter_misc":{"Est. reading time":"3 minut\u0117s"},"schema":{"@context":"https:\/\/schema.org","@graph":[{"@type":"WebPage","@id":"https:\/\/www.elementvape.de\/produkt\/erstklassige-blueberry-ice-e-zigaretten-jetzt-zollfrei-im-grosshandel-erhaeltlich-der-perfekte-mix-aus-saftigen-blaubeeren-und-kuehler-frische-waspe-15000-puffs\/","url":"https:\/\/www.elementvape.de\/produkt\/erstklassige-blueberry-ice-e-zigaretten-jetzt-zollfrei-im-grosshandel-erhaeltlich-der-perfekte-mix-aus-saftigen-blaubeeren-und-kuehler-frische-waspe-15000-puffs\/","name":"Erstklassige Blueberry Ice E-Zigaretten Jetzt zollfrei im Gro\u00dfhandel erh\u00e4ltlich der perfekte Mix aus saftigen Blaubeeren und k\u00fchler Frische WASPE 15000 PUFFS | ElementVape.de","isPartOf":{"@id":"https:\/\/www.elementvape.de\/#website"},"primaryImageOfPage":{"@id":"https:\/\/www.elementvape.de\/produkt\/erstklassige-blueberry-ice-e-zigaretten-jetzt-zollfrei-im-grosshandel-erhaeltlich-der-perfekte-mix-aus-saftigen-blaubeeren-und-kuehler-frische-waspe-15000-puffs\/#primaryimage"},"image":{"@id":"https:\/\/www.elementvape.de\/produkt\/erstklassige-blueberry-ice-e-zigaretten-jetzt-zollfrei-im-grosshandel-erhaeltlich-der-perfekte-mix-aus-saftigen-blaubeeren-und-kuehler-frische-waspe-15000-puffs\/#primaryimage"},"thumbnailUrl":"https:\/\/www.elementvape.de\/wp-content\/uploads\/2024\/08\/Blueberry-lce.jpg","datePublished":"2024-08-22T08:21:22+00:00","dateModified":"2024-12-12T06:34:00+00:00","description":"Wir bieten Erstklassige Blueberry Ice E-Zigaretten Jetzt zollfrei im Gro\u00dfhandel erh\u00e4ltlich der perfekte Mix aus saftigen Blaubeeren und k\u00fchler Frische WASPE 15000 PUFFS , Elementvape.de akzeptieren Gro\u00df-und Einzelhandel Bestellungen.","breadcrumb":{"@id":"https:\/\/www.elementvape.de\/produkt\/erstklassige-blueberry-ice-e-zigaretten-jetzt-zollfrei-im-grosshandel-erhaeltlich-der-perfekte-mix-aus-saftigen-blaubeeren-und-kuehler-frische-waspe-15000-puffs\/#breadcrumb"},"inLanguage":"lt-LT","potentialAction":[{"@type":"ReadAction","target":["https:\/\/www.elementvape.de\/produkt\/erstklassige-blueberry-ice-e-zigaretten-jetzt-zollfrei-im-grosshandel-erhaeltlich-der-perfekte-mix-aus-saftigen-blaubeeren-und-kuehler-frische-waspe-15000-puffs\/"]}]},{"@type":"ImageObject","inLanguage":"lt-LT","@id":"https:\/\/www.elementvape.de\/produkt\/erstklassige-blueberry-ice-e-zigaretten-jetzt-zollfrei-im-grosshandel-erhaeltlich-der-perfekte-mix-aus-saftigen-blaubeeren-und-kuehler-frische-waspe-15000-puffs\/#primaryimage","url":"https:\/\/www.elementvape.de\/wp-content\/uploads\/2024\/08\/Blueberry-lce.jpg","contentUrl":"https:\/\/www.elementvape.de\/wp-content\/uploads\/2024\/08\/Blueberry-lce.jpg","width":1920,"height":1536,"caption":"Blueberry lce"},{"@type":"BreadcrumbList","@id":"https:\/\/www.elementvape.de\/produkt\/erstklassige-blueberry-ice-e-zigaretten-jetzt-zollfrei-im-grosshandel-erhaeltlich-der-perfekte-mix-aus-saftigen-blaubeeren-und-kuehler-frische-waspe-15000-puffs\/#breadcrumb","itemListElement":[{"@type":"ListItem","position":1,"name":"Home","item":"https:\/\/www.elementvape.de\/"},{"@type":"ListItem","position":2,"name":"Shop","item":"https:\/\/www.elementvape.de\/shop\/"},{"@type":"ListItem","position":3,"name":"Erstklassige Blueberry Ice E-Zigaretten Jetzt zollfrei im Gro\u00dfhandel erh\u00e4ltlich der perfekte Mix aus saftigen Blaubeeren und k\u00fchler Frische WASPE 15000 PUFFS"}]},{"@type":"WebSite","@id":"https:\/\/www.elementvape.de\/#website","url":"https:\/\/www.elementvape.de\/","name":"ElementVape.de","description":"","publisher":{"@id":"https:\/\/www.elementvape.de\/#organization"},"potentialAction":[{"@type":"SearchAction","target":{"@type":"EntryPoint","urlTemplate":"https:\/\/www.elementvape.de\/?s={search_term_string}"},"query-input":"required name=search_term_string"}],"inLanguage":"lt-LT"},{"@type":"Organization","@id":"https:\/\/www.elementvape.de\/#organization","name":"ElementVape.DE","url":"https:\/\/www.elementvape.de\/","logo":{"@type":"ImageObject","inLanguage":"lt-LT","@id":"https:\/\/www.elementvape.de\/#\/schema\/logo\/image\/","url":"https:\/\/www.elementvape.de\/wp-content\/uploads\/2024\/09\/cropped-1elementvape-3.png","contentUrl":"https:\/\/www.elementvape.de\/wp-content\/uploads\/2024\/09\/cropped-1elementvape-3.png","width":285,"height":228,"caption":"ElementVape.DE"},"image":{"@id":"https:\/\/www.elementvape.de\/#\/schema\/logo\/image\/"}}]}},"_links":{"self":[{"href":"https:\/\/www.elementvape.de\/lt\/wp-json\/wp\/v2\/product\/13956"}],"collection":[{"href":"https:\/\/www.elementvape.de\/lt\/wp-json\/wp\/v2\/product"}],"about":[{"href":"https:\/\/www.elementvape.de\/lt\/wp-json\/wp\/v2\/types\/product"}],"wp:featuredmedia":[{"embeddable":true,"href":"https:\/\/www.elementvape.de\/lt\/wp-json\/wp\/v2\/media\/13958"}],"wp:attachment":[{"href":"https:\/\/www.elementvape.de\/lt\/wp-json\/wp\/v2\/media?parent=13956"}],"wp:term":[{"taxonomy":"product_cat","embeddable":true,"href":"https:\/\/www.elementvape.de\/lt\/wp-json\/wp\/v2\/product_cat?post=13956"},{"taxonomy":"product_tag","embeddable":true,"href":"https:\/\/www.elementvape.de\/lt\/wp-json\/wp\/v2\/product_tag?post=13956"}],"curies":[{"name":"wp","href":"https:\/\/api.w.org\/{rel}","templated":true}]}}