{"id":13880,"date":"2024-08-20T06:22:39","date_gmt":"2024-08-20T06:22:39","guid":{"rendered":"https:\/\/www.elementvape.de\/?post_type=product&#038;p=13880"},"modified":"2024-12-12T06:34:27","modified_gmt":"2024-12-12T06:34:27","slug":"grape-ice-elf-shisha-16000-der-16000-puffs-zollfreie-e-zigarette-mit-intensivem-traubengeschmack-und-kuehle","status":"publish","type":"product","link":"https:\/\/www.elementvape.de\/lt\/produkt\/grape-ice-elf-shisha-16000-der-16000-puffs-zollfreie-e-zigarette-mit-intensivem-traubengeschmack-und-kuehle\/","title":{"rendered":"Grape Ice ELF SHISHA 16000 \u2013 16000 \u012fkv\u0117pim\u0173 be muit\u0173, su intensyviu vynuogi\u0173 skoniu ir gaivumu"},"content":{"rendered":"<h2>Vynuogi\u0173 Ledas ELF \u0160ISHA 16000 P\u016b\u010di\u0173<\/h2>\n<hr \/>\n<h4>Intensyvesnis vynuogi\u0173 skonis ir gaivinantis \u0161altumas<\/h4>\n<p>Grape Ice ELF \u0160ISHA 16000 si\u016blo auk\u0161\u010diausios kokyb\u0117s garinimo patirt\u012f, kuri sujungia subrendusio vynuogi\u0173 saldum\u0105 su gaivinan\u010diu mentolio atspalviu. \u0160is vaisinis ir gaivus aromatas yra tobulas tiems, kurie ie\u0161ko stipraus, bet subalansuoto skonio. Kiekvienas \u012fkv\u0117pimas atne\u0161a sulting\u0105 tamsi\u0173 vynuogi\u0173 intensyvum\u0105 ir tuo pa\u010diu suteikia maloni\u0105 gaiv\u0105, ypa\u010d kar\u0161tomis dienomis.<\/p>\n<hr \/>\n<h4>Auk\u0161tos kokyb\u0117s technika ilgalaikiam malonumui<\/h4>\n<p>ELF \u0160ISHA 16000 ne tik \u012ftikinamai skamba skonio at\u017evilgiu, bet ir yra technologi\u0161kai pa\u017eangi. Su 16 000 \u012fkv\u0117pim\u0173 ji yra ypa\u010d ilgaam\u017e\u0117 ir u\u017etikrina vienod\u0105 garo gamyb\u0105 d\u0117ka modernios tinklin\u0117s rit\u0117s su 0,6 Ohmo. Perkrovimo 18250\u2013600 mAh akumuliatorius patogiai \u012fkraunamas per Type-C jungt\u012f, o LED indikatorius nuolat informuoja apie akumuliatoriaus b\u016bsen\u0105. Reguliuojamas oro srauto nustatymas leid\u017eia individualiai pritaikyti garinimo patirt\u012f.<\/p>\n<p>Be intensyvaus skonio ir auk\u0161tos kokyb\u0117s technikos, Grape Ice taip pat si\u016blo mokes\u010di\u0173 nemokam\u0105 pirkimo privalumus. <strong><a href=\"https:\/\/www.elementvape.de\/lt\/c\/elf-shisha-16000\/\" target=\"_blank\" rel=\"noopener\">ELF SHISHA 16000<\/a><\/strong> Su 200 vienet\u0173 d\u0117\u017eut\u0117je ir bendru svoriu 18,3 kg ji yra ideali taupantiems pinigus garintojams ir da\u017enai keliaujantiems. Kompakti\u0161kas dydis ir ma\u017eas svoris daro j\u0105 tobuliausiu kompanionu kelion\u0117se, leid\u017eian\u010diu m\u0117gautis gaiviu vynuogi\u0173 skoniu bet kur ir bet kada.<\/p>\n<table>\n<thead>\n<tr>\n<th>Savyb\u0117<\/th>\n<th>Duomenys<\/th>\n<\/tr>\n<\/thead>\n<tbody>\n<tr>\n<td>Skonis<\/td>\n<td>Vynuogi\u0173 ledas<\/td>\n<\/tr>\n<tr>\n<td>\u012ekv\u0117pim\u0173 skai\u010dius (Puffs)<\/td>\n<td>16 000 \u012fkv\u0117pim\u0173<\/td>\n<\/tr>\n<tr>\n<td>Rit\u0117<\/td>\n<td>Tinklelio rit\u0117, 0,6 Ohmo<\/td>\n<\/tr>\n<tr>\n<td>E-liquido talpa<\/td>\n<td>28 ml<\/td>\n<\/tr>\n<tr>\n<td>N-Gelio kiekis<\/td>\n<td>2 %,5 %<\/td>\n<\/tr>\n<tr>\n<td>Baterija<\/td>\n<td>18250\u2013600 mAh, \u012fkraunama (Tipo C)<\/td>\n<\/tr>\n<tr>\n<td>LED indikatorius<\/td>\n<td>Ja<\/td>\n<\/tr>\n<tr>\n<td>Reguliuojamas oro srautas<\/td>\n<td>Ja<\/td>\n<\/tr>\n<tr>\n<td>Produkto svoris<\/td>\n<td>85 g vienetui<\/td>\n<\/tr>\n<tr>\n<td>Produkto dydis<\/td>\n<td>30 x 125,5 mm<\/td>\n<\/tr>\n<\/tbody>\n<\/table>\n<p>&nbsp;<\/p>","protected":false},"excerpt":{"rendered":"<p>Grape Ice ELF SHISHA 16000 Puffs Intensiver Traubengeschmack und erfrischende K\u00fchle Die Grape Ice ELF SHISHA 16000 bietet ein erstklassiges Dampferlebnis, das die S\u00fc\u00dfe reifer Trauben mit einer k\u00fchlenden Menthol-Note kombiniert. Dieses fruchtige und erfrischende Aroma ist perfekt f\u00fcr Dampfer, die einen kr\u00e4ftigen, aber dennoch ausgewogenen Geschmack suchen. Jeder Zug bringt die saftige Intensit\u00e4t von [&hellip;]<\/p>","protected":false},"featured_media":13881,"template":"","meta":{"inline_featured_image":false},"product_cat":[15,78,747,740,734,753,719,732],"product_tag":[710,720],"tiered_pricing_type":"fixed","tiered_pricing_fixed_rules":{"110":"8.47","200":"7.53","500":"6.59"},"tiered_pricing_percentage_rules":[],"tiered_pricing_minimum":1,"_administrator_tiered_pricing_type":"fixed","_administrator_tiered_pricing_fixed_rules":[],"_editor_tiered_pricing_type":"fixed","_editor_tiered_pricing_fixed_rules":[],"_author_tiered_pricing_type":"fixed","_author_tiered_pricing_fixed_rules":[],"_contributor_tiered_pricing_type":"fixed","_contributor_tiered_pricing_fixed_rules":[],"_subscriber_tiered_pricing_type":"fixed","_subscriber_tiered_pricing_fixed_rules":[],"_customer_tiered_pricing_type":"fixed","_customer_tiered_pricing_fixed_rules":[],"_shop_manager_tiered_pricing_type":"fixed","_shop_manager_tiered_pricing_fixed_rules":[],"_wpseo_manager_tiered_pricing_type":"fixed","_wpseo_manager_tiered_pricing_fixed_rules":[],"_wpseo_editor_tiered_pricing_type":"fixed","_wpseo_editor_tiered_pricing_fixed_rules":[],"_wholesale_customer_tiered_pricing_type":"fixed","_wholesale_customer_tiered_pricing_fixed_rules":[],"_marketer_tiered_pricing_type":"fixed","_marketer_tiered_pricing_fixed_rules":[],"_sales_manager_tiered_pricing_type":"fixed","_sales_manager_tiered_pricing_fixed_rules":[],"_sales_rep_tiered_pricing_type":"fixed","_sales_rep_tiered_pricing_fixed_rules":[],"yoast_head":"<!-- This site is optimized with the Yoast SEO plugin v23.3 - https:\/\/yoast.com\/wordpress\/plugins\/seo\/ -->\n<title>Grape Ice ELF SHISHA 16000 Der 16000 Puffs zollfreie E-Zigarette mit intensivem Traubengeschmack und K\u00fchle | ElementVape.de<\/title>\n<meta name=\"description\" content=\"Wir bieten Grape Ice ELF SHISHA 16000 Der 16000 Puffs zollfreie E-Zigarette mit intensivem Traubengeschmack und K\u00fchle , Elementvape.de akzeptieren Gro\u00df-und Einzelhandel Bestellungen.\" \/>\n<meta name=\"robots\" content=\"index, follow, max-snippet:-1, max-image-preview:large, max-video-preview:-1\" \/>\n<link rel=\"canonical\" href=\"https:\/\/www.elementvape.de\/lt\/produkt\/grape-ice-elf-shisha-16000-der-16000-puffs-zollfreie-e-zigarette-mit-intensivem-traubengeschmack-und-kuehle\/\" \/>\n<meta property=\"og:locale\" content=\"lt_LT\" \/>\n<meta property=\"og:type\" content=\"article\" \/>\n<meta property=\"og:title\" content=\"Grape Ice ELF SHISHA 16000 Der 16000 Puffs zollfreie E-Zigarette mit intensivem Traubengeschmack und K\u00fchle | ElementVape.de\" \/>\n<meta property=\"og:description\" content=\"Wir bieten Grape Ice ELF SHISHA 16000 Der 16000 Puffs zollfreie E-Zigarette mit intensivem Traubengeschmack und K\u00fchle , Elementvape.de akzeptieren Gro\u00df-und Einzelhandel Bestellungen.\" \/>\n<meta property=\"og:url\" content=\"https:\/\/www.elementvape.de\/lt\/produkt\/grape-ice-elf-shisha-16000-der-16000-puffs-zollfreie-e-zigarette-mit-intensivem-traubengeschmack-und-kuehle\/\" \/>\n<meta property=\"og:site_name\" content=\"ElementVape.de\" \/>\n<meta property=\"article:modified_time\" content=\"2024-12-12T06:34:27+00:00\" \/>\n<meta property=\"og:image\" content=\"https:\/\/www.elementvape.de\/wp-content\/uploads\/2024\/08\/\u8461\u8404\u51b02220000.png\" \/>\n\t<meta property=\"og:image:width\" content=\"1000\" \/>\n\t<meta property=\"og:image:height\" content=\"1000\" \/>\n\t<meta property=\"og:image:type\" content=\"image\/png\" \/>\n<meta name=\"twitter:card\" content=\"summary_large_image\" \/>\n<meta name=\"twitter:label1\" content=\"Est. reading time\" \/>\n\t<meta name=\"twitter:data1\" content=\"2 minut\u0117s\" \/>\n<script type=\"application\/ld+json\" class=\"yoast-schema-graph\">{\"@context\":\"https:\/\/schema.org\",\"@graph\":[{\"@type\":\"WebPage\",\"@id\":\"https:\/\/www.elementvape.de\/pt\/produkt\/grape-ice-elf-shisha-16000-der-16000-puffs-zollfreie-e-zigarette-mit-intensivem-traubengeschmack-und-kuehle\/\",\"url\":\"https:\/\/www.elementvape.de\/pt\/produkt\/grape-ice-elf-shisha-16000-der-16000-puffs-zollfreie-e-zigarette-mit-intensivem-traubengeschmack-und-kuehle\/\",\"name\":\"Grape Ice ELF SHISHA 16000 Der 16000 Puffs zollfreie E-Zigarette mit intensivem Traubengeschmack und K\u00fchle | ElementVape.de\",\"isPartOf\":{\"@id\":\"https:\/\/www.elementvape.de\/#website\"},\"primaryImageOfPage\":{\"@id\":\"https:\/\/www.elementvape.de\/pt\/produkt\/grape-ice-elf-shisha-16000-der-16000-puffs-zollfreie-e-zigarette-mit-intensivem-traubengeschmack-und-kuehle\/#primaryimage\"},\"image\":{\"@id\":\"https:\/\/www.elementvape.de\/pt\/produkt\/grape-ice-elf-shisha-16000-der-16000-puffs-zollfreie-e-zigarette-mit-intensivem-traubengeschmack-und-kuehle\/#primaryimage\"},\"thumbnailUrl\":\"https:\/\/www.elementvape.de\/wp-content\/uploads\/2024\/08\/\u8461\u8404\u51b02220000.png\",\"datePublished\":\"2024-08-20T06:22:39+00:00\",\"dateModified\":\"2024-12-12T06:34:27+00:00\",\"description\":\"Wir bieten Grape Ice ELF SHISHA 16000 Der 16000 Puffs zollfreie E-Zigarette mit intensivem Traubengeschmack und K\u00fchle , Elementvape.de akzeptieren Gro\u00df-und Einzelhandel Bestellungen.\",\"breadcrumb\":{\"@id\":\"https:\/\/www.elementvape.de\/pt\/produkt\/grape-ice-elf-shisha-16000-der-16000-puffs-zollfreie-e-zigarette-mit-intensivem-traubengeschmack-und-kuehle\/#breadcrumb\"},\"inLanguage\":\"lt-LT\",\"potentialAction\":[{\"@type\":\"ReadAction\",\"target\":[\"https:\/\/www.elementvape.de\/pt\/produkt\/grape-ice-elf-shisha-16000-der-16000-puffs-zollfreie-e-zigarette-mit-intensivem-traubengeschmack-und-kuehle\/\"]}]},{\"@type\":\"ImageObject\",\"inLanguage\":\"lt-LT\",\"@id\":\"https:\/\/www.elementvape.de\/pt\/produkt\/grape-ice-elf-shisha-16000-der-16000-puffs-zollfreie-e-zigarette-mit-intensivem-traubengeschmack-und-kuehle\/#primaryimage\",\"url\":\"https:\/\/www.elementvape.de\/wp-content\/uploads\/2024\/08\/\u8461\u8404\u51b02220000.png\",\"contentUrl\":\"https:\/\/www.elementvape.de\/wp-content\/uploads\/2024\/08\/\u8461\u8404\u51b02220000.png\",\"width\":1000,\"height\":1000,\"caption\":\"Grape ice\"},{\"@type\":\"BreadcrumbList\",\"@id\":\"https:\/\/www.elementvape.de\/pt\/produkt\/grape-ice-elf-shisha-16000-der-16000-puffs-zollfreie-e-zigarette-mit-intensivem-traubengeschmack-und-kuehle\/#breadcrumb\",\"itemListElement\":[{\"@type\":\"ListItem\",\"position\":1,\"name\":\"Home\",\"item\":\"https:\/\/www.elementvape.de\/\"},{\"@type\":\"ListItem\",\"position\":2,\"name\":\"Shop\",\"item\":\"https:\/\/www.elementvape.de\/shop\/\"},{\"@type\":\"ListItem\",\"position\":3,\"name\":\"Grape Ice ELF SHISHA 16000 Der 16000 Puffs zollfreie E-Zigarette mit intensivem Traubengeschmack und K\u00fchle\"}]},{\"@type\":\"WebSite\",\"@id\":\"https:\/\/www.elementvape.de\/#website\",\"url\":\"https:\/\/www.elementvape.de\/\",\"name\":\"ElementVape.de\",\"description\":\"\",\"publisher\":{\"@id\":\"https:\/\/www.elementvape.de\/#organization\"},\"potentialAction\":[{\"@type\":\"SearchAction\",\"target\":{\"@type\":\"EntryPoint\",\"urlTemplate\":\"https:\/\/www.elementvape.de\/?s={search_term_string}\"},\"query-input\":\"required name=search_term_string\"}],\"inLanguage\":\"lt-LT\"},{\"@type\":\"Organization\",\"@id\":\"https:\/\/www.elementvape.de\/#organization\",\"name\":\"ElementVape.DE\",\"url\":\"https:\/\/www.elementvape.de\/\",\"logo\":{\"@type\":\"ImageObject\",\"inLanguage\":\"lt-LT\",\"@id\":\"https:\/\/www.elementvape.de\/#\/schema\/logo\/image\/\",\"url\":\"https:\/\/www.elementvape.de\/wp-content\/uploads\/2024\/09\/cropped-1elementvape-3.png\",\"contentUrl\":\"https:\/\/www.elementvape.de\/wp-content\/uploads\/2024\/09\/cropped-1elementvape-3.png\",\"width\":285,\"height\":228,\"caption\":\"ElementVape.DE\"},\"image\":{\"@id\":\"https:\/\/www.elementvape.de\/#\/schema\/logo\/image\/\"}}]}<\/script>\n<!-- \/ Yoast SEO plugin. -->","yoast_head_json":{"title":"Grape Ice ELF SHISHA 16000 Der 16000 Puffs zollfreie E-Zigarette mit intensivem Traubengeschmack und K\u00fchle | ElementVape.de","description":"Wir bieten Grape Ice ELF SHISHA 16000 Der 16000 Puffs zollfreie E-Zigarette mit intensivem Traubengeschmack und K\u00fchle , Elementvape.de akzeptieren Gro\u00df-und Einzelhandel Bestellungen.","robots":{"index":"index","follow":"follow","max-snippet":"max-snippet:-1","max-image-preview":"max-image-preview:large","max-video-preview":"max-video-preview:-1"},"canonical":"https:\/\/www.elementvape.de\/lt\/produkt\/grape-ice-elf-shisha-16000-der-16000-puffs-zollfreie-e-zigarette-mit-intensivem-traubengeschmack-und-kuehle\/","og_locale":"lt_LT","og_type":"article","og_title":"Grape Ice ELF SHISHA 16000 Der 16000 Puffs zollfreie E-Zigarette mit intensivem Traubengeschmack und K\u00fchle | ElementVape.de","og_description":"Wir bieten Grape Ice ELF SHISHA 16000 Der 16000 Puffs zollfreie E-Zigarette mit intensivem Traubengeschmack und K\u00fchle , Elementvape.de akzeptieren Gro\u00df-und Einzelhandel Bestellungen.","og_url":"https:\/\/www.elementvape.de\/lt\/produkt\/grape-ice-elf-shisha-16000-der-16000-puffs-zollfreie-e-zigarette-mit-intensivem-traubengeschmack-und-kuehle\/","og_site_name":"ElementVape.de","article_modified_time":"2024-12-12T06:34:27+00:00","og_image":[{"width":1000,"height":1000,"url":"https:\/\/www.elementvape.de\/wp-content\/uploads\/2024\/08\/\u8461\u8404\u51b02220000.png","type":"image\/png"}],"twitter_card":"summary_large_image","twitter_misc":{"Est. reading time":"2 minut\u0117s"},"schema":{"@context":"https:\/\/schema.org","@graph":[{"@type":"WebPage","@id":"https:\/\/www.elementvape.de\/pt\/produkt\/grape-ice-elf-shisha-16000-der-16000-puffs-zollfreie-e-zigarette-mit-intensivem-traubengeschmack-und-kuehle\/","url":"https:\/\/www.elementvape.de\/pt\/produkt\/grape-ice-elf-shisha-16000-der-16000-puffs-zollfreie-e-zigarette-mit-intensivem-traubengeschmack-und-kuehle\/","name":"Grape Ice ELF SHISHA 16000 Der 16000 Puffs zollfreie E-Zigarette mit intensivem Traubengeschmack und K\u00fchle | ElementVape.de","isPartOf":{"@id":"https:\/\/www.elementvape.de\/#website"},"primaryImageOfPage":{"@id":"https:\/\/www.elementvape.de\/pt\/produkt\/grape-ice-elf-shisha-16000-der-16000-puffs-zollfreie-e-zigarette-mit-intensivem-traubengeschmack-und-kuehle\/#primaryimage"},"image":{"@id":"https:\/\/www.elementvape.de\/pt\/produkt\/grape-ice-elf-shisha-16000-der-16000-puffs-zollfreie-e-zigarette-mit-intensivem-traubengeschmack-und-kuehle\/#primaryimage"},"thumbnailUrl":"https:\/\/www.elementvape.de\/wp-content\/uploads\/2024\/08\/\u8461\u8404\u51b02220000.png","datePublished":"2024-08-20T06:22:39+00:00","dateModified":"2024-12-12T06:34:27+00:00","description":"Wir bieten Grape Ice ELF SHISHA 16000 Der 16000 Puffs zollfreie E-Zigarette mit intensivem Traubengeschmack und K\u00fchle , Elementvape.de akzeptieren Gro\u00df-und Einzelhandel Bestellungen.","breadcrumb":{"@id":"https:\/\/www.elementvape.de\/pt\/produkt\/grape-ice-elf-shisha-16000-der-16000-puffs-zollfreie-e-zigarette-mit-intensivem-traubengeschmack-und-kuehle\/#breadcrumb"},"inLanguage":"lt-LT","potentialAction":[{"@type":"ReadAction","target":["https:\/\/www.elementvape.de\/pt\/produkt\/grape-ice-elf-shisha-16000-der-16000-puffs-zollfreie-e-zigarette-mit-intensivem-traubengeschmack-und-kuehle\/"]}]},{"@type":"ImageObject","inLanguage":"lt-LT","@id":"https:\/\/www.elementvape.de\/pt\/produkt\/grape-ice-elf-shisha-16000-der-16000-puffs-zollfreie-e-zigarette-mit-intensivem-traubengeschmack-und-kuehle\/#primaryimage","url":"https:\/\/www.elementvape.de\/wp-content\/uploads\/2024\/08\/\u8461\u8404\u51b02220000.png","contentUrl":"https:\/\/www.elementvape.de\/wp-content\/uploads\/2024\/08\/\u8461\u8404\u51b02220000.png","width":1000,"height":1000,"caption":"Grape ice"},{"@type":"BreadcrumbList","@id":"https:\/\/www.elementvape.de\/pt\/produkt\/grape-ice-elf-shisha-16000-der-16000-puffs-zollfreie-e-zigarette-mit-intensivem-traubengeschmack-und-kuehle\/#breadcrumb","itemListElement":[{"@type":"ListItem","position":1,"name":"Home","item":"https:\/\/www.elementvape.de\/"},{"@type":"ListItem","position":2,"name":"Shop","item":"https:\/\/www.elementvape.de\/shop\/"},{"@type":"ListItem","position":3,"name":"Grape Ice ELF SHISHA 16000 Der 16000 Puffs zollfreie E-Zigarette mit intensivem Traubengeschmack und K\u00fchle"}]},{"@type":"WebSite","@id":"https:\/\/www.elementvape.de\/#website","url":"https:\/\/www.elementvape.de\/","name":"ElementVape.de","description":"","publisher":{"@id":"https:\/\/www.elementvape.de\/#organization"},"potentialAction":[{"@type":"SearchAction","target":{"@type":"EntryPoint","urlTemplate":"https:\/\/www.elementvape.de\/?s={search_term_string}"},"query-input":"required name=search_term_string"}],"inLanguage":"lt-LT"},{"@type":"Organization","@id":"https:\/\/www.elementvape.de\/#organization","name":"ElementVape.DE","url":"https:\/\/www.elementvape.de\/","logo":{"@type":"ImageObject","inLanguage":"lt-LT","@id":"https:\/\/www.elementvape.de\/#\/schema\/logo\/image\/","url":"https:\/\/www.elementvape.de\/wp-content\/uploads\/2024\/09\/cropped-1elementvape-3.png","contentUrl":"https:\/\/www.elementvape.de\/wp-content\/uploads\/2024\/09\/cropped-1elementvape-3.png","width":285,"height":228,"caption":"ElementVape.DE"},"image":{"@id":"https:\/\/www.elementvape.de\/#\/schema\/logo\/image\/"}}]}},"_links":{"self":[{"href":"https:\/\/www.elementvape.de\/lt\/wp-json\/wp\/v2\/product\/13880"}],"collection":[{"href":"https:\/\/www.elementvape.de\/lt\/wp-json\/wp\/v2\/product"}],"about":[{"href":"https:\/\/www.elementvape.de\/lt\/wp-json\/wp\/v2\/types\/product"}],"wp:featuredmedia":[{"embeddable":true,"href":"https:\/\/www.elementvape.de\/lt\/wp-json\/wp\/v2\/media\/13881"}],"wp:attachment":[{"href":"https:\/\/www.elementvape.de\/lt\/wp-json\/wp\/v2\/media?parent=13880"}],"wp:term":[{"taxonomy":"product_cat","embeddable":true,"href":"https:\/\/www.elementvape.de\/lt\/wp-json\/wp\/v2\/product_cat?post=13880"},{"taxonomy":"product_tag","embeddable":true,"href":"https:\/\/www.elementvape.de\/lt\/wp-json\/wp\/v2\/product_tag?post=13880"}],"curies":[{"name":"wp","href":"https:\/\/api.w.org\/{rel}","templated":true}]}}