{"id":13878,"date":"2024-08-20T06:10:36","date_gmt":"2024-08-20T06:10:36","guid":{"rendered":"https:\/\/www.elementvape.de\/?post_type=product&#038;p=13878"},"modified":"2024-12-12T06:34:28","modified_gmt":"2024-12-12T06:34:28","slug":"elf-shisha-16000-e-zigarette-der-fruchtig-kuehle-lush-ice-vape-fuer-heisse-tage-16000puffs","status":"publish","type":"product","link":"https:\/\/www.elementvape.de\/lt\/produkt\/elf-shisha-16000-e-zigarette-der-fruchtig-kuehle-lush-ice-vape-fuer-heisse-tage-16000puffs\/","title":{"rendered":"ELF SHISHA 16000 E-cigaret\u0117 Vaisi\u0173 ir gaivus Lush Ice Vape kar\u0161tomis dienomis 16000PUFFS"},"content":{"rendered":"<div class=\"flex-shrink-0 flex flex-col relative items-end\">\n<div>\n<div class=\"pt-0\">\n<div class=\"gizmo-bot-avatar flex h-8 w-8 items-center justify-center overflow-hidden rounded-full\">\n<h2 class=\"relative p-1 rounded-sm flex items-center justify-center bg-token-main-surface-primary text-token-text-primary h-8 w-8\"><span style=\"font-size: 1.618em;\">Produkto apra\u0161ymas Lush Ice ELF SHISHA 16000 d\u016bm\u0173<\/span><\/h2>\n<\/div>\n<\/div>\n<\/div>\n<\/div>\n<div class=\"group\/conversation-turn relative flex w-full min-w-0 flex-col agent-turn\">\n<div class=\"flex-col gap-1 md:gap-3\">\n<div class=\"flex max-w-full flex-col flex-grow\">\n<div class=\"min-h-[20px] text-message flex w-full flex-col items-end gap-2 whitespace-pre-wrap break-words [.text-message+&amp;]:mt-5 overflow-x-auto\" dir=\"auto\" data-message-author-role=\"assistant\" data-message-id=\"f610233d-ff2a-454f-9ba7-132652bbca68\">\n<div class=\"flex w-full flex-col gap-1 empty:hidden first:pt-[3px]\">\n<div class=\"markdown prose w-full break-words dark:prose-invert light\">\n<p>Lush Ice ELF SHISHA 16000 si\u016blo gaiv\u0173 ir vaisi\u0173 skonio patirt\u012f, kuri puikiai tinka kar\u0161tomis vasaros dienomis. \u0160is aromatas jungia sulting\u0105 prinokusi\u0173 arb\u016bz\u0173 saldum\u0105 su intensyviu lediniu \u0161altumu, suteikian\u010diu kiekvienam \u012fkv\u0117pimui gaivumo. Lush Ice skonis yra harmoningas vaisi\u0173 saldumo ir v\u0117sinan\u010dio \u0161altumo mi\u0161inys, kuris pamalonina j\u016bs\u0173 poj\u016b\u010dius ir leid\u017eia jaustis tarsi gerdami \u0161alt\u0105 arb\u016bz\u0173 kokteil\u012f kar\u0161toje dienoje.<\/p>\n<p>Kiekvienu \u012fkv\u0117pimu i\u0161 Lush Ice <strong><a href=\"https:\/\/www.elementvape.de\/lt\/c\/elf-shisha-16000\/\" target=\"_blank\" rel=\"noopener\">ELF SHISHA 16000<\/a><\/strong> patirsite gaivumo bang\u0105, kuri puikiai tinka atgaivinti save \u0161iltomis dienomis arba tiesiog m\u0117gautis vaisi\u0161kai v\u0117sian\u010diu skoniu bet kuriuo met\u0173 laiku. \u0160is skonio derinys yra idealus tiems, kurie m\u0117gsta vaisinius aromatus ir vertina gaiv\u0173 mentolio efekt\u0105.<\/p>\n<h3>Pa\u017eangiausia technologija ir i\u0161skirtinis ilgaam\u017ei\u0161kumas<\/h3>\n<p>Lush Ice ELF SHISHA 16000 ne tik pasi\u017eymi puikiu skoniu, bet ir \u012fsp\u016bdinga pa\u017eangia technologija. Su \u012fsp\u016bdinga 16 000 \u012fkv\u0117pim\u0173 talpa, \u0161is \u012frenginys skirtas ilgai tarnauti ir nuolat suteikti intensyv\u0173 garavimo patirt\u012f. 0,6 om\u0173 tinklelio rit\u0117 u\u017etikrina tolyg\u0173 gar\u0173 gamyb\u0105, i\u0161ry\u0161kindama Lush Ice aromat\u0105 ir sukurdama tankias, \u0161velnias debesis.<\/p>\n<p>Integruotas, \u012fkraunamas 18250\u2013600 mAh akumuliatorius patogiai \u012fkraunamas per Type-C jungt\u012f ir suteikia patikim\u0105 bei ilgalaik\u012f energijos \u0161altin\u012f. Patogi LED indikatorius nuolat informuoja apie akumuliatoriaus b\u016bsen\u0105, o reguliuojamas oro srauto nustatymas leid\u017eia pritaikyti \u012fkv\u0117pimo stiprum\u0105 pagal asmeninius pageidavimus. \u0160ios funkcijos daro Lush Ice ELF SHISHA 16000 pirmaujan\u010diu \u012frenginiu tiems, kurie vertina kokyb\u0119 ir patogum\u0105.<\/p>\n<h3>Idealiai tinka kar\u0161tomis dienomis: gaivus malonumas be mokes\u010di\u0173<\/h3>\n<p>Naudodamiesi Lush Ice ELF SHISHA 16000, m\u0117gaujat\u0117s ne tik auk\u0161\u010diausios kokyb\u0117s skoniu, bet ir mokes\u010di\u0173 nemokamu pirkimu. \u0160is auk\u0161\u010diausios klas\u0117s produktas si\u016blo i\u0161skirtin\u012f vaisi\u0161kai v\u0117s\u0173 malonum\u0105 u\u017e patraukli\u0105 kain\u0105, nes jis yra be muit\u0173. Ypa\u010d kar\u0161tomis dienomis gaivinantis Lush Ice poveikis yra b\u016btent tai, ko reikia, kad jaustum\u0117t\u0117s gaiviai ir maloniai atv\u0117sintum\u0117te.<\/p>\n<p>Pakuot\u0117 yra apgalvota ir patogi, palengvinanti transportavim\u0105 ir sand\u0117liavim\u0105. Su 200 vienet\u0173 d\u0117\u017eut\u0117je ir bendru svoriu 18,3 kg, valdymas yra efektyvus ir paprastas. D\u0117l kompakti\u0161ko dyd\u017eio 30 x 125,5 mm ir svorio tik 85 g vienetui, Lush Ice ELF SHISHA 16000 yra idealus palydovas, leid\u017eiantis bet kuriuo metu ir bet kurioje vietoje m\u0117gautis vaisi\u0161kai v\u0117sia gaiva.<\/p>\n<p>Lush Ice ELF SHISHA 16000 yra ideali be muit\u0173 vape visiems, kurie kar\u0161tomis dienomis ie\u0161ko gaivios, vaisin\u0117s garavimo patirties. D\u0117l pa\u017eangios technologijos ir puikaus ilgaam\u017ei\u0161kumo galite bet kada ir bet kur m\u0117gautis \u0161altu, skoniu pilnu potyriu.<\/p>\n<\/div>\n<\/div>\n<\/div>\n<\/div>\n<\/div>\n<\/div>","protected":false},"excerpt":{"rendered":"<p>Produktbeschreibung f\u00fcr Lush Ice ELF SHISHA 16000 Puffs Die Lush Ice ELF SHISHA 16000 bietet Ihnen ein erfrischendes und fruchtiges Geschmackserlebnis, das sich perfekt f\u00fcr hei\u00dfe Sommertage eignet. Dieses Aroma kombiniert die saftige S\u00fc\u00dfe von reifen Wassermelonen mit einer intensiven Eisk\u00fchle, die jedem Zug eine belebende Frische verleiht. Der Geschmack von Lush Ice ist eine [&hellip;]<\/p>","protected":false},"featured_media":13879,"template":"","meta":{"inline_featured_image":false},"product_cat":[15,78,747,740,734,753,719,732],"product_tag":[710,720],"tiered_pricing_type":"fixed","tiered_pricing_fixed_rules":{"110":"8.47","200":"7.53","500":"6.59"},"tiered_pricing_percentage_rules":[],"tiered_pricing_minimum":1,"_administrator_tiered_pricing_type":"fixed","_administrator_tiered_pricing_fixed_rules":[],"_editor_tiered_pricing_type":"fixed","_editor_tiered_pricing_fixed_rules":[],"_author_tiered_pricing_type":"fixed","_author_tiered_pricing_fixed_rules":[],"_contributor_tiered_pricing_type":"fixed","_contributor_tiered_pricing_fixed_rules":[],"_subscriber_tiered_pricing_type":"fixed","_subscriber_tiered_pricing_fixed_rules":[],"_customer_tiered_pricing_type":"fixed","_customer_tiered_pricing_fixed_rules":[],"_shop_manager_tiered_pricing_type":"fixed","_shop_manager_tiered_pricing_fixed_rules":[],"_wpseo_manager_tiered_pricing_type":"fixed","_wpseo_manager_tiered_pricing_fixed_rules":[],"_wpseo_editor_tiered_pricing_type":"fixed","_wpseo_editor_tiered_pricing_fixed_rules":[],"_wholesale_customer_tiered_pricing_type":"fixed","_wholesale_customer_tiered_pricing_fixed_rules":[],"_marketer_tiered_pricing_type":"fixed","_marketer_tiered_pricing_fixed_rules":[],"_sales_manager_tiered_pricing_type":"fixed","_sales_manager_tiered_pricing_fixed_rules":[],"_sales_rep_tiered_pricing_type":"fixed","_sales_rep_tiered_pricing_fixed_rules":[],"yoast_head":"<!-- This site is optimized with the Yoast SEO plugin v23.3 - https:\/\/yoast.com\/wordpress\/plugins\/seo\/ -->\n<title>ELF SHISHA 16000 E-Zigarette Der fruchtig-k\u00fchle Lush Ice Vape f\u00fcr hei\u00dfe Tage 16000PUFFS | ElementVape.de<\/title>\n<meta name=\"description\" content=\"Wir bieten ELF SHISHA 16000 E-Zigarette Der fruchtig-k\u00fchle Lush Ice Vape f\u00fcr hei\u00dfe Tage 16000PUFFS , Elementvape.de akzeptieren Gro\u00df-und Einzelhandel Bestellungen.\" \/>\n<meta name=\"robots\" content=\"index, follow, max-snippet:-1, max-image-preview:large, max-video-preview:-1\" \/>\n<link rel=\"canonical\" href=\"https:\/\/www.elementvape.de\/lt\/produkt\/elf-shisha-16000-e-zigarette-der-fruchtig-kuehle-lush-ice-vape-fuer-heisse-tage-16000puffs\/\" \/>\n<meta property=\"og:locale\" content=\"lt_LT\" \/>\n<meta property=\"og:type\" content=\"article\" \/>\n<meta property=\"og:title\" content=\"ELF SHISHA 16000 E-Zigarette Der fruchtig-k\u00fchle Lush Ice Vape f\u00fcr hei\u00dfe Tage 16000PUFFS | ElementVape.de\" \/>\n<meta property=\"og:description\" content=\"Wir bieten ELF SHISHA 16000 E-Zigarette Der fruchtig-k\u00fchle Lush Ice Vape f\u00fcr hei\u00dfe Tage 16000PUFFS , Elementvape.de akzeptieren Gro\u00df-und Einzelhandel Bestellungen.\" \/>\n<meta property=\"og:url\" content=\"https:\/\/www.elementvape.de\/lt\/produkt\/elf-shisha-16000-e-zigarette-der-fruchtig-kuehle-lush-ice-vape-fuer-heisse-tage-16000puffs\/\" \/>\n<meta property=\"og:site_name\" content=\"ElementVape.de\" \/>\n<meta property=\"article:modified_time\" content=\"2024-12-12T06:34:28+00:00\" \/>\n<meta property=\"og:image\" content=\"https:\/\/www.elementvape.de\/wp-content\/uploads\/2024\/08\/\u897f\u74dc\u51b02220000.png\" \/>\n\t<meta property=\"og:image:width\" content=\"1000\" \/>\n\t<meta property=\"og:image:height\" content=\"1000\" \/>\n\t<meta property=\"og:image:type\" content=\"image\/png\" \/>\n<meta name=\"twitter:card\" content=\"summary_large_image\" \/>\n<meta name=\"twitter:label1\" content=\"Est. reading time\" \/>\n\t<meta name=\"twitter:data1\" content=\"3 minut\u0117s\" \/>\n<script type=\"application\/ld+json\" class=\"yoast-schema-graph\">{\"@context\":\"https:\/\/schema.org\",\"@graph\":[{\"@type\":\"WebPage\",\"@id\":\"https:\/\/www.elementvape.de\/produkt\/elf-shisha-16000-e-zigarette-der-fruchtig-kuehle-lush-ice-vape-fuer-heisse-tage-16000puffs\/\",\"url\":\"https:\/\/www.elementvape.de\/produkt\/elf-shisha-16000-e-zigarette-der-fruchtig-kuehle-lush-ice-vape-fuer-heisse-tage-16000puffs\/\",\"name\":\"ELF SHISHA 16000 E-Zigarette Der fruchtig-k\u00fchle Lush Ice Vape f\u00fcr hei\u00dfe Tage 16000PUFFS | ElementVape.de\",\"isPartOf\":{\"@id\":\"https:\/\/www.elementvape.de\/#website\"},\"primaryImageOfPage\":{\"@id\":\"https:\/\/www.elementvape.de\/produkt\/elf-shisha-16000-e-zigarette-der-fruchtig-kuehle-lush-ice-vape-fuer-heisse-tage-16000puffs\/#primaryimage\"},\"image\":{\"@id\":\"https:\/\/www.elementvape.de\/produkt\/elf-shisha-16000-e-zigarette-der-fruchtig-kuehle-lush-ice-vape-fuer-heisse-tage-16000puffs\/#primaryimage\"},\"thumbnailUrl\":\"https:\/\/www.elementvape.de\/wp-content\/uploads\/2024\/08\/\u897f\u74dc\u51b02220000.png\",\"datePublished\":\"2024-08-20T06:10:36+00:00\",\"dateModified\":\"2024-12-12T06:34:28+00:00\",\"description\":\"Wir bieten ELF SHISHA 16000 E-Zigarette Der fruchtig-k\u00fchle Lush Ice Vape f\u00fcr hei\u00dfe Tage 16000PUFFS , Elementvape.de akzeptieren Gro\u00df-und Einzelhandel Bestellungen.\",\"breadcrumb\":{\"@id\":\"https:\/\/www.elementvape.de\/produkt\/elf-shisha-16000-e-zigarette-der-fruchtig-kuehle-lush-ice-vape-fuer-heisse-tage-16000puffs\/#breadcrumb\"},\"inLanguage\":\"lt-LT\",\"potentialAction\":[{\"@type\":\"ReadAction\",\"target\":[\"https:\/\/www.elementvape.de\/produkt\/elf-shisha-16000-e-zigarette-der-fruchtig-kuehle-lush-ice-vape-fuer-heisse-tage-16000puffs\/\"]}]},{\"@type\":\"ImageObject\",\"inLanguage\":\"lt-LT\",\"@id\":\"https:\/\/www.elementvape.de\/produkt\/elf-shisha-16000-e-zigarette-der-fruchtig-kuehle-lush-ice-vape-fuer-heisse-tage-16000puffs\/#primaryimage\",\"url\":\"https:\/\/www.elementvape.de\/wp-content\/uploads\/2024\/08\/\u897f\u74dc\u51b02220000.png\",\"contentUrl\":\"https:\/\/www.elementvape.de\/wp-content\/uploads\/2024\/08\/\u897f\u74dc\u51b02220000.png\",\"width\":1000,\"height\":1000,\"caption\":\"Lush ice\"},{\"@type\":\"BreadcrumbList\",\"@id\":\"https:\/\/www.elementvape.de\/produkt\/elf-shisha-16000-e-zigarette-der-fruchtig-kuehle-lush-ice-vape-fuer-heisse-tage-16000puffs\/#breadcrumb\",\"itemListElement\":[{\"@type\":\"ListItem\",\"position\":1,\"name\":\"Home\",\"item\":\"https:\/\/www.elementvape.de\/\"},{\"@type\":\"ListItem\",\"position\":2,\"name\":\"Shop\",\"item\":\"https:\/\/www.elementvape.de\/shop\/\"},{\"@type\":\"ListItem\",\"position\":3,\"name\":\"ELF SHISHA 16000 E-Zigarette Der fruchtig-k\u00fchle Lush Ice Vape f\u00fcr hei\u00dfe Tage 16000PUFFS\"}]},{\"@type\":\"WebSite\",\"@id\":\"https:\/\/www.elementvape.de\/#website\",\"url\":\"https:\/\/www.elementvape.de\/\",\"name\":\"ElementVape.de\",\"description\":\"\",\"publisher\":{\"@id\":\"https:\/\/www.elementvape.de\/#organization\"},\"potentialAction\":[{\"@type\":\"SearchAction\",\"target\":{\"@type\":\"EntryPoint\",\"urlTemplate\":\"https:\/\/www.elementvape.de\/?s={search_term_string}\"},\"query-input\":\"required name=search_term_string\"}],\"inLanguage\":\"lt-LT\"},{\"@type\":\"Organization\",\"@id\":\"https:\/\/www.elementvape.de\/#organization\",\"name\":\"ElementVape.DE\",\"url\":\"https:\/\/www.elementvape.de\/\",\"logo\":{\"@type\":\"ImageObject\",\"inLanguage\":\"lt-LT\",\"@id\":\"https:\/\/www.elementvape.de\/#\/schema\/logo\/image\/\",\"url\":\"https:\/\/www.elementvape.de\/wp-content\/uploads\/2024\/09\/cropped-1elementvape-3.png\",\"contentUrl\":\"https:\/\/www.elementvape.de\/wp-content\/uploads\/2024\/09\/cropped-1elementvape-3.png\",\"width\":285,\"height\":228,\"caption\":\"ElementVape.DE\"},\"image\":{\"@id\":\"https:\/\/www.elementvape.de\/#\/schema\/logo\/image\/\"}}]}<\/script>\n<!-- \/ Yoast SEO plugin. -->","yoast_head_json":{"title":"ELF SHISHA 16000 E-Zigarette Der fruchtig-k\u00fchle Lush Ice Vape f\u00fcr hei\u00dfe Tage 16000PUFFS | ElementVape.de","description":"Wir bieten ELF SHISHA 16000 E-Zigarette Der fruchtig-k\u00fchle Lush Ice Vape f\u00fcr hei\u00dfe Tage 16000PUFFS , Elementvape.de akzeptieren Gro\u00df-und Einzelhandel Bestellungen.","robots":{"index":"index","follow":"follow","max-snippet":"max-snippet:-1","max-image-preview":"max-image-preview:large","max-video-preview":"max-video-preview:-1"},"canonical":"https:\/\/www.elementvape.de\/lt\/produkt\/elf-shisha-16000-e-zigarette-der-fruchtig-kuehle-lush-ice-vape-fuer-heisse-tage-16000puffs\/","og_locale":"lt_LT","og_type":"article","og_title":"ELF SHISHA 16000 E-Zigarette Der fruchtig-k\u00fchle Lush Ice Vape f\u00fcr hei\u00dfe Tage 16000PUFFS | ElementVape.de","og_description":"Wir bieten ELF SHISHA 16000 E-Zigarette Der fruchtig-k\u00fchle Lush Ice Vape f\u00fcr hei\u00dfe Tage 16000PUFFS , Elementvape.de akzeptieren Gro\u00df-und Einzelhandel Bestellungen.","og_url":"https:\/\/www.elementvape.de\/lt\/produkt\/elf-shisha-16000-e-zigarette-der-fruchtig-kuehle-lush-ice-vape-fuer-heisse-tage-16000puffs\/","og_site_name":"ElementVape.de","article_modified_time":"2024-12-12T06:34:28+00:00","og_image":[{"width":1000,"height":1000,"url":"https:\/\/www.elementvape.de\/wp-content\/uploads\/2024\/08\/\u897f\u74dc\u51b02220000.png","type":"image\/png"}],"twitter_card":"summary_large_image","twitter_misc":{"Est. reading time":"3 minut\u0117s"},"schema":{"@context":"https:\/\/schema.org","@graph":[{"@type":"WebPage","@id":"https:\/\/www.elementvape.de\/produkt\/elf-shisha-16000-e-zigarette-der-fruchtig-kuehle-lush-ice-vape-fuer-heisse-tage-16000puffs\/","url":"https:\/\/www.elementvape.de\/produkt\/elf-shisha-16000-e-zigarette-der-fruchtig-kuehle-lush-ice-vape-fuer-heisse-tage-16000puffs\/","name":"ELF SHISHA 16000 E-Zigarette Der fruchtig-k\u00fchle Lush Ice Vape f\u00fcr hei\u00dfe Tage 16000PUFFS | ElementVape.de","isPartOf":{"@id":"https:\/\/www.elementvape.de\/#website"},"primaryImageOfPage":{"@id":"https:\/\/www.elementvape.de\/produkt\/elf-shisha-16000-e-zigarette-der-fruchtig-kuehle-lush-ice-vape-fuer-heisse-tage-16000puffs\/#primaryimage"},"image":{"@id":"https:\/\/www.elementvape.de\/produkt\/elf-shisha-16000-e-zigarette-der-fruchtig-kuehle-lush-ice-vape-fuer-heisse-tage-16000puffs\/#primaryimage"},"thumbnailUrl":"https:\/\/www.elementvape.de\/wp-content\/uploads\/2024\/08\/\u897f\u74dc\u51b02220000.png","datePublished":"2024-08-20T06:10:36+00:00","dateModified":"2024-12-12T06:34:28+00:00","description":"Wir bieten ELF SHISHA 16000 E-Zigarette Der fruchtig-k\u00fchle Lush Ice Vape f\u00fcr hei\u00dfe Tage 16000PUFFS , Elementvape.de akzeptieren Gro\u00df-und Einzelhandel Bestellungen.","breadcrumb":{"@id":"https:\/\/www.elementvape.de\/produkt\/elf-shisha-16000-e-zigarette-der-fruchtig-kuehle-lush-ice-vape-fuer-heisse-tage-16000puffs\/#breadcrumb"},"inLanguage":"lt-LT","potentialAction":[{"@type":"ReadAction","target":["https:\/\/www.elementvape.de\/produkt\/elf-shisha-16000-e-zigarette-der-fruchtig-kuehle-lush-ice-vape-fuer-heisse-tage-16000puffs\/"]}]},{"@type":"ImageObject","inLanguage":"lt-LT","@id":"https:\/\/www.elementvape.de\/produkt\/elf-shisha-16000-e-zigarette-der-fruchtig-kuehle-lush-ice-vape-fuer-heisse-tage-16000puffs\/#primaryimage","url":"https:\/\/www.elementvape.de\/wp-content\/uploads\/2024\/08\/\u897f\u74dc\u51b02220000.png","contentUrl":"https:\/\/www.elementvape.de\/wp-content\/uploads\/2024\/08\/\u897f\u74dc\u51b02220000.png","width":1000,"height":1000,"caption":"Lush ice"},{"@type":"BreadcrumbList","@id":"https:\/\/www.elementvape.de\/produkt\/elf-shisha-16000-e-zigarette-der-fruchtig-kuehle-lush-ice-vape-fuer-heisse-tage-16000puffs\/#breadcrumb","itemListElement":[{"@type":"ListItem","position":1,"name":"Home","item":"https:\/\/www.elementvape.de\/"},{"@type":"ListItem","position":2,"name":"Shop","item":"https:\/\/www.elementvape.de\/shop\/"},{"@type":"ListItem","position":3,"name":"ELF SHISHA 16000 E-Zigarette Der fruchtig-k\u00fchle Lush Ice Vape f\u00fcr hei\u00dfe Tage 16000PUFFS"}]},{"@type":"WebSite","@id":"https:\/\/www.elementvape.de\/#website","url":"https:\/\/www.elementvape.de\/","name":"ElementVape.de","description":"","publisher":{"@id":"https:\/\/www.elementvape.de\/#organization"},"potentialAction":[{"@type":"SearchAction","target":{"@type":"EntryPoint","urlTemplate":"https:\/\/www.elementvape.de\/?s={search_term_string}"},"query-input":"required name=search_term_string"}],"inLanguage":"lt-LT"},{"@type":"Organization","@id":"https:\/\/www.elementvape.de\/#organization","name":"ElementVape.DE","url":"https:\/\/www.elementvape.de\/","logo":{"@type":"ImageObject","inLanguage":"lt-LT","@id":"https:\/\/www.elementvape.de\/#\/schema\/logo\/image\/","url":"https:\/\/www.elementvape.de\/wp-content\/uploads\/2024\/09\/cropped-1elementvape-3.png","contentUrl":"https:\/\/www.elementvape.de\/wp-content\/uploads\/2024\/09\/cropped-1elementvape-3.png","width":285,"height":228,"caption":"ElementVape.DE"},"image":{"@id":"https:\/\/www.elementvape.de\/#\/schema\/logo\/image\/"}}]}},"_links":{"self":[{"href":"https:\/\/www.elementvape.de\/lt\/wp-json\/wp\/v2\/product\/13878"}],"collection":[{"href":"https:\/\/www.elementvape.de\/lt\/wp-json\/wp\/v2\/product"}],"about":[{"href":"https:\/\/www.elementvape.de\/lt\/wp-json\/wp\/v2\/types\/product"}],"wp:featuredmedia":[{"embeddable":true,"href":"https:\/\/www.elementvape.de\/lt\/wp-json\/wp\/v2\/media\/13879"}],"wp:attachment":[{"href":"https:\/\/www.elementvape.de\/lt\/wp-json\/wp\/v2\/media?parent=13878"}],"wp:term":[{"taxonomy":"product_cat","embeddable":true,"href":"https:\/\/www.elementvape.de\/lt\/wp-json\/wp\/v2\/product_cat?post=13878"},{"taxonomy":"product_tag","embeddable":true,"href":"https:\/\/www.elementvape.de\/lt\/wp-json\/wp\/v2\/product_tag?post=13878"}],"curies":[{"name":"wp","href":"https:\/\/api.w.org\/{rel}","templated":true}]}}