{"id":13876,"date":"2024-08-20T06:02:23","date_gmt":"2024-08-20T06:02:23","guid":{"rendered":"https:\/\/www.elementvape.de\/?post_type=product&#038;p=13876"},"modified":"2024-12-12T06:34:29","modified_gmt":"2024-12-12T06:34:29","slug":"double-apple-elf-shisha-16000-16000-puffs-der-zollfreie-vape-fuer-den-klassischen-apfelgeschmack","status":"publish","type":"product","link":"https:\/\/www.elementvape.de\/lt\/produkt\/double-apple-elf-shisha-16000-16000-puffs-der-zollfreie-vape-fuer-den-klassischen-apfelgeschmack\/","title":{"rendered":"Dvigubo obuolio ELF SHISHA 16000 16000 \u012fkv\u0117pim\u0173 Be muit\u0173 Vape su klasikiniu obuoli\u0173 skoniu"},"content":{"rendered":"<h3>Skoni\u0173 patirtis: Dviguba obuolys<\/h3>\n<p>Double Apple ELF SHISHA 16000 si\u016blo klasikinius ir i\u0161skirtinius skonio poj\u016b\u010dius, kurie sujungia intensyv\u0173 saldum\u0105 ir lengv\u0105 r\u016bg\u0161tel\u012f i\u0161 dviej\u0173 obuoli\u0173 r\u016b\u0161i\u0173 tobulame balanse. \u0160is aromatas yra idealus visiems, kurie vertina tradicin\u012f dviej\u0173 obuoli\u0173 skon\u012f, kuris yra ypa\u010d populiarus shisha pasaulyje. Kiekvienu \u012fkv\u0117pimu patirsite sulting\u0105 \u017eali\u0173j\u0173 ir raudon\u0173j\u0173 obuoli\u0173 gaiv\u0105, kurie kartu sudaro harmoning\u0105 ir pilnavert\u012f skonio derin\u012f.<\/p>\n<p>Dvigubo obuolio skonis yra laikinas ir ypa\u010d vertinamas autenti\u0161k\u0173 aromat\u0173 m\u0117g\u0117j\u0173. ELF SHISHA 16000 u\u017etikrina, kad skonis b\u016bt\u0173 stiprus ir ilgalaikis, tod\u0117l kiekvieno \u012fkv\u0117pimo metu gal\u0117site patirti gryno obuolio malonum\u0105, kurio norite.<\/p>\n<p>Dvigubo obuolio ELF SHISHA 16000 sujungia klasikinius aromatus su pa\u017eangiausia technologija, siekiant suteikti jums nepalyginam\u0105 garinimo patirt\u012f. Su 16 000 \u012fkv\u0117pim\u0173 talpa, \u0161is \u012frenginys yra idealus ilgam naudojimui. <strong><a href=\"https:\/\/www.elementvape.de\/lt\/\" target=\"_blank\" rel=\"noopener\">garintojams,<\/a><\/strong>vertina d\u0117mes\u012f \u012f patikimum\u0105 ir ilgaam\u017ei\u0161kum\u0105. Tinklelio rit\u0117 su 0,6 om\u0173 u\u017etikrina vienod\u0105 ir gausi\u0105 gar\u0173 gamyb\u0105, kuri pilnai i\u0161ry\u0161kina intensyv\u0173 obuolio skon\u012f.<\/p>\n<p>\u012ekraunamas 18250\u2013600 mAh akumuliatorius, \u012fkraunamas per patog\u0173 Tipo-C jungt\u012f, u\u017etikrina, kad j\u016bs\u0173 ELF SHISHA 16000 visada b\u016bt\u0173 paruo\u0161tas naudoti. LED indikatorius nuolat informuoja apie dabartin\u0119 akumuliatoriaus b\u016bsen\u0105, o reguliuojamas oro srauto nustatymas leid\u017eia individualiai pritaikyti \u012fkv\u0117pimo pasiprie\u0161inim\u0105. \u0160ios technin\u0117s savyb\u0117s daro Double Apple ELF SHISHA 16000 pirmaujan\u010diu \u012frenginiu visiems, kurie vertina kokyb\u0119 ir patogum\u0105 naudotis.<\/p>\n<p>Su Double Apple ELF SHISHA 16000 j\u016bs gaunate mokes\u010di\u0173 nemokamo pirkimo privalumus. \u0160is auk\u0161tos kokyb\u0117s produktas ne tik si\u016blo jums m\u0117gstam\u0105 klasikin\u012f dvigubo obuolio skon\u012f, bet ir puik\u0173 kainos ir kokyb\u0117s santyk\u012f, nes jis yra be muito. Tai daro j\u012f ypa\u010d patraukliu pasirinkimu taupiems garintojams ir keliautojams, kurie vertina kokyb\u0119 ir sutaupymus.<\/p>\n<p>Double Apple ELF SHISHA 16000 pakuot\u0117 yra sukurta taip, kad palengvint\u0173 transportavim\u0105 ir sand\u0117liavim\u0105. Su 200 vienetais d\u0117\u017eut\u0117je ir bendru svoriu 18,3 kg, viskas yra prakti\u0161ka ir tvarkinga. Kompakti\u0161kas dydis (30 x 125,5 mm) ir lengvas svoris \u2013 85 g kiekvienam \u012frenginiui \u2013 daro j\u012f idealiu palydovu keliaujant. M\u0117gaukit\u0117s klasikinio obuolio skoniu bet kuriuo metu ir bet kurioje vietoje su Double Apple ELF SHISHA 16000.<\/p>\n<hr \/>\n<table>\n<thead>\n<tr>\n<th><strong>Savyb\u0117<\/strong><\/th>\n<th><strong>Duomenys<\/strong><\/th>\n<\/tr>\n<\/thead>\n<tbody>\n<tr>\n<td>Skonis<\/td>\n<td>Dviguba obuolys<\/td>\n<\/tr>\n<tr>\n<td>\u012ekv\u0117pim\u0173 skai\u010dius (Puffs)<\/td>\n<td>16 000 \u012fkv\u0117pim\u0173<\/td>\n<\/tr>\n<tr>\n<td>Rit\u0117<\/td>\n<td>Tinklelio rit\u0117, 0,6 Ohmo<\/td>\n<\/tr>\n<tr>\n<td>E-liquido talpa<\/td>\n<td>28 ml<\/td>\n<\/tr>\n<tr>\n<td>N-Gelio kiekis<\/td>\n<td>2 %, 5 %<\/td>\n<\/tr>\n<tr>\n<td>Baterija<\/td>\n<td>18250\u2013600 mAh, \u012fkraunama (Tipo C)<\/td>\n<\/tr>\n<tr>\n<td>LED indikatorius<\/td>\n<td>Ja<\/td>\n<\/tr>\n<tr>\n<td>Reguliuojamas oro srautas<\/td>\n<td>Ja<\/td>\n<\/tr>\n<tr>\n<td>Produkto svoris<\/td>\n<td>85 g vienetui<\/td>\n<\/tr>\n<tr>\n<td>Produkto dydis<\/td>\n<td>30 x 125,5 mm<\/td>\n<\/tr>\n<\/tbody>\n<\/table>\n<p>&nbsp;<\/p>","protected":false},"excerpt":{"rendered":"<p>Geschmackserlebnis: Double Apple Die Double Apple ELF SHISHA 16000 bietet ein klassisches und unverwechselbares Geschmackserlebnis, das die intensive S\u00fc\u00dfe und den leicht s\u00e4uerlichen Biss von zwei Apfelsorten in einer perfekten Balance kombiniert. Dieses Aroma ist ideal f\u00fcr alle, die den traditionellen Doppelapfel-Geschmack sch\u00e4tzen, der in der Shisha-Welt besonders beliebt ist. Mit jedem Zug erleben Sie [&hellip;]<\/p>","protected":false},"featured_media":13877,"template":"","meta":{"inline_featured_image":false},"product_cat":[15,78,747,740,734,753,719,732],"product_tag":[710,720],"tiered_pricing_type":"fixed","tiered_pricing_fixed_rules":{"110":"8.47","200":"7.53","500":"6.59"},"tiered_pricing_percentage_rules":[],"tiered_pricing_minimum":1,"_administrator_tiered_pricing_type":"fixed","_administrator_tiered_pricing_fixed_rules":[],"_editor_tiered_pricing_type":"fixed","_editor_tiered_pricing_fixed_rules":[],"_author_tiered_pricing_type":"fixed","_author_tiered_pricing_fixed_rules":[],"_contributor_tiered_pricing_type":"fixed","_contributor_tiered_pricing_fixed_rules":[],"_subscriber_tiered_pricing_type":"fixed","_subscriber_tiered_pricing_fixed_rules":[],"_customer_tiered_pricing_type":"fixed","_customer_tiered_pricing_fixed_rules":[],"_shop_manager_tiered_pricing_type":"fixed","_shop_manager_tiered_pricing_fixed_rules":[],"_wpseo_manager_tiered_pricing_type":"fixed","_wpseo_manager_tiered_pricing_fixed_rules":[],"_wpseo_editor_tiered_pricing_type":"fixed","_wpseo_editor_tiered_pricing_fixed_rules":[],"_wholesale_customer_tiered_pricing_type":"fixed","_wholesale_customer_tiered_pricing_fixed_rules":[],"_marketer_tiered_pricing_type":"fixed","_marketer_tiered_pricing_fixed_rules":[],"_sales_manager_tiered_pricing_type":"fixed","_sales_manager_tiered_pricing_fixed_rules":[],"_sales_rep_tiered_pricing_type":"fixed","_sales_rep_tiered_pricing_fixed_rules":[],"yoast_head":"<!-- This site is optimized with the Yoast SEO plugin v23.3 - https:\/\/yoast.com\/wordpress\/plugins\/seo\/ -->\n<title>Double Apple ELF SHISHA 16000 16000 Puffs Der zollfreie Vape f\u00fcr den klassischen Apfelgeschmack | ElementVape.de<\/title>\n<meta name=\"description\" content=\"Wir bieten Double Apple ELF SHISHA 16000 16000 Puffs Der zollfreie Vape f\u00fcr den klassischen Apfelgeschmack , Elementvape.de akzeptieren Gro\u00df-und Einzelhandel Bestellungen.\" \/>\n<meta name=\"robots\" content=\"index, follow, max-snippet:-1, max-image-preview:large, max-video-preview:-1\" \/>\n<link rel=\"canonical\" href=\"https:\/\/www.elementvape.de\/lt\/produkt\/double-apple-elf-shisha-16000-16000-puffs-der-zollfreie-vape-fuer-den-klassischen-apfelgeschmack\/\" \/>\n<meta property=\"og:locale\" content=\"lt_LT\" \/>\n<meta property=\"og:type\" content=\"article\" \/>\n<meta property=\"og:title\" content=\"Double Apple ELF SHISHA 16000 16000 Puffs Der zollfreie Vape f\u00fcr den klassischen Apfelgeschmack | ElementVape.de\" \/>\n<meta property=\"og:description\" content=\"Wir bieten Double Apple ELF SHISHA 16000 16000 Puffs Der zollfreie Vape f\u00fcr den klassischen Apfelgeschmack , Elementvape.de akzeptieren Gro\u00df-und Einzelhandel Bestellungen.\" \/>\n<meta property=\"og:url\" content=\"https:\/\/www.elementvape.de\/lt\/produkt\/double-apple-elf-shisha-16000-16000-puffs-der-zollfreie-vape-fuer-den-klassischen-apfelgeschmack\/\" \/>\n<meta property=\"og:site_name\" content=\"ElementVape.de\" \/>\n<meta property=\"article:modified_time\" content=\"2024-12-12T06:34:29+00:00\" \/>\n<meta property=\"og:image\" content=\"https:\/\/www.elementvape.de\/wp-content\/uploads\/2024\/08\/\u53cc\u82f9\u679c2220000.png\" \/>\n\t<meta property=\"og:image:width\" content=\"1000\" \/>\n\t<meta property=\"og:image:height\" content=\"1000\" \/>\n\t<meta property=\"og:image:type\" content=\"image\/png\" \/>\n<meta name=\"twitter:card\" content=\"summary_large_image\" \/>\n<meta name=\"twitter:label1\" content=\"Est. reading time\" \/>\n\t<meta name=\"twitter:data1\" content=\"3 minut\u0117s\" \/>\n<script type=\"application\/ld+json\" class=\"yoast-schema-graph\">{\"@context\":\"https:\/\/schema.org\",\"@graph\":[{\"@type\":\"WebPage\",\"@id\":\"https:\/\/www.elementvape.de\/produkt\/double-apple-elf-shisha-16000-16000-puffs-der-zollfreie-vape-fuer-den-klassischen-apfelgeschmack\/\",\"url\":\"https:\/\/www.elementvape.de\/produkt\/double-apple-elf-shisha-16000-16000-puffs-der-zollfreie-vape-fuer-den-klassischen-apfelgeschmack\/\",\"name\":\"Double Apple ELF SHISHA 16000 16000 Puffs Der zollfreie Vape f\u00fcr den klassischen Apfelgeschmack | ElementVape.de\",\"isPartOf\":{\"@id\":\"https:\/\/www.elementvape.de\/#website\"},\"primaryImageOfPage\":{\"@id\":\"https:\/\/www.elementvape.de\/produkt\/double-apple-elf-shisha-16000-16000-puffs-der-zollfreie-vape-fuer-den-klassischen-apfelgeschmack\/#primaryimage\"},\"image\":{\"@id\":\"https:\/\/www.elementvape.de\/produkt\/double-apple-elf-shisha-16000-16000-puffs-der-zollfreie-vape-fuer-den-klassischen-apfelgeschmack\/#primaryimage\"},\"thumbnailUrl\":\"https:\/\/www.elementvape.de\/wp-content\/uploads\/2024\/08\/\u53cc\u82f9\u679c2220000.png\",\"datePublished\":\"2024-08-20T06:02:23+00:00\",\"dateModified\":\"2024-12-12T06:34:29+00:00\",\"description\":\"Wir bieten Double Apple ELF SHISHA 16000 16000 Puffs Der zollfreie Vape f\u00fcr den klassischen Apfelgeschmack , Elementvape.de akzeptieren Gro\u00df-und Einzelhandel Bestellungen.\",\"breadcrumb\":{\"@id\":\"https:\/\/www.elementvape.de\/produkt\/double-apple-elf-shisha-16000-16000-puffs-der-zollfreie-vape-fuer-den-klassischen-apfelgeschmack\/#breadcrumb\"},\"inLanguage\":\"lt-LT\",\"potentialAction\":[{\"@type\":\"ReadAction\",\"target\":[\"https:\/\/www.elementvape.de\/produkt\/double-apple-elf-shisha-16000-16000-puffs-der-zollfreie-vape-fuer-den-klassischen-apfelgeschmack\/\"]}]},{\"@type\":\"ImageObject\",\"inLanguage\":\"lt-LT\",\"@id\":\"https:\/\/www.elementvape.de\/produkt\/double-apple-elf-shisha-16000-16000-puffs-der-zollfreie-vape-fuer-den-klassischen-apfelgeschmack\/#primaryimage\",\"url\":\"https:\/\/www.elementvape.de\/wp-content\/uploads\/2024\/08\/\u53cc\u82f9\u679c2220000.png\",\"contentUrl\":\"https:\/\/www.elementvape.de\/wp-content\/uploads\/2024\/08\/\u53cc\u82f9\u679c2220000.png\",\"width\":1000,\"height\":1000,\"caption\":\"Double Apple\"},{\"@type\":\"BreadcrumbList\",\"@id\":\"https:\/\/www.elementvape.de\/produkt\/double-apple-elf-shisha-16000-16000-puffs-der-zollfreie-vape-fuer-den-klassischen-apfelgeschmack\/#breadcrumb\",\"itemListElement\":[{\"@type\":\"ListItem\",\"position\":1,\"name\":\"Home\",\"item\":\"https:\/\/www.elementvape.de\/\"},{\"@type\":\"ListItem\",\"position\":2,\"name\":\"Shop\",\"item\":\"https:\/\/www.elementvape.de\/shop\/\"},{\"@type\":\"ListItem\",\"position\":3,\"name\":\"Double Apple ELF SHISHA 16000 16000 Puffs Der zollfreie Vape f\u00fcr den klassischen Apfelgeschmack\"}]},{\"@type\":\"WebSite\",\"@id\":\"https:\/\/www.elementvape.de\/#website\",\"url\":\"https:\/\/www.elementvape.de\/\",\"name\":\"ElementVape.de\",\"description\":\"\",\"publisher\":{\"@id\":\"https:\/\/www.elementvape.de\/#organization\"},\"potentialAction\":[{\"@type\":\"SearchAction\",\"target\":{\"@type\":\"EntryPoint\",\"urlTemplate\":\"https:\/\/www.elementvape.de\/?s={search_term_string}\"},\"query-input\":\"required name=search_term_string\"}],\"inLanguage\":\"lt-LT\"},{\"@type\":\"Organization\",\"@id\":\"https:\/\/www.elementvape.de\/#organization\",\"name\":\"ElementVape.DE\",\"url\":\"https:\/\/www.elementvape.de\/\",\"logo\":{\"@type\":\"ImageObject\",\"inLanguage\":\"lt-LT\",\"@id\":\"https:\/\/www.elementvape.de\/#\/schema\/logo\/image\/\",\"url\":\"https:\/\/www.elementvape.de\/wp-content\/uploads\/2024\/09\/cropped-1elementvape-3.png\",\"contentUrl\":\"https:\/\/www.elementvape.de\/wp-content\/uploads\/2024\/09\/cropped-1elementvape-3.png\",\"width\":285,\"height\":228,\"caption\":\"ElementVape.DE\"},\"image\":{\"@id\":\"https:\/\/www.elementvape.de\/#\/schema\/logo\/image\/\"}}]}<\/script>\n<!-- \/ Yoast SEO plugin. -->","yoast_head_json":{"title":"Double Apple ELF SHISHA 16000 16000 Puffs Der zollfreie Vape f\u00fcr den klassischen Apfelgeschmack | ElementVape.de","description":"Wir bieten Double Apple ELF SHISHA 16000 16000 Puffs Der zollfreie Vape f\u00fcr den klassischen Apfelgeschmack , Elementvape.de akzeptieren Gro\u00df-und Einzelhandel Bestellungen.","robots":{"index":"index","follow":"follow","max-snippet":"max-snippet:-1","max-image-preview":"max-image-preview:large","max-video-preview":"max-video-preview:-1"},"canonical":"https:\/\/www.elementvape.de\/lt\/produkt\/double-apple-elf-shisha-16000-16000-puffs-der-zollfreie-vape-fuer-den-klassischen-apfelgeschmack\/","og_locale":"lt_LT","og_type":"article","og_title":"Double Apple ELF SHISHA 16000 16000 Puffs Der zollfreie Vape f\u00fcr den klassischen Apfelgeschmack | ElementVape.de","og_description":"Wir bieten Double Apple ELF SHISHA 16000 16000 Puffs Der zollfreie Vape f\u00fcr den klassischen Apfelgeschmack , Elementvape.de akzeptieren Gro\u00df-und Einzelhandel Bestellungen.","og_url":"https:\/\/www.elementvape.de\/lt\/produkt\/double-apple-elf-shisha-16000-16000-puffs-der-zollfreie-vape-fuer-den-klassischen-apfelgeschmack\/","og_site_name":"ElementVape.de","article_modified_time":"2024-12-12T06:34:29+00:00","og_image":[{"width":1000,"height":1000,"url":"https:\/\/www.elementvape.de\/wp-content\/uploads\/2024\/08\/\u53cc\u82f9\u679c2220000.png","type":"image\/png"}],"twitter_card":"summary_large_image","twitter_misc":{"Est. reading time":"3 minut\u0117s"},"schema":{"@context":"https:\/\/schema.org","@graph":[{"@type":"WebPage","@id":"https:\/\/www.elementvape.de\/produkt\/double-apple-elf-shisha-16000-16000-puffs-der-zollfreie-vape-fuer-den-klassischen-apfelgeschmack\/","url":"https:\/\/www.elementvape.de\/produkt\/double-apple-elf-shisha-16000-16000-puffs-der-zollfreie-vape-fuer-den-klassischen-apfelgeschmack\/","name":"Double Apple ELF SHISHA 16000 16000 Puffs Der zollfreie Vape f\u00fcr den klassischen Apfelgeschmack | ElementVape.de","isPartOf":{"@id":"https:\/\/www.elementvape.de\/#website"},"primaryImageOfPage":{"@id":"https:\/\/www.elementvape.de\/produkt\/double-apple-elf-shisha-16000-16000-puffs-der-zollfreie-vape-fuer-den-klassischen-apfelgeschmack\/#primaryimage"},"image":{"@id":"https:\/\/www.elementvape.de\/produkt\/double-apple-elf-shisha-16000-16000-puffs-der-zollfreie-vape-fuer-den-klassischen-apfelgeschmack\/#primaryimage"},"thumbnailUrl":"https:\/\/www.elementvape.de\/wp-content\/uploads\/2024\/08\/\u53cc\u82f9\u679c2220000.png","datePublished":"2024-08-20T06:02:23+00:00","dateModified":"2024-12-12T06:34:29+00:00","description":"Wir bieten Double Apple ELF SHISHA 16000 16000 Puffs Der zollfreie Vape f\u00fcr den klassischen Apfelgeschmack , Elementvape.de akzeptieren Gro\u00df-und Einzelhandel Bestellungen.","breadcrumb":{"@id":"https:\/\/www.elementvape.de\/produkt\/double-apple-elf-shisha-16000-16000-puffs-der-zollfreie-vape-fuer-den-klassischen-apfelgeschmack\/#breadcrumb"},"inLanguage":"lt-LT","potentialAction":[{"@type":"ReadAction","target":["https:\/\/www.elementvape.de\/produkt\/double-apple-elf-shisha-16000-16000-puffs-der-zollfreie-vape-fuer-den-klassischen-apfelgeschmack\/"]}]},{"@type":"ImageObject","inLanguage":"lt-LT","@id":"https:\/\/www.elementvape.de\/produkt\/double-apple-elf-shisha-16000-16000-puffs-der-zollfreie-vape-fuer-den-klassischen-apfelgeschmack\/#primaryimage","url":"https:\/\/www.elementvape.de\/wp-content\/uploads\/2024\/08\/\u53cc\u82f9\u679c2220000.png","contentUrl":"https:\/\/www.elementvape.de\/wp-content\/uploads\/2024\/08\/\u53cc\u82f9\u679c2220000.png","width":1000,"height":1000,"caption":"Double Apple"},{"@type":"BreadcrumbList","@id":"https:\/\/www.elementvape.de\/produkt\/double-apple-elf-shisha-16000-16000-puffs-der-zollfreie-vape-fuer-den-klassischen-apfelgeschmack\/#breadcrumb","itemListElement":[{"@type":"ListItem","position":1,"name":"Home","item":"https:\/\/www.elementvape.de\/"},{"@type":"ListItem","position":2,"name":"Shop","item":"https:\/\/www.elementvape.de\/shop\/"},{"@type":"ListItem","position":3,"name":"Double Apple ELF SHISHA 16000 16000 Puffs Der zollfreie Vape f\u00fcr den klassischen Apfelgeschmack"}]},{"@type":"WebSite","@id":"https:\/\/www.elementvape.de\/#website","url":"https:\/\/www.elementvape.de\/","name":"ElementVape.de","description":"","publisher":{"@id":"https:\/\/www.elementvape.de\/#organization"},"potentialAction":[{"@type":"SearchAction","target":{"@type":"EntryPoint","urlTemplate":"https:\/\/www.elementvape.de\/?s={search_term_string}"},"query-input":"required name=search_term_string"}],"inLanguage":"lt-LT"},{"@type":"Organization","@id":"https:\/\/www.elementvape.de\/#organization","name":"ElementVape.DE","url":"https:\/\/www.elementvape.de\/","logo":{"@type":"ImageObject","inLanguage":"lt-LT","@id":"https:\/\/www.elementvape.de\/#\/schema\/logo\/image\/","url":"https:\/\/www.elementvape.de\/wp-content\/uploads\/2024\/09\/cropped-1elementvape-3.png","contentUrl":"https:\/\/www.elementvape.de\/wp-content\/uploads\/2024\/09\/cropped-1elementvape-3.png","width":285,"height":228,"caption":"ElementVape.DE"},"image":{"@id":"https:\/\/www.elementvape.de\/#\/schema\/logo\/image\/"}}]}},"_links":{"self":[{"href":"https:\/\/www.elementvape.de\/lt\/wp-json\/wp\/v2\/product\/13876"}],"collection":[{"href":"https:\/\/www.elementvape.de\/lt\/wp-json\/wp\/v2\/product"}],"about":[{"href":"https:\/\/www.elementvape.de\/lt\/wp-json\/wp\/v2\/types\/product"}],"wp:featuredmedia":[{"embeddable":true,"href":"https:\/\/www.elementvape.de\/lt\/wp-json\/wp\/v2\/media\/13877"}],"wp:attachment":[{"href":"https:\/\/www.elementvape.de\/lt\/wp-json\/wp\/v2\/media?parent=13876"}],"wp:term":[{"taxonomy":"product_cat","embeddable":true,"href":"https:\/\/www.elementvape.de\/lt\/wp-json\/wp\/v2\/product_cat?post=13876"},{"taxonomy":"product_tag","embeddable":true,"href":"https:\/\/www.elementvape.de\/lt\/wp-json\/wp\/v2\/product_tag?post=13876"}],"curies":[{"name":"wp","href":"https:\/\/api.w.org\/{rel}","templated":true}]}}