{"id":13857,"date":"2024-08-19T06:52:33","date_gmt":"2024-08-19T06:52:33","guid":{"rendered":"https:\/\/www.elementvape.de\/?post_type=product&#038;p=13857"},"modified":"2024-12-12T06:34:38","modified_gmt":"2024-12-12T06:34:38","slug":"double-apple-elf-box-rgb14000-pro-vape-der-zollfreie-genuss-fuer-doppelte-fruchtfreude","status":"publish","type":"product","link":"https:\/\/www.elementvape.de\/lt\/produkt\/double-apple-elf-box-rgb14000-pro-vape-der-zollfreie-genuss-fuer-doppelte-fruchtfreude\/","title":{"rendered":"Double Apple ELF BOX RGB14000 pro Vape bemuitis malonumas dvigubam vaisi\u0173 malonumui"},"content":{"rendered":"<h2><strong>ELF BOX RGB14000 \u2013 Double Apple Vape dvigubai vaisi\u0173 d\u017eiaugsmo<\/strong><\/h2>\n<p>Patirkite su ELF BOX RGB14000 gaivinant\u012f Double Apple malonum\u0105. \u0160is vape \u012frenginys si\u016blo 14 000 \u012fkv\u0117pim\u0173 dvigubo vaisi\u0173 d\u017eiaugsmo ir u\u017etikrina intensyv\u0173 garavimo patirt\u012f, kuri jus su\u017eav\u0117s.<\/p>\n<p>M\u0117gaukit\u0117s be muit\u0173 Double Apple skonio su ELF BOX RGB14000. Su 14 000 \u012fkv\u0117pim\u0173 talpa ir stilingomis funkcijomis \u0161is \u012frenginys yra idealus tiems, kurie nori patirti dvigub\u0105 vaisi\u0173 d\u017eiaugsm\u0105.<\/p>\n<table>\n<thead>\n<tr>\n<th><strong>Savyb\u0117<\/strong><\/th>\n<th><strong>Duomenys<\/strong><\/th>\n<\/tr>\n<\/thead>\n<tbody>\n<tr>\n<td>R\u016bkali\u0173<\/td>\n<td>14 000 \u012fkv\u0117pim\u0173<\/td>\n<\/tr>\n<tr>\n<td>\u0160erdis<\/td>\n<td>Tinklelio rit\u0117, 1,0 Ohmo<\/td>\n<\/tr>\n<tr>\n<td>E-liquidas<\/td>\n<td>25 ml<\/td>\n<\/tr>\n<tr>\n<td>Nikotino stiprumai<\/td>\n<td>0%, 2%, 3%, 5%<\/td>\n<\/tr>\n<tr>\n<td>Baterija<\/td>\n<td>18250, 600mAh<\/td>\n<\/tr>\n<tr>\n<td>\u012ekraunamas<\/td>\n<td>Type-C<\/td>\n<\/tr>\n<tr>\n<td>Ekranas<\/td>\n<td>LED ekranas<\/td>\n<\/tr>\n<tr>\n<td>Ap\u0161vietimas<\/td>\n<td>RGB \u0161viesa + spalvotas lanyardas<\/td>\n<\/tr>\n<tr>\n<td>Svoris<\/td>\n<td>105 g<\/td>\n<\/tr>\n<tr>\n<td>Dydis<\/td>\n<td>35 x 36 x 133,5 mm<\/td>\n<\/tr>\n<\/tbody>\n<\/table>\n<h3><strong>Double Apple D\u017eiaugsmas \u2013 ELF BOX RGB14000 dvigubam vaisi\u0173 malonumui<\/strong><\/h3>\n<p>ELF BOX RGB14000 si\u016blo jums su savo Double Apple skoniu vaising\u0105 garavimo patirt\u012f i\u0161skirtin\u0117je kokyb\u0117je. Patirkite 14 000 be muit\u0173 \u012fkv\u0117pim\u0173 ir dvigub\u0105 vaisi\u0173 d\u017eiaugsm\u0105 su modernia technologija ir patraukliu dizainu.<\/p>","protected":false},"excerpt":{"rendered":"<p>ELF BOX RGB14000 \u2013 Double Apple Vape f\u00fcr doppelte Fruchtfreude Erleben Sie mit der ELF BOX RGB14000 den erfrischenden Genuss von Double Apple. Dieses Vape-Ger\u00e4t bietet Ihnen 14.000 Z\u00fcge doppelter Fruchtfreude und sorgt f\u00fcr ein intensives Dampferlebnis, das Sie begeistern wird. Genie\u00dfen Sie den zollfreien Geschmack von Double Apple mit der ELF BOX RGB14000. Mit [&hellip;]<\/p>","protected":false},"featured_media":13858,"template":"","meta":{"inline_featured_image":false},"product_cat":[15,78,747,740,734,753,718,732],"product_tag":[710,674],"tiered_pricing_type":"fixed","tiered_pricing_fixed_rules":{"110":"7.95","200":"7.06","500":"6.18"},"tiered_pricing_percentage_rules":[],"tiered_pricing_minimum":1,"_administrator_tiered_pricing_type":"fixed","_administrator_tiered_pricing_fixed_rules":[],"_editor_tiered_pricing_type":"fixed","_editor_tiered_pricing_fixed_rules":[],"_author_tiered_pricing_type":"fixed","_author_tiered_pricing_fixed_rules":[],"_contributor_tiered_pricing_type":"fixed","_contributor_tiered_pricing_fixed_rules":[],"_subscriber_tiered_pricing_type":"fixed","_subscriber_tiered_pricing_fixed_rules":[],"_customer_tiered_pricing_type":"fixed","_customer_tiered_pricing_fixed_rules":[],"_shop_manager_tiered_pricing_type":"fixed","_shop_manager_tiered_pricing_fixed_rules":[],"_wpseo_manager_tiered_pricing_type":"fixed","_wpseo_manager_tiered_pricing_fixed_rules":[],"_wpseo_editor_tiered_pricing_type":"fixed","_wpseo_editor_tiered_pricing_fixed_rules":[],"_wholesale_customer_tiered_pricing_type":"fixed","_wholesale_customer_tiered_pricing_fixed_rules":[],"_marketer_tiered_pricing_type":"fixed","_marketer_tiered_pricing_fixed_rules":[],"_sales_manager_tiered_pricing_type":"fixed","_sales_manager_tiered_pricing_fixed_rules":[],"_sales_rep_tiered_pricing_type":"fixed","_sales_rep_tiered_pricing_fixed_rules":[],"yoast_head":"<!-- This site is optimized with the Yoast SEO plugin v23.3 - https:\/\/yoast.com\/wordpress\/plugins\/seo\/ -->\n<title>Double Apple ELF BOX RGB14000 pro Vape der zollfreie Genuss f\u00fcr doppelte Fruchtfreude | ElementVape.de<\/title>\n<meta name=\"description\" content=\"Wir bieten Double Apple ELF BOX RGB14000 pro Vape der zollfreie Genuss f\u00fcr doppelte Fruchtfreude , Elementvape.de akzeptieren Gro\u00df-und Einzelhandel Bestellungen.\" \/>\n<meta name=\"robots\" content=\"index, follow, max-snippet:-1, max-image-preview:large, max-video-preview:-1\" \/>\n<link rel=\"canonical\" href=\"https:\/\/www.elementvape.de\/lt\/produkt\/double-apple-elf-box-rgb14000-pro-vape-der-zollfreie-genuss-fuer-doppelte-fruchtfreude\/\" \/>\n<meta property=\"og:locale\" content=\"lt_LT\" \/>\n<meta property=\"og:type\" content=\"article\" \/>\n<meta property=\"og:title\" content=\"Double Apple ELF BOX RGB14000 pro Vape der zollfreie Genuss f\u00fcr doppelte Fruchtfreude | ElementVape.de\" \/>\n<meta property=\"og:description\" content=\"Wir bieten Double Apple ELF BOX RGB14000 pro Vape der zollfreie Genuss f\u00fcr doppelte Fruchtfreude , Elementvape.de akzeptieren Gro\u00df-und Einzelhandel Bestellungen.\" \/>\n<meta property=\"og:url\" content=\"https:\/\/www.elementvape.de\/lt\/produkt\/double-apple-elf-box-rgb14000-pro-vape-der-zollfreie-genuss-fuer-doppelte-fruchtfreude\/\" \/>\n<meta property=\"og:site_name\" content=\"ElementVape.de\" \/>\n<meta property=\"article:modified_time\" content=\"2024-12-12T06:34:38+00:00\" \/>\n<meta property=\"og:image\" content=\"https:\/\/www.elementvape.de\/wp-content\/uploads\/2024\/08\/\u53cc\u82f9\u679c0000.png\" \/>\n\t<meta property=\"og:image:width\" content=\"1000\" \/>\n\t<meta property=\"og:image:height\" content=\"1000\" \/>\n\t<meta property=\"og:image:type\" content=\"image\/png\" \/>\n<meta name=\"twitter:card\" content=\"summary_large_image\" \/>\n<meta name=\"twitter:label1\" content=\"Est. reading time\" \/>\n\t<meta name=\"twitter:data1\" content=\"2 minut\u0117s\" \/>\n<script type=\"application\/ld+json\" class=\"yoast-schema-graph\">{\"@context\":\"https:\/\/schema.org\",\"@graph\":[{\"@type\":\"WebPage\",\"@id\":\"https:\/\/www.elementvape.de\/en\/produkt\/double-apple-elf-box-rgb14000-pro-vape-der-zollfreie-genuss-fuer-doppelte-fruchtfreude\/\",\"url\":\"https:\/\/www.elementvape.de\/en\/produkt\/double-apple-elf-box-rgb14000-pro-vape-der-zollfreie-genuss-fuer-doppelte-fruchtfreude\/\",\"name\":\"Double Apple ELF BOX RGB14000 pro Vape der zollfreie Genuss f\u00fcr doppelte Fruchtfreude | ElementVape.de\",\"isPartOf\":{\"@id\":\"https:\/\/www.elementvape.de\/#website\"},\"primaryImageOfPage\":{\"@id\":\"https:\/\/www.elementvape.de\/en\/produkt\/double-apple-elf-box-rgb14000-pro-vape-der-zollfreie-genuss-fuer-doppelte-fruchtfreude\/#primaryimage\"},\"image\":{\"@id\":\"https:\/\/www.elementvape.de\/en\/produkt\/double-apple-elf-box-rgb14000-pro-vape-der-zollfreie-genuss-fuer-doppelte-fruchtfreude\/#primaryimage\"},\"thumbnailUrl\":\"https:\/\/www.elementvape.de\/wp-content\/uploads\/2024\/08\/\u53cc\u82f9\u679c0000.png\",\"datePublished\":\"2024-08-19T06:52:33+00:00\",\"dateModified\":\"2024-12-12T06:34:38+00:00\",\"description\":\"Wir bieten Double Apple ELF BOX RGB14000 pro Vape der zollfreie Genuss f\u00fcr doppelte Fruchtfreude , Elementvape.de akzeptieren Gro\u00df-und Einzelhandel Bestellungen.\",\"breadcrumb\":{\"@id\":\"https:\/\/www.elementvape.de\/en\/produkt\/double-apple-elf-box-rgb14000-pro-vape-der-zollfreie-genuss-fuer-doppelte-fruchtfreude\/#breadcrumb\"},\"inLanguage\":\"lt-LT\",\"potentialAction\":[{\"@type\":\"ReadAction\",\"target\":[\"https:\/\/www.elementvape.de\/en\/produkt\/double-apple-elf-box-rgb14000-pro-vape-der-zollfreie-genuss-fuer-doppelte-fruchtfreude\/\"]}]},{\"@type\":\"ImageObject\",\"inLanguage\":\"lt-LT\",\"@id\":\"https:\/\/www.elementvape.de\/en\/produkt\/double-apple-elf-box-rgb14000-pro-vape-der-zollfreie-genuss-fuer-doppelte-fruchtfreude\/#primaryimage\",\"url\":\"https:\/\/www.elementvape.de\/wp-content\/uploads\/2024\/08\/\u53cc\u82f9\u679c0000.png\",\"contentUrl\":\"https:\/\/www.elementvape.de\/wp-content\/uploads\/2024\/08\/\u53cc\u82f9\u679c0000.png\",\"width\":1000,\"height\":1000,\"caption\":\"Double Apple\"},{\"@type\":\"BreadcrumbList\",\"@id\":\"https:\/\/www.elementvape.de\/en\/produkt\/double-apple-elf-box-rgb14000-pro-vape-der-zollfreie-genuss-fuer-doppelte-fruchtfreude\/#breadcrumb\",\"itemListElement\":[{\"@type\":\"ListItem\",\"position\":1,\"name\":\"Home\",\"item\":\"https:\/\/www.elementvape.de\/\"},{\"@type\":\"ListItem\",\"position\":2,\"name\":\"Shop\",\"item\":\"https:\/\/www.elementvape.de\/shop\/\"},{\"@type\":\"ListItem\",\"position\":3,\"name\":\"Double Apple ELF BOX RGB14000 pro Vape der zollfreie Genuss f\u00fcr doppelte Fruchtfreude\"}]},{\"@type\":\"WebSite\",\"@id\":\"https:\/\/www.elementvape.de\/#website\",\"url\":\"https:\/\/www.elementvape.de\/\",\"name\":\"ElementVape.de\",\"description\":\"\",\"publisher\":{\"@id\":\"https:\/\/www.elementvape.de\/#organization\"},\"potentialAction\":[{\"@type\":\"SearchAction\",\"target\":{\"@type\":\"EntryPoint\",\"urlTemplate\":\"https:\/\/www.elementvape.de\/?s={search_term_string}\"},\"query-input\":\"required name=search_term_string\"}],\"inLanguage\":\"lt-LT\"},{\"@type\":\"Organization\",\"@id\":\"https:\/\/www.elementvape.de\/#organization\",\"name\":\"ElementVape.DE\",\"url\":\"https:\/\/www.elementvape.de\/\",\"logo\":{\"@type\":\"ImageObject\",\"inLanguage\":\"lt-LT\",\"@id\":\"https:\/\/www.elementvape.de\/#\/schema\/logo\/image\/\",\"url\":\"https:\/\/www.elementvape.de\/wp-content\/uploads\/2024\/09\/cropped-1elementvape-3.png\",\"contentUrl\":\"https:\/\/www.elementvape.de\/wp-content\/uploads\/2024\/09\/cropped-1elementvape-3.png\",\"width\":285,\"height\":228,\"caption\":\"ElementVape.DE\"},\"image\":{\"@id\":\"https:\/\/www.elementvape.de\/#\/schema\/logo\/image\/\"}}]}<\/script>\n<!-- \/ Yoast SEO plugin. -->","yoast_head_json":{"title":"Double Apple ELF BOX RGB14000 pro Vape der zollfreie Genuss f\u00fcr doppelte Fruchtfreude | ElementVape.de","description":"Wir bieten Double Apple ELF BOX RGB14000 pro Vape der zollfreie Genuss f\u00fcr doppelte Fruchtfreude , Elementvape.de akzeptieren Gro\u00df-und Einzelhandel Bestellungen.","robots":{"index":"index","follow":"follow","max-snippet":"max-snippet:-1","max-image-preview":"max-image-preview:large","max-video-preview":"max-video-preview:-1"},"canonical":"https:\/\/www.elementvape.de\/lt\/produkt\/double-apple-elf-box-rgb14000-pro-vape-der-zollfreie-genuss-fuer-doppelte-fruchtfreude\/","og_locale":"lt_LT","og_type":"article","og_title":"Double Apple ELF BOX RGB14000 pro Vape der zollfreie Genuss f\u00fcr doppelte Fruchtfreude | ElementVape.de","og_description":"Wir bieten Double Apple ELF BOX RGB14000 pro Vape der zollfreie Genuss f\u00fcr doppelte Fruchtfreude , Elementvape.de akzeptieren Gro\u00df-und Einzelhandel Bestellungen.","og_url":"https:\/\/www.elementvape.de\/lt\/produkt\/double-apple-elf-box-rgb14000-pro-vape-der-zollfreie-genuss-fuer-doppelte-fruchtfreude\/","og_site_name":"ElementVape.de","article_modified_time":"2024-12-12T06:34:38+00:00","og_image":[{"width":1000,"height":1000,"url":"https:\/\/www.elementvape.de\/wp-content\/uploads\/2024\/08\/\u53cc\u82f9\u679c0000.png","type":"image\/png"}],"twitter_card":"summary_large_image","twitter_misc":{"Est. reading time":"2 minut\u0117s"},"schema":{"@context":"https:\/\/schema.org","@graph":[{"@type":"WebPage","@id":"https:\/\/www.elementvape.de\/en\/produkt\/double-apple-elf-box-rgb14000-pro-vape-der-zollfreie-genuss-fuer-doppelte-fruchtfreude\/","url":"https:\/\/www.elementvape.de\/en\/produkt\/double-apple-elf-box-rgb14000-pro-vape-der-zollfreie-genuss-fuer-doppelte-fruchtfreude\/","name":"Double Apple ELF BOX RGB14000 pro Vape der zollfreie Genuss f\u00fcr doppelte Fruchtfreude | ElementVape.de","isPartOf":{"@id":"https:\/\/www.elementvape.de\/#website"},"primaryImageOfPage":{"@id":"https:\/\/www.elementvape.de\/en\/produkt\/double-apple-elf-box-rgb14000-pro-vape-der-zollfreie-genuss-fuer-doppelte-fruchtfreude\/#primaryimage"},"image":{"@id":"https:\/\/www.elementvape.de\/en\/produkt\/double-apple-elf-box-rgb14000-pro-vape-der-zollfreie-genuss-fuer-doppelte-fruchtfreude\/#primaryimage"},"thumbnailUrl":"https:\/\/www.elementvape.de\/wp-content\/uploads\/2024\/08\/\u53cc\u82f9\u679c0000.png","datePublished":"2024-08-19T06:52:33+00:00","dateModified":"2024-12-12T06:34:38+00:00","description":"Wir bieten Double Apple ELF BOX RGB14000 pro Vape der zollfreie Genuss f\u00fcr doppelte Fruchtfreude , Elementvape.de akzeptieren Gro\u00df-und Einzelhandel Bestellungen.","breadcrumb":{"@id":"https:\/\/www.elementvape.de\/en\/produkt\/double-apple-elf-box-rgb14000-pro-vape-der-zollfreie-genuss-fuer-doppelte-fruchtfreude\/#breadcrumb"},"inLanguage":"lt-LT","potentialAction":[{"@type":"ReadAction","target":["https:\/\/www.elementvape.de\/en\/produkt\/double-apple-elf-box-rgb14000-pro-vape-der-zollfreie-genuss-fuer-doppelte-fruchtfreude\/"]}]},{"@type":"ImageObject","inLanguage":"lt-LT","@id":"https:\/\/www.elementvape.de\/en\/produkt\/double-apple-elf-box-rgb14000-pro-vape-der-zollfreie-genuss-fuer-doppelte-fruchtfreude\/#primaryimage","url":"https:\/\/www.elementvape.de\/wp-content\/uploads\/2024\/08\/\u53cc\u82f9\u679c0000.png","contentUrl":"https:\/\/www.elementvape.de\/wp-content\/uploads\/2024\/08\/\u53cc\u82f9\u679c0000.png","width":1000,"height":1000,"caption":"Double Apple"},{"@type":"BreadcrumbList","@id":"https:\/\/www.elementvape.de\/en\/produkt\/double-apple-elf-box-rgb14000-pro-vape-der-zollfreie-genuss-fuer-doppelte-fruchtfreude\/#breadcrumb","itemListElement":[{"@type":"ListItem","position":1,"name":"Home","item":"https:\/\/www.elementvape.de\/"},{"@type":"ListItem","position":2,"name":"Shop","item":"https:\/\/www.elementvape.de\/shop\/"},{"@type":"ListItem","position":3,"name":"Double Apple ELF BOX RGB14000 pro Vape der zollfreie Genuss f\u00fcr doppelte Fruchtfreude"}]},{"@type":"WebSite","@id":"https:\/\/www.elementvape.de\/#website","url":"https:\/\/www.elementvape.de\/","name":"ElementVape.de","description":"","publisher":{"@id":"https:\/\/www.elementvape.de\/#organization"},"potentialAction":[{"@type":"SearchAction","target":{"@type":"EntryPoint","urlTemplate":"https:\/\/www.elementvape.de\/?s={search_term_string}"},"query-input":"required name=search_term_string"}],"inLanguage":"lt-LT"},{"@type":"Organization","@id":"https:\/\/www.elementvape.de\/#organization","name":"ElementVape.DE","url":"https:\/\/www.elementvape.de\/","logo":{"@type":"ImageObject","inLanguage":"lt-LT","@id":"https:\/\/www.elementvape.de\/#\/schema\/logo\/image\/","url":"https:\/\/www.elementvape.de\/wp-content\/uploads\/2024\/09\/cropped-1elementvape-3.png","contentUrl":"https:\/\/www.elementvape.de\/wp-content\/uploads\/2024\/09\/cropped-1elementvape-3.png","width":285,"height":228,"caption":"ElementVape.DE"},"image":{"@id":"https:\/\/www.elementvape.de\/#\/schema\/logo\/image\/"}}]}},"_links":{"self":[{"href":"https:\/\/www.elementvape.de\/lt\/wp-json\/wp\/v2\/product\/13857"}],"collection":[{"href":"https:\/\/www.elementvape.de\/lt\/wp-json\/wp\/v2\/product"}],"about":[{"href":"https:\/\/www.elementvape.de\/lt\/wp-json\/wp\/v2\/types\/product"}],"wp:featuredmedia":[{"embeddable":true,"href":"https:\/\/www.elementvape.de\/lt\/wp-json\/wp\/v2\/media\/13858"}],"wp:attachment":[{"href":"https:\/\/www.elementvape.de\/lt\/wp-json\/wp\/v2\/media?parent=13857"}],"wp:term":[{"taxonomy":"product_cat","embeddable":true,"href":"https:\/\/www.elementvape.de\/lt\/wp-json\/wp\/v2\/product_cat?post=13857"},{"taxonomy":"product_tag","embeddable":true,"href":"https:\/\/www.elementvape.de\/lt\/wp-json\/wp\/v2\/product_tag?post=13857"}],"curies":[{"name":"wp","href":"https:\/\/api.w.org\/{rel}","templated":true}]}}