{"id":13821,"date":"2024-08-17T06:26:02","date_gmt":"2024-08-17T06:26:02","guid":{"rendered":"https:\/\/www.elementvape.de\/?post_type=product&#038;p=13821"},"modified":"2024-12-12T06:34:50","modified_gmt":"2024-12-12T06:34:50","slug":"verfuehrerische-erdbeerfrische-verstaerkt-durch-rgb-technologie-strawberry-ice-elf-box-rgb14000","status":"publish","type":"product","link":"https:\/\/www.elementvape.de\/lt\/produkt\/verfuehrerische-erdbeerfrische-verstaerkt-durch-rgb-technologie-strawberry-ice-elf-box-rgb14000\/","title":{"rendered":"Patraukli bra\u0161ki\u0173 \u0161vie\u017eumas sustiprintas RGB technologija Strawberry Ice ELF BOX RGB14000"},"content":{"rendered":"<table>\n<thead>\n<tr>\n<th><strong>Savyb\u0117<\/strong><\/th>\n<th><strong>Duomenys<\/strong><\/th>\n<\/tr>\n<\/thead>\n<tbody>\n<tr>\n<td>Skonis<\/td>\n<td>Bra\u0161k\u0117s ledas<\/td>\n<\/tr>\n<tr>\n<td>Paspaudim\u0173 skai\u010dius<\/td>\n<td>Iki 14 000 \u012fkv\u0117pim\u0173<\/td>\n<\/tr>\n<tr>\n<td>\u0160erdis<\/td>\n<td>Tinklelio rit\u0117: 1,0 Ohm<\/td>\n<\/tr>\n<tr>\n<td>E-liquido talpa<\/td>\n<td>25 ml<\/td>\n<\/tr>\n<tr>\n<td>N-Stiprumas<\/td>\n<td>2%, 5%<\/td>\n<\/tr>\n<tr>\n<td>Baterijos talpa<\/td>\n<td>18250\u2013600 mAh<\/td>\n<\/tr>\n<tr>\n<td>\u012ekrovimas<\/td>\n<td>\u012ekraunama per USB Tipo-C<\/td>\n<\/tr>\n<tr>\n<td>Ypatingos funkcijos<\/td>\n<td>RGB \u0161viesa, spalvinga \u017eirg\u0173 lenktyni\u0173 lempa, kaklo dir\u017eelis (Lanyard)<\/td>\n<\/tr>\n<tr>\n<td>Produkto dydis<\/td>\n<td>35 mm x 36 mm x 133,5 mm<\/td>\n<\/tr>\n<tr>\n<td>Produkto svoris<\/td>\n<td>100 g<\/td>\n<\/tr>\n<\/tbody>\n<\/table>\n<p>Ei, ar jau i\u0161band\u0117te Bra\u0161ki\u0173 led\u0173 ELF BOX RGB14000? Jei ne, pats laikas! \u0160is ma\u017eas stebuklas derina nepakei\u010diam\u0105 \u0161vie\u017ei\u0173 bra\u0161ki\u0173 skon\u012f su \u0161altu, gaiviu \u012fkrovimu. \u012esivaizduokite, kaip m\u0117gaujat\u0117s sald\u017eiu, vaisiniu subrendusios bra\u0161k\u0117s skoniu, kol gaivus \u0161al\u010dio poj\u016btis pa\u017eadina j\u016bs\u0173 poj\u016b\u010dius \u2013 tiesiog tobulas, ar ne?<\/p>\n<p>Bet tai dar ne viskas. ELF BOX RGB14000 ne tik skoniu yra puikus, bet ir techni\u0161kai yra tikras \u0161edevras. Su RGB \u0161viesos technologija j\u016bs\u0173 garinimo patirtis tampa vizualiniu spektakliu. \u012esivaizduokite, kaip kiekvieno \u012fkv\u0117pimo metu \u012frenginys \u0161vyti ry\u0161kiomis spalvomis \u2013 tai padaro <strong><a href=\"https:\/\/www.elementvape.de\/lt\/\">Garinim\u0105<\/a><\/strong> ne tik skoniu, bet ir vizualiniu \u012fsp\u016bd\u017eiu.<\/p>\n<p>O d\u0117l galios galite pasikliauti tinklelio rit\u0117s su 1,0 Ohmo, kuri sukuria tankius, vienodai pasklidusius debesis. Ir jei r\u016bpite, kad akumuliatorius ilgai nelaikys \u2013 nepanikuokite! 18250 baterija su 600 mAh lengvai i\u0161laikys jus vis\u0105 dien\u0105, o jei prireiks, j\u0105 greitai \u012fkrausite per USB Tipo-C jungt\u012f.<\/p>\n<p>Be to, ELF BOX yra labai patogus \u2013 sveria tik 100 g ir turi dyd\u012f, kuris puikiai tinka \u012f kiekvien\u0105 ki\u0161en\u0119. Pridedamas ir patogus ne\u0161iojimo dir\u017eelis, kad visada tur\u0117tum\u0117te savo \u012frengin\u012f su savimi, kur beb\u016btum\u0117te.<\/p>\n<p>Taigi, ko dar laukiate? Bra\u0161ki\u0173 led\u0173 ELF BOX RGB14000 yra j\u016bs\u0173 naujausias m\u0117gstamiausias draugas, kai kalbama apie skon\u012f, stili\u0173 ir gali\u0105. Leiskit\u0117s \u012f nepamir\u0161tam\u0105 bra\u0161ki\u0173 gaivumo ir \u0161aunios RGB technologijos nuotyk\u012f!<\/p>","protected":false},"excerpt":{"rendered":"<p>Eigenschaft Details Geschmack Strawberry Ice Zuganzahl Bis zu 14.000 Z\u00fcge Kern Mesh Coil: 1,0 Ohm E-Liquid-Kapazit\u00e4t 25 ml N-St\u00e4rke 2%, 5% Batteriekapazit\u00e4t 18250\u2013600 mAh Aufladung Wiederaufladbar via USB Typ-C Besondere Funktionen RGB-Licht, Bunte Pferderennen-Lampe, Trageband (Lanyard) Produktgr\u00f6\u00dfe 35 mm x 36 mm x 133,5 mm Produktgewicht 100 g Hey, hast du schon die Strawberry Ice [&hellip;]<\/p>","protected":false},"featured_media":13822,"template":"","meta":{"inline_featured_image":false},"product_cat":[15,78,747,740,734,753,718,732],"product_tag":[710,674],"tiered_pricing_type":"fixed","tiered_pricing_fixed_rules":{"110":"7.54","200":"6.68","500":"5.85"},"tiered_pricing_percentage_rules":[],"tiered_pricing_minimum":1,"_administrator_tiered_pricing_type":"fixed","_administrator_tiered_pricing_fixed_rules":[],"_editor_tiered_pricing_type":"fixed","_editor_tiered_pricing_fixed_rules":[],"_author_tiered_pricing_type":"fixed","_author_tiered_pricing_fixed_rules":[],"_contributor_tiered_pricing_type":"fixed","_contributor_tiered_pricing_fixed_rules":[],"_subscriber_tiered_pricing_type":"fixed","_subscriber_tiered_pricing_fixed_rules":[],"_customer_tiered_pricing_type":"fixed","_customer_tiered_pricing_fixed_rules":[],"_shop_manager_tiered_pricing_type":"fixed","_shop_manager_tiered_pricing_fixed_rules":[],"_wpseo_manager_tiered_pricing_type":"fixed","_wpseo_manager_tiered_pricing_fixed_rules":[],"_wpseo_editor_tiered_pricing_type":"fixed","_wpseo_editor_tiered_pricing_fixed_rules":[],"_wholesale_customer_tiered_pricing_type":"fixed","_wholesale_customer_tiered_pricing_fixed_rules":[],"_marketer_tiered_pricing_type":"fixed","_marketer_tiered_pricing_fixed_rules":[],"_sales_manager_tiered_pricing_type":"fixed","_sales_manager_tiered_pricing_fixed_rules":[],"_sales_rep_tiered_pricing_type":"fixed","_sales_rep_tiered_pricing_fixed_rules":[],"yoast_head":"<!-- This site is optimized with the Yoast SEO plugin v23.3 - https:\/\/yoast.com\/wordpress\/plugins\/seo\/ -->\n<title>Verf\u00fchrerische Erdbeerfrische verst\u00e4rkt durch RGB-Technologie Strawberry Ice ELF BOX RGB14000 | ElementVape.de<\/title>\n<meta name=\"description\" content=\"Wir bieten Verf\u00fchrerische Erdbeerfrische verst\u00e4rkt durch RGB-Technologie Strawberry Ice ELF BOX RGB14000 , Elementvape.de akzeptieren Gro\u00df-und Einzelhandel Bestellungen.\" \/>\n<meta name=\"robots\" content=\"index, follow, max-snippet:-1, max-image-preview:large, max-video-preview:-1\" \/>\n<link rel=\"canonical\" href=\"https:\/\/www.elementvape.de\/lt\/produkt\/verfuehrerische-erdbeerfrische-verstaerkt-durch-rgb-technologie-strawberry-ice-elf-box-rgb14000\/\" \/>\n<meta property=\"og:locale\" content=\"lt_LT\" \/>\n<meta property=\"og:type\" content=\"article\" \/>\n<meta property=\"og:title\" content=\"Verf\u00fchrerische Erdbeerfrische verst\u00e4rkt durch RGB-Technologie Strawberry Ice ELF BOX RGB14000 | ElementVape.de\" \/>\n<meta property=\"og:description\" content=\"Wir bieten Verf\u00fchrerische Erdbeerfrische verst\u00e4rkt durch RGB-Technologie Strawberry Ice ELF BOX RGB14000 , Elementvape.de akzeptieren Gro\u00df-und Einzelhandel Bestellungen.\" \/>\n<meta property=\"og:url\" content=\"https:\/\/www.elementvape.de\/lt\/produkt\/verfuehrerische-erdbeerfrische-verstaerkt-durch-rgb-technologie-strawberry-ice-elf-box-rgb14000\/\" \/>\n<meta property=\"og:site_name\" content=\"ElementVape.de\" \/>\n<meta property=\"article:modified_time\" content=\"2024-12-12T06:34:50+00:00\" \/>\n<meta property=\"og:image\" content=\"https:\/\/www.elementvape.de\/wp-content\/uploads\/2024\/08\/Strawberry-Ice_.png\" \/>\n\t<meta property=\"og:image:width\" content=\"1000\" \/>\n\t<meta property=\"og:image:height\" content=\"1000\" \/>\n\t<meta property=\"og:image:type\" content=\"image\/png\" \/>\n<meta name=\"twitter:card\" content=\"summary_large_image\" \/>\n<meta name=\"twitter:label1\" content=\"Est. reading time\" \/>\n\t<meta name=\"twitter:data1\" content=\"2 minut\u0117s\" \/>\n<script type=\"application\/ld+json\" class=\"yoast-schema-graph\">{\"@context\":\"https:\/\/schema.org\",\"@graph\":[{\"@type\":\"WebPage\",\"@id\":\"https:\/\/www.elementvape.de\/produkt\/verfuehrerische-erdbeerfrische-verstaerkt-durch-rgb-technologie-strawberry-ice-elf-box-rgb14000\/\",\"url\":\"https:\/\/www.elementvape.de\/produkt\/verfuehrerische-erdbeerfrische-verstaerkt-durch-rgb-technologie-strawberry-ice-elf-box-rgb14000\/\",\"name\":\"Verf\u00fchrerische Erdbeerfrische verst\u00e4rkt durch RGB-Technologie Strawberry Ice ELF BOX RGB14000 | ElementVape.de\",\"isPartOf\":{\"@id\":\"https:\/\/www.elementvape.de\/#website\"},\"primaryImageOfPage\":{\"@id\":\"https:\/\/www.elementvape.de\/produkt\/verfuehrerische-erdbeerfrische-verstaerkt-durch-rgb-technologie-strawberry-ice-elf-box-rgb14000\/#primaryimage\"},\"image\":{\"@id\":\"https:\/\/www.elementvape.de\/produkt\/verfuehrerische-erdbeerfrische-verstaerkt-durch-rgb-technologie-strawberry-ice-elf-box-rgb14000\/#primaryimage\"},\"thumbnailUrl\":\"https:\/\/www.elementvape.de\/wp-content\/uploads\/2024\/08\/Strawberry-Ice_.png\",\"datePublished\":\"2024-08-17T06:26:02+00:00\",\"dateModified\":\"2024-12-12T06:34:50+00:00\",\"description\":\"Wir bieten Verf\u00fchrerische Erdbeerfrische verst\u00e4rkt durch RGB-Technologie Strawberry Ice ELF BOX RGB14000 , Elementvape.de akzeptieren Gro\u00df-und Einzelhandel Bestellungen.\",\"breadcrumb\":{\"@id\":\"https:\/\/www.elementvape.de\/produkt\/verfuehrerische-erdbeerfrische-verstaerkt-durch-rgb-technologie-strawberry-ice-elf-box-rgb14000\/#breadcrumb\"},\"inLanguage\":\"lt-LT\",\"potentialAction\":[{\"@type\":\"ReadAction\",\"target\":[\"https:\/\/www.elementvape.de\/produkt\/verfuehrerische-erdbeerfrische-verstaerkt-durch-rgb-technologie-strawberry-ice-elf-box-rgb14000\/\"]}]},{\"@type\":\"ImageObject\",\"inLanguage\":\"lt-LT\",\"@id\":\"https:\/\/www.elementvape.de\/produkt\/verfuehrerische-erdbeerfrische-verstaerkt-durch-rgb-technologie-strawberry-ice-elf-box-rgb14000\/#primaryimage\",\"url\":\"https:\/\/www.elementvape.de\/wp-content\/uploads\/2024\/08\/Strawberry-Ice_.png\",\"contentUrl\":\"https:\/\/www.elementvape.de\/wp-content\/uploads\/2024\/08\/Strawberry-Ice_.png\",\"width\":1000,\"height\":1000,\"caption\":\"Strawberry Ice\"},{\"@type\":\"BreadcrumbList\",\"@id\":\"https:\/\/www.elementvape.de\/produkt\/verfuehrerische-erdbeerfrische-verstaerkt-durch-rgb-technologie-strawberry-ice-elf-box-rgb14000\/#breadcrumb\",\"itemListElement\":[{\"@type\":\"ListItem\",\"position\":1,\"name\":\"Home\",\"item\":\"https:\/\/www.elementvape.de\/\"},{\"@type\":\"ListItem\",\"position\":2,\"name\":\"Shop\",\"item\":\"https:\/\/www.elementvape.de\/shop\/\"},{\"@type\":\"ListItem\",\"position\":3,\"name\":\"Verf\u00fchrerische Erdbeerfrische verst\u00e4rkt durch RGB-Technologie Strawberry Ice ELF BOX RGB14000\"}]},{\"@type\":\"WebSite\",\"@id\":\"https:\/\/www.elementvape.de\/#website\",\"url\":\"https:\/\/www.elementvape.de\/\",\"name\":\"ElementVape.de\",\"description\":\"\",\"publisher\":{\"@id\":\"https:\/\/www.elementvape.de\/#organization\"},\"potentialAction\":[{\"@type\":\"SearchAction\",\"target\":{\"@type\":\"EntryPoint\",\"urlTemplate\":\"https:\/\/www.elementvape.de\/?s={search_term_string}\"},\"query-input\":\"required name=search_term_string\"}],\"inLanguage\":\"lt-LT\"},{\"@type\":\"Organization\",\"@id\":\"https:\/\/www.elementvape.de\/#organization\",\"name\":\"ElementVape.DE\",\"url\":\"https:\/\/www.elementvape.de\/\",\"logo\":{\"@type\":\"ImageObject\",\"inLanguage\":\"lt-LT\",\"@id\":\"https:\/\/www.elementvape.de\/#\/schema\/logo\/image\/\",\"url\":\"https:\/\/www.elementvape.de\/wp-content\/uploads\/2024\/09\/cropped-1elementvape-3.png\",\"contentUrl\":\"https:\/\/www.elementvape.de\/wp-content\/uploads\/2024\/09\/cropped-1elementvape-3.png\",\"width\":285,\"height\":228,\"caption\":\"ElementVape.DE\"},\"image\":{\"@id\":\"https:\/\/www.elementvape.de\/#\/schema\/logo\/image\/\"}}]}<\/script>\n<!-- \/ Yoast SEO plugin. -->","yoast_head_json":{"title":"Verf\u00fchrerische Erdbeerfrische verst\u00e4rkt durch RGB-Technologie Strawberry Ice ELF BOX RGB14000 | ElementVape.de","description":"Wir bieten Verf\u00fchrerische Erdbeerfrische verst\u00e4rkt durch RGB-Technologie Strawberry Ice ELF BOX RGB14000 , Elementvape.de akzeptieren Gro\u00df-und Einzelhandel Bestellungen.","robots":{"index":"index","follow":"follow","max-snippet":"max-snippet:-1","max-image-preview":"max-image-preview:large","max-video-preview":"max-video-preview:-1"},"canonical":"https:\/\/www.elementvape.de\/lt\/produkt\/verfuehrerische-erdbeerfrische-verstaerkt-durch-rgb-technologie-strawberry-ice-elf-box-rgb14000\/","og_locale":"lt_LT","og_type":"article","og_title":"Verf\u00fchrerische Erdbeerfrische verst\u00e4rkt durch RGB-Technologie Strawberry Ice ELF BOX RGB14000 | ElementVape.de","og_description":"Wir bieten Verf\u00fchrerische Erdbeerfrische verst\u00e4rkt durch RGB-Technologie Strawberry Ice ELF BOX RGB14000 , Elementvape.de akzeptieren Gro\u00df-und Einzelhandel Bestellungen.","og_url":"https:\/\/www.elementvape.de\/lt\/produkt\/verfuehrerische-erdbeerfrische-verstaerkt-durch-rgb-technologie-strawberry-ice-elf-box-rgb14000\/","og_site_name":"ElementVape.de","article_modified_time":"2024-12-12T06:34:50+00:00","og_image":[{"width":1000,"height":1000,"url":"https:\/\/www.elementvape.de\/wp-content\/uploads\/2024\/08\/Strawberry-Ice_.png","type":"image\/png"}],"twitter_card":"summary_large_image","twitter_misc":{"Est. reading time":"2 minut\u0117s"},"schema":{"@context":"https:\/\/schema.org","@graph":[{"@type":"WebPage","@id":"https:\/\/www.elementvape.de\/produkt\/verfuehrerische-erdbeerfrische-verstaerkt-durch-rgb-technologie-strawberry-ice-elf-box-rgb14000\/","url":"https:\/\/www.elementvape.de\/produkt\/verfuehrerische-erdbeerfrische-verstaerkt-durch-rgb-technologie-strawberry-ice-elf-box-rgb14000\/","name":"Verf\u00fchrerische Erdbeerfrische verst\u00e4rkt durch RGB-Technologie Strawberry Ice ELF BOX RGB14000 | ElementVape.de","isPartOf":{"@id":"https:\/\/www.elementvape.de\/#website"},"primaryImageOfPage":{"@id":"https:\/\/www.elementvape.de\/produkt\/verfuehrerische-erdbeerfrische-verstaerkt-durch-rgb-technologie-strawberry-ice-elf-box-rgb14000\/#primaryimage"},"image":{"@id":"https:\/\/www.elementvape.de\/produkt\/verfuehrerische-erdbeerfrische-verstaerkt-durch-rgb-technologie-strawberry-ice-elf-box-rgb14000\/#primaryimage"},"thumbnailUrl":"https:\/\/www.elementvape.de\/wp-content\/uploads\/2024\/08\/Strawberry-Ice_.png","datePublished":"2024-08-17T06:26:02+00:00","dateModified":"2024-12-12T06:34:50+00:00","description":"Wir bieten Verf\u00fchrerische Erdbeerfrische verst\u00e4rkt durch RGB-Technologie Strawberry Ice ELF BOX RGB14000 , Elementvape.de akzeptieren Gro\u00df-und Einzelhandel Bestellungen.","breadcrumb":{"@id":"https:\/\/www.elementvape.de\/produkt\/verfuehrerische-erdbeerfrische-verstaerkt-durch-rgb-technologie-strawberry-ice-elf-box-rgb14000\/#breadcrumb"},"inLanguage":"lt-LT","potentialAction":[{"@type":"ReadAction","target":["https:\/\/www.elementvape.de\/produkt\/verfuehrerische-erdbeerfrische-verstaerkt-durch-rgb-technologie-strawberry-ice-elf-box-rgb14000\/"]}]},{"@type":"ImageObject","inLanguage":"lt-LT","@id":"https:\/\/www.elementvape.de\/produkt\/verfuehrerische-erdbeerfrische-verstaerkt-durch-rgb-technologie-strawberry-ice-elf-box-rgb14000\/#primaryimage","url":"https:\/\/www.elementvape.de\/wp-content\/uploads\/2024\/08\/Strawberry-Ice_.png","contentUrl":"https:\/\/www.elementvape.de\/wp-content\/uploads\/2024\/08\/Strawberry-Ice_.png","width":1000,"height":1000,"caption":"Strawberry Ice"},{"@type":"BreadcrumbList","@id":"https:\/\/www.elementvape.de\/produkt\/verfuehrerische-erdbeerfrische-verstaerkt-durch-rgb-technologie-strawberry-ice-elf-box-rgb14000\/#breadcrumb","itemListElement":[{"@type":"ListItem","position":1,"name":"Home","item":"https:\/\/www.elementvape.de\/"},{"@type":"ListItem","position":2,"name":"Shop","item":"https:\/\/www.elementvape.de\/shop\/"},{"@type":"ListItem","position":3,"name":"Verf\u00fchrerische Erdbeerfrische verst\u00e4rkt durch RGB-Technologie Strawberry Ice ELF BOX RGB14000"}]},{"@type":"WebSite","@id":"https:\/\/www.elementvape.de\/#website","url":"https:\/\/www.elementvape.de\/","name":"ElementVape.de","description":"","publisher":{"@id":"https:\/\/www.elementvape.de\/#organization"},"potentialAction":[{"@type":"SearchAction","target":{"@type":"EntryPoint","urlTemplate":"https:\/\/www.elementvape.de\/?s={search_term_string}"},"query-input":"required name=search_term_string"}],"inLanguage":"lt-LT"},{"@type":"Organization","@id":"https:\/\/www.elementvape.de\/#organization","name":"ElementVape.DE","url":"https:\/\/www.elementvape.de\/","logo":{"@type":"ImageObject","inLanguage":"lt-LT","@id":"https:\/\/www.elementvape.de\/#\/schema\/logo\/image\/","url":"https:\/\/www.elementvape.de\/wp-content\/uploads\/2024\/09\/cropped-1elementvape-3.png","contentUrl":"https:\/\/www.elementvape.de\/wp-content\/uploads\/2024\/09\/cropped-1elementvape-3.png","width":285,"height":228,"caption":"ElementVape.DE"},"image":{"@id":"https:\/\/www.elementvape.de\/#\/schema\/logo\/image\/"}}]}},"_links":{"self":[{"href":"https:\/\/www.elementvape.de\/lt\/wp-json\/wp\/v2\/product\/13821"}],"collection":[{"href":"https:\/\/www.elementvape.de\/lt\/wp-json\/wp\/v2\/product"}],"about":[{"href":"https:\/\/www.elementvape.de\/lt\/wp-json\/wp\/v2\/types\/product"}],"wp:featuredmedia":[{"embeddable":true,"href":"https:\/\/www.elementvape.de\/lt\/wp-json\/wp\/v2\/media\/13822"}],"wp:attachment":[{"href":"https:\/\/www.elementvape.de\/lt\/wp-json\/wp\/v2\/media?parent=13821"}],"wp:term":[{"taxonomy":"product_cat","embeddable":true,"href":"https:\/\/www.elementvape.de\/lt\/wp-json\/wp\/v2\/product_cat?post=13821"},{"taxonomy":"product_tag","embeddable":true,"href":"https:\/\/www.elementvape.de\/lt\/wp-json\/wp\/v2\/product_tag?post=13821"}],"curies":[{"name":"wp","href":"https:\/\/api.w.org\/{rel}","templated":true}]}}