{"id":13762,"date":"2024-08-15T08:30:53","date_gmt":"2024-08-15T08:30:53","guid":{"rendered":"https:\/\/www.elementvape.de\/?post_type=product&#038;p=13762"},"modified":"2024-12-12T06:34:57","modified_gmt":"2024-12-12T06:34:57","slug":"cherry-soda-3d-bildschirm-ki-power-und-25000-zuege-in-der-elf-box-pulse-x","status":"publish","type":"product","link":"https:\/\/www.elementvape.de\/lt\/produkt\/cherry-soda-3d-bildschirm-ki-power-und-25000-zuege-in-der-elf-box-pulse-x\/","title":{"rendered":"Cherry Soda 3D ekranas, KI galia ir 15000 \u012fkv\u0117pim\u0173 ELF BOX PULSE X"},"content":{"rendered":"<h2>E-Lizdelis: Vy\u0161nin\u0117 Sodos ELF BOX PULSE X<\/h2>\n<table>\n<thead>\n<tr>\n<th>Savyb\u0117<\/th>\n<th>Specifikacija<\/th>\n<\/tr>\n<\/thead>\n<tbody>\n<tr>\n<td>\u012ekvepimai (\u012eprasti)<\/td>\n<td>25.000<\/td>\n<\/tr>\n<tr>\n<td>\u012ekvepimai (Pulse)<\/td>\n<td>15.000<\/td>\n<\/tr>\n<tr>\n<td>Dviguba tinklelio rit\u0117<\/td>\n<td>0.8ohm + 0.8ohm<\/td>\n<\/tr>\n<tr>\n<td>E-liquidas<\/td>\n<td>18ml<\/td>\n<\/tr>\n<tr>\n<td>N<\/td>\n<td>\u00a02% \/ 5%<\/td>\n<\/tr>\n<tr>\n<td>Baterija<\/td>\n<td>13500-750mAh<\/td>\n<\/tr>\n<tr>\n<td>Ekranas<\/td>\n<td>3D i\u0161lenktas ekranas, dirbtinio intelekto galios reguliavimas<\/td>\n<\/tr>\n<tr>\n<td>Technologija<\/td>\n<td>Pulse galia, super stiprinimo VPU viduje<\/td>\n<\/tr>\n<tr>\n<td>\u012ekraunamas<\/td>\n<td>Type-C<\/td>\n<\/tr>\n<tr>\n<td>Produkto svoris<\/td>\n<td>100g<\/td>\n<\/tr>\n<tr>\n<td>Produkto dydis<\/td>\n<td>91.5*<em>56.5*<\/em>28.5mm<\/td>\n<\/tr>\n<\/tbody>\n<\/table>\n<hr \/>\n<h2>Skonis: Vy\u0161nin\u0117 Soda<\/h2>\n<h3>Putojantis skonio patyrimas<\/h3>\n<p>Vy\u0161nin\u0117 Sodas ELF BOX PULSE X si\u016blo jums gyvybing\u0105, putojant\u012f skonio patyrim\u0105, kuris sujungia prinokusi\u0173 vy\u0161ni\u0173 saldum\u0105 su gaiviu sodos efektu. Kiekvienas \u012fkv\u0117pimas jau\u010diasi kaip gaivios vy\u0161nin\u0117s sodos gurk\u0161nis, su subalansuotu saldumo ir putojan\u010dio efekto deriniu. \u0160is unikalus skonio patyrimas daro Vy\u0161nin\u0117s Sodos ELF BOX PULSE X puikia pasirinkimu visiems, kurie m\u0117gsta vaisinius ir gaivinan\u010dius aromatus.<\/p>\n<p>Vy\u0161nin\u0117s Sodos skonis yra intensyvus ir tuo pa\u010diu gaivus, tod\u0117l jis yra ideali kasdieniam naudojimui. Tobula pusiausvyra tarp nat\u016bralaus vy\u0161ni\u0173 saldumo ir gaivinan\u010dio sodos skonio u\u017etikrina, kad kiekvienas \u012fkv\u0117pimas b\u016bt\u0173 nepamir\u0161tamas patyrimas.<\/p>\n<h3>Galia ir technologijos<\/h3>\n<h4>3D i\u0161lenktas ekranas ir AI galia<\/h4>\n<p>ELF BOX PULSE X nustato naujus standartus e-cigaret\u0117s technologijoje. Su 3D i\u0161lenktu ekranu ir AI Galia-Reguliavimo funkcija galite tiksliai pritaikyti ir optimizuoti savo garinimo patirt\u012f. I\u0161manusis KI pagr\u012fstas galios reguliatorius u\u017etikrina, kad e-cigaret\u0117s galia automati\u0161kai prisitaikyt\u0173 prie j\u016bs\u0173 \u012fkv\u0117pimo stiliaus, garantuodamas nuolatin\u0119 optimal\u0173 garinimo patirt\u012f.<\/p>\n<p>\u0160i pa\u017eangi technologija leid\u017eia jums pritaikyti gali\u0105 ir skon\u012f pagal savo asmeninius pageidavimus, o 3D ekranas u\u017etikrina intuityvi\u0105 ir patogi\u0105 naudotojo s\u0105saj\u0105. Rezultatas \u2013 e-cigaret\u0117, kuri \u012ftikinamai \u017eavi tiek technologij\u0173, tiek dizaino srityje.<\/p>\n<h4>Dviguba tinklelio rit\u0117 intensyviam skoniui<\/h4>\n<p>Dviguba tinklelio rit\u0117 technologija su dviem 0.8 om\u0173 rit\u0117mis u\u017etikrina intensyv\u0173 ir tolyg\u0173 garinimo patirt\u012f. \u0160ios rit\u0117s maksimaliai i\u0161naudoja e-liquido kiek\u012f ir suteikia tank\u0173, aromating\u0105 gar\u0105, kuris puikiai i\u0161ry\u0161kina vy\u0161nin\u0117s sodos skon\u012f. \u0160i technologija u\u017etikrina, kad kiekvienas \u012fkv\u0117pimas b\u016bt\u0173 nuosekliai intensyvus ir skoningas.<\/p>\n<p>Naudodami dvigub\u0105 tinklelio rit\u0119, kiekvieno \u012fkv\u0117pimo metu patirsite i\u0161skirtin\u012f garo kiek\u012f ir gil\u0173, piln\u0105 skon\u012f, kuris su\u017eadina j\u016bs\u0173 poj\u016b\u010dius. \u0160i technologija yra ideali tiems, kurie ie\u0161ko nuolatin\u0117s ir kokybi\u0161kos garinimo patirties.<\/p>\n<h3>Pulsuojantis malonumas su 25 000 \u012fkv\u0117pim\u0173<\/h3>\n<h4>Maksimali naudojimo trukm\u0117<\/h4>\n<p>ELF BOX PULSE X yra suprojektuota iki 25 000 \u012fkv\u0117pim\u0173 \u012fprastu re\u017eimu ir 15 000 \u012fkv\u0117pim\u0173 Pulse re\u017eimu. \u0160is i\u0161skirtinis ilgaam\u017ei\u0161kumas leid\u017eia jums m\u0117gautis ilgalaike ir nuosekline garinimo patirtimi. Didelis \u012fkv\u0117pim\u0173 skai\u010dius u\u017etikrina puik\u0173 kainos ir kokyb\u0117s santyk\u012f bei saugum\u0105, kad gal\u0117tum\u0117te ilg\u0105 laik\u0105 m\u0117gautis nepamir\u0161tamu garinimo malonumu.<\/p>\n<h4>Super Boost VPU u\u017e energing\u0105 gali\u0105<\/h4>\n<p>Super Boost VPU (Kintama Galia Vienetas) technologija ELF BOX PULSE X suteikia galing\u0105 gali\u0105, kuri sustiprina gar\u0105 kiekvieno \u012fkv\u0117pimo metu. Tai sukelia intensyvesn\u012f skon\u012f ir tankesn\u012f garo kiek\u012f, pakeldama garinimo patirt\u012f \u012f nauj\u0105 lyg\u012f. Derinys tarp pulsacijos galios ir Boost technologijos daro ELF BOX PULSE X viena pa\u017eangiausi\u0173 e-cigare\u010di\u0173 rinkoje.<\/p>\n<p>Naudodami Super Boost VPU, kiekvieno \u012fkv\u0117pimo metu patirsite stipri\u0105, galing\u0105 garo pl\u0117tim\u0105, kuri sustiprina skon\u012f ir daro j\u016bs\u0173 garinimo patirt\u012f \u012fdomesn\u0119 ir intensyvesn\u0119.<\/p>\n<h3>Didmenin\u0117 prekyba ir patikimas pristatymas<\/h3>\n<h4>Patrauklios didmenin\u0117s kainos<\/h4>\n<p>Pasinaudokite galimybe \u012fsigyti Cherry Soda ELF BOX PULSE X u\u017e patrauklias didmenines kainas. \u0160ios konkurencingos kainos leid\u017eia jums pasi\u016blyti auk\u0161tos kokyb\u0117s produkt\u0105 su pa\u017eangia technologija ir i\u0161skirtiniu skoniu u\u017e ne\u012fveikiam\u0105 kain\u0105. Didinkite pelno mar\u017eas ir pasi\u016blykite savo klientams elektronin\u0119 cigaret\u0119, kuri i\u0161siskiria skoniu ir na\u0161umu.<\/p>\n<h4>Saugus ir punktualus pristatymas<\/h4>\n<p>Be puiki\u0173 kain\u0173, m\u016bs\u0173 paslauga taip pat si\u016blo patikim\u0105 ir punktual\u0173 pristatym\u0105, kad gautum\u0117te u\u017esakymus nepriekai\u0161tingos b\u016bkl\u0117s. Cherry Soda ELF BOX PULSE X yra kruop\u0161\u010diai supakuota ir pristatoma laiku, siekiant u\u017etikrinti, kad j\u016bs ir j\u016bs\u0173 klientai gautum\u0117te produkt\u0105 geriausios b\u016bkl\u0117s. M\u016bs\u0173 efektyvi logistika u\u017etikrina, kad gal\u0117tum\u0117te visi\u0161kai susitelkti \u012f pardavim\u0105.<\/p>\n<p>Cherry Soda ELF BOX PULSE X jungia intensyv\u0173 skon\u012f, pa\u017eangiausi\u0105 technologij\u0105 ir i\u0161skirtin\u012f na\u0161um\u0105. Pasinaudokite \u0161iuo pa\u017eangiu elektronin\u0117s cigaret\u0117s modeliu ir pasi\u016blykite savo klientams neprilygstam\u0105 garinimo patirt\u012f.<\/p>","protected":false},"excerpt":{"rendered":"<p>Elektronin\u0117 cigaret\u0117: Vy\u0161nin\u0117 Soda ELF BOX PULSE X Savyb\u0117s Specifikacija P\u016bsl\u0117s (Reguliarus) 25.000 P\u016bsl\u0117s (Pulse) 15.000 Dual Mesh Coil 0.8ohm + 0.8ohm E-skystis 18ml N 2%\/5% Baterija 13500-750mAh Ekranas 3D lenktas ekranas, AI galios reguliavimas Technologija Pulse Power, Super Boost VPU viduje \u012ekraunamas Type-C Produkto svoris 100g Produkto dydis 91.5*56.5*28.5mm Skonis: Vy\u0161nin\u0117 Soda Bursting skoni\u0173 patirtis [\u2026]<\/p>","protected":false},"featured_media":13764,"template":"","meta":{"inline_featured_image":false},"product_cat":[15,78,747,740,734,753,717,732],"product_tag":[710,674],"tiered_pricing_type":"fixed","tiered_pricing_fixed_rules":{"110":"12.39","200":"11.02","500":"9.64"},"tiered_pricing_percentage_rules":[],"tiered_pricing_minimum":1,"_administrator_tiered_pricing_type":"fixed","_administrator_tiered_pricing_fixed_rules":[],"_editor_tiered_pricing_type":"fixed","_editor_tiered_pricing_fixed_rules":[],"_author_tiered_pricing_type":"fixed","_author_tiered_pricing_fixed_rules":[],"_contributor_tiered_pricing_type":"fixed","_contributor_tiered_pricing_fixed_rules":[],"_subscriber_tiered_pricing_type":"fixed","_subscriber_tiered_pricing_fixed_rules":[],"_customer_tiered_pricing_type":"fixed","_customer_tiered_pricing_fixed_rules":[],"_shop_manager_tiered_pricing_type":"fixed","_shop_manager_tiered_pricing_fixed_rules":[],"_wpseo_manager_tiered_pricing_type":"fixed","_wpseo_manager_tiered_pricing_fixed_rules":[],"_wpseo_editor_tiered_pricing_type":"fixed","_wpseo_editor_tiered_pricing_fixed_rules":[],"_wholesale_customer_tiered_pricing_type":"fixed","_wholesale_customer_tiered_pricing_fixed_rules":[],"_marketer_tiered_pricing_type":"fixed","_marketer_tiered_pricing_fixed_rules":[],"_sales_manager_tiered_pricing_type":"fixed","_sales_manager_tiered_pricing_fixed_rules":[],"_sales_rep_tiered_pricing_type":"fixed","_sales_rep_tiered_pricing_fixed_rules":[],"yoast_head":"<!-- This site is optimized with the Yoast SEO plugin v23.3 - https:\/\/yoast.com\/wordpress\/plugins\/seo\/ -->\n<title>Cherry Soda 3D-Bildschirm KI-Power und 15000 Z\u00fcge in der ELF BOX PULSE X | ElementVape.de<\/title>\n<meta name=\"description\" content=\"Wir bieten Cherry Soda 3D-Bildschirm KI-Power und 15000 Z\u00fcge in der ELF BOX PULSE X , Elementvape.de akzeptieren Gro\u00df-und Einzelhandel Bestellungen.\" \/>\n<meta name=\"robots\" content=\"index, follow, max-snippet:-1, max-image-preview:large, max-video-preview:-1\" \/>\n<link rel=\"canonical\" href=\"https:\/\/www.elementvape.de\/lt\/produkt\/cherry-soda-3d-bildschirm-ki-power-und-25000-zuege-in-der-elf-box-pulse-x\/\" \/>\n<meta property=\"og:locale\" content=\"lt_LT\" \/>\n<meta property=\"og:type\" content=\"article\" \/>\n<meta property=\"og:title\" content=\"Cherry Soda 3D-Bildschirm KI-Power und 15000 Z\u00fcge in der ELF BOX PULSE X | ElementVape.de\" \/>\n<meta property=\"og:description\" content=\"Wir bieten Cherry Soda 3D-Bildschirm KI-Power und 15000 Z\u00fcge in der ELF BOX PULSE X , Elementvape.de akzeptieren Gro\u00df-und Einzelhandel Bestellungen.\" \/>\n<meta property=\"og:url\" content=\"https:\/\/www.elementvape.de\/lt\/produkt\/cherry-soda-3d-bildschirm-ki-power-und-25000-zuege-in-der-elf-box-pulse-x\/\" \/>\n<meta property=\"og:site_name\" content=\"ElementVape.de\" \/>\n<meta property=\"article:modified_time\" content=\"2024-12-12T06:34:57+00:00\" \/>\n<meta property=\"og:image\" content=\"https:\/\/www.elementvape.de\/wp-content\/uploads\/2024\/08\/08.jpg\" \/>\n\t<meta property=\"og:image:width\" content=\"1000\" \/>\n\t<meta property=\"og:image:height\" content=\"1000\" \/>\n\t<meta property=\"og:image:type\" content=\"image\/jpeg\" \/>\n<meta name=\"twitter:card\" content=\"summary_large_image\" \/>\n<meta name=\"twitter:label1\" content=\"Est. reading time\" \/>\n\t<meta name=\"twitter:data1\" content=\"4 minut\u0117s\" \/>\n<script type=\"application\/ld+json\" class=\"yoast-schema-graph\">{\"@context\":\"https:\/\/schema.org\",\"@graph\":[{\"@type\":\"WebPage\",\"@id\":\"https:\/\/www.elementvape.de\/sv\/produkt\/cherry-soda-3d-bildschirm-ki-power-und-25000-zuege-in-der-elf-box-pulse-x\/\",\"url\":\"https:\/\/www.elementvape.de\/sv\/produkt\/cherry-soda-3d-bildschirm-ki-power-und-25000-zuege-in-der-elf-box-pulse-x\/\",\"name\":\"Cherry Soda 3D-Bildschirm KI-Power und 15000 Z\u00fcge in der ELF BOX PULSE X | ElementVape.de\",\"isPartOf\":{\"@id\":\"https:\/\/www.elementvape.de\/#website\"},\"primaryImageOfPage\":{\"@id\":\"https:\/\/www.elementvape.de\/sv\/produkt\/cherry-soda-3d-bildschirm-ki-power-und-25000-zuege-in-der-elf-box-pulse-x\/#primaryimage\"},\"image\":{\"@id\":\"https:\/\/www.elementvape.de\/sv\/produkt\/cherry-soda-3d-bildschirm-ki-power-und-25000-zuege-in-der-elf-box-pulse-x\/#primaryimage\"},\"thumbnailUrl\":\"https:\/\/www.elementvape.de\/wp-content\/uploads\/2024\/08\/08.jpg\",\"datePublished\":\"2024-08-15T08:30:53+00:00\",\"dateModified\":\"2024-12-12T06:34:57+00:00\",\"description\":\"Wir bieten Cherry Soda 3D-Bildschirm KI-Power und 15000 Z\u00fcge in der ELF BOX PULSE X , Elementvape.de akzeptieren Gro\u00df-und Einzelhandel Bestellungen.\",\"breadcrumb\":{\"@id\":\"https:\/\/www.elementvape.de\/sv\/produkt\/cherry-soda-3d-bildschirm-ki-power-und-25000-zuege-in-der-elf-box-pulse-x\/#breadcrumb\"},\"inLanguage\":\"lt-LT\",\"potentialAction\":[{\"@type\":\"ReadAction\",\"target\":[\"https:\/\/www.elementvape.de\/sv\/produkt\/cherry-soda-3d-bildschirm-ki-power-und-25000-zuege-in-der-elf-box-pulse-x\/\"]}]},{\"@type\":\"ImageObject\",\"inLanguage\":\"lt-LT\",\"@id\":\"https:\/\/www.elementvape.de\/sv\/produkt\/cherry-soda-3d-bildschirm-ki-power-und-25000-zuege-in-der-elf-box-pulse-x\/#primaryimage\",\"url\":\"https:\/\/www.elementvape.de\/wp-content\/uploads\/2024\/08\/08.jpg\",\"contentUrl\":\"https:\/\/www.elementvape.de\/wp-content\/uploads\/2024\/08\/08.jpg\",\"width\":1000,\"height\":1000,\"caption\":\"Cherry Soda\"},{\"@type\":\"BreadcrumbList\",\"@id\":\"https:\/\/www.elementvape.de\/sv\/produkt\/cherry-soda-3d-bildschirm-ki-power-und-25000-zuege-in-der-elf-box-pulse-x\/#breadcrumb\",\"itemListElement\":[{\"@type\":\"ListItem\",\"position\":1,\"name\":\"Home\",\"item\":\"https:\/\/www.elementvape.de\/\"},{\"@type\":\"ListItem\",\"position\":2,\"name\":\"Shop\",\"item\":\"https:\/\/www.elementvape.de\/shop\/\"},{\"@type\":\"ListItem\",\"position\":3,\"name\":\"Cherry Soda 3D-Bildschirm KI-Power und 15000 Z\u00fcge in der ELF BOX PULSE X\"}]},{\"@type\":\"WebSite\",\"@id\":\"https:\/\/www.elementvape.de\/#website\",\"url\":\"https:\/\/www.elementvape.de\/\",\"name\":\"ElementVape.de\",\"description\":\"\",\"publisher\":{\"@id\":\"https:\/\/www.elementvape.de\/#organization\"},\"potentialAction\":[{\"@type\":\"SearchAction\",\"target\":{\"@type\":\"EntryPoint\",\"urlTemplate\":\"https:\/\/www.elementvape.de\/?s={search_term_string}\"},\"query-input\":\"required name=search_term_string\"}],\"inLanguage\":\"lt-LT\"},{\"@type\":\"Organization\",\"@id\":\"https:\/\/www.elementvape.de\/#organization\",\"name\":\"ElementVape.DE\",\"url\":\"https:\/\/www.elementvape.de\/\",\"logo\":{\"@type\":\"ImageObject\",\"inLanguage\":\"lt-LT\",\"@id\":\"https:\/\/www.elementvape.de\/#\/schema\/logo\/image\/\",\"url\":\"https:\/\/www.elementvape.de\/wp-content\/uploads\/2024\/09\/cropped-1elementvape-3.png\",\"contentUrl\":\"https:\/\/www.elementvape.de\/wp-content\/uploads\/2024\/09\/cropped-1elementvape-3.png\",\"width\":285,\"height\":228,\"caption\":\"ElementVape.DE\"},\"image\":{\"@id\":\"https:\/\/www.elementvape.de\/#\/schema\/logo\/image\/\"}}]}<\/script>\n<!-- \/ Yoast SEO plugin. -->","yoast_head_json":{"title":"Cherry Soda 3D-Bildschirm KI-Power und 15000 Z\u00fcge in der ELF BOX PULSE X | ElementVape.de","description":"Wir bieten Cherry Soda 3D-Bildschirm KI-Power und 15000 Z\u00fcge in der ELF BOX PULSE X , Elementvape.de akzeptieren Gro\u00df-und Einzelhandel Bestellungen.","robots":{"index":"index","follow":"follow","max-snippet":"max-snippet:-1","max-image-preview":"max-image-preview:large","max-video-preview":"max-video-preview:-1"},"canonical":"https:\/\/www.elementvape.de\/lt\/produkt\/cherry-soda-3d-bildschirm-ki-power-und-25000-zuege-in-der-elf-box-pulse-x\/","og_locale":"lt_LT","og_type":"article","og_title":"Cherry Soda 3D-Bildschirm KI-Power und 15000 Z\u00fcge in der ELF BOX PULSE X | ElementVape.de","og_description":"Wir bieten Cherry Soda 3D-Bildschirm KI-Power und 15000 Z\u00fcge in der ELF BOX PULSE X , Elementvape.de akzeptieren Gro\u00df-und Einzelhandel Bestellungen.","og_url":"https:\/\/www.elementvape.de\/lt\/produkt\/cherry-soda-3d-bildschirm-ki-power-und-25000-zuege-in-der-elf-box-pulse-x\/","og_site_name":"ElementVape.de","article_modified_time":"2024-12-12T06:34:57+00:00","og_image":[{"width":1000,"height":1000,"url":"https:\/\/www.elementvape.de\/wp-content\/uploads\/2024\/08\/08.jpg","type":"image\/jpeg"}],"twitter_card":"summary_large_image","twitter_misc":{"Est. reading time":"4 minut\u0117s"},"schema":{"@context":"https:\/\/schema.org","@graph":[{"@type":"WebPage","@id":"https:\/\/www.elementvape.de\/sv\/produkt\/cherry-soda-3d-bildschirm-ki-power-und-25000-zuege-in-der-elf-box-pulse-x\/","url":"https:\/\/www.elementvape.de\/sv\/produkt\/cherry-soda-3d-bildschirm-ki-power-und-25000-zuege-in-der-elf-box-pulse-x\/","name":"Cherry Soda 3D-Bildschirm KI-Power und 15000 Z\u00fcge in der ELF BOX PULSE X | ElementVape.de","isPartOf":{"@id":"https:\/\/www.elementvape.de\/#website"},"primaryImageOfPage":{"@id":"https:\/\/www.elementvape.de\/sv\/produkt\/cherry-soda-3d-bildschirm-ki-power-und-25000-zuege-in-der-elf-box-pulse-x\/#primaryimage"},"image":{"@id":"https:\/\/www.elementvape.de\/sv\/produkt\/cherry-soda-3d-bildschirm-ki-power-und-25000-zuege-in-der-elf-box-pulse-x\/#primaryimage"},"thumbnailUrl":"https:\/\/www.elementvape.de\/wp-content\/uploads\/2024\/08\/08.jpg","datePublished":"2024-08-15T08:30:53+00:00","dateModified":"2024-12-12T06:34:57+00:00","description":"Wir bieten Cherry Soda 3D-Bildschirm KI-Power und 15000 Z\u00fcge in der ELF BOX PULSE X , Elementvape.de akzeptieren Gro\u00df-und Einzelhandel Bestellungen.","breadcrumb":{"@id":"https:\/\/www.elementvape.de\/sv\/produkt\/cherry-soda-3d-bildschirm-ki-power-und-25000-zuege-in-der-elf-box-pulse-x\/#breadcrumb"},"inLanguage":"lt-LT","potentialAction":[{"@type":"ReadAction","target":["https:\/\/www.elementvape.de\/sv\/produkt\/cherry-soda-3d-bildschirm-ki-power-und-25000-zuege-in-der-elf-box-pulse-x\/"]}]},{"@type":"ImageObject","inLanguage":"lt-LT","@id":"https:\/\/www.elementvape.de\/sv\/produkt\/cherry-soda-3d-bildschirm-ki-power-und-25000-zuege-in-der-elf-box-pulse-x\/#primaryimage","url":"https:\/\/www.elementvape.de\/wp-content\/uploads\/2024\/08\/08.jpg","contentUrl":"https:\/\/www.elementvape.de\/wp-content\/uploads\/2024\/08\/08.jpg","width":1000,"height":1000,"caption":"Cherry Soda"},{"@type":"BreadcrumbList","@id":"https:\/\/www.elementvape.de\/sv\/produkt\/cherry-soda-3d-bildschirm-ki-power-und-25000-zuege-in-der-elf-box-pulse-x\/#breadcrumb","itemListElement":[{"@type":"ListItem","position":1,"name":"Home","item":"https:\/\/www.elementvape.de\/"},{"@type":"ListItem","position":2,"name":"Shop","item":"https:\/\/www.elementvape.de\/shop\/"},{"@type":"ListItem","position":3,"name":"Cherry Soda 3D-Bildschirm KI-Power und 15000 Z\u00fcge in der ELF BOX PULSE X"}]},{"@type":"WebSite","@id":"https:\/\/www.elementvape.de\/#website","url":"https:\/\/www.elementvape.de\/","name":"ElementVape.de","description":"","publisher":{"@id":"https:\/\/www.elementvape.de\/#organization"},"potentialAction":[{"@type":"SearchAction","target":{"@type":"EntryPoint","urlTemplate":"https:\/\/www.elementvape.de\/?s={search_term_string}"},"query-input":"required name=search_term_string"}],"inLanguage":"lt-LT"},{"@type":"Organization","@id":"https:\/\/www.elementvape.de\/#organization","name":"ElementVape.DE","url":"https:\/\/www.elementvape.de\/","logo":{"@type":"ImageObject","inLanguage":"lt-LT","@id":"https:\/\/www.elementvape.de\/#\/schema\/logo\/image\/","url":"https:\/\/www.elementvape.de\/wp-content\/uploads\/2024\/09\/cropped-1elementvape-3.png","contentUrl":"https:\/\/www.elementvape.de\/wp-content\/uploads\/2024\/09\/cropped-1elementvape-3.png","width":285,"height":228,"caption":"ElementVape.DE"},"image":{"@id":"https:\/\/www.elementvape.de\/#\/schema\/logo\/image\/"}}]}},"_links":{"self":[{"href":"https:\/\/www.elementvape.de\/lt\/wp-json\/wp\/v2\/product\/13762"}],"collection":[{"href":"https:\/\/www.elementvape.de\/lt\/wp-json\/wp\/v2\/product"}],"about":[{"href":"https:\/\/www.elementvape.de\/lt\/wp-json\/wp\/v2\/types\/product"}],"wp:featuredmedia":[{"embeddable":true,"href":"https:\/\/www.elementvape.de\/lt\/wp-json\/wp\/v2\/media\/13764"}],"wp:attachment":[{"href":"https:\/\/www.elementvape.de\/lt\/wp-json\/wp\/v2\/media?parent=13762"}],"wp:term":[{"taxonomy":"product_cat","embeddable":true,"href":"https:\/\/www.elementvape.de\/lt\/wp-json\/wp\/v2\/product_cat?post=13762"},{"taxonomy":"product_tag","embeddable":true,"href":"https:\/\/www.elementvape.de\/lt\/wp-json\/wp\/v2\/product_tag?post=13762"}],"curies":[{"name":"wp","href":"https:\/\/api.w.org\/{rel}","templated":true}]}}