{"id":13730,"date":"2024-08-12T08:03:38","date_gmt":"2024-08-12T08:03:38","guid":{"rendered":"https:\/\/www.elementvape.de\/?post_type=product&#038;p=13730"},"modified":"2024-12-12T06:34:59","modified_gmt":"2024-12-12T06:34:59","slug":"reduziert-im-sommer-sale15000-zuege-grape-ice-elf-box-ls15000-zum-hammerpreis","status":"publish","type":"product","link":"https:\/\/www.elementvape.de\/lt\/produkt\/reduziert-im-sommer-sale15000-zuege-grape-ice-elf-box-ls15000-zum-hammerpreis\/","title":{"rendered":"Suma\u017einta vasaros i\u0161pardavime 15000 \u012fkv\u0117pim\u0173 Grape Ice ELF BOX LS15000 u\u017e puik\u0173 kain\u0105"},"content":{"rendered":"<div class=\"flex-shrink-0 flex flex-col relative items-end\">\n<div>\n<div class=\"pt-0\">\n<div class=\"gizmo-bot-avatar flex h-8 w-8 items-center justify-center overflow-hidden rounded-full\">\n<div class=\"relative p-1 rounded-sm flex items-center justify-center bg-token-main-surface-primary text-token-text-primary h-8 w-8\"><\/div>\n<\/div>\n<\/div>\n<\/div>\n<\/div>\n<div class=\"group\/conversation-turn relative flex w-full min-w-0 flex-col agent-turn\">\n<div class=\"flex-col gap-1 md:gap-3\">\n<div class=\"flex max-w-full flex-col flex-grow\">\n<div class=\"min-h-[20px] text-message flex w-full flex-col items-end gap-2 whitespace-pre-wrap break-words [.text-message+&amp;]:mt-5 overflow-x-auto\" dir=\"auto\" data-message-author-role=\"assistant\" data-message-id=\"6adec269-64d9-4a42-aad6-65e87dfd79b0\">\n<div class=\"flex w-full flex-col gap-1 empty:hidden first:pt-[3px]\">\n<div class=\"markdown prose w-full break-words dark:prose-invert light\">\n<table style=\"font-size: 16px;\">\n<thead>\n<tr>\n<th>Specifikacija<\/th>\n<th>Duomenys<\/th>\n<\/tr>\n<\/thead>\n<tbody>\n<tr>\n<td><strong>R\u016bkali\u0173<\/strong><\/td>\n<td>15000 \u012fkv\u0117pim\u0173<\/td>\n<\/tr>\n<tr>\n<td><strong>Pagrindinis<\/strong><\/td>\n<td>Tinklelio rit\u0117, 0,6 Ohm<\/td>\n<\/tr>\n<tr>\n<td><strong>E-liquido talpa<\/strong><\/td>\n<td>26 ml<\/td>\n<\/tr>\n<tr>\n<td><strong>N turinys<\/strong><\/td>\n<td>2%, 5%<\/td>\n<\/tr>\n<tr>\n<td><strong>Baterija<\/strong><\/td>\n<td>18250-600mAh, \u012fkraunama per Type-C<\/td>\n<\/tr>\n<tr>\n<td><strong>Produkto svoris<\/strong><\/td>\n<td>91 gram\u0173<\/td>\n<\/tr>\n<tr>\n<td><strong>Produkto dydis<\/strong><\/td>\n<td>124,5 mm x 31,5 mm<\/td>\n<\/tr>\n<tr>\n<td><strong>D\u0117\u017e\u0117s matmenys<\/strong><\/td>\n<td>410 mm x 405 mm x 297 mm<\/td>\n<\/tr>\n<tr>\n<td><strong>Kiekis d\u0117\u017eut\u0117je<\/strong><\/td>\n<td>200 vienet\u0173<\/td>\n<\/tr>\n<tr>\n<td><strong>D\u0117\u017e\u0117s bruto svoris<\/strong><\/td>\n<td>apie 20 kg<\/td>\n<\/tr>\n<\/tbody>\n<\/table>\n<h3>Grape Ice ELF BOX LS15000: Premium Vape su 15000 \u012fkv\u0117pim\u0173<\/h3>\n<p>Grape Ice ELF BOX LS15000 \u012fkv\u0117pim\u0173 elektronin\u0117 cigaret\u0117 si\u016blo auk\u0161\u010diausios kokyb\u0117s garavimo patirt\u012f, kuri\u0105 i\u0161skiria pa\u017eangi technologija ir gaivus Grape-Ice skonis. Su \u012fsp\u016bdinga 15000 \u012fkv\u0117pim\u0173 talpa kiekvienam \u012frenginiui, ji yra ideali vaping entuziastams, ie\u0161kantiems ilgalaik\u0117s ir intensyvios patirties.<\/p>\n<p>ELF BOX LS15000 yra su 0,6 Ohm tinklelio rit\u0117, u\u017etikrinanti tolyg\u0173 ir efektyv\u0173 E-liquido garavim\u0105. 26 ml E-liquido talpa ir galimi N (2%, 5%) privalumai suteikia lankstumo individualiai vaping patir\u010diai pritaikyti. Galingas 18250-600mAh akumuliatorius yra \u012fkraunamas ir kartu su Type-C \u012fkrovimo galimybe u\u017etikrina greit\u0105 ir paprast\u0105 \u012fkrovim\u0105, leid\u017eiant\u012f patogiai naudotis \u012frenginiu bet kada.<\/p>\n<h4>Lengvas ir ne\u0161iojamas kasdieniam naudojimui<\/h4>\n<p>Svoris tik 91 gram\u0105 ir kompakti\u0161ki matmenys \u2013 124,5 mm x 31,5 mm, Grape Ice ELF BOX LS15000 yra ideali kasdieniam naudojimui ir kelion\u0117ms. Pakuot\u0117 su 200 vienet\u0173 d\u0117\u017e\u0117je ir bendru svoriu apie 20 kg u\u017etikrina, kad produktas pasiekt\u0173 klient\u0105 saugiai ir be defekt\u0173, tiek ma\u017emeniniams pirk\u0117jams, tiek didmenininkams.<\/p>\n<p>Grape Ice skonis jungia vynuogi\u0173 saldum\u0105 su gaiviu \u0161altu atspalviu, tod\u0117l kiekvienas \u012fkv\u0117pimas yra maloni patirtis. \u0160i puiki veiklos ir skanaus skonio kombinacija daro Grape Ice ELF BOX LS15000 geriausiu pasirinkimu vaping entuziastams visame pasaulyje. Nesvarbu, ar esate pradedantysis, ar patyr\u0119s <strong><a href=\"https:\/\/www.elementvape.de\/lt\/\">garintojams,<\/a><\/strong>, \u0161is \u012frenginys si\u016blo nepamir\u0161tam\u0105 garavimo patirt\u012f ir yra idealus tiems, kurie vertina kokyb\u0119 ir skon\u012f.<\/p>\n<\/div>\n<\/div>\n<\/div>\n<\/div>\n<\/div>\n<\/div>","protected":false},"excerpt":{"rendered":"<p>Spezifikation Details Puffs 15000 Z\u00fcge Core Mesh-Coil, 0,6 Ohm E-Liquid Kapazit\u00e4t 26 ml N-Inhalt 2%, 5% Batterie 18250-600mAh, wiederaufladbar via Type-C Produktgewicht 91 Gramm Produktgr\u00f6\u00dfe 124,5 mm x 31,5 mm Kartonma\u00dfe 410 mm x 405 mm x 297 mm Menge pro Karton 200 St\u00fcck Bruttogewicht des Kartons ca. 20 kg Grape Ice ELF BOX LS15000: [&hellip;]<\/p>","protected":false},"featured_media":13731,"template":"","meta":{"inline_featured_image":false},"product_cat":[15,78,747,740,734,753,716,732],"product_tag":[710,674],"tiered_pricing_type":"fixed","tiered_pricing_fixed_rules":{"110":"7.54","200":"6.68","500":"5.85"},"tiered_pricing_percentage_rules":[],"tiered_pricing_minimum":1,"_administrator_tiered_pricing_type":"fixed","_administrator_tiered_pricing_fixed_rules":[],"_editor_tiered_pricing_type":"fixed","_editor_tiered_pricing_fixed_rules":[],"_author_tiered_pricing_type":"fixed","_author_tiered_pricing_fixed_rules":[],"_contributor_tiered_pricing_type":"fixed","_contributor_tiered_pricing_fixed_rules":[],"_subscriber_tiered_pricing_type":"fixed","_subscriber_tiered_pricing_fixed_rules":[],"_customer_tiered_pricing_type":"fixed","_customer_tiered_pricing_fixed_rules":[],"_shop_manager_tiered_pricing_type":"fixed","_shop_manager_tiered_pricing_fixed_rules":[],"_wpseo_manager_tiered_pricing_type":"fixed","_wpseo_manager_tiered_pricing_fixed_rules":[],"_wpseo_editor_tiered_pricing_type":"fixed","_wpseo_editor_tiered_pricing_fixed_rules":[],"_wholesale_customer_tiered_pricing_type":"fixed","_wholesale_customer_tiered_pricing_fixed_rules":[],"_marketer_tiered_pricing_type":"fixed","_marketer_tiered_pricing_fixed_rules":[],"_sales_manager_tiered_pricing_type":"fixed","_sales_manager_tiered_pricing_fixed_rules":[],"_sales_rep_tiered_pricing_type":"fixed","_sales_rep_tiered_pricing_fixed_rules":[],"yoast_head":"<!-- This site is optimized with the Yoast SEO plugin v23.3 - https:\/\/yoast.com\/wordpress\/plugins\/seo\/ -->\n<title>Reduziert im Sommer-Sale15000 Z\u00fcge Grape Ice ELF BOX LS15000 zum Hammerpreis | ElementVape.de<\/title>\n<meta name=\"description\" content=\"Wir bieten Reduziert im Sommer-Sale15000 Z\u00fcge Grape Ice ELF BOX LS15000 zum Hammerpreis , Elementvape.de akzeptieren Gro\u00df-und Einzelhandel Bestellungen.\" \/>\n<meta name=\"robots\" content=\"index, follow, max-snippet:-1, max-image-preview:large, max-video-preview:-1\" \/>\n<link rel=\"canonical\" href=\"https:\/\/www.elementvape.de\/lt\/produkt\/reduziert-im-sommer-sale15000-zuege-grape-ice-elf-box-ls15000-zum-hammerpreis\/\" \/>\n<meta property=\"og:locale\" content=\"lt_LT\" \/>\n<meta property=\"og:type\" content=\"article\" \/>\n<meta property=\"og:title\" content=\"Reduziert im Sommer-Sale15000 Z\u00fcge Grape Ice ELF BOX LS15000 zum Hammerpreis | ElementVape.de\" \/>\n<meta property=\"og:description\" content=\"Wir bieten Reduziert im Sommer-Sale15000 Z\u00fcge Grape Ice ELF BOX LS15000 zum Hammerpreis , Elementvape.de akzeptieren Gro\u00df-und Einzelhandel Bestellungen.\" \/>\n<meta property=\"og:url\" content=\"https:\/\/www.elementvape.de\/lt\/produkt\/reduziert-im-sommer-sale15000-zuege-grape-ice-elf-box-ls15000-zum-hammerpreis\/\" \/>\n<meta property=\"og:site_name\" content=\"ElementVape.de\" \/>\n<meta property=\"article:modified_time\" content=\"2024-12-12T06:34:59+00:00\" \/>\n<meta property=\"og:image\" content=\"https:\/\/www.elementvape.de\/wp-content\/uploads\/2024\/08\/Grape-ice.png\" \/>\n\t<meta property=\"og:image:width\" content=\"1000\" \/>\n\t<meta property=\"og:image:height\" content=\"1000\" \/>\n\t<meta property=\"og:image:type\" content=\"image\/png\" \/>\n<meta name=\"twitter:card\" content=\"summary_large_image\" \/>\n<meta name=\"twitter:label1\" content=\"Est. reading time\" \/>\n\t<meta name=\"twitter:data1\" content=\"2 minut\u0117s\" \/>\n<script type=\"application\/ld+json\" class=\"yoast-schema-graph\">{\"@context\":\"https:\/\/schema.org\",\"@graph\":[{\"@type\":\"WebPage\",\"@id\":\"https:\/\/www.elementvape.de\/sk\/produkt\/reduziert-im-sommer-sale15000-zuege-grape-ice-elf-box-ls15000-zum-hammerpreis\/\",\"url\":\"https:\/\/www.elementvape.de\/sk\/produkt\/reduziert-im-sommer-sale15000-zuege-grape-ice-elf-box-ls15000-zum-hammerpreis\/\",\"name\":\"Reduziert im Sommer-Sale15000 Z\u00fcge Grape Ice ELF BOX LS15000 zum Hammerpreis | ElementVape.de\",\"isPartOf\":{\"@id\":\"https:\/\/www.elementvape.de\/#website\"},\"primaryImageOfPage\":{\"@id\":\"https:\/\/www.elementvape.de\/sk\/produkt\/reduziert-im-sommer-sale15000-zuege-grape-ice-elf-box-ls15000-zum-hammerpreis\/#primaryimage\"},\"image\":{\"@id\":\"https:\/\/www.elementvape.de\/sk\/produkt\/reduziert-im-sommer-sale15000-zuege-grape-ice-elf-box-ls15000-zum-hammerpreis\/#primaryimage\"},\"thumbnailUrl\":\"https:\/\/www.elementvape.de\/wp-content\/uploads\/2024\/08\/Grape-ice.png\",\"datePublished\":\"2024-08-12T08:03:38+00:00\",\"dateModified\":\"2024-12-12T06:34:59+00:00\",\"description\":\"Wir bieten Reduziert im Sommer-Sale15000 Z\u00fcge Grape Ice ELF BOX LS15000 zum Hammerpreis , Elementvape.de akzeptieren Gro\u00df-und Einzelhandel Bestellungen.\",\"breadcrumb\":{\"@id\":\"https:\/\/www.elementvape.de\/sk\/produkt\/reduziert-im-sommer-sale15000-zuege-grape-ice-elf-box-ls15000-zum-hammerpreis\/#breadcrumb\"},\"inLanguage\":\"lt-LT\",\"potentialAction\":[{\"@type\":\"ReadAction\",\"target\":[\"https:\/\/www.elementvape.de\/sk\/produkt\/reduziert-im-sommer-sale15000-zuege-grape-ice-elf-box-ls15000-zum-hammerpreis\/\"]}]},{\"@type\":\"ImageObject\",\"inLanguage\":\"lt-LT\",\"@id\":\"https:\/\/www.elementvape.de\/sk\/produkt\/reduziert-im-sommer-sale15000-zuege-grape-ice-elf-box-ls15000-zum-hammerpreis\/#primaryimage\",\"url\":\"https:\/\/www.elementvape.de\/wp-content\/uploads\/2024\/08\/Grape-ice.png\",\"contentUrl\":\"https:\/\/www.elementvape.de\/wp-content\/uploads\/2024\/08\/Grape-ice.png\",\"width\":1000,\"height\":1000,\"caption\":\"Grape ice\"},{\"@type\":\"BreadcrumbList\",\"@id\":\"https:\/\/www.elementvape.de\/sk\/produkt\/reduziert-im-sommer-sale15000-zuege-grape-ice-elf-box-ls15000-zum-hammerpreis\/#breadcrumb\",\"itemListElement\":[{\"@type\":\"ListItem\",\"position\":1,\"name\":\"Home\",\"item\":\"https:\/\/www.elementvape.de\/\"},{\"@type\":\"ListItem\",\"position\":2,\"name\":\"Shop\",\"item\":\"https:\/\/www.elementvape.de\/shop\/\"},{\"@type\":\"ListItem\",\"position\":3,\"name\":\"Reduziert im Sommer-Sale15000 Z\u00fcge Grape Ice ELF BOX LS15000 zum Hammerpreis\"}]},{\"@type\":\"WebSite\",\"@id\":\"https:\/\/www.elementvape.de\/#website\",\"url\":\"https:\/\/www.elementvape.de\/\",\"name\":\"ElementVape.de\",\"description\":\"\",\"publisher\":{\"@id\":\"https:\/\/www.elementvape.de\/#organization\"},\"potentialAction\":[{\"@type\":\"SearchAction\",\"target\":{\"@type\":\"EntryPoint\",\"urlTemplate\":\"https:\/\/www.elementvape.de\/?s={search_term_string}\"},\"query-input\":\"required name=search_term_string\"}],\"inLanguage\":\"lt-LT\"},{\"@type\":\"Organization\",\"@id\":\"https:\/\/www.elementvape.de\/#organization\",\"name\":\"ElementVape.DE\",\"url\":\"https:\/\/www.elementvape.de\/\",\"logo\":{\"@type\":\"ImageObject\",\"inLanguage\":\"lt-LT\",\"@id\":\"https:\/\/www.elementvape.de\/#\/schema\/logo\/image\/\",\"url\":\"https:\/\/www.elementvape.de\/wp-content\/uploads\/2024\/09\/cropped-1elementvape-3.png\",\"contentUrl\":\"https:\/\/www.elementvape.de\/wp-content\/uploads\/2024\/09\/cropped-1elementvape-3.png\",\"width\":285,\"height\":228,\"caption\":\"ElementVape.DE\"},\"image\":{\"@id\":\"https:\/\/www.elementvape.de\/#\/schema\/logo\/image\/\"}}]}<\/script>\n<!-- \/ Yoast SEO plugin. -->","yoast_head_json":{"title":"Reduziert im Sommer-Sale15000 Z\u00fcge Grape Ice ELF BOX LS15000 zum Hammerpreis | ElementVape.de","description":"Wir bieten Reduziert im Sommer-Sale15000 Z\u00fcge Grape Ice ELF BOX LS15000 zum Hammerpreis , Elementvape.de akzeptieren Gro\u00df-und Einzelhandel Bestellungen.","robots":{"index":"index","follow":"follow","max-snippet":"max-snippet:-1","max-image-preview":"max-image-preview:large","max-video-preview":"max-video-preview:-1"},"canonical":"https:\/\/www.elementvape.de\/lt\/produkt\/reduziert-im-sommer-sale15000-zuege-grape-ice-elf-box-ls15000-zum-hammerpreis\/","og_locale":"lt_LT","og_type":"article","og_title":"Reduziert im Sommer-Sale15000 Z\u00fcge Grape Ice ELF BOX LS15000 zum Hammerpreis | ElementVape.de","og_description":"Wir bieten Reduziert im Sommer-Sale15000 Z\u00fcge Grape Ice ELF BOX LS15000 zum Hammerpreis , Elementvape.de akzeptieren Gro\u00df-und Einzelhandel Bestellungen.","og_url":"https:\/\/www.elementvape.de\/lt\/produkt\/reduziert-im-sommer-sale15000-zuege-grape-ice-elf-box-ls15000-zum-hammerpreis\/","og_site_name":"ElementVape.de","article_modified_time":"2024-12-12T06:34:59+00:00","og_image":[{"width":1000,"height":1000,"url":"https:\/\/www.elementvape.de\/wp-content\/uploads\/2024\/08\/Grape-ice.png","type":"image\/png"}],"twitter_card":"summary_large_image","twitter_misc":{"Est. reading time":"2 minut\u0117s"},"schema":{"@context":"https:\/\/schema.org","@graph":[{"@type":"WebPage","@id":"https:\/\/www.elementvape.de\/sk\/produkt\/reduziert-im-sommer-sale15000-zuege-grape-ice-elf-box-ls15000-zum-hammerpreis\/","url":"https:\/\/www.elementvape.de\/sk\/produkt\/reduziert-im-sommer-sale15000-zuege-grape-ice-elf-box-ls15000-zum-hammerpreis\/","name":"Reduziert im Sommer-Sale15000 Z\u00fcge Grape Ice ELF BOX LS15000 zum Hammerpreis | ElementVape.de","isPartOf":{"@id":"https:\/\/www.elementvape.de\/#website"},"primaryImageOfPage":{"@id":"https:\/\/www.elementvape.de\/sk\/produkt\/reduziert-im-sommer-sale15000-zuege-grape-ice-elf-box-ls15000-zum-hammerpreis\/#primaryimage"},"image":{"@id":"https:\/\/www.elementvape.de\/sk\/produkt\/reduziert-im-sommer-sale15000-zuege-grape-ice-elf-box-ls15000-zum-hammerpreis\/#primaryimage"},"thumbnailUrl":"https:\/\/www.elementvape.de\/wp-content\/uploads\/2024\/08\/Grape-ice.png","datePublished":"2024-08-12T08:03:38+00:00","dateModified":"2024-12-12T06:34:59+00:00","description":"Wir bieten Reduziert im Sommer-Sale15000 Z\u00fcge Grape Ice ELF BOX LS15000 zum Hammerpreis , Elementvape.de akzeptieren Gro\u00df-und Einzelhandel Bestellungen.","breadcrumb":{"@id":"https:\/\/www.elementvape.de\/sk\/produkt\/reduziert-im-sommer-sale15000-zuege-grape-ice-elf-box-ls15000-zum-hammerpreis\/#breadcrumb"},"inLanguage":"lt-LT","potentialAction":[{"@type":"ReadAction","target":["https:\/\/www.elementvape.de\/sk\/produkt\/reduziert-im-sommer-sale15000-zuege-grape-ice-elf-box-ls15000-zum-hammerpreis\/"]}]},{"@type":"ImageObject","inLanguage":"lt-LT","@id":"https:\/\/www.elementvape.de\/sk\/produkt\/reduziert-im-sommer-sale15000-zuege-grape-ice-elf-box-ls15000-zum-hammerpreis\/#primaryimage","url":"https:\/\/www.elementvape.de\/wp-content\/uploads\/2024\/08\/Grape-ice.png","contentUrl":"https:\/\/www.elementvape.de\/wp-content\/uploads\/2024\/08\/Grape-ice.png","width":1000,"height":1000,"caption":"Grape ice"},{"@type":"BreadcrumbList","@id":"https:\/\/www.elementvape.de\/sk\/produkt\/reduziert-im-sommer-sale15000-zuege-grape-ice-elf-box-ls15000-zum-hammerpreis\/#breadcrumb","itemListElement":[{"@type":"ListItem","position":1,"name":"Home","item":"https:\/\/www.elementvape.de\/"},{"@type":"ListItem","position":2,"name":"Shop","item":"https:\/\/www.elementvape.de\/shop\/"},{"@type":"ListItem","position":3,"name":"Reduziert im Sommer-Sale15000 Z\u00fcge Grape Ice ELF BOX LS15000 zum Hammerpreis"}]},{"@type":"WebSite","@id":"https:\/\/www.elementvape.de\/#website","url":"https:\/\/www.elementvape.de\/","name":"ElementVape.de","description":"","publisher":{"@id":"https:\/\/www.elementvape.de\/#organization"},"potentialAction":[{"@type":"SearchAction","target":{"@type":"EntryPoint","urlTemplate":"https:\/\/www.elementvape.de\/?s={search_term_string}"},"query-input":"required name=search_term_string"}],"inLanguage":"lt-LT"},{"@type":"Organization","@id":"https:\/\/www.elementvape.de\/#organization","name":"ElementVape.DE","url":"https:\/\/www.elementvape.de\/","logo":{"@type":"ImageObject","inLanguage":"lt-LT","@id":"https:\/\/www.elementvape.de\/#\/schema\/logo\/image\/","url":"https:\/\/www.elementvape.de\/wp-content\/uploads\/2024\/09\/cropped-1elementvape-3.png","contentUrl":"https:\/\/www.elementvape.de\/wp-content\/uploads\/2024\/09\/cropped-1elementvape-3.png","width":285,"height":228,"caption":"ElementVape.DE"},"image":{"@id":"https:\/\/www.elementvape.de\/#\/schema\/logo\/image\/"}}]}},"_links":{"self":[{"href":"https:\/\/www.elementvape.de\/lt\/wp-json\/wp\/v2\/product\/13730"}],"collection":[{"href":"https:\/\/www.elementvape.de\/lt\/wp-json\/wp\/v2\/product"}],"about":[{"href":"https:\/\/www.elementvape.de\/lt\/wp-json\/wp\/v2\/types\/product"}],"wp:featuredmedia":[{"embeddable":true,"href":"https:\/\/www.elementvape.de\/lt\/wp-json\/wp\/v2\/media\/13731"}],"wp:attachment":[{"href":"https:\/\/www.elementvape.de\/lt\/wp-json\/wp\/v2\/media?parent=13730"}],"wp:term":[{"taxonomy":"product_cat","embeddable":true,"href":"https:\/\/www.elementvape.de\/lt\/wp-json\/wp\/v2\/product_cat?post=13730"},{"taxonomy":"product_tag","embeddable":true,"href":"https:\/\/www.elementvape.de\/lt\/wp-json\/wp\/v2\/product_tag?post=13730"}],"curies":[{"name":"wp","href":"https:\/\/api.w.org\/{rel}","templated":true}]}}