{"id":13717,"date":"2024-08-09T08:42:50","date_gmt":"2024-08-09T08:42:50","guid":{"rendered":"https:\/\/www.elementvape.de\/?post_type=product&#038;p=13717"},"modified":"2024-12-12T06:35:01","modified_gmt":"2024-12-12T06:35:01","slug":"heiss-begehrte-elf-box-ls15000-in-strawberry-watermelon-qualitaet-zum-besten-preis-15000-puffs","status":"publish","type":"product","link":"https:\/\/www.elementvape.de\/lt\/produkt\/heiss-begehrte-elf-box-ls15000-in-strawberry-watermelon-qualitaet-zum-besten-preis-15000-puffs\/","title":{"rendered":"Labai geid\u017eiama ELF BOX LS15000 bra\u0161ki\u0173 ir arb\u016bzo kokyb\u0117je u\u017e geriausi\u0105 kain\u0105, 15000 \u012fkv\u0117pim\u0173"},"content":{"rendered":"<p>Strawberry Watermelon ELF BOX LS15000 jus nukels \u012f skonio kelion\u0119, kurios nepamir\u0161ite taip greitai. Derinys i\u0161 sald\u017eios, sultingos bra\u0161k\u0117s ir gaivios arb\u016bzo sukuria harmoning\u0105 skonio patirt\u012f, kuri pa\u017eadina ir atgaivina j\u016bs\u0173 poj\u016b\u010dius. Kiekvienas \u012fkv\u0117pimas yra malonumas, si\u016blantis tobul\u0105 pusiausvyr\u0105 tarp vaisinio saldumo ir \u0161alto gaivumo, idealiai tinkamas kasdieniam naudojimui arba kaip ypatingas malonumas.<\/p>\n<p>\u012esivaizduokite, kad atsipalaiduojate saul\u0117t\u0105 dien\u0105 ir m\u0117gaujat\u0117s galutiniu vaisi\u0173 sprogimu. Strawberry Watermelon E-cigaret\u0117 paver\u010dia kiekvien\u0105 akimirk\u0105 gaiviu patyrimu ir daro garinim\u0105 tikru d\u017eiaugsmu. \u0160is i\u0161skirtinis skonis yra tobulas visiems, kurie ie\u0161ko gaivaus ir saldaus malonumo, kuris lyd\u0117s juos vis\u0105 dien\u0105.<\/p>\n<h3>15 000 \u012fkv\u0117pim\u0173 privalumai<\/h3>\n<h4>Ilgalaikis naudojimas auk\u0161\u010diausiam patogumui<\/h4>\n<p>Strawberry Watermelon ELF BOX LS15000 nustato naujus standartus pasaulyje <strong><a href=\"https:\/\/www.elementvape.de\/lt\/c\/einweg-zigarette\/\">Vienkartin\u0117s elektronin\u0117s cigaret\u0117s<\/a><\/strong>. Su iki 15 000 \u012fkv\u0117pim\u0173 patirsite auk\u0161\u010diausios kokyb\u0117s garinimo patirt\u012f ilg\u0105 laik\u0105, nesukant galvos d\u0117l papildymo. \u0160is \u012fsp\u016bdingas p\u016btimo skai\u010dius daro ELF BOX LS15000 nepakei\u010diamu palydovu tiems, kurie vertina patogum\u0105 ir komfort\u0105.<\/p>\n<p>Toks dosnus t\u016bris ne tik suteikia ilgalaik\u012f malonum\u0105, bet ir i\u0161skirtin\u0119 vert\u0119. Ilga tarnavimo trukm\u0117 ir auk\u0161\u010diausios kokyb\u0117s skonis u\u017etikrina, kad gal\u0117site m\u0117gautis savo elektronine cigarete pilna apimtimi, nesileisdami \u012f kompromisus d\u0117l kokyb\u0117s. Tai daro ELF BOX LS15000 idealiu pasirinkimu tiems, kurie nori i\u0161naudoti savo garinimo patirt\u012f iki maksimumo.<\/p>\n<h4>Inovatyvi tinklinio rit\u0117s technologija u\u017etikrina nuosekli\u0105 kokyb\u0119<\/h4>\n<p>Pa\u017eangi ELF BOX LS15000 tinklinio rit\u0117s technologija garantuoja nuosekl\u0173 ir i\u0161skirtin\u012f garinimo patirt\u012f. Su 0,6 om\u0173 tinklin\u0117mis rit\u0117mis m\u0117gaukit\u0117s vienoda \u0161ilumos paskirstymu, kuris sukuria tank\u0173, aromating\u0105 gar\u0105. \u0160i technologija u\u017etikrina, kad viso elektronin\u0117s cigaret\u0117s tarnavimo metu patirsite nuosekliai auk\u0161tos kokyb\u0117s garinim\u0105.<\/p>\n<p>D\u0117ka efektyvaus \u0161ilumos paskirstymo, galite tik\u0117tis intensyvios ir vienodos skonio patirties, kuri nepalieka vietos kompromisams. Tinklin\u0117s rit\u0117s yra specialiai sukurtos optimaliai naudoti E-liquid ir nuolat teikti patenkinam\u0105 garinimo malonum\u0105, tod\u0117l Blue Razz Lemonade ELF BOX LS15000 yra b\u016btinas kiekvienam m\u0117g\u0117jui.<\/p>\n<h3>Patrauklios didmenin\u0117s kainos ir saugus pristatymas<\/h3>\n<h4>Geriausios kainos didmenininkams<\/h4>\n<p>Strawberry Watermelon ELF BOX LS15000 ne tik malonumas jums, bet ir puikus verslas pardav\u0117jams. Su patraukliomis didmenin\u0117mis kainomis, kurios si\u016blomos tiesiai i\u0161 gamyklos, galite pasinaudoti nepalyginamomis s\u0105lygomis ir savo klientus nustebinti auk\u0161tos kokyb\u0117s produktu u\u017e puik\u0173 kainos ir kokyb\u0117s santyk\u012f. Pasinaudokite \u0161ia galimybe i\u0161siskirti i\u0161 konkurent\u0173 ir pasi\u016blyti savo klientams pirmos klas\u0117s garinimo patirt\u012f.<\/p>\n<h4>Patikimas ir saugus pristatymas<\/h4>\n<p>Be puiki\u0173 didmenini\u0173 kain\u0173, m\u016bs\u0173 i\u0161samios paslaugos u\u017etikrina saug\u0173 ir patikim\u0105 pristatym\u0105. Strawberry Watermelon ELF BOX LS15000 kruop\u0161\u010diai supakuota ir laiku pristatoma jums, kad gautum\u0117te produktus nepriekai\u0161tingos b\u016bkl\u0117s. Pasitik\u0117kite m\u016bs\u0173 logistikos tarnyba ir m\u0117gaukit\u0117s skland\u017eia pirkimo patirtimi, kurioje svarbiausia kokyb\u0117 ir aptarnavimas.<\/p>\n<p>Strawberry Watermelon 15000 p\u016btim\u0173 ELF BOX LS15000 ne tik si\u016blo i\u0161skirtin\u0119 skonio patirt\u012f, bet ir i\u0161skirtinius privalumus d\u0117l ilgaam\u017ei\u0161kumo, technologij\u0173 ir kainos bei kokyb\u0117s santykio. Paverskite \u0161\u012f bestseler\u012f savo naujuoju m\u0117gstamiausiu ir \u012fsitikinkite jo kokybe bei populiarumu patys.<\/p>","protected":false},"excerpt":{"rendered":"<p>Die Strawberry Watermelon ELF BOX LS15000 bringt Sie auf eine geschmackliche Reise, die Sie nicht so schnell vergessen werden. Die Kombination aus der s\u00fc\u00dfen, saftigen Erdbeere und der erfrischenden Wassermelone schafft ein harmonisches Geschmackserlebnis, das Ihre Sinne belebt und erfrischt. Jeder Zug ist ein Genuss, der Ihnen die perfekte Balance zwischen fruchtiger S\u00fc\u00dfe und k\u00fchler [&hellip;]<\/p>","protected":false},"featured_media":13718,"template":"","meta":{"inline_featured_image":false},"product_cat":[15,78,747,740,734,753,716,732],"product_tag":[710,674],"tiered_pricing_type":"fixed","tiered_pricing_fixed_rules":{"110":"7.54","200":"6.68","500":"5.85"},"tiered_pricing_percentage_rules":[],"tiered_pricing_minimum":1,"_administrator_tiered_pricing_type":"fixed","_administrator_tiered_pricing_fixed_rules":[],"_editor_tiered_pricing_type":"fixed","_editor_tiered_pricing_fixed_rules":[],"_author_tiered_pricing_type":"fixed","_author_tiered_pricing_fixed_rules":[],"_contributor_tiered_pricing_type":"fixed","_contributor_tiered_pricing_fixed_rules":[],"_subscriber_tiered_pricing_type":"fixed","_subscriber_tiered_pricing_fixed_rules":[],"_customer_tiered_pricing_type":"fixed","_customer_tiered_pricing_fixed_rules":[],"_shop_manager_tiered_pricing_type":"fixed","_shop_manager_tiered_pricing_fixed_rules":[],"_wpseo_manager_tiered_pricing_type":"fixed","_wpseo_manager_tiered_pricing_fixed_rules":[],"_wpseo_editor_tiered_pricing_type":"fixed","_wpseo_editor_tiered_pricing_fixed_rules":[],"_wholesale_customer_tiered_pricing_type":"fixed","_wholesale_customer_tiered_pricing_fixed_rules":[],"_marketer_tiered_pricing_type":"fixed","_marketer_tiered_pricing_fixed_rules":[],"_sales_manager_tiered_pricing_type":"fixed","_sales_manager_tiered_pricing_fixed_rules":[],"_sales_rep_tiered_pricing_type":"fixed","_sales_rep_tiered_pricing_fixed_rules":[],"yoast_head":"<!-- This site is optimized with the Yoast SEO plugin v23.3 - https:\/\/yoast.com\/wordpress\/plugins\/seo\/ -->\n<title>Hei\u00df begehrte ELF BOX LS15000 in Strawberry Watermelon Qualit\u00e4t zum besten Preis 15000 puffs | ElementVape.de<\/title>\n<meta name=\"description\" content=\"Wir bieten Hei\u00df begehrte ELF BOX LS15000 in Strawberry Watermelon Qualit\u00e4t zum besten Preis 15000 puffs , Elementvape.de akzeptieren Gro\u00df-und Einzelhandel Bestellungen.\" \/>\n<meta name=\"robots\" content=\"index, follow, max-snippet:-1, max-image-preview:large, max-video-preview:-1\" \/>\n<link rel=\"canonical\" href=\"https:\/\/www.elementvape.de\/lt\/produkt\/heiss-begehrte-elf-box-ls15000-in-strawberry-watermelon-qualitaet-zum-besten-preis-15000-puffs\/\" \/>\n<meta property=\"og:locale\" content=\"lt_LT\" \/>\n<meta property=\"og:type\" content=\"article\" \/>\n<meta property=\"og:title\" content=\"Hei\u00df begehrte ELF BOX LS15000 in Strawberry Watermelon Qualit\u00e4t zum besten Preis 15000 puffs | ElementVape.de\" \/>\n<meta property=\"og:description\" content=\"Wir bieten Hei\u00df begehrte ELF BOX LS15000 in Strawberry Watermelon Qualit\u00e4t zum besten Preis 15000 puffs , Elementvape.de akzeptieren Gro\u00df-und Einzelhandel Bestellungen.\" \/>\n<meta property=\"og:url\" content=\"https:\/\/www.elementvape.de\/lt\/produkt\/heiss-begehrte-elf-box-ls15000-in-strawberry-watermelon-qualitaet-zum-besten-preis-15000-puffs\/\" \/>\n<meta property=\"og:site_name\" content=\"ElementVape.de\" \/>\n<meta property=\"article:modified_time\" content=\"2024-12-12T06:35:01+00:00\" \/>\n<meta property=\"og:image\" content=\"https:\/\/www.elementvape.de\/wp-content\/uploads\/2024\/08\/Strawberry-Watermelon.png\" \/>\n\t<meta property=\"og:image:width\" content=\"1000\" \/>\n\t<meta property=\"og:image:height\" content=\"1000\" \/>\n\t<meta property=\"og:image:type\" content=\"image\/png\" \/>\n<meta name=\"twitter:card\" content=\"summary_large_image\" \/>\n<meta name=\"twitter:label1\" content=\"Est. reading time\" \/>\n\t<meta name=\"twitter:data1\" content=\"4 minut\u0117s\" \/>\n<script type=\"application\/ld+json\" class=\"yoast-schema-graph\">{\"@context\":\"https:\/\/schema.org\",\"@graph\":[{\"@type\":\"WebPage\",\"@id\":\"https:\/\/www.elementvape.de\/es\/produkt\/heiss-begehrte-elf-box-ls15000-in-strawberry-watermelon-qualitaet-zum-besten-preis-15000-puffs\/\",\"url\":\"https:\/\/www.elementvape.de\/es\/produkt\/heiss-begehrte-elf-box-ls15000-in-strawberry-watermelon-qualitaet-zum-besten-preis-15000-puffs\/\",\"name\":\"Hei\u00df begehrte ELF BOX LS15000 in Strawberry Watermelon Qualit\u00e4t zum besten Preis 15000 puffs | ElementVape.de\",\"isPartOf\":{\"@id\":\"https:\/\/www.elementvape.de\/#website\"},\"primaryImageOfPage\":{\"@id\":\"https:\/\/www.elementvape.de\/es\/produkt\/heiss-begehrte-elf-box-ls15000-in-strawberry-watermelon-qualitaet-zum-besten-preis-15000-puffs\/#primaryimage\"},\"image\":{\"@id\":\"https:\/\/www.elementvape.de\/es\/produkt\/heiss-begehrte-elf-box-ls15000-in-strawberry-watermelon-qualitaet-zum-besten-preis-15000-puffs\/#primaryimage\"},\"thumbnailUrl\":\"https:\/\/www.elementvape.de\/wp-content\/uploads\/2024\/08\/Strawberry-Watermelon.png\",\"datePublished\":\"2024-08-09T08:42:50+00:00\",\"dateModified\":\"2024-12-12T06:35:01+00:00\",\"description\":\"Wir bieten Hei\u00df begehrte ELF BOX LS15000 in Strawberry Watermelon Qualit\u00e4t zum besten Preis 15000 puffs , Elementvape.de akzeptieren Gro\u00df-und Einzelhandel Bestellungen.\",\"breadcrumb\":{\"@id\":\"https:\/\/www.elementvape.de\/es\/produkt\/heiss-begehrte-elf-box-ls15000-in-strawberry-watermelon-qualitaet-zum-besten-preis-15000-puffs\/#breadcrumb\"},\"inLanguage\":\"lt-LT\",\"potentialAction\":[{\"@type\":\"ReadAction\",\"target\":[\"https:\/\/www.elementvape.de\/es\/produkt\/heiss-begehrte-elf-box-ls15000-in-strawberry-watermelon-qualitaet-zum-besten-preis-15000-puffs\/\"]}]},{\"@type\":\"ImageObject\",\"inLanguage\":\"lt-LT\",\"@id\":\"https:\/\/www.elementvape.de\/es\/produkt\/heiss-begehrte-elf-box-ls15000-in-strawberry-watermelon-qualitaet-zum-besten-preis-15000-puffs\/#primaryimage\",\"url\":\"https:\/\/www.elementvape.de\/wp-content\/uploads\/2024\/08\/Strawberry-Watermelon.png\",\"contentUrl\":\"https:\/\/www.elementvape.de\/wp-content\/uploads\/2024\/08\/Strawberry-Watermelon.png\",\"width\":1000,\"height\":1000,\"caption\":\"Strawberry Watermelon\"},{\"@type\":\"BreadcrumbList\",\"@id\":\"https:\/\/www.elementvape.de\/es\/produkt\/heiss-begehrte-elf-box-ls15000-in-strawberry-watermelon-qualitaet-zum-besten-preis-15000-puffs\/#breadcrumb\",\"itemListElement\":[{\"@type\":\"ListItem\",\"position\":1,\"name\":\"Home\",\"item\":\"https:\/\/www.elementvape.de\/\"},{\"@type\":\"ListItem\",\"position\":2,\"name\":\"Shop\",\"item\":\"https:\/\/www.elementvape.de\/shop\/\"},{\"@type\":\"ListItem\",\"position\":3,\"name\":\"Hei\u00df begehrte ELF BOX LS15000 in Strawberry Watermelon Qualit\u00e4t zum besten Preis 15000 puffs\"}]},{\"@type\":\"WebSite\",\"@id\":\"https:\/\/www.elementvape.de\/#website\",\"url\":\"https:\/\/www.elementvape.de\/\",\"name\":\"ElementVape.de\",\"description\":\"\",\"publisher\":{\"@id\":\"https:\/\/www.elementvape.de\/#organization\"},\"potentialAction\":[{\"@type\":\"SearchAction\",\"target\":{\"@type\":\"EntryPoint\",\"urlTemplate\":\"https:\/\/www.elementvape.de\/?s={search_term_string}\"},\"query-input\":\"required name=search_term_string\"}],\"inLanguage\":\"lt-LT\"},{\"@type\":\"Organization\",\"@id\":\"https:\/\/www.elementvape.de\/#organization\",\"name\":\"ElementVape.DE\",\"url\":\"https:\/\/www.elementvape.de\/\",\"logo\":{\"@type\":\"ImageObject\",\"inLanguage\":\"lt-LT\",\"@id\":\"https:\/\/www.elementvape.de\/#\/schema\/logo\/image\/\",\"url\":\"https:\/\/www.elementvape.de\/wp-content\/uploads\/2024\/09\/cropped-1elementvape-3.png\",\"contentUrl\":\"https:\/\/www.elementvape.de\/wp-content\/uploads\/2024\/09\/cropped-1elementvape-3.png\",\"width\":285,\"height\":228,\"caption\":\"ElementVape.DE\"},\"image\":{\"@id\":\"https:\/\/www.elementvape.de\/#\/schema\/logo\/image\/\"}}]}<\/script>\n<!-- \/ Yoast SEO plugin. -->","yoast_head_json":{"title":"Hei\u00df begehrte ELF BOX LS15000 in Strawberry Watermelon Qualit\u00e4t zum besten Preis 15000 puffs | ElementVape.de","description":"Wir bieten Hei\u00df begehrte ELF BOX LS15000 in Strawberry Watermelon Qualit\u00e4t zum besten Preis 15000 puffs , Elementvape.de akzeptieren Gro\u00df-und Einzelhandel Bestellungen.","robots":{"index":"index","follow":"follow","max-snippet":"max-snippet:-1","max-image-preview":"max-image-preview:large","max-video-preview":"max-video-preview:-1"},"canonical":"https:\/\/www.elementvape.de\/lt\/produkt\/heiss-begehrte-elf-box-ls15000-in-strawberry-watermelon-qualitaet-zum-besten-preis-15000-puffs\/","og_locale":"lt_LT","og_type":"article","og_title":"Hei\u00df begehrte ELF BOX LS15000 in Strawberry Watermelon Qualit\u00e4t zum besten Preis 15000 puffs | ElementVape.de","og_description":"Wir bieten Hei\u00df begehrte ELF BOX LS15000 in Strawberry Watermelon Qualit\u00e4t zum besten Preis 15000 puffs , Elementvape.de akzeptieren Gro\u00df-und Einzelhandel Bestellungen.","og_url":"https:\/\/www.elementvape.de\/lt\/produkt\/heiss-begehrte-elf-box-ls15000-in-strawberry-watermelon-qualitaet-zum-besten-preis-15000-puffs\/","og_site_name":"ElementVape.de","article_modified_time":"2024-12-12T06:35:01+00:00","og_image":[{"width":1000,"height":1000,"url":"https:\/\/www.elementvape.de\/wp-content\/uploads\/2024\/08\/Strawberry-Watermelon.png","type":"image\/png"}],"twitter_card":"summary_large_image","twitter_misc":{"Est. reading time":"4 minut\u0117s"},"schema":{"@context":"https:\/\/schema.org","@graph":[{"@type":"WebPage","@id":"https:\/\/www.elementvape.de\/es\/produkt\/heiss-begehrte-elf-box-ls15000-in-strawberry-watermelon-qualitaet-zum-besten-preis-15000-puffs\/","url":"https:\/\/www.elementvape.de\/es\/produkt\/heiss-begehrte-elf-box-ls15000-in-strawberry-watermelon-qualitaet-zum-besten-preis-15000-puffs\/","name":"Hei\u00df begehrte ELF BOX LS15000 in Strawberry Watermelon Qualit\u00e4t zum besten Preis 15000 puffs | ElementVape.de","isPartOf":{"@id":"https:\/\/www.elementvape.de\/#website"},"primaryImageOfPage":{"@id":"https:\/\/www.elementvape.de\/es\/produkt\/heiss-begehrte-elf-box-ls15000-in-strawberry-watermelon-qualitaet-zum-besten-preis-15000-puffs\/#primaryimage"},"image":{"@id":"https:\/\/www.elementvape.de\/es\/produkt\/heiss-begehrte-elf-box-ls15000-in-strawberry-watermelon-qualitaet-zum-besten-preis-15000-puffs\/#primaryimage"},"thumbnailUrl":"https:\/\/www.elementvape.de\/wp-content\/uploads\/2024\/08\/Strawberry-Watermelon.png","datePublished":"2024-08-09T08:42:50+00:00","dateModified":"2024-12-12T06:35:01+00:00","description":"Wir bieten Hei\u00df begehrte ELF BOX LS15000 in Strawberry Watermelon Qualit\u00e4t zum besten Preis 15000 puffs , Elementvape.de akzeptieren Gro\u00df-und Einzelhandel Bestellungen.","breadcrumb":{"@id":"https:\/\/www.elementvape.de\/es\/produkt\/heiss-begehrte-elf-box-ls15000-in-strawberry-watermelon-qualitaet-zum-besten-preis-15000-puffs\/#breadcrumb"},"inLanguage":"lt-LT","potentialAction":[{"@type":"ReadAction","target":["https:\/\/www.elementvape.de\/es\/produkt\/heiss-begehrte-elf-box-ls15000-in-strawberry-watermelon-qualitaet-zum-besten-preis-15000-puffs\/"]}]},{"@type":"ImageObject","inLanguage":"lt-LT","@id":"https:\/\/www.elementvape.de\/es\/produkt\/heiss-begehrte-elf-box-ls15000-in-strawberry-watermelon-qualitaet-zum-besten-preis-15000-puffs\/#primaryimage","url":"https:\/\/www.elementvape.de\/wp-content\/uploads\/2024\/08\/Strawberry-Watermelon.png","contentUrl":"https:\/\/www.elementvape.de\/wp-content\/uploads\/2024\/08\/Strawberry-Watermelon.png","width":1000,"height":1000,"caption":"Strawberry Watermelon"},{"@type":"BreadcrumbList","@id":"https:\/\/www.elementvape.de\/es\/produkt\/heiss-begehrte-elf-box-ls15000-in-strawberry-watermelon-qualitaet-zum-besten-preis-15000-puffs\/#breadcrumb","itemListElement":[{"@type":"ListItem","position":1,"name":"Home","item":"https:\/\/www.elementvape.de\/"},{"@type":"ListItem","position":2,"name":"Shop","item":"https:\/\/www.elementvape.de\/shop\/"},{"@type":"ListItem","position":3,"name":"Hei\u00df begehrte ELF BOX LS15000 in Strawberry Watermelon Qualit\u00e4t zum besten Preis 15000 puffs"}]},{"@type":"WebSite","@id":"https:\/\/www.elementvape.de\/#website","url":"https:\/\/www.elementvape.de\/","name":"ElementVape.de","description":"","publisher":{"@id":"https:\/\/www.elementvape.de\/#organization"},"potentialAction":[{"@type":"SearchAction","target":{"@type":"EntryPoint","urlTemplate":"https:\/\/www.elementvape.de\/?s={search_term_string}"},"query-input":"required name=search_term_string"}],"inLanguage":"lt-LT"},{"@type":"Organization","@id":"https:\/\/www.elementvape.de\/#organization","name":"ElementVape.DE","url":"https:\/\/www.elementvape.de\/","logo":{"@type":"ImageObject","inLanguage":"lt-LT","@id":"https:\/\/www.elementvape.de\/#\/schema\/logo\/image\/","url":"https:\/\/www.elementvape.de\/wp-content\/uploads\/2024\/09\/cropped-1elementvape-3.png","contentUrl":"https:\/\/www.elementvape.de\/wp-content\/uploads\/2024\/09\/cropped-1elementvape-3.png","width":285,"height":228,"caption":"ElementVape.DE"},"image":{"@id":"https:\/\/www.elementvape.de\/#\/schema\/logo\/image\/"}}]}},"_links":{"self":[{"href":"https:\/\/www.elementvape.de\/lt\/wp-json\/wp\/v2\/product\/13717"}],"collection":[{"href":"https:\/\/www.elementvape.de\/lt\/wp-json\/wp\/v2\/product"}],"about":[{"href":"https:\/\/www.elementvape.de\/lt\/wp-json\/wp\/v2\/types\/product"}],"wp:featuredmedia":[{"embeddable":true,"href":"https:\/\/www.elementvape.de\/lt\/wp-json\/wp\/v2\/media\/13718"}],"wp:attachment":[{"href":"https:\/\/www.elementvape.de\/lt\/wp-json\/wp\/v2\/media?parent=13717"}],"wp:term":[{"taxonomy":"product_cat","embeddable":true,"href":"https:\/\/www.elementvape.de\/lt\/wp-json\/wp\/v2\/product_cat?post=13717"},{"taxonomy":"product_tag","embeddable":true,"href":"https:\/\/www.elementvape.de\/lt\/wp-json\/wp\/v2\/product_tag?post=13717"}],"curies":[{"name":"wp","href":"https:\/\/api.w.org\/{rel}","templated":true}]}}