{"id":13665,"date":"2024-08-06T07:06:16","date_gmt":"2024-08-06T07:06:16","guid":{"rendered":"https:\/\/www.elementvape.de\/?post_type=product&#038;p=13665"},"modified":"2024-12-12T06:35:12","modified_gmt":"2024-12-12T06:35:12","slug":"strawberry-watermelon12000-puffs-akzeptieren-sie-kleine-mengen-im-grosshandel-elf-box-digital-12000","status":"publish","type":"product","link":"https:\/\/www.elementvape.de\/lt\/produkt\/strawberry-watermelon12000-puffs-akzeptieren-sie-kleine-mengen-im-grosshandel-elf-box-digital-12000\/","title":{"rendered":"Strawberry Watermelon 12000 \u012fkv\u0117pim\u0173 Priimkite ma\u017eus kiekius didmenin\u0117je prekyboje ELF BOX Digital 12000"},"content":{"rendered":"<div class=\"flex-shrink-0 flex flex-col relative items-end\">\n<div>\n<div class=\"pt-0\">\n<div class=\"gizmo-bot-avatar flex h-8 w-8 items-center justify-center overflow-hidden rounded-full\">\n<div class=\"relative p-1 rounded-sm flex items-center justify-center bg-token-main-surface-primary text-token-text-primary h-8 w-8\"><\/div>\n<\/div>\n<\/div>\n<\/div>\n<\/div>\n<div class=\"group\/conversation-turn relative flex w-full min-w-0 flex-col agent-turn\">\n<div class=\"flex-col gap-1 md:gap-3\">\n<div class=\"flex flex-grow flex-col max-w-full\">\n<div class=\"min-h-[20px] text-message flex w-full flex-col items-end gap-2 whitespace-pre-wrap break-words [.text-message+&amp;]:mt-5 overflow-x-auto\" dir=\"auto\" data-message-author-role=\"assistant\" data-message-id=\"6e31115f-9167-4042-a349-1230898501be\">\n<div class=\"flex w-full flex-col gap-1 empty:hidden first:pt-[3px]\">\n<div class=\"markdown prose w-full break-words dark:prose-invert light\">\n<p>The <strong>ELF BOX Skaitmeninis 12000<\/strong> skonio kryptis <strong>Bra\u0161ki\u0173 ledas<\/strong> si\u016blo patraukli\u0105 galimyb\u0119 privatiniams garintojams ir didmeniniams pirk\u0117jams. \u010cia yra i\u0161samios \u0161io konkretaus produkto savyb\u0117s ir technin\u0117s charakteristikos:<\/p>\n<figure id=\"attachment_13666\" aria-describedby=\"caption-attachment-13666\" style=\"width: 300px\" class=\"wp-caption alignnone\"><img loading=\"lazy\" decoding=\"async\" class=\"size-medium wp-image-13666\" src=\"https:\/\/www.elementvape.de\/wp-content\/uploads\/2024\/08\/Strawberry-Watermelon-\u8349\u8393\u897f\u74dc-300x300.jpg\" alt=\"Bra\u0161k\u0117 arb\u016bzas\" width=\"300\" height=\"300\" srcset=\"https:\/\/www.elementvape.de\/wp-content\/uploads\/2024\/08\/Strawberry-Watermelon-\u8349\u8393\u897f\u74dc-300x300.jpg 300w, https:\/\/www.elementvape.de\/wp-content\/uploads\/2024\/08\/Strawberry-Watermelon-\u8349\u8393\u897f\u74dc-150x150.jpg 150w, https:\/\/www.elementvape.de\/wp-content\/uploads\/2024\/08\/Strawberry-Watermelon-\u8349\u8393\u897f\u74dc-768x768.jpg 768w, https:\/\/www.elementvape.de\/wp-content\/uploads\/2024\/08\/Strawberry-Watermelon-\u8349\u8393\u897f\u74dc-600x600.jpg 600w, https:\/\/www.elementvape.de\/wp-content\/uploads\/2024\/08\/Strawberry-Watermelon-\u8349\u8393\u897f\u74dc-100x100.jpg 100w, https:\/\/www.elementvape.de\/wp-content\/uploads\/2024\/08\/Strawberry-Watermelon-\u8349\u8393\u897f\u74dc-50x50.jpg 50w, https:\/\/www.elementvape.de\/wp-content\/uploads\/2024\/08\/Strawberry-Watermelon-\u8349\u8393\u897f\u74dc.jpg 1000w\" sizes=\"(max-width: 300px) 100vw, 300px\" \/><figcaption id=\"caption-attachment-13666\" class=\"wp-caption-text\">Bra\u0161k\u0117 arb\u016bzas<\/figcaption><\/figure>\n<h3>Produkto technin\u0117s charakteristikos:<\/h3>\n<ul>\n<li><strong>Skonis:<\/strong> Bra\u0161ki\u0173 ledas<\/li>\n<li><strong>Vagon\u0173 skai\u010dius:<\/strong> 12.000 \u012fjungim\u0173<\/li>\n<li><strong>Vamzdelio tipas:<\/strong> Tinklelio vamzdelis 0,8 Ohm<\/li>\n<li><strong>Elektroninio skys\u010dio talpa:<\/strong> 25 ml<\/li>\n<li><strong>N:<\/strong> 2 %, 5 %<\/li>\n<li><strong>Akumuliatorius:<\/strong> 13350, 500 mAh (\u012fkraunamas per Type-C)<\/li>\n<li><strong>Ekranas:<\/strong> Skaitmeninis ekranas rodo E-liquido ir akumuliatoriaus b\u016bsen\u0105<\/li>\n<li><strong>Produkto svoris:<\/strong> 82 gramai<\/li>\n<li><strong>Produkto dydis:<\/strong> 30\u00d757\u00d7101 mm<\/li>\n<\/ul>\n<h3>Pagrindin\u0117s savyb\u0117s:<\/h3>\n<ul>\n<li><strong>Didelis \u012fkv\u0117pim\u0173 skai\u010dius:<\/strong> 12 000 \u012fkv\u0117pim\u0173 u\u017etikrina ilgalaik\u012f naudojim\u0105 ir suma\u017eina da\u017en\u0173 keitim\u0173 poreik\u012f.<\/li>\n<li><strong>Tinklelio rit\u0117s technologija:<\/strong> Pateikia tolyg\u0173 ir patobulint\u0105 skon\u012f bei u\u017etikrina patenkinam\u0105 garinimo patirt\u012f.<\/li>\n<li><strong>Didel\u0117 E-liquido talpa:<\/strong> 25 ml E-liquido leid\u017eia ilgalaik\u012f garinim\u0105 be da\u017en\u0173 papildym\u0173.<\/li>\n<li><strong>Nikotin\u0173 pasirinkimai:<\/strong> Skirtingos N-koncentracijos (2 %, 5 %) atitinka \u012fvairi\u0173 vartotoj\u0173 pageidavimus.<\/li>\n<li><strong>\u012ekraunamas akumuliatorius:<\/strong> 500 mAh akumuliatorius lengvai \u012fkraunamas per Type-C kabel\u012f ir tinka nuolatiniam naudojimui.<\/li>\n<li><strong>Skaitmeninis rodiklis:<\/strong> Integruotas skaitmeninis ekranas rodo realaus laiko informacij\u0105 apie likus\u012f E-liquido kiek\u012f ir akumuliatoriaus b\u016bsen\u0105.<\/li>\n<li><strong>Ne\u0161iojamas dizainas:<\/strong> Kompakti\u0161kas ir lengvas dizainas (82 gramai ir 30\u00d757\u00d7101 mm) palengvina transportavim\u0105 ir naudojim\u0105 keliaujant.<\/li>\n<\/ul>\n<h3>Didmenin\u0117s naudos:<\/h3>\n<ul>\n<li><strong>Tiesiogin\u0117 pardavimas i\u0161 gamyklos:<\/strong> U\u017etikrinama konkurencinga kain\u0173 ir \u0161vie\u017ei\u0173 produkt\u0173 pasi\u016bla.<\/li>\n<li><strong>Priimami ma\u017eesni u\u017esakymai:<\/strong> Lankstumas didmeniniams pirk\u0117jams.<\/li>\n<\/ul>\n<h3>Pakavimo specifikacijos:<\/h3>\n<ul>\n<li><strong>D\u0117\u017e\u0117s dydis:<\/strong> 615\u00d7223\u00d7330 mm<\/li>\n<li><strong>Kiekis vienoje d\u0117\u017e\u0117je:<\/strong> 200 vienet\u0173<\/li>\n<li><strong>Bruto svoris vienoje d\u0117\u017e\u0117je:<\/strong> 17,5 kg<\/li>\n<\/ul>\n<p>The <strong>ELF BOX Digital 12000 Bra\u0161ki\u0173 Arb\u016bzas<\/strong> (12 000 \u012fkv\u0117pim\u0173) si\u016blo maloni\u0105 ir gaivi\u0105 garinimo patirt\u012f su galimybe \u012fsigyti ma\u017eesnius kiekius didmenin\u0117mis s\u0105lygomis.<\/p>\n<\/div>\n<\/div>\n<\/div>\n<\/div>\n<\/div>\n<\/div>","protected":false},"excerpt":{"rendered":"<p>Die ELF BOX Digital 12000 in der Geschmacksrichtung Erdbeereis bietet eine attraktive Option f\u00fcr Privatdampfer und Gro\u00dfk\u00e4ufer. Hier sind die detaillierten Merkmale und Spezifikationen dieses spezifischen Produkts: Produktspezifikationen: Geschmack: Erdbeereis Anzahl der Z\u00fcge: 12.000 Z\u00fcge Spulentyp: Mesh-Spule 0,8 Ohm E-Liquid-Kapazit\u00e4t: 25 ml N: 2 %, 5 % Akku: 13350, 500 mAh (aufladbar \u00fcber Typ-C) Display: [&hellip;]<\/p>","protected":false},"featured_media":13666,"template":"","meta":{"inline_featured_image":false},"product_cat":[15,78,747,740,734,753,715,732],"product_tag":[710,673],"tiered_pricing_type":"fixed","tiered_pricing_fixed_rules":{"110":"7.00","200":"6.22","500":"5.45"},"tiered_pricing_percentage_rules":[],"tiered_pricing_minimum":1,"_administrator_tiered_pricing_type":"fixed","_administrator_tiered_pricing_fixed_rules":[],"_editor_tiered_pricing_type":"fixed","_editor_tiered_pricing_fixed_rules":[],"_author_tiered_pricing_type":"fixed","_author_tiered_pricing_fixed_rules":[],"_contributor_tiered_pricing_type":"fixed","_contributor_tiered_pricing_fixed_rules":[],"_subscriber_tiered_pricing_type":"fixed","_subscriber_tiered_pricing_fixed_rules":[],"_customer_tiered_pricing_type":"fixed","_customer_tiered_pricing_fixed_rules":[],"_shop_manager_tiered_pricing_type":"fixed","_shop_manager_tiered_pricing_fixed_rules":[],"_wpseo_manager_tiered_pricing_type":"fixed","_wpseo_manager_tiered_pricing_fixed_rules":[],"_wpseo_editor_tiered_pricing_type":"fixed","_wpseo_editor_tiered_pricing_fixed_rules":[],"_wholesale_customer_tiered_pricing_type":"fixed","_wholesale_customer_tiered_pricing_fixed_rules":[],"_marketer_tiered_pricing_type":"fixed","_marketer_tiered_pricing_fixed_rules":[],"_sales_manager_tiered_pricing_type":"fixed","_sales_manager_tiered_pricing_fixed_rules":[],"_sales_rep_tiered_pricing_type":"fixed","_sales_rep_tiered_pricing_fixed_rules":[],"yoast_head":"<!-- This site is optimized with the Yoast SEO plugin v23.3 - https:\/\/yoast.com\/wordpress\/plugins\/seo\/ -->\n<title>Strawberry Watermelon12000 puffs Akzeptieren Sie kleine Mengen im Gro\u00dfhandel ELF BOX Digital 12000 | ElementVape.de<\/title>\n<meta name=\"description\" content=\"Wir bieten Strawberry Watermelon12000 puffs Akzeptieren Sie kleine Mengen im Gro\u00dfhandel ELF BOX Digital 12000 , Elementvape.de akzeptieren Gro\u00df-und Einzelhandel Bestellungen.\" \/>\n<meta name=\"robots\" content=\"index, follow, max-snippet:-1, max-image-preview:large, max-video-preview:-1\" \/>\n<link rel=\"canonical\" href=\"https:\/\/www.elementvape.de\/lt\/produkt\/strawberry-watermelon12000-puffs-akzeptieren-sie-kleine-mengen-im-grosshandel-elf-box-digital-12000\/\" \/>\n<meta property=\"og:locale\" content=\"lt_LT\" \/>\n<meta property=\"og:type\" content=\"article\" \/>\n<meta property=\"og:title\" content=\"Strawberry Watermelon12000 puffs Akzeptieren Sie kleine Mengen im Gro\u00dfhandel ELF BOX Digital 12000 | ElementVape.de\" \/>\n<meta property=\"og:description\" content=\"Wir bieten Strawberry Watermelon12000 puffs Akzeptieren Sie kleine Mengen im Gro\u00dfhandel ELF BOX Digital 12000 , Elementvape.de akzeptieren Gro\u00df-und Einzelhandel Bestellungen.\" \/>\n<meta property=\"og:url\" content=\"https:\/\/www.elementvape.de\/lt\/produkt\/strawberry-watermelon12000-puffs-akzeptieren-sie-kleine-mengen-im-grosshandel-elf-box-digital-12000\/\" \/>\n<meta property=\"og:site_name\" content=\"ElementVape.de\" \/>\n<meta property=\"article:modified_time\" content=\"2024-12-12T06:35:12+00:00\" \/>\n<meta property=\"og:image\" content=\"https:\/\/www.elementvape.de\/wp-content\/uploads\/2024\/08\/Strawberry-Watermelon-\u8349\u8393\u897f\u74dc.jpg\" \/>\n\t<meta property=\"og:image:width\" content=\"1000\" \/>\n\t<meta property=\"og:image:height\" content=\"1000\" \/>\n\t<meta property=\"og:image:type\" content=\"image\/jpeg\" \/>\n<meta name=\"twitter:card\" content=\"summary_large_image\" \/>\n<meta name=\"twitter:label1\" content=\"Est. reading time\" \/>\n\t<meta name=\"twitter:data1\" content=\"2 minut\u0117s\" \/>\n<script type=\"application\/ld+json\" class=\"yoast-schema-graph\">{\"@context\":\"https:\/\/schema.org\",\"@graph\":[{\"@type\":\"WebPage\",\"@id\":\"https:\/\/www.elementvape.de\/produkt\/strawberry-watermelon12000-puffs-akzeptieren-sie-kleine-mengen-im-grosshandel-elf-box-digital-12000\/\",\"url\":\"https:\/\/www.elementvape.de\/produkt\/strawberry-watermelon12000-puffs-akzeptieren-sie-kleine-mengen-im-grosshandel-elf-box-digital-12000\/\",\"name\":\"Strawberry Watermelon12000 puffs Akzeptieren Sie kleine Mengen im Gro\u00dfhandel ELF BOX Digital 12000 | ElementVape.de\",\"isPartOf\":{\"@id\":\"https:\/\/www.elementvape.de\/#website\"},\"primaryImageOfPage\":{\"@id\":\"https:\/\/www.elementvape.de\/produkt\/strawberry-watermelon12000-puffs-akzeptieren-sie-kleine-mengen-im-grosshandel-elf-box-digital-12000\/#primaryimage\"},\"image\":{\"@id\":\"https:\/\/www.elementvape.de\/produkt\/strawberry-watermelon12000-puffs-akzeptieren-sie-kleine-mengen-im-grosshandel-elf-box-digital-12000\/#primaryimage\"},\"thumbnailUrl\":\"https:\/\/www.elementvape.de\/wp-content\/uploads\/2024\/08\/Strawberry-Watermelon-\u8349\u8393\u897f\u74dc.jpg\",\"datePublished\":\"2024-08-06T07:06:16+00:00\",\"dateModified\":\"2024-12-12T06:35:12+00:00\",\"description\":\"Wir bieten Strawberry Watermelon12000 puffs Akzeptieren Sie kleine Mengen im Gro\u00dfhandel ELF BOX Digital 12000 , Elementvape.de akzeptieren Gro\u00df-und Einzelhandel Bestellungen.\",\"breadcrumb\":{\"@id\":\"https:\/\/www.elementvape.de\/produkt\/strawberry-watermelon12000-puffs-akzeptieren-sie-kleine-mengen-im-grosshandel-elf-box-digital-12000\/#breadcrumb\"},\"inLanguage\":\"lt-LT\",\"potentialAction\":[{\"@type\":\"ReadAction\",\"target\":[\"https:\/\/www.elementvape.de\/produkt\/strawberry-watermelon12000-puffs-akzeptieren-sie-kleine-mengen-im-grosshandel-elf-box-digital-12000\/\"]}]},{\"@type\":\"ImageObject\",\"inLanguage\":\"lt-LT\",\"@id\":\"https:\/\/www.elementvape.de\/produkt\/strawberry-watermelon12000-puffs-akzeptieren-sie-kleine-mengen-im-grosshandel-elf-box-digital-12000\/#primaryimage\",\"url\":\"https:\/\/www.elementvape.de\/wp-content\/uploads\/2024\/08\/Strawberry-Watermelon-\u8349\u8393\u897f\u74dc.jpg\",\"contentUrl\":\"https:\/\/www.elementvape.de\/wp-content\/uploads\/2024\/08\/Strawberry-Watermelon-\u8349\u8393\u897f\u74dc.jpg\",\"width\":1000,\"height\":1000,\"caption\":\"Strawberry Watermelon\"},{\"@type\":\"BreadcrumbList\",\"@id\":\"https:\/\/www.elementvape.de\/produkt\/strawberry-watermelon12000-puffs-akzeptieren-sie-kleine-mengen-im-grosshandel-elf-box-digital-12000\/#breadcrumb\",\"itemListElement\":[{\"@type\":\"ListItem\",\"position\":1,\"name\":\"Home\",\"item\":\"https:\/\/www.elementvape.de\/\"},{\"@type\":\"ListItem\",\"position\":2,\"name\":\"Shop\",\"item\":\"https:\/\/www.elementvape.de\/shop\/\"},{\"@type\":\"ListItem\",\"position\":3,\"name\":\"Strawberry Watermelon12000 puffs Akzeptieren Sie kleine Mengen im Gro\u00dfhandel ELF BOX Digital 12000\"}]},{\"@type\":\"WebSite\",\"@id\":\"https:\/\/www.elementvape.de\/#website\",\"url\":\"https:\/\/www.elementvape.de\/\",\"name\":\"ElementVape.de\",\"description\":\"\",\"publisher\":{\"@id\":\"https:\/\/www.elementvape.de\/#organization\"},\"potentialAction\":[{\"@type\":\"SearchAction\",\"target\":{\"@type\":\"EntryPoint\",\"urlTemplate\":\"https:\/\/www.elementvape.de\/?s={search_term_string}\"},\"query-input\":\"required name=search_term_string\"}],\"inLanguage\":\"lt-LT\"},{\"@type\":\"Organization\",\"@id\":\"https:\/\/www.elementvape.de\/#organization\",\"name\":\"ElementVape.DE\",\"url\":\"https:\/\/www.elementvape.de\/\",\"logo\":{\"@type\":\"ImageObject\",\"inLanguage\":\"lt-LT\",\"@id\":\"https:\/\/www.elementvape.de\/#\/schema\/logo\/image\/\",\"url\":\"https:\/\/www.elementvape.de\/wp-content\/uploads\/2024\/09\/cropped-1elementvape-3.png\",\"contentUrl\":\"https:\/\/www.elementvape.de\/wp-content\/uploads\/2024\/09\/cropped-1elementvape-3.png\",\"width\":285,\"height\":228,\"caption\":\"ElementVape.DE\"},\"image\":{\"@id\":\"https:\/\/www.elementvape.de\/#\/schema\/logo\/image\/\"}}]}<\/script>\n<!-- \/ Yoast SEO plugin. -->","yoast_head_json":{"title":"Strawberry Watermelon12000 puffs Akzeptieren Sie kleine Mengen im Gro\u00dfhandel ELF BOX Digital 12000 | ElementVape.de","description":"Wir bieten Strawberry Watermelon12000 puffs Akzeptieren Sie kleine Mengen im Gro\u00dfhandel ELF BOX Digital 12000 , Elementvape.de akzeptieren Gro\u00df-und Einzelhandel Bestellungen.","robots":{"index":"index","follow":"follow","max-snippet":"max-snippet:-1","max-image-preview":"max-image-preview:large","max-video-preview":"max-video-preview:-1"},"canonical":"https:\/\/www.elementvape.de\/lt\/produkt\/strawberry-watermelon12000-puffs-akzeptieren-sie-kleine-mengen-im-grosshandel-elf-box-digital-12000\/","og_locale":"lt_LT","og_type":"article","og_title":"Strawberry Watermelon12000 puffs Akzeptieren Sie kleine Mengen im Gro\u00dfhandel ELF BOX Digital 12000 | ElementVape.de","og_description":"Wir bieten Strawberry Watermelon12000 puffs Akzeptieren Sie kleine Mengen im Gro\u00dfhandel ELF BOX Digital 12000 , Elementvape.de akzeptieren Gro\u00df-und Einzelhandel Bestellungen.","og_url":"https:\/\/www.elementvape.de\/lt\/produkt\/strawberry-watermelon12000-puffs-akzeptieren-sie-kleine-mengen-im-grosshandel-elf-box-digital-12000\/","og_site_name":"ElementVape.de","article_modified_time":"2024-12-12T06:35:12+00:00","og_image":[{"width":1000,"height":1000,"url":"https:\/\/www.elementvape.de\/wp-content\/uploads\/2024\/08\/Strawberry-Watermelon-\u8349\u8393\u897f\u74dc.jpg","type":"image\/jpeg"}],"twitter_card":"summary_large_image","twitter_misc":{"Est. reading time":"2 minut\u0117s"},"schema":{"@context":"https:\/\/schema.org","@graph":[{"@type":"WebPage","@id":"https:\/\/www.elementvape.de\/produkt\/strawberry-watermelon12000-puffs-akzeptieren-sie-kleine-mengen-im-grosshandel-elf-box-digital-12000\/","url":"https:\/\/www.elementvape.de\/produkt\/strawberry-watermelon12000-puffs-akzeptieren-sie-kleine-mengen-im-grosshandel-elf-box-digital-12000\/","name":"Strawberry Watermelon12000 puffs Akzeptieren Sie kleine Mengen im Gro\u00dfhandel ELF BOX Digital 12000 | ElementVape.de","isPartOf":{"@id":"https:\/\/www.elementvape.de\/#website"},"primaryImageOfPage":{"@id":"https:\/\/www.elementvape.de\/produkt\/strawberry-watermelon12000-puffs-akzeptieren-sie-kleine-mengen-im-grosshandel-elf-box-digital-12000\/#primaryimage"},"image":{"@id":"https:\/\/www.elementvape.de\/produkt\/strawberry-watermelon12000-puffs-akzeptieren-sie-kleine-mengen-im-grosshandel-elf-box-digital-12000\/#primaryimage"},"thumbnailUrl":"https:\/\/www.elementvape.de\/wp-content\/uploads\/2024\/08\/Strawberry-Watermelon-\u8349\u8393\u897f\u74dc.jpg","datePublished":"2024-08-06T07:06:16+00:00","dateModified":"2024-12-12T06:35:12+00:00","description":"Wir bieten Strawberry Watermelon12000 puffs Akzeptieren Sie kleine Mengen im Gro\u00dfhandel ELF BOX Digital 12000 , Elementvape.de akzeptieren Gro\u00df-und Einzelhandel Bestellungen.","breadcrumb":{"@id":"https:\/\/www.elementvape.de\/produkt\/strawberry-watermelon12000-puffs-akzeptieren-sie-kleine-mengen-im-grosshandel-elf-box-digital-12000\/#breadcrumb"},"inLanguage":"lt-LT","potentialAction":[{"@type":"ReadAction","target":["https:\/\/www.elementvape.de\/produkt\/strawberry-watermelon12000-puffs-akzeptieren-sie-kleine-mengen-im-grosshandel-elf-box-digital-12000\/"]}]},{"@type":"ImageObject","inLanguage":"lt-LT","@id":"https:\/\/www.elementvape.de\/produkt\/strawberry-watermelon12000-puffs-akzeptieren-sie-kleine-mengen-im-grosshandel-elf-box-digital-12000\/#primaryimage","url":"https:\/\/www.elementvape.de\/wp-content\/uploads\/2024\/08\/Strawberry-Watermelon-\u8349\u8393\u897f\u74dc.jpg","contentUrl":"https:\/\/www.elementvape.de\/wp-content\/uploads\/2024\/08\/Strawberry-Watermelon-\u8349\u8393\u897f\u74dc.jpg","width":1000,"height":1000,"caption":"Strawberry Watermelon"},{"@type":"BreadcrumbList","@id":"https:\/\/www.elementvape.de\/produkt\/strawberry-watermelon12000-puffs-akzeptieren-sie-kleine-mengen-im-grosshandel-elf-box-digital-12000\/#breadcrumb","itemListElement":[{"@type":"ListItem","position":1,"name":"Home","item":"https:\/\/www.elementvape.de\/"},{"@type":"ListItem","position":2,"name":"Shop","item":"https:\/\/www.elementvape.de\/shop\/"},{"@type":"ListItem","position":3,"name":"Strawberry Watermelon12000 puffs Akzeptieren Sie kleine Mengen im Gro\u00dfhandel ELF BOX Digital 12000"}]},{"@type":"WebSite","@id":"https:\/\/www.elementvape.de\/#website","url":"https:\/\/www.elementvape.de\/","name":"ElementVape.de","description":"","publisher":{"@id":"https:\/\/www.elementvape.de\/#organization"},"potentialAction":[{"@type":"SearchAction","target":{"@type":"EntryPoint","urlTemplate":"https:\/\/www.elementvape.de\/?s={search_term_string}"},"query-input":"required name=search_term_string"}],"inLanguage":"lt-LT"},{"@type":"Organization","@id":"https:\/\/www.elementvape.de\/#organization","name":"ElementVape.DE","url":"https:\/\/www.elementvape.de\/","logo":{"@type":"ImageObject","inLanguage":"lt-LT","@id":"https:\/\/www.elementvape.de\/#\/schema\/logo\/image\/","url":"https:\/\/www.elementvape.de\/wp-content\/uploads\/2024\/09\/cropped-1elementvape-3.png","contentUrl":"https:\/\/www.elementvape.de\/wp-content\/uploads\/2024\/09\/cropped-1elementvape-3.png","width":285,"height":228,"caption":"ElementVape.DE"},"image":{"@id":"https:\/\/www.elementvape.de\/#\/schema\/logo\/image\/"}}]}},"_links":{"self":[{"href":"https:\/\/www.elementvape.de\/lt\/wp-json\/wp\/v2\/product\/13665"}],"collection":[{"href":"https:\/\/www.elementvape.de\/lt\/wp-json\/wp\/v2\/product"}],"about":[{"href":"https:\/\/www.elementvape.de\/lt\/wp-json\/wp\/v2\/types\/product"}],"wp:featuredmedia":[{"embeddable":true,"href":"https:\/\/www.elementvape.de\/lt\/wp-json\/wp\/v2\/media\/13666"}],"wp:attachment":[{"href":"https:\/\/www.elementvape.de\/lt\/wp-json\/wp\/v2\/media?parent=13665"}],"wp:term":[{"taxonomy":"product_cat","embeddable":true,"href":"https:\/\/www.elementvape.de\/lt\/wp-json\/wp\/v2\/product_cat?post=13665"},{"taxonomy":"product_tag","embeddable":true,"href":"https:\/\/www.elementvape.de\/lt\/wp-json\/wp\/v2\/product_tag?post=13665"}],"curies":[{"name":"wp","href":"https:\/\/api.w.org\/{rel}","templated":true}]}}