{"id":13177,"date":"2024-06-26T07:44:28","date_gmt":"2024-06-26T07:44:28","guid":{"rendered":"https:\/\/www.elementvape.de\/?post_type=product&#038;p=13177"},"modified":"2024-09-12T10:28:49","modified_gmt":"2024-09-12T10:28:49","slug":"uwell-caliburn-portable-system-kit-520mah","status":"publish","type":"product","link":"https:\/\/www.elementvape.de\/lt\/produkt\/uwell-caliburn-portable-system-kit-520mah\/","title":{"rendered":"Uwell Caliburn Ne\u0161iojamas Sistemos Rinkinys 520mAh"},"content":{"rendered":"<div class=\"flex-shrink-0 flex flex-col relative items-end\">\n<div>\n<div class=\"pt-0.5 juice:pt-0\">\n<div class=\"gizmo-bot-avatar flex h-6 w-6 items-center justify-center overflow-hidden rounded-full juice:h-8 juice:w-8\">\n<div class=\"relative p-1 rounded-sm flex items-center justify-center bg-token-main-surface-primary text-token-text-primary h-8 w-8\"><\/div>\n<\/div>\n<\/div>\n<\/div>\n<\/div>\n<div class=\"group\/conversation-turn relative flex w-full min-w-0 flex-col agent-turn\">\n<div class=\"flex-col gap-1 md:gap-3\">\n<div class=\"flex flex-grow flex-col max-w-full\">\n<div class=\"min-h-[20px] text-message flex flex-col items-start whitespace-pre-wrap break-words [.text-message+&amp;]:mt-5 juice:w-full juice:items-end overflow-x-auto gap-2\" dir=\"auto\" data-message-author-role=\"assistant\" data-message-id=\"cac1c625-debf-4d61-bba1-2d02612821d2\">\n<div class=\"flex w-full flex-col gap-1 juice:empty:hidden juice:first:pt-[3px]\">\n<div class=\"markdown prose w-full break-words dark:prose-invert light\">\n<h3>Uwell Caliburn System Kit<\/h3>\n<p><strong>Elementvape<\/strong> yra vienas did\u017eiausi\u0173 Uwell didmenini\u0173 ir tiek\u0117j\u0173 Vape produkt\u0173 Lietuvoje. Mes tiekiame Uwell E-cigaret\u0117s, Uwell Vape rinkinius ir Uwell Vape priedus auk\u0161\u010diausia kokybe. Tapkite \u201eElementvape\u201c nariu ir \u012fsigykite ne\u0161iojam\u0105 Uwell Caliburn sistemin\u012f rinkin\u012f u\u017e geriausias didmenines kainas.<\/p>\n<h4>Produkto apra\u0161ymas:<\/h4>\n<p>Uwell Caliburn System Kit yra kompakti\u0161kas ir ne\u0161iojamas pod sistema, idealiai tinkanti pradedantiesiems ir patyrusiems garintojams. Su paprasta naudoti ir i\u0161skirtine Pro-FOCS\u00ae skonio testavimo technologija jis suteikia i\u0161skirtin\u0119 garavimo patirt\u012f. Vir\u0161utinio u\u017epildymo kaset\u0117s leid\u017eia lengvai u\u017epildyti, o 520 mAh baterija u\u017etikrina ilg\u0105 tarnavimo laik\u0105.<\/p>\n<h4>Pagrindin\u0117s specifikacijos:<\/h4>\n<ul>\n<li><strong>Dydis<\/strong>: 110 \u00d7 21,2 \u00d7 11,6 mm<\/li>\n<li><strong>Neto svoris<\/strong>: 30 g<\/li>\n<li><strong>Sultys talpa<\/strong>: 2 ml<\/li>\n<li><strong>Maksimali galia<\/strong>: 11 W<\/li>\n<li><strong>Baterijos talpa<\/strong>: 520 mAh<\/li>\n<\/ul>\n<h4>Pagrindin\u0117s savyb\u0117s:<\/h4>\n<ol>\n<li><strong>Dvi Vape galimyb\u0117s<\/strong>: Tiesioginis garavimas arba garavimas su mygtuku.<\/li>\n<li><strong>Saugumas<\/strong>: 5 paspaudimai norint u\u017erakinti\/atrakinti, saugu vaikams.<\/li>\n<li><strong>Klaid\u0173 diagnostikos funkcija<\/strong>: Tiesioginiam Vape mechanizmui.<\/li>\n<li><strong>Vir\u0161utinio u\u017epildymo kaset\u0117s<\/strong>: Lengva naudoti ir u\u017epildyti.<\/li>\n<li><strong>Puikiai tinka nikotino drusk\u0173<\/strong>: Optimizuota nikotino drusk\u0173 E-liquids.<\/li>\n<li><strong>Pradedantiesiems tinkamas<\/strong>: Lengva naudoti, idealiai tinka pradedantiesiems.<\/li>\n<li><strong>Pro-FOCS\u00ae skonio testavimo technologija<\/strong>: I\u0161skirtin\u0117 Uwell technologija optimaliam skoniui.<\/li>\n<li><strong>Ilgas baterijos veikimo laikas<\/strong>: Su 520 mAh baterija ilgesniam garinimui.<\/li>\n<li><strong>Daugiafunkcin\u0117 apsauga<\/strong>:\n<ul>\n<li>Klaid\u0173 diagnostika d\u0117l aktyvuoto mechanizmo traukimu.<\/li>\n<li>Trumpalaik\u0117s apsaugos nuo trumpojo jungimo.<\/li>\n<li>\u017dema \u012fkrovimo b\u016bsenos indikatorius.<\/li>\n<li>Perkaitimo indikatorius.<\/li>\n<\/ul>\n<\/li>\n<li><strong>Kompakti\u0161kas ir ne\u0161iojamas<\/strong>: Lengvas ir paprastas ne\u0161iotis.<\/li>\n<\/ol>\n<h4>Pakuot\u0117s turinys:<\/h4>\n<ul>\n<li>1 \u00d7 Uwell Caliburn sistemos rinkinys<\/li>\n<li>1 \u00d7 1,4 \u03a9 podas (i\u0161 anksto \u012fmontuotas)<\/li>\n<li>1 \u00d7 Atsarginis podas (1,4 \u03a9)<\/li>\n<li>1 \u00d7 Micro-USB laidas<\/li>\n<li>1 \u00d7 Naudotojo vadovas<\/li>\n<\/ul>\n<p>Pasinaudokite geriausiomis didmenin\u0117mis kainomis Elementvape ir pl\u0117skite savo asortiment\u0105 su \u0161iuo auk\u0161tos kokyb\u0117s pod sistema.<\/p>\n<\/div>\n<\/div>\n<\/div>\n<\/div>\n<\/div>\n<\/div>","protected":false},"excerpt":{"rendered":"<p>Uwell Caliburn System Kit Elementvape ist einer der gr\u00f6\u00dften Uwell-Gro\u00dfh\u00e4ndler und -Lieferanten von Vape-Produkten in China. Wir liefern Uwell E-Zigaretten, Uwell Vape-Kits und Uwell Vape-Zubeh\u00f6r in h\u00f6chster Qualit\u00e4t. Werden Sie Mitglied bei \u201eElementvape\u201c und kaufen Sie das tragbare Uwell Caliburn-System-Kit zu den besten Gro\u00dfhandelspreisen. Produktbeschreibung: Das Uwell Caliburn System Kit ist ein kompaktes und tragbares [&hellip;]<\/p>","protected":false},"featured_media":13181,"template":"","meta":{"inline_featured_image":false},"product_cat":[747,740,734,753,76],"product_tag":[],"tiered_pricing_type":"fixed","tiered_pricing_fixed_rules":[],"tiered_pricing_percentage_rules":[],"tiered_pricing_minimum":1,"_administrator_tiered_pricing_type":"fixed","_administrator_tiered_pricing_fixed_rules":[],"_editor_tiered_pricing_type":"fixed","_editor_tiered_pricing_fixed_rules":[],"_author_tiered_pricing_type":"fixed","_author_tiered_pricing_fixed_rules":[],"_contributor_tiered_pricing_type":"fixed","_contributor_tiered_pricing_fixed_rules":[],"_subscriber_tiered_pricing_type":"fixed","_subscriber_tiered_pricing_fixed_rules":[],"_customer_tiered_pricing_type":"fixed","_customer_tiered_pricing_fixed_rules":[],"_shop_manager_tiered_pricing_type":"fixed","_shop_manager_tiered_pricing_fixed_rules":[],"_wpseo_manager_tiered_pricing_type":"fixed","_wpseo_manager_tiered_pricing_fixed_rules":[],"_wpseo_editor_tiered_pricing_type":"fixed","_wpseo_editor_tiered_pricing_fixed_rules":[],"_wholesale_customer_tiered_pricing_type":"fixed","_wholesale_customer_tiered_pricing_fixed_rules":[],"_marketer_tiered_pricing_type":"fixed","_marketer_tiered_pricing_fixed_rules":[],"_sales_manager_tiered_pricing_type":"fixed","_sales_manager_tiered_pricing_fixed_rules":[],"_sales_rep_tiered_pricing_type":"fixed","_sales_rep_tiered_pricing_fixed_rules":[],"yoast_head":"<!-- This site is optimized with the Yoast SEO plugin v23.3 - https:\/\/yoast.com\/wordpress\/plugins\/seo\/ -->\n<title>Uwell Caliburn Portable System Kit 520mAh | ElementVape.de<\/title>\n<meta name=\"description\" content=\"Wir bieten Uwell Caliburn Portable System Kit 520mAh , Elementvape.de akzeptieren Gro\u00df-und Einzelhandel Bestellungen.\" \/>\n<meta name=\"robots\" content=\"index, follow, max-snippet:-1, max-image-preview:large, max-video-preview:-1\" \/>\n<link rel=\"canonical\" href=\"https:\/\/www.elementvape.de\/lt\/produkt\/uwell-caliburn-portable-system-kit-520mah\/\" \/>\n<meta property=\"og:locale\" content=\"lt_LT\" \/>\n<meta property=\"og:type\" content=\"article\" \/>\n<meta property=\"og:title\" content=\"Uwell Caliburn Portable System Kit 520mAh | ElementVape.de\" \/>\n<meta property=\"og:description\" content=\"Wir bieten Uwell Caliburn Portable System Kit 520mAh , Elementvape.de akzeptieren Gro\u00df-und Einzelhandel Bestellungen.\" \/>\n<meta property=\"og:url\" content=\"https:\/\/www.elementvape.de\/lt\/produkt\/uwell-caliburn-portable-system-kit-520mah\/\" \/>\n<meta property=\"og:site_name\" content=\"ElementVape.de\" \/>\n<meta property=\"article:modified_time\" content=\"2024-09-12T10:28:49+00:00\" \/>\n<meta property=\"og:image\" content=\"https:\/\/www.elementvape.de\/wp-content\/uploads\/2024\/06\/Uwell-Caliburn-Portable-System-Kit-520mAh-6.webp\" \/>\n\t<meta property=\"og:image:width\" content=\"600\" \/>\n\t<meta property=\"og:image:height\" content=\"600\" \/>\n\t<meta property=\"og:image:type\" content=\"image\/webp\" \/>\n<meta name=\"twitter:card\" content=\"summary_large_image\" \/>\n<meta name=\"twitter:label1\" content=\"Est. reading time\" \/>\n\t<meta name=\"twitter:data1\" content=\"2 minut\u0117s\" \/>\n<script type=\"application\/ld+json\" class=\"yoast-schema-graph\">{\"@context\":\"https:\/\/schema.org\",\"@graph\":[{\"@type\":\"WebPage\",\"@id\":\"https:\/\/www.elementvape.de\/fi\/produkt\/uwell-caliburn-portable-system-kit-520mah\/\",\"url\":\"https:\/\/www.elementvape.de\/fi\/produkt\/uwell-caliburn-portable-system-kit-520mah\/\",\"name\":\"Uwell Caliburn Portable System Kit 520mAh | ElementVape.de\",\"isPartOf\":{\"@id\":\"https:\/\/www.elementvape.de\/#website\"},\"primaryImageOfPage\":{\"@id\":\"https:\/\/www.elementvape.de\/fi\/produkt\/uwell-caliburn-portable-system-kit-520mah\/#primaryimage\"},\"image\":{\"@id\":\"https:\/\/www.elementvape.de\/fi\/produkt\/uwell-caliburn-portable-system-kit-520mah\/#primaryimage\"},\"thumbnailUrl\":\"https:\/\/www.elementvape.de\/wp-content\/uploads\/2024\/06\/Uwell-Caliburn-Portable-System-Kit-520mAh-6.webp\",\"datePublished\":\"2024-06-26T07:44:28+00:00\",\"dateModified\":\"2024-09-12T10:28:49+00:00\",\"description\":\"Wir bieten Uwell Caliburn Portable System Kit 520mAh , Elementvape.de akzeptieren Gro\u00df-und Einzelhandel Bestellungen.\",\"breadcrumb\":{\"@id\":\"https:\/\/www.elementvape.de\/fi\/produkt\/uwell-caliburn-portable-system-kit-520mah\/#breadcrumb\"},\"inLanguage\":\"lt-LT\",\"potentialAction\":[{\"@type\":\"ReadAction\",\"target\":[\"https:\/\/www.elementvape.de\/fi\/produkt\/uwell-caliburn-portable-system-kit-520mah\/\"]}]},{\"@type\":\"ImageObject\",\"inLanguage\":\"lt-LT\",\"@id\":\"https:\/\/www.elementvape.de\/fi\/produkt\/uwell-caliburn-portable-system-kit-520mah\/#primaryimage\",\"url\":\"https:\/\/www.elementvape.de\/wp-content\/uploads\/2024\/06\/Uwell-Caliburn-Portable-System-Kit-520mAh-6.webp\",\"contentUrl\":\"https:\/\/www.elementvape.de\/wp-content\/uploads\/2024\/06\/Uwell-Caliburn-Portable-System-Kit-520mAh-6.webp\",\"width\":600,\"height\":600,\"caption\":\"Uwell-Caliburn-Portable-System-Kit-520mAh-6\"},{\"@type\":\"BreadcrumbList\",\"@id\":\"https:\/\/www.elementvape.de\/fi\/produkt\/uwell-caliburn-portable-system-kit-520mah\/#breadcrumb\",\"itemListElement\":[{\"@type\":\"ListItem\",\"position\":1,\"name\":\"Home\",\"item\":\"https:\/\/www.elementvape.de\/\"},{\"@type\":\"ListItem\",\"position\":2,\"name\":\"Shop\",\"item\":\"https:\/\/www.elementvape.de\/shop\/\"},{\"@type\":\"ListItem\",\"position\":3,\"name\":\"Uwell Caliburn Portable System Kit 520mAh\"}]},{\"@type\":\"WebSite\",\"@id\":\"https:\/\/www.elementvape.de\/#website\",\"url\":\"https:\/\/www.elementvape.de\/\",\"name\":\"ElementVape.de\",\"description\":\"\",\"publisher\":{\"@id\":\"https:\/\/www.elementvape.de\/#organization\"},\"potentialAction\":[{\"@type\":\"SearchAction\",\"target\":{\"@type\":\"EntryPoint\",\"urlTemplate\":\"https:\/\/www.elementvape.de\/?s={search_term_string}\"},\"query-input\":\"required name=search_term_string\"}],\"inLanguage\":\"lt-LT\"},{\"@type\":\"Organization\",\"@id\":\"https:\/\/www.elementvape.de\/#organization\",\"name\":\"ElementVape.DE\",\"url\":\"https:\/\/www.elementvape.de\/\",\"logo\":{\"@type\":\"ImageObject\",\"inLanguage\":\"lt-LT\",\"@id\":\"https:\/\/www.elementvape.de\/#\/schema\/logo\/image\/\",\"url\":\"https:\/\/www.elementvape.de\/wp-content\/uploads\/2024\/09\/cropped-1elementvape-3.png\",\"contentUrl\":\"https:\/\/www.elementvape.de\/wp-content\/uploads\/2024\/09\/cropped-1elementvape-3.png\",\"width\":285,\"height\":228,\"caption\":\"ElementVape.DE\"},\"image\":{\"@id\":\"https:\/\/www.elementvape.de\/#\/schema\/logo\/image\/\"}}]}<\/script>\n<!-- \/ Yoast SEO plugin. -->","yoast_head_json":{"title":"Uwell Caliburn Portable System Kit 520mAh | ElementVape.de","description":"Wir bieten Uwell Caliburn Portable System Kit 520mAh , Elementvape.de akzeptieren Gro\u00df-und Einzelhandel Bestellungen.","robots":{"index":"index","follow":"follow","max-snippet":"max-snippet:-1","max-image-preview":"max-image-preview:large","max-video-preview":"max-video-preview:-1"},"canonical":"https:\/\/www.elementvape.de\/lt\/produkt\/uwell-caliburn-portable-system-kit-520mah\/","og_locale":"lt_LT","og_type":"article","og_title":"Uwell Caliburn Portable System Kit 520mAh | ElementVape.de","og_description":"Wir bieten Uwell Caliburn Portable System Kit 520mAh , Elementvape.de akzeptieren Gro\u00df-und Einzelhandel Bestellungen.","og_url":"https:\/\/www.elementvape.de\/lt\/produkt\/uwell-caliburn-portable-system-kit-520mah\/","og_site_name":"ElementVape.de","article_modified_time":"2024-09-12T10:28:49+00:00","og_image":[{"width":600,"height":600,"url":"https:\/\/www.elementvape.de\/wp-content\/uploads\/2024\/06\/Uwell-Caliburn-Portable-System-Kit-520mAh-6.webp","type":"image\/webp"}],"twitter_card":"summary_large_image","twitter_misc":{"Est. reading time":"2 minut\u0117s"},"schema":{"@context":"https:\/\/schema.org","@graph":[{"@type":"WebPage","@id":"https:\/\/www.elementvape.de\/fi\/produkt\/uwell-caliburn-portable-system-kit-520mah\/","url":"https:\/\/www.elementvape.de\/fi\/produkt\/uwell-caliburn-portable-system-kit-520mah\/","name":"Uwell Caliburn Portable System Kit 520mAh | ElementVape.de","isPartOf":{"@id":"https:\/\/www.elementvape.de\/#website"},"primaryImageOfPage":{"@id":"https:\/\/www.elementvape.de\/fi\/produkt\/uwell-caliburn-portable-system-kit-520mah\/#primaryimage"},"image":{"@id":"https:\/\/www.elementvape.de\/fi\/produkt\/uwell-caliburn-portable-system-kit-520mah\/#primaryimage"},"thumbnailUrl":"https:\/\/www.elementvape.de\/wp-content\/uploads\/2024\/06\/Uwell-Caliburn-Portable-System-Kit-520mAh-6.webp","datePublished":"2024-06-26T07:44:28+00:00","dateModified":"2024-09-12T10:28:49+00:00","description":"Wir bieten Uwell Caliburn Portable System Kit 520mAh , Elementvape.de akzeptieren Gro\u00df-und Einzelhandel Bestellungen.","breadcrumb":{"@id":"https:\/\/www.elementvape.de\/fi\/produkt\/uwell-caliburn-portable-system-kit-520mah\/#breadcrumb"},"inLanguage":"lt-LT","potentialAction":[{"@type":"ReadAction","target":["https:\/\/www.elementvape.de\/fi\/produkt\/uwell-caliburn-portable-system-kit-520mah\/"]}]},{"@type":"ImageObject","inLanguage":"lt-LT","@id":"https:\/\/www.elementvape.de\/fi\/produkt\/uwell-caliburn-portable-system-kit-520mah\/#primaryimage","url":"https:\/\/www.elementvape.de\/wp-content\/uploads\/2024\/06\/Uwell-Caliburn-Portable-System-Kit-520mAh-6.webp","contentUrl":"https:\/\/www.elementvape.de\/wp-content\/uploads\/2024\/06\/Uwell-Caliburn-Portable-System-Kit-520mAh-6.webp","width":600,"height":600,"caption":"Uwell-Caliburn-Portable-System-Kit-520mAh-6"},{"@type":"BreadcrumbList","@id":"https:\/\/www.elementvape.de\/fi\/produkt\/uwell-caliburn-portable-system-kit-520mah\/#breadcrumb","itemListElement":[{"@type":"ListItem","position":1,"name":"Home","item":"https:\/\/www.elementvape.de\/"},{"@type":"ListItem","position":2,"name":"Shop","item":"https:\/\/www.elementvape.de\/shop\/"},{"@type":"ListItem","position":3,"name":"Uwell Caliburn Portable System Kit 520mAh"}]},{"@type":"WebSite","@id":"https:\/\/www.elementvape.de\/#website","url":"https:\/\/www.elementvape.de\/","name":"ElementVape.de","description":"","publisher":{"@id":"https:\/\/www.elementvape.de\/#organization"},"potentialAction":[{"@type":"SearchAction","target":{"@type":"EntryPoint","urlTemplate":"https:\/\/www.elementvape.de\/?s={search_term_string}"},"query-input":"required name=search_term_string"}],"inLanguage":"lt-LT"},{"@type":"Organization","@id":"https:\/\/www.elementvape.de\/#organization","name":"ElementVape.DE","url":"https:\/\/www.elementvape.de\/","logo":{"@type":"ImageObject","inLanguage":"lt-LT","@id":"https:\/\/www.elementvape.de\/#\/schema\/logo\/image\/","url":"https:\/\/www.elementvape.de\/wp-content\/uploads\/2024\/09\/cropped-1elementvape-3.png","contentUrl":"https:\/\/www.elementvape.de\/wp-content\/uploads\/2024\/09\/cropped-1elementvape-3.png","width":285,"height":228,"caption":"ElementVape.DE"},"image":{"@id":"https:\/\/www.elementvape.de\/#\/schema\/logo\/image\/"}}]}},"_links":{"self":[{"href":"https:\/\/www.elementvape.de\/lt\/wp-json\/wp\/v2\/product\/13177"}],"collection":[{"href":"https:\/\/www.elementvape.de\/lt\/wp-json\/wp\/v2\/product"}],"about":[{"href":"https:\/\/www.elementvape.de\/lt\/wp-json\/wp\/v2\/types\/product"}],"wp:featuredmedia":[{"embeddable":true,"href":"https:\/\/www.elementvape.de\/lt\/wp-json\/wp\/v2\/media\/13181"}],"wp:attachment":[{"href":"https:\/\/www.elementvape.de\/lt\/wp-json\/wp\/v2\/media?parent=13177"}],"wp:term":[{"taxonomy":"product_cat","embeddable":true,"href":"https:\/\/www.elementvape.de\/lt\/wp-json\/wp\/v2\/product_cat?post=13177"},{"taxonomy":"product_tag","embeddable":true,"href":"https:\/\/www.elementvape.de\/lt\/wp-json\/wp\/v2\/product_tag?post=13177"}],"curies":[{"name":"wp","href":"https:\/\/api.w.org\/{rel}","templated":true}]}}