{"id":12726,"date":"2024-06-20T10:25:47","date_gmt":"2024-06-20T10:25:47","guid":{"rendered":"https:\/\/www.elementvape.de\/?post_type=product&#038;p=12726"},"modified":"2024-09-12T10:35:46","modified_gmt":"2024-09-12T10:35:46","slug":"wotofo-mdura-pro-230w-mod-kit","status":"publish","type":"product","link":"https:\/\/www.elementvape.de\/lt\/produkt\/wotofo-mdura-pro-230w-mod-kit\/","title":{"rendered":"Wotofo MDura Pro 230W mod rinkinys"},"content":{"rendered":"<div class=\"flex-shrink-0 flex flex-col relative items-end\">\n<div>\n<div class=\"pt-0.5 juice:pt-0\">\n<div class=\"gizmo-bot-avatar flex h-6 w-6 items-center justify-center overflow-hidden rounded-full juice:h-8 juice:w-8\">\n<div class=\"relative p-1 rounded-sm flex items-center justify-center bg-token-main-surface-primary text-token-text-primary h-8 w-8\"><\/div>\n<\/div>\n<\/div>\n<\/div>\n<\/div>\n<div class=\"group\/conversation-turn relative flex w-full min-w-0 flex-col agent-turn\">\n<div class=\"flex-col gap-1 md:gap-3\">\n<div class=\"flex flex-grow flex-col max-w-full\">\n<div class=\"min-h-[20px] text-message flex flex-col items-start whitespace-pre-wrap break-words [.text-message+&amp;]:mt-5 juice:w-full juice:items-end overflow-x-auto gap-2\" dir=\"auto\" data-message-author-role=\"assistant\" data-message-id=\"8a07a21f-9b18-44ae-8056-c09141d03353\">\n<div class=\"flex w-full flex-col gap-1 juice:empty:hidden juice:first:pt-[3px]\">\n<div class=\"markdown prose w-full break-words dark:prose-invert light\">\n<h3>Wotofo MDURA Pro 230W Pradinis Rinkinys: Galingas vapingas reikalaujantiems<\/h3>\n<p>Wotofo MDURA Pro 230W Pradinis Rinkinys yra tobulas pasirinkimas vaping entuziastams, kurie ie\u0161ko tvirtos ir galingos \u012frangos. Su \u012fsp\u016bdinga 230W i\u0161\u0117jimo galia, pa\u017eangia temperat\u016bros reguliavimo sistema ir galimybe naudoti \u012fvairius ritinius, MDURA Pro si\u016blo pirmos klas\u0117s garinimo patirt\u012f, tinkam\u0105 tiek pradedantiesiems, tiek patyrusiems vaperiams.<\/p>\n<h4>Tvirtas ir ilgaam\u017eis dizainas<\/h4>\n<p>MDURA Pro r\u0117mas pagamintas i\u0161 auk\u0161tos kokyb\u0117s cinko lydinio ir turi guminius akcentus, kurie padaro j\u012f atspar\u0173 lengviems kritimams ir sm\u016bgiams. D\u0117l IP67 sertifikato MDURA Pro yra dulk\u0117ms ir vandeniui atsparus, netgi sm\u016bgiams, tai apsaugo pa\u017eang\u0173 nexCHIP viduje ir u\u017etikrina ilgaam\u017ei\u0161kum\u0105.<\/p>\n<h4>Galingos funkcijos<\/h4>\n<ul>\n<li><strong>I\u0161\u0117jimo galia<\/strong>: Su maksimaliu 230W galingumu, MDURA Pro suteikia pakankamai galios intensyviam garinimui. Galia re\u017eimai STANDARD, POWER ir POWER+ leid\u017eia tiksliai pritaikyti gali\u0105 pagal j\u016bs\u0173 poreikius.<\/li>\n<li><strong>Temperat\u016bros reguliavimas<\/strong>: Tiems, kurie m\u0117gsta tiksliai kontroliuoti savo gar\u0105, MDURA Pro si\u016blo i\u0161man\u0173 temperat\u016bros reguliavim\u0105, suderinam\u0105 su nikeliu, titanu ir ner\u016bdijan\u010dio plieno vielomis. Temperat\u016bros diapazonas nuo 200\u00b0F iki 600\u00b0F (100\u00b0C iki 315\u00b0C), leid\u017eia palaikyti \u012fvairius garavimo stilius.<\/li>\n<li><strong>Dvigubi 18650 baterijos<\/strong>: Prietaisas veikia su dviem 18650 auk\u0161tos galios baterijomis (ne\u012ftrauktos), kurios gali b\u016bti greitai \u012fkraunamos per Type-C jungt\u012f iki 2A.<\/li>\n<\/ul>\n<h4>Wotofo nexMESH Pro Sub-Ohm bakelis<\/h4>\n<p>Kartu su Wotofo nexMESH Pro Sub-Ohm bakeliu galite naudoti daugyb\u0119 skirting\u0173 ritini\u0173, kad rastum\u0117te savo m\u0117gstam\u0105 vaping stili\u0173. Bakelis turi 6 ml talp\u0105 ir leid\u017eia naudoti \u012fvairius ritinius:<\/p>\n<ul>\n<li><strong>0,2 Ohm H12 Clapton Rit\u0117<\/strong><\/li>\n<li><strong>0,15 Ohm H15 Viengubo tinklo ir lygiagre\u010dios Rit\u0117s<\/strong><\/li>\n<\/ul>\n<h4>Technin\u0117s specifikacijos<\/h4>\n<ul>\n<li><strong>Mod dydis<\/strong>: 47,4 mm x 88,1 mm x 33,1 mm<\/li>\n<li><strong>Korpuso med\u017eiaga<\/strong>: Cinko lydinys + Guma<\/li>\n<li><strong>Ekranas<\/strong>: 1,2 colio TFT ekranas<\/li>\n<li><strong>Baterijos tipas<\/strong>: Dviguba 18650 baterija (ne\u012ftraukta)<\/li>\n<li><strong>Var\u017eos diapazonas<\/strong>: 0,10 Ohm \u2013 2,50 Ohm<\/li>\n<li><strong>Galia diapazonas<\/strong>: 5 W \u2013 230 W (VW)\/10 \u2013 230 W (TC)<\/li>\n<li><strong>Temperat\u016bros diapazonas<\/strong>: 200\u00b0F \u2013 600\u00b0F \/ 100\u00b0C \u2013 315\u00b0C<\/li>\n<li><strong>\u012ekrovimo jungtis<\/strong>: Tipo C<\/li>\n<li><strong>\u012ekrovimo srov\u0117<\/strong>: DC 5 V\/2 A<\/li>\n<li><strong>Pur\u0161kiklio jungtis<\/strong>: 510 jungtis<\/li>\n<\/ul>\n<h4>Pakuot\u0117s s\u0105ra\u0161as<\/h4>\n<ul>\n<li>1 x MDura Pro modulis<\/li>\n<li>1 x nexMESH Pro bakelis<\/li>\n<li>1 x 0,2 Ohm H12 Clapton rit\u0117<\/li>\n<li>1 x 0,15 Ohm H15 vienguba tinklelio ir lygiagreti rit\u0117<\/li>\n<li>1 x burbuliuko stiklo vamzdelis<\/li>\n<li>1 x Tipo-C \u012fkrovimo laidas<\/li>\n<li>1 x Pried\u0173 mai\u0161elis<\/li>\n<li>1 x Naudotojo vadovas<\/li>\n<\/ul>\n<p>Wotofo MDURA Pro 230W prad\u017eios rinkinys yra galutinis pasirinkimas reikliems vaperiams, kurie ie\u0161ko galingo ir ilgaam\u017eio \u012frenginio. Pirkite dabar VapeWholesaleGlobal ir naudokit\u0117s geriausiomis didmenin\u0117mis kainomis auk\u0161tos kokyb\u0117s vape produktams.<\/p>\n<\/div>\n<\/div>\n<\/div>\n<\/div>\n<\/div>\n<\/div>","protected":false},"excerpt":{"rendered":"<p>Wotofo MDURA Pro 230W Starter Kit: Leistungsstarkes Vaping f\u00fcr Anspruchsvolle Der Wotofo MDURA Pro 230W Starter Kit ist die perfekte Wahl f\u00fcr Vaping-Enthusiasten, die nach einem robusten und leistungsstarken Ger\u00e4t suchen. Mit seiner beeindruckenden Ausgangsleistung von 230W, fortschrittlicher Temperaturregelung und der F\u00e4higkeit, verschiedene Wicklungen zu nutzen, bietet das MDURA Pro ein erstklassiges Dampferlebnis, das sowohl [&hellip;]<\/p>","protected":false},"featured_media":12732,"template":"","meta":{"inline_featured_image":false},"product_cat":[15,754,745,742,748,744,755,738,751,77],"product_tag":[],"tiered_pricing_type":"fixed","tiered_pricing_fixed_rules":[],"tiered_pricing_percentage_rules":[],"tiered_pricing_minimum":1,"_administrator_tiered_pricing_type":"fixed","_administrator_tiered_pricing_fixed_rules":[],"_editor_tiered_pricing_type":"fixed","_editor_tiered_pricing_fixed_rules":[],"_author_tiered_pricing_type":"fixed","_author_tiered_pricing_fixed_rules":[],"_contributor_tiered_pricing_type":"fixed","_contributor_tiered_pricing_fixed_rules":[],"_subscriber_tiered_pricing_type":"fixed","_subscriber_tiered_pricing_fixed_rules":[],"_customer_tiered_pricing_type":"fixed","_customer_tiered_pricing_fixed_rules":[],"_shop_manager_tiered_pricing_type":"fixed","_shop_manager_tiered_pricing_fixed_rules":[],"_wpseo_manager_tiered_pricing_type":"fixed","_wpseo_manager_tiered_pricing_fixed_rules":[],"_wpseo_editor_tiered_pricing_type":"fixed","_wpseo_editor_tiered_pricing_fixed_rules":[],"_wholesale_customer_tiered_pricing_type":"fixed","_wholesale_customer_tiered_pricing_fixed_rules":[],"_marketer_tiered_pricing_type":"fixed","_marketer_tiered_pricing_fixed_rules":[],"_sales_manager_tiered_pricing_type":"fixed","_sales_manager_tiered_pricing_fixed_rules":[],"_sales_rep_tiered_pricing_type":"fixed","_sales_rep_tiered_pricing_fixed_rules":[],"yoast_head":"<!-- This site is optimized with the Yoast SEO plugin v23.3 - https:\/\/yoast.com\/wordpress\/plugins\/seo\/ -->\n<title>Wotofo MDura Pro 230W Mod Kit | ElementVape.de<\/title>\n<meta name=\"description\" content=\"Wir bieten Wotofo MDura Pro 230W Mod Kit , Elementvape.de akzeptieren Gro\u00df-und Einzelhandel Bestellungen.\" \/>\n<meta name=\"robots\" content=\"index, follow, max-snippet:-1, max-image-preview:large, max-video-preview:-1\" \/>\n<link rel=\"canonical\" href=\"https:\/\/www.elementvape.de\/lt\/produkt\/wotofo-mdura-pro-230w-mod-kit\/\" \/>\n<meta property=\"og:locale\" content=\"lt_LT\" \/>\n<meta property=\"og:type\" content=\"article\" \/>\n<meta property=\"og:title\" content=\"Wotofo MDura Pro 230W Mod Kit | ElementVape.de\" \/>\n<meta property=\"og:description\" content=\"Wir bieten Wotofo MDura Pro 230W Mod Kit , Elementvape.de akzeptieren Gro\u00df-und Einzelhandel Bestellungen.\" \/>\n<meta property=\"og:url\" content=\"https:\/\/www.elementvape.de\/lt\/produkt\/wotofo-mdura-pro-230w-mod-kit\/\" \/>\n<meta property=\"og:site_name\" content=\"ElementVape.de\" \/>\n<meta property=\"article:modified_time\" content=\"2024-09-12T10:35:46+00:00\" \/>\n<meta property=\"og:image\" content=\"https:\/\/www.elementvape.de\/wp-content\/uploads\/2024\/06\/Wotofo-MDura-Pro-230W-Mod-Kit.webp\" \/>\n\t<meta property=\"og:image:width\" content=\"800\" \/>\n\t<meta property=\"og:image:height\" content=\"800\" \/>\n\t<meta property=\"og:image:type\" content=\"image\/webp\" \/>\n<meta name=\"twitter:card\" content=\"summary_large_image\" \/>\n<meta name=\"twitter:label1\" content=\"Est. reading time\" \/>\n\t<meta name=\"twitter:data1\" content=\"3 minut\u0117s\" \/>\n<script type=\"application\/ld+json\" class=\"yoast-schema-graph\">{\"@context\":\"https:\/\/schema.org\",\"@graph\":[{\"@type\":\"WebPage\",\"@id\":\"https:\/\/www.elementvape.de\/produkt\/wotofo-mdura-pro-230w-mod-kit\/\",\"url\":\"https:\/\/www.elementvape.de\/produkt\/wotofo-mdura-pro-230w-mod-kit\/\",\"name\":\"Wotofo MDura Pro 230W Mod Kit | ElementVape.de\",\"isPartOf\":{\"@id\":\"https:\/\/www.elementvape.de\/#website\"},\"primaryImageOfPage\":{\"@id\":\"https:\/\/www.elementvape.de\/produkt\/wotofo-mdura-pro-230w-mod-kit\/#primaryimage\"},\"image\":{\"@id\":\"https:\/\/www.elementvape.de\/produkt\/wotofo-mdura-pro-230w-mod-kit\/#primaryimage\"},\"thumbnailUrl\":\"https:\/\/www.elementvape.de\/wp-content\/uploads\/2024\/06\/Wotofo-MDura-Pro-230W-Mod-Kit.webp\",\"datePublished\":\"2024-06-20T10:25:47+00:00\",\"dateModified\":\"2024-09-12T10:35:46+00:00\",\"description\":\"Wir bieten Wotofo MDura Pro 230W Mod Kit , Elementvape.de akzeptieren Gro\u00df-und Einzelhandel Bestellungen.\",\"breadcrumb\":{\"@id\":\"https:\/\/www.elementvape.de\/produkt\/wotofo-mdura-pro-230w-mod-kit\/#breadcrumb\"},\"inLanguage\":\"lt-LT\",\"potentialAction\":[{\"@type\":\"ReadAction\",\"target\":[\"https:\/\/www.elementvape.de\/produkt\/wotofo-mdura-pro-230w-mod-kit\/\"]}]},{\"@type\":\"ImageObject\",\"inLanguage\":\"lt-LT\",\"@id\":\"https:\/\/www.elementvape.de\/produkt\/wotofo-mdura-pro-230w-mod-kit\/#primaryimage\",\"url\":\"https:\/\/www.elementvape.de\/wp-content\/uploads\/2024\/06\/Wotofo-MDura-Pro-230W-Mod-Kit.webp\",\"contentUrl\":\"https:\/\/www.elementvape.de\/wp-content\/uploads\/2024\/06\/Wotofo-MDura-Pro-230W-Mod-Kit.webp\",\"width\":800,\"height\":800,\"caption\":\"Wotofo-MDura-Pro-230W-Mod-Kit\"},{\"@type\":\"BreadcrumbList\",\"@id\":\"https:\/\/www.elementvape.de\/produkt\/wotofo-mdura-pro-230w-mod-kit\/#breadcrumb\",\"itemListElement\":[{\"@type\":\"ListItem\",\"position\":1,\"name\":\"Home\",\"item\":\"https:\/\/www.elementvape.de\/\"},{\"@type\":\"ListItem\",\"position\":2,\"name\":\"Shop\",\"item\":\"https:\/\/www.elementvape.de\/shop\/\"},{\"@type\":\"ListItem\",\"position\":3,\"name\":\"Wotofo MDura Pro 230W Mod Kit\"}]},{\"@type\":\"WebSite\",\"@id\":\"https:\/\/www.elementvape.de\/#website\",\"url\":\"https:\/\/www.elementvape.de\/\",\"name\":\"ElementVape.de\",\"description\":\"\",\"publisher\":{\"@id\":\"https:\/\/www.elementvape.de\/#organization\"},\"potentialAction\":[{\"@type\":\"SearchAction\",\"target\":{\"@type\":\"EntryPoint\",\"urlTemplate\":\"https:\/\/www.elementvape.de\/?s={search_term_string}\"},\"query-input\":\"required name=search_term_string\"}],\"inLanguage\":\"lt-LT\"},{\"@type\":\"Organization\",\"@id\":\"https:\/\/www.elementvape.de\/#organization\",\"name\":\"ElementVape.DE\",\"url\":\"https:\/\/www.elementvape.de\/\",\"logo\":{\"@type\":\"ImageObject\",\"inLanguage\":\"lt-LT\",\"@id\":\"https:\/\/www.elementvape.de\/#\/schema\/logo\/image\/\",\"url\":\"https:\/\/www.elementvape.de\/wp-content\/uploads\/2024\/09\/cropped-1elementvape-3.png\",\"contentUrl\":\"https:\/\/www.elementvape.de\/wp-content\/uploads\/2024\/09\/cropped-1elementvape-3.png\",\"width\":285,\"height\":228,\"caption\":\"ElementVape.DE\"},\"image\":{\"@id\":\"https:\/\/www.elementvape.de\/#\/schema\/logo\/image\/\"}}]}<\/script>\n<!-- \/ Yoast SEO plugin. -->","yoast_head_json":{"title":"Wotofo MDura Pro 230W Mod Kit | ElementVape.de","description":"Wir bieten Wotofo MDura Pro 230W Mod Kit , Elementvape.de akzeptieren Gro\u00df-und Einzelhandel Bestellungen.","robots":{"index":"index","follow":"follow","max-snippet":"max-snippet:-1","max-image-preview":"max-image-preview:large","max-video-preview":"max-video-preview:-1"},"canonical":"https:\/\/www.elementvape.de\/lt\/produkt\/wotofo-mdura-pro-230w-mod-kit\/","og_locale":"lt_LT","og_type":"article","og_title":"Wotofo MDura Pro 230W Mod Kit | ElementVape.de","og_description":"Wir bieten Wotofo MDura Pro 230W Mod Kit , Elementvape.de akzeptieren Gro\u00df-und Einzelhandel Bestellungen.","og_url":"https:\/\/www.elementvape.de\/lt\/produkt\/wotofo-mdura-pro-230w-mod-kit\/","og_site_name":"ElementVape.de","article_modified_time":"2024-09-12T10:35:46+00:00","og_image":[{"width":800,"height":800,"url":"https:\/\/www.elementvape.de\/wp-content\/uploads\/2024\/06\/Wotofo-MDura-Pro-230W-Mod-Kit.webp","type":"image\/webp"}],"twitter_card":"summary_large_image","twitter_misc":{"Est. reading time":"3 minut\u0117s"},"schema":{"@context":"https:\/\/schema.org","@graph":[{"@type":"WebPage","@id":"https:\/\/www.elementvape.de\/produkt\/wotofo-mdura-pro-230w-mod-kit\/","url":"https:\/\/www.elementvape.de\/produkt\/wotofo-mdura-pro-230w-mod-kit\/","name":"Wotofo MDura Pro 230W Mod Kit | ElementVape.de","isPartOf":{"@id":"https:\/\/www.elementvape.de\/#website"},"primaryImageOfPage":{"@id":"https:\/\/www.elementvape.de\/produkt\/wotofo-mdura-pro-230w-mod-kit\/#primaryimage"},"image":{"@id":"https:\/\/www.elementvape.de\/produkt\/wotofo-mdura-pro-230w-mod-kit\/#primaryimage"},"thumbnailUrl":"https:\/\/www.elementvape.de\/wp-content\/uploads\/2024\/06\/Wotofo-MDura-Pro-230W-Mod-Kit.webp","datePublished":"2024-06-20T10:25:47+00:00","dateModified":"2024-09-12T10:35:46+00:00","description":"Wir bieten Wotofo MDura Pro 230W Mod Kit , Elementvape.de akzeptieren Gro\u00df-und Einzelhandel Bestellungen.","breadcrumb":{"@id":"https:\/\/www.elementvape.de\/produkt\/wotofo-mdura-pro-230w-mod-kit\/#breadcrumb"},"inLanguage":"lt-LT","potentialAction":[{"@type":"ReadAction","target":["https:\/\/www.elementvape.de\/produkt\/wotofo-mdura-pro-230w-mod-kit\/"]}]},{"@type":"ImageObject","inLanguage":"lt-LT","@id":"https:\/\/www.elementvape.de\/produkt\/wotofo-mdura-pro-230w-mod-kit\/#primaryimage","url":"https:\/\/www.elementvape.de\/wp-content\/uploads\/2024\/06\/Wotofo-MDura-Pro-230W-Mod-Kit.webp","contentUrl":"https:\/\/www.elementvape.de\/wp-content\/uploads\/2024\/06\/Wotofo-MDura-Pro-230W-Mod-Kit.webp","width":800,"height":800,"caption":"Wotofo-MDura-Pro-230W-Mod-Kit"},{"@type":"BreadcrumbList","@id":"https:\/\/www.elementvape.de\/produkt\/wotofo-mdura-pro-230w-mod-kit\/#breadcrumb","itemListElement":[{"@type":"ListItem","position":1,"name":"Home","item":"https:\/\/www.elementvape.de\/"},{"@type":"ListItem","position":2,"name":"Shop","item":"https:\/\/www.elementvape.de\/shop\/"},{"@type":"ListItem","position":3,"name":"Wotofo MDura Pro 230W Mod Kit"}]},{"@type":"WebSite","@id":"https:\/\/www.elementvape.de\/#website","url":"https:\/\/www.elementvape.de\/","name":"ElementVape.de","description":"","publisher":{"@id":"https:\/\/www.elementvape.de\/#organization"},"potentialAction":[{"@type":"SearchAction","target":{"@type":"EntryPoint","urlTemplate":"https:\/\/www.elementvape.de\/?s={search_term_string}"},"query-input":"required name=search_term_string"}],"inLanguage":"lt-LT"},{"@type":"Organization","@id":"https:\/\/www.elementvape.de\/#organization","name":"ElementVape.DE","url":"https:\/\/www.elementvape.de\/","logo":{"@type":"ImageObject","inLanguage":"lt-LT","@id":"https:\/\/www.elementvape.de\/#\/schema\/logo\/image\/","url":"https:\/\/www.elementvape.de\/wp-content\/uploads\/2024\/09\/cropped-1elementvape-3.png","contentUrl":"https:\/\/www.elementvape.de\/wp-content\/uploads\/2024\/09\/cropped-1elementvape-3.png","width":285,"height":228,"caption":"ElementVape.DE"},"image":{"@id":"https:\/\/www.elementvape.de\/#\/schema\/logo\/image\/"}}]}},"_links":{"self":[{"href":"https:\/\/www.elementvape.de\/lt\/wp-json\/wp\/v2\/product\/12726"}],"collection":[{"href":"https:\/\/www.elementvape.de\/lt\/wp-json\/wp\/v2\/product"}],"about":[{"href":"https:\/\/www.elementvape.de\/lt\/wp-json\/wp\/v2\/types\/product"}],"wp:featuredmedia":[{"embeddable":true,"href":"https:\/\/www.elementvape.de\/lt\/wp-json\/wp\/v2\/media\/12732"}],"wp:attachment":[{"href":"https:\/\/www.elementvape.de\/lt\/wp-json\/wp\/v2\/media?parent=12726"}],"wp:term":[{"taxonomy":"product_cat","embeddable":true,"href":"https:\/\/www.elementvape.de\/lt\/wp-json\/wp\/v2\/product_cat?post=12726"},{"taxonomy":"product_tag","embeddable":true,"href":"https:\/\/www.elementvape.de\/lt\/wp-json\/wp\/v2\/product_tag?post=12726"}],"curies":[{"name":"wp","href":"https:\/\/api.w.org\/{rel}","templated":true}]}}