{"id":12501,"date":"2024-06-18T09:42:37","date_gmt":"2024-06-18T09:42:37","guid":{"rendered":"https:\/\/www.elementvape.de\/?post_type=product&#038;p=12501"},"modified":"2024-09-12T10:35:56","modified_gmt":"2024-09-12T10:35:56","slug":"horizontech-binaries-6k-einweg-e-zigarette-6000-zuege","status":"publish","type":"product","link":"https:\/\/www.elementvape.de\/lt\/produkt\/horizontech-binaries-6k-einweg-e-zigarette-6000-zuege\/","title":{"rendered":"HorizonTech Binaries 6K vienkartin\u0117 elektronin\u0117 cigaret\u0117 6000 \u012fkv\u0117pim\u0173"},"content":{"rendered":"<div class=\"flex-shrink-0 flex flex-col relative items-end\">\n<div>\n<div class=\"pt-0.5 juice:pt-0\">\n<div class=\"gizmo-bot-avatar flex h-6 w-6 items-center justify-center overflow-hidden rounded-full juice:h-8 juice:w-8\">\n<h2 class=\"relative p-1 rounded-sm flex items-center justify-center bg-token-main-surface-primary text-token-text-primary h-8 w-8\"><span style=\"font-size: 1.618em;\">HorizonTech Binaries 6K vienkartinis vape produkto apra\u0161ymas<\/span><\/h2>\n<\/div>\n<\/div>\n<\/div>\n<\/div>\n<div class=\"group\/conversation-turn relative flex w-full min-w-0 flex-col agent-turn\">\n<div class=\"flex-col gap-1 md:gap-3\">\n<div class=\"flex flex-grow flex-col max-w-full\">\n<div class=\"min-h-[20px] text-message flex flex-col items-start whitespace-pre-wrap break-words [.text-message+&amp;]:mt-5 juice:w-full juice:items-end overflow-x-auto gap-2\" dir=\"auto\" data-message-author-role=\"assistant\" data-message-id=\"dc791423-500b-4598-b8ee-1c402d1c8afa\">\n<div class=\"flex w-full flex-col gap-1 juice:empty:hidden juice:first:pt-[3px]\">\n<div class=\"markdown prose w-full break-words dark:prose-invert light\">\n<p>Jis <strong>HorizonTech Binaries 6K vienkartinis vape<\/strong> yra ideali vaping rinkinys \u017emon\u0117ms, kurie da\u017enai keliauja. Jis yra kompakti\u0161kas, lengvas ir paprastas naudoti, tod\u0117l puikiai tinka aktyviam gyvenimo b\u016bdui. Su 650 mAh akumuliatoriumi ir 15 ml didel\u0117s talpos E-skys\u010dio, \u0161is \u012frenginys leid\u017eia iki 6000 \u012fkv\u0117pim\u0173, nereikalaujant da\u017enai papildyti ar \u012fkrauti.<\/p>\n<h3>Pagrindin\u0117s savyb\u0117s<\/h3>\n<ol>\n<li><strong>Elektroninio skys\u010dio talpa:<\/strong> 15 ml pripildyto E-skys\u010dio ilgam garinimui<\/li>\n<li><strong>Nikotino stiprumas:<\/strong> 5 % (50 mg) nikotino, siekiant intensyvaus vaping patirties<\/li>\n<li><strong>\u012ekraunamas:<\/strong> Tipo-C jungtis greitam ir paprastam \u012fkrovimui<\/li>\n<li><strong>Didel\u0117s \u012fkv\u0117pimo talpos:<\/strong> Iki 6000 \u012fkv\u0117pim\u0173 vienam \u012frenginiui<\/li>\n<li><strong>Baterijos talpa:<\/strong> Integruotas 650 mAh akumuliatorius ilgam garinimui<\/li>\n<li><strong>Tinklelio spirale:<\/strong> 1,0 Ohmo \u0161velniam ir intensyviam garui<\/li>\n<li><strong>\u012ekv\u0117pimo aktyvavimas:<\/strong> Lengva naudoti be mygtuk\u0173, paprastas traukimas \u012fjungia \u012frengin\u012f<\/li>\n<li><strong>Mouth-to-Lung (MTL) vaping:<\/strong> Tinka burno \u012fkv\u0117pimo vapingui<\/li>\n<li><strong>Nesulaikantis skys\u010dio vo\u017etuvas:<\/strong> Apsaugo nuo E-skys\u010dio i\u0161siliejimo<\/li>\n<\/ol>\n<h3>Fizikiniai parametrai<\/h3>\n<ul>\n<li><strong>Elektroninio skys\u010dio talpa:<\/strong> 15 ml<\/li>\n<li><strong>Nikotino stiprumas:<\/strong> 5 % (50 mg\/ml)<\/li>\n<li><strong>Pakeitimai:<\/strong> Ma\u017edaug 6000 \u012fkv\u0117pim\u0173<\/li>\n<li><strong>Baterijos talpa:<\/strong> 650 mAh<\/li>\n<li><strong>Var\u017ea:<\/strong> 1,0 Ohm tinklinis rit\u0117<\/li>\n<li><strong>\u012ekrovimas:<\/strong> Type-C jungtis<\/li>\n<li><strong>Aktyvavimas:<\/strong> \u012ekv\u0117pimu aktyvuotas<\/li>\n<\/ul>\n<h3>Skoni\u0173 pasirinkimas<\/h3>\n<ul>\n<li>Aloe-vynuog\u0117<\/li>\n<li>Aperol Spritz ledas<\/li>\n<li>Obuoli\u0173 pyragas<\/li>\n<li>Juod\u0173j\u0173 serbent\u0173 kramtomoji guma<\/li>\n<li>Uog\u0173 Margarita<\/li>\n<li>M\u0117lyna avie\u010di\u0173 ro\u017ein\u0117 limonada<\/li>\n<li>M\u0117lyna Razz<\/li>\n<li>Blue Razz citrin\u0173 keksiukai<\/li>\n<li>Kepinti m\u0117lyni\u0173 spurgai<\/li>\n<li>Sviesto Saldainiai<\/li>\n<li>Vy\u0161ni\u0173 pyragas<\/li>\n<li>Skaidrus<\/li>\n<li>Kremuoti karamel\u0117s<\/li>\n<li>Vaisi\u0173 portugali\u0161kas pudingo tortas<\/li>\n<li>Meduoli\u0173 vyriukai<\/li>\n<li>Citrusin\u0117 Baiser tortas<\/li>\n<li>Mango-Colada Ledai<\/li>\n<li>Marshmallow<\/li>\n<li>M\u0117t\u0173<\/li>\n<li>Apelsin\u0173 Arb\u016bz\u0173 Ananas\u0173 Ledai<\/li>\n<li>Persik\u0173 Mango Abrikos\u0173 Ledai<\/li>\n<li>Apverstas Ananas\u0173 Pyragas<\/li>\n<li>Vaivoryk\u0161t\u0117s Saldainiai<\/li>\n<li>Raudonas Fuji Obuoli\u0173 Ledai<\/li>\n<li>Bra\u0161k\u0117<\/li>\n<li>Bra\u0161k\u0117s Banano Ledai<\/li>\n<li>Bra\u0161k\u0117s S\u016brio Pyragas<\/li>\n<li>Bra\u0161k\u0117 Vynuog\u0117<\/li>\n<li>Bra\u0161k\u0117s Persiko Jogurtas<\/li>\n<li>Trij\u0173 uog\u0173 tra\u0161kesys<\/li>\n<li>Vanil\u0117s Vanil\u0117s pudingas<\/li>\n<li>Arb\u016bzo ledai<\/li>\n<li>Arb\u016bz\u0173 Sultys<\/li>\n<\/ul>\n<h3>Pakuot\u0117s s\u0105ra\u0161as<\/h3>\n<ul>\n<li>1 x HorizonTech Binaries 6000 Vienkartinis Vape 6000 \u012fkv\u0117pim\u0173<\/li>\n<\/ul>\n<h3>Apibendrinimas<\/h3>\n<p>Jis <strong>HorizonTech Binaries 6K vienkartinis vape<\/strong> yra tobulas tiems, kurie ie\u0161ko nesud\u0117tingo ir efektyvaus vaping patirties. Su pla\u010dia skonio pasirinkimo \u012fvairove, dideliu \u012fkv\u0117pim\u0173 skai\u010diumi ir patogiu dizainu, \u0161is vienkartinis \u012frenginys suteikia visk\u0105, ko reikia maloniai vaping patir\u010diai.<\/p>\n<\/div>\n<\/div>\n<\/div>\n<\/div>\n<\/div>\n<\/div>","protected":false},"excerpt":{"rendered":"<p>HorizonTech Binaries 6K Disposable Vape Produktbeschreibung Der HorizonTech Binaries 6K Disposable Vape ist das ideale Vaping-Kit f\u00fcr Menschen, die viel unterwegs sind. Es ist kompakt, leicht und einfach zu bedienen, was es perfekt f\u00fcr einen aktiven Lebensstil macht. Ausgestattet mit einem 650-mAh-Akku und einer gro\u00dfz\u00fcgigen 15-ml-E-Liquid-Kapazit\u00e4t, bietet dieses Ger\u00e4t bis zu 6000 Z\u00fcge, ohne dass [&hellip;]<\/p>","protected":false},"featured_media":12502,"template":"","meta":{"inline_featured_image":false},"product_cat":[78,754,745,742,748,744,755,738,751],"product_tag":[],"tiered_pricing_type":"fixed","tiered_pricing_fixed_rules":[],"tiered_pricing_percentage_rules":[],"tiered_pricing_minimum":1,"_administrator_tiered_pricing_type":"fixed","_administrator_tiered_pricing_fixed_rules":[],"_editor_tiered_pricing_type":"fixed","_editor_tiered_pricing_fixed_rules":[],"_author_tiered_pricing_type":"fixed","_author_tiered_pricing_fixed_rules":[],"_contributor_tiered_pricing_type":"fixed","_contributor_tiered_pricing_fixed_rules":[],"_subscriber_tiered_pricing_type":"fixed","_subscriber_tiered_pricing_fixed_rules":[],"_customer_tiered_pricing_type":"fixed","_customer_tiered_pricing_fixed_rules":[],"_shop_manager_tiered_pricing_type":"fixed","_shop_manager_tiered_pricing_fixed_rules":[],"_wpseo_manager_tiered_pricing_type":"fixed","_wpseo_manager_tiered_pricing_fixed_rules":[],"_wpseo_editor_tiered_pricing_type":"fixed","_wpseo_editor_tiered_pricing_fixed_rules":[],"_wholesale_customer_tiered_pricing_type":"fixed","_wholesale_customer_tiered_pricing_fixed_rules":[],"_marketer_tiered_pricing_type":"fixed","_marketer_tiered_pricing_fixed_rules":[],"_sales_manager_tiered_pricing_type":"fixed","_sales_manager_tiered_pricing_fixed_rules":[],"_sales_rep_tiered_pricing_type":"fixed","_sales_rep_tiered_pricing_fixed_rules":[],"yoast_head":"<!-- This site is optimized with the Yoast SEO plugin v23.3 - https:\/\/yoast.com\/wordpress\/plugins\/seo\/ -->\n<title>HorizonTech Binaries 6K Einweg-E-Zigarette 6000 Z\u00fcge | ElementVape.de<\/title>\n<meta name=\"description\" content=\"Wir bieten HorizonTech Binaries 6K Einweg-E-Zigarette 6000 Z\u00fcge , Elementvape.de akzeptieren Gro\u00df-und Einzelhandel Bestellungen.\" \/>\n<meta name=\"robots\" content=\"index, follow, max-snippet:-1, max-image-preview:large, max-video-preview:-1\" \/>\n<link rel=\"canonical\" href=\"https:\/\/www.elementvape.de\/lt\/produkt\/horizontech-binaries-6k-einweg-e-zigarette-6000-zuege\/\" \/>\n<meta property=\"og:locale\" content=\"lt_LT\" \/>\n<meta property=\"og:type\" content=\"article\" \/>\n<meta property=\"og:title\" content=\"HorizonTech Binaries 6K Einweg-E-Zigarette 6000 Z\u00fcge | ElementVape.de\" \/>\n<meta property=\"og:description\" content=\"Wir bieten HorizonTech Binaries 6K Einweg-E-Zigarette 6000 Z\u00fcge , Elementvape.de akzeptieren Gro\u00df-und Einzelhandel Bestellungen.\" \/>\n<meta property=\"og:url\" content=\"https:\/\/www.elementvape.de\/lt\/produkt\/horizontech-binaries-6k-einweg-e-zigarette-6000-zuege\/\" \/>\n<meta property=\"og:site_name\" content=\"ElementVape.de\" \/>\n<meta property=\"article:modified_time\" content=\"2024-09-12T10:35:56+00:00\" \/>\n<meta property=\"og:image\" content=\"https:\/\/www.elementvape.de\/wp-content\/uploads\/2024\/06\/HorizonBinaries6KDisposableVapeKit6000Puffs__1.webp\" \/>\n\t<meta property=\"og:image:width\" content=\"800\" \/>\n\t<meta property=\"og:image:height\" content=\"800\" \/>\n\t<meta property=\"og:image:type\" content=\"image\/webp\" \/>\n<meta name=\"twitter:card\" content=\"summary_large_image\" \/>\n<meta name=\"twitter:label1\" content=\"Est. reading time\" \/>\n\t<meta name=\"twitter:data1\" content=\"2 minut\u0117s\" \/>\n<script type=\"application\/ld+json\" class=\"yoast-schema-graph\">{\"@context\":\"https:\/\/schema.org\",\"@graph\":[{\"@type\":\"WebPage\",\"@id\":\"https:\/\/www.elementvape.de\/fi\/produkt\/horizontech-binaries-6k-einweg-e-zigarette-6000-zuege\/\",\"url\":\"https:\/\/www.elementvape.de\/fi\/produkt\/horizontech-binaries-6k-einweg-e-zigarette-6000-zuege\/\",\"name\":\"HorizonTech Binaries 6K Einweg-E-Zigarette 6000 Z\u00fcge | ElementVape.de\",\"isPartOf\":{\"@id\":\"https:\/\/www.elementvape.de\/#website\"},\"primaryImageOfPage\":{\"@id\":\"https:\/\/www.elementvape.de\/fi\/produkt\/horizontech-binaries-6k-einweg-e-zigarette-6000-zuege\/#primaryimage\"},\"image\":{\"@id\":\"https:\/\/www.elementvape.de\/fi\/produkt\/horizontech-binaries-6k-einweg-e-zigarette-6000-zuege\/#primaryimage\"},\"thumbnailUrl\":\"https:\/\/www.elementvape.de\/wp-content\/uploads\/2024\/06\/HorizonBinaries6KDisposableVapeKit6000Puffs__1.webp\",\"datePublished\":\"2024-06-18T09:42:37+00:00\",\"dateModified\":\"2024-09-12T10:35:56+00:00\",\"description\":\"Wir bieten HorizonTech Binaries 6K Einweg-E-Zigarette 6000 Z\u00fcge , Elementvape.de akzeptieren Gro\u00df-und Einzelhandel Bestellungen.\",\"breadcrumb\":{\"@id\":\"https:\/\/www.elementvape.de\/fi\/produkt\/horizontech-binaries-6k-einweg-e-zigarette-6000-zuege\/#breadcrumb\"},\"inLanguage\":\"lt-LT\",\"potentialAction\":[{\"@type\":\"ReadAction\",\"target\":[\"https:\/\/www.elementvape.de\/fi\/produkt\/horizontech-binaries-6k-einweg-e-zigarette-6000-zuege\/\"]}]},{\"@type\":\"ImageObject\",\"inLanguage\":\"lt-LT\",\"@id\":\"https:\/\/www.elementvape.de\/fi\/produkt\/horizontech-binaries-6k-einweg-e-zigarette-6000-zuege\/#primaryimage\",\"url\":\"https:\/\/www.elementvape.de\/wp-content\/uploads\/2024\/06\/HorizonBinaries6KDisposableVapeKit6000Puffs__1.webp\",\"contentUrl\":\"https:\/\/www.elementvape.de\/wp-content\/uploads\/2024\/06\/HorizonBinaries6KDisposableVapeKit6000Puffs__1.webp\",\"width\":800,\"height\":800,\"caption\":\"HorizonBinaries6KDisposableVapeKit6000Puffs__1\"},{\"@type\":\"BreadcrumbList\",\"@id\":\"https:\/\/www.elementvape.de\/fi\/produkt\/horizontech-binaries-6k-einweg-e-zigarette-6000-zuege\/#breadcrumb\",\"itemListElement\":[{\"@type\":\"ListItem\",\"position\":1,\"name\":\"Home\",\"item\":\"https:\/\/www.elementvape.de\/\"},{\"@type\":\"ListItem\",\"position\":2,\"name\":\"Shop\",\"item\":\"https:\/\/www.elementvape.de\/shop\/\"},{\"@type\":\"ListItem\",\"position\":3,\"name\":\"HorizonTech Binaries 6K Einweg-E-Zigarette 6000 Z\u00fcge\"}]},{\"@type\":\"WebSite\",\"@id\":\"https:\/\/www.elementvape.de\/#website\",\"url\":\"https:\/\/www.elementvape.de\/\",\"name\":\"ElementVape.de\",\"description\":\"\",\"publisher\":{\"@id\":\"https:\/\/www.elementvape.de\/#organization\"},\"potentialAction\":[{\"@type\":\"SearchAction\",\"target\":{\"@type\":\"EntryPoint\",\"urlTemplate\":\"https:\/\/www.elementvape.de\/?s={search_term_string}\"},\"query-input\":\"required name=search_term_string\"}],\"inLanguage\":\"lt-LT\"},{\"@type\":\"Organization\",\"@id\":\"https:\/\/www.elementvape.de\/#organization\",\"name\":\"ElementVape.DE\",\"url\":\"https:\/\/www.elementvape.de\/\",\"logo\":{\"@type\":\"ImageObject\",\"inLanguage\":\"lt-LT\",\"@id\":\"https:\/\/www.elementvape.de\/#\/schema\/logo\/image\/\",\"url\":\"https:\/\/www.elementvape.de\/wp-content\/uploads\/2024\/09\/cropped-1elementvape-3.png\",\"contentUrl\":\"https:\/\/www.elementvape.de\/wp-content\/uploads\/2024\/09\/cropped-1elementvape-3.png\",\"width\":285,\"height\":228,\"caption\":\"ElementVape.DE\"},\"image\":{\"@id\":\"https:\/\/www.elementvape.de\/#\/schema\/logo\/image\/\"}}]}<\/script>\n<!-- \/ Yoast SEO plugin. -->","yoast_head_json":{"title":"HorizonTech Binaries 6K Einweg-E-Zigarette 6000 Z\u00fcge | ElementVape.de","description":"Wir bieten HorizonTech Binaries 6K Einweg-E-Zigarette 6000 Z\u00fcge , Elementvape.de akzeptieren Gro\u00df-und Einzelhandel Bestellungen.","robots":{"index":"index","follow":"follow","max-snippet":"max-snippet:-1","max-image-preview":"max-image-preview:large","max-video-preview":"max-video-preview:-1"},"canonical":"https:\/\/www.elementvape.de\/lt\/produkt\/horizontech-binaries-6k-einweg-e-zigarette-6000-zuege\/","og_locale":"lt_LT","og_type":"article","og_title":"HorizonTech Binaries 6K Einweg-E-Zigarette 6000 Z\u00fcge | ElementVape.de","og_description":"Wir bieten HorizonTech Binaries 6K Einweg-E-Zigarette 6000 Z\u00fcge , Elementvape.de akzeptieren Gro\u00df-und Einzelhandel Bestellungen.","og_url":"https:\/\/www.elementvape.de\/lt\/produkt\/horizontech-binaries-6k-einweg-e-zigarette-6000-zuege\/","og_site_name":"ElementVape.de","article_modified_time":"2024-09-12T10:35:56+00:00","og_image":[{"width":800,"height":800,"url":"https:\/\/www.elementvape.de\/wp-content\/uploads\/2024\/06\/HorizonBinaries6KDisposableVapeKit6000Puffs__1.webp","type":"image\/webp"}],"twitter_card":"summary_large_image","twitter_misc":{"Est. reading time":"2 minut\u0117s"},"schema":{"@context":"https:\/\/schema.org","@graph":[{"@type":"WebPage","@id":"https:\/\/www.elementvape.de\/fi\/produkt\/horizontech-binaries-6k-einweg-e-zigarette-6000-zuege\/","url":"https:\/\/www.elementvape.de\/fi\/produkt\/horizontech-binaries-6k-einweg-e-zigarette-6000-zuege\/","name":"HorizonTech Binaries 6K Einweg-E-Zigarette 6000 Z\u00fcge | ElementVape.de","isPartOf":{"@id":"https:\/\/www.elementvape.de\/#website"},"primaryImageOfPage":{"@id":"https:\/\/www.elementvape.de\/fi\/produkt\/horizontech-binaries-6k-einweg-e-zigarette-6000-zuege\/#primaryimage"},"image":{"@id":"https:\/\/www.elementvape.de\/fi\/produkt\/horizontech-binaries-6k-einweg-e-zigarette-6000-zuege\/#primaryimage"},"thumbnailUrl":"https:\/\/www.elementvape.de\/wp-content\/uploads\/2024\/06\/HorizonBinaries6KDisposableVapeKit6000Puffs__1.webp","datePublished":"2024-06-18T09:42:37+00:00","dateModified":"2024-09-12T10:35:56+00:00","description":"Wir bieten HorizonTech Binaries 6K Einweg-E-Zigarette 6000 Z\u00fcge , Elementvape.de akzeptieren Gro\u00df-und Einzelhandel Bestellungen.","breadcrumb":{"@id":"https:\/\/www.elementvape.de\/fi\/produkt\/horizontech-binaries-6k-einweg-e-zigarette-6000-zuege\/#breadcrumb"},"inLanguage":"lt-LT","potentialAction":[{"@type":"ReadAction","target":["https:\/\/www.elementvape.de\/fi\/produkt\/horizontech-binaries-6k-einweg-e-zigarette-6000-zuege\/"]}]},{"@type":"ImageObject","inLanguage":"lt-LT","@id":"https:\/\/www.elementvape.de\/fi\/produkt\/horizontech-binaries-6k-einweg-e-zigarette-6000-zuege\/#primaryimage","url":"https:\/\/www.elementvape.de\/wp-content\/uploads\/2024\/06\/HorizonBinaries6KDisposableVapeKit6000Puffs__1.webp","contentUrl":"https:\/\/www.elementvape.de\/wp-content\/uploads\/2024\/06\/HorizonBinaries6KDisposableVapeKit6000Puffs__1.webp","width":800,"height":800,"caption":"HorizonBinaries6KDisposableVapeKit6000Puffs__1"},{"@type":"BreadcrumbList","@id":"https:\/\/www.elementvape.de\/fi\/produkt\/horizontech-binaries-6k-einweg-e-zigarette-6000-zuege\/#breadcrumb","itemListElement":[{"@type":"ListItem","position":1,"name":"Home","item":"https:\/\/www.elementvape.de\/"},{"@type":"ListItem","position":2,"name":"Shop","item":"https:\/\/www.elementvape.de\/shop\/"},{"@type":"ListItem","position":3,"name":"HorizonTech Binaries 6K Einweg-E-Zigarette 6000 Z\u00fcge"}]},{"@type":"WebSite","@id":"https:\/\/www.elementvape.de\/#website","url":"https:\/\/www.elementvape.de\/","name":"ElementVape.de","description":"","publisher":{"@id":"https:\/\/www.elementvape.de\/#organization"},"potentialAction":[{"@type":"SearchAction","target":{"@type":"EntryPoint","urlTemplate":"https:\/\/www.elementvape.de\/?s={search_term_string}"},"query-input":"required name=search_term_string"}],"inLanguage":"lt-LT"},{"@type":"Organization","@id":"https:\/\/www.elementvape.de\/#organization","name":"ElementVape.DE","url":"https:\/\/www.elementvape.de\/","logo":{"@type":"ImageObject","inLanguage":"lt-LT","@id":"https:\/\/www.elementvape.de\/#\/schema\/logo\/image\/","url":"https:\/\/www.elementvape.de\/wp-content\/uploads\/2024\/09\/cropped-1elementvape-3.png","contentUrl":"https:\/\/www.elementvape.de\/wp-content\/uploads\/2024\/09\/cropped-1elementvape-3.png","width":285,"height":228,"caption":"ElementVape.DE"},"image":{"@id":"https:\/\/www.elementvape.de\/#\/schema\/logo\/image\/"}}]}},"_links":{"self":[{"href":"https:\/\/www.elementvape.de\/lt\/wp-json\/wp\/v2\/product\/12501"}],"collection":[{"href":"https:\/\/www.elementvape.de\/lt\/wp-json\/wp\/v2\/product"}],"about":[{"href":"https:\/\/www.elementvape.de\/lt\/wp-json\/wp\/v2\/types\/product"}],"wp:featuredmedia":[{"embeddable":true,"href":"https:\/\/www.elementvape.de\/lt\/wp-json\/wp\/v2\/media\/12502"}],"wp:attachment":[{"href":"https:\/\/www.elementvape.de\/lt\/wp-json\/wp\/v2\/media?parent=12501"}],"wp:term":[{"taxonomy":"product_cat","embeddable":true,"href":"https:\/\/www.elementvape.de\/lt\/wp-json\/wp\/v2\/product_cat?post=12501"},{"taxonomy":"product_tag","embeddable":true,"href":"https:\/\/www.elementvape.de\/lt\/wp-json\/wp\/v2\/product_tag?post=12501"}],"curies":[{"name":"wp","href":"https:\/\/api.w.org\/{rel}","templated":true}]}}