{"id":12397,"date":"2024-06-18T07:57:34","date_gmt":"2024-06-18T07:57:34","guid":{"rendered":"https:\/\/www.elementvape.de\/?post_type=product&#038;p=12397"},"modified":"2024-09-12T10:35:58","modified_gmt":"2024-09-12T10:35:58","slug":"horizontech-binaries-th6000-einweg-e-zigarette-6000-zuege","status":"publish","type":"product","link":"https:\/\/www.elementvape.de\/lt\/produkt\/horizontech-binaries-th6000-einweg-e-zigarette-6000-zuege\/","title":{"rendered":"HorizonTech Binaries TH6000 Vienkartin\u0117 E-cigaret\u0117 6000 \u012ekv\u0117pim\u0173"},"content":{"rendered":"<h3>HorizonTech Binaries TH6000 produkto apra\u0161ymas<\/h3>\n<p>Jis <strong>Binaries TH6000<\/strong> yra auk\u0161tos kokyb\u0117s <strong><a href=\"https:\/\/www.elementvape.de\/lt\/c\/einweg-zigarette\/\">Vienkartin\u0117 elektronin\u0117 cigaret\u0117<\/a><\/strong> \u012erenginys, kuris yra prieinamas 30 unikali\u0173 skoni\u0173, kad b\u016bt\u0173 pamaloninti vartotoj\u0173 skonio receptoriai. Su stilingu cilindro formos dizainu ir 8 skirtingomis spalv\u0173 galimyb\u0117mis, TH6000 ne tik si\u016blo patraukli\u0105 i\u0161vaizd\u0105, bet ir ergonomi\u0161k\u0105 form\u0105 patogiam laikymui.<\/p>\n<h3>Pagrindin\u0117s savyb\u0117s<\/h3>\n<ol>\n<li><strong>Skoni\u0173 \u012fvairov\u0117:<\/strong> 30 unikali\u0173 skoni\u0173<\/li>\n<li><strong>Spalv\u0173 pasirinkimai:<\/strong> 8 skirtingos spalvos<\/li>\n<li><strong>Dizainas:<\/strong> Cilindro formos dizainas ergonominiam laikymui<\/li>\n<li><strong>Oras srauto reguliavimas:<\/strong> Priekin\u0117 strukt\u016bra oro srauto reguliavimui apa\u010dioje esan\u010diame \u012frenginyje<\/li>\n<li><strong>Sauga:<\/strong> Centrinis dirbtinio intelekto lustas su apsaugos funkcijomis, tokiomis kaip \u017eema \u012ftampa, garo laiko limitas (10 sekund\u017ei\u0173), trump\u0173j\u0173 jung\u010di\u0173 apsauga ir perkaitimo apsauga<\/li>\n<li><strong>Baterija:<\/strong> 650 mAh \u012fkraunama baterija<\/li>\n<li><strong>E-skys\u010dio ir baterijos LED indikatoriai:<\/strong> Informuoja apie naudojim\u0105 ir \u012fkrovimo b\u016bsen\u0105<\/li>\n<li><strong>Purk\u0161tuko \u0161erdis:<\/strong> Tinklelio rit\u0117 pagerintam skoniui<\/li>\n<\/ol>\n<h3>Fizikiniai parametrai<\/h3>\n<ul>\n<li><strong>Matmenys:<\/strong> 25,5 x 32 x 108 mm<\/li>\n<li><strong>Pakeitimai:<\/strong> 6000 traukini\u0173<\/li>\n<li><strong>Nikotino stiprumas:<\/strong> 5 % (50 mg\/ml)<\/li>\n<li><strong>Elektroninio skys\u010dio talpa:<\/strong> 12 ml<\/li>\n<li><strong>Med\u017eiagos:<\/strong> PCTG<\/li>\n<li><strong>Var\u017ea:<\/strong> 1,0 Ohmo<\/li>\n<li><strong>Baterijos talpa:<\/strong> 650 mAh (\u012fkraunama)<\/li>\n<li><strong>\u012ekrovimas:<\/strong> Type-C \u012fkroviklis (ne\u012ftrauktas)<\/li>\n<\/ul>\n<h3>Skoniai<\/h3>\n<ol>\n<li>Bra\u0161ki\u0173 ledas<\/li>\n<li>Vynuogi\u0173 ledas<\/li>\n<li>Banano ledai<\/li>\n<li>Bra\u0161k\u0117s-banano ledai<\/li>\n<li>Mang\u0173 ledai<\/li>\n<li>Citrina cukraus vata<\/li>\n<li>Citrusin\u0117 Baiser tortas<\/li>\n<li>Vanil\u0117s-\u0161okolado ledai<\/li>\n<li>Sviesto Saldainiai<\/li>\n<li>Abrikosai<\/li>\n<li>Mango-persiko ledai<\/li>\n<li>Bra\u0161k\u0117s-ananaso ledai<\/li>\n<li>Blue Razz kalki\u0173 ledai<\/li>\n<li>Cantaloupe medaus melionas<\/li>\n<li>Vandensmeliono ledai<\/li>\n<li>Blue Razz greipfruto ledai<\/li>\n<li>Ananaso apelsin\u0173 ledai<\/li>\n<li>Vandensmeliono obuoli\u0173 ledai<\/li>\n<li>Oran\u017ein\u0117 mango<\/li>\n<li>Vandensmeliono ledai<\/li>\n<li>Pasifloros apelsin\u0173 ledai<\/li>\n<li>Apelsin\u0173 obuoli\u0173 ledai<\/li>\n<li>Skysta limonada<\/li>\n<li>\u0160ilauogi\u0173 citrin\u0173 ledai<\/li>\n<li>Bra\u0161ki\u0173 sausainiai<\/li>\n<li>Vandensmelion\u0173 persikas<\/li>\n<li>Ai\u0161ki bra\u0161k\u0117<\/li>\n<li>Prabangus kramtomasis gumos<\/li>\n<li>Prabangus kokos\u0173 kokteilis<\/li>\n<li>Tabakas (skaidrus tabakas, kreminis tabakas, kreminis vanil\u0117s apelsin\u0173 ledas)<\/li>\n<li>Led\u0173 saldus kremas Latte<\/li>\n<\/ol>\n<h3>Pakuot\u0117s s\u0105ra\u0161as<\/h3>\n<ul>\n<li>1 x HorizonTech Binaries TH6000 vienkartinis vape, 6000 \u012fkv\u0117pim\u0173<\/li>\n<\/ul>\n<h3>Apibendrinimas<\/h3>\n<p>Jis <strong>HorizonTech Binaries TH6000<\/strong> si\u016blo auk\u0161tos kokyb\u0117s garinimo patirt\u012f su \u012fsp\u016bdinga skoni\u0173 ir spalv\u0173 \u012fvairove. D\u0117l ergonomi\u0161ko dizaino, reguliuojamos oro srauto strukt\u016bros ir saugos funkcij\u0173 \u0161is vienkartinis vape \u012frenginys yra tiek patogus naudoti, tiek saugus. \u012ekraunamas 650 mAh akumuliatorius ir 6000 \u012fkv\u0117pim\u0173 talpa u\u017etikrina ilgalaik\u012f naudojim\u0105, o LED indikatoriai nuolat informuoja apie \u012frenginio b\u016bsen\u0105.<\/p>","protected":false},"excerpt":{"rendered":"<p>HorizonTech Binaries TH6000 Produktbeschreibung Der Binaries TH6000 ist ein hochwertiges Einweg-E-zigarette Ger\u00e4t, das in 30 einzigartigen Geschmacksrichtungen erh\u00e4ltlich ist, um die Geschmacksnerven der Benutzer zu verw\u00f6hnen. Mit einem stilvollen zylindrischen Design und 8 verschiedenen Farboptionen bietet der TH6000 nicht nur eine ansprechende Optik, sondern auch eine ergonomische Form f\u00fcr einen bequemen Griff. Hauptmerkmale Geschmacksvielfalt: 30 [&hellip;]<\/p>","protected":false},"featured_media":12399,"template":"","meta":{"inline_featured_image":false},"product_cat":[78,754,745,742,748,744,755,738,751],"product_tag":[680],"tiered_pricing_type":"fixed","tiered_pricing_fixed_rules":[],"tiered_pricing_percentage_rules":[],"tiered_pricing_minimum":1,"_administrator_tiered_pricing_type":"fixed","_administrator_tiered_pricing_fixed_rules":[],"_editor_tiered_pricing_type":"fixed","_editor_tiered_pricing_fixed_rules":[],"_author_tiered_pricing_type":"fixed","_author_tiered_pricing_fixed_rules":[],"_contributor_tiered_pricing_type":"fixed","_contributor_tiered_pricing_fixed_rules":[],"_subscriber_tiered_pricing_type":"fixed","_subscriber_tiered_pricing_fixed_rules":[],"_customer_tiered_pricing_type":"fixed","_customer_tiered_pricing_fixed_rules":[],"_shop_manager_tiered_pricing_type":"fixed","_shop_manager_tiered_pricing_fixed_rules":[],"_wpseo_manager_tiered_pricing_type":"fixed","_wpseo_manager_tiered_pricing_fixed_rules":[],"_wpseo_editor_tiered_pricing_type":"fixed","_wpseo_editor_tiered_pricing_fixed_rules":[],"_wholesale_customer_tiered_pricing_type":"fixed","_wholesale_customer_tiered_pricing_fixed_rules":[],"_marketer_tiered_pricing_type":"fixed","_marketer_tiered_pricing_fixed_rules":[],"_sales_manager_tiered_pricing_type":"fixed","_sales_manager_tiered_pricing_fixed_rules":[],"_sales_rep_tiered_pricing_type":"fixed","_sales_rep_tiered_pricing_fixed_rules":[],"yoast_head":"<!-- This site is optimized with the Yoast SEO plugin v23.3 - https:\/\/yoast.com\/wordpress\/plugins\/seo\/ -->\n<title>HorizonTech Binaries TH6000 Einweg-E-zigarette 6000 Z\u00fcge | ElementVape.de<\/title>\n<meta name=\"description\" content=\"Wir bieten HorizonTech Binaries TH6000 Einweg-E-zigarette 6000 Z\u00fcge , Elementvape.de akzeptieren Gro\u00df-und Einzelhandel Bestellungen.\" \/>\n<meta name=\"robots\" content=\"index, follow, max-snippet:-1, max-image-preview:large, max-video-preview:-1\" \/>\n<link rel=\"canonical\" href=\"https:\/\/www.elementvape.de\/lt\/produkt\/horizontech-binaries-th6000-einweg-e-zigarette-6000-zuege\/\" \/>\n<meta property=\"og:locale\" content=\"lt_LT\" \/>\n<meta property=\"og:type\" content=\"article\" \/>\n<meta property=\"og:title\" content=\"HorizonTech Binaries TH6000 Einweg-E-zigarette 6000 Z\u00fcge | ElementVape.de\" \/>\n<meta property=\"og:description\" content=\"Wir bieten HorizonTech Binaries TH6000 Einweg-E-zigarette 6000 Z\u00fcge , Elementvape.de akzeptieren Gro\u00df-und Einzelhandel Bestellungen.\" \/>\n<meta property=\"og:url\" content=\"https:\/\/www.elementvape.de\/lt\/produkt\/horizontech-binaries-th6000-einweg-e-zigarette-6000-zuege\/\" \/>\n<meta property=\"og:site_name\" content=\"ElementVape.de\" \/>\n<meta property=\"article:modified_time\" content=\"2024-09-12T10:35:58+00:00\" \/>\n<meta property=\"og:image\" content=\"https:\/\/www.elementvape.de\/wp-content\/uploads\/2024\/06\/WatermelonPeachClear5.webp\" \/>\n\t<meta property=\"og:image:width\" content=\"800\" \/>\n\t<meta property=\"og:image:height\" content=\"800\" \/>\n\t<meta property=\"og:image:type\" content=\"image\/webp\" \/>\n<meta name=\"twitter:card\" content=\"summary_large_image\" \/>\n<meta name=\"twitter:label1\" content=\"Est. reading time\" \/>\n\t<meta name=\"twitter:data1\" content=\"2 minut\u0117s\" \/>\n<script type=\"application\/ld+json\" class=\"yoast-schema-graph\">{\"@context\":\"https:\/\/schema.org\",\"@graph\":[{\"@type\":\"WebPage\",\"@id\":\"https:\/\/www.elementvape.de\/nl\/produkt\/horizontech-binaries-th6000-einweg-e-zigarette-6000-zuege\/\",\"url\":\"https:\/\/www.elementvape.de\/nl\/produkt\/horizontech-binaries-th6000-einweg-e-zigarette-6000-zuege\/\",\"name\":\"HorizonTech Binaries TH6000 Einweg-E-zigarette 6000 Z\u00fcge | ElementVape.de\",\"isPartOf\":{\"@id\":\"https:\/\/www.elementvape.de\/#website\"},\"primaryImageOfPage\":{\"@id\":\"https:\/\/www.elementvape.de\/nl\/produkt\/horizontech-binaries-th6000-einweg-e-zigarette-6000-zuege\/#primaryimage\"},\"image\":{\"@id\":\"https:\/\/www.elementvape.de\/nl\/produkt\/horizontech-binaries-th6000-einweg-e-zigarette-6000-zuege\/#primaryimage\"},\"thumbnailUrl\":\"https:\/\/www.elementvape.de\/wp-content\/uploads\/2024\/06\/WatermelonPeachClear5.webp\",\"datePublished\":\"2024-06-18T07:57:34+00:00\",\"dateModified\":\"2024-09-12T10:35:58+00:00\",\"description\":\"Wir bieten HorizonTech Binaries TH6000 Einweg-E-zigarette 6000 Z\u00fcge , Elementvape.de akzeptieren Gro\u00df-und Einzelhandel Bestellungen.\",\"breadcrumb\":{\"@id\":\"https:\/\/www.elementvape.de\/nl\/produkt\/horizontech-binaries-th6000-einweg-e-zigarette-6000-zuege\/#breadcrumb\"},\"inLanguage\":\"lt-LT\",\"potentialAction\":[{\"@type\":\"ReadAction\",\"target\":[\"https:\/\/www.elementvape.de\/nl\/produkt\/horizontech-binaries-th6000-einweg-e-zigarette-6000-zuege\/\"]}]},{\"@type\":\"ImageObject\",\"inLanguage\":\"lt-LT\",\"@id\":\"https:\/\/www.elementvape.de\/nl\/produkt\/horizontech-binaries-th6000-einweg-e-zigarette-6000-zuege\/#primaryimage\",\"url\":\"https:\/\/www.elementvape.de\/wp-content\/uploads\/2024\/06\/WatermelonPeachClear5.webp\",\"contentUrl\":\"https:\/\/www.elementvape.de\/wp-content\/uploads\/2024\/06\/WatermelonPeachClear5.webp\",\"width\":800,\"height\":800,\"caption\":\"WatermelonPeachClear5\"},{\"@type\":\"BreadcrumbList\",\"@id\":\"https:\/\/www.elementvape.de\/nl\/produkt\/horizontech-binaries-th6000-einweg-e-zigarette-6000-zuege\/#breadcrumb\",\"itemListElement\":[{\"@type\":\"ListItem\",\"position\":1,\"name\":\"Home\",\"item\":\"https:\/\/www.elementvape.de\/\"},{\"@type\":\"ListItem\",\"position\":2,\"name\":\"Shop\",\"item\":\"https:\/\/www.elementvape.de\/shop\/\"},{\"@type\":\"ListItem\",\"position\":3,\"name\":\"HorizonTech Binaries TH6000 Einweg-E-zigarette 6000 Z\u00fcge\"}]},{\"@type\":\"WebSite\",\"@id\":\"https:\/\/www.elementvape.de\/#website\",\"url\":\"https:\/\/www.elementvape.de\/\",\"name\":\"ElementVape.de\",\"description\":\"\",\"publisher\":{\"@id\":\"https:\/\/www.elementvape.de\/#organization\"},\"potentialAction\":[{\"@type\":\"SearchAction\",\"target\":{\"@type\":\"EntryPoint\",\"urlTemplate\":\"https:\/\/www.elementvape.de\/?s={search_term_string}\"},\"query-input\":\"required name=search_term_string\"}],\"inLanguage\":\"lt-LT\"},{\"@type\":\"Organization\",\"@id\":\"https:\/\/www.elementvape.de\/#organization\",\"name\":\"ElementVape.DE\",\"url\":\"https:\/\/www.elementvape.de\/\",\"logo\":{\"@type\":\"ImageObject\",\"inLanguage\":\"lt-LT\",\"@id\":\"https:\/\/www.elementvape.de\/#\/schema\/logo\/image\/\",\"url\":\"https:\/\/www.elementvape.de\/wp-content\/uploads\/2024\/09\/cropped-1elementvape-3.png\",\"contentUrl\":\"https:\/\/www.elementvape.de\/wp-content\/uploads\/2024\/09\/cropped-1elementvape-3.png\",\"width\":285,\"height\":228,\"caption\":\"ElementVape.DE\"},\"image\":{\"@id\":\"https:\/\/www.elementvape.de\/#\/schema\/logo\/image\/\"}}]}<\/script>\n<!-- \/ Yoast SEO plugin. -->","yoast_head_json":{"title":"HorizonTech Binaries TH6000 Einweg-E-zigarette 6000 Z\u00fcge | ElementVape.de","description":"Wir bieten HorizonTech Binaries TH6000 Einweg-E-zigarette 6000 Z\u00fcge , Elementvape.de akzeptieren Gro\u00df-und Einzelhandel Bestellungen.","robots":{"index":"index","follow":"follow","max-snippet":"max-snippet:-1","max-image-preview":"max-image-preview:large","max-video-preview":"max-video-preview:-1"},"canonical":"https:\/\/www.elementvape.de\/lt\/produkt\/horizontech-binaries-th6000-einweg-e-zigarette-6000-zuege\/","og_locale":"lt_LT","og_type":"article","og_title":"HorizonTech Binaries TH6000 Einweg-E-zigarette 6000 Z\u00fcge | ElementVape.de","og_description":"Wir bieten HorizonTech Binaries TH6000 Einweg-E-zigarette 6000 Z\u00fcge , Elementvape.de akzeptieren Gro\u00df-und Einzelhandel Bestellungen.","og_url":"https:\/\/www.elementvape.de\/lt\/produkt\/horizontech-binaries-th6000-einweg-e-zigarette-6000-zuege\/","og_site_name":"ElementVape.de","article_modified_time":"2024-09-12T10:35:58+00:00","og_image":[{"width":800,"height":800,"url":"https:\/\/www.elementvape.de\/wp-content\/uploads\/2024\/06\/WatermelonPeachClear5.webp","type":"image\/webp"}],"twitter_card":"summary_large_image","twitter_misc":{"Est. reading time":"2 minut\u0117s"},"schema":{"@context":"https:\/\/schema.org","@graph":[{"@type":"WebPage","@id":"https:\/\/www.elementvape.de\/nl\/produkt\/horizontech-binaries-th6000-einweg-e-zigarette-6000-zuege\/","url":"https:\/\/www.elementvape.de\/nl\/produkt\/horizontech-binaries-th6000-einweg-e-zigarette-6000-zuege\/","name":"HorizonTech Binaries TH6000 Einweg-E-zigarette 6000 Z\u00fcge | ElementVape.de","isPartOf":{"@id":"https:\/\/www.elementvape.de\/#website"},"primaryImageOfPage":{"@id":"https:\/\/www.elementvape.de\/nl\/produkt\/horizontech-binaries-th6000-einweg-e-zigarette-6000-zuege\/#primaryimage"},"image":{"@id":"https:\/\/www.elementvape.de\/nl\/produkt\/horizontech-binaries-th6000-einweg-e-zigarette-6000-zuege\/#primaryimage"},"thumbnailUrl":"https:\/\/www.elementvape.de\/wp-content\/uploads\/2024\/06\/WatermelonPeachClear5.webp","datePublished":"2024-06-18T07:57:34+00:00","dateModified":"2024-09-12T10:35:58+00:00","description":"Wir bieten HorizonTech Binaries TH6000 Einweg-E-zigarette 6000 Z\u00fcge , Elementvape.de akzeptieren Gro\u00df-und Einzelhandel Bestellungen.","breadcrumb":{"@id":"https:\/\/www.elementvape.de\/nl\/produkt\/horizontech-binaries-th6000-einweg-e-zigarette-6000-zuege\/#breadcrumb"},"inLanguage":"lt-LT","potentialAction":[{"@type":"ReadAction","target":["https:\/\/www.elementvape.de\/nl\/produkt\/horizontech-binaries-th6000-einweg-e-zigarette-6000-zuege\/"]}]},{"@type":"ImageObject","inLanguage":"lt-LT","@id":"https:\/\/www.elementvape.de\/nl\/produkt\/horizontech-binaries-th6000-einweg-e-zigarette-6000-zuege\/#primaryimage","url":"https:\/\/www.elementvape.de\/wp-content\/uploads\/2024\/06\/WatermelonPeachClear5.webp","contentUrl":"https:\/\/www.elementvape.de\/wp-content\/uploads\/2024\/06\/WatermelonPeachClear5.webp","width":800,"height":800,"caption":"WatermelonPeachClear5"},{"@type":"BreadcrumbList","@id":"https:\/\/www.elementvape.de\/nl\/produkt\/horizontech-binaries-th6000-einweg-e-zigarette-6000-zuege\/#breadcrumb","itemListElement":[{"@type":"ListItem","position":1,"name":"Home","item":"https:\/\/www.elementvape.de\/"},{"@type":"ListItem","position":2,"name":"Shop","item":"https:\/\/www.elementvape.de\/shop\/"},{"@type":"ListItem","position":3,"name":"HorizonTech Binaries TH6000 Einweg-E-zigarette 6000 Z\u00fcge"}]},{"@type":"WebSite","@id":"https:\/\/www.elementvape.de\/#website","url":"https:\/\/www.elementvape.de\/","name":"ElementVape.de","description":"","publisher":{"@id":"https:\/\/www.elementvape.de\/#organization"},"potentialAction":[{"@type":"SearchAction","target":{"@type":"EntryPoint","urlTemplate":"https:\/\/www.elementvape.de\/?s={search_term_string}"},"query-input":"required name=search_term_string"}],"inLanguage":"lt-LT"},{"@type":"Organization","@id":"https:\/\/www.elementvape.de\/#organization","name":"ElementVape.DE","url":"https:\/\/www.elementvape.de\/","logo":{"@type":"ImageObject","inLanguage":"lt-LT","@id":"https:\/\/www.elementvape.de\/#\/schema\/logo\/image\/","url":"https:\/\/www.elementvape.de\/wp-content\/uploads\/2024\/09\/cropped-1elementvape-3.png","contentUrl":"https:\/\/www.elementvape.de\/wp-content\/uploads\/2024\/09\/cropped-1elementvape-3.png","width":285,"height":228,"caption":"ElementVape.DE"},"image":{"@id":"https:\/\/www.elementvape.de\/#\/schema\/logo\/image\/"}}]}},"_links":{"self":[{"href":"https:\/\/www.elementvape.de\/lt\/wp-json\/wp\/v2\/product\/12397"}],"collection":[{"href":"https:\/\/www.elementvape.de\/lt\/wp-json\/wp\/v2\/product"}],"about":[{"href":"https:\/\/www.elementvape.de\/lt\/wp-json\/wp\/v2\/types\/product"}],"wp:featuredmedia":[{"embeddable":true,"href":"https:\/\/www.elementvape.de\/lt\/wp-json\/wp\/v2\/media\/12399"}],"wp:attachment":[{"href":"https:\/\/www.elementvape.de\/lt\/wp-json\/wp\/v2\/media?parent=12397"}],"wp:term":[{"taxonomy":"product_cat","embeddable":true,"href":"https:\/\/www.elementvape.de\/lt\/wp-json\/wp\/v2\/product_cat?post=12397"},{"taxonomy":"product_tag","embeddable":true,"href":"https:\/\/www.elementvape.de\/lt\/wp-json\/wp\/v2\/product_tag?post=12397"}],"curies":[{"name":"wp","href":"https:\/\/api.w.org\/{rel}","templated":true}]}}