{"id":12377,"date":"2024-06-18T06:21:06","date_gmt":"2024-06-18T06:21:06","guid":{"rendered":"https:\/\/www.elementvape.de\/?post_type=product&#038;p=12377"},"modified":"2024-09-12T10:36:00","modified_gmt":"2024-09-12T10:36:00","slug":"wotofo-manik-pod-mod-kit","status":"publish","type":"product","link":"https:\/\/www.elementvape.de\/lt\/produkt\/wotofo-manik-pod-mod-kit\/","title":{"rendered":"Wotofo Manik Pod Mod Rinkinys"},"content":{"rendered":"<div class=\"flex-shrink-0 flex flex-col relative items-end\">\n<div>\n<div class=\"pt-0.5 juice:pt-0\">\n<div class=\"gizmo-bot-avatar flex h-6 w-6 items-center justify-center overflow-hidden rounded-full juice:h-8 juice:w-8\">\n<div class=\"relative p-1 rounded-sm flex items-center justify-center bg-token-main-surface-primary text-token-text-primary h-8 w-8\"><\/div>\n<\/div>\n<\/div>\n<\/div>\n<\/div>\n<div class=\"group\/conversation-turn relative flex w-full min-w-0 flex-col agent-turn\">\n<div class=\"flex-col gap-1 md:gap-3\">\n<div class=\"flex flex-grow flex-col max-w-full\">\n<div class=\"min-h-[20px] text-message flex flex-col items-start whitespace-pre-wrap break-words [.text-message+&amp;]:mt-5 juice:w-full juice:items-end overflow-x-auto gap-2\" dir=\"auto\" data-message-author-role=\"assistant\" data-message-id=\"871d8f3c-b4aa-4fd2-8b3b-b5348a88d98c\">\n<div class=\"flex w-full flex-col gap-1 juice:empty:hidden juice:first:pt-[3px]\">\n<div class=\"markdown prose w-full break-words dark:prose-invert light\">\n<h3>Wotofo MANIK 80W Pod Mod Rinkinys Produkto apra\u0161ymas<\/h3>\n<p>Tai <strong>Wotofo MANIK 80W Pod Mod Rinkinys<\/strong> yra auk\u0161tos kokyb\u0117s vaping \u012frenginys, pagamintas i\u0161 cinko lydinio ir odos su nanodaleli\u0173 danga, siekiant i\u0161vengti d\u0117v\u0117jimosi ir korozijos bei u\u017etikrinti itin lyg\u0173 pavir\u0161i\u0173. Su nepriekai\u0161tingu veidrodiniu apdaila Prism Gunmetal, Wotofo MANIK 80W <strong><a href=\"https:\/\/www.elementvape.de\/lt\/c\/pod\/\">Podas<\/a><\/strong> Rinkinys ne tik patraukli i\u0161vaizda, bet ir \u012fsp\u016bdinga galia bei funkcionalumu.<\/p>\n<h3>Pagrindin\u0117s savyb\u0117s<\/h3>\n<ul>\n<li><strong>Med\u017eiaga:<\/strong> Cinko lydinys ir oda su nanodaleli\u0173 danga papildomam patvarumui ir lygiam pavir\u0161iui<\/li>\n<li><strong>Apdaila:<\/strong> Nepriekai\u0161tingas veidrodinis pavir\u0161ius (Prism Gunmetal)<\/li>\n<li><strong>\u010cip\u0173 technologija:<\/strong> \u012erengtas su naujai sukurtu nexCHIP, kuris u\u017etikrina \u012fkaitimo greit\u012f 0,001 sekund\u0117s<\/li>\n<li><strong>Baterija:<\/strong> Veikia su viena 18650 baterija, kurios maksimali galia 80 W (baterija nepridedama)<\/li>\n<li><strong>Ekranas:<\/strong> 0,96 colio TFT ekranas su 6 spalv\u0173 temomis (perjungiamas paspaudus vienu metu \u012fjungimo mygtuk\u0105 ir \u201e+\u201c mygtuk\u0105)<\/li>\n<li><strong>Valdymas:<\/strong> Nustatym\u0173 u\u017eraktas ir atlaisvinimas paspaudus vienu metu \u201e+\u201c ir \u201e-\u201c mygtukus<\/li>\n<li><strong>Suderinamumas:<\/strong> Suderinamas su Vaporesso ir Voopoo \u012frenginiais, naudojan\u010diais GTX arba PnP rit\u0117s<\/li>\n<li><strong>Talpykla:<\/strong> Wotofo MANIK talpykla su 4,5 ml talpa ir patogiu vir\u0161utinio u\u017epildymo dizainu<\/li>\n<\/ul>\n<h3>Saugos funkcijos<\/h3>\n<ul>\n<li><strong>\u017demos \u012ftampos \u012fsp\u0117jimas<\/strong><\/li>\n<li><strong>PCBA temperat\u016bros saugos i\u0161jungimas<\/strong><\/li>\n<li><strong>Trumpojo jungimo apsauga<\/strong><\/li>\n<li><strong>Apsauga nuo \u017eemo pasiprie\u0161inimo<\/strong><\/li>\n<li><strong>Perkaitimo apsauga<\/strong><\/li>\n<\/ul>\n<h3>Fizikiniai parametrai<\/h3>\n<ul>\n<li><strong>Dydis:<\/strong> 126 x 33 x 27 mm<\/li>\n<li><strong>Talpa:<\/strong> 4,5 ml \/ 2 ml (TPD\/UK)<\/li>\n<li><strong>Var\u017ea:<\/strong> 0,2 \u03a9<\/li>\n<li><strong>Spalva:<\/strong> Nano Gunmetal, Nano Chrome, Nano Black, Prism Gunmetal<\/li>\n<\/ul>\n<h3>Pakuot\u0117s turinys<\/h3>\n<ul>\n<li>1 x MANIK Pod Mod Komplektas<\/li>\n<li>1 x MANIK-Kartuch\u0117<\/li>\n<li>1 x D15 Clapton M-spiral\u0117 (i\u0161 anksto \u012fdiegta)<\/li>\n<li>1 x D14 A1 konuso M-spiral\u0117<\/li>\n<li>1 x Naudotojo vadovas<\/li>\n<li>1 x USB \u012fkrovimo laidas<\/li>\n<\/ul>\n<p>Tai <strong>Wotofo MANIK 80W Pod Mod Rinkinys<\/strong> derina stiling\u0105 dizain\u0105 su pa\u017eangia technologija ir patogumu naudoti. Tai yra puikus pasirinkimas p\u016bt\u0117jams, vertinantiems na\u0161um\u0105, patvarum\u0105 ir patraukli\u0105 i\u0161vaizd\u0105.<\/p>\n<\/div>\n<\/div>\n<\/div>\n<\/div>\n<\/div>\n<\/div>","protected":false},"excerpt":{"rendered":"<p>Wotofo MANIK 80W Pod Mod Kit Produktbeschreibung Das Wotofo MANIK 80W Pod Mod Kit ist ein hochwertiges Vaping-Ger\u00e4t, das aus Zinklegierung und Leder mit einer Nanobeschichtung besteht, um Verschlei\u00df und Korrosion zu vermeiden und eine extra glatte Oberfl\u00e4che zu gew\u00e4hrleisten. Mit seinem makellosen Spiegelfinish in Prism Gunmetal bietet das Wotofo MANIK 80W Pod Kit nicht [&hellip;]<\/p>","protected":false},"featured_media":12378,"template":"","meta":{"inline_featured_image":false},"product_cat":[754,745,742,748,744,755,738,751,77],"product_tag":[],"tiered_pricing_type":"fixed","tiered_pricing_fixed_rules":[],"tiered_pricing_percentage_rules":[],"tiered_pricing_minimum":1,"_administrator_tiered_pricing_type":"fixed","_administrator_tiered_pricing_fixed_rules":[],"_editor_tiered_pricing_type":"fixed","_editor_tiered_pricing_fixed_rules":[],"_author_tiered_pricing_type":"fixed","_author_tiered_pricing_fixed_rules":[],"_contributor_tiered_pricing_type":"fixed","_contributor_tiered_pricing_fixed_rules":[],"_subscriber_tiered_pricing_type":"fixed","_subscriber_tiered_pricing_fixed_rules":[],"_customer_tiered_pricing_type":"fixed","_customer_tiered_pricing_fixed_rules":[],"_shop_manager_tiered_pricing_type":"fixed","_shop_manager_tiered_pricing_fixed_rules":[],"_wpseo_manager_tiered_pricing_type":"fixed","_wpseo_manager_tiered_pricing_fixed_rules":[],"_wpseo_editor_tiered_pricing_type":"fixed","_wpseo_editor_tiered_pricing_fixed_rules":[],"_wholesale_customer_tiered_pricing_type":"fixed","_wholesale_customer_tiered_pricing_fixed_rules":[],"_marketer_tiered_pricing_type":"fixed","_marketer_tiered_pricing_fixed_rules":[],"_sales_manager_tiered_pricing_type":"fixed","_sales_manager_tiered_pricing_fixed_rules":[],"_sales_rep_tiered_pricing_type":"fixed","_sales_rep_tiered_pricing_fixed_rules":[],"yoast_head":"<!-- This site is optimized with the Yoast SEO plugin v23.3 - https:\/\/yoast.com\/wordpress\/plugins\/seo\/ -->\n<title>Wotofo Manik Pod Mod Kit | ElementVape.de<\/title>\n<meta name=\"description\" content=\"Wir bieten Wotofo Manik Pod Mod Kit , Elementvape.de akzeptieren Gro\u00df-und Einzelhandel Bestellungen.\" \/>\n<meta name=\"robots\" content=\"index, follow, max-snippet:-1, max-image-preview:large, max-video-preview:-1\" \/>\n<link rel=\"canonical\" href=\"https:\/\/www.elementvape.de\/lt\/produkt\/wotofo-manik-pod-mod-kit\/\" \/>\n<meta property=\"og:locale\" content=\"lt_LT\" \/>\n<meta property=\"og:type\" content=\"article\" \/>\n<meta property=\"og:title\" content=\"Wotofo Manik Pod Mod Kit | ElementVape.de\" \/>\n<meta property=\"og:description\" content=\"Wir bieten Wotofo Manik Pod Mod Kit , Elementvape.de akzeptieren Gro\u00df-und Einzelhandel Bestellungen.\" \/>\n<meta property=\"og:url\" content=\"https:\/\/www.elementvape.de\/lt\/produkt\/wotofo-manik-pod-mod-kit\/\" \/>\n<meta property=\"og:site_name\" content=\"ElementVape.de\" \/>\n<meta property=\"article:modified_time\" content=\"2024-09-12T10:36:00+00:00\" \/>\n<meta property=\"og:image\" content=\"https:\/\/www.elementvape.de\/wp-content\/uploads\/2024\/06\/Wotofo-Manik-Pod-Mod-Kit.webp\" \/>\n\t<meta property=\"og:image:width\" content=\"600\" \/>\n\t<meta property=\"og:image:height\" content=\"600\" \/>\n\t<meta property=\"og:image:type\" content=\"image\/webp\" \/>\n<meta name=\"twitter:card\" content=\"summary_large_image\" \/>\n<meta name=\"twitter:label1\" content=\"Est. reading time\" \/>\n\t<meta name=\"twitter:data1\" content=\"2 minut\u0117s\" \/>\n<script type=\"application\/ld+json\" class=\"yoast-schema-graph\">{\"@context\":\"https:\/\/schema.org\",\"@graph\":[{\"@type\":\"WebPage\",\"@id\":\"https:\/\/www.elementvape.de\/sv\/produkt\/wotofo-manik-pod-mod-kit\/\",\"url\":\"https:\/\/www.elementvape.de\/sv\/produkt\/wotofo-manik-pod-mod-kit\/\",\"name\":\"Wotofo Manik Pod Mod Kit | ElementVape.de\",\"isPartOf\":{\"@id\":\"https:\/\/www.elementvape.de\/#website\"},\"primaryImageOfPage\":{\"@id\":\"https:\/\/www.elementvape.de\/sv\/produkt\/wotofo-manik-pod-mod-kit\/#primaryimage\"},\"image\":{\"@id\":\"https:\/\/www.elementvape.de\/sv\/produkt\/wotofo-manik-pod-mod-kit\/#primaryimage\"},\"thumbnailUrl\":\"https:\/\/www.elementvape.de\/wp-content\/uploads\/2024\/06\/Wotofo-Manik-Pod-Mod-Kit.webp\",\"datePublished\":\"2024-06-18T06:21:06+00:00\",\"dateModified\":\"2024-09-12T10:36:00+00:00\",\"description\":\"Wir bieten Wotofo Manik Pod Mod Kit , Elementvape.de akzeptieren Gro\u00df-und Einzelhandel Bestellungen.\",\"breadcrumb\":{\"@id\":\"https:\/\/www.elementvape.de\/sv\/produkt\/wotofo-manik-pod-mod-kit\/#breadcrumb\"},\"inLanguage\":\"lt-LT\",\"potentialAction\":[{\"@type\":\"ReadAction\",\"target\":[\"https:\/\/www.elementvape.de\/sv\/produkt\/wotofo-manik-pod-mod-kit\/\"]}]},{\"@type\":\"ImageObject\",\"inLanguage\":\"lt-LT\",\"@id\":\"https:\/\/www.elementvape.de\/sv\/produkt\/wotofo-manik-pod-mod-kit\/#primaryimage\",\"url\":\"https:\/\/www.elementvape.de\/wp-content\/uploads\/2024\/06\/Wotofo-Manik-Pod-Mod-Kit.webp\",\"contentUrl\":\"https:\/\/www.elementvape.de\/wp-content\/uploads\/2024\/06\/Wotofo-Manik-Pod-Mod-Kit.webp\",\"width\":600,\"height\":600,\"caption\":\"Wotofo-Manik-Pod-Mod-Kit\"},{\"@type\":\"BreadcrumbList\",\"@id\":\"https:\/\/www.elementvape.de\/sv\/produkt\/wotofo-manik-pod-mod-kit\/#breadcrumb\",\"itemListElement\":[{\"@type\":\"ListItem\",\"position\":1,\"name\":\"Home\",\"item\":\"https:\/\/www.elementvape.de\/\"},{\"@type\":\"ListItem\",\"position\":2,\"name\":\"Shop\",\"item\":\"https:\/\/www.elementvape.de\/shop\/\"},{\"@type\":\"ListItem\",\"position\":3,\"name\":\"Wotofo Manik Pod Mod Kit\"}]},{\"@type\":\"WebSite\",\"@id\":\"https:\/\/www.elementvape.de\/#website\",\"url\":\"https:\/\/www.elementvape.de\/\",\"name\":\"ElementVape.de\",\"description\":\"\",\"publisher\":{\"@id\":\"https:\/\/www.elementvape.de\/#organization\"},\"potentialAction\":[{\"@type\":\"SearchAction\",\"target\":{\"@type\":\"EntryPoint\",\"urlTemplate\":\"https:\/\/www.elementvape.de\/?s={search_term_string}\"},\"query-input\":\"required name=search_term_string\"}],\"inLanguage\":\"lt-LT\"},{\"@type\":\"Organization\",\"@id\":\"https:\/\/www.elementvape.de\/#organization\",\"name\":\"ElementVape.DE\",\"url\":\"https:\/\/www.elementvape.de\/\",\"logo\":{\"@type\":\"ImageObject\",\"inLanguage\":\"lt-LT\",\"@id\":\"https:\/\/www.elementvape.de\/#\/schema\/logo\/image\/\",\"url\":\"https:\/\/www.elementvape.de\/wp-content\/uploads\/2024\/09\/cropped-1elementvape-3.png\",\"contentUrl\":\"https:\/\/www.elementvape.de\/wp-content\/uploads\/2024\/09\/cropped-1elementvape-3.png\",\"width\":285,\"height\":228,\"caption\":\"ElementVape.DE\"},\"image\":{\"@id\":\"https:\/\/www.elementvape.de\/#\/schema\/logo\/image\/\"}}]}<\/script>\n<!-- \/ Yoast SEO plugin. -->","yoast_head_json":{"title":"Wotofo Manik Pod Mod Kit | ElementVape.de","description":"Wir bieten Wotofo Manik Pod Mod Kit , Elementvape.de akzeptieren Gro\u00df-und Einzelhandel Bestellungen.","robots":{"index":"index","follow":"follow","max-snippet":"max-snippet:-1","max-image-preview":"max-image-preview:large","max-video-preview":"max-video-preview:-1"},"canonical":"https:\/\/www.elementvape.de\/lt\/produkt\/wotofo-manik-pod-mod-kit\/","og_locale":"lt_LT","og_type":"article","og_title":"Wotofo Manik Pod Mod Kit | ElementVape.de","og_description":"Wir bieten Wotofo Manik Pod Mod Kit , Elementvape.de akzeptieren Gro\u00df-und Einzelhandel Bestellungen.","og_url":"https:\/\/www.elementvape.de\/lt\/produkt\/wotofo-manik-pod-mod-kit\/","og_site_name":"ElementVape.de","article_modified_time":"2024-09-12T10:36:00+00:00","og_image":[{"width":600,"height":600,"url":"https:\/\/www.elementvape.de\/wp-content\/uploads\/2024\/06\/Wotofo-Manik-Pod-Mod-Kit.webp","type":"image\/webp"}],"twitter_card":"summary_large_image","twitter_misc":{"Est. reading time":"2 minut\u0117s"},"schema":{"@context":"https:\/\/schema.org","@graph":[{"@type":"WebPage","@id":"https:\/\/www.elementvape.de\/sv\/produkt\/wotofo-manik-pod-mod-kit\/","url":"https:\/\/www.elementvape.de\/sv\/produkt\/wotofo-manik-pod-mod-kit\/","name":"Wotofo Manik Pod Mod Kit | ElementVape.de","isPartOf":{"@id":"https:\/\/www.elementvape.de\/#website"},"primaryImageOfPage":{"@id":"https:\/\/www.elementvape.de\/sv\/produkt\/wotofo-manik-pod-mod-kit\/#primaryimage"},"image":{"@id":"https:\/\/www.elementvape.de\/sv\/produkt\/wotofo-manik-pod-mod-kit\/#primaryimage"},"thumbnailUrl":"https:\/\/www.elementvape.de\/wp-content\/uploads\/2024\/06\/Wotofo-Manik-Pod-Mod-Kit.webp","datePublished":"2024-06-18T06:21:06+00:00","dateModified":"2024-09-12T10:36:00+00:00","description":"Wir bieten Wotofo Manik Pod Mod Kit , Elementvape.de akzeptieren Gro\u00df-und Einzelhandel Bestellungen.","breadcrumb":{"@id":"https:\/\/www.elementvape.de\/sv\/produkt\/wotofo-manik-pod-mod-kit\/#breadcrumb"},"inLanguage":"lt-LT","potentialAction":[{"@type":"ReadAction","target":["https:\/\/www.elementvape.de\/sv\/produkt\/wotofo-manik-pod-mod-kit\/"]}]},{"@type":"ImageObject","inLanguage":"lt-LT","@id":"https:\/\/www.elementvape.de\/sv\/produkt\/wotofo-manik-pod-mod-kit\/#primaryimage","url":"https:\/\/www.elementvape.de\/wp-content\/uploads\/2024\/06\/Wotofo-Manik-Pod-Mod-Kit.webp","contentUrl":"https:\/\/www.elementvape.de\/wp-content\/uploads\/2024\/06\/Wotofo-Manik-Pod-Mod-Kit.webp","width":600,"height":600,"caption":"Wotofo-Manik-Pod-Mod-Kit"},{"@type":"BreadcrumbList","@id":"https:\/\/www.elementvape.de\/sv\/produkt\/wotofo-manik-pod-mod-kit\/#breadcrumb","itemListElement":[{"@type":"ListItem","position":1,"name":"Home","item":"https:\/\/www.elementvape.de\/"},{"@type":"ListItem","position":2,"name":"Shop","item":"https:\/\/www.elementvape.de\/shop\/"},{"@type":"ListItem","position":3,"name":"Wotofo Manik Pod Mod Kit"}]},{"@type":"WebSite","@id":"https:\/\/www.elementvape.de\/#website","url":"https:\/\/www.elementvape.de\/","name":"ElementVape.de","description":"","publisher":{"@id":"https:\/\/www.elementvape.de\/#organization"},"potentialAction":[{"@type":"SearchAction","target":{"@type":"EntryPoint","urlTemplate":"https:\/\/www.elementvape.de\/?s={search_term_string}"},"query-input":"required name=search_term_string"}],"inLanguage":"lt-LT"},{"@type":"Organization","@id":"https:\/\/www.elementvape.de\/#organization","name":"ElementVape.DE","url":"https:\/\/www.elementvape.de\/","logo":{"@type":"ImageObject","inLanguage":"lt-LT","@id":"https:\/\/www.elementvape.de\/#\/schema\/logo\/image\/","url":"https:\/\/www.elementvape.de\/wp-content\/uploads\/2024\/09\/cropped-1elementvape-3.png","contentUrl":"https:\/\/www.elementvape.de\/wp-content\/uploads\/2024\/09\/cropped-1elementvape-3.png","width":285,"height":228,"caption":"ElementVape.DE"},"image":{"@id":"https:\/\/www.elementvape.de\/#\/schema\/logo\/image\/"}}]}},"_links":{"self":[{"href":"https:\/\/www.elementvape.de\/lt\/wp-json\/wp\/v2\/product\/12377"}],"collection":[{"href":"https:\/\/www.elementvape.de\/lt\/wp-json\/wp\/v2\/product"}],"about":[{"href":"https:\/\/www.elementvape.de\/lt\/wp-json\/wp\/v2\/types\/product"}],"wp:featuredmedia":[{"embeddable":true,"href":"https:\/\/www.elementvape.de\/lt\/wp-json\/wp\/v2\/media\/12378"}],"wp:attachment":[{"href":"https:\/\/www.elementvape.de\/lt\/wp-json\/wp\/v2\/media?parent=12377"}],"wp:term":[{"taxonomy":"product_cat","embeddable":true,"href":"https:\/\/www.elementvape.de\/lt\/wp-json\/wp\/v2\/product_cat?post=12377"},{"taxonomy":"product_tag","embeddable":true,"href":"https:\/\/www.elementvape.de\/lt\/wp-json\/wp\/v2\/product_tag?post=12377"}],"curies":[{"name":"wp","href":"https:\/\/api.w.org\/{rel}","templated":true}]}}