{"id":12362,"date":"2024-06-18T03:49:30","date_gmt":"2024-06-18T03:49:30","guid":{"rendered":"https:\/\/www.elementvape.de\/?post_type=product&#038;p=12362"},"modified":"2024-09-12T10:36:01","modified_gmt":"2024-09-12T10:36:01","slug":"voopoo-vmate-max-pod-system-kit-1200mah-3ml","status":"publish","type":"product","link":"https:\/\/www.elementvape.de\/lt\/produkt\/voopoo-vmate-max-pod-system-kit-1200mah-3ml\/","title":{"rendered":"VOOPOO Vmate Max Pod sistemos rinkinys 1200mAh 3ml"},"content":{"rendered":"<h2>VOOPOO VMATE MAX Vape produkto apra\u0161ymas<\/h2>\n<p>VOOPOO VMATE MAX yra pavyzdin\u0117 POD sistema, kuri \u012ftikina savo ilgaam\u017ei\u0161kumu \u2013 90 ml ir nauju Hidden Horizon ekranu. \u0160is ekranas suteikia subtili\u0105 estetik\u0105 ir u\u017etikrina \u0161vari\u0105, eleganti\u0161k\u0105 i\u0161vaizd\u0105. Su nauja \u201e3X\u201c patobulinta VMATE vir\u0161utinio u\u017epildymo kartu\u0161e, \u012frenginys pasi\u017eymi puikiu patvarumu, apsauga nuo nuot\u0117kio ir skoniu. Jis skirtas kartu\u0161ei su ma\u017eiausia 0,4 omo var\u017ea (tik Vmate Max <strong><a href=\"https:\/\/www.elementvape.de\/lt\/c\/pod\/\">Podas<\/a><\/strong> tinkamas) ir maksimalia 30 W galia, kad b\u016bt\u0173 sukurtas tankus garas ir sklandus RDL potyris. Integruota 1200 mAh baterija palaiko iki 3 dien\u0173 garinimo ir u\u017etikrina stabil\u0173 bei ilgalaik\u012f garinimo potyr\u012f. D\u0117l greito \u012fkrovimo 5 V \/ 2 A, r\u016bpinimasis baterija jau praeityje.<\/p>\n<h3>Funkcijos<\/h3>\n<ol>\n<li>Integruota 1200 mAh baterija<\/li>\n<li>3 ml e-sul\u010di\u0173 talpa<\/li>\n<li>Tipo-C greitas \u012fkrovimas<\/li>\n<li>Vir\u0161utinio u\u017epildymo sistema<\/li>\n<li>Maksimali i\u0161\u0117jimo galia 30 W<\/li>\n<li>Interaktyvus ekranas ir \u0161viesos<\/li>\n<li>Reguliuojamas oro srautas<\/li>\n<\/ol>\n<h3>Fizikiniai parametrai<\/h3>\n<ul>\n<li><strong>Prek\u0117s \u017eenklas:<\/strong> VOOPOO<\/li>\n<li><strong>Dydis:<\/strong> 103 x 29 x 18,7 mm<\/li>\n<li><strong>Elektroninio skys\u010dio talpa:<\/strong> 3 ml \/ 2 ml (TPD)<\/li>\n<li><strong>Galingumo diapazonas:<\/strong> 5-30 W reguliuojamas<\/li>\n<li><strong>Rekomenduojamas e-skystis:<\/strong> \u226450 mg (Freebase \/ Nikotino druska)<\/li>\n<li><strong>E-Likerio u\u017epildymas:<\/strong> Vir\u0161utinis u\u017epildymas<\/li>\n<li><strong>Suderinamumas:<\/strong> Visos VMATE kaitinimo kaset\u0117s<\/li>\n<li><strong>Akumuliatoriaus talpa:<\/strong> 1200 mAh<\/li>\n<li><strong>\u012e\u0117jimo \u012ftampa:<\/strong> 3,2-4,2 V<\/li>\n<li><strong>Var\u017eos diapazonas:<\/strong> 0,4-3,0 Ohm<\/li>\n<li><strong>\u012ekrovimas:<\/strong> Tipo-C 5 V \/ 2 A<\/li>\n<li><strong>Oras srautas:<\/strong> Be reguliavimo oro srautas<\/li>\n<li><strong>Ekranas:<\/strong> Pasl\u0117ptas Horizon ekranas + dviej\u0173 256 spalv\u0173 LED \u0161viesos juosta<\/li>\n<li><strong>Med\u017eiaga:<\/strong> Cinko lydinys<\/li>\n<\/ul>\n<h3>Pakuot\u0117s turinys<\/h3>\n<ul>\n<li>1 x VMATE MAX \u012frenginys<\/li>\n<li>1 x VMATE vir\u0161utinio u\u017epildymo kaset\u0117 0,4 Ohm (3 ml)<\/li>\n<li>1 x VMATE vir\u0161utinio u\u017epildymo kaset\u0117 0,7 Ohm (3 ml)<\/li>\n<li>1 x Tipo-C laidas<\/li>\n<li>1 x Naudotojo vadovas<\/li>\n<\/ul>\n<h3>Funkcijos apra\u0161ymas<\/h3>\n<ul>\n<li><strong>\u012ejungti \u012frengin\u012f:<\/strong> Paspauskite mygtuk\u0105 5 kartus i\u0161 eil\u0117s.<\/li>\n<li><strong>Aktyvavimas:<\/strong> Automatinis traukimas, aktyvuojamas traukiant i\u0161 POD.<\/li>\n<li><strong>Ekrano \u012fjungimas\/i\u0161jungimas:<\/strong> Paspauskite degimo mygtuk\u0105 2 kartus trumpai i\u0161 eil\u0117s.<\/li>\n<li><strong>Galingum\u0105 reguliuoti:<\/strong> Paspauskite mygtuk\u0105 3 kartus i\u0161 eil\u0117s.<\/li>\n<li><strong>Kreipkit\u0117s \u012f meniu:<\/strong> Paspauskite mygtuk\u0105 5 kartus i\u0161 eil\u0117s, trumpai paspauskite pasirinkimui, ilgai paspauskite patvirtinimui.<\/li>\n<\/ul>\n<h4>Meniu parinktys:<\/h4>\n<ol>\n<li>I\u0161trinti p\u016bp\u0105<\/li>\n<li>Perjungti tarp 2 i\u0161vesties re\u017eim\u0173: Shift re\u017eimo \/ Power re\u017eimo\n<ul>\n<li><strong>Shift re\u017eimas:<\/strong> Si\u016blo 3 i\u0161vesties parinktis (SPT, NOR, ECO)<\/li>\n<li><strong>Power re\u017eimas:<\/strong> Rankiniu b\u016bdu reguliuoti i\u0161\u0117jimo gali\u0105 (maks. 30 W)<\/li>\n<\/ul>\n<\/li>\n<li>I\u0161jungti \u012frengin\u012f<\/li>\n<li>I\u0161eiti i\u0161 meniu s\u0105sajos<\/li>\n<\/ol>\n<h3>\u012esp\u0117jimo prane\u0161imai<\/h3>\n<ul>\n<li><strong>Pod nuot\u0117kis:<\/strong> Skryd\u017eio metu gali i\u0161siskirti E-liquidas d\u0117l didelio sl\u0117gio. Laikykite pod'us atskirai nuo svarbi\u0173 daikt\u0173.<\/li>\n<li><strong>Atsargiai su kondensatu:<\/strong> Lengvas skys\u010dio kondensatas gali atsirasti d\u0117l temperat\u016bros skirtum\u0173. I\u0161imkite pod'\u0105 ir pakratykite \u017eemyn, kad pa\u0161alintum\u0117te kondensat\u0105.<\/li>\n<\/ul>\n<p>Jis <strong>VOOPOO VMATE MAX<\/strong> si\u016blo auk\u0161tos kokyb\u0117s ir pritaikom\u0105 garinimo patirt\u012f, ideali\u0105 garintojams, kurie vertina ilgaam\u017ei\u0161kum\u0105 ir na\u0161um\u0105.<\/p>","protected":false},"excerpt":{"rendered":"<p>VOOPOO VMATE MAX Vape-Produktbeschreibung Der VOOPOO VMATE MAX ist ein Flaggschiff-POD-System, das mit seiner langen Lebensdauer von 90 ml und einem neuen Hidden Horizon-Bildschirm \u00fcberzeugt. Dieser Bildschirm bringt eine dezente \u00c4sthetik und sorgt f\u00fcr ein sauberes, elegantes Erscheinungsbild. Mit der neuen \u201e3X\u201c-Upgrade-VMATE-Top-Fill-Kartusche bietet das Ger\u00e4t hervorragende Langlebigkeit, Auslaufschutz und Geschmack. Es ist f\u00fcr die Kartusche [&hellip;]<\/p>","protected":false},"featured_media":12370,"template":"","meta":{"inline_featured_image":false},"product_cat":[754,745,742,748,744,755,738,751,76],"product_tag":[],"tiered_pricing_type":"fixed","tiered_pricing_fixed_rules":[],"tiered_pricing_percentage_rules":[],"tiered_pricing_minimum":1,"_administrator_tiered_pricing_type":"fixed","_administrator_tiered_pricing_fixed_rules":[],"_editor_tiered_pricing_type":"fixed","_editor_tiered_pricing_fixed_rules":[],"_author_tiered_pricing_type":"fixed","_author_tiered_pricing_fixed_rules":[],"_contributor_tiered_pricing_type":"fixed","_contributor_tiered_pricing_fixed_rules":[],"_subscriber_tiered_pricing_type":"fixed","_subscriber_tiered_pricing_fixed_rules":[],"_customer_tiered_pricing_type":"fixed","_customer_tiered_pricing_fixed_rules":[],"_shop_manager_tiered_pricing_type":"fixed","_shop_manager_tiered_pricing_fixed_rules":[],"_wpseo_manager_tiered_pricing_type":"fixed","_wpseo_manager_tiered_pricing_fixed_rules":[],"_wpseo_editor_tiered_pricing_type":"fixed","_wpseo_editor_tiered_pricing_fixed_rules":[],"_wholesale_customer_tiered_pricing_type":"fixed","_wholesale_customer_tiered_pricing_fixed_rules":[],"_marketer_tiered_pricing_type":"fixed","_marketer_tiered_pricing_fixed_rules":[],"_sales_manager_tiered_pricing_type":"fixed","_sales_manager_tiered_pricing_fixed_rules":[],"_sales_rep_tiered_pricing_type":"fixed","_sales_rep_tiered_pricing_fixed_rules":[],"yoast_head":"<!-- This site is optimized with the Yoast SEO plugin v23.3 - https:\/\/yoast.com\/wordpress\/plugins\/seo\/ -->\n<title>VOOPOO Vmate Max Pod System Kit 1200mAh 3ml | ElementVape.de<\/title>\n<meta name=\"description\" content=\"Wir bieten VOOPOO Vmate Max Pod System Kit 1200mAh 3ml , Elementvape.de akzeptieren Gro\u00df-und Einzelhandel Bestellungen.\" \/>\n<meta name=\"robots\" content=\"index, follow, max-snippet:-1, max-image-preview:large, max-video-preview:-1\" \/>\n<link rel=\"canonical\" href=\"https:\/\/www.elementvape.de\/lt\/produkt\/voopoo-vmate-max-pod-system-kit-1200mah-3ml\/\" \/>\n<meta property=\"og:locale\" content=\"lt_LT\" \/>\n<meta property=\"og:type\" content=\"article\" \/>\n<meta property=\"og:title\" content=\"VOOPOO Vmate Max Pod System Kit 1200mAh 3ml | ElementVape.de\" \/>\n<meta property=\"og:description\" content=\"Wir bieten VOOPOO Vmate Max Pod System Kit 1200mAh 3ml , Elementvape.de akzeptieren Gro\u00df-und Einzelhandel Bestellungen.\" \/>\n<meta property=\"og:url\" content=\"https:\/\/www.elementvape.de\/lt\/produkt\/voopoo-vmate-max-pod-system-kit-1200mah-3ml\/\" \/>\n<meta property=\"og:site_name\" content=\"ElementVape.de\" \/>\n<meta property=\"article:modified_time\" content=\"2024-09-12T10:36:01+00:00\" \/>\n<meta property=\"og:image\" content=\"https:\/\/www.elementvape.de\/wp-content\/uploads\/2024\/06\/voopoo-vmate-max-pod-1.webp\" \/>\n\t<meta property=\"og:image:width\" content=\"800\" \/>\n\t<meta property=\"og:image:height\" content=\"800\" \/>\n\t<meta property=\"og:image:type\" content=\"image\/webp\" \/>\n<meta name=\"twitter:card\" content=\"summary_large_image\" \/>\n<meta name=\"twitter:label1\" content=\"Est. reading time\" \/>\n\t<meta name=\"twitter:data1\" content=\"3 minut\u0117s\" \/>\n<script type=\"application\/ld+json\" class=\"yoast-schema-graph\">{\"@context\":\"https:\/\/schema.org\",\"@graph\":[{\"@type\":\"WebPage\",\"@id\":\"https:\/\/www.elementvape.de\/en\/produkt\/voopoo-vmate-max-pod-system-kit-1200mah-3ml\/\",\"url\":\"https:\/\/www.elementvape.de\/en\/produkt\/voopoo-vmate-max-pod-system-kit-1200mah-3ml\/\",\"name\":\"VOOPOO Vmate Max Pod System Kit 1200mAh 3ml | ElementVape.de\",\"isPartOf\":{\"@id\":\"https:\/\/www.elementvape.de\/#website\"},\"primaryImageOfPage\":{\"@id\":\"https:\/\/www.elementvape.de\/en\/produkt\/voopoo-vmate-max-pod-system-kit-1200mah-3ml\/#primaryimage\"},\"image\":{\"@id\":\"https:\/\/www.elementvape.de\/en\/produkt\/voopoo-vmate-max-pod-system-kit-1200mah-3ml\/#primaryimage\"},\"thumbnailUrl\":\"https:\/\/www.elementvape.de\/wp-content\/uploads\/2024\/06\/voopoo-vmate-max-pod-1.webp\",\"datePublished\":\"2024-06-18T03:49:30+00:00\",\"dateModified\":\"2024-09-12T10:36:01+00:00\",\"description\":\"Wir bieten VOOPOO Vmate Max Pod System Kit 1200mAh 3ml , Elementvape.de akzeptieren Gro\u00df-und Einzelhandel Bestellungen.\",\"breadcrumb\":{\"@id\":\"https:\/\/www.elementvape.de\/en\/produkt\/voopoo-vmate-max-pod-system-kit-1200mah-3ml\/#breadcrumb\"},\"inLanguage\":\"lt-LT\",\"potentialAction\":[{\"@type\":\"ReadAction\",\"target\":[\"https:\/\/www.elementvape.de\/en\/produkt\/voopoo-vmate-max-pod-system-kit-1200mah-3ml\/\"]}]},{\"@type\":\"ImageObject\",\"inLanguage\":\"lt-LT\",\"@id\":\"https:\/\/www.elementvape.de\/en\/produkt\/voopoo-vmate-max-pod-system-kit-1200mah-3ml\/#primaryimage\",\"url\":\"https:\/\/www.elementvape.de\/wp-content\/uploads\/2024\/06\/voopoo-vmate-max-pod-1.webp\",\"contentUrl\":\"https:\/\/www.elementvape.de\/wp-content\/uploads\/2024\/06\/voopoo-vmate-max-pod-1.webp\",\"width\":800,\"height\":800,\"caption\":\"voopoo-vmate-max-pod-1\"},{\"@type\":\"BreadcrumbList\",\"@id\":\"https:\/\/www.elementvape.de\/en\/produkt\/voopoo-vmate-max-pod-system-kit-1200mah-3ml\/#breadcrumb\",\"itemListElement\":[{\"@type\":\"ListItem\",\"position\":1,\"name\":\"Home\",\"item\":\"https:\/\/www.elementvape.de\/\"},{\"@type\":\"ListItem\",\"position\":2,\"name\":\"Shop\",\"item\":\"https:\/\/www.elementvape.de\/shop\/\"},{\"@type\":\"ListItem\",\"position\":3,\"name\":\"VOOPOO Vmate Max Pod System Kit 1200mAh 3ml\"}]},{\"@type\":\"WebSite\",\"@id\":\"https:\/\/www.elementvape.de\/#website\",\"url\":\"https:\/\/www.elementvape.de\/\",\"name\":\"ElementVape.de\",\"description\":\"\",\"publisher\":{\"@id\":\"https:\/\/www.elementvape.de\/#organization\"},\"potentialAction\":[{\"@type\":\"SearchAction\",\"target\":{\"@type\":\"EntryPoint\",\"urlTemplate\":\"https:\/\/www.elementvape.de\/?s={search_term_string}\"},\"query-input\":\"required name=search_term_string\"}],\"inLanguage\":\"lt-LT\"},{\"@type\":\"Organization\",\"@id\":\"https:\/\/www.elementvape.de\/#organization\",\"name\":\"ElementVape.DE\",\"url\":\"https:\/\/www.elementvape.de\/\",\"logo\":{\"@type\":\"ImageObject\",\"inLanguage\":\"lt-LT\",\"@id\":\"https:\/\/www.elementvape.de\/#\/schema\/logo\/image\/\",\"url\":\"https:\/\/www.elementvape.de\/wp-content\/uploads\/2024\/09\/cropped-1elementvape-3.png\",\"contentUrl\":\"https:\/\/www.elementvape.de\/wp-content\/uploads\/2024\/09\/cropped-1elementvape-3.png\",\"width\":285,\"height\":228,\"caption\":\"ElementVape.DE\"},\"image\":{\"@id\":\"https:\/\/www.elementvape.de\/#\/schema\/logo\/image\/\"}}]}<\/script>\n<!-- \/ Yoast SEO plugin. -->","yoast_head_json":{"title":"VOOPOO Vmate Max Pod System Kit 1200mAh 3ml | ElementVape.de","description":"Wir bieten VOOPOO Vmate Max Pod System Kit 1200mAh 3ml , Elementvape.de akzeptieren Gro\u00df-und Einzelhandel Bestellungen.","robots":{"index":"index","follow":"follow","max-snippet":"max-snippet:-1","max-image-preview":"max-image-preview:large","max-video-preview":"max-video-preview:-1"},"canonical":"https:\/\/www.elementvape.de\/lt\/produkt\/voopoo-vmate-max-pod-system-kit-1200mah-3ml\/","og_locale":"lt_LT","og_type":"article","og_title":"VOOPOO Vmate Max Pod System Kit 1200mAh 3ml | ElementVape.de","og_description":"Wir bieten VOOPOO Vmate Max Pod System Kit 1200mAh 3ml , Elementvape.de akzeptieren Gro\u00df-und Einzelhandel Bestellungen.","og_url":"https:\/\/www.elementvape.de\/lt\/produkt\/voopoo-vmate-max-pod-system-kit-1200mah-3ml\/","og_site_name":"ElementVape.de","article_modified_time":"2024-09-12T10:36:01+00:00","og_image":[{"width":800,"height":800,"url":"https:\/\/www.elementvape.de\/wp-content\/uploads\/2024\/06\/voopoo-vmate-max-pod-1.webp","type":"image\/webp"}],"twitter_card":"summary_large_image","twitter_misc":{"Est. reading time":"3 minut\u0117s"},"schema":{"@context":"https:\/\/schema.org","@graph":[{"@type":"WebPage","@id":"https:\/\/www.elementvape.de\/en\/produkt\/voopoo-vmate-max-pod-system-kit-1200mah-3ml\/","url":"https:\/\/www.elementvape.de\/en\/produkt\/voopoo-vmate-max-pod-system-kit-1200mah-3ml\/","name":"VOOPOO Vmate Max Pod System Kit 1200mAh 3ml | ElementVape.de","isPartOf":{"@id":"https:\/\/www.elementvape.de\/#website"},"primaryImageOfPage":{"@id":"https:\/\/www.elementvape.de\/en\/produkt\/voopoo-vmate-max-pod-system-kit-1200mah-3ml\/#primaryimage"},"image":{"@id":"https:\/\/www.elementvape.de\/en\/produkt\/voopoo-vmate-max-pod-system-kit-1200mah-3ml\/#primaryimage"},"thumbnailUrl":"https:\/\/www.elementvape.de\/wp-content\/uploads\/2024\/06\/voopoo-vmate-max-pod-1.webp","datePublished":"2024-06-18T03:49:30+00:00","dateModified":"2024-09-12T10:36:01+00:00","description":"Wir bieten VOOPOO Vmate Max Pod System Kit 1200mAh 3ml , Elementvape.de akzeptieren Gro\u00df-und Einzelhandel Bestellungen.","breadcrumb":{"@id":"https:\/\/www.elementvape.de\/en\/produkt\/voopoo-vmate-max-pod-system-kit-1200mah-3ml\/#breadcrumb"},"inLanguage":"lt-LT","potentialAction":[{"@type":"ReadAction","target":["https:\/\/www.elementvape.de\/en\/produkt\/voopoo-vmate-max-pod-system-kit-1200mah-3ml\/"]}]},{"@type":"ImageObject","inLanguage":"lt-LT","@id":"https:\/\/www.elementvape.de\/en\/produkt\/voopoo-vmate-max-pod-system-kit-1200mah-3ml\/#primaryimage","url":"https:\/\/www.elementvape.de\/wp-content\/uploads\/2024\/06\/voopoo-vmate-max-pod-1.webp","contentUrl":"https:\/\/www.elementvape.de\/wp-content\/uploads\/2024\/06\/voopoo-vmate-max-pod-1.webp","width":800,"height":800,"caption":"voopoo-vmate-max-pod-1"},{"@type":"BreadcrumbList","@id":"https:\/\/www.elementvape.de\/en\/produkt\/voopoo-vmate-max-pod-system-kit-1200mah-3ml\/#breadcrumb","itemListElement":[{"@type":"ListItem","position":1,"name":"Home","item":"https:\/\/www.elementvape.de\/"},{"@type":"ListItem","position":2,"name":"Shop","item":"https:\/\/www.elementvape.de\/shop\/"},{"@type":"ListItem","position":3,"name":"VOOPOO Vmate Max Pod System Kit 1200mAh 3ml"}]},{"@type":"WebSite","@id":"https:\/\/www.elementvape.de\/#website","url":"https:\/\/www.elementvape.de\/","name":"ElementVape.de","description":"","publisher":{"@id":"https:\/\/www.elementvape.de\/#organization"},"potentialAction":[{"@type":"SearchAction","target":{"@type":"EntryPoint","urlTemplate":"https:\/\/www.elementvape.de\/?s={search_term_string}"},"query-input":"required name=search_term_string"}],"inLanguage":"lt-LT"},{"@type":"Organization","@id":"https:\/\/www.elementvape.de\/#organization","name":"ElementVape.DE","url":"https:\/\/www.elementvape.de\/","logo":{"@type":"ImageObject","inLanguage":"lt-LT","@id":"https:\/\/www.elementvape.de\/#\/schema\/logo\/image\/","url":"https:\/\/www.elementvape.de\/wp-content\/uploads\/2024\/09\/cropped-1elementvape-3.png","contentUrl":"https:\/\/www.elementvape.de\/wp-content\/uploads\/2024\/09\/cropped-1elementvape-3.png","width":285,"height":228,"caption":"ElementVape.DE"},"image":{"@id":"https:\/\/www.elementvape.de\/#\/schema\/logo\/image\/"}}]}},"_links":{"self":[{"href":"https:\/\/www.elementvape.de\/lt\/wp-json\/wp\/v2\/product\/12362"}],"collection":[{"href":"https:\/\/www.elementvape.de\/lt\/wp-json\/wp\/v2\/product"}],"about":[{"href":"https:\/\/www.elementvape.de\/lt\/wp-json\/wp\/v2\/types\/product"}],"wp:featuredmedia":[{"embeddable":true,"href":"https:\/\/www.elementvape.de\/lt\/wp-json\/wp\/v2\/media\/12370"}],"wp:attachment":[{"href":"https:\/\/www.elementvape.de\/lt\/wp-json\/wp\/v2\/media?parent=12362"}],"wp:term":[{"taxonomy":"product_cat","embeddable":true,"href":"https:\/\/www.elementvape.de\/lt\/wp-json\/wp\/v2\/product_cat?post=12362"},{"taxonomy":"product_tag","embeddable":true,"href":"https:\/\/www.elementvape.de\/lt\/wp-json\/wp\/v2\/product_tag?post=12362"}],"curies":[{"name":"wp","href":"https:\/\/api.w.org\/{rel}","templated":true}]}}