{"id":12232,"date":"2024-06-17T08:51:51","date_gmt":"2024-06-17T08:51:51","guid":{"rendered":"https:\/\/www.elementvape.de\/?post_type=product&#038;p=12232"},"modified":"2024-09-12T10:36:05","modified_gmt":"2024-09-12T10:36:05","slug":"voopoo-argus-xt-mod","status":"publish","type":"product","link":"https:\/\/www.elementvape.de\/lt\/produkt\/voopoo-argus-xt-mod\/","title":{"rendered":"VOOPOO Argus XT modas"},"content":{"rendered":"<h2>Produkto apra\u0161ymas: Voopoo Argus XT Mod Vape<\/h2>\n<h4>Produkto detal\u0117s<\/h4>\n<p>Voopoo Argus XT&amp;MT Mod yra universalus ir galingas \u012frenginys, kuris gali naudoti arba vien\u0105 18650 arba 21700 akumuliatori\u0173 (XT versijai) arba \u012fmontuot\u0105 3000 mAh akumuliatori\u0173 (MT versijai). Su galia nuo 5 iki 100 W ir 0,96 colio TFT spalvotu ekranu jis si\u016blo \u012fvairius re\u017eimus: VW (RBA), SMART, TC (Ni, SS, Ti) ir Turbo. Turbo re\u017eimas suteikia galios padidinim\u0105 pirmojo \u012fkv\u0117pimo metu, kad b\u016bt\u0173 didelis garas. GENE TT 2.0 lustas u\u017etikrina pastov\u0173 gali\u0105 ir si\u016blo 7 i\u0161samias apsaugos funkcijas. QS-Lock su slankikliu gali u\u017erakinti visas mygtukus, suteikdamas papildom\u0105 saugum\u0105.<\/p>\n<h4>Funkcijos<\/h4>\n<ul>\n<li><strong>100 W maksimalus i\u0161\u0117jimo galingumas<\/strong>: Si\u016blo plat\u0173 galios parink\u010di\u0173 spektr\u0105 skirtingiems garavimo poreikiams.<\/li>\n<li><strong>IP68 sertifikuotas<\/strong>: Tvirtas ir ilgaam\u017eis dizainas, atsparus vandeniui, dulk\u0117ms ir sm\u016bgiams.<\/li>\n<li><strong>Be skylu\u010di\u0173 dizainas<\/strong>: Modernus ir esteti\u0161kas dizainas be matom\u0173 skyli\u0173.<\/li>\n<li><strong>GENE.TT 2.0 lustas<\/strong>: Pa\u017eangus lustas optimaliam veikimui ir apsaugai.<\/li>\n<li><strong>Turbo re\u017eimas<\/strong>: Si\u016blo pradini\u0173 galios padidinim\u0105 intensyviam garavimui.<\/li>\n<li><strong>3A Tipo-C \u012fkrovimas<\/strong>: Greitas ir efektyvus \u012fkrovimas.<\/li>\n<\/ul>\n<h4>Specifikacijos<\/h4>\n<ul>\n<li><strong>Produkto pavadinimas<\/strong>: ARGUS XT Modifikacija<\/li>\n<li><strong>Dydis<\/strong>: 94,7 x 34,5 x 37 mm<\/li>\n<li><strong>Galia diapazonas<\/strong>: 5 \u2013 100 W<\/li>\n<li><strong>Var\u017eos diapazonas<\/strong>: 0,05 \u2013 3,0 \u03a9<\/li>\n<li><strong>I\u0161\u0117jimo \u012ftampa<\/strong>: Maks. 8,5 V<\/li>\n<li><strong>Baterija<\/strong>: Vienetas 21700\/18650 (ne\u012ftraukta \u012f komplektacij\u0105)<\/li>\n<li><strong>Suderinami kaitikliai<\/strong>: TPP-DM1, TPP-DM2, TPP-DM3, TPP-DM4<\/li>\n<\/ul>\n<h4>Rekomenduojami bakeliai<\/h4>\n<ul>\n<li><strong>Maat bakelis naujas<\/strong><\/li>\n<li><strong>TPP-X Pod bakelis<\/strong>\n<ul>\n<li>Pastaba: Pra\u0161ome naudoti purk\u0161tuv\u0105 su skersmeniu ma\u017eesniu nei 28 mm.<\/li>\n<\/ul>\n<\/li>\n<\/ul>\n<h4>Pakuot\u0117s turinys<\/h4>\n<ul>\n<li>1 x ARGUS XT Mod \u012frenginys<\/li>\n<li>1 x 18650 baterijos adapteris<\/li>\n<li>1 x Tipo-C laidas<\/li>\n<li>1 x Naudotojo vadovas<\/li>\n<\/ul>\n<p>Patirkite tobul\u0105 suderinamum\u0105 tarp pa\u017eangios technologijos, tvirto dizaino ir auk\u0161tos galios su Voopoo Argus XT Mod. Pirkite dabar dideliais kiekiais Vapewholesaleglobal ir pasinaudokite m\u016bs\u0173 geriausiomis didmenin\u0117s prekybos kainomis!<\/p>","protected":false},"excerpt":{"rendered":"<p>Produktbeschreibung: Voopoo Argus XT Mod Vape Produktdetails Der Voopoo Argus XT&amp;MT Mod ist ein vielseitiges und leistungsstarkes Ger\u00e4t, das entweder einen einzelnen 18650- oder 21700-Akku (f\u00fcr XT) oder einen eingebauten 3000-mAh-Akku (f\u00fcr MT) verwenden kann. Mit einer Leistung von 5 bis 100 W und einem 0,96-Zoll-TFT-Farbdisplay bietet es verschiedene Modi: VW (RBA), SMART, TC (Ni, [&hellip;]<\/p>","protected":false},"featured_media":12234,"template":"","meta":{"inline_featured_image":false},"product_cat":[754,745,742,748,744,755,738,751,77],"product_tag":[],"tiered_pricing_type":"fixed","tiered_pricing_fixed_rules":[],"tiered_pricing_percentage_rules":[],"tiered_pricing_minimum":1,"_administrator_tiered_pricing_type":"fixed","_administrator_tiered_pricing_fixed_rules":[],"_editor_tiered_pricing_type":"fixed","_editor_tiered_pricing_fixed_rules":[],"_author_tiered_pricing_type":"fixed","_author_tiered_pricing_fixed_rules":[],"_contributor_tiered_pricing_type":"fixed","_contributor_tiered_pricing_fixed_rules":[],"_subscriber_tiered_pricing_type":"fixed","_subscriber_tiered_pricing_fixed_rules":[],"_customer_tiered_pricing_type":"fixed","_customer_tiered_pricing_fixed_rules":[],"_shop_manager_tiered_pricing_type":"fixed","_shop_manager_tiered_pricing_fixed_rules":[],"_wpseo_manager_tiered_pricing_type":"fixed","_wpseo_manager_tiered_pricing_fixed_rules":[],"_wpseo_editor_tiered_pricing_type":"fixed","_wpseo_editor_tiered_pricing_fixed_rules":[],"_wholesale_customer_tiered_pricing_type":"fixed","_wholesale_customer_tiered_pricing_fixed_rules":[],"_marketer_tiered_pricing_type":"fixed","_marketer_tiered_pricing_fixed_rules":[],"_sales_manager_tiered_pricing_type":"fixed","_sales_manager_tiered_pricing_fixed_rules":[],"_sales_rep_tiered_pricing_type":"fixed","_sales_rep_tiered_pricing_fixed_rules":[],"yoast_head":"<!-- This site is optimized with the Yoast SEO plugin v23.3 - https:\/\/yoast.com\/wordpress\/plugins\/seo\/ -->\n<title>VOOPOO Argus XT Mod | ElementVape.de<\/title>\n<meta name=\"description\" content=\"Wir bieten VOOPOO Argus XT Mod , Elementvape.de akzeptieren Gro\u00df-und Einzelhandel Bestellungen.\" \/>\n<meta name=\"robots\" content=\"index, follow, max-snippet:-1, max-image-preview:large, max-video-preview:-1\" \/>\n<link rel=\"canonical\" href=\"https:\/\/www.elementvape.de\/lt\/produkt\/voopoo-argus-xt-mod\/\" \/>\n<meta property=\"og:locale\" content=\"lt_LT\" \/>\n<meta property=\"og:type\" content=\"article\" \/>\n<meta property=\"og:title\" content=\"VOOPOO Argus XT Mod | ElementVape.de\" \/>\n<meta property=\"og:description\" content=\"Wir bieten VOOPOO Argus XT Mod , Elementvape.de akzeptieren Gro\u00df-und Einzelhandel Bestellungen.\" \/>\n<meta property=\"og:url\" content=\"https:\/\/www.elementvape.de\/lt\/produkt\/voopoo-argus-xt-mod\/\" \/>\n<meta property=\"og:site_name\" content=\"ElementVape.de\" \/>\n<meta property=\"article:modified_time\" content=\"2024-09-12T10:36:05+00:00\" \/>\n<meta property=\"og:image\" content=\"https:\/\/www.elementvape.de\/wp-content\/uploads\/2024\/06\/VOOPOOArgusXTMod_9.webp\" \/>\n\t<meta property=\"og:image:width\" content=\"800\" \/>\n\t<meta property=\"og:image:height\" content=\"800\" \/>\n\t<meta property=\"og:image:type\" content=\"image\/webp\" \/>\n<meta name=\"twitter:card\" content=\"summary_large_image\" \/>\n<meta name=\"twitter:label1\" content=\"Est. reading time\" \/>\n\t<meta name=\"twitter:data1\" content=\"2 minut\u0117s\" \/>\n<script type=\"application\/ld+json\" class=\"yoast-schema-graph\">{\"@context\":\"https:\/\/schema.org\",\"@graph\":[{\"@type\":\"WebPage\",\"@id\":\"https:\/\/www.elementvape.de\/es\/produkt\/voopoo-argus-xt-mod\/\",\"url\":\"https:\/\/www.elementvape.de\/es\/produkt\/voopoo-argus-xt-mod\/\",\"name\":\"VOOPOO Argus XT Mod | ElementVape.de\",\"isPartOf\":{\"@id\":\"https:\/\/www.elementvape.de\/#website\"},\"primaryImageOfPage\":{\"@id\":\"https:\/\/www.elementvape.de\/es\/produkt\/voopoo-argus-xt-mod\/#primaryimage\"},\"image\":{\"@id\":\"https:\/\/www.elementvape.de\/es\/produkt\/voopoo-argus-xt-mod\/#primaryimage\"},\"thumbnailUrl\":\"https:\/\/www.elementvape.de\/wp-content\/uploads\/2024\/06\/VOOPOOArgusXTMod_9.webp\",\"datePublished\":\"2024-06-17T08:51:51+00:00\",\"dateModified\":\"2024-09-12T10:36:05+00:00\",\"description\":\"Wir bieten VOOPOO Argus XT Mod , Elementvape.de akzeptieren Gro\u00df-und Einzelhandel Bestellungen.\",\"breadcrumb\":{\"@id\":\"https:\/\/www.elementvape.de\/es\/produkt\/voopoo-argus-xt-mod\/#breadcrumb\"},\"inLanguage\":\"lt-LT\",\"potentialAction\":[{\"@type\":\"ReadAction\",\"target\":[\"https:\/\/www.elementvape.de\/es\/produkt\/voopoo-argus-xt-mod\/\"]}]},{\"@type\":\"ImageObject\",\"inLanguage\":\"lt-LT\",\"@id\":\"https:\/\/www.elementvape.de\/es\/produkt\/voopoo-argus-xt-mod\/#primaryimage\",\"url\":\"https:\/\/www.elementvape.de\/wp-content\/uploads\/2024\/06\/VOOPOOArgusXTMod_9.webp\",\"contentUrl\":\"https:\/\/www.elementvape.de\/wp-content\/uploads\/2024\/06\/VOOPOOArgusXTMod_9.webp\",\"width\":800,\"height\":800,\"caption\":\"VOOPOOArgusXTMod_9\"},{\"@type\":\"BreadcrumbList\",\"@id\":\"https:\/\/www.elementvape.de\/es\/produkt\/voopoo-argus-xt-mod\/#breadcrumb\",\"itemListElement\":[{\"@type\":\"ListItem\",\"position\":1,\"name\":\"Home\",\"item\":\"https:\/\/www.elementvape.de\/\"},{\"@type\":\"ListItem\",\"position\":2,\"name\":\"Shop\",\"item\":\"https:\/\/www.elementvape.de\/shop\/\"},{\"@type\":\"ListItem\",\"position\":3,\"name\":\"VOOPOO Argus XT Mod\"}]},{\"@type\":\"WebSite\",\"@id\":\"https:\/\/www.elementvape.de\/#website\",\"url\":\"https:\/\/www.elementvape.de\/\",\"name\":\"ElementVape.de\",\"description\":\"\",\"publisher\":{\"@id\":\"https:\/\/www.elementvape.de\/#organization\"},\"potentialAction\":[{\"@type\":\"SearchAction\",\"target\":{\"@type\":\"EntryPoint\",\"urlTemplate\":\"https:\/\/www.elementvape.de\/?s={search_term_string}\"},\"query-input\":\"required name=search_term_string\"}],\"inLanguage\":\"lt-LT\"},{\"@type\":\"Organization\",\"@id\":\"https:\/\/www.elementvape.de\/#organization\",\"name\":\"ElementVape.DE\",\"url\":\"https:\/\/www.elementvape.de\/\",\"logo\":{\"@type\":\"ImageObject\",\"inLanguage\":\"lt-LT\",\"@id\":\"https:\/\/www.elementvape.de\/#\/schema\/logo\/image\/\",\"url\":\"https:\/\/www.elementvape.de\/wp-content\/uploads\/2024\/09\/cropped-1elementvape-3.png\",\"contentUrl\":\"https:\/\/www.elementvape.de\/wp-content\/uploads\/2024\/09\/cropped-1elementvape-3.png\",\"width\":285,\"height\":228,\"caption\":\"ElementVape.DE\"},\"image\":{\"@id\":\"https:\/\/www.elementvape.de\/#\/schema\/logo\/image\/\"}}]}<\/script>\n<!-- \/ Yoast SEO plugin. -->","yoast_head_json":{"title":"VOOPOO Argus XT Mod | ElementVape.de","description":"Wir bieten VOOPOO Argus XT Mod , Elementvape.de akzeptieren Gro\u00df-und Einzelhandel Bestellungen.","robots":{"index":"index","follow":"follow","max-snippet":"max-snippet:-1","max-image-preview":"max-image-preview:large","max-video-preview":"max-video-preview:-1"},"canonical":"https:\/\/www.elementvape.de\/lt\/produkt\/voopoo-argus-xt-mod\/","og_locale":"lt_LT","og_type":"article","og_title":"VOOPOO Argus XT Mod | ElementVape.de","og_description":"Wir bieten VOOPOO Argus XT Mod , Elementvape.de akzeptieren Gro\u00df-und Einzelhandel Bestellungen.","og_url":"https:\/\/www.elementvape.de\/lt\/produkt\/voopoo-argus-xt-mod\/","og_site_name":"ElementVape.de","article_modified_time":"2024-09-12T10:36:05+00:00","og_image":[{"width":800,"height":800,"url":"https:\/\/www.elementvape.de\/wp-content\/uploads\/2024\/06\/VOOPOOArgusXTMod_9.webp","type":"image\/webp"}],"twitter_card":"summary_large_image","twitter_misc":{"Est. reading time":"2 minut\u0117s"},"schema":{"@context":"https:\/\/schema.org","@graph":[{"@type":"WebPage","@id":"https:\/\/www.elementvape.de\/es\/produkt\/voopoo-argus-xt-mod\/","url":"https:\/\/www.elementvape.de\/es\/produkt\/voopoo-argus-xt-mod\/","name":"VOOPOO Argus XT Mod | ElementVape.de","isPartOf":{"@id":"https:\/\/www.elementvape.de\/#website"},"primaryImageOfPage":{"@id":"https:\/\/www.elementvape.de\/es\/produkt\/voopoo-argus-xt-mod\/#primaryimage"},"image":{"@id":"https:\/\/www.elementvape.de\/es\/produkt\/voopoo-argus-xt-mod\/#primaryimage"},"thumbnailUrl":"https:\/\/www.elementvape.de\/wp-content\/uploads\/2024\/06\/VOOPOOArgusXTMod_9.webp","datePublished":"2024-06-17T08:51:51+00:00","dateModified":"2024-09-12T10:36:05+00:00","description":"Wir bieten VOOPOO Argus XT Mod , Elementvape.de akzeptieren Gro\u00df-und Einzelhandel Bestellungen.","breadcrumb":{"@id":"https:\/\/www.elementvape.de\/es\/produkt\/voopoo-argus-xt-mod\/#breadcrumb"},"inLanguage":"lt-LT","potentialAction":[{"@type":"ReadAction","target":["https:\/\/www.elementvape.de\/es\/produkt\/voopoo-argus-xt-mod\/"]}]},{"@type":"ImageObject","inLanguage":"lt-LT","@id":"https:\/\/www.elementvape.de\/es\/produkt\/voopoo-argus-xt-mod\/#primaryimage","url":"https:\/\/www.elementvape.de\/wp-content\/uploads\/2024\/06\/VOOPOOArgusXTMod_9.webp","contentUrl":"https:\/\/www.elementvape.de\/wp-content\/uploads\/2024\/06\/VOOPOOArgusXTMod_9.webp","width":800,"height":800,"caption":"VOOPOOArgusXTMod_9"},{"@type":"BreadcrumbList","@id":"https:\/\/www.elementvape.de\/es\/produkt\/voopoo-argus-xt-mod\/#breadcrumb","itemListElement":[{"@type":"ListItem","position":1,"name":"Home","item":"https:\/\/www.elementvape.de\/"},{"@type":"ListItem","position":2,"name":"Shop","item":"https:\/\/www.elementvape.de\/shop\/"},{"@type":"ListItem","position":3,"name":"VOOPOO Argus XT Mod"}]},{"@type":"WebSite","@id":"https:\/\/www.elementvape.de\/#website","url":"https:\/\/www.elementvape.de\/","name":"ElementVape.de","description":"","publisher":{"@id":"https:\/\/www.elementvape.de\/#organization"},"potentialAction":[{"@type":"SearchAction","target":{"@type":"EntryPoint","urlTemplate":"https:\/\/www.elementvape.de\/?s={search_term_string}"},"query-input":"required name=search_term_string"}],"inLanguage":"lt-LT"},{"@type":"Organization","@id":"https:\/\/www.elementvape.de\/#organization","name":"ElementVape.DE","url":"https:\/\/www.elementvape.de\/","logo":{"@type":"ImageObject","inLanguage":"lt-LT","@id":"https:\/\/www.elementvape.de\/#\/schema\/logo\/image\/","url":"https:\/\/www.elementvape.de\/wp-content\/uploads\/2024\/09\/cropped-1elementvape-3.png","contentUrl":"https:\/\/www.elementvape.de\/wp-content\/uploads\/2024\/09\/cropped-1elementvape-3.png","width":285,"height":228,"caption":"ElementVape.DE"},"image":{"@id":"https:\/\/www.elementvape.de\/#\/schema\/logo\/image\/"}}]}},"_links":{"self":[{"href":"https:\/\/www.elementvape.de\/lt\/wp-json\/wp\/v2\/product\/12232"}],"collection":[{"href":"https:\/\/www.elementvape.de\/lt\/wp-json\/wp\/v2\/product"}],"about":[{"href":"https:\/\/www.elementvape.de\/lt\/wp-json\/wp\/v2\/types\/product"}],"wp:featuredmedia":[{"embeddable":true,"href":"https:\/\/www.elementvape.de\/lt\/wp-json\/wp\/v2\/media\/12234"}],"wp:attachment":[{"href":"https:\/\/www.elementvape.de\/lt\/wp-json\/wp\/v2\/media?parent=12232"}],"wp:term":[{"taxonomy":"product_cat","embeddable":true,"href":"https:\/\/www.elementvape.de\/lt\/wp-json\/wp\/v2\/product_cat?post=12232"},{"taxonomy":"product_tag","embeddable":true,"href":"https:\/\/www.elementvape.de\/lt\/wp-json\/wp\/v2\/product_tag?post=12232"}],"curies":[{"name":"wp","href":"https:\/\/api.w.org\/{rel}","templated":true}]}}