{"id":12218,"date":"2024-06-17T08:33:58","date_gmt":"2024-06-17T08:33:58","guid":{"rendered":"https:\/\/www.elementvape.de\/?post_type=product&#038;p=12218"},"modified":"2024-09-12T10:36:06","modified_gmt":"2024-09-12T10:36:06","slug":"voopoo-drag-q-pod-system-kit","status":"publish","type":"product","link":"https:\/\/www.elementvape.de\/lt\/produkt\/voopoo-drag-q-pod-system-kit\/","title":{"rendered":"VOOPOO Drag Q Pod sistemos rinkinys"},"content":{"rendered":"<h2>Produkto apra\u0161ymas: VOOPOO Drag Q rinkinys<\/h2>\n<h4>Ap\u017evalga<\/h4>\n<p>Elementvape.de si\u016blo plat\u0173 auk\u0161tos kokyb\u0117s elektronini\u0173 cigare\u010di\u0173, rinkini\u0173, mod\u0173, pod\u0173 ir E-liquids asortiment\u0105. VOOPOO Drag Q rinkinys specialiai sukurtas MTL (burnos iki plau\u010di\u0173) ir RDL (ribotas tiesioginis plau\u010di\u0173) garinimo patir\u010diai. Su maksimali\u0105ja galia 25 W ir vidiniu 1250 mAh akumuliatoriumi, \u0161is \u012frenginys yra kompakti\u0161kas ir lengvai ne\u0161iojamas.<\/p>\n<h4>Savyb\u0117s<\/h4>\n<ul>\n<li><strong>I\u0161manus oro srauto reguliavimas<\/strong>: Automatinis oro srauto pritaikymas optimaliam garo malonumui.<\/li>\n<li><strong>M\u0117nulio formos oro \u012fsiurbimo anga<\/strong>: Inovatyvus dizainas, skirtas pagerinti oro sraut\u0105.<\/li>\n<li><strong>VOOPOO ITO technologija<\/strong>: Pa\u017eangi technologija, u\u017etikrinanti \u0161var\u0173 skon\u012f ir tank\u0173 gar\u0105.<\/li>\n<li><strong>Gradientin\u0117 \u0161viesos juosta<\/strong>: Stilingas dizaino elementas, rodantis akumuliatoriaus b\u016bsen\u0105.<\/li>\n<li><strong>\u012evairios MTL garinimo patirtys<\/strong>: Pritaikomi nustatymai individualiam gar\u0173 malonumui.<\/li>\n<li><strong>2A Tipo-C \u012fkrovimas<\/strong>: Greitas ir efektyvus \u012fkrovimas.<\/li>\n<\/ul>\n<h4>Fizikiniai parametrai<\/h4>\n<ul>\n<li><strong>Produkto pavadinimas<\/strong>: DRAG Q<\/li>\n<li><strong>Dydis<\/strong>: 92,5 x 24 x 14,14 mm<\/li>\n<li><strong>Galia diapazonas<\/strong>: 8 \u2013 25 W<\/li>\n<li><strong>Talpa<\/strong>:\n<ul>\n<li>Standartas: 3,5 ml<\/li>\n<li>JAV: 3,5 ml<\/li>\n<li>TPD: 2 ml<\/li>\n<\/ul>\n<\/li>\n<li><strong>Var\u017eos diapazonas<\/strong>: 0,3 \u2013 3,0 \u03a9<\/li>\n<li><strong>I\u0161\u0117jimo \u012ftampa<\/strong>: 3,2 \u2013 4,2 V<\/li>\n<li><strong>Baterija<\/strong>: 1250 mAh (\u012fmontuotas akumuliatorius)<\/li>\n<li><strong>Standartin\u0117s kaitikliai<\/strong>: ITO-M0 (0,5 \u03a9) \/ ITO-M3 (1,2 \u03a9)<\/li>\n<li><strong>Suderinami kaitikliai<\/strong>: ITO-M0, ITO-M1, ITO-M2, ITO-M3<\/li>\n<\/ul>\n<h4>Pakuot\u0117s s\u0105ra\u0161as<\/h4>\n<ul>\n<li>1 x DRAG Q \u012frenginys<\/li>\n<li>1 x ITO-X POD (3,5 ml)<\/li>\n<li>1 x ITO-M0, 0,5 \u03a9 rit\u0117<\/li>\n<li>1 x ITO-M3, 1,2 \u03a9 rit\u0117<\/li>\n<li>1 x Type-C laidas<\/li>\n<li>1 x Naudotojo vadovas<\/li>\n<li>1 x ITO Mesh Rit\u0117s Kortel\u0117<\/li>\n<\/ul>\n<p>Patirkite tobul\u0105 dizaino, na\u0161umo ir ilgaam\u017ei\u0161kumo derin\u012f su VOOPOO Drag Q rinkiniu. Pirkite dabar Vape Wholesale Global u\u017e geriausias didmenines kainas ir m\u0117gaukit\u0117s pirmos klas\u0117s garinimo patirtimi!<\/p>","protected":false},"excerpt":{"rendered":"<p>Produktbeschreibung: VOOPOO Drag Q Kit \u00dcberblick Elementvape.de bieten eine breite Palette an hochwertigen E-Zigaretten, Kits, Mods, Pods und E-Liquids an. Das VOOPOO Drag Q Kit ist speziell entwickelt f\u00fcr MTL- (Mouth to Lung) und RDL- (Restricted Direct Lung) Dampferlebnisse. Mit einer maximalen Leistung von 25 W und einem internen 1250 mAh-Akku ist dieses Ger\u00e4t kompakt [&hellip;]<\/p>","protected":false},"featured_media":12219,"template":"","meta":{"inline_featured_image":false},"product_cat":[754,745,742,748,744,755,738,751,76,79],"product_tag":[],"tiered_pricing_type":"fixed","tiered_pricing_fixed_rules":[],"tiered_pricing_percentage_rules":[],"tiered_pricing_minimum":1,"_administrator_tiered_pricing_type":"fixed","_administrator_tiered_pricing_fixed_rules":[],"_editor_tiered_pricing_type":"fixed","_editor_tiered_pricing_fixed_rules":[],"_author_tiered_pricing_type":"fixed","_author_tiered_pricing_fixed_rules":[],"_contributor_tiered_pricing_type":"fixed","_contributor_tiered_pricing_fixed_rules":[],"_subscriber_tiered_pricing_type":"fixed","_subscriber_tiered_pricing_fixed_rules":[],"_customer_tiered_pricing_type":"fixed","_customer_tiered_pricing_fixed_rules":[],"_shop_manager_tiered_pricing_type":"fixed","_shop_manager_tiered_pricing_fixed_rules":[],"_wpseo_manager_tiered_pricing_type":"fixed","_wpseo_manager_tiered_pricing_fixed_rules":[],"_wpseo_editor_tiered_pricing_type":"fixed","_wpseo_editor_tiered_pricing_fixed_rules":[],"_wholesale_customer_tiered_pricing_type":"fixed","_wholesale_customer_tiered_pricing_fixed_rules":[],"_marketer_tiered_pricing_type":"fixed","_marketer_tiered_pricing_fixed_rules":[],"_sales_manager_tiered_pricing_type":"fixed","_sales_manager_tiered_pricing_fixed_rules":[],"_sales_rep_tiered_pricing_type":"fixed","_sales_rep_tiered_pricing_fixed_rules":[],"yoast_head":"<!-- This site is optimized with the Yoast SEO plugin v23.3 - https:\/\/yoast.com\/wordpress\/plugins\/seo\/ -->\n<title>VOOPOO Drag Q Pod System Kit | ElementVape.de<\/title>\n<meta name=\"description\" content=\"Wir bieten VOOPOO Drag Q Pod System Kit , Elementvape.de akzeptieren Gro\u00df-und Einzelhandel Bestellungen.\" \/>\n<meta name=\"robots\" content=\"index, follow, max-snippet:-1, max-image-preview:large, max-video-preview:-1\" \/>\n<link rel=\"canonical\" href=\"https:\/\/www.elementvape.de\/lt\/produkt\/voopoo-drag-q-pod-system-kit\/\" \/>\n<meta property=\"og:locale\" content=\"lt_LT\" \/>\n<meta property=\"og:type\" content=\"article\" \/>\n<meta property=\"og:title\" content=\"VOOPOO Drag Q Pod System Kit | ElementVape.de\" \/>\n<meta property=\"og:description\" content=\"Wir bieten VOOPOO Drag Q Pod System Kit , Elementvape.de akzeptieren Gro\u00df-und Einzelhandel Bestellungen.\" \/>\n<meta property=\"og:url\" content=\"https:\/\/www.elementvape.de\/lt\/produkt\/voopoo-drag-q-pod-system-kit\/\" \/>\n<meta property=\"og:site_name\" content=\"ElementVape.de\" \/>\n<meta property=\"article:modified_time\" content=\"2024-09-12T10:36:06+00:00\" \/>\n<meta property=\"og:image\" content=\"https:\/\/www.elementvape.de\/wp-content\/uploads\/2024\/06\/VooPoo-Drag-Q-Pod-System-Kit.webp\" \/>\n\t<meta property=\"og:image:width\" content=\"800\" \/>\n\t<meta property=\"og:image:height\" content=\"800\" \/>\n\t<meta property=\"og:image:type\" content=\"image\/webp\" \/>\n<meta name=\"twitter:card\" content=\"summary_large_image\" \/>\n<meta name=\"twitter:label1\" content=\"Est. reading time\" \/>\n\t<meta name=\"twitter:data1\" content=\"2 minut\u0117s\" \/>\n<script type=\"application\/ld+json\" class=\"yoast-schema-graph\">{\"@context\":\"https:\/\/schema.org\",\"@graph\":[{\"@type\":\"WebPage\",\"@id\":\"https:\/\/www.elementvape.de\/produkt\/voopoo-drag-q-pod-system-kit\/\",\"url\":\"https:\/\/www.elementvape.de\/produkt\/voopoo-drag-q-pod-system-kit\/\",\"name\":\"VOOPOO Drag Q Pod System Kit | ElementVape.de\",\"isPartOf\":{\"@id\":\"https:\/\/www.elementvape.de\/#website\"},\"primaryImageOfPage\":{\"@id\":\"https:\/\/www.elementvape.de\/produkt\/voopoo-drag-q-pod-system-kit\/#primaryimage\"},\"image\":{\"@id\":\"https:\/\/www.elementvape.de\/produkt\/voopoo-drag-q-pod-system-kit\/#primaryimage\"},\"thumbnailUrl\":\"https:\/\/www.elementvape.de\/wp-content\/uploads\/2024\/06\/VooPoo-Drag-Q-Pod-System-Kit.webp\",\"datePublished\":\"2024-06-17T08:33:58+00:00\",\"dateModified\":\"2024-09-12T10:36:06+00:00\",\"description\":\"Wir bieten VOOPOO Drag Q Pod System Kit , Elementvape.de akzeptieren Gro\u00df-und Einzelhandel Bestellungen.\",\"breadcrumb\":{\"@id\":\"https:\/\/www.elementvape.de\/produkt\/voopoo-drag-q-pod-system-kit\/#breadcrumb\"},\"inLanguage\":\"lt-LT\",\"potentialAction\":[{\"@type\":\"ReadAction\",\"target\":[\"https:\/\/www.elementvape.de\/produkt\/voopoo-drag-q-pod-system-kit\/\"]}]},{\"@type\":\"ImageObject\",\"inLanguage\":\"lt-LT\",\"@id\":\"https:\/\/www.elementvape.de\/produkt\/voopoo-drag-q-pod-system-kit\/#primaryimage\",\"url\":\"https:\/\/www.elementvape.de\/wp-content\/uploads\/2024\/06\/VooPoo-Drag-Q-Pod-System-Kit.webp\",\"contentUrl\":\"https:\/\/www.elementvape.de\/wp-content\/uploads\/2024\/06\/VooPoo-Drag-Q-Pod-System-Kit.webp\",\"width\":800,\"height\":800,\"caption\":\"VooPoo-Drag-Q-Pod-System-Kit\"},{\"@type\":\"BreadcrumbList\",\"@id\":\"https:\/\/www.elementvape.de\/produkt\/voopoo-drag-q-pod-system-kit\/#breadcrumb\",\"itemListElement\":[{\"@type\":\"ListItem\",\"position\":1,\"name\":\"Home\",\"item\":\"https:\/\/www.elementvape.de\/\"},{\"@type\":\"ListItem\",\"position\":2,\"name\":\"Shop\",\"item\":\"https:\/\/www.elementvape.de\/shop\/\"},{\"@type\":\"ListItem\",\"position\":3,\"name\":\"VOOPOO Drag Q Pod System Kit\"}]},{\"@type\":\"WebSite\",\"@id\":\"https:\/\/www.elementvape.de\/#website\",\"url\":\"https:\/\/www.elementvape.de\/\",\"name\":\"ElementVape.de\",\"description\":\"\",\"publisher\":{\"@id\":\"https:\/\/www.elementvape.de\/#organization\"},\"potentialAction\":[{\"@type\":\"SearchAction\",\"target\":{\"@type\":\"EntryPoint\",\"urlTemplate\":\"https:\/\/www.elementvape.de\/?s={search_term_string}\"},\"query-input\":\"required name=search_term_string\"}],\"inLanguage\":\"lt-LT\"},{\"@type\":\"Organization\",\"@id\":\"https:\/\/www.elementvape.de\/#organization\",\"name\":\"ElementVape.DE\",\"url\":\"https:\/\/www.elementvape.de\/\",\"logo\":{\"@type\":\"ImageObject\",\"inLanguage\":\"lt-LT\",\"@id\":\"https:\/\/www.elementvape.de\/#\/schema\/logo\/image\/\",\"url\":\"https:\/\/www.elementvape.de\/wp-content\/uploads\/2024\/09\/cropped-1elementvape-3.png\",\"contentUrl\":\"https:\/\/www.elementvape.de\/wp-content\/uploads\/2024\/09\/cropped-1elementvape-3.png\",\"width\":285,\"height\":228,\"caption\":\"ElementVape.DE\"},\"image\":{\"@id\":\"https:\/\/www.elementvape.de\/#\/schema\/logo\/image\/\"}}]}<\/script>\n<!-- \/ Yoast SEO plugin. -->","yoast_head_json":{"title":"VOOPOO Drag Q Pod System Kit | ElementVape.de","description":"Wir bieten VOOPOO Drag Q Pod System Kit , Elementvape.de akzeptieren Gro\u00df-und Einzelhandel Bestellungen.","robots":{"index":"index","follow":"follow","max-snippet":"max-snippet:-1","max-image-preview":"max-image-preview:large","max-video-preview":"max-video-preview:-1"},"canonical":"https:\/\/www.elementvape.de\/lt\/produkt\/voopoo-drag-q-pod-system-kit\/","og_locale":"lt_LT","og_type":"article","og_title":"VOOPOO Drag Q Pod System Kit | ElementVape.de","og_description":"Wir bieten VOOPOO Drag Q Pod System Kit , Elementvape.de akzeptieren Gro\u00df-und Einzelhandel Bestellungen.","og_url":"https:\/\/www.elementvape.de\/lt\/produkt\/voopoo-drag-q-pod-system-kit\/","og_site_name":"ElementVape.de","article_modified_time":"2024-09-12T10:36:06+00:00","og_image":[{"width":800,"height":800,"url":"https:\/\/www.elementvape.de\/wp-content\/uploads\/2024\/06\/VooPoo-Drag-Q-Pod-System-Kit.webp","type":"image\/webp"}],"twitter_card":"summary_large_image","twitter_misc":{"Est. reading time":"2 minut\u0117s"},"schema":{"@context":"https:\/\/schema.org","@graph":[{"@type":"WebPage","@id":"https:\/\/www.elementvape.de\/produkt\/voopoo-drag-q-pod-system-kit\/","url":"https:\/\/www.elementvape.de\/produkt\/voopoo-drag-q-pod-system-kit\/","name":"VOOPOO Drag Q Pod System Kit | ElementVape.de","isPartOf":{"@id":"https:\/\/www.elementvape.de\/#website"},"primaryImageOfPage":{"@id":"https:\/\/www.elementvape.de\/produkt\/voopoo-drag-q-pod-system-kit\/#primaryimage"},"image":{"@id":"https:\/\/www.elementvape.de\/produkt\/voopoo-drag-q-pod-system-kit\/#primaryimage"},"thumbnailUrl":"https:\/\/www.elementvape.de\/wp-content\/uploads\/2024\/06\/VooPoo-Drag-Q-Pod-System-Kit.webp","datePublished":"2024-06-17T08:33:58+00:00","dateModified":"2024-09-12T10:36:06+00:00","description":"Wir bieten VOOPOO Drag Q Pod System Kit , Elementvape.de akzeptieren Gro\u00df-und Einzelhandel Bestellungen.","breadcrumb":{"@id":"https:\/\/www.elementvape.de\/produkt\/voopoo-drag-q-pod-system-kit\/#breadcrumb"},"inLanguage":"lt-LT","potentialAction":[{"@type":"ReadAction","target":["https:\/\/www.elementvape.de\/produkt\/voopoo-drag-q-pod-system-kit\/"]}]},{"@type":"ImageObject","inLanguage":"lt-LT","@id":"https:\/\/www.elementvape.de\/produkt\/voopoo-drag-q-pod-system-kit\/#primaryimage","url":"https:\/\/www.elementvape.de\/wp-content\/uploads\/2024\/06\/VooPoo-Drag-Q-Pod-System-Kit.webp","contentUrl":"https:\/\/www.elementvape.de\/wp-content\/uploads\/2024\/06\/VooPoo-Drag-Q-Pod-System-Kit.webp","width":800,"height":800,"caption":"VooPoo-Drag-Q-Pod-System-Kit"},{"@type":"BreadcrumbList","@id":"https:\/\/www.elementvape.de\/produkt\/voopoo-drag-q-pod-system-kit\/#breadcrumb","itemListElement":[{"@type":"ListItem","position":1,"name":"Home","item":"https:\/\/www.elementvape.de\/"},{"@type":"ListItem","position":2,"name":"Shop","item":"https:\/\/www.elementvape.de\/shop\/"},{"@type":"ListItem","position":3,"name":"VOOPOO Drag Q Pod System Kit"}]},{"@type":"WebSite","@id":"https:\/\/www.elementvape.de\/#website","url":"https:\/\/www.elementvape.de\/","name":"ElementVape.de","description":"","publisher":{"@id":"https:\/\/www.elementvape.de\/#organization"},"potentialAction":[{"@type":"SearchAction","target":{"@type":"EntryPoint","urlTemplate":"https:\/\/www.elementvape.de\/?s={search_term_string}"},"query-input":"required name=search_term_string"}],"inLanguage":"lt-LT"},{"@type":"Organization","@id":"https:\/\/www.elementvape.de\/#organization","name":"ElementVape.DE","url":"https:\/\/www.elementvape.de\/","logo":{"@type":"ImageObject","inLanguage":"lt-LT","@id":"https:\/\/www.elementvape.de\/#\/schema\/logo\/image\/","url":"https:\/\/www.elementvape.de\/wp-content\/uploads\/2024\/09\/cropped-1elementvape-3.png","contentUrl":"https:\/\/www.elementvape.de\/wp-content\/uploads\/2024\/09\/cropped-1elementvape-3.png","width":285,"height":228,"caption":"ElementVape.DE"},"image":{"@id":"https:\/\/www.elementvape.de\/#\/schema\/logo\/image\/"}}]}},"_links":{"self":[{"href":"https:\/\/www.elementvape.de\/lt\/wp-json\/wp\/v2\/product\/12218"}],"collection":[{"href":"https:\/\/www.elementvape.de\/lt\/wp-json\/wp\/v2\/product"}],"about":[{"href":"https:\/\/www.elementvape.de\/lt\/wp-json\/wp\/v2\/types\/product"}],"wp:featuredmedia":[{"embeddable":true,"href":"https:\/\/www.elementvape.de\/lt\/wp-json\/wp\/v2\/media\/12219"}],"wp:attachment":[{"href":"https:\/\/www.elementvape.de\/lt\/wp-json\/wp\/v2\/media?parent=12218"}],"wp:term":[{"taxonomy":"product_cat","embeddable":true,"href":"https:\/\/www.elementvape.de\/lt\/wp-json\/wp\/v2\/product_cat?post=12218"},{"taxonomy":"product_tag","embeddable":true,"href":"https:\/\/www.elementvape.de\/lt\/wp-json\/wp\/v2\/product_tag?post=12218"}],"curies":[{"name":"wp","href":"https:\/\/api.w.org\/{rel}","templated":true}]}}