{"id":12117,"date":"2024-06-11T07:50:48","date_gmt":"2024-06-11T07:50:48","guid":{"rendered":"https:\/\/www.elementvape.de\/?post_type=product&#038;p=12117"},"modified":"2024-09-12T10:36:09","modified_gmt":"2024-09-12T10:36:09","slug":"ijoy-bar-ic8000-elektronische-einweg-zigarette-mit-8000-zuegen","status":"publish","type":"product","link":"https:\/\/www.elementvape.de\/lt\/produkt\/ijoy-bar-ic8000-elektronische-einweg-zigarette-mit-8000-zuegen\/","title":{"rendered":"iJoy Bar IC8000 elektronin\u0117 vienkartin\u0117 cigaret\u0117 su 8000 \u012fkv\u0117pim\u0173"},"content":{"rendered":"<h2>iJoy Bar IC8000 vienkartinis Vape \u012frenginys:<\/h2>\n<h4>Produkto apra\u0161ymas:<\/h4>\n<p>iJoy Bar IC8000 yra inovatyvus vienkartinis Vape \u012frenginys, sukurtas siekiant suteikti iki 8000 \u012fkv\u0117pim\u0173. \u0160is \u012frenginys pasi\u017eymi kompakti\u0161ku dizainu ir 0,58 coli\u0173 ekranu, kuris rodo likus\u012f skys\u010dio kiek\u012f ir akumuliatoriaus veikimo laik\u0105. Su \u012fmontuotu 650 mAh akumuliatoriumi ir 11 W i\u0161\u0117jimo galia, jis u\u017etikrina stabil\u0173 ir ilgalaik\u012f garinim\u0105. \u012erenginys palaiko Tipo-C \u012fkrovim\u0105 ir yra apr\u016bpintas pa\u017eangia 1,1 \u03a9 tinklo rit\u0117, u\u017etikrinan\u010dia \u0161var\u0173 ir intensyv\u0173 skon\u012f. Yra 15 skirting\u0173 skoni\u0173 pasirinkimas, kad kiekvienas rast\u0173 sau patinkant\u012f.<\/p>\n<h4>Savyb\u0117s:<\/h4>\n<ul>\n<li><strong>I\u0161 anksto u\u017epildytas E-skystis:<\/strong> 18 ml<\/li>\n<li><strong>\u012ekrovimo jungtis:<\/strong> Tipo C<\/li>\n<li><strong>Akumuliatoriaus talpa:<\/strong> \u012emontuotas \u012fkraunamas 650 mAh akumuliatorius<\/li>\n<li><strong>Rit\u0117:<\/strong> Nauja 1,1-\u03a9 tinklin\u0117 rit\u0117 optimaliam skoniui<\/li>\n<li><strong>Rodiklis:<\/strong> Skaitmeninis rodiklis akumuliatoriaus veikimo trukmei ir skys\u010dio gyvavimo laikui procentais<\/li>\n<li><strong>Pakeitimai:<\/strong> Apie 8000 \u012fjungim\u0173<\/li>\n<\/ul>\n<h4>Parametrai:<\/h4>\n<ul>\n<li><strong>Dydis:<\/strong> 23 mm x 47 mm x 85 mm<\/li>\n<li><strong>Akumuliatoriaus talpa:<\/strong> 650 mAh<\/li>\n<li><strong>I\u0161vesties re\u017eimas:<\/strong> 11 W (3,5 V)<\/li>\n<li><strong>\u012ekrovimo tipas:<\/strong> Tipo C<\/li>\n<li><strong>Med\u017eiaga:<\/strong> PC, PCTG<\/li>\n<li><strong>Var\u017ea:<\/strong> 1,1 \u03a9 tinklelio rit\u0117<\/li>\n<li><strong>I\u0161 anksto u\u017epildytas skys\u010dio talpa:<\/strong> 18 ml (apie 8000 \u012fjungim\u0173)<\/li>\n<li><strong>Nikotino kiekis:<\/strong> 5 %<\/li>\n<\/ul>\n<h4>Galimos skoni\u0173 r\u016b\u0161ys:<\/h4>\n<ol>\n<li>Juodas Drakono ledas<\/li>\n<li>Baltas Guminukas<\/li>\n<li>m\u0117lyn\u0117s arb\u016bzas<\/li>\n<li>Arb\u016bzo ledai<\/li>\n<li>Persiko citrina<\/li>\n<li>Gvajavos kivi aistra vaisiai<\/li>\n<li>Bra\u0161k\u0117 mangas<\/li>\n<li>Bra\u0161k\u0117 kivi<\/li>\n<li>M\u0117t\u0173<\/li>\n<li>Saldainiai obuoli\u0173 sultys<\/li>\n<li>Trij\u0173 uog\u0173 ledai<\/li>\n<li>Vy\u0161nios kola<\/li>\n<li>Skaidrus<\/li>\n<li>Persikas m\u0117lyn\u0117s<\/li>\n<li>M\u0117lynas Razz ledas<\/li>\n<\/ol>\n<h4>Pakuot\u0117s s\u0105ra\u0161as:<\/h4>\n<ul>\n<li>1 * iJoy Bar IC8000 vienkartinis vape (8000 \u012fkv\u0117pim\u0173)<\/li>\n<\/ul>\n<h3>Santrauka:<\/h3>\n<p>iJoy Bar IC8000 si\u016blo \u012fsp\u016bding\u0105 8000 \u012fkv\u0117pim\u0173 skai\u010di\u0173 vienetui ir sujungia inovatyvi\u0105 technologij\u0105 su daugybe skoni\u0173, siekiant suteikti i\u0161sam\u0173 garinimo patirt\u012f. Su pa\u017eangia tinklo rit\u0117 ir patogiais funkcijomis, tokiomis kaip skaitmeninis ekranas ir Tipo-C \u012fkrovimo jungtis, jis yra puikus pasirinkimas tiek pradedantiesiems, tiek patyrusiems garintojams.<\/p>","protected":false},"excerpt":{"rendered":"<p>iJoy Bar IC8000 Einweg-Vape-Ger\u00e4t: Produktbeschreibung: Der iJoy Bar IC8000 ist ein innovatives Einweg-Vape-Ger\u00e4t, das speziell entwickelt wurde, um bis zu 8000 Z\u00fcge zu bieten. Dieses Ger\u00e4t zeichnet sich durch ein kompaktes Design und ein 0,58-Zoll-Display aus, das die verbleibende Saftlebensdauer sowie die Akkulaufzeit anzeigt. Mit einem eingebauten 650-mAh-Akku und einer Ausgangsleistung von 11 W sorgt [&hellip;]<\/p>","protected":false},"featured_media":12118,"template":"","meta":{"inline_featured_image":false},"product_cat":[15,78,754,745,742,748,744,755,738,751],"product_tag":[683],"tiered_pricing_type":"fixed","tiered_pricing_fixed_rules":[],"tiered_pricing_percentage_rules":[],"tiered_pricing_minimum":1,"_administrator_tiered_pricing_type":"fixed","_administrator_tiered_pricing_fixed_rules":[],"_editor_tiered_pricing_type":"fixed","_editor_tiered_pricing_fixed_rules":[],"_author_tiered_pricing_type":"fixed","_author_tiered_pricing_fixed_rules":[],"_contributor_tiered_pricing_type":"fixed","_contributor_tiered_pricing_fixed_rules":[],"_subscriber_tiered_pricing_type":"fixed","_subscriber_tiered_pricing_fixed_rules":[],"_customer_tiered_pricing_type":"fixed","_customer_tiered_pricing_fixed_rules":[],"_shop_manager_tiered_pricing_type":"fixed","_shop_manager_tiered_pricing_fixed_rules":[],"_wpseo_manager_tiered_pricing_type":"fixed","_wpseo_manager_tiered_pricing_fixed_rules":[],"_wpseo_editor_tiered_pricing_type":"fixed","_wpseo_editor_tiered_pricing_fixed_rules":[],"_wholesale_customer_tiered_pricing_type":"fixed","_wholesale_customer_tiered_pricing_fixed_rules":[],"_marketer_tiered_pricing_type":"fixed","_marketer_tiered_pricing_fixed_rules":[],"_sales_manager_tiered_pricing_type":"fixed","_sales_manager_tiered_pricing_fixed_rules":[],"_sales_rep_tiered_pricing_type":"fixed","_sales_rep_tiered_pricing_fixed_rules":[],"yoast_head":"<!-- This site is optimized with the Yoast SEO plugin v23.3 - https:\/\/yoast.com\/wordpress\/plugins\/seo\/ -->\n<title>iJoy Bar IC8000 elektronische Einweg-zigarette mit 8000 Z\u00fcgen | ElementVape.de<\/title>\n<meta name=\"description\" content=\"Wir bieten iJoy Bar IC8000 elektronische Einweg-zigarette mit 8000 Z\u00fcgen , Elementvape.de akzeptieren Gro\u00df-und Einzelhandel Bestellungen.\" \/>\n<meta name=\"robots\" content=\"index, follow, max-snippet:-1, max-image-preview:large, max-video-preview:-1\" \/>\n<link rel=\"canonical\" href=\"https:\/\/www.elementvape.de\/lt\/produkt\/ijoy-bar-ic8000-elektronische-einweg-zigarette-mit-8000-zuegen\/\" \/>\n<meta property=\"og:locale\" content=\"lt_LT\" \/>\n<meta property=\"og:type\" content=\"article\" \/>\n<meta property=\"og:title\" content=\"iJoy Bar IC8000 elektronische Einweg-zigarette mit 8000 Z\u00fcgen | ElementVape.de\" \/>\n<meta property=\"og:description\" content=\"Wir bieten iJoy Bar IC8000 elektronische Einweg-zigarette mit 8000 Z\u00fcgen , Elementvape.de akzeptieren Gro\u00df-und Einzelhandel Bestellungen.\" \/>\n<meta property=\"og:url\" content=\"https:\/\/www.elementvape.de\/lt\/produkt\/ijoy-bar-ic8000-elektronische-einweg-zigarette-mit-8000-zuegen\/\" \/>\n<meta property=\"og:site_name\" content=\"ElementVape.de\" \/>\n<meta property=\"article:modified_time\" content=\"2024-09-12T10:36:09+00:00\" \/>\n<meta property=\"og:image\" content=\"https:\/\/www.elementvape.de\/wp-content\/uploads\/2024\/06\/IJOY-Bar-IC8000-Disposable-Vape-_16.jpg\" \/>\n\t<meta property=\"og:image:width\" content=\"800\" \/>\n\t<meta property=\"og:image:height\" content=\"800\" \/>\n\t<meta property=\"og:image:type\" content=\"image\/jpeg\" \/>\n<meta name=\"twitter:card\" content=\"summary_large_image\" \/>\n<meta name=\"twitter:label1\" content=\"Est. reading time\" \/>\n\t<meta name=\"twitter:data1\" content=\"2 minut\u0117s\" \/>\n<script type=\"application\/ld+json\" class=\"yoast-schema-graph\">{\"@context\":\"https:\/\/schema.org\",\"@graph\":[{\"@type\":\"WebPage\",\"@id\":\"https:\/\/www.elementvape.de\/es\/produkt\/ijoy-bar-ic8000-elektronische-einweg-zigarette-mit-8000-zuegen\/\",\"url\":\"https:\/\/www.elementvape.de\/es\/produkt\/ijoy-bar-ic8000-elektronische-einweg-zigarette-mit-8000-zuegen\/\",\"name\":\"iJoy Bar IC8000 elektronische Einweg-zigarette mit 8000 Z\u00fcgen | ElementVape.de\",\"isPartOf\":{\"@id\":\"https:\/\/www.elementvape.de\/#website\"},\"primaryImageOfPage\":{\"@id\":\"https:\/\/www.elementvape.de\/es\/produkt\/ijoy-bar-ic8000-elektronische-einweg-zigarette-mit-8000-zuegen\/#primaryimage\"},\"image\":{\"@id\":\"https:\/\/www.elementvape.de\/es\/produkt\/ijoy-bar-ic8000-elektronische-einweg-zigarette-mit-8000-zuegen\/#primaryimage\"},\"thumbnailUrl\":\"https:\/\/www.elementvape.de\/wp-content\/uploads\/2024\/06\/IJOY-Bar-IC8000-Disposable-Vape-_16.jpg\",\"datePublished\":\"2024-06-11T07:50:48+00:00\",\"dateModified\":\"2024-09-12T10:36:09+00:00\",\"description\":\"Wir bieten iJoy Bar IC8000 elektronische Einweg-zigarette mit 8000 Z\u00fcgen , Elementvape.de akzeptieren Gro\u00df-und Einzelhandel Bestellungen.\",\"breadcrumb\":{\"@id\":\"https:\/\/www.elementvape.de\/es\/produkt\/ijoy-bar-ic8000-elektronische-einweg-zigarette-mit-8000-zuegen\/#breadcrumb\"},\"inLanguage\":\"lt-LT\",\"potentialAction\":[{\"@type\":\"ReadAction\",\"target\":[\"https:\/\/www.elementvape.de\/es\/produkt\/ijoy-bar-ic8000-elektronische-einweg-zigarette-mit-8000-zuegen\/\"]}]},{\"@type\":\"ImageObject\",\"inLanguage\":\"lt-LT\",\"@id\":\"https:\/\/www.elementvape.de\/es\/produkt\/ijoy-bar-ic8000-elektronische-einweg-zigarette-mit-8000-zuegen\/#primaryimage\",\"url\":\"https:\/\/www.elementvape.de\/wp-content\/uploads\/2024\/06\/IJOY-Bar-IC8000-Disposable-Vape-_16.jpg\",\"contentUrl\":\"https:\/\/www.elementvape.de\/wp-content\/uploads\/2024\/06\/IJOY-Bar-IC8000-Disposable-Vape-_16.jpg\",\"width\":800,\"height\":800,\"caption\":\"IJOY-Bar-IC8000-Disposable-Vape-_16\"},{\"@type\":\"BreadcrumbList\",\"@id\":\"https:\/\/www.elementvape.de\/es\/produkt\/ijoy-bar-ic8000-elektronische-einweg-zigarette-mit-8000-zuegen\/#breadcrumb\",\"itemListElement\":[{\"@type\":\"ListItem\",\"position\":1,\"name\":\"Home\",\"item\":\"https:\/\/www.elementvape.de\/\"},{\"@type\":\"ListItem\",\"position\":2,\"name\":\"Shop\",\"item\":\"https:\/\/www.elementvape.de\/shop\/\"},{\"@type\":\"ListItem\",\"position\":3,\"name\":\"iJoy Bar IC8000 elektronische Einweg-zigarette mit 8000 Z\u00fcgen\"}]},{\"@type\":\"WebSite\",\"@id\":\"https:\/\/www.elementvape.de\/#website\",\"url\":\"https:\/\/www.elementvape.de\/\",\"name\":\"ElementVape.de\",\"description\":\"\",\"publisher\":{\"@id\":\"https:\/\/www.elementvape.de\/#organization\"},\"potentialAction\":[{\"@type\":\"SearchAction\",\"target\":{\"@type\":\"EntryPoint\",\"urlTemplate\":\"https:\/\/www.elementvape.de\/?s={search_term_string}\"},\"query-input\":\"required name=search_term_string\"}],\"inLanguage\":\"lt-LT\"},{\"@type\":\"Organization\",\"@id\":\"https:\/\/www.elementvape.de\/#organization\",\"name\":\"ElementVape.DE\",\"url\":\"https:\/\/www.elementvape.de\/\",\"logo\":{\"@type\":\"ImageObject\",\"inLanguage\":\"lt-LT\",\"@id\":\"https:\/\/www.elementvape.de\/#\/schema\/logo\/image\/\",\"url\":\"https:\/\/www.elementvape.de\/wp-content\/uploads\/2024\/09\/cropped-1elementvape-3.png\",\"contentUrl\":\"https:\/\/www.elementvape.de\/wp-content\/uploads\/2024\/09\/cropped-1elementvape-3.png\",\"width\":285,\"height\":228,\"caption\":\"ElementVape.DE\"},\"image\":{\"@id\":\"https:\/\/www.elementvape.de\/#\/schema\/logo\/image\/\"}}]}<\/script>\n<!-- \/ Yoast SEO plugin. -->","yoast_head_json":{"title":"iJoy Bar IC8000 elektronische Einweg-zigarette mit 8000 Z\u00fcgen | ElementVape.de","description":"Wir bieten iJoy Bar IC8000 elektronische Einweg-zigarette mit 8000 Z\u00fcgen , Elementvape.de akzeptieren Gro\u00df-und Einzelhandel Bestellungen.","robots":{"index":"index","follow":"follow","max-snippet":"max-snippet:-1","max-image-preview":"max-image-preview:large","max-video-preview":"max-video-preview:-1"},"canonical":"https:\/\/www.elementvape.de\/lt\/produkt\/ijoy-bar-ic8000-elektronische-einweg-zigarette-mit-8000-zuegen\/","og_locale":"lt_LT","og_type":"article","og_title":"iJoy Bar IC8000 elektronische Einweg-zigarette mit 8000 Z\u00fcgen | ElementVape.de","og_description":"Wir bieten iJoy Bar IC8000 elektronische Einweg-zigarette mit 8000 Z\u00fcgen , Elementvape.de akzeptieren Gro\u00df-und Einzelhandel Bestellungen.","og_url":"https:\/\/www.elementvape.de\/lt\/produkt\/ijoy-bar-ic8000-elektronische-einweg-zigarette-mit-8000-zuegen\/","og_site_name":"ElementVape.de","article_modified_time":"2024-09-12T10:36:09+00:00","og_image":[{"width":800,"height":800,"url":"https:\/\/www.elementvape.de\/wp-content\/uploads\/2024\/06\/IJOY-Bar-IC8000-Disposable-Vape-_16.jpg","type":"image\/jpeg"}],"twitter_card":"summary_large_image","twitter_misc":{"Est. reading time":"2 minut\u0117s"},"schema":{"@context":"https:\/\/schema.org","@graph":[{"@type":"WebPage","@id":"https:\/\/www.elementvape.de\/es\/produkt\/ijoy-bar-ic8000-elektronische-einweg-zigarette-mit-8000-zuegen\/","url":"https:\/\/www.elementvape.de\/es\/produkt\/ijoy-bar-ic8000-elektronische-einweg-zigarette-mit-8000-zuegen\/","name":"iJoy Bar IC8000 elektronische Einweg-zigarette mit 8000 Z\u00fcgen | ElementVape.de","isPartOf":{"@id":"https:\/\/www.elementvape.de\/#website"},"primaryImageOfPage":{"@id":"https:\/\/www.elementvape.de\/es\/produkt\/ijoy-bar-ic8000-elektronische-einweg-zigarette-mit-8000-zuegen\/#primaryimage"},"image":{"@id":"https:\/\/www.elementvape.de\/es\/produkt\/ijoy-bar-ic8000-elektronische-einweg-zigarette-mit-8000-zuegen\/#primaryimage"},"thumbnailUrl":"https:\/\/www.elementvape.de\/wp-content\/uploads\/2024\/06\/IJOY-Bar-IC8000-Disposable-Vape-_16.jpg","datePublished":"2024-06-11T07:50:48+00:00","dateModified":"2024-09-12T10:36:09+00:00","description":"Wir bieten iJoy Bar IC8000 elektronische Einweg-zigarette mit 8000 Z\u00fcgen , Elementvape.de akzeptieren Gro\u00df-und Einzelhandel Bestellungen.","breadcrumb":{"@id":"https:\/\/www.elementvape.de\/es\/produkt\/ijoy-bar-ic8000-elektronische-einweg-zigarette-mit-8000-zuegen\/#breadcrumb"},"inLanguage":"lt-LT","potentialAction":[{"@type":"ReadAction","target":["https:\/\/www.elementvape.de\/es\/produkt\/ijoy-bar-ic8000-elektronische-einweg-zigarette-mit-8000-zuegen\/"]}]},{"@type":"ImageObject","inLanguage":"lt-LT","@id":"https:\/\/www.elementvape.de\/es\/produkt\/ijoy-bar-ic8000-elektronische-einweg-zigarette-mit-8000-zuegen\/#primaryimage","url":"https:\/\/www.elementvape.de\/wp-content\/uploads\/2024\/06\/IJOY-Bar-IC8000-Disposable-Vape-_16.jpg","contentUrl":"https:\/\/www.elementvape.de\/wp-content\/uploads\/2024\/06\/IJOY-Bar-IC8000-Disposable-Vape-_16.jpg","width":800,"height":800,"caption":"IJOY-Bar-IC8000-Disposable-Vape-_16"},{"@type":"BreadcrumbList","@id":"https:\/\/www.elementvape.de\/es\/produkt\/ijoy-bar-ic8000-elektronische-einweg-zigarette-mit-8000-zuegen\/#breadcrumb","itemListElement":[{"@type":"ListItem","position":1,"name":"Home","item":"https:\/\/www.elementvape.de\/"},{"@type":"ListItem","position":2,"name":"Shop","item":"https:\/\/www.elementvape.de\/shop\/"},{"@type":"ListItem","position":3,"name":"iJoy Bar IC8000 elektronische Einweg-zigarette mit 8000 Z\u00fcgen"}]},{"@type":"WebSite","@id":"https:\/\/www.elementvape.de\/#website","url":"https:\/\/www.elementvape.de\/","name":"ElementVape.de","description":"","publisher":{"@id":"https:\/\/www.elementvape.de\/#organization"},"potentialAction":[{"@type":"SearchAction","target":{"@type":"EntryPoint","urlTemplate":"https:\/\/www.elementvape.de\/?s={search_term_string}"},"query-input":"required name=search_term_string"}],"inLanguage":"lt-LT"},{"@type":"Organization","@id":"https:\/\/www.elementvape.de\/#organization","name":"ElementVape.DE","url":"https:\/\/www.elementvape.de\/","logo":{"@type":"ImageObject","inLanguage":"lt-LT","@id":"https:\/\/www.elementvape.de\/#\/schema\/logo\/image\/","url":"https:\/\/www.elementvape.de\/wp-content\/uploads\/2024\/09\/cropped-1elementvape-3.png","contentUrl":"https:\/\/www.elementvape.de\/wp-content\/uploads\/2024\/09\/cropped-1elementvape-3.png","width":285,"height":228,"caption":"ElementVape.DE"},"image":{"@id":"https:\/\/www.elementvape.de\/#\/schema\/logo\/image\/"}}]}},"_links":{"self":[{"href":"https:\/\/www.elementvape.de\/lt\/wp-json\/wp\/v2\/product\/12117"}],"collection":[{"href":"https:\/\/www.elementvape.de\/lt\/wp-json\/wp\/v2\/product"}],"about":[{"href":"https:\/\/www.elementvape.de\/lt\/wp-json\/wp\/v2\/types\/product"}],"wp:featuredmedia":[{"embeddable":true,"href":"https:\/\/www.elementvape.de\/lt\/wp-json\/wp\/v2\/media\/12118"}],"wp:attachment":[{"href":"https:\/\/www.elementvape.de\/lt\/wp-json\/wp\/v2\/media?parent=12117"}],"wp:term":[{"taxonomy":"product_cat","embeddable":true,"href":"https:\/\/www.elementvape.de\/lt\/wp-json\/wp\/v2\/product_cat?post=12117"},{"taxonomy":"product_tag","embeddable":true,"href":"https:\/\/www.elementvape.de\/lt\/wp-json\/wp\/v2\/product_tag?post=12117"}],"curies":[{"name":"wp","href":"https:\/\/api.w.org\/{rel}","templated":true}]}}