{"id":11993,"date":"2024-06-08T02:04:09","date_gmt":"2024-06-08T02:04:09","guid":{"rendered":"https:\/\/www.elementvape.de\/?post_type=product&#038;p=11993"},"modified":"2024-09-26T07:06:06","modified_gmt":"2024-09-26T07:06:06","slug":"vaporesso-xros-cube-pod-kit","status":"publish","type":"product","link":"https:\/\/www.elementvape.de\/lt\/produkt\/vaporesso-xros-cube-pod-kit\/","title":{"rendered":"Vaporesso XROS CUBE Pod Rinkinys"},"content":{"rendered":"<div class=\"flex-shrink-0 flex flex-col relative items-end\">\n<div>\n<div class=\"pt-0.5 juice:pt-0\">\n<div class=\"gizmo-bot-avatar flex h-6 w-6 items-center justify-center overflow-hidden rounded-full juice:h-8 juice:w-8\">\n<div class=\"relative p-1 rounded-sm flex items-center justify-center bg-token-main-surface-primary text-token-text-primary h-8 w-8\"><\/div>\n<\/div>\n<\/div>\n<\/div>\n<\/div>\n<div class=\"group\/conversation-turn relative flex w-full min-w-0 flex-col agent-turn\">\n<div class=\"flex-col gap-1 md:gap-3\">\n<div class=\"flex flex-grow flex-col max-w-full\">\n<div class=\"min-h-[20px] text-message flex flex-col items-start whitespace-pre-wrap break-words [.text-message+&amp;]:mt-5 juice:w-full juice:items-end overflow-x-auto gap-2\" dir=\"auto\" data-message-author-role=\"assistant\" data-message-id=\"522ff108-7083-4e1f-ae41-92e9a85d07ee\">\n<div class=\"flex w-full flex-col gap-1 juice:empty:hidden juice:first:pt-[3px]\">\n<div class=\"markdown prose w-full break-words dark:prose-invert light\">\n<p>Tai <strong>Vaporesso XROS CUBE Pod Rinkinys<\/strong> yra pa\u017eangusi garinimo sistema, sukurta siekiant suteikti intensyvi\u0105 skonio patirt\u012f ir patikim\u0105 veikim\u0105.<\/p>\n<h2>Vaporesso XROS CUBE Pod Rinkinio funkcijos:<\/h2>\n<ul>\n<li><strong>Neprilygstamas skonio tikslumas<\/strong>: D\u0117l inovatyvios technologijos rinkinys suteikia tiksli\u0105 ir intensyvi\u0105 skonio patirt\u012f.<\/li>\n<li><strong>Ilgiau veikianti galia<\/strong>: 900 mAh akumuliatoriaus talpa leid\u017eia ilgiau garinti be da\u017en\u0173 \u012fkrovim\u0173.<\/li>\n<li><strong>Tiksli oro srauto valdymas<\/strong>: Galite tiksliai reguliuoti oro sraut\u0105, kad pritaikytum\u0117te garinimo patirt\u012f pagal savo pageidavimus.<\/li>\n<li><strong>Suderinamumas su XROS-Podais<\/strong>: Rinkinys suderinamas su \u012fvairiais XROS-Podais, kurie si\u016blo skirtingus var\u017eos lygius (0,6\/0,7\/0,8\/1,0\/1,2 \u03a9).<\/li>\n<li><strong>Kompakti\u0161kas dizainas<\/strong>: D\u0117l kompakti\u0161ko ir ne\u0161iojamo dizaino rinkinys yra idealus kelion\u0117ms.<\/li>\n<li><strong>Tipo-C \u012fkrovimas<\/strong>: Greitas ir efektyvus \u012fkrovimas su prid\u0117tu Tipo-C kabeliu.<\/li>\n<\/ul>\n<h3>Techniniai parametrai:<\/h3>\n<ul>\n<li><strong>Matmenys<\/strong>: 27,8 x 24,9 x 72 mm<\/li>\n<li><strong>Pod talpa<\/strong>: 2 ml<\/li>\n<li><strong>Var\u017ea<\/strong>: 0,8 \u03a9 ir 1,2 \u03a9<\/li>\n<li><strong>Akumuliatoriaus talpa<\/strong>: 900 mAh<\/li>\n<li><strong>\u012ekrovimas<\/strong>: Tipo C, 1 A<\/li>\n<\/ul>\n<h3>Vaporesso XROS CUBE pakuot\u0117s turinys:<\/h3>\n<ul>\n<li><strong>1 x XROS CUBE akumuliatorius<\/strong>: Pagrindinis \u012frenginys su 900 mAh baterija.<\/li>\n<li><strong>1 x XROS serijos 0,8 \u03a9 MESH podas<\/strong>: I\u0161 anksto \u012fmontuotas pod intensyviam skonio patyrimui.<\/li>\n<li><strong>1 x XROS serijos 1,2 \u03a9 MESH podas<\/strong>: papildomas pod\u0117lis d\u0117\u017eut\u0117je alternatyvioms garo galimyb\u0117ms.<\/li>\n<li><strong>1 x Tipo-C \u012fkroviklis<\/strong>: Greitam ir patogiam \u012fkrovimui.<\/li>\n<li><strong>1 x Ne\u0161iojimo dir\u017eas<\/strong>: Paprastam \u012frenginio perve\u017eimui.<\/li>\n<li><strong>1 x naudotojo vadovas ir garantijos kortel\u0117<\/strong>: Detalios instrukcijos ir garantijos informacija.<\/li>\n<\/ul>\n<p>\u0160is <strong><a href=\"https:\/\/www.elementvape.de\/lt\/c\/pod\/\">Pod rinkinys<\/a><\/strong> si\u016blo tiek pradedantiesiems, tiek patyrusiems garintojams \u012fvairiapus\u0119 ir patikim\u0105 galimyb\u0119 m\u0117gautis <strong><a href=\"https:\/\/www.elementvape.de\/lt\/\">Garinim\u0105<\/a><\/strong> Dizaino tikslumas ir auk\u0161tos kokyb\u0117s med\u017eiagos u\u017etikrina auk\u0161tos kokyb\u0117s garinimo patirt\u012f, kuri ilgai i\u0161lieka.<\/p>\n<\/div>\n<\/div>\n<\/div>\n<\/div>\n<\/div>\n<\/div>","protected":false},"excerpt":{"rendered":"<p>Das Vaporesso XROS CUBE Pod Kit ist ein fortschrittliches Dampfsystem, das entwickelt wurde, um ein intensives Geschmackserlebnis und eine zuverl\u00e4ssige Leistung zu bieten. Funktionen des Vaporesso XROS CUBE Pod Kits: Beispiellose Geschmacksgenauigkeit: Dank der innovativen Technik liefert das Kit einen pr\u00e4zisen und intensiven Geschmack. L\u00e4nger anhaltende Leistung: Die Akkukapazit\u00e4t von 900 mAh sorgt daf\u00fcr, dass [&hellip;]<\/p>","protected":false},"featured_media":12002,"template":"","meta":{"inline_featured_image":false},"product_cat":[78,754,745,742,748,744,755,738,751,76],"product_tag":[],"tiered_pricing_type":"fixed","tiered_pricing_fixed_rules":[],"tiered_pricing_percentage_rules":[],"tiered_pricing_minimum":1,"_administrator_tiered_pricing_type":"fixed","_administrator_tiered_pricing_fixed_rules":[],"_editor_tiered_pricing_type":"fixed","_editor_tiered_pricing_fixed_rules":[],"_author_tiered_pricing_type":"fixed","_author_tiered_pricing_fixed_rules":[],"_contributor_tiered_pricing_type":"fixed","_contributor_tiered_pricing_fixed_rules":[],"_subscriber_tiered_pricing_type":"fixed","_subscriber_tiered_pricing_fixed_rules":[],"_customer_tiered_pricing_type":"fixed","_customer_tiered_pricing_fixed_rules":[],"_shop_manager_tiered_pricing_type":"fixed","_shop_manager_tiered_pricing_fixed_rules":[],"_wpseo_manager_tiered_pricing_type":"fixed","_wpseo_manager_tiered_pricing_fixed_rules":[],"_wpseo_editor_tiered_pricing_type":"fixed","_wpseo_editor_tiered_pricing_fixed_rules":[],"_wholesale_customer_tiered_pricing_type":"fixed","_wholesale_customer_tiered_pricing_fixed_rules":[],"_marketer_tiered_pricing_type":"fixed","_marketer_tiered_pricing_fixed_rules":[],"_sales_manager_tiered_pricing_type":"fixed","_sales_manager_tiered_pricing_fixed_rules":[],"_sales_rep_tiered_pricing_type":"fixed","_sales_rep_tiered_pricing_fixed_rules":[],"yoast_head":"<!-- This site is optimized with the Yoast SEO plugin v23.3 - https:\/\/yoast.com\/wordpress\/plugins\/seo\/ -->\n<title>Vaporesso XROS CUBE Pod-Kit | ElementVape.de<\/title>\n<meta name=\"description\" content=\"Wir bieten Vaporesso XROS CUBE Pod-Kit , Elementvape.de akzeptieren Gro\u00df-und Einzelhandel Bestellungen.\" \/>\n<meta name=\"robots\" content=\"index, follow, max-snippet:-1, max-image-preview:large, max-video-preview:-1\" \/>\n<link rel=\"canonical\" href=\"https:\/\/www.elementvape.de\/lt\/produkt\/vaporesso-xros-cube-pod-kit\/\" \/>\n<meta property=\"og:locale\" content=\"lt_LT\" \/>\n<meta property=\"og:type\" content=\"article\" \/>\n<meta property=\"og:title\" content=\"Vaporesso XROS CUBE Pod-Kit | ElementVape.de\" \/>\n<meta property=\"og:description\" content=\"Wir bieten Vaporesso XROS CUBE Pod-Kit , Elementvape.de akzeptieren Gro\u00df-und Einzelhandel Bestellungen.\" \/>\n<meta property=\"og:url\" content=\"https:\/\/www.elementvape.de\/lt\/produkt\/vaporesso-xros-cube-pod-kit\/\" \/>\n<meta property=\"og:site_name\" content=\"ElementVape.de\" \/>\n<meta property=\"article:modified_time\" content=\"2024-09-26T07:06:06+00:00\" \/>\n<meta property=\"og:image\" content=\"https:\/\/www.elementvape.de\/wp-content\/uploads\/2024\/06\/VAPORESSO-XROS-CUBE-Pod-Kit-2.webp\" \/>\n\t<meta property=\"og:image:width\" content=\"800\" \/>\n\t<meta property=\"og:image:height\" content=\"800\" \/>\n\t<meta property=\"og:image:type\" content=\"image\/webp\" \/>\n<meta name=\"twitter:card\" content=\"summary_large_image\" \/>\n<meta name=\"twitter:label1\" content=\"Est. reading time\" \/>\n\t<meta name=\"twitter:data1\" content=\"2 minut\u0117s\" \/>\n<script type=\"application\/ld+json\" class=\"yoast-schema-graph\">{\"@context\":\"https:\/\/schema.org\",\"@graph\":[{\"@type\":\"WebPage\",\"@id\":\"https:\/\/www.elementvape.de\/produkt\/vaporesso-xros-cube-pod-kit\/\",\"url\":\"https:\/\/www.elementvape.de\/produkt\/vaporesso-xros-cube-pod-kit\/\",\"name\":\"Vaporesso XROS CUBE Pod-Kit | ElementVape.de\",\"isPartOf\":{\"@id\":\"https:\/\/www.elementvape.de\/#website\"},\"primaryImageOfPage\":{\"@id\":\"https:\/\/www.elementvape.de\/produkt\/vaporesso-xros-cube-pod-kit\/#primaryimage\"},\"image\":{\"@id\":\"https:\/\/www.elementvape.de\/produkt\/vaporesso-xros-cube-pod-kit\/#primaryimage\"},\"thumbnailUrl\":\"https:\/\/www.elementvape.de\/wp-content\/uploads\/2024\/06\/VAPORESSO-XROS-CUBE-Pod-Kit-2.webp\",\"datePublished\":\"2024-06-08T02:04:09+00:00\",\"dateModified\":\"2024-09-26T07:06:06+00:00\",\"description\":\"Wir bieten Vaporesso XROS CUBE Pod-Kit , Elementvape.de akzeptieren Gro\u00df-und Einzelhandel Bestellungen.\",\"breadcrumb\":{\"@id\":\"https:\/\/www.elementvape.de\/produkt\/vaporesso-xros-cube-pod-kit\/#breadcrumb\"},\"inLanguage\":\"lt-LT\",\"potentialAction\":[{\"@type\":\"ReadAction\",\"target\":[\"https:\/\/www.elementvape.de\/produkt\/vaporesso-xros-cube-pod-kit\/\"]}]},{\"@type\":\"ImageObject\",\"inLanguage\":\"lt-LT\",\"@id\":\"https:\/\/www.elementvape.de\/produkt\/vaporesso-xros-cube-pod-kit\/#primaryimage\",\"url\":\"https:\/\/www.elementvape.de\/wp-content\/uploads\/2024\/06\/VAPORESSO-XROS-CUBE-Pod-Kit-2.webp\",\"contentUrl\":\"https:\/\/www.elementvape.de\/wp-content\/uploads\/2024\/06\/VAPORESSO-XROS-CUBE-Pod-Kit-2.webp\",\"width\":800,\"height\":800,\"caption\":\"VAPORESSO-XROS-CUBE-Pod-Kit-2\"},{\"@type\":\"BreadcrumbList\",\"@id\":\"https:\/\/www.elementvape.de\/produkt\/vaporesso-xros-cube-pod-kit\/#breadcrumb\",\"itemListElement\":[{\"@type\":\"ListItem\",\"position\":1,\"name\":\"Home\",\"item\":\"https:\/\/www.elementvape.de\/\"},{\"@type\":\"ListItem\",\"position\":2,\"name\":\"Shop\",\"item\":\"https:\/\/www.elementvape.de\/shop\/\"},{\"@type\":\"ListItem\",\"position\":3,\"name\":\"Vaporesso XROS CUBE Pod-Kit\"}]},{\"@type\":\"WebSite\",\"@id\":\"https:\/\/www.elementvape.de\/#website\",\"url\":\"https:\/\/www.elementvape.de\/\",\"name\":\"ElementVape.de\",\"description\":\"\",\"publisher\":{\"@id\":\"https:\/\/www.elementvape.de\/#organization\"},\"potentialAction\":[{\"@type\":\"SearchAction\",\"target\":{\"@type\":\"EntryPoint\",\"urlTemplate\":\"https:\/\/www.elementvape.de\/?s={search_term_string}\"},\"query-input\":\"required name=search_term_string\"}],\"inLanguage\":\"lt-LT\"},{\"@type\":\"Organization\",\"@id\":\"https:\/\/www.elementvape.de\/#organization\",\"name\":\"ElementVape.DE\",\"url\":\"https:\/\/www.elementvape.de\/\",\"logo\":{\"@type\":\"ImageObject\",\"inLanguage\":\"lt-LT\",\"@id\":\"https:\/\/www.elementvape.de\/#\/schema\/logo\/image\/\",\"url\":\"https:\/\/www.elementvape.de\/wp-content\/uploads\/2024\/09\/cropped-1elementvape-3.png\",\"contentUrl\":\"https:\/\/www.elementvape.de\/wp-content\/uploads\/2024\/09\/cropped-1elementvape-3.png\",\"width\":285,\"height\":228,\"caption\":\"ElementVape.DE\"},\"image\":{\"@id\":\"https:\/\/www.elementvape.de\/#\/schema\/logo\/image\/\"}}]}<\/script>\n<!-- \/ Yoast SEO plugin. -->","yoast_head_json":{"title":"Vaporesso XROS CUBE Pod-Kit | ElementVape.de","description":"Wir bieten Vaporesso XROS CUBE Pod-Kit , Elementvape.de akzeptieren Gro\u00df-und Einzelhandel Bestellungen.","robots":{"index":"index","follow":"follow","max-snippet":"max-snippet:-1","max-image-preview":"max-image-preview:large","max-video-preview":"max-video-preview:-1"},"canonical":"https:\/\/www.elementvape.de\/lt\/produkt\/vaporesso-xros-cube-pod-kit\/","og_locale":"lt_LT","og_type":"article","og_title":"Vaporesso XROS CUBE Pod-Kit | ElementVape.de","og_description":"Wir bieten Vaporesso XROS CUBE Pod-Kit , Elementvape.de akzeptieren Gro\u00df-und Einzelhandel Bestellungen.","og_url":"https:\/\/www.elementvape.de\/lt\/produkt\/vaporesso-xros-cube-pod-kit\/","og_site_name":"ElementVape.de","article_modified_time":"2024-09-26T07:06:06+00:00","og_image":[{"width":800,"height":800,"url":"https:\/\/www.elementvape.de\/wp-content\/uploads\/2024\/06\/VAPORESSO-XROS-CUBE-Pod-Kit-2.webp","type":"image\/webp"}],"twitter_card":"summary_large_image","twitter_misc":{"Est. reading time":"2 minut\u0117s"},"schema":{"@context":"https:\/\/schema.org","@graph":[{"@type":"WebPage","@id":"https:\/\/www.elementvape.de\/produkt\/vaporesso-xros-cube-pod-kit\/","url":"https:\/\/www.elementvape.de\/produkt\/vaporesso-xros-cube-pod-kit\/","name":"Vaporesso XROS CUBE Pod-Kit | ElementVape.de","isPartOf":{"@id":"https:\/\/www.elementvape.de\/#website"},"primaryImageOfPage":{"@id":"https:\/\/www.elementvape.de\/produkt\/vaporesso-xros-cube-pod-kit\/#primaryimage"},"image":{"@id":"https:\/\/www.elementvape.de\/produkt\/vaporesso-xros-cube-pod-kit\/#primaryimage"},"thumbnailUrl":"https:\/\/www.elementvape.de\/wp-content\/uploads\/2024\/06\/VAPORESSO-XROS-CUBE-Pod-Kit-2.webp","datePublished":"2024-06-08T02:04:09+00:00","dateModified":"2024-09-26T07:06:06+00:00","description":"Wir bieten Vaporesso XROS CUBE Pod-Kit , Elementvape.de akzeptieren Gro\u00df-und Einzelhandel Bestellungen.","breadcrumb":{"@id":"https:\/\/www.elementvape.de\/produkt\/vaporesso-xros-cube-pod-kit\/#breadcrumb"},"inLanguage":"lt-LT","potentialAction":[{"@type":"ReadAction","target":["https:\/\/www.elementvape.de\/produkt\/vaporesso-xros-cube-pod-kit\/"]}]},{"@type":"ImageObject","inLanguage":"lt-LT","@id":"https:\/\/www.elementvape.de\/produkt\/vaporesso-xros-cube-pod-kit\/#primaryimage","url":"https:\/\/www.elementvape.de\/wp-content\/uploads\/2024\/06\/VAPORESSO-XROS-CUBE-Pod-Kit-2.webp","contentUrl":"https:\/\/www.elementvape.de\/wp-content\/uploads\/2024\/06\/VAPORESSO-XROS-CUBE-Pod-Kit-2.webp","width":800,"height":800,"caption":"VAPORESSO-XROS-CUBE-Pod-Kit-2"},{"@type":"BreadcrumbList","@id":"https:\/\/www.elementvape.de\/produkt\/vaporesso-xros-cube-pod-kit\/#breadcrumb","itemListElement":[{"@type":"ListItem","position":1,"name":"Home","item":"https:\/\/www.elementvape.de\/"},{"@type":"ListItem","position":2,"name":"Shop","item":"https:\/\/www.elementvape.de\/shop\/"},{"@type":"ListItem","position":3,"name":"Vaporesso XROS CUBE Pod-Kit"}]},{"@type":"WebSite","@id":"https:\/\/www.elementvape.de\/#website","url":"https:\/\/www.elementvape.de\/","name":"ElementVape.de","description":"","publisher":{"@id":"https:\/\/www.elementvape.de\/#organization"},"potentialAction":[{"@type":"SearchAction","target":{"@type":"EntryPoint","urlTemplate":"https:\/\/www.elementvape.de\/?s={search_term_string}"},"query-input":"required name=search_term_string"}],"inLanguage":"lt-LT"},{"@type":"Organization","@id":"https:\/\/www.elementvape.de\/#organization","name":"ElementVape.DE","url":"https:\/\/www.elementvape.de\/","logo":{"@type":"ImageObject","inLanguage":"lt-LT","@id":"https:\/\/www.elementvape.de\/#\/schema\/logo\/image\/","url":"https:\/\/www.elementvape.de\/wp-content\/uploads\/2024\/09\/cropped-1elementvape-3.png","contentUrl":"https:\/\/www.elementvape.de\/wp-content\/uploads\/2024\/09\/cropped-1elementvape-3.png","width":285,"height":228,"caption":"ElementVape.DE"},"image":{"@id":"https:\/\/www.elementvape.de\/#\/schema\/logo\/image\/"}}]}},"_links":{"self":[{"href":"https:\/\/www.elementvape.de\/lt\/wp-json\/wp\/v2\/product\/11993"}],"collection":[{"href":"https:\/\/www.elementvape.de\/lt\/wp-json\/wp\/v2\/product"}],"about":[{"href":"https:\/\/www.elementvape.de\/lt\/wp-json\/wp\/v2\/types\/product"}],"wp:featuredmedia":[{"embeddable":true,"href":"https:\/\/www.elementvape.de\/lt\/wp-json\/wp\/v2\/media\/12002"}],"wp:attachment":[{"href":"https:\/\/www.elementvape.de\/lt\/wp-json\/wp\/v2\/media?parent=11993"}],"wp:term":[{"taxonomy":"product_cat","embeddable":true,"href":"https:\/\/www.elementvape.de\/lt\/wp-json\/wp\/v2\/product_cat?post=11993"},{"taxonomy":"product_tag","embeddable":true,"href":"https:\/\/www.elementvape.de\/lt\/wp-json\/wp\/v2\/product_tag?post=11993"}],"curies":[{"name":"wp","href":"https:\/\/api.w.org\/{rel}","templated":true}]}}