{"id":11924,"date":"2024-06-07T09:54:38","date_gmt":"2024-06-07T09:54:38","guid":{"rendered":"https:\/\/www.elementvape.de\/?post_type=product&#038;p=11924"},"modified":"2024-09-12T10:36:16","modified_gmt":"2024-09-12T10:36:16","slug":"randm-tornado-8000-kaufen-einweg-e-zigaretten-8000-zuege","status":"publish","type":"product","link":"https:\/\/www.elementvape.de\/lt\/produkt\/randm-tornado-8000-kaufen-einweg-e-zigaretten-8000-zuege\/","title":{"rendered":"Pirkti RandM Tornado 8000 vienkartines e-cigaretes 8000 \u012ftraukim\u0173"},"content":{"rendered":"<h2>Rango RMTornado 8000 ypatyb\u0117s:<\/h2>\n<ul>\n<li><strong>Nikotino kiekis<\/strong>: Prieinama 0%, 2%, 3% ir 5% nikotino druskos versijose.<\/li>\n<li><strong>E-liquido talpa<\/strong>: 16 ml.<\/li>\n<li><strong>Oro srauto kontrol\u0117<\/strong>: Leid\u017eia reguliuoti oro sraut\u0105 pagal asmeninius pageidavimus.<\/li>\n<li><strong>Tinklelio rit\u0117s baterija<\/strong>: U\u017etikrina tolyg\u0173 ir intensyv\u0173 gar\u0173 gamyb\u0105.<\/li>\n<li><strong>\u012ekraunamas akumuliatorius<\/strong>: \u012emontuotas 850-mAh akumuliatorius su Tipo-C jungtimi apatin\u0117je \u012frenginio dalyje.<\/li>\n<li><strong>\u012ejungimai<\/strong>: Pateikia iki 8000 \u012fkv\u0117pim\u0173 vienam \u012frenginiui.<\/li>\n<li><strong>Pakuot\u0117<\/strong>: 10 vienet\u0173 ekrane, 240 vienet\u0173 d\u0117\u017eut\u0117je.<\/li>\n<\/ul>\n<h2>Galimos skoni\u0173 r\u016b\u0161ys:<\/h2>\n<ol>\n<li>Laukinis ledas<\/li>\n<li>M\u0117lynas Razz Ledas<\/li>\n<li>Bra\u0161k\u0117s arb\u016bzas<\/li>\n<li>Bra\u0161ki\u0173 limonadasas<\/li>\n<li>R\u016bg\u0161tus obuolys<\/li>\n<li>Vatos obuolys<\/li>\n<li>Skittles saldainiai<\/li>\n<li>Gumin\u0117s saldainiai<\/li>\n<li>Vynuogi\u0173 apelsinas<\/li>\n<li>Medus meliono ledas<\/li>\n<li>Meliono ledas<\/li>\n<li>Raudonasis obuolys-melionas<\/li>\n<li>Granat\u0173 ledas<\/li>\n<li>Banano ledas<\/li>\n<li>M\u0117lyni\u0173 ledas<\/li>\n<li>\u0160altas M\u0117ntas<\/li>\n<li>Bra\u0161k\u0117-Kiwi<\/li>\n<li>Persiko mang\u0173<\/li>\n<li>Pina Colada<\/li>\n<li>Vy\u0161ni\u0173 Lychees<\/li>\n<li>M\u0117lyni\u0173 kramtomoji guma<\/li>\n<li>Vandensmelionas<\/li>\n<li>M\u0117lyni\u0173 r\u016bg\u0161tusis aviet\u0117<\/li>\n<li>Vynuogi\u0173 ledas<\/li>\n<li>M\u0117lyni\u0173 granatas<\/li>\n<li>Ponas M\u0117lynasis<\/li>\n<li>M\u0117lyni\u0173 aviet\u0117<\/li>\n<li>Bra\u0161ki\u0173 ledas<\/li>\n<li>Vy\u0161nini\u0173 kolos ledas<\/li>\n<li>Red Bull<\/li>\n<li>Ro\u017ein\u0117 Lemonaad\u0105<\/li>\n<\/ol>\n<h3>Produkto apra\u0161ymas:<\/h3>\n<ul>\n<li><strong>Pakuot\u0117s turinys<\/strong>: 1 x RandM Tornado 8000 vienkartinis vape, suteikia 8000 \u012fkv\u0117pim\u0173.<\/li>\n<\/ul>\n<p>\u0160is \u012frenginys si\u016blo \u012fvairi\u0173 skoni\u0173 ir funkcij\u0173, kad atitikt\u0173 skirting\u0173 vaperi\u0173 poreikius. \u012ekraunama funkcija ir didelis nikotino stiprumo bei skoni\u0173 pasirinkimas daro RandM Tornado 8000 lankst\u0173 ir patog\u0173 naudoti variant\u0105 vaperiams.<\/p>","protected":false},"excerpt":{"rendered":"<p>Merkmale des RandM Tornado 8000: Nikotingehalt: Verf\u00fcgbar in 0%, 2%, 3% und 5% Nikotinsalz. E-Liquid Kapazit\u00e4t: 16 ml. Luftstromkontrolle: Erm\u00f6glicht die Anpassung des Luftstroms nach den pers\u00f6nlichen Vorlieben. Mesh-Spulenbatterie: Sorgt f\u00fcr gleichm\u00e4\u00dfige und intensive Dampfproduktion. Wiederaufladbarer Akku: Eingebauter 850-mAh-Akku mit Typ-C-Anschluss an der Unterseite des Ger\u00e4ts. Z\u00fcge: Bietet bis zu 8000 Z\u00fcge pro Ger\u00e4t. Verpackung: [&hellip;]<\/p>","protected":false},"featured_media":11925,"template":"","meta":{"inline_featured_image":false},"product_cat":[78,754,745,742,748,744,755,738,751],"product_tag":[683],"tiered_pricing_type":"fixed","tiered_pricing_fixed_rules":[],"tiered_pricing_percentage_rules":[],"tiered_pricing_minimum":1,"_administrator_tiered_pricing_type":"fixed","_administrator_tiered_pricing_fixed_rules":[],"_editor_tiered_pricing_type":"fixed","_editor_tiered_pricing_fixed_rules":[],"_author_tiered_pricing_type":"fixed","_author_tiered_pricing_fixed_rules":[],"_contributor_tiered_pricing_type":"fixed","_contributor_tiered_pricing_fixed_rules":[],"_subscriber_tiered_pricing_type":"fixed","_subscriber_tiered_pricing_fixed_rules":[],"_customer_tiered_pricing_type":"fixed","_customer_tiered_pricing_fixed_rules":[],"_shop_manager_tiered_pricing_type":"fixed","_shop_manager_tiered_pricing_fixed_rules":[],"_wpseo_manager_tiered_pricing_type":"fixed","_wpseo_manager_tiered_pricing_fixed_rules":[],"_wpseo_editor_tiered_pricing_type":"fixed","_wpseo_editor_tiered_pricing_fixed_rules":[],"_wholesale_customer_tiered_pricing_type":"fixed","_wholesale_customer_tiered_pricing_fixed_rules":[],"_marketer_tiered_pricing_type":"fixed","_marketer_tiered_pricing_fixed_rules":[],"_sales_manager_tiered_pricing_type":"fixed","_sales_manager_tiered_pricing_fixed_rules":[],"_sales_rep_tiered_pricing_type":"fixed","_sales_rep_tiered_pricing_fixed_rules":[],"yoast_head":"<!-- This site is optimized with the Yoast SEO plugin v23.3 - https:\/\/yoast.com\/wordpress\/plugins\/seo\/ -->\n<title>RandM Tornado 8000 Kaufen Einweg-E-Zigaretten 8000 Z\u00fcge | ElementVape.de<\/title>\n<meta name=\"description\" content=\"Wir bieten RandM Tornado 8000 Kaufen Einweg-E-Zigaretten 8000 Z\u00fcge , Elementvape.de akzeptieren Gro\u00df-und Einzelhandel Bestellungen.\" \/>\n<meta name=\"robots\" content=\"index, follow, max-snippet:-1, max-image-preview:large, max-video-preview:-1\" \/>\n<link rel=\"canonical\" href=\"https:\/\/www.elementvape.de\/lt\/produkt\/randm-tornado-8000-kaufen-einweg-e-zigaretten-8000-zuege\/\" \/>\n<meta property=\"og:locale\" content=\"lt_LT\" \/>\n<meta property=\"og:type\" content=\"article\" \/>\n<meta property=\"og:title\" content=\"RandM Tornado 8000 Kaufen Einweg-E-Zigaretten 8000 Z\u00fcge | ElementVape.de\" \/>\n<meta property=\"og:description\" content=\"Wir bieten RandM Tornado 8000 Kaufen Einweg-E-Zigaretten 8000 Z\u00fcge , Elementvape.de akzeptieren Gro\u00df-und Einzelhandel Bestellungen.\" \/>\n<meta property=\"og:url\" content=\"https:\/\/www.elementvape.de\/lt\/produkt\/randm-tornado-8000-kaufen-einweg-e-zigaretten-8000-zuege\/\" \/>\n<meta property=\"og:site_name\" content=\"ElementVape.de\" \/>\n<meta property=\"article:modified_time\" content=\"2024-09-12T10:36:16+00:00\" \/>\n<meta property=\"og:image\" content=\"https:\/\/www.elementvape.de\/wp-content\/uploads\/2024\/06\/RANDMTORNADO8000AIRFLOWCONTROLDISPOSABLEVAPE_2.webp\" \/>\n\t<meta property=\"og:image:width\" content=\"800\" \/>\n\t<meta property=\"og:image:height\" content=\"800\" \/>\n\t<meta property=\"og:image:type\" content=\"image\/webp\" \/>\n<meta name=\"twitter:card\" content=\"summary_large_image\" \/>\n<meta name=\"twitter:label1\" content=\"Est. reading time\" \/>\n\t<meta name=\"twitter:data1\" content=\"2 minut\u0117s\" \/>\n<script type=\"application\/ld+json\" class=\"yoast-schema-graph\">{\"@context\":\"https:\/\/schema.org\",\"@graph\":[{\"@type\":\"WebPage\",\"@id\":\"https:\/\/www.elementvape.de\/da\/produkt\/randm-tornado-8000-kaufen-einweg-e-zigaretten-8000-zuege\/\",\"url\":\"https:\/\/www.elementvape.de\/da\/produkt\/randm-tornado-8000-kaufen-einweg-e-zigaretten-8000-zuege\/\",\"name\":\"RandM Tornado 8000 Kaufen Einweg-E-Zigaretten 8000 Z\u00fcge | ElementVape.de\",\"isPartOf\":{\"@id\":\"https:\/\/www.elementvape.de\/#website\"},\"primaryImageOfPage\":{\"@id\":\"https:\/\/www.elementvape.de\/da\/produkt\/randm-tornado-8000-kaufen-einweg-e-zigaretten-8000-zuege\/#primaryimage\"},\"image\":{\"@id\":\"https:\/\/www.elementvape.de\/da\/produkt\/randm-tornado-8000-kaufen-einweg-e-zigaretten-8000-zuege\/#primaryimage\"},\"thumbnailUrl\":\"https:\/\/www.elementvape.de\/wp-content\/uploads\/2024\/06\/RANDMTORNADO8000AIRFLOWCONTROLDISPOSABLEVAPE_2.webp\",\"datePublished\":\"2024-06-07T09:54:38+00:00\",\"dateModified\":\"2024-09-12T10:36:16+00:00\",\"description\":\"Wir bieten RandM Tornado 8000 Kaufen Einweg-E-Zigaretten 8000 Z\u00fcge , Elementvape.de akzeptieren Gro\u00df-und Einzelhandel Bestellungen.\",\"breadcrumb\":{\"@id\":\"https:\/\/www.elementvape.de\/da\/produkt\/randm-tornado-8000-kaufen-einweg-e-zigaretten-8000-zuege\/#breadcrumb\"},\"inLanguage\":\"lt-LT\",\"potentialAction\":[{\"@type\":\"ReadAction\",\"target\":[\"https:\/\/www.elementvape.de\/da\/produkt\/randm-tornado-8000-kaufen-einweg-e-zigaretten-8000-zuege\/\"]}]},{\"@type\":\"ImageObject\",\"inLanguage\":\"lt-LT\",\"@id\":\"https:\/\/www.elementvape.de\/da\/produkt\/randm-tornado-8000-kaufen-einweg-e-zigaretten-8000-zuege\/#primaryimage\",\"url\":\"https:\/\/www.elementvape.de\/wp-content\/uploads\/2024\/06\/RANDMTORNADO8000AIRFLOWCONTROLDISPOSABLEVAPE_2.webp\",\"contentUrl\":\"https:\/\/www.elementvape.de\/wp-content\/uploads\/2024\/06\/RANDMTORNADO8000AIRFLOWCONTROLDISPOSABLEVAPE_2.webp\",\"width\":800,\"height\":800,\"caption\":\"RANDMTORNADO8000AIRFLOWCONTROLDISPOSABLEVAPE_2\"},{\"@type\":\"BreadcrumbList\",\"@id\":\"https:\/\/www.elementvape.de\/da\/produkt\/randm-tornado-8000-kaufen-einweg-e-zigaretten-8000-zuege\/#breadcrumb\",\"itemListElement\":[{\"@type\":\"ListItem\",\"position\":1,\"name\":\"Home\",\"item\":\"https:\/\/www.elementvape.de\/\"},{\"@type\":\"ListItem\",\"position\":2,\"name\":\"Shop\",\"item\":\"https:\/\/www.elementvape.de\/shop\/\"},{\"@type\":\"ListItem\",\"position\":3,\"name\":\"RandM Tornado 8000 Kaufen Einweg-E-Zigaretten 8000 Z\u00fcge\"}]},{\"@type\":\"WebSite\",\"@id\":\"https:\/\/www.elementvape.de\/#website\",\"url\":\"https:\/\/www.elementvape.de\/\",\"name\":\"ElementVape.de\",\"description\":\"\",\"publisher\":{\"@id\":\"https:\/\/www.elementvape.de\/#organization\"},\"potentialAction\":[{\"@type\":\"SearchAction\",\"target\":{\"@type\":\"EntryPoint\",\"urlTemplate\":\"https:\/\/www.elementvape.de\/?s={search_term_string}\"},\"query-input\":\"required name=search_term_string\"}],\"inLanguage\":\"lt-LT\"},{\"@type\":\"Organization\",\"@id\":\"https:\/\/www.elementvape.de\/#organization\",\"name\":\"ElementVape.DE\",\"url\":\"https:\/\/www.elementvape.de\/\",\"logo\":{\"@type\":\"ImageObject\",\"inLanguage\":\"lt-LT\",\"@id\":\"https:\/\/www.elementvape.de\/#\/schema\/logo\/image\/\",\"url\":\"https:\/\/www.elementvape.de\/wp-content\/uploads\/2024\/09\/cropped-1elementvape-3.png\",\"contentUrl\":\"https:\/\/www.elementvape.de\/wp-content\/uploads\/2024\/09\/cropped-1elementvape-3.png\",\"width\":285,\"height\":228,\"caption\":\"ElementVape.DE\"},\"image\":{\"@id\":\"https:\/\/www.elementvape.de\/#\/schema\/logo\/image\/\"}}]}<\/script>\n<!-- \/ Yoast SEO plugin. -->","yoast_head_json":{"title":"RandM Tornado 8000 Kaufen Einweg-E-Zigaretten 8000 Z\u00fcge | ElementVape.de","description":"Wir bieten RandM Tornado 8000 Kaufen Einweg-E-Zigaretten 8000 Z\u00fcge , Elementvape.de akzeptieren Gro\u00df-und Einzelhandel Bestellungen.","robots":{"index":"index","follow":"follow","max-snippet":"max-snippet:-1","max-image-preview":"max-image-preview:large","max-video-preview":"max-video-preview:-1"},"canonical":"https:\/\/www.elementvape.de\/lt\/produkt\/randm-tornado-8000-kaufen-einweg-e-zigaretten-8000-zuege\/","og_locale":"lt_LT","og_type":"article","og_title":"RandM Tornado 8000 Kaufen Einweg-E-Zigaretten 8000 Z\u00fcge | ElementVape.de","og_description":"Wir bieten RandM Tornado 8000 Kaufen Einweg-E-Zigaretten 8000 Z\u00fcge , Elementvape.de akzeptieren Gro\u00df-und Einzelhandel Bestellungen.","og_url":"https:\/\/www.elementvape.de\/lt\/produkt\/randm-tornado-8000-kaufen-einweg-e-zigaretten-8000-zuege\/","og_site_name":"ElementVape.de","article_modified_time":"2024-09-12T10:36:16+00:00","og_image":[{"width":800,"height":800,"url":"https:\/\/www.elementvape.de\/wp-content\/uploads\/2024\/06\/RANDMTORNADO8000AIRFLOWCONTROLDISPOSABLEVAPE_2.webp","type":"image\/webp"}],"twitter_card":"summary_large_image","twitter_misc":{"Est. reading time":"2 minut\u0117s"},"schema":{"@context":"https:\/\/schema.org","@graph":[{"@type":"WebPage","@id":"https:\/\/www.elementvape.de\/da\/produkt\/randm-tornado-8000-kaufen-einweg-e-zigaretten-8000-zuege\/","url":"https:\/\/www.elementvape.de\/da\/produkt\/randm-tornado-8000-kaufen-einweg-e-zigaretten-8000-zuege\/","name":"RandM Tornado 8000 Kaufen Einweg-E-Zigaretten 8000 Z\u00fcge | ElementVape.de","isPartOf":{"@id":"https:\/\/www.elementvape.de\/#website"},"primaryImageOfPage":{"@id":"https:\/\/www.elementvape.de\/da\/produkt\/randm-tornado-8000-kaufen-einweg-e-zigaretten-8000-zuege\/#primaryimage"},"image":{"@id":"https:\/\/www.elementvape.de\/da\/produkt\/randm-tornado-8000-kaufen-einweg-e-zigaretten-8000-zuege\/#primaryimage"},"thumbnailUrl":"https:\/\/www.elementvape.de\/wp-content\/uploads\/2024\/06\/RANDMTORNADO8000AIRFLOWCONTROLDISPOSABLEVAPE_2.webp","datePublished":"2024-06-07T09:54:38+00:00","dateModified":"2024-09-12T10:36:16+00:00","description":"Wir bieten RandM Tornado 8000 Kaufen Einweg-E-Zigaretten 8000 Z\u00fcge , Elementvape.de akzeptieren Gro\u00df-und Einzelhandel Bestellungen.","breadcrumb":{"@id":"https:\/\/www.elementvape.de\/da\/produkt\/randm-tornado-8000-kaufen-einweg-e-zigaretten-8000-zuege\/#breadcrumb"},"inLanguage":"lt-LT","potentialAction":[{"@type":"ReadAction","target":["https:\/\/www.elementvape.de\/da\/produkt\/randm-tornado-8000-kaufen-einweg-e-zigaretten-8000-zuege\/"]}]},{"@type":"ImageObject","inLanguage":"lt-LT","@id":"https:\/\/www.elementvape.de\/da\/produkt\/randm-tornado-8000-kaufen-einweg-e-zigaretten-8000-zuege\/#primaryimage","url":"https:\/\/www.elementvape.de\/wp-content\/uploads\/2024\/06\/RANDMTORNADO8000AIRFLOWCONTROLDISPOSABLEVAPE_2.webp","contentUrl":"https:\/\/www.elementvape.de\/wp-content\/uploads\/2024\/06\/RANDMTORNADO8000AIRFLOWCONTROLDISPOSABLEVAPE_2.webp","width":800,"height":800,"caption":"RANDMTORNADO8000AIRFLOWCONTROLDISPOSABLEVAPE_2"},{"@type":"BreadcrumbList","@id":"https:\/\/www.elementvape.de\/da\/produkt\/randm-tornado-8000-kaufen-einweg-e-zigaretten-8000-zuege\/#breadcrumb","itemListElement":[{"@type":"ListItem","position":1,"name":"Home","item":"https:\/\/www.elementvape.de\/"},{"@type":"ListItem","position":2,"name":"Shop","item":"https:\/\/www.elementvape.de\/shop\/"},{"@type":"ListItem","position":3,"name":"RandM Tornado 8000 Kaufen Einweg-E-Zigaretten 8000 Z\u00fcge"}]},{"@type":"WebSite","@id":"https:\/\/www.elementvape.de\/#website","url":"https:\/\/www.elementvape.de\/","name":"ElementVape.de","description":"","publisher":{"@id":"https:\/\/www.elementvape.de\/#organization"},"potentialAction":[{"@type":"SearchAction","target":{"@type":"EntryPoint","urlTemplate":"https:\/\/www.elementvape.de\/?s={search_term_string}"},"query-input":"required name=search_term_string"}],"inLanguage":"lt-LT"},{"@type":"Organization","@id":"https:\/\/www.elementvape.de\/#organization","name":"ElementVape.DE","url":"https:\/\/www.elementvape.de\/","logo":{"@type":"ImageObject","inLanguage":"lt-LT","@id":"https:\/\/www.elementvape.de\/#\/schema\/logo\/image\/","url":"https:\/\/www.elementvape.de\/wp-content\/uploads\/2024\/09\/cropped-1elementvape-3.png","contentUrl":"https:\/\/www.elementvape.de\/wp-content\/uploads\/2024\/09\/cropped-1elementvape-3.png","width":285,"height":228,"caption":"ElementVape.DE"},"image":{"@id":"https:\/\/www.elementvape.de\/#\/schema\/logo\/image\/"}}]}},"_links":{"self":[{"href":"https:\/\/www.elementvape.de\/lt\/wp-json\/wp\/v2\/product\/11924"}],"collection":[{"href":"https:\/\/www.elementvape.de\/lt\/wp-json\/wp\/v2\/product"}],"about":[{"href":"https:\/\/www.elementvape.de\/lt\/wp-json\/wp\/v2\/types\/product"}],"wp:featuredmedia":[{"embeddable":true,"href":"https:\/\/www.elementvape.de\/lt\/wp-json\/wp\/v2\/media\/11925"}],"wp:attachment":[{"href":"https:\/\/www.elementvape.de\/lt\/wp-json\/wp\/v2\/media?parent=11924"}],"wp:term":[{"taxonomy":"product_cat","embeddable":true,"href":"https:\/\/www.elementvape.de\/lt\/wp-json\/wp\/v2\/product_cat?post=11924"},{"taxonomy":"product_tag","embeddable":true,"href":"https:\/\/www.elementvape.de\/lt\/wp-json\/wp\/v2\/product_tag?post=11924"}],"curies":[{"name":"wp","href":"https:\/\/api.w.org\/{rel}","templated":true}]}}