{"id":11840,"date":"2024-06-07T08:44:56","date_gmt":"2024-06-07T08:44:56","guid":{"rendered":"https:\/\/www.elementvape.de\/?post_type=product&#038;p=11840"},"modified":"2024-09-12T10:36:20","modified_gmt":"2024-09-12T10:36:20","slug":"randm-plus-einweg-e-zigarette-kaufen-800-zuege","status":"publish","type":"product","link":"https:\/\/www.elementvape.de\/lt\/produkt\/randm-plus-einweg-e-zigarette-kaufen-800-zuege\/","title":{"rendered":"RandM Plus vienkartin\u0117 E-cigaret\u0117 Pirkti 800 \u012fkv\u0117pim\u0173"},"content":{"rendered":"<h2>RandM Plus produkto apra\u0161ymas<\/h2>\n<p><strong>Elementvape<\/strong> yra vienas did\u017eiausi\u0173 didmenini\u0173 prekybinink\u0173 elektronini\u0173 cigare\u010di\u0173 pasaulyje. Perkant RandM Plus Vape dideliais kiekiais internetu <strong>Elementvape<\/strong>.<\/p>\n<p><strong>RandM Plus<\/strong> yra vienkartinis Vape \u012frenginys su populiariu juodu dizainu. Jame yra 3,2 ml E-skys\u010dio su 0\/2\/3\/5 % nikotino ir jis leid\u017eia iki 800 \u012fkv\u0117pim\u0173.<\/p>\n<h3>RandM Plus vienkartinio Vape savyb\u0117s:<\/h3>\n<ul>\n<li><strong>Nikotino pasirinkimai<\/strong>: 0 %, 2 %, 3 % ir 5 % nikotino druska<\/li>\n<li><strong>Talpa<\/strong>: 3,2 ml E-skys\u010dio<\/li>\n<li><strong>\u012ejungimai<\/strong>: Iki 800 \u012fkv\u0117pim\u0173 kiekvienam \u012frenginiui<\/li>\n<li><strong>Aktyvavimas<\/strong>: Veikia traukiant aktyvuojam\u0105 u\u017edegimo mechanizm\u0105<\/li>\n<li><strong>Skoniai<\/strong>: 10 skoni\u0173 pasirinkimo<\/li>\n<li><strong>\u012erenginio tipas<\/strong>: Vienkartinis \u012frenginys (ne\u012fkraunamas ir nenuimamasis)<\/li>\n<li><strong>Pakuot\u0117<\/strong>: 10 vienet\u0173 d\u0117\u017eut\u0117je, 400 vienet\u0173 d\u0117\u017e\u0117je<\/li>\n<\/ul>\n<h4>Galimos skoni\u0173 r\u016b\u0161ys:<\/h4>\n<ol>\n<li>M\u0117lynas Razz Ledas<\/li>\n<li>Mi\u0161rios uogos<\/li>\n<li>Laukinis ledas<\/li>\n<li>Banano pienas<\/li>\n<li>\u0160altas M\u0117ntas<\/li>\n<li>Vaivoryk\u0161t\u0117s saldainis<\/li>\n<li>Gumin\u0117 me\u0161ka<\/li>\n<li>Aloe Vynuog\u0117<\/li>\n<li>Bra\u0161k\u0117 arb\u016bzas<\/li>\n<li>Bra\u0161k\u0117 Banana<\/li>\n<\/ol>\n<h4>Produkto apra\u0161ymas:<\/h4>\n<ul>\n<li><strong>Vnt<\/strong>: 1 x RandM Plus vienkartinis Vape su 800 \u012fkv\u0117pim\u0173<\/li>\n<\/ul>","protected":false},"excerpt":{"rendered":"<p>RandM Plus Produktbeschreibung Elementvape ist einer der gr\u00f6\u00dften Gro\u00dfh\u00e4ndler f\u00fcr E-Zigaretten weltweit. Kaufen Sie RandM Plus Vape in gro\u00dfen Mengen online bei Elementvape. RandM Plus ist ein Einweg-Vape-Ger\u00e4t mit einem beliebten schwarzen Design. Es enth\u00e4lt 3,2 ml E-Liquid mit 0\/2\/3\/5 % Nikotin und erm\u00f6glicht bis zu 800 Z\u00fcge. Merkmale des RandM Plus Disposable Vape: Nikotinoptionen: [&hellip;]<\/p>","protected":false},"featured_media":11841,"template":"","meta":{"inline_featured_image":false},"product_cat":[78,754,745,742,748,744,755,738,751],"product_tag":[682],"tiered_pricing_type":"fixed","tiered_pricing_fixed_rules":[],"tiered_pricing_percentage_rules":[],"tiered_pricing_minimum":1,"_administrator_tiered_pricing_type":"fixed","_administrator_tiered_pricing_fixed_rules":[],"_editor_tiered_pricing_type":"fixed","_editor_tiered_pricing_fixed_rules":[],"_author_tiered_pricing_type":"fixed","_author_tiered_pricing_fixed_rules":[],"_contributor_tiered_pricing_type":"fixed","_contributor_tiered_pricing_fixed_rules":[],"_subscriber_tiered_pricing_type":"fixed","_subscriber_tiered_pricing_fixed_rules":[],"_customer_tiered_pricing_type":"fixed","_customer_tiered_pricing_fixed_rules":[],"_shop_manager_tiered_pricing_type":"fixed","_shop_manager_tiered_pricing_fixed_rules":[],"_wpseo_manager_tiered_pricing_type":"fixed","_wpseo_manager_tiered_pricing_fixed_rules":[],"_wpseo_editor_tiered_pricing_type":"fixed","_wpseo_editor_tiered_pricing_fixed_rules":[],"_wholesale_customer_tiered_pricing_type":"fixed","_wholesale_customer_tiered_pricing_fixed_rules":[],"_marketer_tiered_pricing_type":"fixed","_marketer_tiered_pricing_fixed_rules":[],"_sales_manager_tiered_pricing_type":"fixed","_sales_manager_tiered_pricing_fixed_rules":[],"_sales_rep_tiered_pricing_type":"fixed","_sales_rep_tiered_pricing_fixed_rules":[],"yoast_head":"<!-- This site is optimized with the Yoast SEO plugin v23.3 - https:\/\/yoast.com\/wordpress\/plugins\/seo\/ -->\n<title>RandM Plus Einweg- E-Zigarette Kaufen 800 Z\u00fcge | ElementVape.de<\/title>\n<meta name=\"description\" content=\"Wir bieten RandM Plus Einweg- E-Zigarette Kaufen 800 Z\u00fcge , Elementvape.de akzeptieren Gro\u00df-und Einzelhandel Bestellungen.\" \/>\n<meta name=\"robots\" content=\"index, follow, max-snippet:-1, max-image-preview:large, max-video-preview:-1\" \/>\n<link rel=\"canonical\" href=\"https:\/\/www.elementvape.de\/lt\/produkt\/randm-plus-einweg-e-zigarette-kaufen-800-zuege\/\" \/>\n<meta property=\"og:locale\" content=\"lt_LT\" \/>\n<meta property=\"og:type\" content=\"article\" \/>\n<meta property=\"og:title\" content=\"RandM Plus Einweg- E-Zigarette Kaufen 800 Z\u00fcge | ElementVape.de\" \/>\n<meta property=\"og:description\" content=\"Wir bieten RandM Plus Einweg- E-Zigarette Kaufen 800 Z\u00fcge , Elementvape.de akzeptieren Gro\u00df-und Einzelhandel Bestellungen.\" \/>\n<meta property=\"og:url\" content=\"https:\/\/www.elementvape.de\/lt\/produkt\/randm-plus-einweg-e-zigarette-kaufen-800-zuege\/\" \/>\n<meta property=\"og:site_name\" content=\"ElementVape.de\" \/>\n<meta property=\"article:modified_time\" content=\"2024-09-12T10:36:20+00:00\" \/>\n<meta property=\"og:image\" content=\"https:\/\/www.elementvape.de\/wp-content\/uploads\/2024\/06\/RandMPlusDisposableVape800Puffs_1.webp\" \/>\n\t<meta property=\"og:image:width\" content=\"800\" \/>\n\t<meta property=\"og:image:height\" content=\"800\" \/>\n\t<meta property=\"og:image:type\" content=\"image\/webp\" \/>\n<meta name=\"twitter:card\" content=\"summary_large_image\" \/>\n<meta name=\"twitter:label1\" content=\"Est. reading time\" \/>\n\t<meta name=\"twitter:data1\" content=\"1 minut\u0117\" \/>\n<script type=\"application\/ld+json\" class=\"yoast-schema-graph\">{\"@context\":\"https:\/\/schema.org\",\"@graph\":[{\"@type\":\"WebPage\",\"@id\":\"https:\/\/www.elementvape.de\/produkt\/randm-plus-einweg-e-zigarette-kaufen-800-zuege\/\",\"url\":\"https:\/\/www.elementvape.de\/produkt\/randm-plus-einweg-e-zigarette-kaufen-800-zuege\/\",\"name\":\"RandM Plus Einweg- E-Zigarette Kaufen 800 Z\u00fcge | ElementVape.de\",\"isPartOf\":{\"@id\":\"https:\/\/www.elementvape.de\/#website\"},\"primaryImageOfPage\":{\"@id\":\"https:\/\/www.elementvape.de\/produkt\/randm-plus-einweg-e-zigarette-kaufen-800-zuege\/#primaryimage\"},\"image\":{\"@id\":\"https:\/\/www.elementvape.de\/produkt\/randm-plus-einweg-e-zigarette-kaufen-800-zuege\/#primaryimage\"},\"thumbnailUrl\":\"https:\/\/www.elementvape.de\/wp-content\/uploads\/2024\/06\/RandMPlusDisposableVape800Puffs_1.webp\",\"datePublished\":\"2024-06-07T08:44:56+00:00\",\"dateModified\":\"2024-09-12T10:36:20+00:00\",\"description\":\"Wir bieten RandM Plus Einweg- E-Zigarette Kaufen 800 Z\u00fcge , Elementvape.de akzeptieren Gro\u00df-und Einzelhandel Bestellungen.\",\"breadcrumb\":{\"@id\":\"https:\/\/www.elementvape.de\/produkt\/randm-plus-einweg-e-zigarette-kaufen-800-zuege\/#breadcrumb\"},\"inLanguage\":\"lt-LT\",\"potentialAction\":[{\"@type\":\"ReadAction\",\"target\":[\"https:\/\/www.elementvape.de\/produkt\/randm-plus-einweg-e-zigarette-kaufen-800-zuege\/\"]}]},{\"@type\":\"ImageObject\",\"inLanguage\":\"lt-LT\",\"@id\":\"https:\/\/www.elementvape.de\/produkt\/randm-plus-einweg-e-zigarette-kaufen-800-zuege\/#primaryimage\",\"url\":\"https:\/\/www.elementvape.de\/wp-content\/uploads\/2024\/06\/RandMPlusDisposableVape800Puffs_1.webp\",\"contentUrl\":\"https:\/\/www.elementvape.de\/wp-content\/uploads\/2024\/06\/RandMPlusDisposableVape800Puffs_1.webp\",\"width\":800,\"height\":800,\"caption\":\"RandMPlusDisposableVape800Puffs_1\"},{\"@type\":\"BreadcrumbList\",\"@id\":\"https:\/\/www.elementvape.de\/produkt\/randm-plus-einweg-e-zigarette-kaufen-800-zuege\/#breadcrumb\",\"itemListElement\":[{\"@type\":\"ListItem\",\"position\":1,\"name\":\"Home\",\"item\":\"https:\/\/www.elementvape.de\/\"},{\"@type\":\"ListItem\",\"position\":2,\"name\":\"Shop\",\"item\":\"https:\/\/www.elementvape.de\/shop\/\"},{\"@type\":\"ListItem\",\"position\":3,\"name\":\"RandM Plus Einweg- E-Zigarette Kaufen 800 Z\u00fcge\"}]},{\"@type\":\"WebSite\",\"@id\":\"https:\/\/www.elementvape.de\/#website\",\"url\":\"https:\/\/www.elementvape.de\/\",\"name\":\"ElementVape.de\",\"description\":\"\",\"publisher\":{\"@id\":\"https:\/\/www.elementvape.de\/#organization\"},\"potentialAction\":[{\"@type\":\"SearchAction\",\"target\":{\"@type\":\"EntryPoint\",\"urlTemplate\":\"https:\/\/www.elementvape.de\/?s={search_term_string}\"},\"query-input\":\"required name=search_term_string\"}],\"inLanguage\":\"lt-LT\"},{\"@type\":\"Organization\",\"@id\":\"https:\/\/www.elementvape.de\/#organization\",\"name\":\"ElementVape.DE\",\"url\":\"https:\/\/www.elementvape.de\/\",\"logo\":{\"@type\":\"ImageObject\",\"inLanguage\":\"lt-LT\",\"@id\":\"https:\/\/www.elementvape.de\/#\/schema\/logo\/image\/\",\"url\":\"https:\/\/www.elementvape.de\/wp-content\/uploads\/2024\/09\/cropped-1elementvape-3.png\",\"contentUrl\":\"https:\/\/www.elementvape.de\/wp-content\/uploads\/2024\/09\/cropped-1elementvape-3.png\",\"width\":285,\"height\":228,\"caption\":\"ElementVape.DE\"},\"image\":{\"@id\":\"https:\/\/www.elementvape.de\/#\/schema\/logo\/image\/\"}}]}<\/script>\n<!-- \/ Yoast SEO plugin. -->","yoast_head_json":{"title":"RandM Plus Einweg- E-Zigarette Kaufen 800 Z\u00fcge | ElementVape.de","description":"Wir bieten RandM Plus Einweg- E-Zigarette Kaufen 800 Z\u00fcge , Elementvape.de akzeptieren Gro\u00df-und Einzelhandel Bestellungen.","robots":{"index":"index","follow":"follow","max-snippet":"max-snippet:-1","max-image-preview":"max-image-preview:large","max-video-preview":"max-video-preview:-1"},"canonical":"https:\/\/www.elementvape.de\/lt\/produkt\/randm-plus-einweg-e-zigarette-kaufen-800-zuege\/","og_locale":"lt_LT","og_type":"article","og_title":"RandM Plus Einweg- E-Zigarette Kaufen 800 Z\u00fcge | ElementVape.de","og_description":"Wir bieten RandM Plus Einweg- E-Zigarette Kaufen 800 Z\u00fcge , Elementvape.de akzeptieren Gro\u00df-und Einzelhandel Bestellungen.","og_url":"https:\/\/www.elementvape.de\/lt\/produkt\/randm-plus-einweg-e-zigarette-kaufen-800-zuege\/","og_site_name":"ElementVape.de","article_modified_time":"2024-09-12T10:36:20+00:00","og_image":[{"width":800,"height":800,"url":"https:\/\/www.elementvape.de\/wp-content\/uploads\/2024\/06\/RandMPlusDisposableVape800Puffs_1.webp","type":"image\/webp"}],"twitter_card":"summary_large_image","twitter_misc":{"Est. reading time":"1 minut\u0117"},"schema":{"@context":"https:\/\/schema.org","@graph":[{"@type":"WebPage","@id":"https:\/\/www.elementvape.de\/produkt\/randm-plus-einweg-e-zigarette-kaufen-800-zuege\/","url":"https:\/\/www.elementvape.de\/produkt\/randm-plus-einweg-e-zigarette-kaufen-800-zuege\/","name":"RandM Plus Einweg- E-Zigarette Kaufen 800 Z\u00fcge | ElementVape.de","isPartOf":{"@id":"https:\/\/www.elementvape.de\/#website"},"primaryImageOfPage":{"@id":"https:\/\/www.elementvape.de\/produkt\/randm-plus-einweg-e-zigarette-kaufen-800-zuege\/#primaryimage"},"image":{"@id":"https:\/\/www.elementvape.de\/produkt\/randm-plus-einweg-e-zigarette-kaufen-800-zuege\/#primaryimage"},"thumbnailUrl":"https:\/\/www.elementvape.de\/wp-content\/uploads\/2024\/06\/RandMPlusDisposableVape800Puffs_1.webp","datePublished":"2024-06-07T08:44:56+00:00","dateModified":"2024-09-12T10:36:20+00:00","description":"Wir bieten RandM Plus Einweg- E-Zigarette Kaufen 800 Z\u00fcge , Elementvape.de akzeptieren Gro\u00df-und Einzelhandel Bestellungen.","breadcrumb":{"@id":"https:\/\/www.elementvape.de\/produkt\/randm-plus-einweg-e-zigarette-kaufen-800-zuege\/#breadcrumb"},"inLanguage":"lt-LT","potentialAction":[{"@type":"ReadAction","target":["https:\/\/www.elementvape.de\/produkt\/randm-plus-einweg-e-zigarette-kaufen-800-zuege\/"]}]},{"@type":"ImageObject","inLanguage":"lt-LT","@id":"https:\/\/www.elementvape.de\/produkt\/randm-plus-einweg-e-zigarette-kaufen-800-zuege\/#primaryimage","url":"https:\/\/www.elementvape.de\/wp-content\/uploads\/2024\/06\/RandMPlusDisposableVape800Puffs_1.webp","contentUrl":"https:\/\/www.elementvape.de\/wp-content\/uploads\/2024\/06\/RandMPlusDisposableVape800Puffs_1.webp","width":800,"height":800,"caption":"RandMPlusDisposableVape800Puffs_1"},{"@type":"BreadcrumbList","@id":"https:\/\/www.elementvape.de\/produkt\/randm-plus-einweg-e-zigarette-kaufen-800-zuege\/#breadcrumb","itemListElement":[{"@type":"ListItem","position":1,"name":"Home","item":"https:\/\/www.elementvape.de\/"},{"@type":"ListItem","position":2,"name":"Shop","item":"https:\/\/www.elementvape.de\/shop\/"},{"@type":"ListItem","position":3,"name":"RandM Plus Einweg- E-Zigarette Kaufen 800 Z\u00fcge"}]},{"@type":"WebSite","@id":"https:\/\/www.elementvape.de\/#website","url":"https:\/\/www.elementvape.de\/","name":"ElementVape.de","description":"","publisher":{"@id":"https:\/\/www.elementvape.de\/#organization"},"potentialAction":[{"@type":"SearchAction","target":{"@type":"EntryPoint","urlTemplate":"https:\/\/www.elementvape.de\/?s={search_term_string}"},"query-input":"required name=search_term_string"}],"inLanguage":"lt-LT"},{"@type":"Organization","@id":"https:\/\/www.elementvape.de\/#organization","name":"ElementVape.DE","url":"https:\/\/www.elementvape.de\/","logo":{"@type":"ImageObject","inLanguage":"lt-LT","@id":"https:\/\/www.elementvape.de\/#\/schema\/logo\/image\/","url":"https:\/\/www.elementvape.de\/wp-content\/uploads\/2024\/09\/cropped-1elementvape-3.png","contentUrl":"https:\/\/www.elementvape.de\/wp-content\/uploads\/2024\/09\/cropped-1elementvape-3.png","width":285,"height":228,"caption":"ElementVape.DE"},"image":{"@id":"https:\/\/www.elementvape.de\/#\/schema\/logo\/image\/"}}]}},"_links":{"self":[{"href":"https:\/\/www.elementvape.de\/lt\/wp-json\/wp\/v2\/product\/11840"}],"collection":[{"href":"https:\/\/www.elementvape.de\/lt\/wp-json\/wp\/v2\/product"}],"about":[{"href":"https:\/\/www.elementvape.de\/lt\/wp-json\/wp\/v2\/types\/product"}],"wp:featuredmedia":[{"embeddable":true,"href":"https:\/\/www.elementvape.de\/lt\/wp-json\/wp\/v2\/media\/11841"}],"wp:attachment":[{"href":"https:\/\/www.elementvape.de\/lt\/wp-json\/wp\/v2\/media?parent=11840"}],"wp:term":[{"taxonomy":"product_cat","embeddable":true,"href":"https:\/\/www.elementvape.de\/lt\/wp-json\/wp\/v2\/product_cat?post=11840"},{"taxonomy":"product_tag","embeddable":true,"href":"https:\/\/www.elementvape.de\/lt\/wp-json\/wp\/v2\/product_tag?post=11840"}],"curies":[{"name":"wp","href":"https:\/\/api.w.org\/{rel}","templated":true}]}}