{"id":11796,"date":"2024-06-07T02:37:00","date_gmt":"2024-06-07T02:37:00","guid":{"rendered":"https:\/\/www.elementvape.de\/?post_type=product&#038;p=11796"},"modified":"2024-09-12T10:36:22","modified_gmt":"2024-09-12T10:36:22","slug":"randm-vbar-800-puffs-leuchtender-einweg-vape","status":"publish","type":"product","link":"https:\/\/www.elementvape.de\/lt\/produkt\/randm-vbar-800-puffs-leuchtender-einweg-vape\/","title":{"rendered":"RandM Vbar 800 P\u016bki \u0161viesus vienkartinis Vape"},"content":{"rendered":"<h2>Produkto apra\u0161ymas: RandM Vbar<\/h2>\n<p>Jis <strong>RandM Vbar<\/strong> yra stilingas <strong><a href=\"https:\/\/www.elementvape.de\/lt\/\">Vienkartin\u0117s elektronin\u0117s cigaret\u0117s<\/a><\/strong> \u012frenginys su spalvingu LED ap\u0161vietimo dizainu, kuris suteikia patraukli\u0105 garinimo patirt\u012f su daugybe skoni\u0173 ir nikotino stiprum\u0173.<\/p>\n<h3>Pagrindin\u0117s savyb\u0117s:<\/h3>\n<ul>\n<li><strong>Nikotino pasirinkimai<\/strong>: Prieinamas 0 %, 2 %, 3 % ir 5 % nikotino druskos variantais.<\/li>\n<li><strong>Talpa<\/strong>: Turi 2 ml E-skys\u010dio.<\/li>\n<li><strong>\u012ejungimai<\/strong>: Si\u016blo bent 800 \u012fkv\u0117pim\u0173 per \u012frengin\u012f.<\/li>\n<li><strong>Ap\u0161vietimas<\/strong>: Apr\u016bpintas RGB ap\u0161vietimu patraukliam vizualiniam patyrimui.<\/li>\n<li><strong>Aktyvavimas<\/strong>: Veikia traukiant \u012fjungt\u0105 u\u017edegimo mechanizm\u0105, u\u017etikrinant paprast\u0105 naudojim\u0105.<\/li>\n<li><strong>Baterija<\/strong>: Integruotas 500mAh akumuliatorius.<\/li>\n<li><strong>Skoniai<\/strong>: Pasi\u016blymas 12 skirting\u0173 skoni\u0173.<\/li>\n<li><strong>Pakuot\u0117<\/strong>: Pardavimas d\u0117\u017eut\u0117se po 10 \u012frengini\u0173 kiekvienoje d\u0117\u017eut\u0117je ir 300 \u012frengini\u0173 d\u0117\u017e\u0117je.<\/li>\n<\/ul>\n<h3>Galimos skoni\u0173 r\u016b\u0161ys:<\/h3>\n<p>1. M\u0117lyni\u0173 Ledas<br \/>\n2. Mango Lichas<br \/>\n3. Bluerazz Medviln\u0117s Vata<br \/>\n4. \u0160altas M\u0117tas<br \/>\n5. Persik\u0173 guava<br \/>\n6. Vynuog\u0117<br \/>\n7. Lush Ice<br \/>\n8. Mi\u0161rios uogos<br \/>\n9. Bra\u0161ki\u0173 arb\u016bzas<br \/>\n10. Druskingas citrinos s\u016bris<br \/>\n11. Persik\u0173 citrina<br \/>\n12. Vynuog\u0117s apelsinas<\/p>\n<h4>Pakavimo detal\u0117s:<\/h4>\n<ul>\n<li><strong>Ekranin\u0117 d\u0117\u017eut\u0117<\/strong>: 10 \u012frengini\u0173 per Displaybox.<\/li>\n<li><strong>Kartonas<\/strong>: 300 \u012frengini\u0173 per karton\u0105.<\/li>\n<\/ul>\n<h4>Produkto apra\u0161ymas:<\/h4>\n<ul>\n<li><strong>Vnt<\/strong>: 1 x RandM Vbar 800 \u012fkv\u0117pim\u0173 \u0161viesus vienkartinis elektroninis cigaretes<\/li>\n<\/ul>\n<p>\u0160is \u012frenginys yra idealus d\u016bmams, kurie ie\u0161ko patogaus, skanaus ir vizualiai patrauklaus d\u016bmavimo patirties su \u012fvairiomis nikotino stiprumo ir skoni\u0173 pasirinktimis. RandM Vbar sujungia funkcionalum\u0105 su stiliumi ir yra puikus pasirinkimas tiek naujokams, tiek patyrusiems <strong><a href=\"https:\/\/www.elementvape.de\/lt\/\">garintojams,<\/a><\/strong>.<\/p>","protected":false},"excerpt":{"rendered":"<p>Produktbeschreibung: RandM Vbar Der RandM Vbar ist ein stilvolles Einweg-E-Zigaretten Ger\u00e4t mit einem farbenfrohen LED-Licht-Design, das ein ansprechendes Dampferlebnis mit einer Vielzahl von Geschmacksrichtungen und Nikotinst\u00e4rken bietet. Hauptmerkmale: Nikotinoptionen: Verf\u00fcgbar in 0 %, 2 %, 3 % und 5 % Nikotinsalz. Fassungsverm\u00f6gen: Enth\u00e4lt 2 ml E-Liquid. Z\u00fcge: Bietet mindestens 800 Z\u00fcge pro Ger\u00e4t. Beleuchtung: Ausgestattet [&hellip;]<\/p>","protected":false},"featured_media":11809,"template":"","meta":{"inline_featured_image":false},"product_cat":[78,754,745,742,748,744,755,738,751],"product_tag":[682],"tiered_pricing_type":"fixed","tiered_pricing_fixed_rules":[],"tiered_pricing_percentage_rules":[],"tiered_pricing_minimum":1,"_administrator_tiered_pricing_type":"fixed","_administrator_tiered_pricing_fixed_rules":[],"_editor_tiered_pricing_type":"fixed","_editor_tiered_pricing_fixed_rules":[],"_author_tiered_pricing_type":"fixed","_author_tiered_pricing_fixed_rules":[],"_contributor_tiered_pricing_type":"fixed","_contributor_tiered_pricing_fixed_rules":[],"_subscriber_tiered_pricing_type":"fixed","_subscriber_tiered_pricing_fixed_rules":[],"_customer_tiered_pricing_type":"fixed","_customer_tiered_pricing_fixed_rules":[],"_shop_manager_tiered_pricing_type":"fixed","_shop_manager_tiered_pricing_fixed_rules":[],"_wpseo_manager_tiered_pricing_type":"fixed","_wpseo_manager_tiered_pricing_fixed_rules":[],"_wpseo_editor_tiered_pricing_type":"fixed","_wpseo_editor_tiered_pricing_fixed_rules":[],"_wholesale_customer_tiered_pricing_type":"fixed","_wholesale_customer_tiered_pricing_fixed_rules":[],"_marketer_tiered_pricing_type":"fixed","_marketer_tiered_pricing_fixed_rules":[],"_sales_manager_tiered_pricing_type":"fixed","_sales_manager_tiered_pricing_fixed_rules":[],"_sales_rep_tiered_pricing_type":"fixed","_sales_rep_tiered_pricing_fixed_rules":[],"yoast_head":"<!-- This site is optimized with the Yoast SEO plugin v23.3 - https:\/\/yoast.com\/wordpress\/plugins\/seo\/ -->\n<title>RandM Vbar 800 Puffs leuchtender Einweg-Vape | ElementVape.de<\/title>\n<meta name=\"description\" content=\"Wir bieten RandM Vbar 800 Puffs leuchtender Einweg-Vape , Elementvape.de akzeptieren Gro\u00df-und Einzelhandel Bestellungen.\" \/>\n<meta name=\"robots\" content=\"index, follow, max-snippet:-1, max-image-preview:large, max-video-preview:-1\" \/>\n<link rel=\"canonical\" href=\"https:\/\/www.elementvape.de\/lt\/produkt\/randm-vbar-800-puffs-leuchtender-einweg-vape\/\" \/>\n<meta property=\"og:locale\" content=\"lt_LT\" \/>\n<meta property=\"og:type\" content=\"article\" \/>\n<meta property=\"og:title\" content=\"RandM Vbar 800 Puffs leuchtender Einweg-Vape | ElementVape.de\" \/>\n<meta property=\"og:description\" content=\"Wir bieten RandM Vbar 800 Puffs leuchtender Einweg-Vape , Elementvape.de akzeptieren Gro\u00df-und Einzelhandel Bestellungen.\" \/>\n<meta property=\"og:url\" content=\"https:\/\/www.elementvape.de\/lt\/produkt\/randm-vbar-800-puffs-leuchtender-einweg-vape\/\" \/>\n<meta property=\"og:site_name\" content=\"ElementVape.de\" \/>\n<meta property=\"article:modified_time\" content=\"2024-09-12T10:36:22+00:00\" \/>\n<meta property=\"og:image\" content=\"https:\/\/www.elementvape.de\/wp-content\/uploads\/2024\/06\/RandMVbar800Puffs_1.webp\" \/>\n\t<meta property=\"og:image:width\" content=\"800\" \/>\n\t<meta property=\"og:image:height\" content=\"800\" \/>\n\t<meta property=\"og:image:type\" content=\"image\/webp\" \/>\n<meta name=\"twitter:card\" content=\"summary_large_image\" \/>\n<meta name=\"twitter:label1\" content=\"Est. reading time\" \/>\n\t<meta name=\"twitter:data1\" content=\"2 minut\u0117s\" \/>\n<script type=\"application\/ld+json\" class=\"yoast-schema-graph\">{\"@context\":\"https:\/\/schema.org\",\"@graph\":[{\"@type\":\"WebPage\",\"@id\":\"https:\/\/www.elementvape.de\/produkt\/randm-vbar-800-puffs-leuchtender-einweg-vape\/\",\"url\":\"https:\/\/www.elementvape.de\/produkt\/randm-vbar-800-puffs-leuchtender-einweg-vape\/\",\"name\":\"RandM Vbar 800 Puffs leuchtender Einweg-Vape | ElementVape.de\",\"isPartOf\":{\"@id\":\"https:\/\/www.elementvape.de\/#website\"},\"primaryImageOfPage\":{\"@id\":\"https:\/\/www.elementvape.de\/produkt\/randm-vbar-800-puffs-leuchtender-einweg-vape\/#primaryimage\"},\"image\":{\"@id\":\"https:\/\/www.elementvape.de\/produkt\/randm-vbar-800-puffs-leuchtender-einweg-vape\/#primaryimage\"},\"thumbnailUrl\":\"https:\/\/www.elementvape.de\/wp-content\/uploads\/2024\/06\/RandMVbar800Puffs_1.webp\",\"datePublished\":\"2024-06-07T02:37:00+00:00\",\"dateModified\":\"2024-09-12T10:36:22+00:00\",\"description\":\"Wir bieten RandM Vbar 800 Puffs leuchtender Einweg-Vape , Elementvape.de akzeptieren Gro\u00df-und Einzelhandel Bestellungen.\",\"breadcrumb\":{\"@id\":\"https:\/\/www.elementvape.de\/produkt\/randm-vbar-800-puffs-leuchtender-einweg-vape\/#breadcrumb\"},\"inLanguage\":\"lt-LT\",\"potentialAction\":[{\"@type\":\"ReadAction\",\"target\":[\"https:\/\/www.elementvape.de\/produkt\/randm-vbar-800-puffs-leuchtender-einweg-vape\/\"]}]},{\"@type\":\"ImageObject\",\"inLanguage\":\"lt-LT\",\"@id\":\"https:\/\/www.elementvape.de\/produkt\/randm-vbar-800-puffs-leuchtender-einweg-vape\/#primaryimage\",\"url\":\"https:\/\/www.elementvape.de\/wp-content\/uploads\/2024\/06\/RandMVbar800Puffs_1.webp\",\"contentUrl\":\"https:\/\/www.elementvape.de\/wp-content\/uploads\/2024\/06\/RandMVbar800Puffs_1.webp\",\"width\":800,\"height\":800,\"caption\":\"RandMVbar800Puffs_1\"},{\"@type\":\"BreadcrumbList\",\"@id\":\"https:\/\/www.elementvape.de\/produkt\/randm-vbar-800-puffs-leuchtender-einweg-vape\/#breadcrumb\",\"itemListElement\":[{\"@type\":\"ListItem\",\"position\":1,\"name\":\"Home\",\"item\":\"https:\/\/www.elementvape.de\/\"},{\"@type\":\"ListItem\",\"position\":2,\"name\":\"Shop\",\"item\":\"https:\/\/www.elementvape.de\/shop\/\"},{\"@type\":\"ListItem\",\"position\":3,\"name\":\"RandM Vbar 800 Puffs leuchtender Einweg-Vape\"}]},{\"@type\":\"WebSite\",\"@id\":\"https:\/\/www.elementvape.de\/#website\",\"url\":\"https:\/\/www.elementvape.de\/\",\"name\":\"ElementVape.de\",\"description\":\"\",\"publisher\":{\"@id\":\"https:\/\/www.elementvape.de\/#organization\"},\"potentialAction\":[{\"@type\":\"SearchAction\",\"target\":{\"@type\":\"EntryPoint\",\"urlTemplate\":\"https:\/\/www.elementvape.de\/?s={search_term_string}\"},\"query-input\":\"required name=search_term_string\"}],\"inLanguage\":\"lt-LT\"},{\"@type\":\"Organization\",\"@id\":\"https:\/\/www.elementvape.de\/#organization\",\"name\":\"ElementVape.DE\",\"url\":\"https:\/\/www.elementvape.de\/\",\"logo\":{\"@type\":\"ImageObject\",\"inLanguage\":\"lt-LT\",\"@id\":\"https:\/\/www.elementvape.de\/#\/schema\/logo\/image\/\",\"url\":\"https:\/\/www.elementvape.de\/wp-content\/uploads\/2024\/09\/cropped-1elementvape-3.png\",\"contentUrl\":\"https:\/\/www.elementvape.de\/wp-content\/uploads\/2024\/09\/cropped-1elementvape-3.png\",\"width\":285,\"height\":228,\"caption\":\"ElementVape.DE\"},\"image\":{\"@id\":\"https:\/\/www.elementvape.de\/#\/schema\/logo\/image\/\"}}]}<\/script>\n<!-- \/ Yoast SEO plugin. -->","yoast_head_json":{"title":"RandM Vbar 800 Puffs leuchtender Einweg-Vape | ElementVape.de","description":"Wir bieten RandM Vbar 800 Puffs leuchtender Einweg-Vape , Elementvape.de akzeptieren Gro\u00df-und Einzelhandel Bestellungen.","robots":{"index":"index","follow":"follow","max-snippet":"max-snippet:-1","max-image-preview":"max-image-preview:large","max-video-preview":"max-video-preview:-1"},"canonical":"https:\/\/www.elementvape.de\/lt\/produkt\/randm-vbar-800-puffs-leuchtender-einweg-vape\/","og_locale":"lt_LT","og_type":"article","og_title":"RandM Vbar 800 Puffs leuchtender Einweg-Vape | ElementVape.de","og_description":"Wir bieten RandM Vbar 800 Puffs leuchtender Einweg-Vape , Elementvape.de akzeptieren Gro\u00df-und Einzelhandel Bestellungen.","og_url":"https:\/\/www.elementvape.de\/lt\/produkt\/randm-vbar-800-puffs-leuchtender-einweg-vape\/","og_site_name":"ElementVape.de","article_modified_time":"2024-09-12T10:36:22+00:00","og_image":[{"width":800,"height":800,"url":"https:\/\/www.elementvape.de\/wp-content\/uploads\/2024\/06\/RandMVbar800Puffs_1.webp","type":"image\/webp"}],"twitter_card":"summary_large_image","twitter_misc":{"Est. reading time":"2 minut\u0117s"},"schema":{"@context":"https:\/\/schema.org","@graph":[{"@type":"WebPage","@id":"https:\/\/www.elementvape.de\/produkt\/randm-vbar-800-puffs-leuchtender-einweg-vape\/","url":"https:\/\/www.elementvape.de\/produkt\/randm-vbar-800-puffs-leuchtender-einweg-vape\/","name":"RandM Vbar 800 Puffs leuchtender Einweg-Vape | ElementVape.de","isPartOf":{"@id":"https:\/\/www.elementvape.de\/#website"},"primaryImageOfPage":{"@id":"https:\/\/www.elementvape.de\/produkt\/randm-vbar-800-puffs-leuchtender-einweg-vape\/#primaryimage"},"image":{"@id":"https:\/\/www.elementvape.de\/produkt\/randm-vbar-800-puffs-leuchtender-einweg-vape\/#primaryimage"},"thumbnailUrl":"https:\/\/www.elementvape.de\/wp-content\/uploads\/2024\/06\/RandMVbar800Puffs_1.webp","datePublished":"2024-06-07T02:37:00+00:00","dateModified":"2024-09-12T10:36:22+00:00","description":"Wir bieten RandM Vbar 800 Puffs leuchtender Einweg-Vape , Elementvape.de akzeptieren Gro\u00df-und Einzelhandel Bestellungen.","breadcrumb":{"@id":"https:\/\/www.elementvape.de\/produkt\/randm-vbar-800-puffs-leuchtender-einweg-vape\/#breadcrumb"},"inLanguage":"lt-LT","potentialAction":[{"@type":"ReadAction","target":["https:\/\/www.elementvape.de\/produkt\/randm-vbar-800-puffs-leuchtender-einweg-vape\/"]}]},{"@type":"ImageObject","inLanguage":"lt-LT","@id":"https:\/\/www.elementvape.de\/produkt\/randm-vbar-800-puffs-leuchtender-einweg-vape\/#primaryimage","url":"https:\/\/www.elementvape.de\/wp-content\/uploads\/2024\/06\/RandMVbar800Puffs_1.webp","contentUrl":"https:\/\/www.elementvape.de\/wp-content\/uploads\/2024\/06\/RandMVbar800Puffs_1.webp","width":800,"height":800,"caption":"RandMVbar800Puffs_1"},{"@type":"BreadcrumbList","@id":"https:\/\/www.elementvape.de\/produkt\/randm-vbar-800-puffs-leuchtender-einweg-vape\/#breadcrumb","itemListElement":[{"@type":"ListItem","position":1,"name":"Home","item":"https:\/\/www.elementvape.de\/"},{"@type":"ListItem","position":2,"name":"Shop","item":"https:\/\/www.elementvape.de\/shop\/"},{"@type":"ListItem","position":3,"name":"RandM Vbar 800 Puffs leuchtender Einweg-Vape"}]},{"@type":"WebSite","@id":"https:\/\/www.elementvape.de\/#website","url":"https:\/\/www.elementvape.de\/","name":"ElementVape.de","description":"","publisher":{"@id":"https:\/\/www.elementvape.de\/#organization"},"potentialAction":[{"@type":"SearchAction","target":{"@type":"EntryPoint","urlTemplate":"https:\/\/www.elementvape.de\/?s={search_term_string}"},"query-input":"required name=search_term_string"}],"inLanguage":"lt-LT"},{"@type":"Organization","@id":"https:\/\/www.elementvape.de\/#organization","name":"ElementVape.DE","url":"https:\/\/www.elementvape.de\/","logo":{"@type":"ImageObject","inLanguage":"lt-LT","@id":"https:\/\/www.elementvape.de\/#\/schema\/logo\/image\/","url":"https:\/\/www.elementvape.de\/wp-content\/uploads\/2024\/09\/cropped-1elementvape-3.png","contentUrl":"https:\/\/www.elementvape.de\/wp-content\/uploads\/2024\/09\/cropped-1elementvape-3.png","width":285,"height":228,"caption":"ElementVape.DE"},"image":{"@id":"https:\/\/www.elementvape.de\/#\/schema\/logo\/image\/"}}]}},"_links":{"self":[{"href":"https:\/\/www.elementvape.de\/lt\/wp-json\/wp\/v2\/product\/11796"}],"collection":[{"href":"https:\/\/www.elementvape.de\/lt\/wp-json\/wp\/v2\/product"}],"about":[{"href":"https:\/\/www.elementvape.de\/lt\/wp-json\/wp\/v2\/types\/product"}],"wp:featuredmedia":[{"embeddable":true,"href":"https:\/\/www.elementvape.de\/lt\/wp-json\/wp\/v2\/media\/11809"}],"wp:attachment":[{"href":"https:\/\/www.elementvape.de\/lt\/wp-json\/wp\/v2\/media?parent=11796"}],"wp:term":[{"taxonomy":"product_cat","embeddable":true,"href":"https:\/\/www.elementvape.de\/lt\/wp-json\/wp\/v2\/product_cat?post=11796"},{"taxonomy":"product_tag","embeddable":true,"href":"https:\/\/www.elementvape.de\/lt\/wp-json\/wp\/v2\/product_tag?post=11796"}],"curies":[{"name":"wp","href":"https:\/\/api.w.org\/{rel}","templated":true}]}}