{"id":11620,"date":"2024-06-06T07:02:21","date_gmt":"2024-06-06T07:02:21","guid":{"rendered":"https:\/\/www.elementvape.de\/?post_type=product&#038;p=11620"},"modified":"2024-09-12T10:36:27","modified_gmt":"2024-09-12T10:36:27","slug":"randm-sunax-700-pod-austauschbares-einweg-vape-kit","status":"publish","type":"product","link":"https:\/\/www.elementvape.de\/lt\/produkt\/randm-sunax-700-pod-austauschbares-einweg-vape-kit\/","title":{"rendered":"RandM Sunax 700 Kei\u010diamas Vienkartinis Vape Rinkinys"},"content":{"rendered":"<h2>Produkto apra\u0161ymas: RandM Sunax 700<\/h2>\n<p>The <strong>RandM Sunax 700<\/strong> yra \u012fvairiapusis ir \u012fkraunamas vienkartinis vape \u012frenginys, pasi\u017eymintis oro srauto reguliavimu ir kei\u010diamu podu. \u0160is \u012frenginys suteikia ilgalaik\u012f garinimo patirt\u012f su iki 700 \u012fkv\u0117pim\u0173 per pod\u0105 ir leid\u017eia pilnai i\u0161naudoti paskutin\u012f la\u0161\u0105 E-sul\u010di\u0173 d\u0117ka patogaus Tipo-C jungties.<\/p>\n<h4>Pagrindin\u0117s savyb\u0117s:<\/h4>\n<ul>\n<li><strong>Nikotino pasirinkimai<\/strong>: Prieinamas su 0, %, 2 %, 3 % ir 5 % nikotino kiekiais.<\/li>\n<li><strong>\u012ejungimai<\/strong>: Iki 700 \u012fkv\u0117pim\u0173 per pod\u0105.<\/li>\n<li><strong>Talpa<\/strong>: Apima du 2 ml podus, kurie yra kei\u010diami.<\/li>\n<li><strong>Oro srauto reguliavimas<\/strong>: Leid\u017eia individualiai pritaikyti garinimo patirt\u012f.<\/li>\n<li><strong>\u012ekraunamas<\/strong>: Apr\u016bpintas Tipo-C jungtimi apa\u010dioje.<\/li>\n<li><strong>Rit\u0117<\/strong>: Galinga tinklelio rit\u0117 u\u017e intensyvi\u0105 garinimo patirt\u012f.<\/li>\n<\/ul>\n<h4>Skoni\u0173 \u012fvairov\u0117:<\/h4>\n<p>RandM Sunax 700 si\u016blo 12 skirting\u0173 skoni\u0173:<\/p>\n<p><span>1. M\u0117lyna cukraus vata<\/span><br \/>\n<span>2. M\u0117lynas raz\u0117s ledas<\/span><br \/>\n<span>3. Drakono vaisius, bananas, uogos<\/span><br \/>\n<span>4. Vynuog\u0117s, melionas<\/span><br \/>\n<span>5. Kivi, drakono vaisius, uogos<\/span><br \/>\n<span>6. Apelsin\u0173 limonadas<\/span><br \/>\n<span>7. Persikas, Mango, Arb\u016bzas<\/span><br \/>\n<span>8. Avie\u010di\u0173 arb\u016bzas<\/span><br \/>\n<span>9. Sakura vynuog\u0117<\/span><br \/>\n<span>10. Bra\u0161k\u0117 Kiwi<\/span><br \/>\n<span>11. Bra\u0161k\u0117s arb\u016bzo kramtomoji guma<\/span><br \/>\n<span>12. Arb\u016bzo ledas<\/span><\/p>\n<h4>Komplektacija:<\/h4>\n<ul>\n<li>1 x RandM Sunax 700 (su 2 x 2 ml kapsul\u0117mis)<\/li>\n<\/ul>\n<p>\u0160is \u012frenginys yra tobulas vapingo entuziastams, kurie ie\u0161ko \u012fkraunamo ir pritaikomo vape \u012frenginio, kuris yra tiek universalus, tiek patogus. RandM Sunax 700 sujungia vienkartinio vape \u012frenginio privalumus su galimybe keisti kapsules ir individualiai reguliuoti oro sraut\u0105, u\u017etikrinant tobul\u0105 vapingo patirt\u012f.<\/p>","protected":false},"excerpt":{"rendered":"<p>Produktbeschreibung: RandM Sunax 700 Die RandM Sunax 700 ist ein vielseitiges und wiederaufladbares Einweg-Vape-Ger\u00e4t, das durch seine Luftstromregelung und den auswechselbaren Pod besticht. Dieses Ger\u00e4t bietet ein langanhaltendes Dampferlebnis mit bis zu 700 Z\u00fcgen pro Pod und erm\u00f6glicht es Ihnen, den letzten Tropfen E-Saft dank des praktischen Typ-C-Anschlusses voll auszunutzen. Hauptmerkmale: Nikotinoptionen: Verf\u00fcgbar in 0 [&hellip;]<\/p>","protected":false},"featured_media":11633,"template":"","meta":{"inline_featured_image":false},"product_cat":[78,754,745,742,748,744,755,738,751,76],"product_tag":[671],"tiered_pricing_type":"fixed","tiered_pricing_fixed_rules":[],"tiered_pricing_percentage_rules":[],"tiered_pricing_minimum":1,"_administrator_tiered_pricing_type":"fixed","_administrator_tiered_pricing_fixed_rules":[],"_editor_tiered_pricing_type":"fixed","_editor_tiered_pricing_fixed_rules":[],"_author_tiered_pricing_type":"fixed","_author_tiered_pricing_fixed_rules":[],"_contributor_tiered_pricing_type":"fixed","_contributor_tiered_pricing_fixed_rules":[],"_subscriber_tiered_pricing_type":"fixed","_subscriber_tiered_pricing_fixed_rules":[],"_customer_tiered_pricing_type":"fixed","_customer_tiered_pricing_fixed_rules":[],"_shop_manager_tiered_pricing_type":"fixed","_shop_manager_tiered_pricing_fixed_rules":[],"_wpseo_manager_tiered_pricing_type":"fixed","_wpseo_manager_tiered_pricing_fixed_rules":[],"_wpseo_editor_tiered_pricing_type":"fixed","_wpseo_editor_tiered_pricing_fixed_rules":[],"_wholesale_customer_tiered_pricing_type":"fixed","_wholesale_customer_tiered_pricing_fixed_rules":[],"_marketer_tiered_pricing_type":"fixed","_marketer_tiered_pricing_fixed_rules":[],"_sales_manager_tiered_pricing_type":"fixed","_sales_manager_tiered_pricing_fixed_rules":[],"_sales_rep_tiered_pricing_type":"fixed","_sales_rep_tiered_pricing_fixed_rules":[],"yoast_head":"<!-- This site is optimized with the Yoast SEO plugin v23.3 - https:\/\/yoast.com\/wordpress\/plugins\/seo\/ -->\n<title>RandM Sunax 700 Pod Austauschbares Einweg-Vape-Kit | ElementVape.de<\/title>\n<meta name=\"description\" content=\"Wir bieten RandM Sunax 700 Pod Austauschbares Einweg-Vape-Kit , Elementvape.de akzeptieren Gro\u00df-und Einzelhandel Bestellungen.\" \/>\n<meta name=\"robots\" content=\"index, follow, max-snippet:-1, max-image-preview:large, max-video-preview:-1\" \/>\n<link rel=\"canonical\" href=\"https:\/\/www.elementvape.de\/lt\/produkt\/randm-sunax-700-pod-austauschbares-einweg-vape-kit\/\" \/>\n<meta property=\"og:locale\" content=\"lt_LT\" \/>\n<meta property=\"og:type\" content=\"article\" \/>\n<meta property=\"og:title\" content=\"RandM Sunax 700 Pod Austauschbares Einweg-Vape-Kit | ElementVape.de\" \/>\n<meta property=\"og:description\" content=\"Wir bieten RandM Sunax 700 Pod Austauschbares Einweg-Vape-Kit , Elementvape.de akzeptieren Gro\u00df-und Einzelhandel Bestellungen.\" \/>\n<meta property=\"og:url\" content=\"https:\/\/www.elementvape.de\/lt\/produkt\/randm-sunax-700-pod-austauschbares-einweg-vape-kit\/\" \/>\n<meta property=\"og:site_name\" content=\"ElementVape.de\" \/>\n<meta property=\"article:modified_time\" content=\"2024-09-12T10:36:27+00:00\" \/>\n<meta property=\"og:image\" content=\"https:\/\/www.elementvape.de\/wp-content\/uploads\/2024\/06\/RandMSunax700_12.webp\" \/>\n\t<meta property=\"og:image:width\" content=\"800\" \/>\n\t<meta property=\"og:image:height\" content=\"800\" \/>\n\t<meta property=\"og:image:type\" content=\"image\/webp\" \/>\n<meta name=\"twitter:card\" content=\"summary_large_image\" \/>\n<meta name=\"twitter:label1\" content=\"Est. reading time\" \/>\n\t<meta name=\"twitter:data1\" content=\"2 minut\u0117s\" \/>\n<script type=\"application\/ld+json\" class=\"yoast-schema-graph\">{\"@context\":\"https:\/\/schema.org\",\"@graph\":[{\"@type\":\"WebPage\",\"@id\":\"https:\/\/www.elementvape.de\/sk\/produkt\/randm-sunax-700-pod-austauschbares-einweg-vape-kit\/\",\"url\":\"https:\/\/www.elementvape.de\/sk\/produkt\/randm-sunax-700-pod-austauschbares-einweg-vape-kit\/\",\"name\":\"RandM Sunax 700 Pod Austauschbares Einweg-Vape-Kit | ElementVape.de\",\"isPartOf\":{\"@id\":\"https:\/\/www.elementvape.de\/#website\"},\"primaryImageOfPage\":{\"@id\":\"https:\/\/www.elementvape.de\/sk\/produkt\/randm-sunax-700-pod-austauschbares-einweg-vape-kit\/#primaryimage\"},\"image\":{\"@id\":\"https:\/\/www.elementvape.de\/sk\/produkt\/randm-sunax-700-pod-austauschbares-einweg-vape-kit\/#primaryimage\"},\"thumbnailUrl\":\"https:\/\/www.elementvape.de\/wp-content\/uploads\/2024\/06\/RandMSunax700_12.webp\",\"datePublished\":\"2024-06-06T07:02:21+00:00\",\"dateModified\":\"2024-09-12T10:36:27+00:00\",\"description\":\"Wir bieten RandM Sunax 700 Pod Austauschbares Einweg-Vape-Kit , Elementvape.de akzeptieren Gro\u00df-und Einzelhandel Bestellungen.\",\"breadcrumb\":{\"@id\":\"https:\/\/www.elementvape.de\/sk\/produkt\/randm-sunax-700-pod-austauschbares-einweg-vape-kit\/#breadcrumb\"},\"inLanguage\":\"lt-LT\",\"potentialAction\":[{\"@type\":\"ReadAction\",\"target\":[\"https:\/\/www.elementvape.de\/sk\/produkt\/randm-sunax-700-pod-austauschbares-einweg-vape-kit\/\"]}]},{\"@type\":\"ImageObject\",\"inLanguage\":\"lt-LT\",\"@id\":\"https:\/\/www.elementvape.de\/sk\/produkt\/randm-sunax-700-pod-austauschbares-einweg-vape-kit\/#primaryimage\",\"url\":\"https:\/\/www.elementvape.de\/wp-content\/uploads\/2024\/06\/RandMSunax700_12.webp\",\"contentUrl\":\"https:\/\/www.elementvape.de\/wp-content\/uploads\/2024\/06\/RandMSunax700_12.webp\",\"width\":800,\"height\":800,\"caption\":\"RandMSunax700_12\"},{\"@type\":\"BreadcrumbList\",\"@id\":\"https:\/\/www.elementvape.de\/sk\/produkt\/randm-sunax-700-pod-austauschbares-einweg-vape-kit\/#breadcrumb\",\"itemListElement\":[{\"@type\":\"ListItem\",\"position\":1,\"name\":\"Home\",\"item\":\"https:\/\/www.elementvape.de\/\"},{\"@type\":\"ListItem\",\"position\":2,\"name\":\"Shop\",\"item\":\"https:\/\/www.elementvape.de\/shop\/\"},{\"@type\":\"ListItem\",\"position\":3,\"name\":\"RandM Sunax 700 Pod Austauschbares Einweg-Vape-Kit\"}]},{\"@type\":\"WebSite\",\"@id\":\"https:\/\/www.elementvape.de\/#website\",\"url\":\"https:\/\/www.elementvape.de\/\",\"name\":\"ElementVape.de\",\"description\":\"\",\"publisher\":{\"@id\":\"https:\/\/www.elementvape.de\/#organization\"},\"potentialAction\":[{\"@type\":\"SearchAction\",\"target\":{\"@type\":\"EntryPoint\",\"urlTemplate\":\"https:\/\/www.elementvape.de\/?s={search_term_string}\"},\"query-input\":\"required name=search_term_string\"}],\"inLanguage\":\"lt-LT\"},{\"@type\":\"Organization\",\"@id\":\"https:\/\/www.elementvape.de\/#organization\",\"name\":\"ElementVape.DE\",\"url\":\"https:\/\/www.elementvape.de\/\",\"logo\":{\"@type\":\"ImageObject\",\"inLanguage\":\"lt-LT\",\"@id\":\"https:\/\/www.elementvape.de\/#\/schema\/logo\/image\/\",\"url\":\"https:\/\/www.elementvape.de\/wp-content\/uploads\/2024\/09\/cropped-1elementvape-3.png\",\"contentUrl\":\"https:\/\/www.elementvape.de\/wp-content\/uploads\/2024\/09\/cropped-1elementvape-3.png\",\"width\":285,\"height\":228,\"caption\":\"ElementVape.DE\"},\"image\":{\"@id\":\"https:\/\/www.elementvape.de\/#\/schema\/logo\/image\/\"}}]}<\/script>\n<!-- \/ Yoast SEO plugin. -->","yoast_head_json":{"title":"RandM Sunax 700 Pod Austauschbares Einweg-Vape-Kit | ElementVape.de","description":"Wir bieten RandM Sunax 700 Pod Austauschbares Einweg-Vape-Kit , Elementvape.de akzeptieren Gro\u00df-und Einzelhandel Bestellungen.","robots":{"index":"index","follow":"follow","max-snippet":"max-snippet:-1","max-image-preview":"max-image-preview:large","max-video-preview":"max-video-preview:-1"},"canonical":"https:\/\/www.elementvape.de\/lt\/produkt\/randm-sunax-700-pod-austauschbares-einweg-vape-kit\/","og_locale":"lt_LT","og_type":"article","og_title":"RandM Sunax 700 Pod Austauschbares Einweg-Vape-Kit | ElementVape.de","og_description":"Wir bieten RandM Sunax 700 Pod Austauschbares Einweg-Vape-Kit , Elementvape.de akzeptieren Gro\u00df-und Einzelhandel Bestellungen.","og_url":"https:\/\/www.elementvape.de\/lt\/produkt\/randm-sunax-700-pod-austauschbares-einweg-vape-kit\/","og_site_name":"ElementVape.de","article_modified_time":"2024-09-12T10:36:27+00:00","og_image":[{"width":800,"height":800,"url":"https:\/\/www.elementvape.de\/wp-content\/uploads\/2024\/06\/RandMSunax700_12.webp","type":"image\/webp"}],"twitter_card":"summary_large_image","twitter_misc":{"Est. reading time":"2 minut\u0117s"},"schema":{"@context":"https:\/\/schema.org","@graph":[{"@type":"WebPage","@id":"https:\/\/www.elementvape.de\/sk\/produkt\/randm-sunax-700-pod-austauschbares-einweg-vape-kit\/","url":"https:\/\/www.elementvape.de\/sk\/produkt\/randm-sunax-700-pod-austauschbares-einweg-vape-kit\/","name":"RandM Sunax 700 Pod Austauschbares Einweg-Vape-Kit | ElementVape.de","isPartOf":{"@id":"https:\/\/www.elementvape.de\/#website"},"primaryImageOfPage":{"@id":"https:\/\/www.elementvape.de\/sk\/produkt\/randm-sunax-700-pod-austauschbares-einweg-vape-kit\/#primaryimage"},"image":{"@id":"https:\/\/www.elementvape.de\/sk\/produkt\/randm-sunax-700-pod-austauschbares-einweg-vape-kit\/#primaryimage"},"thumbnailUrl":"https:\/\/www.elementvape.de\/wp-content\/uploads\/2024\/06\/RandMSunax700_12.webp","datePublished":"2024-06-06T07:02:21+00:00","dateModified":"2024-09-12T10:36:27+00:00","description":"Wir bieten RandM Sunax 700 Pod Austauschbares Einweg-Vape-Kit , Elementvape.de akzeptieren Gro\u00df-und Einzelhandel Bestellungen.","breadcrumb":{"@id":"https:\/\/www.elementvape.de\/sk\/produkt\/randm-sunax-700-pod-austauschbares-einweg-vape-kit\/#breadcrumb"},"inLanguage":"lt-LT","potentialAction":[{"@type":"ReadAction","target":["https:\/\/www.elementvape.de\/sk\/produkt\/randm-sunax-700-pod-austauschbares-einweg-vape-kit\/"]}]},{"@type":"ImageObject","inLanguage":"lt-LT","@id":"https:\/\/www.elementvape.de\/sk\/produkt\/randm-sunax-700-pod-austauschbares-einweg-vape-kit\/#primaryimage","url":"https:\/\/www.elementvape.de\/wp-content\/uploads\/2024\/06\/RandMSunax700_12.webp","contentUrl":"https:\/\/www.elementvape.de\/wp-content\/uploads\/2024\/06\/RandMSunax700_12.webp","width":800,"height":800,"caption":"RandMSunax700_12"},{"@type":"BreadcrumbList","@id":"https:\/\/www.elementvape.de\/sk\/produkt\/randm-sunax-700-pod-austauschbares-einweg-vape-kit\/#breadcrumb","itemListElement":[{"@type":"ListItem","position":1,"name":"Home","item":"https:\/\/www.elementvape.de\/"},{"@type":"ListItem","position":2,"name":"Shop","item":"https:\/\/www.elementvape.de\/shop\/"},{"@type":"ListItem","position":3,"name":"RandM Sunax 700 Pod Austauschbares Einweg-Vape-Kit"}]},{"@type":"WebSite","@id":"https:\/\/www.elementvape.de\/#website","url":"https:\/\/www.elementvape.de\/","name":"ElementVape.de","description":"","publisher":{"@id":"https:\/\/www.elementvape.de\/#organization"},"potentialAction":[{"@type":"SearchAction","target":{"@type":"EntryPoint","urlTemplate":"https:\/\/www.elementvape.de\/?s={search_term_string}"},"query-input":"required name=search_term_string"}],"inLanguage":"lt-LT"},{"@type":"Organization","@id":"https:\/\/www.elementvape.de\/#organization","name":"ElementVape.DE","url":"https:\/\/www.elementvape.de\/","logo":{"@type":"ImageObject","inLanguage":"lt-LT","@id":"https:\/\/www.elementvape.de\/#\/schema\/logo\/image\/","url":"https:\/\/www.elementvape.de\/wp-content\/uploads\/2024\/09\/cropped-1elementvape-3.png","contentUrl":"https:\/\/www.elementvape.de\/wp-content\/uploads\/2024\/09\/cropped-1elementvape-3.png","width":285,"height":228,"caption":"ElementVape.DE"},"image":{"@id":"https:\/\/www.elementvape.de\/#\/schema\/logo\/image\/"}}]}},"_links":{"self":[{"href":"https:\/\/www.elementvape.de\/lt\/wp-json\/wp\/v2\/product\/11620"}],"collection":[{"href":"https:\/\/www.elementvape.de\/lt\/wp-json\/wp\/v2\/product"}],"about":[{"href":"https:\/\/www.elementvape.de\/lt\/wp-json\/wp\/v2\/types\/product"}],"wp:featuredmedia":[{"embeddable":true,"href":"https:\/\/www.elementvape.de\/lt\/wp-json\/wp\/v2\/media\/11633"}],"wp:attachment":[{"href":"https:\/\/www.elementvape.de\/lt\/wp-json\/wp\/v2\/media?parent=11620"}],"wp:term":[{"taxonomy":"product_cat","embeddable":true,"href":"https:\/\/www.elementvape.de\/lt\/wp-json\/wp\/v2\/product_cat?post=11620"},{"taxonomy":"product_tag","embeddable":true,"href":"https:\/\/www.elementvape.de\/lt\/wp-json\/wp\/v2\/product_tag?post=11620"}],"curies":[{"name":"wp","href":"https:\/\/api.w.org\/{rel}","templated":true}]}}