{"id":11542,"date":"2024-06-04T09:51:07","date_gmt":"2024-06-04T09:51:07","guid":{"rendered":"https:\/\/www.elementvape.de\/?post_type=product&#038;p=11542"},"modified":"2024-09-12T10:36:30","modified_gmt":"2024-09-12T10:36:30","slug":"exvape-expod-einweg-e-zigarette-20mg","status":"publish","type":"product","link":"https:\/\/www.elementvape.de\/lt\/produkt\/exvape-expod-einweg-e-zigarette-20mg\/","title":{"rendered":"EXVAPE EXPOD Vienkartin\u0117 E-cigaret\u0117 20mg"},"content":{"rendered":"<h2>EXPOD \u2013 Vienkartin\u0117 POD E-cigaret\u0117:<\/h2>\n<p>EXPOD E-cigaret\u0117 i\u0161 EXVAPE\u00ae yra lengvai naudojama vienkartin\u0117 E-cigaret\u0117. Viskas, ko jums reikia norint r\u016bkyti garus, jau integruota, tiesiog i\u0161pakuokite ir prad\u0117kite r\u016bkyti.<\/p>\n<p>Vienkartin\u0117 E-cigaret\u0117 yra puikus pasirinkimas kaip \u012fvadas \u012f r\u016bkyti garus. Jums nereikia \u012fkrauti \u012frenginio, u\u017epildyti ar atlikti joki\u0173 nustatym\u0173. E-cigaret\u0117 turi automatin\u012f \u012fjungim\u0105. Tiesiog traukite i\u0161 burnos \u017eiedo, kad \u012fjungtum\u0117te \u012frengin\u012f ir sukurtum\u0117te garus \u012fkv\u0117pimui. Prietaisas skirtas naudoti su MTL metodu (burna \u012f plau\u010dius), kai pirmiausia \u012fdedate garus \u012f burn\u0105, o tada \u012f plau\u010dius, pana\u0161iai kaip \u012fprasta cigaret\u0117.<\/p>\n<p>EXPOD E-cigaret\u0117 su 400mAh \u012fmontuota baterija ir 2ml i\u0161 anksto u\u017epildyto skys\u010dio leid\u017eia iki 600 \u012fkv\u0117pim\u0173. Tai atitinka apie 2 pakelius \u012fprast\u0173 cigare\u010di\u0173 (40 vnt.), jei manome, kad vienoje cigaret\u0117je \u012fkvepiama apie 10-15 kart\u0173. Kai i\u0161naudojamas i\u0161 anksto u\u017epildytas skystis arba \u012fmontuota baterija, j\u0105 galima pakeisti nauju \u012frenginiu.<\/p>\n<p>E-cigaret\u0117 yra u\u017epildyta nikotino drusk\u0173 skys\u010diu su 20mg\/ml nikotino kiekiu, tai atitinka 2% procentin\u012f nikotino kiek\u012f. Nikotino druska, skirtingai nuo \u012fprasto nikotino, organizme \u012fsisavinama grei\u010diau ir sukelia \u0161velnesn\u012f gerkl\u0117s dilg\u010diojim\u0105, tod\u0117l geriau imituoja r\u016bkym\u0105 ir grei\u010diau suma\u017eina nikotino poreik\u012f.<\/p>\n<h3>EXPOD YRA 12 SKONIO VARIANT\u0172:<\/h3>\n<p>Blueberry Ice: Skani\u0173 m\u0117lyni\u0173 su lediniu gaivumu derinys.<br \/>\nCool Mint: Gaivi m\u0117tos su mentoliu ir lediniu \u0161altumu.<br \/>\nFruit Mix: Skani\u0173 vaisi\u0173 mi\u0161inys su \u0161iek tiek gaivumo.<br \/>\nGreen Apple Ice: \u017dalio obuolio su lediniu gaivumu derinys.<br \/>\nLemon Cake: Nuostabus citrinos pyragas.<br \/>\nMango Ice: Tropin\u0117 mango su lediniu gaivumu.<br \/>\nMelon Ice: Skani\u0173 melion\u0173 mi\u0161inys su gaivumu.<br \/>\nMint Tobacco: Smulkiausias tabakas su mentoliu ir m\u0117tomis.<br \/>\nMixed Berries: Vaisi\u0173 mi\u0161inys i\u0161 \u012fvairi\u0173 uog\u0173.<br \/>\nStrawberry Ice: \u0160vie\u017eios bra\u0161k\u0117s su lediniu gaivumu.<br \/>\nTobacco Classic: Mink\u0161tas ir i\u0161skirtinis tabakas.<br \/>\nVanilla Custard: Nuostabus kreminis vanil\u0117s pudingas.<\/p>","protected":false},"excerpt":{"rendered":"<p>EXPOD &#8211; EINWEG POD E-ZIGARETTE: Die EXPOD E-Zigarette von EXVAPE\u00ae ist eine leicht zu bedienende Einweg E-Zigarette. Alles was Sie zum Dampfen ben\u00f6tigen ist schon integriert, einfach auspacken und los dampfen. Die Einweg E-Zigarette ist die perfekte Wahl als Einstieg in das Dampfen. Sie m\u00fcssen das Ger\u00e4t weder aufladen, noch bef\u00fcllen oder irgendwelche Einstellungen vornehmen. [&hellip;]<\/p>","protected":false},"featured_media":11543,"template":"","meta":{"inline_featured_image":false},"product_cat":[78,754,745,742,748,744,755,738,751],"product_tag":[679],"tiered_pricing_type":"fixed","tiered_pricing_fixed_rules":[],"tiered_pricing_percentage_rules":[],"tiered_pricing_minimum":1,"_administrator_tiered_pricing_type":"fixed","_administrator_tiered_pricing_fixed_rules":[],"_editor_tiered_pricing_type":"fixed","_editor_tiered_pricing_fixed_rules":[],"_author_tiered_pricing_type":"fixed","_author_tiered_pricing_fixed_rules":[],"_contributor_tiered_pricing_type":"fixed","_contributor_tiered_pricing_fixed_rules":[],"_subscriber_tiered_pricing_type":"fixed","_subscriber_tiered_pricing_fixed_rules":[],"_customer_tiered_pricing_type":"fixed","_customer_tiered_pricing_fixed_rules":[],"_shop_manager_tiered_pricing_type":"fixed","_shop_manager_tiered_pricing_fixed_rules":[],"_wpseo_manager_tiered_pricing_type":"fixed","_wpseo_manager_tiered_pricing_fixed_rules":[],"_wpseo_editor_tiered_pricing_type":"fixed","_wpseo_editor_tiered_pricing_fixed_rules":[],"_wholesale_customer_tiered_pricing_type":"fixed","_wholesale_customer_tiered_pricing_fixed_rules":[],"_marketer_tiered_pricing_type":"fixed","_marketer_tiered_pricing_fixed_rules":[],"_sales_manager_tiered_pricing_type":"fixed","_sales_manager_tiered_pricing_fixed_rules":[],"_sales_rep_tiered_pricing_type":"fixed","_sales_rep_tiered_pricing_fixed_rules":[],"yoast_head":"<!-- This site is optimized with the Yoast SEO plugin v23.3 - https:\/\/yoast.com\/wordpress\/plugins\/seo\/ -->\n<title>EXVAPE EXPOD Einweg-E-Zigarette 20mg | ElementVape.de<\/title>\n<meta name=\"description\" content=\"Wir bieten EXVAPE EXPOD Einweg-E-Zigarette 20mg , Elementvape.de akzeptieren Gro\u00df-und Einzelhandel Bestellungen.\" \/>\n<meta name=\"robots\" content=\"index, follow, max-snippet:-1, max-image-preview:large, max-video-preview:-1\" \/>\n<link rel=\"canonical\" href=\"https:\/\/www.elementvape.de\/lt\/produkt\/exvape-expod-einweg-e-zigarette-20mg\/\" \/>\n<meta property=\"og:locale\" content=\"lt_LT\" \/>\n<meta property=\"og:type\" content=\"article\" \/>\n<meta property=\"og:title\" content=\"EXVAPE EXPOD Einweg-E-Zigarette 20mg | ElementVape.de\" \/>\n<meta property=\"og:description\" content=\"Wir bieten EXVAPE EXPOD Einweg-E-Zigarette 20mg , Elementvape.de akzeptieren Gro\u00df-und Einzelhandel Bestellungen.\" \/>\n<meta property=\"og:url\" content=\"https:\/\/www.elementvape.de\/lt\/produkt\/exvape-expod-einweg-e-zigarette-20mg\/\" \/>\n<meta property=\"og:site_name\" content=\"ElementVape.de\" \/>\n<meta property=\"article:modified_time\" content=\"2024-09-12T10:36:30+00:00\" \/>\n<meta property=\"og:image\" content=\"https:\/\/www.elementvape.de\/wp-content\/uploads\/2024\/06\/exvape-expod-einweg-e-zigarette-melon-ice-20-mg.jpg\" \/>\n\t<meta property=\"og:image:width\" content=\"1000\" \/>\n\t<meta property=\"og:image:height\" content=\"1000\" \/>\n\t<meta property=\"og:image:type\" content=\"image\/jpeg\" \/>\n<meta name=\"twitter:card\" content=\"summary_large_image\" \/>\n<meta name=\"twitter:label1\" content=\"Est. reading time\" \/>\n\t<meta name=\"twitter:data1\" content=\"3 minut\u0117s\" \/>\n<script type=\"application\/ld+json\" class=\"yoast-schema-graph\">{\"@context\":\"https:\/\/schema.org\",\"@graph\":[{\"@type\":\"WebPage\",\"@id\":\"https:\/\/www.elementvape.de\/nl\/produkt\/exvape-expod-einweg-e-zigarette-20mg\/\",\"url\":\"https:\/\/www.elementvape.de\/nl\/produkt\/exvape-expod-einweg-e-zigarette-20mg\/\",\"name\":\"EXVAPE EXPOD Einweg-E-Zigarette 20mg | ElementVape.de\",\"isPartOf\":{\"@id\":\"https:\/\/www.elementvape.de\/#website\"},\"primaryImageOfPage\":{\"@id\":\"https:\/\/www.elementvape.de\/nl\/produkt\/exvape-expod-einweg-e-zigarette-20mg\/#primaryimage\"},\"image\":{\"@id\":\"https:\/\/www.elementvape.de\/nl\/produkt\/exvape-expod-einweg-e-zigarette-20mg\/#primaryimage\"},\"thumbnailUrl\":\"https:\/\/www.elementvape.de\/wp-content\/uploads\/2024\/06\/exvape-expod-einweg-e-zigarette-melon-ice-20-mg.jpg\",\"datePublished\":\"2024-06-04T09:51:07+00:00\",\"dateModified\":\"2024-09-12T10:36:30+00:00\",\"description\":\"Wir bieten EXVAPE EXPOD Einweg-E-Zigarette 20mg , Elementvape.de akzeptieren Gro\u00df-und Einzelhandel Bestellungen.\",\"breadcrumb\":{\"@id\":\"https:\/\/www.elementvape.de\/nl\/produkt\/exvape-expod-einweg-e-zigarette-20mg\/#breadcrumb\"},\"inLanguage\":\"lt-LT\",\"potentialAction\":[{\"@type\":\"ReadAction\",\"target\":[\"https:\/\/www.elementvape.de\/nl\/produkt\/exvape-expod-einweg-e-zigarette-20mg\/\"]}]},{\"@type\":\"ImageObject\",\"inLanguage\":\"lt-LT\",\"@id\":\"https:\/\/www.elementvape.de\/nl\/produkt\/exvape-expod-einweg-e-zigarette-20mg\/#primaryimage\",\"url\":\"https:\/\/www.elementvape.de\/wp-content\/uploads\/2024\/06\/exvape-expod-einweg-e-zigarette-melon-ice-20-mg.jpg\",\"contentUrl\":\"https:\/\/www.elementvape.de\/wp-content\/uploads\/2024\/06\/exvape-expod-einweg-e-zigarette-melon-ice-20-mg.jpg\",\"width\":1000,\"height\":1000,\"caption\":\"exvape-expod-einweg-e-zigarette-melon-ice-20-mg\"},{\"@type\":\"BreadcrumbList\",\"@id\":\"https:\/\/www.elementvape.de\/nl\/produkt\/exvape-expod-einweg-e-zigarette-20mg\/#breadcrumb\",\"itemListElement\":[{\"@type\":\"ListItem\",\"position\":1,\"name\":\"Home\",\"item\":\"https:\/\/www.elementvape.de\/\"},{\"@type\":\"ListItem\",\"position\":2,\"name\":\"Shop\",\"item\":\"https:\/\/www.elementvape.de\/shop\/\"},{\"@type\":\"ListItem\",\"position\":3,\"name\":\"EXVAPE EXPOD Einweg-E-Zigarette 20mg\"}]},{\"@type\":\"WebSite\",\"@id\":\"https:\/\/www.elementvape.de\/#website\",\"url\":\"https:\/\/www.elementvape.de\/\",\"name\":\"ElementVape.de\",\"description\":\"\",\"publisher\":{\"@id\":\"https:\/\/www.elementvape.de\/#organization\"},\"potentialAction\":[{\"@type\":\"SearchAction\",\"target\":{\"@type\":\"EntryPoint\",\"urlTemplate\":\"https:\/\/www.elementvape.de\/?s={search_term_string}\"},\"query-input\":\"required name=search_term_string\"}],\"inLanguage\":\"lt-LT\"},{\"@type\":\"Organization\",\"@id\":\"https:\/\/www.elementvape.de\/#organization\",\"name\":\"ElementVape.DE\",\"url\":\"https:\/\/www.elementvape.de\/\",\"logo\":{\"@type\":\"ImageObject\",\"inLanguage\":\"lt-LT\",\"@id\":\"https:\/\/www.elementvape.de\/#\/schema\/logo\/image\/\",\"url\":\"https:\/\/www.elementvape.de\/wp-content\/uploads\/2024\/09\/cropped-1elementvape-3.png\",\"contentUrl\":\"https:\/\/www.elementvape.de\/wp-content\/uploads\/2024\/09\/cropped-1elementvape-3.png\",\"width\":285,\"height\":228,\"caption\":\"ElementVape.DE\"},\"image\":{\"@id\":\"https:\/\/www.elementvape.de\/#\/schema\/logo\/image\/\"}}]}<\/script>\n<!-- \/ Yoast SEO plugin. -->","yoast_head_json":{"title":"EXVAPE EXPOD Einweg-E-Zigarette 20mg | ElementVape.de","description":"Wir bieten EXVAPE EXPOD Einweg-E-Zigarette 20mg , Elementvape.de akzeptieren Gro\u00df-und Einzelhandel Bestellungen.","robots":{"index":"index","follow":"follow","max-snippet":"max-snippet:-1","max-image-preview":"max-image-preview:large","max-video-preview":"max-video-preview:-1"},"canonical":"https:\/\/www.elementvape.de\/lt\/produkt\/exvape-expod-einweg-e-zigarette-20mg\/","og_locale":"lt_LT","og_type":"article","og_title":"EXVAPE EXPOD Einweg-E-Zigarette 20mg | ElementVape.de","og_description":"Wir bieten EXVAPE EXPOD Einweg-E-Zigarette 20mg , Elementvape.de akzeptieren Gro\u00df-und Einzelhandel Bestellungen.","og_url":"https:\/\/www.elementvape.de\/lt\/produkt\/exvape-expod-einweg-e-zigarette-20mg\/","og_site_name":"ElementVape.de","article_modified_time":"2024-09-12T10:36:30+00:00","og_image":[{"width":1000,"height":1000,"url":"https:\/\/www.elementvape.de\/wp-content\/uploads\/2024\/06\/exvape-expod-einweg-e-zigarette-melon-ice-20-mg.jpg","type":"image\/jpeg"}],"twitter_card":"summary_large_image","twitter_misc":{"Est. reading time":"3 minut\u0117s"},"schema":{"@context":"https:\/\/schema.org","@graph":[{"@type":"WebPage","@id":"https:\/\/www.elementvape.de\/nl\/produkt\/exvape-expod-einweg-e-zigarette-20mg\/","url":"https:\/\/www.elementvape.de\/nl\/produkt\/exvape-expod-einweg-e-zigarette-20mg\/","name":"EXVAPE EXPOD Einweg-E-Zigarette 20mg | ElementVape.de","isPartOf":{"@id":"https:\/\/www.elementvape.de\/#website"},"primaryImageOfPage":{"@id":"https:\/\/www.elementvape.de\/nl\/produkt\/exvape-expod-einweg-e-zigarette-20mg\/#primaryimage"},"image":{"@id":"https:\/\/www.elementvape.de\/nl\/produkt\/exvape-expod-einweg-e-zigarette-20mg\/#primaryimage"},"thumbnailUrl":"https:\/\/www.elementvape.de\/wp-content\/uploads\/2024\/06\/exvape-expod-einweg-e-zigarette-melon-ice-20-mg.jpg","datePublished":"2024-06-04T09:51:07+00:00","dateModified":"2024-09-12T10:36:30+00:00","description":"Wir bieten EXVAPE EXPOD Einweg-E-Zigarette 20mg , Elementvape.de akzeptieren Gro\u00df-und Einzelhandel Bestellungen.","breadcrumb":{"@id":"https:\/\/www.elementvape.de\/nl\/produkt\/exvape-expod-einweg-e-zigarette-20mg\/#breadcrumb"},"inLanguage":"lt-LT","potentialAction":[{"@type":"ReadAction","target":["https:\/\/www.elementvape.de\/nl\/produkt\/exvape-expod-einweg-e-zigarette-20mg\/"]}]},{"@type":"ImageObject","inLanguage":"lt-LT","@id":"https:\/\/www.elementvape.de\/nl\/produkt\/exvape-expod-einweg-e-zigarette-20mg\/#primaryimage","url":"https:\/\/www.elementvape.de\/wp-content\/uploads\/2024\/06\/exvape-expod-einweg-e-zigarette-melon-ice-20-mg.jpg","contentUrl":"https:\/\/www.elementvape.de\/wp-content\/uploads\/2024\/06\/exvape-expod-einweg-e-zigarette-melon-ice-20-mg.jpg","width":1000,"height":1000,"caption":"exvape-expod-einweg-e-zigarette-melon-ice-20-mg"},{"@type":"BreadcrumbList","@id":"https:\/\/www.elementvape.de\/nl\/produkt\/exvape-expod-einweg-e-zigarette-20mg\/#breadcrumb","itemListElement":[{"@type":"ListItem","position":1,"name":"Home","item":"https:\/\/www.elementvape.de\/"},{"@type":"ListItem","position":2,"name":"Shop","item":"https:\/\/www.elementvape.de\/shop\/"},{"@type":"ListItem","position":3,"name":"EXVAPE EXPOD Einweg-E-Zigarette 20mg"}]},{"@type":"WebSite","@id":"https:\/\/www.elementvape.de\/#website","url":"https:\/\/www.elementvape.de\/","name":"ElementVape.de","description":"","publisher":{"@id":"https:\/\/www.elementvape.de\/#organization"},"potentialAction":[{"@type":"SearchAction","target":{"@type":"EntryPoint","urlTemplate":"https:\/\/www.elementvape.de\/?s={search_term_string}"},"query-input":"required name=search_term_string"}],"inLanguage":"lt-LT"},{"@type":"Organization","@id":"https:\/\/www.elementvape.de\/#organization","name":"ElementVape.DE","url":"https:\/\/www.elementvape.de\/","logo":{"@type":"ImageObject","inLanguage":"lt-LT","@id":"https:\/\/www.elementvape.de\/#\/schema\/logo\/image\/","url":"https:\/\/www.elementvape.de\/wp-content\/uploads\/2024\/09\/cropped-1elementvape-3.png","contentUrl":"https:\/\/www.elementvape.de\/wp-content\/uploads\/2024\/09\/cropped-1elementvape-3.png","width":285,"height":228,"caption":"ElementVape.DE"},"image":{"@id":"https:\/\/www.elementvape.de\/#\/schema\/logo\/image\/"}}]}},"_links":{"self":[{"href":"https:\/\/www.elementvape.de\/lt\/wp-json\/wp\/v2\/product\/11542"}],"collection":[{"href":"https:\/\/www.elementvape.de\/lt\/wp-json\/wp\/v2\/product"}],"about":[{"href":"https:\/\/www.elementvape.de\/lt\/wp-json\/wp\/v2\/types\/product"}],"wp:featuredmedia":[{"embeddable":true,"href":"https:\/\/www.elementvape.de\/lt\/wp-json\/wp\/v2\/media\/11543"}],"wp:attachment":[{"href":"https:\/\/www.elementvape.de\/lt\/wp-json\/wp\/v2\/media?parent=11542"}],"wp:term":[{"taxonomy":"product_cat","embeddable":true,"href":"https:\/\/www.elementvape.de\/lt\/wp-json\/wp\/v2\/product_cat?post=11542"},{"taxonomy":"product_tag","embeddable":true,"href":"https:\/\/www.elementvape.de\/lt\/wp-json\/wp\/v2\/product_tag?post=11542"}],"curies":[{"name":"wp","href":"https:\/\/api.w.org\/{rel}","templated":true}]}}