{"id":11413,"date":"2024-06-03T06:22:17","date_gmt":"2024-06-03T06:22:17","guid":{"rendered":"https:\/\/www.elementvape.de\/?post_type=product&#038;p=11413"},"modified":"2024-09-12T10:36:35","modified_gmt":"2024-09-12T10:36:35","slug":"meta-ultra-pro-8000-einweg-vape-8000-zuege","status":"publish","type":"product","link":"https:\/\/www.elementvape.de\/lt\/produkt\/meta-ultra-pro-8000-einweg-vape-8000-zuege\/","title":{"rendered":"META ULTRA PRO 8000 Vienkartinis Vape 8000 \u012fkv\u0117pim\u0173"},"content":{"rendered":"<p>Apra\u0161ymas<br \/>\nVienkartinis Vape META ULTRA PRO 8000 si\u016blo 8000 \u012fkv\u0117pim\u0173 ir \u012fkraunam\u0105 500 mAh akumuliatori\u0173, u\u017etikrinant\u012f valand\u0173 trukm\u0117s patikim\u0105 garinim\u0105. 13 mm plonas korpusas yra padengtas unikaliu Kristalo apdaila, suteikian\u010dia prabang\u0173, odos pana\u0161\u0173 tekst\u016br\u0105. Integruotas i\u0161manusis ekranas leid\u017eia lengvai steb\u0117ti likus\u012f akumuliatoriaus ir E-liquid kiek\u012f, o jo 1,0 \u03a9 tinklinis rit\u0117 turi 12,96 W gali\u0105 ir palaiko 5 % nikotino kiek\u012f.<\/p>\n<p>Parametrai:<br \/>\n\u012erenginio dydis: 13 x 41,74 x 111,6 mm<br \/>\nVar\u017ea: Tinklin\u0117 rit\u0117 1,0 \u03a9<br \/>\nGalia: 12,96 W<br \/>\n\u012ekv\u0117pimai: 8000<br \/>\nE-skystis: 14 ml<br \/>\nBaterija: 500 mAh<br \/>\nNikotinas: 5 %<\/p>\n<p>Skoni\u0173 r\u016b\u0161ys:<br \/>\nBananas Vy\u0161nios<br \/>\nM\u0117lynasis spanguol\u0117 Persik\u0173 Guminukas<br \/>\nMango persiko kremas<br \/>\nGumin\u0117 me\u0161ka<br \/>\nBra\u0161ki\u0173 led\u0173 skonio elektronin\u0117 cigaret\u0117<br \/>\nJogurto Uog\u0173 Led\u0173<br \/>\nRo\u017ein\u0117 Lemonaad\u0105<br \/>\nM\u0117lynas Razz Ledas<br \/>\nVynuog\u0117<br \/>\nR\u016bg\u0161tusis Obuolio Kriau\u0161\u0117<br \/>\nR\u016bg\u0161tusis Obuolio Persikas<br \/>\nKivi Pasifloros Gvajavos<br \/>\nMango Persikas Arb\u016bzas<br \/>\nM\u0117lyn\u0173j\u0173 uog\u0173 aviet\u0117<br \/>\nLaukinis ledas<\/p>\n<p>Pakuot\u0117s s\u0105ra\u0161as:<br \/>\n1 x META ULTRA PRO 8000 Vienkartinis Vape, 8000 \u012fkv\u0117pim\u0173<\/p>","protected":false},"excerpt":{"rendered":"<p>Beschreibung Der Einweg-Vape META ULTRA PRO 8000 bietet 8000 Z\u00fcge und einen wiederaufladbaren 500-mAh-Akku f\u00fcr stundenlanges zuverl\u00e4ssiges Dampfen. Der 13 mm d\u00fcnne K\u00f6rper ist mit einem einzigartigen Kristall-Finish f\u00fcr eine luxuri\u00f6se, leder\u00e4hnliche Textur beschichtet. Ein eingebauter Smart-Bildschirm erm\u00f6glicht es Ihnen, den verbleibenden Akku- und E-Liquid-Stand einfach zu \u00fcberwachen, w\u00e4hrend seine 1,0-\u03a9-Netzspule eine Leistung von 12,96 [&hellip;]<\/p>","protected":false},"featured_media":11414,"template":"","meta":{"inline_featured_image":false},"product_cat":[78,754,745,742,748,744,755,738,751],"product_tag":[683],"tiered_pricing_type":"fixed","tiered_pricing_fixed_rules":[],"tiered_pricing_percentage_rules":[],"tiered_pricing_minimum":1,"_administrator_tiered_pricing_type":"fixed","_administrator_tiered_pricing_fixed_rules":[],"_editor_tiered_pricing_type":"fixed","_editor_tiered_pricing_fixed_rules":[],"_author_tiered_pricing_type":"fixed","_author_tiered_pricing_fixed_rules":[],"_contributor_tiered_pricing_type":"fixed","_contributor_tiered_pricing_fixed_rules":[],"_subscriber_tiered_pricing_type":"fixed","_subscriber_tiered_pricing_fixed_rules":[],"_customer_tiered_pricing_type":"fixed","_customer_tiered_pricing_fixed_rules":[],"_shop_manager_tiered_pricing_type":"fixed","_shop_manager_tiered_pricing_fixed_rules":[],"_wpseo_manager_tiered_pricing_type":"fixed","_wpseo_manager_tiered_pricing_fixed_rules":[],"_wpseo_editor_tiered_pricing_type":"fixed","_wpseo_editor_tiered_pricing_fixed_rules":[],"_wholesale_customer_tiered_pricing_type":"fixed","_wholesale_customer_tiered_pricing_fixed_rules":[],"_marketer_tiered_pricing_type":"fixed","_marketer_tiered_pricing_fixed_rules":[],"_sales_manager_tiered_pricing_type":"fixed","_sales_manager_tiered_pricing_fixed_rules":[],"_sales_rep_tiered_pricing_type":"fixed","_sales_rep_tiered_pricing_fixed_rules":[],"yoast_head":"<!-- This site is optimized with the Yoast SEO plugin v23.3 - https:\/\/yoast.com\/wordpress\/plugins\/seo\/ -->\n<title>META ULTRA PRO 8000 Einweg-Vape 8000 Z\u00fcge | ElementVape.de<\/title>\n<meta name=\"description\" content=\"Wir bieten META ULTRA PRO 8000 Einweg-Vape 8000 Z\u00fcge , Elementvape.de akzeptieren Gro\u00df-und Einzelhandel Bestellungen.\" \/>\n<meta name=\"robots\" content=\"index, follow, max-snippet:-1, max-image-preview:large, max-video-preview:-1\" \/>\n<link rel=\"canonical\" href=\"https:\/\/www.elementvape.de\/lt\/produkt\/meta-ultra-pro-8000-einweg-vape-8000-zuege\/\" \/>\n<meta property=\"og:locale\" content=\"lt_LT\" \/>\n<meta property=\"og:type\" content=\"article\" \/>\n<meta property=\"og:title\" content=\"META ULTRA PRO 8000 Einweg-Vape 8000 Z\u00fcge | ElementVape.de\" \/>\n<meta property=\"og:description\" content=\"Wir bieten META ULTRA PRO 8000 Einweg-Vape 8000 Z\u00fcge , Elementvape.de akzeptieren Gro\u00df-und Einzelhandel Bestellungen.\" \/>\n<meta property=\"og:url\" content=\"https:\/\/www.elementvape.de\/lt\/produkt\/meta-ultra-pro-8000-einweg-vape-8000-zuege\/\" \/>\n<meta property=\"og:site_name\" content=\"ElementVape.de\" \/>\n<meta property=\"article:modified_time\" content=\"2024-09-12T10:36:35+00:00\" \/>\n<meta property=\"og:image\" content=\"https:\/\/www.elementvape.de\/wp-content\/uploads\/2024\/06\/META-ULTRA-PRO-8000-Puffs-16_1.jpg\" \/>\n\t<meta property=\"og:image:width\" content=\"800\" \/>\n\t<meta property=\"og:image:height\" content=\"800\" \/>\n\t<meta property=\"og:image:type\" content=\"image\/jpeg\" \/>\n<meta name=\"twitter:card\" content=\"summary_large_image\" \/>\n<meta name=\"twitter:label1\" content=\"Est. reading time\" \/>\n\t<meta name=\"twitter:data1\" content=\"1 minut\u0117\" \/>\n<script type=\"application\/ld+json\" class=\"yoast-schema-graph\">{\"@context\":\"https:\/\/schema.org\",\"@graph\":[{\"@type\":\"WebPage\",\"@id\":\"https:\/\/www.elementvape.de\/produkt\/meta-ultra-pro-8000-einweg-vape-8000-zuege\/\",\"url\":\"https:\/\/www.elementvape.de\/produkt\/meta-ultra-pro-8000-einweg-vape-8000-zuege\/\",\"name\":\"META ULTRA PRO 8000 Einweg-Vape 8000 Z\u00fcge | ElementVape.de\",\"isPartOf\":{\"@id\":\"https:\/\/www.elementvape.de\/#website\"},\"primaryImageOfPage\":{\"@id\":\"https:\/\/www.elementvape.de\/produkt\/meta-ultra-pro-8000-einweg-vape-8000-zuege\/#primaryimage\"},\"image\":{\"@id\":\"https:\/\/www.elementvape.de\/produkt\/meta-ultra-pro-8000-einweg-vape-8000-zuege\/#primaryimage\"},\"thumbnailUrl\":\"https:\/\/www.elementvape.de\/wp-content\/uploads\/2024\/06\/META-ULTRA-PRO-8000-Puffs-16_1.jpg\",\"datePublished\":\"2024-06-03T06:22:17+00:00\",\"dateModified\":\"2024-09-12T10:36:35+00:00\",\"description\":\"Wir bieten META ULTRA PRO 8000 Einweg-Vape 8000 Z\u00fcge , Elementvape.de akzeptieren Gro\u00df-und Einzelhandel Bestellungen.\",\"breadcrumb\":{\"@id\":\"https:\/\/www.elementvape.de\/produkt\/meta-ultra-pro-8000-einweg-vape-8000-zuege\/#breadcrumb\"},\"inLanguage\":\"lt-LT\",\"potentialAction\":[{\"@type\":\"ReadAction\",\"target\":[\"https:\/\/www.elementvape.de\/produkt\/meta-ultra-pro-8000-einweg-vape-8000-zuege\/\"]}]},{\"@type\":\"ImageObject\",\"inLanguage\":\"lt-LT\",\"@id\":\"https:\/\/www.elementvape.de\/produkt\/meta-ultra-pro-8000-einweg-vape-8000-zuege\/#primaryimage\",\"url\":\"https:\/\/www.elementvape.de\/wp-content\/uploads\/2024\/06\/META-ULTRA-PRO-8000-Puffs-16_1.jpg\",\"contentUrl\":\"https:\/\/www.elementvape.de\/wp-content\/uploads\/2024\/06\/META-ULTRA-PRO-8000-Puffs-16_1.jpg\",\"width\":800,\"height\":800,\"caption\":\"META-ULTRA-PRO-8000-Puffs-16_1\"},{\"@type\":\"BreadcrumbList\",\"@id\":\"https:\/\/www.elementvape.de\/produkt\/meta-ultra-pro-8000-einweg-vape-8000-zuege\/#breadcrumb\",\"itemListElement\":[{\"@type\":\"ListItem\",\"position\":1,\"name\":\"Home\",\"item\":\"https:\/\/www.elementvape.de\/\"},{\"@type\":\"ListItem\",\"position\":2,\"name\":\"Shop\",\"item\":\"https:\/\/www.elementvape.de\/shop\/\"},{\"@type\":\"ListItem\",\"position\":3,\"name\":\"META ULTRA PRO 8000 Einweg-Vape 8000 Z\u00fcge\"}]},{\"@type\":\"WebSite\",\"@id\":\"https:\/\/www.elementvape.de\/#website\",\"url\":\"https:\/\/www.elementvape.de\/\",\"name\":\"ElementVape.de\",\"description\":\"\",\"publisher\":{\"@id\":\"https:\/\/www.elementvape.de\/#organization\"},\"potentialAction\":[{\"@type\":\"SearchAction\",\"target\":{\"@type\":\"EntryPoint\",\"urlTemplate\":\"https:\/\/www.elementvape.de\/?s={search_term_string}\"},\"query-input\":\"required name=search_term_string\"}],\"inLanguage\":\"lt-LT\"},{\"@type\":\"Organization\",\"@id\":\"https:\/\/www.elementvape.de\/#organization\",\"name\":\"ElementVape.DE\",\"url\":\"https:\/\/www.elementvape.de\/\",\"logo\":{\"@type\":\"ImageObject\",\"inLanguage\":\"lt-LT\",\"@id\":\"https:\/\/www.elementvape.de\/#\/schema\/logo\/image\/\",\"url\":\"https:\/\/www.elementvape.de\/wp-content\/uploads\/2024\/09\/cropped-1elementvape-3.png\",\"contentUrl\":\"https:\/\/www.elementvape.de\/wp-content\/uploads\/2024\/09\/cropped-1elementvape-3.png\",\"width\":285,\"height\":228,\"caption\":\"ElementVape.DE\"},\"image\":{\"@id\":\"https:\/\/www.elementvape.de\/#\/schema\/logo\/image\/\"}}]}<\/script>\n<!-- \/ Yoast SEO plugin. -->","yoast_head_json":{"title":"META ULTRA PRO 8000 Einweg-Vape 8000 Z\u00fcge | ElementVape.de","description":"Wir bieten META ULTRA PRO 8000 Einweg-Vape 8000 Z\u00fcge , Elementvape.de akzeptieren Gro\u00df-und Einzelhandel Bestellungen.","robots":{"index":"index","follow":"follow","max-snippet":"max-snippet:-1","max-image-preview":"max-image-preview:large","max-video-preview":"max-video-preview:-1"},"canonical":"https:\/\/www.elementvape.de\/lt\/produkt\/meta-ultra-pro-8000-einweg-vape-8000-zuege\/","og_locale":"lt_LT","og_type":"article","og_title":"META ULTRA PRO 8000 Einweg-Vape 8000 Z\u00fcge | ElementVape.de","og_description":"Wir bieten META ULTRA PRO 8000 Einweg-Vape 8000 Z\u00fcge , Elementvape.de akzeptieren Gro\u00df-und Einzelhandel Bestellungen.","og_url":"https:\/\/www.elementvape.de\/lt\/produkt\/meta-ultra-pro-8000-einweg-vape-8000-zuege\/","og_site_name":"ElementVape.de","article_modified_time":"2024-09-12T10:36:35+00:00","og_image":[{"width":800,"height":800,"url":"https:\/\/www.elementvape.de\/wp-content\/uploads\/2024\/06\/META-ULTRA-PRO-8000-Puffs-16_1.jpg","type":"image\/jpeg"}],"twitter_card":"summary_large_image","twitter_misc":{"Est. reading time":"1 minut\u0117"},"schema":{"@context":"https:\/\/schema.org","@graph":[{"@type":"WebPage","@id":"https:\/\/www.elementvape.de\/produkt\/meta-ultra-pro-8000-einweg-vape-8000-zuege\/","url":"https:\/\/www.elementvape.de\/produkt\/meta-ultra-pro-8000-einweg-vape-8000-zuege\/","name":"META ULTRA PRO 8000 Einweg-Vape 8000 Z\u00fcge | ElementVape.de","isPartOf":{"@id":"https:\/\/www.elementvape.de\/#website"},"primaryImageOfPage":{"@id":"https:\/\/www.elementvape.de\/produkt\/meta-ultra-pro-8000-einweg-vape-8000-zuege\/#primaryimage"},"image":{"@id":"https:\/\/www.elementvape.de\/produkt\/meta-ultra-pro-8000-einweg-vape-8000-zuege\/#primaryimage"},"thumbnailUrl":"https:\/\/www.elementvape.de\/wp-content\/uploads\/2024\/06\/META-ULTRA-PRO-8000-Puffs-16_1.jpg","datePublished":"2024-06-03T06:22:17+00:00","dateModified":"2024-09-12T10:36:35+00:00","description":"Wir bieten META ULTRA PRO 8000 Einweg-Vape 8000 Z\u00fcge , Elementvape.de akzeptieren Gro\u00df-und Einzelhandel Bestellungen.","breadcrumb":{"@id":"https:\/\/www.elementvape.de\/produkt\/meta-ultra-pro-8000-einweg-vape-8000-zuege\/#breadcrumb"},"inLanguage":"lt-LT","potentialAction":[{"@type":"ReadAction","target":["https:\/\/www.elementvape.de\/produkt\/meta-ultra-pro-8000-einweg-vape-8000-zuege\/"]}]},{"@type":"ImageObject","inLanguage":"lt-LT","@id":"https:\/\/www.elementvape.de\/produkt\/meta-ultra-pro-8000-einweg-vape-8000-zuege\/#primaryimage","url":"https:\/\/www.elementvape.de\/wp-content\/uploads\/2024\/06\/META-ULTRA-PRO-8000-Puffs-16_1.jpg","contentUrl":"https:\/\/www.elementvape.de\/wp-content\/uploads\/2024\/06\/META-ULTRA-PRO-8000-Puffs-16_1.jpg","width":800,"height":800,"caption":"META-ULTRA-PRO-8000-Puffs-16_1"},{"@type":"BreadcrumbList","@id":"https:\/\/www.elementvape.de\/produkt\/meta-ultra-pro-8000-einweg-vape-8000-zuege\/#breadcrumb","itemListElement":[{"@type":"ListItem","position":1,"name":"Home","item":"https:\/\/www.elementvape.de\/"},{"@type":"ListItem","position":2,"name":"Shop","item":"https:\/\/www.elementvape.de\/shop\/"},{"@type":"ListItem","position":3,"name":"META ULTRA PRO 8000 Einweg-Vape 8000 Z\u00fcge"}]},{"@type":"WebSite","@id":"https:\/\/www.elementvape.de\/#website","url":"https:\/\/www.elementvape.de\/","name":"ElementVape.de","description":"","publisher":{"@id":"https:\/\/www.elementvape.de\/#organization"},"potentialAction":[{"@type":"SearchAction","target":{"@type":"EntryPoint","urlTemplate":"https:\/\/www.elementvape.de\/?s={search_term_string}"},"query-input":"required name=search_term_string"}],"inLanguage":"lt-LT"},{"@type":"Organization","@id":"https:\/\/www.elementvape.de\/#organization","name":"ElementVape.DE","url":"https:\/\/www.elementvape.de\/","logo":{"@type":"ImageObject","inLanguage":"lt-LT","@id":"https:\/\/www.elementvape.de\/#\/schema\/logo\/image\/","url":"https:\/\/www.elementvape.de\/wp-content\/uploads\/2024\/09\/cropped-1elementvape-3.png","contentUrl":"https:\/\/www.elementvape.de\/wp-content\/uploads\/2024\/09\/cropped-1elementvape-3.png","width":285,"height":228,"caption":"ElementVape.DE"},"image":{"@id":"https:\/\/www.elementvape.de\/#\/schema\/logo\/image\/"}}]}},"_links":{"self":[{"href":"https:\/\/www.elementvape.de\/lt\/wp-json\/wp\/v2\/product\/11413"}],"collection":[{"href":"https:\/\/www.elementvape.de\/lt\/wp-json\/wp\/v2\/product"}],"about":[{"href":"https:\/\/www.elementvape.de\/lt\/wp-json\/wp\/v2\/types\/product"}],"wp:featuredmedia":[{"embeddable":true,"href":"https:\/\/www.elementvape.de\/lt\/wp-json\/wp\/v2\/media\/11414"}],"wp:attachment":[{"href":"https:\/\/www.elementvape.de\/lt\/wp-json\/wp\/v2\/media?parent=11413"}],"wp:term":[{"taxonomy":"product_cat","embeddable":true,"href":"https:\/\/www.elementvape.de\/lt\/wp-json\/wp\/v2\/product_cat?post=11413"},{"taxonomy":"product_tag","embeddable":true,"href":"https:\/\/www.elementvape.de\/lt\/wp-json\/wp\/v2\/product_tag?post=11413"}],"curies":[{"name":"wp","href":"https:\/\/api.w.org\/{rel}","templated":true}]}}