{"id":11391,"date":"2024-06-03T05:44:58","date_gmt":"2024-06-03T05:44:58","guid":{"rendered":"https:\/\/www.elementvape.de\/?post_type=product&#038;p=11391"},"modified":"2024-09-12T10:36:35","modified_gmt":"2024-09-12T10:36:35","slug":"meta-ultra-max-10000-einweg-vape-10000-zuege","status":"publish","type":"product","link":"https:\/\/www.elementvape.de\/lt\/produkt\/meta-ultra-max-10000-einweg-vape-10000-zuege\/","title":{"rendered":"META ULTRA MAX 10000 vienkartinis Vape 10000 \u012fkv\u0117pim\u0173"},"content":{"rendered":"<p>Apra\u0161ymas:<br \/>\nPatirkite galutin\u0119 garinimo patirt\u012f su vienkartiniu Vape META ULTRA MAX 10000! \u0160is \u012frenginys turi i\u0161man\u0173 LED ekran\u0105 su realaus laiko skaitmeniniu rodymu, patobulintas tinklelio rit\u0117s optimizuotoms kv\u0117pavimo takams ir tyl\u0173 \u012fkv\u0117pim\u0105, taip pat pakartotinai naudojam\u0105, neslystan\u010di\u0105 ir sandari\u0105 konstrukcij\u0105 ilgalaikei veiklai. M\u0117gaukit\u0117s \u0161iuo revoliuciniu \u012frenginiu iki 10 000 \u012fkv\u0117pim\u0173 gryno garo malonumo.<br \/>\nMETA ULTRA MAX 10000 funkcija<br \/>\nRealaus laiko skaitmeninis rodymas, i\u0161manus LED ekranas<br \/>\nPatobulinta tinklelio rit\u0117, optimizuoti kv\u0117pavimo takai<br \/>\nNetrukdantis, tylus \u012fkv\u0117pimas<br \/>\nPakartotinai naudojama, sandari konstrukcija<br \/>\nMETA ULTRA MAX 10000 parametrai:<br \/>\nE-liquidas: 16,0 ml<br \/>\nBaterija: 500 mAh<br \/>\n\u012ekrovimas: Tipo C<br \/>\nNikotinas: 5 %<br \/>\n\u012ekv\u0117pim\u0173 skai\u010dius: 10 000 \u012fkv\u0117pim\u0173<\/p>\n<p>META ULTRA MAX 10000 skoni\u0173 \u012fvairov\u0117:<br \/>\n1. M\u0117lynas Razz Ledas<br \/>\n2. Mi\u0161ri\u0173 vaisi\u0173<br \/>\n3. Kivi\u0173-Passionfruit-Guava<br \/>\n4. Citrusin\u0117-Avie\u010di\u0173-G\u0117rimas<br \/>\n5. Bra\u0161k\u0117-Kiwi<br \/>\n6. \u0160vie\u017eia M\u0117t\u0173<br \/>\n7. Vynuogi\u0173 Ledas<br \/>\n8. Citrusin\u0117-Gin Tonic<br \/>\n9. Mango-Persikas-Melionas<br \/>\n10. Mango-Agurkas<br \/>\n11. Vy\u0161n\u0117-Banana<br \/>\n12. Meliono Ledas<br \/>\n13. Persikas-Citrina<br \/>\n14. Dviguba Citrina<\/p>\n<p>Pakuot\u0117s s\u0105ra\u0161as:<br \/>\n1 x Meta Ultra Max 10000 Vienkartinis Vape 10000 \u012fkv\u0117pim\u0173<\/p>","protected":false},"excerpt":{"rendered":"<p>Beschreibung: Erleben Sie das ultimative Dampferlebnis mit dem Einweg-Vape META ULTRA MAX 10000! Dieses Ger\u00e4t ist mit einem intelligenten LED-Bildschirm mit Echtzeit-Digitalanzeige, verbesserten Mesh-Spulen f\u00fcr optimierte Atemwege und leises Einatmen sowie einem wiederverwendbaren, auslaufsicheren Design f\u00fcr dauerhafte Leistung ausgestattet. Genie\u00dfen Sie mit diesem revolution\u00e4ren Ger\u00e4t bis zu 10.000 Z\u00fcge puren Dampfgenuss. META ULTRA MAX 10000-Funktion [&hellip;]<\/p>","protected":false},"featured_media":11392,"template":"","meta":{"inline_featured_image":false},"product_cat":[78,754,745,742,748,744,755,738,751],"product_tag":[672],"tiered_pricing_type":"fixed","tiered_pricing_fixed_rules":[],"tiered_pricing_percentage_rules":[],"tiered_pricing_minimum":1,"_administrator_tiered_pricing_type":"fixed","_administrator_tiered_pricing_fixed_rules":[],"_editor_tiered_pricing_type":"fixed","_editor_tiered_pricing_fixed_rules":[],"_author_tiered_pricing_type":"fixed","_author_tiered_pricing_fixed_rules":[],"_contributor_tiered_pricing_type":"fixed","_contributor_tiered_pricing_fixed_rules":[],"_subscriber_tiered_pricing_type":"fixed","_subscriber_tiered_pricing_fixed_rules":[],"_customer_tiered_pricing_type":"fixed","_customer_tiered_pricing_fixed_rules":[],"_shop_manager_tiered_pricing_type":"fixed","_shop_manager_tiered_pricing_fixed_rules":[],"_wpseo_manager_tiered_pricing_type":"fixed","_wpseo_manager_tiered_pricing_fixed_rules":[],"_wpseo_editor_tiered_pricing_type":"fixed","_wpseo_editor_tiered_pricing_fixed_rules":[],"_wholesale_customer_tiered_pricing_type":"fixed","_wholesale_customer_tiered_pricing_fixed_rules":[],"_marketer_tiered_pricing_type":"fixed","_marketer_tiered_pricing_fixed_rules":[],"_sales_manager_tiered_pricing_type":"fixed","_sales_manager_tiered_pricing_fixed_rules":[],"_sales_rep_tiered_pricing_type":"fixed","_sales_rep_tiered_pricing_fixed_rules":[],"yoast_head":"<!-- This site is optimized with the Yoast SEO plugin v23.3 - https:\/\/yoast.com\/wordpress\/plugins\/seo\/ -->\n<title>META ULTRA MAX 10000 Einweg-Vape 10000 Z\u00fcge | ElementVape.de<\/title>\n<meta name=\"description\" content=\"Wir bieten META ULTRA MAX 10000 Einweg-Vape 10000 Z\u00fcge , Elementvape.de akzeptieren Gro\u00df-und Einzelhandel Bestellungen.\" \/>\n<meta name=\"robots\" content=\"index, follow, max-snippet:-1, max-image-preview:large, max-video-preview:-1\" \/>\n<link rel=\"canonical\" href=\"https:\/\/www.elementvape.de\/lt\/produkt\/meta-ultra-max-10000-einweg-vape-10000-zuege\/\" \/>\n<meta property=\"og:locale\" content=\"lt_LT\" \/>\n<meta property=\"og:type\" content=\"article\" \/>\n<meta property=\"og:title\" content=\"META ULTRA MAX 10000 Einweg-Vape 10000 Z\u00fcge | ElementVape.de\" \/>\n<meta property=\"og:description\" content=\"Wir bieten META ULTRA MAX 10000 Einweg-Vape 10000 Z\u00fcge , Elementvape.de akzeptieren Gro\u00df-und Einzelhandel Bestellungen.\" \/>\n<meta property=\"og:url\" content=\"https:\/\/www.elementvape.de\/lt\/produkt\/meta-ultra-max-10000-einweg-vape-10000-zuege\/\" \/>\n<meta property=\"og:site_name\" content=\"ElementVape.de\" \/>\n<meta property=\"article:modified_time\" content=\"2024-09-12T10:36:35+00:00\" \/>\n<meta property=\"og:image\" content=\"https:\/\/www.elementvape.de\/wp-content\/uploads\/2024\/06\/META-ULTRA-MAX-10000-Disposable-Vape-10000-Puffs.jpg\" \/>\n\t<meta property=\"og:image:width\" content=\"800\" \/>\n\t<meta property=\"og:image:height\" content=\"800\" \/>\n\t<meta property=\"og:image:type\" content=\"image\/jpeg\" \/>\n<meta name=\"twitter:card\" content=\"summary_large_image\" \/>\n<meta name=\"twitter:label1\" content=\"Est. reading time\" \/>\n\t<meta name=\"twitter:data1\" content=\"1 minut\u0117\" \/>\n<script type=\"application\/ld+json\" class=\"yoast-schema-graph\">{\"@context\":\"https:\/\/schema.org\",\"@graph\":[{\"@type\":\"WebPage\",\"@id\":\"https:\/\/www.elementvape.de\/el\/produkt\/meta-ultra-max-10000-einweg-vape-10000-zuege\/\",\"url\":\"https:\/\/www.elementvape.de\/el\/produkt\/meta-ultra-max-10000-einweg-vape-10000-zuege\/\",\"name\":\"META ULTRA MAX 10000 Einweg-Vape 10000 Z\u00fcge | ElementVape.de\",\"isPartOf\":{\"@id\":\"https:\/\/www.elementvape.de\/#website\"},\"primaryImageOfPage\":{\"@id\":\"https:\/\/www.elementvape.de\/el\/produkt\/meta-ultra-max-10000-einweg-vape-10000-zuege\/#primaryimage\"},\"image\":{\"@id\":\"https:\/\/www.elementvape.de\/el\/produkt\/meta-ultra-max-10000-einweg-vape-10000-zuege\/#primaryimage\"},\"thumbnailUrl\":\"https:\/\/www.elementvape.de\/wp-content\/uploads\/2024\/06\/META-ULTRA-MAX-10000-Disposable-Vape-10000-Puffs.jpg\",\"datePublished\":\"2024-06-03T05:44:58+00:00\",\"dateModified\":\"2024-09-12T10:36:35+00:00\",\"description\":\"Wir bieten META ULTRA MAX 10000 Einweg-Vape 10000 Z\u00fcge , Elementvape.de akzeptieren Gro\u00df-und Einzelhandel Bestellungen.\",\"breadcrumb\":{\"@id\":\"https:\/\/www.elementvape.de\/el\/produkt\/meta-ultra-max-10000-einweg-vape-10000-zuege\/#breadcrumb\"},\"inLanguage\":\"lt-LT\",\"potentialAction\":[{\"@type\":\"ReadAction\",\"target\":[\"https:\/\/www.elementvape.de\/el\/produkt\/meta-ultra-max-10000-einweg-vape-10000-zuege\/\"]}]},{\"@type\":\"ImageObject\",\"inLanguage\":\"lt-LT\",\"@id\":\"https:\/\/www.elementvape.de\/el\/produkt\/meta-ultra-max-10000-einweg-vape-10000-zuege\/#primaryimage\",\"url\":\"https:\/\/www.elementvape.de\/wp-content\/uploads\/2024\/06\/META-ULTRA-MAX-10000-Disposable-Vape-10000-Puffs.jpg\",\"contentUrl\":\"https:\/\/www.elementvape.de\/wp-content\/uploads\/2024\/06\/META-ULTRA-MAX-10000-Disposable-Vape-10000-Puffs.jpg\",\"width\":800,\"height\":800,\"caption\":\"META-ULTRA-MAX-10000-Disposable-Vape-10000-Puffs\"},{\"@type\":\"BreadcrumbList\",\"@id\":\"https:\/\/www.elementvape.de\/el\/produkt\/meta-ultra-max-10000-einweg-vape-10000-zuege\/#breadcrumb\",\"itemListElement\":[{\"@type\":\"ListItem\",\"position\":1,\"name\":\"Home\",\"item\":\"https:\/\/www.elementvape.de\/\"},{\"@type\":\"ListItem\",\"position\":2,\"name\":\"Shop\",\"item\":\"https:\/\/www.elementvape.de\/shop\/\"},{\"@type\":\"ListItem\",\"position\":3,\"name\":\"META ULTRA MAX 10000 Einweg-Vape 10000 Z\u00fcge\"}]},{\"@type\":\"WebSite\",\"@id\":\"https:\/\/www.elementvape.de\/#website\",\"url\":\"https:\/\/www.elementvape.de\/\",\"name\":\"ElementVape.de\",\"description\":\"\",\"publisher\":{\"@id\":\"https:\/\/www.elementvape.de\/#organization\"},\"potentialAction\":[{\"@type\":\"SearchAction\",\"target\":{\"@type\":\"EntryPoint\",\"urlTemplate\":\"https:\/\/www.elementvape.de\/?s={search_term_string}\"},\"query-input\":\"required name=search_term_string\"}],\"inLanguage\":\"lt-LT\"},{\"@type\":\"Organization\",\"@id\":\"https:\/\/www.elementvape.de\/#organization\",\"name\":\"ElementVape.DE\",\"url\":\"https:\/\/www.elementvape.de\/\",\"logo\":{\"@type\":\"ImageObject\",\"inLanguage\":\"lt-LT\",\"@id\":\"https:\/\/www.elementvape.de\/#\/schema\/logo\/image\/\",\"url\":\"https:\/\/www.elementvape.de\/wp-content\/uploads\/2024\/09\/cropped-1elementvape-3.png\",\"contentUrl\":\"https:\/\/www.elementvape.de\/wp-content\/uploads\/2024\/09\/cropped-1elementvape-3.png\",\"width\":285,\"height\":228,\"caption\":\"ElementVape.DE\"},\"image\":{\"@id\":\"https:\/\/www.elementvape.de\/#\/schema\/logo\/image\/\"}}]}<\/script>\n<!-- \/ Yoast SEO plugin. -->","yoast_head_json":{"title":"META ULTRA MAX 10000 Einweg-Vape 10000 Z\u00fcge | ElementVape.de","description":"Wir bieten META ULTRA MAX 10000 Einweg-Vape 10000 Z\u00fcge , Elementvape.de akzeptieren Gro\u00df-und Einzelhandel Bestellungen.","robots":{"index":"index","follow":"follow","max-snippet":"max-snippet:-1","max-image-preview":"max-image-preview:large","max-video-preview":"max-video-preview:-1"},"canonical":"https:\/\/www.elementvape.de\/lt\/produkt\/meta-ultra-max-10000-einweg-vape-10000-zuege\/","og_locale":"lt_LT","og_type":"article","og_title":"META ULTRA MAX 10000 Einweg-Vape 10000 Z\u00fcge | ElementVape.de","og_description":"Wir bieten META ULTRA MAX 10000 Einweg-Vape 10000 Z\u00fcge , Elementvape.de akzeptieren Gro\u00df-und Einzelhandel Bestellungen.","og_url":"https:\/\/www.elementvape.de\/lt\/produkt\/meta-ultra-max-10000-einweg-vape-10000-zuege\/","og_site_name":"ElementVape.de","article_modified_time":"2024-09-12T10:36:35+00:00","og_image":[{"width":800,"height":800,"url":"https:\/\/www.elementvape.de\/wp-content\/uploads\/2024\/06\/META-ULTRA-MAX-10000-Disposable-Vape-10000-Puffs.jpg","type":"image\/jpeg"}],"twitter_card":"summary_large_image","twitter_misc":{"Est. reading time":"1 minut\u0117"},"schema":{"@context":"https:\/\/schema.org","@graph":[{"@type":"WebPage","@id":"https:\/\/www.elementvape.de\/el\/produkt\/meta-ultra-max-10000-einweg-vape-10000-zuege\/","url":"https:\/\/www.elementvape.de\/el\/produkt\/meta-ultra-max-10000-einweg-vape-10000-zuege\/","name":"META ULTRA MAX 10000 Einweg-Vape 10000 Z\u00fcge | ElementVape.de","isPartOf":{"@id":"https:\/\/www.elementvape.de\/#website"},"primaryImageOfPage":{"@id":"https:\/\/www.elementvape.de\/el\/produkt\/meta-ultra-max-10000-einweg-vape-10000-zuege\/#primaryimage"},"image":{"@id":"https:\/\/www.elementvape.de\/el\/produkt\/meta-ultra-max-10000-einweg-vape-10000-zuege\/#primaryimage"},"thumbnailUrl":"https:\/\/www.elementvape.de\/wp-content\/uploads\/2024\/06\/META-ULTRA-MAX-10000-Disposable-Vape-10000-Puffs.jpg","datePublished":"2024-06-03T05:44:58+00:00","dateModified":"2024-09-12T10:36:35+00:00","description":"Wir bieten META ULTRA MAX 10000 Einweg-Vape 10000 Z\u00fcge , Elementvape.de akzeptieren Gro\u00df-und Einzelhandel Bestellungen.","breadcrumb":{"@id":"https:\/\/www.elementvape.de\/el\/produkt\/meta-ultra-max-10000-einweg-vape-10000-zuege\/#breadcrumb"},"inLanguage":"lt-LT","potentialAction":[{"@type":"ReadAction","target":["https:\/\/www.elementvape.de\/el\/produkt\/meta-ultra-max-10000-einweg-vape-10000-zuege\/"]}]},{"@type":"ImageObject","inLanguage":"lt-LT","@id":"https:\/\/www.elementvape.de\/el\/produkt\/meta-ultra-max-10000-einweg-vape-10000-zuege\/#primaryimage","url":"https:\/\/www.elementvape.de\/wp-content\/uploads\/2024\/06\/META-ULTRA-MAX-10000-Disposable-Vape-10000-Puffs.jpg","contentUrl":"https:\/\/www.elementvape.de\/wp-content\/uploads\/2024\/06\/META-ULTRA-MAX-10000-Disposable-Vape-10000-Puffs.jpg","width":800,"height":800,"caption":"META-ULTRA-MAX-10000-Disposable-Vape-10000-Puffs"},{"@type":"BreadcrumbList","@id":"https:\/\/www.elementvape.de\/el\/produkt\/meta-ultra-max-10000-einweg-vape-10000-zuege\/#breadcrumb","itemListElement":[{"@type":"ListItem","position":1,"name":"Home","item":"https:\/\/www.elementvape.de\/"},{"@type":"ListItem","position":2,"name":"Shop","item":"https:\/\/www.elementvape.de\/shop\/"},{"@type":"ListItem","position":3,"name":"META ULTRA MAX 10000 Einweg-Vape 10000 Z\u00fcge"}]},{"@type":"WebSite","@id":"https:\/\/www.elementvape.de\/#website","url":"https:\/\/www.elementvape.de\/","name":"ElementVape.de","description":"","publisher":{"@id":"https:\/\/www.elementvape.de\/#organization"},"potentialAction":[{"@type":"SearchAction","target":{"@type":"EntryPoint","urlTemplate":"https:\/\/www.elementvape.de\/?s={search_term_string}"},"query-input":"required name=search_term_string"}],"inLanguage":"lt-LT"},{"@type":"Organization","@id":"https:\/\/www.elementvape.de\/#organization","name":"ElementVape.DE","url":"https:\/\/www.elementvape.de\/","logo":{"@type":"ImageObject","inLanguage":"lt-LT","@id":"https:\/\/www.elementvape.de\/#\/schema\/logo\/image\/","url":"https:\/\/www.elementvape.de\/wp-content\/uploads\/2024\/09\/cropped-1elementvape-3.png","contentUrl":"https:\/\/www.elementvape.de\/wp-content\/uploads\/2024\/09\/cropped-1elementvape-3.png","width":285,"height":228,"caption":"ElementVape.DE"},"image":{"@id":"https:\/\/www.elementvape.de\/#\/schema\/logo\/image\/"}}]}},"_links":{"self":[{"href":"https:\/\/www.elementvape.de\/lt\/wp-json\/wp\/v2\/product\/11391"}],"collection":[{"href":"https:\/\/www.elementvape.de\/lt\/wp-json\/wp\/v2\/product"}],"about":[{"href":"https:\/\/www.elementvape.de\/lt\/wp-json\/wp\/v2\/types\/product"}],"wp:featuredmedia":[{"embeddable":true,"href":"https:\/\/www.elementvape.de\/lt\/wp-json\/wp\/v2\/media\/11392"}],"wp:attachment":[{"href":"https:\/\/www.elementvape.de\/lt\/wp-json\/wp\/v2\/media?parent=11391"}],"wp:term":[{"taxonomy":"product_cat","embeddable":true,"href":"https:\/\/www.elementvape.de\/lt\/wp-json\/wp\/v2\/product_cat?post=11391"},{"taxonomy":"product_tag","embeddable":true,"href":"https:\/\/www.elementvape.de\/lt\/wp-json\/wp\/v2\/product_tag?post=11391"}],"curies":[{"name":"wp","href":"https:\/\/api.w.org\/{rel}","templated":true}]}}