{"id":11349,"date":"2024-05-31T09:10:37","date_gmt":"2024-05-31T09:10:37","guid":{"rendered":"https:\/\/www.elementvape.de\/?post_type=product&#038;p=11349"},"modified":"2024-09-12T10:36:36","modified_gmt":"2024-09-12T10:36:36","slug":"flerbar-podsystem-kit-kaufen","status":"publish","type":"product","link":"https:\/\/www.elementvape.de\/lt\/produkt\/flerbar-podsystem-kit-kaufen\/","title":{"rendered":"Flerbar Pod sistema Rinkinys Pirkti"},"content":{"rendered":"<h2>Flerbar Vape \u2013 Pod sistema:<\/h2>\n<p>Pagerinkite savo garinimo patirt\u012f su Flerbar Vape \u2013 Pod sistema. \u0160is stilingas ir efektyvus pagrindinis \u012frenginys tinka tiek pradedantiesiems, tiek patyrusiems garintojams, kurie vertina modern\u0173 dizain\u0105 ir auk\u0161t\u0105 funkcionalum\u0105.<\/p>\n<h3>I\u0161samiai:<\/h3>\n<p>Flerbar Vape Pod sistema i\u0161siskiria eleganti\u0161ku i\u0161vaizda, kuri atrodo tiek klasikin\u0117, tiek moderni. Ji turi galing\u0105 akumuliatori\u0173, kuris gali b\u016bti naudojamas ilg\u0105 laik\u0105 ir nereikalauja da\u017eno \u012fkrovimo. Prietaisas u\u017etikrina skland\u0173 veikim\u0105 ir suteikia geriausi\u0105 garinimo patirt\u012f.<\/p>\n<p>Vartotojo draugi\u0161kumas atsispindi kei\u010diamosiose poduose, kurie lengvai \u012fstatomi ir i\u0161imami, taip palengvindami prie\u017ei\u016br\u0105. Tai daro j\u0105 idealiu pasirinkimu garintojams, ie\u0161kantiems patikimo ir be r\u016bpes\u010di\u0173 sprendimo. Kompakti\u0161kas ir lengvas dizainas leid\u017eia \u012frengin\u012f ne\u0161iotis patogiai ir naudoti keliaujant.<\/p>\n<p>Kadangi jis yra paprastas naudoti ir nereikalauja sud\u0117tingos nustatymo, pod sistema generuoja tolyg\u0173 ir patenkinam\u0105 gar\u0105. Taip puikiai i\u0161ry\u0161k\u0117ja j\u016bs\u0173 m\u0117gstamo elektroninio skys\u010dio skonis.<\/p>\n<p>Pasirinkite Flerbar Vape \u2013 Pod sistema \u2013 Pagrindinis vienetas \u2013 Juoda, kad tur\u0117tum\u0117te stiling\u0105 ir galing\u0105 elektronin\u0117s cigaret\u0117s variant\u0105. Ji yra ideali kasdieniam naudojimui ir si\u016blo puik\u0173 gro\u017eio bei funkcionalumo balans\u0105, tod\u0117l puikiai tinka naudoti namuose, darbe ar keliaujant.<\/p>","protected":false},"excerpt":{"rendered":"<p>Flerbar Vape \u2013 Pod-System: Verbessern Sie Ihr Dampferlebnis mit dem Flerbar Vape &#8211; Pod System. Dieses stilvolle und effiziente Basisger\u00e4t eignet sich sowohl f\u00fcr Einsteiger als auch f\u00fcr erfahrene Dampfer, die Wert auf eine Kombination aus modernem Design und hoher Funktionalit\u00e4t legen. Detailliert: Das Flerbar Vape Pod System besticht durch sein elegantes Erscheinungsbild, das sowohl [&hellip;]<\/p>","protected":false},"featured_media":11350,"template":"","meta":{"inline_featured_image":false},"product_cat":[754,745,742,748,744,755,738,751,76],"product_tag":[679],"tiered_pricing_type":"fixed","tiered_pricing_fixed_rules":[],"tiered_pricing_percentage_rules":[],"tiered_pricing_minimum":1,"_administrator_tiered_pricing_type":"fixed","_administrator_tiered_pricing_fixed_rules":[],"_editor_tiered_pricing_type":"fixed","_editor_tiered_pricing_fixed_rules":[],"_author_tiered_pricing_type":"fixed","_author_tiered_pricing_fixed_rules":[],"_contributor_tiered_pricing_type":"fixed","_contributor_tiered_pricing_fixed_rules":[],"_subscriber_tiered_pricing_type":"fixed","_subscriber_tiered_pricing_fixed_rules":[],"_customer_tiered_pricing_type":"fixed","_customer_tiered_pricing_fixed_rules":[],"_shop_manager_tiered_pricing_type":"fixed","_shop_manager_tiered_pricing_fixed_rules":[],"_wpseo_manager_tiered_pricing_type":"fixed","_wpseo_manager_tiered_pricing_fixed_rules":[],"_wpseo_editor_tiered_pricing_type":"fixed","_wpseo_editor_tiered_pricing_fixed_rules":[],"_wholesale_customer_tiered_pricing_type":"fixed","_wholesale_customer_tiered_pricing_fixed_rules":[],"_marketer_tiered_pricing_type":"fixed","_marketer_tiered_pricing_fixed_rules":[],"_sales_manager_tiered_pricing_type":"fixed","_sales_manager_tiered_pricing_fixed_rules":[],"_sales_rep_tiered_pricing_type":"fixed","_sales_rep_tiered_pricing_fixed_rules":[],"yoast_head":"<!-- This site is optimized with the Yoast SEO plugin v23.3 - https:\/\/yoast.com\/wordpress\/plugins\/seo\/ -->\n<title>Flerbar Podsystem Kit Kaufen | ElementVape.de<\/title>\n<meta name=\"description\" content=\"Wir bieten Flerbar Podsystem Kit Kaufen , Elementvape.de akzeptieren Gro\u00df-und Einzelhandel Bestellungen.\" \/>\n<meta name=\"robots\" content=\"index, follow, max-snippet:-1, max-image-preview:large, max-video-preview:-1\" \/>\n<link rel=\"canonical\" href=\"https:\/\/www.elementvape.de\/lt\/produkt\/flerbar-podsystem-kit-kaufen\/\" \/>\n<meta property=\"og:locale\" content=\"lt_LT\" \/>\n<meta property=\"og:type\" content=\"article\" \/>\n<meta property=\"og:title\" content=\"Flerbar Podsystem Kit Kaufen | ElementVape.de\" \/>\n<meta property=\"og:description\" content=\"Wir bieten Flerbar Podsystem Kit Kaufen , Elementvape.de akzeptieren Gro\u00df-und Einzelhandel Bestellungen.\" \/>\n<meta property=\"og:url\" content=\"https:\/\/www.elementvape.de\/lt\/produkt\/flerbar-podsystem-kit-kaufen\/\" \/>\n<meta property=\"og:site_name\" content=\"ElementVape.de\" \/>\n<meta property=\"article:modified_time\" content=\"2024-09-12T10:36:36+00:00\" \/>\n<meta property=\"og:image\" content=\"https:\/\/www.elementvape.de\/wp-content\/uploads\/2024\/05\/flerbar-pod-system-basis-gereat-pod-rot.webp\" \/>\n\t<meta property=\"og:image:width\" content=\"1100\" \/>\n\t<meta property=\"og:image:height\" content=\"1100\" \/>\n\t<meta property=\"og:image:type\" content=\"image\/webp\" \/>\n<meta name=\"twitter:card\" content=\"summary_large_image\" \/>\n<meta name=\"twitter:label1\" content=\"Est. reading time\" \/>\n\t<meta name=\"twitter:data1\" content=\"2 minut\u0117s\" \/>\n<script type=\"application\/ld+json\" class=\"yoast-schema-graph\">{\"@context\":\"https:\/\/schema.org\",\"@graph\":[{\"@type\":\"WebPage\",\"@id\":\"https:\/\/www.elementvape.de\/produkt\/flerbar-podsystem-kit-kaufen\/\",\"url\":\"https:\/\/www.elementvape.de\/produkt\/flerbar-podsystem-kit-kaufen\/\",\"name\":\"Flerbar Podsystem Kit Kaufen | ElementVape.de\",\"isPartOf\":{\"@id\":\"https:\/\/www.elementvape.de\/#website\"},\"primaryImageOfPage\":{\"@id\":\"https:\/\/www.elementvape.de\/produkt\/flerbar-podsystem-kit-kaufen\/#primaryimage\"},\"image\":{\"@id\":\"https:\/\/www.elementvape.de\/produkt\/flerbar-podsystem-kit-kaufen\/#primaryimage\"},\"thumbnailUrl\":\"https:\/\/www.elementvape.de\/wp-content\/uploads\/2024\/05\/flerbar-pod-system-basis-gereat-pod-rot.webp\",\"datePublished\":\"2024-05-31T09:10:37+00:00\",\"dateModified\":\"2024-09-12T10:36:36+00:00\",\"description\":\"Wir bieten Flerbar Podsystem Kit Kaufen , Elementvape.de akzeptieren Gro\u00df-und Einzelhandel Bestellungen.\",\"breadcrumb\":{\"@id\":\"https:\/\/www.elementvape.de\/produkt\/flerbar-podsystem-kit-kaufen\/#breadcrumb\"},\"inLanguage\":\"lt-LT\",\"potentialAction\":[{\"@type\":\"ReadAction\",\"target\":[\"https:\/\/www.elementvape.de\/produkt\/flerbar-podsystem-kit-kaufen\/\"]}]},{\"@type\":\"ImageObject\",\"inLanguage\":\"lt-LT\",\"@id\":\"https:\/\/www.elementvape.de\/produkt\/flerbar-podsystem-kit-kaufen\/#primaryimage\",\"url\":\"https:\/\/www.elementvape.de\/wp-content\/uploads\/2024\/05\/flerbar-pod-system-basis-gereat-pod-rot.webp\",\"contentUrl\":\"https:\/\/www.elementvape.de\/wp-content\/uploads\/2024\/05\/flerbar-pod-system-basis-gereat-pod-rot.webp\",\"width\":1100,\"height\":1100,\"caption\":\"flerbar-pod-system-basis-gereat-pod-rot\"},{\"@type\":\"BreadcrumbList\",\"@id\":\"https:\/\/www.elementvape.de\/produkt\/flerbar-podsystem-kit-kaufen\/#breadcrumb\",\"itemListElement\":[{\"@type\":\"ListItem\",\"position\":1,\"name\":\"Home\",\"item\":\"https:\/\/www.elementvape.de\/\"},{\"@type\":\"ListItem\",\"position\":2,\"name\":\"Shop\",\"item\":\"https:\/\/www.elementvape.de\/shop\/\"},{\"@type\":\"ListItem\",\"position\":3,\"name\":\"Flerbar Podsystem Kit Kaufen\"}]},{\"@type\":\"WebSite\",\"@id\":\"https:\/\/www.elementvape.de\/#website\",\"url\":\"https:\/\/www.elementvape.de\/\",\"name\":\"ElementVape.de\",\"description\":\"\",\"publisher\":{\"@id\":\"https:\/\/www.elementvape.de\/#organization\"},\"potentialAction\":[{\"@type\":\"SearchAction\",\"target\":{\"@type\":\"EntryPoint\",\"urlTemplate\":\"https:\/\/www.elementvape.de\/?s={search_term_string}\"},\"query-input\":\"required name=search_term_string\"}],\"inLanguage\":\"lt-LT\"},{\"@type\":\"Organization\",\"@id\":\"https:\/\/www.elementvape.de\/#organization\",\"name\":\"ElementVape.DE\",\"url\":\"https:\/\/www.elementvape.de\/\",\"logo\":{\"@type\":\"ImageObject\",\"inLanguage\":\"lt-LT\",\"@id\":\"https:\/\/www.elementvape.de\/#\/schema\/logo\/image\/\",\"url\":\"https:\/\/www.elementvape.de\/wp-content\/uploads\/2024\/09\/cropped-1elementvape-3.png\",\"contentUrl\":\"https:\/\/www.elementvape.de\/wp-content\/uploads\/2024\/09\/cropped-1elementvape-3.png\",\"width\":285,\"height\":228,\"caption\":\"ElementVape.DE\"},\"image\":{\"@id\":\"https:\/\/www.elementvape.de\/#\/schema\/logo\/image\/\"}}]}<\/script>\n<!-- \/ Yoast SEO plugin. -->","yoast_head_json":{"title":"Flerbar Podsystem Kit Kaufen | ElementVape.de","description":"Wir bieten Flerbar Podsystem Kit Kaufen , Elementvape.de akzeptieren Gro\u00df-und Einzelhandel Bestellungen.","robots":{"index":"index","follow":"follow","max-snippet":"max-snippet:-1","max-image-preview":"max-image-preview:large","max-video-preview":"max-video-preview:-1"},"canonical":"https:\/\/www.elementvape.de\/lt\/produkt\/flerbar-podsystem-kit-kaufen\/","og_locale":"lt_LT","og_type":"article","og_title":"Flerbar Podsystem Kit Kaufen | ElementVape.de","og_description":"Wir bieten Flerbar Podsystem Kit Kaufen , Elementvape.de akzeptieren Gro\u00df-und Einzelhandel Bestellungen.","og_url":"https:\/\/www.elementvape.de\/lt\/produkt\/flerbar-podsystem-kit-kaufen\/","og_site_name":"ElementVape.de","article_modified_time":"2024-09-12T10:36:36+00:00","og_image":[{"width":1100,"height":1100,"url":"https:\/\/www.elementvape.de\/wp-content\/uploads\/2024\/05\/flerbar-pod-system-basis-gereat-pod-rot.webp","type":"image\/webp"}],"twitter_card":"summary_large_image","twitter_misc":{"Est. reading time":"2 minut\u0117s"},"schema":{"@context":"https:\/\/schema.org","@graph":[{"@type":"WebPage","@id":"https:\/\/www.elementvape.de\/produkt\/flerbar-podsystem-kit-kaufen\/","url":"https:\/\/www.elementvape.de\/produkt\/flerbar-podsystem-kit-kaufen\/","name":"Flerbar Podsystem Kit Kaufen | ElementVape.de","isPartOf":{"@id":"https:\/\/www.elementvape.de\/#website"},"primaryImageOfPage":{"@id":"https:\/\/www.elementvape.de\/produkt\/flerbar-podsystem-kit-kaufen\/#primaryimage"},"image":{"@id":"https:\/\/www.elementvape.de\/produkt\/flerbar-podsystem-kit-kaufen\/#primaryimage"},"thumbnailUrl":"https:\/\/www.elementvape.de\/wp-content\/uploads\/2024\/05\/flerbar-pod-system-basis-gereat-pod-rot.webp","datePublished":"2024-05-31T09:10:37+00:00","dateModified":"2024-09-12T10:36:36+00:00","description":"Wir bieten Flerbar Podsystem Kit Kaufen , Elementvape.de akzeptieren Gro\u00df-und Einzelhandel Bestellungen.","breadcrumb":{"@id":"https:\/\/www.elementvape.de\/produkt\/flerbar-podsystem-kit-kaufen\/#breadcrumb"},"inLanguage":"lt-LT","potentialAction":[{"@type":"ReadAction","target":["https:\/\/www.elementvape.de\/produkt\/flerbar-podsystem-kit-kaufen\/"]}]},{"@type":"ImageObject","inLanguage":"lt-LT","@id":"https:\/\/www.elementvape.de\/produkt\/flerbar-podsystem-kit-kaufen\/#primaryimage","url":"https:\/\/www.elementvape.de\/wp-content\/uploads\/2024\/05\/flerbar-pod-system-basis-gereat-pod-rot.webp","contentUrl":"https:\/\/www.elementvape.de\/wp-content\/uploads\/2024\/05\/flerbar-pod-system-basis-gereat-pod-rot.webp","width":1100,"height":1100,"caption":"flerbar-pod-system-basis-gereat-pod-rot"},{"@type":"BreadcrumbList","@id":"https:\/\/www.elementvape.de\/produkt\/flerbar-podsystem-kit-kaufen\/#breadcrumb","itemListElement":[{"@type":"ListItem","position":1,"name":"Home","item":"https:\/\/www.elementvape.de\/"},{"@type":"ListItem","position":2,"name":"Shop","item":"https:\/\/www.elementvape.de\/shop\/"},{"@type":"ListItem","position":3,"name":"Flerbar Podsystem Kit Kaufen"}]},{"@type":"WebSite","@id":"https:\/\/www.elementvape.de\/#website","url":"https:\/\/www.elementvape.de\/","name":"ElementVape.de","description":"","publisher":{"@id":"https:\/\/www.elementvape.de\/#organization"},"potentialAction":[{"@type":"SearchAction","target":{"@type":"EntryPoint","urlTemplate":"https:\/\/www.elementvape.de\/?s={search_term_string}"},"query-input":"required name=search_term_string"}],"inLanguage":"lt-LT"},{"@type":"Organization","@id":"https:\/\/www.elementvape.de\/#organization","name":"ElementVape.DE","url":"https:\/\/www.elementvape.de\/","logo":{"@type":"ImageObject","inLanguage":"lt-LT","@id":"https:\/\/www.elementvape.de\/#\/schema\/logo\/image\/","url":"https:\/\/www.elementvape.de\/wp-content\/uploads\/2024\/09\/cropped-1elementvape-3.png","contentUrl":"https:\/\/www.elementvape.de\/wp-content\/uploads\/2024\/09\/cropped-1elementvape-3.png","width":285,"height":228,"caption":"ElementVape.DE"},"image":{"@id":"https:\/\/www.elementvape.de\/#\/schema\/logo\/image\/"}}]}},"_links":{"self":[{"href":"https:\/\/www.elementvape.de\/lt\/wp-json\/wp\/v2\/product\/11349"}],"collection":[{"href":"https:\/\/www.elementvape.de\/lt\/wp-json\/wp\/v2\/product"}],"about":[{"href":"https:\/\/www.elementvape.de\/lt\/wp-json\/wp\/v2\/types\/product"}],"wp:featuredmedia":[{"embeddable":true,"href":"https:\/\/www.elementvape.de\/lt\/wp-json\/wp\/v2\/media\/11350"}],"wp:attachment":[{"href":"https:\/\/www.elementvape.de\/lt\/wp-json\/wp\/v2\/media?parent=11349"}],"wp:term":[{"taxonomy":"product_cat","embeddable":true,"href":"https:\/\/www.elementvape.de\/lt\/wp-json\/wp\/v2\/product_cat?post=11349"},{"taxonomy":"product_tag","embeddable":true,"href":"https:\/\/www.elementvape.de\/lt\/wp-json\/wp\/v2\/product_tag?post=11349"}],"curies":[{"name":"wp","href":"https:\/\/api.w.org\/{rel}","templated":true}]}}